{"id":812,"date":"2023-12-03T14:23:18","date_gmt":"2023-12-03T14:23:18","guid":{"rendered":"https:\/\/tropicalwingsbirds.shop\/?post_type=product&#038;p=812"},"modified":"2023-12-03T14:33:09","modified_gmt":"2023-12-03T14:33:09","slug":"tucan-de-cuviers-en-venta","status":"publish","type":"product","link":"https:\/\/tropicalwingsbirds.shop\/es_pr\/comercio\/tucan-de-cuviers-en-venta\/","title":{"rendered":"Tuc\u00e1n de Cuvier en venta"},"content":{"rendered":"<h1>Tuc\u00e1n de Cuvier en venta<\/h1>\n<p>Tuc\u00e1n de Cuvier en venta, El\u00a0<b>tuc\u00e1n de garganta blanca<\/b>\u00a0(<i>Ramphastos tucanus<\/i>) es un\u00a0<a class=\"mw-redirect\" title=\"Casi paseriformes\" href=\"https:\/\/en.wikipedia.org\/wiki\/Near-passerine\">casi paseriformes<\/a>\u00a0<a title=\"P\u00e1jaro\" href=\"https:\/\/en.wikipedia.org\/wiki\/Bird\">p\u00e1jaro<\/a>\u00a0en la familia\u00a0<a class=\"mw-redirect\" title=\"Ramphastidae\" href=\"https:\/\/en.wikipedia.org\/wiki\/Ramphastidae\">Ramphastidae<\/a>\u00a0Se encuentra en Am\u00e9rica del Sur en todo el\u00a0<a class=\"mw-redirect\" title=\"Cuenca del Amazonas\" href=\"https:\/\/en.wikipedia.org\/wiki\/Amazon_Basin\">Cuenca del Amazonas<\/a>\u00a0incluyendo el adyacente\u00a0<a title=\"R\u00edo Tocantins\" href=\"https:\/\/en.wikipedia.org\/wiki\/Tocantins_River\">Tocantins<\/a>\u00a0y\u00a0<a title=\"R\u00edo Araguaia\" href=\"https:\/\/en.wikipedia.org\/wiki\/Araguaia_River\">R\u00edo Araguaia<\/a>\u00a0drenaje. Prefiere\u00a0<a class=\"mw-redirect\" title=\"Tropical\" href=\"https:\/\/en.wikipedia.org\/wiki\/Tropical\">tropical<\/a>\u00a0bosque h\u00famedo, pero tambi\u00e9n se encuentra en bosques y localmente en bosques ribere\u00f1os.\u00a0<a title=\"Cerrado\" href=\"https:\/\/en.wikipedia.org\/wiki\/Cerrado\">cerrado<\/a>Esta ave se puede encontrar en\u00a0<a title=\"Bolivia\" href=\"https:\/\/en.wikipedia.org\/wiki\/Bolivia\">Bolivia<\/a>\u00a0en el\u00a0<a class=\"new\" title=\"Departamento de Beni (p\u00e1gina no existe)\" href=\"https:\/\/en.wikipedia.org\/w\/index.php?title=Beni_Departement&amp;action=edit&amp;redlink=1\">Departamento de Beni<\/a>, en particular en la ciudad de\u00a0<a title=\"Riberalta\" href=\"https:\/\/en.wikipedia.org\/wiki\/Riberalta\">Riberalta<\/a>\u00a0y en las cercan\u00edas\u00a0<a title=\"Reserva Aquicuana\" href=\"https:\/\/en.wikipedia.org\/wiki\/Aquicuana_Reserve\">Reserva Aquicuana<\/a>.<\/p>\n<h2>Cuidado del tuc\u00e1n<\/h2>\n<p>Si le interesa adquirir un tuc\u00e1n como mascota, le recomendamos informarse bien antes de comprarlo. Los tucanes son animales ex\u00f3ticos que requieren atenci\u00f3n especial en cuanto a su alimentaci\u00f3n, h\u00e1bitat y compatibilidad con otros animales. Consulte esta p\u00e1gina para familiarizarse con los tucanes y saber qu\u00e9 se necesita para tener \u00e9xito como due\u00f1o.<\/p>\n<h3 class=\"fw-special-title h2\"><small>Tuc\u00e1n<\/small>\u00a0\u00bfLlevarse bien?<\/h3>\n<p><strong>S\u00ed<\/strong>Dependiendo de las circunstancias, existen varios lugares que se pueden visitar, donde se pueden observar varias especies de tucanes interactuando con otras especies de aves en aviarios de vuelo libre. Entre estas instalaciones destacan el Parque Matsue Vogel en Jap\u00f3n y el Acuario Mundial de Dallas en Dallas, Texas.<\/p>\n<p>El due\u00f1o promedio de un tuc\u00e1n probablemente tenga solo un tuc\u00e1n y quiz\u00e1s un par de otras aves como mascotas en casa. Si todas las aves en el hogar son...\u00a0<strong>ala cortada<\/strong>\u00a0y no pueden volar, entonces no es posible que los p\u00e1jaros interactivos vuelen libremente.<\/p>\n<p>Sin embargo, los tucanes pueden convivir con otras aves si reciben un entrenamiento adecuado, y este entrenamiento se logra mejor con aves j\u00f3venes. Los tucanes se posan pac\u00edficamente junto a otras aves en perchas y jaulas adyacentes. En ocasiones, pueden surgir peque\u00f1os conflictos, pero el entrenamiento los resolver\u00e1. Los loros grandes, como los guacamayos, son potencialmente peligrosos para otras aves si se acercan, as\u00ed que si los tucanes se mezclan con guacamayos, aseg\u00farese de que estos no intenten morderlos. La mordedura de un guacamayo puede amputar r\u00e1pidamente los dedos y las patas de otras aves, adem\u00e1s de da\u00f1arles el pico.<\/p>\n<p>Siempre que se mezcla <a href=\"https:\/\/birdmanspetsource.com\/product-category\/cockatoo-parrots\/\">p\u00e1jaros<\/a> Ya sea que se trate de tucanes con tucanes, tucanes con loros o loros con loros, planifique siempre dedicar un tiempo considerable a observar a las aves a distancia para asegurarse de que no se produzcan agresiones. Si se producen, es posible eliminarlas con entrenamiento. Todo es posible con paciencia y perseverancia.<\/p>\n<p>Tuc\u00e1n pico de quilla, tuc\u00e1n en venta en Illinois, tuc\u00e1n miniatura, cuidado del tuc\u00e1n pico de quilla, tucanes de pico rojo en venta, tuc\u00e1n pico de quilla como mascota, huevos de tuc\u00e1n en venta, pico de tuc\u00e1n en venta, tuc\u00e1n pico de quilla, tuc\u00e1n pico de quilla como mascota, tuc\u00e1n pico de quilla, datos sobre el tuc\u00e1n pico de quilla, tucanes en venta en California, tucanes peque\u00f1os en venta, tuc\u00e1n en venta en Florida, tuc\u00e1n pico de quilla en venta, tuc\u00e1n pico arco\u00edris, tuc\u00e1n pico de quilla como ave, datos sobre el tuc\u00e1n pico de quilla, tuc\u00e1n pico rojo, tuc\u00e1n pico de quilla como mascota, tuc\u00e1n pico verde, patas de tuc\u00e1n, tuc\u00e1n beb\u00e9 en venta en Florida, tuc\u00e1n en venta en Illinois, aracar\u00ed en venta, tuc\u00e1n en venta en California, tuc\u00e1n para Venta en NJ, tucanes en venta en Georgia, tucanes como mascotas, tuc\u00e1n de la selva amaz\u00f3nica, tuc\u00e1n de pico acanalado, tuc\u00e1n de la selva tropical, informaci\u00f3n sobre tucanes para ni\u00f1os, tuc\u00e1n de pico corto, aves de la selva tropical, cr\u00edas de tuc\u00e1n, informaci\u00f3n sobre tucanes, aves tucanes, aves ex\u00f3ticas en venta, tuc\u00e1n esmeralda, tucanes peque\u00f1os en venta, tucanes baratos en venta, tuc\u00e1n toco en venta, tuc\u00e1n de pico corto en venta, tucanes baratos en venta<\/p>","protected":false},"excerpt":{"rendered":"<p>Longitud: 12\u201315 cm<br \/> Peso: 500-876 g<br \/> Con banda: S\u00ed<br \/> Sexo por ADN: Machos<\/p>","protected":false},"featured_media":936,"comment_status":"closed","ping_status":"closed","template":"","meta":{"site-sidebar-layout":"default","site-content-layout":"","ast-site-content-layout":"default","site-content-style":"default","site-sidebar-style":"default","ast-global-header-display":"","ast-banner-title-visibility":"","ast-main-header-display":"","ast-hfb-above-header-display":"","ast-hfb-below-header-display":"","ast-hfb-mobile-header-display":"","site-post-title":"","ast-breadcrumbs-content":"","ast-featured-img":"","footer-sml-layout":"","theme-transparent-header-meta":"","adv-header-id-meta":"","stick-header-meta":"","header-above-stick-meta":"","header-main-stick-meta":"","header-below-stick-meta":"","astra-migrate-meta-layouts":"default","ast-page-background-enabled":"default","ast-page-background-meta":{"desktop":{"background-color":"var(--ast-global-color-4)","background-image":"","background-repeat":"repeat","background-position":"center center","background-size":"auto","background-attachment":"scroll","background-type":"","background-media":"","overlay-type":"","overlay-color":"","overlay-opacity":"","overlay-gradient":""},"tablet":{"background-color":"","background-image":"","background-repeat":"repeat","background-position":"center center","background-size":"auto","background-attachment":"scroll","background-type":"","background-media":"","overlay-type":"","overlay-color":"","overlay-opacity":"","overlay-gradient":""},"mobile":{"background-color":"","background-image":"","background-repeat":"repeat","background-position":"center center","background-size":"auto","background-attachment":"scroll","background-type":"","background-media":"","overlay-type":"","overlay-color":"","overlay-opacity":"","overlay-gradient":""}},"ast-content-background-meta":{"desktop":{"background-color":"var(--ast-global-color-5)","background-image":"","background-repeat":"repeat","background-position":"center center","background-size":"auto","background-attachment":"scroll","background-type":"","background-media":"","overlay-type":"","overlay-color":"","overlay-opacity":"","overlay-gradient":""},"tablet":{"background-color":"var(--ast-global-color-5)","background-image":"","background-repeat":"repeat","background-position":"center center","background-size":"auto","background-attachment":"scroll","background-type":"","background-media":"","overlay-type":"","overlay-color":"","overlay-opacity":"","overlay-gradient":""},"mobile":{"background-color":"var(--ast-global-color-5)","background-image":"","background-repeat":"repeat","background-position":"center center","background-size":"auto","background-attachment":"scroll","background-type":"","background-media":"","overlay-type":"","overlay-color":"","overlay-opacity":"","overlay-gradient":""}}},"product_brand":[],"product_cat":[442],"product_tag":[443],"class_list":{"0":"post-812","1":"product","2":"type-product","3":"status-publish","4":"has-post-thumbnail","6":"product_cat-toucans","7":"product_tag-banded","8":"desktop-align-left","9":"tablet-align-left","10":"mobile-align-left","11":"ast-product-gallery-layout-horizontal-slider","12":"ast-product-tabs-layout-horizontal","13":"ast-qv-on-image","15":"first","16":"instock","17":"shipping-taxable","18":"product-type-simple"},"yoast_head":"<!-- This site is optimized with the Yoast SEO Premium plugin v23.2 (Yoast SEO v26.8) - https:\/\/yoast.com\/product\/yoast-seo-premium-wordpress\/ -->\n<title>Cuvier&#8217;s Toucan For Sale - Tropical Wings Birds<\/title>\n<meta name=\"robots\" content=\"index, follow, max-snippet:-1, max-image-preview:large, max-video-preview:-1\" \/>\n<link rel=\"canonical\" href=\"https:\/\/tropicalwingsbirds.shop\/es_pr\/comercio\/tucan-de-cuviers-en-venta\/\" \/>\n<meta property=\"og:locale\" content=\"es_ES\" \/>\n<meta property=\"og:type\" content=\"article\" \/>\n<meta property=\"og:title\" content=\"Cuvier&#8217;s Toucan For Sale\" \/>\n<meta property=\"og:description\" content=\"Length: 12\u201315 cm Weight: 500-876 g Banded: Yes DNA Sex: Males\" \/>\n<meta property=\"og:url\" content=\"https:\/\/tropicalwingsbirds.shop\/es_pr\/comercio\/tucan-de-cuviers-en-venta\/\" \/>\n<meta property=\"og:site_name\" content=\"Tropical Wings Birds\" \/>\n<meta property=\"article:publisher\" content=\"https:\/\/web.facebook.com\/profile.php?id=61551502767851&amp;mibextid=2JQ9oc&amp;_rdc=1&amp;_rdr\" \/>\n<meta property=\"article:modified_time\" content=\"2023-12-03T14:33:09+00:00\" \/>\n<meta property=\"og:image\" content=\"https:\/\/tropicalwingsbirds.shop\/wp-content\/uploads\/2023\/12\/F1899602_77992763206_5711442_o.jpg\" \/>\n\t<meta property=\"og:image:width\" content=\"543\" \/>\n\t<meta property=\"og:image:height\" content=\"960\" \/>\n\t<meta property=\"og:image:type\" content=\"image\/jpeg\" \/>\n<meta name=\"twitter:card\" content=\"summary_large_image\" \/>\n<meta name=\"twitter:label1\" content=\"Price\" \/>\n\t<meta name=\"twitter:data1\" content=\"\" \/>\n\t<meta name=\"twitter:label2\" content=\"Availability\" \/>\n\t<meta name=\"twitter:data2\" content=\"In stock\" \/>\n<script type=\"application\/ld+json\" class=\"yoast-schema-graph\">{\"@context\":\"https:\/\/schema.org\",\"@graph\":[{\"@type\":\"WebPage\",\"@id\":\"https:\/\/tropicalwingsbirds.shop\/shop\/cuviers-toucan-for-sale\/\",\"url\":\"https:\/\/tropicalwingsbirds.shop\/shop\/cuviers-toucan-for-sale\/\",\"name\":\"Cuvier&#8217;s Toucan For Sale - Tropical Wings Birds\",\"isPartOf\":{\"@id\":\"https:\/\/tropicalwingsbirds.shop\/#website\"},\"primaryImageOfPage\":{\"@id\":\"https:\/\/tropicalwingsbirds.shop\/shop\/cuviers-toucan-for-sale\/#primaryimage\"},\"image\":{\"@id\":\"https:\/\/tropicalwingsbirds.shop\/shop\/cuviers-toucan-for-sale\/#primaryimage\"},\"thumbnailUrl\":\"https:\/\/tropicalwingsbirds.shop\/wp-content\/uploads\/2023\/12\/F1899602_77992763206_5711442_o.jpg\",\"datePublished\":\"2023-12-03T14:23:18+00:00\",\"dateModified\":\"2023-12-03T14:33:09+00:00\",\"breadcrumb\":{\"@id\":\"https:\/\/tropicalwingsbirds.shop\/shop\/cuviers-toucan-for-sale\/#breadcrumb\"},\"inLanguage\":\"es\",\"potentialAction\":[{\"@type\":\"ReadAction\",\"target\":[\"https:\/\/tropicalwingsbirds.shop\/shop\/cuviers-toucan-for-sale\/\"]}]},{\"@type\":\"ImageObject\",\"inLanguage\":\"es\",\"@id\":\"https:\/\/tropicalwingsbirds.shop\/shop\/cuviers-toucan-for-sale\/#primaryimage\",\"url\":\"https:\/\/tropicalwingsbirds.shop\/wp-content\/uploads\/2023\/12\/F1899602_77992763206_5711442_o.jpg\",\"contentUrl\":\"https:\/\/tropicalwingsbirds.shop\/wp-content\/uploads\/2023\/12\/F1899602_77992763206_5711442_o.jpg\",\"width\":543,\"height\":960},{\"@type\":\"BreadcrumbList\",\"@id\":\"https:\/\/tropicalwingsbirds.shop\/shop\/cuviers-toucan-for-sale\/#breadcrumb\",\"itemListElement\":[{\"@type\":\"ListItem\",\"position\":1,\"name\":\"Home\",\"item\":\"https:\/\/tropicalwingsbirds.shop\/\"},{\"@type\":\"ListItem\",\"position\":2,\"name\":\"Shop\",\"item\":\"https:\/\/tropicalwingsbirds.shop\/shop\/\"},{\"@type\":\"ListItem\",\"position\":3,\"name\":\"Cuvier&#8217;s Toucan For Sale\"}]},{\"@type\":\"WebSite\",\"@id\":\"https:\/\/tropicalwingsbirds.shop\/#website\",\"url\":\"https:\/\/tropicalwingsbirds.shop\/\",\"name\":\"Tropical Wings Birds\",\"description\":\"Best Exotic birds breeders online\",\"publisher\":{\"@id\":\"https:\/\/tropicalwingsbirds.shop\/#organization\"},\"potentialAction\":[{\"@type\":\"SearchAction\",\"target\":{\"@type\":\"EntryPoint\",\"urlTemplate\":\"https:\/\/tropicalwingsbirds.shop\/?s={search_term_string}\"},\"query-input\":{\"@type\":\"PropertyValueSpecification\",\"valueRequired\":true,\"valueName\":\"search_term_string\"}}],\"inLanguage\":\"es\"},{\"@type\":[\"Organization\",\"Place\",\"PetStore\"],\"@id\":\"https:\/\/tropicalwingsbirds.shop\/#organization\",\"name\":\"Tropical Wings Birds Shop\",\"alternateName\":\"TPWB\",\"url\":\"https:\/\/tropicalwingsbirds.shop\/\",\"logo\":{\"@id\":\"https:\/\/tropicalwingsbirds.shop\/shop\/cuviers-toucan-for-sale\/#local-main-organization-logo\"},\"image\":{\"@id\":\"https:\/\/tropicalwingsbirds.shop\/shop\/cuviers-toucan-for-sale\/#local-main-organization-logo\"},\"sameAs\":[\"https:\/\/web.facebook.com\/profile.php?id=61551502767851&mibextid=2JQ9oc&_rdc=1&_rdr\"],\"description\":\"Tropical Wings Birds is your destination for exotic avian companionship. Our boutique aviary in United States offers a curated selection of vibrant tropical birds sourced from reputable breeders worldwide. With a focus on welfare and expertise, our dedicated team is here to guide you on your journey to finding the perfect feathered friend. Visit us today and experience the magic of avian companionship at Tropical Wings Birds.\",\"legalName\":\"Tropical Wings Birds\",\"foundingDate\":\"2019-02-14\",\"numberOfEmployees\":{\"@type\":\"QuantitativeValue\",\"minValue\":\"1\",\"maxValue\":\"10\"},\"address\":{\"@id\":\"https:\/\/tropicalwingsbirds.shop\/shop\/cuviers-toucan-for-sale\/#local-main-place-address\"},\"geo\":{\"@type\":\"GeoCoordinates\",\"latitude\":\"40.5976725\",\"longitude\":\"-122.3716346\"},\"telephone\":[\"+1 707-733-4623\",\"+1 707-733-4623\"],\"contactPoint\":{\"@type\":\"ContactPoint\",\"telephone\":\"+1 707-733-4623\",\"email\":\"sales@tropicalwingsbirds.shop\"},\"openingHoursSpecification\":{\"@type\":\"OpeningHoursSpecification\",\"dayOfWeek\":[\"Monday\",\"Tuesday\",\"Wednesday\",\"Thursday\",\"Friday\",\"Saturday\",\"Sunday\"],\"opens\":\"00:00\",\"closes\":\"23:59\"},\"email\":\"sales@tropicalwingsbirds.shop\",\"faxNumber\":\"+1 707-733-4623\",\"areaServed\":\"United states, Porto Rico, Canada, Australia\",\"priceRange\":\"$\",\"currenciesAccepted\":\"USD, CAD, AUD,\",\"paymentAccepted\":\"Zelle, Paypal, Bitcoin, Apple pay, Credit cards, Bank transfers\"},{\"@type\":\"PostalAddress\",\"@id\":\"https:\/\/tropicalwingsbirds.shop\/shop\/cuviers-toucan-for-sale\/#local-main-place-address\",\"streetAddress\":\"500 Hilltop Dr,\",\"addressLocality\":\"Redding\",\"postalCode\":\"96003\",\"addressRegion\":\"California\",\"addressCountry\":\"US\"},{\"@type\":\"ImageObject\",\"inLanguage\":\"es\",\"@id\":\"https:\/\/tropicalwingsbirds.shop\/shop\/cuviers-toucan-for-sale\/#local-main-organization-logo\",\"url\":\"https:\/\/tropicalwingsbirds.shop\/wp-content\/uploads\/2024\/01\/tropical-wings-1.webp\",\"contentUrl\":\"https:\/\/tropicalwingsbirds.shop\/wp-content\/uploads\/2024\/01\/tropical-wings-1.webp\",\"width\":500,\"height\":500,\"caption\":\"Tropical Wings Birds Shop\"}]}<\/script>\n<meta property=\"product:price:currency\" content=\"USD\" \/>\n<meta property=\"og:availability\" content=\"instock\" \/>\n<meta property=\"product:availability\" content=\"instock\" \/>\n<meta property=\"product:condition\" content=\"new\" \/>\n<meta name=\"geo.placename\" content=\"Redding\" \/>\n<meta name=\"geo.position\" content=\"40.5976725;-122.3716346\" \/>\n<meta name=\"geo.region\" content=\"United States (US)\" \/>\n<!-- \/ Yoast SEO Premium plugin. -->","yoast_head_json":{"title":"Tuc\u00e1n de Cuvier en venta - Tropical Wings Birds","robots":{"index":"index","follow":"follow","max-snippet":"max-snippet:-1","max-image-preview":"max-image-preview:large","max-video-preview":"max-video-preview:-1"},"canonical":"https:\/\/tropicalwingsbirds.shop\/es_pr\/comercio\/tucan-de-cuviers-en-venta\/","og_locale":"es_ES","og_type":"article","og_title":"Cuvier&#8217;s Toucan For Sale","og_description":"Length: 12\u201315 cm Weight: 500-876 g Banded: Yes DNA Sex: Males","og_url":"https:\/\/tropicalwingsbirds.shop\/es_pr\/comercio\/tucan-de-cuviers-en-venta\/","og_site_name":"Tropical Wings Birds","article_publisher":"https:\/\/web.facebook.com\/profile.php?id=61551502767851&mibextid=2JQ9oc&_rdc=1&_rdr","article_modified_time":"2023-12-03T14:33:09+00:00","og_image":[{"width":543,"height":960,"url":"https:\/\/tropicalwingsbirds.shop\/wp-content\/uploads\/2023\/12\/F1899602_77992763206_5711442_o.jpg","type":"image\/jpeg"}],"twitter_card":"summary_large_image","twitter_misc":{"Price":"","Availability":"In stock"},"schema":{"@context":"https:\/\/schema.org","@graph":[{"@type":"WebPage","@id":"https:\/\/tropicalwingsbirds.shop\/shop\/cuviers-toucan-for-sale\/","url":"https:\/\/tropicalwingsbirds.shop\/shop\/cuviers-toucan-for-sale\/","name":"Tuc\u00e1n de Cuvier en venta - Tropical Wings Birds","isPartOf":{"@id":"https:\/\/tropicalwingsbirds.shop\/#website"},"primaryImageOfPage":{"@id":"https:\/\/tropicalwingsbirds.shop\/shop\/cuviers-toucan-for-sale\/#primaryimage"},"image":{"@id":"https:\/\/tropicalwingsbirds.shop\/shop\/cuviers-toucan-for-sale\/#primaryimage"},"thumbnailUrl":"https:\/\/tropicalwingsbirds.shop\/wp-content\/uploads\/2023\/12\/F1899602_77992763206_5711442_o.jpg","datePublished":"2023-12-03T14:23:18+00:00","dateModified":"2023-12-03T14:33:09+00:00","breadcrumb":{"@id":"https:\/\/tropicalwingsbirds.shop\/shop\/cuviers-toucan-for-sale\/#breadcrumb"},"inLanguage":"es","potentialAction":[{"@type":"ReadAction","target":["https:\/\/tropicalwingsbirds.shop\/shop\/cuviers-toucan-for-sale\/"]}]},{"@type":"ImageObject","inLanguage":"es","@id":"https:\/\/tropicalwingsbirds.shop\/shop\/cuviers-toucan-for-sale\/#primaryimage","url":"https:\/\/tropicalwingsbirds.shop\/wp-content\/uploads\/2023\/12\/F1899602_77992763206_5711442_o.jpg","contentUrl":"https:\/\/tropicalwingsbirds.shop\/wp-content\/uploads\/2023\/12\/F1899602_77992763206_5711442_o.jpg","width":543,"height":960},{"@type":"BreadcrumbList","@id":"https:\/\/tropicalwingsbirds.shop\/shop\/cuviers-toucan-for-sale\/#breadcrumb","itemListElement":[{"@type":"ListItem","position":1,"name":"Home","item":"https:\/\/tropicalwingsbirds.shop\/"},{"@type":"ListItem","position":2,"name":"Shop","item":"https:\/\/tropicalwingsbirds.shop\/shop\/"},{"@type":"ListItem","position":3,"name":"Cuvier&#8217;s Toucan For Sale"}]},{"@type":"WebSite","@id":"https:\/\/tropicalwingsbirds.shop\/#website","url":"https:\/\/tropicalwingsbirds.shop\/","name":"Aves de alas tropicales","description":"Los mejores criadores de aves ex\u00f3ticas online","publisher":{"@id":"https:\/\/tropicalwingsbirds.shop\/#organization"},"potentialAction":[{"@type":"SearchAction","target":{"@type":"EntryPoint","urlTemplate":"https:\/\/tropicalwingsbirds.shop\/?s={search_term_string}"},"query-input":{"@type":"PropertyValueSpecification","valueRequired":true,"valueName":"search_term_string"}}],"inLanguage":"es"},{"@type":["Organization","Place","PetStore"],"@id":"https:\/\/tropicalwingsbirds.shop\/#organization","name":"Tropical Wings Birds Shop","alternateName":"TPWB","url":"https:\/\/tropicalwingsbirds.shop\/","logo":{"@id":"https:\/\/tropicalwingsbirds.shop\/shop\/cuviers-toucan-for-sale\/#local-main-organization-logo"},"image":{"@id":"https:\/\/tropicalwingsbirds.shop\/shop\/cuviers-toucan-for-sale\/#local-main-organization-logo"},"sameAs":["https:\/\/web.facebook.com\/profile.php?id=61551502767851&mibextid=2JQ9oc&_rdc=1&_rdr"],"description":"Tropical Wings Birds es su destino ideal para disfrutar de la compa\u00f1\u00eda de aves ex\u00f3ticas. Nuestro aviario boutique en Estados Unidos ofrece una cuidada selecci\u00f3n de vibrantes aves tropicales provenientes de criadores de renombre mundial. Con un enfoque en el bienestar y la experiencia, nuestro dedicado equipo est\u00e1 aqu\u00ed para guiarle en su b\u00fasqueda del compa\u00f1ero emplumado perfecto. Vis\u00edtenos hoy mismo y experimente la magia de la compa\u00f1\u00eda aviar en Tropical Wings Birds.","legalName":"Tropical Wings Birds","foundingDate":"2019-02-14","numberOfEmployees":{"@type":"QuantitativeValue","minValue":"1","maxValue":"10"},"address":{"@id":"https:\/\/tropicalwingsbirds.shop\/shop\/cuviers-toucan-for-sale\/#local-main-place-address"},"geo":{"@type":"GeoCoordinates","latitude":"40.5976725","longitude":"-122.3716346"},"telephone":["+1 707-733-4623","+1 707-733-4623"],"contactPoint":{"@type":"ContactPoint","telephone":"+1 707-733-4623","email":"sales@tropicalwingsbirds.shop"},"openingHoursSpecification":{"@type":"OpeningHoursSpecification","dayOfWeek":["Monday","Tuesday","Wednesday","Thursday","Friday","Saturday","Sunday"],"opens":"00:00","closes":"23:59"},"email":"sales@tropicalwingsbirds.shop","faxNumber":"+1 707-733-4623","areaServed":"United states, Porto Rico, Canada, Australia","priceRange":"$","currenciesAccepted":"USD, CAD, AUD,","paymentAccepted":"Zelle, Paypal, Bitcoin, Apple pay, Credit cards, Bank transfers"},{"@type":"PostalAddress","@id":"https:\/\/tropicalwingsbirds.shop\/shop\/cuviers-toucan-for-sale\/#local-main-place-address","streetAddress":"500 Hilltop Dr,","addressLocality":"Redding","postalCode":"96003","addressRegion":"California","addressCountry":"US"},{"@type":"ImageObject","inLanguage":"es","@id":"https:\/\/tropicalwingsbirds.shop\/shop\/cuviers-toucan-for-sale\/#local-main-organization-logo","url":"https:\/\/tropicalwingsbirds.shop\/wp-content\/uploads\/2024\/01\/tropical-wings-1.webp","contentUrl":"https:\/\/tropicalwingsbirds.shop\/wp-content\/uploads\/2024\/01\/tropical-wings-1.webp","width":500,"height":500,"caption":"Tropical Wings Birds Shop"}]},"product_price_currency":"USD","og_availability":"instock","product_availability":"instock","product_condition":"new","geo.placename":"Redding","geo.position":{"lat":"40.5976725","long":"-122.3716346"},"geo.region":"United States (US)"},"_links":{"self":[{"href":"https:\/\/tropicalwingsbirds.shop\/es_pr\/wp-json\/wp\/v2\/product\/812","targetHints":{"allow":["GET"]}}],"collection":[{"href":"https:\/\/tropicalwingsbirds.shop\/es_pr\/wp-json\/wp\/v2\/product"}],"about":[{"href":"https:\/\/tropicalwingsbirds.shop\/es_pr\/wp-json\/wp\/v2\/types\/product"}],"replies":[{"embeddable":true,"href":"https:\/\/tropicalwingsbirds.shop\/es_pr\/wp-json\/wp\/v2\/comments?post=812"}],"wp:featuredmedia":[{"embeddable":true,"href":"https:\/\/tropicalwingsbirds.shop\/es_pr\/wp-json\/wp\/v2\/media\/936"}],"wp:attachment":[{"href":"https:\/\/tropicalwingsbirds.shop\/es_pr\/wp-json\/wp\/v2\/media?parent=812"}],"wp:term":[{"taxonomy":"product_brand","embeddable":true,"href":"https:\/\/tropicalwingsbirds.shop\/es_pr\/wp-json\/wp\/v2\/product_brand?post=812"},{"taxonomy":"product_cat","embeddable":true,"href":"https:\/\/tropicalwingsbirds.shop\/es_pr\/wp-json\/wp\/v2\/product_cat?post=812"},{"taxonomy":"product_tag","embeddable":true,"href":"https:\/\/tropicalwingsbirds.shop\/es_pr\/wp-json\/wp\/v2\/product_tag?post=812"}],"curies":[{"name":"wp","href":"https:\/\/api.w.org\/{rel}","templated":true}]}}