{"id":2620,"date":"2023-12-07T16:36:17","date_gmt":"2023-12-07T16:36:17","guid":{"rendered":"https:\/\/tropicalwingsbirds.shop\/?post_type=product&#038;p=2620"},"modified":"2024-02-02T23:08:15","modified_gmt":"2024-02-02T23:08:15","slug":"timneh-gris-dafrique-a-vendre","status":"publish","type":"product","link":"https:\/\/tropicalwingsbirds.shop\/fr\/boutique\/timneh-gris-dafrique-a-vendre\/","title":{"rendered":"TIMNEH GRIS AFRICAIN \u00c0 VENDRE"},"content":{"rendered":"<h1>Timneh Gris d&#039;Afrique \u00e0 vendre<\/h1>\n<p>Le Gris d&#039;Afrique Timneh \u00e0 vendre poss\u00e8de toutes les qualit\u00e9s de ces oiseaux populaires. Bien que le Timneh soit une sous-esp\u00e8ce moins commune que le Gris d&#039;Afrique Congo, c&#039;est un oiseau tr\u00e8s intelligent et rus\u00e9. Les Gris d&#039;Afrique sont connus pour \u00eatre les plus bavards du monde ornithologique. Ils sont capables d&#039;apprendre plus de 200 mots et toutes sortes de tours. Ils imitent aussi fr\u00e9quemment les sons de leur environnement et incluent les humains.<\/p>\n<p>De nombreux ornithologues \u00e9tudient les perroquets gris d&#039;Afrique depuis des ann\u00e9es. Ils ont d\u00e9termin\u00e9 que les capacit\u00e9s cognitives de ces oiseaux sont comparables \u00e0 celles des esp\u00e8ces animales les plus intelligentes, m\u00eame celles d&#039;un jeune enfant. Le Dr Irene Pepperberg et son perroquet gris, Alex, ont r\u00e9alis\u00e9 des progr\u00e8s consid\u00e9rables dans l&#039;\u00e9tude de ce perroquet et de sa capacit\u00e9 \u00e0 parler, \u00e0 reconna\u00eetre les formes et les couleurs, et \u00e0 comprendre les nombres.<\/p>\n<p>Le perroquet gris d&#039;Afrique Timneh a la capacit\u00e9 de reproduire tous les bruits qu&#039;il entend \u00e0 la maison. Il peut imiter le bruit d&#039;un chien, de son conjoint ou de toute autre personne qui l&#039;int\u00e9resse. Certains exemples sont plut\u00f4t amusants, comme celui de vous obliger \u00e0 r\u00e9pondre au t\u00e9l\u00e9phone alors que personne n&#039;a appel\u00e9. Ou de vous obliger \u00e0 ouvrir la porte \u00e0 vos enfants, alors qu&#039;ils ne sont pas encore rentr\u00e9s de l&#039;\u00e9cole. Un perroquet gris d&#039;Afrique Timneh adorerait regarder les Tortues Ninja \u00e0 la t\u00e9l\u00e9vision. Un jour, des amis sont venus lui rendre visite. En entrant, \u00ab Billy \u00bb a dit tr\u00e8s clairement : \u00ab Baissez votre cale\u00e7on, j&#039;ai un pistolet. \u00bb Tous, compl\u00e8tement muets, se sont regard\u00e9s et ont \u00e9clat\u00e9 de rire.<\/p>\n<h2>Comportements sociaux du gris d&#039;Afrique Timneh \u00e0 vendre<\/h2>\n<p>Le Gris d&#039;Afrique Timneh est un oiseau \u00e0 part enti\u00e8re. Son apparence et sa personnalit\u00e9 diff\u00e8rent de celles du Congo. Le Timneh n&#039;est pas aussi \u00ab royal \u00bb et exigeant que le Congo. Mais comme lui, le Timneh est un peu timide, mais beaucoup plus extraverti que son homologue. Il tol\u00e8re davantage l&#039;agitation, les claquements de portes et les bruits environnants. Plus d\u00e9tendu que son cousin, il est plus facile \u00e0 c\u00f4toyer.<\/p>\n<p>Les Gris d&#039;Afrique entretiennent des liens de couple forts dans la nature, et ce lien perdure en captivit\u00e9. Le Timneh pr\u00e9f\u00e8re un seul individu, souvent du sexe oppos\u00e9. Il tol\u00e8re les autres membres de la famille, mais reste attach\u00e9 \u00e0 une seule personne. Le Timneh peut \u00eatre un peu fou, aime jouer et consid\u00e8re souvent son humain comme son jouet personnel.<\/p>\n<p>Le Timneh poss\u00e8de toutes les qualit\u00e9s de son homologue populaire, le Gris d&#039;Afrique du Congo. Il a fallu du temps, mais le Timneh gris d&#039;Afrique est d\u00e9sormais reconnu. Il s&#039;est impos\u00e9 comme un excellent orateur, avec la qualit\u00e9 de son parfaite, n\u00e9cessaire \u00e0 la compr\u00e9hension humaine, et peut imiter avec pr\u00e9cision les sons de son environnement.<\/p>\n<p>Le Timneh gris d&#039;Afrique poss\u00e8de une intelligence et des capacit\u00e9s \u00e9quivalentes \u00e0 celles de son homologue congo, tout en poss\u00e9dant des atouts uniques. Il apprend \u00e0 parler plus t\u00f4t que le congo et est g\u00e9n\u00e9ralement moins nerveux. Sa robe est d&#039;un gris l\u00e9g\u00e8rement plus fonc\u00e9 et sa queue est marron plut\u00f4t que rouge. Il est \u00e9galement un peu plus petit et moins cher, mais constitue un compagnon tout aussi agr\u00e9able. Version plus d\u00e9contract\u00e9e du gris d&#039;Afrique, certains propri\u00e9taires le pr\u00e9f\u00e8rent m\u00eame \u00e0 son cousin.<\/p>","protected":false},"excerpt":{"rendered":"<p>Le Gris d&#039;Afrique Timneh \u00e0 vendre poss\u00e8de toutes les qualit\u00e9s de ces oiseaux populaires. Bien que le Timneh soit une sous-esp\u00e8ce moins commune que le Gris d&#039;Afrique du Congo, c&#039;est un oiseau tr\u00e8s intelligent et rus\u00e9. Les Gris d&#039;Afrique sont connus pour \u00eatre les plus bavards du monde ornithologique. Ils sont capables d&#039;apprendre plus de 200 mots et toutes sortes de tours. Ils imitent aussi fr\u00e9quemment les sons de leur environnement, y compris les sons humains.<\/p>","protected":false},"featured_media":2658,"comment_status":"closed","ping_status":"closed","template":"","meta":{"site-sidebar-layout":"default","site-content-layout":"","ast-site-content-layout":"default","site-content-style":"default","site-sidebar-style":"default","ast-global-header-display":"","ast-banner-title-visibility":"","ast-main-header-display":"","ast-hfb-above-header-display":"","ast-hfb-below-header-display":"","ast-hfb-mobile-header-display":"","site-post-title":"","ast-breadcrumbs-content":"","ast-featured-img":"","footer-sml-layout":"","theme-transparent-header-meta":"default","adv-header-id-meta":"","stick-header-meta":"default","header-above-stick-meta":"","header-main-stick-meta":"","header-below-stick-meta":"","astra-migrate-meta-layouts":"set","ast-page-background-enabled":"default","ast-page-background-meta":{"desktop":{"background-color":"var(--ast-global-color-4)","background-image":"","background-repeat":"repeat","background-position":"center center","background-size":"auto","background-attachment":"scroll","background-type":"","background-media":"","overlay-type":"","overlay-color":"","overlay-opacity":"","overlay-gradient":""},"tablet":{"background-color":"","background-image":"","background-repeat":"repeat","background-position":"center center","background-size":"auto","background-attachment":"scroll","background-type":"","background-media":"","overlay-type":"","overlay-color":"","overlay-opacity":"","overlay-gradient":""},"mobile":{"background-color":"","background-image":"","background-repeat":"repeat","background-position":"center center","background-size":"auto","background-attachment":"scroll","background-type":"","background-media":"","overlay-type":"","overlay-color":"","overlay-opacity":"","overlay-gradient":""}},"ast-content-background-meta":{"desktop":{"background-color":"var(--ast-global-color-5)","background-image":"","background-repeat":"repeat","background-position":"center center","background-size":"auto","background-attachment":"scroll","background-type":"","background-media":"","overlay-type":"","overlay-color":"","overlay-opacity":"","overlay-gradient":""},"tablet":{"background-color":"var(--ast-global-color-5)","background-image":"","background-repeat":"repeat","background-position":"center center","background-size":"auto","background-attachment":"scroll","background-type":"","background-media":"","overlay-type":"","overlay-color":"","overlay-opacity":"","overlay-gradient":""},"mobile":{"background-color":"var(--ast-global-color-5)","background-image":"","background-repeat":"repeat","background-position":"center center","background-size":"auto","background-attachment":"scroll","background-type":"","background-media":"","overlay-type":"","overlay-color":"","overlay-opacity":"","overlay-gradient":""}}},"product_brand":[],"product_cat":[15],"product_tag":[2176,2177,2178,2179,2180,2181,381,384,386,2182,392,2183,2184,2185,2186,2203,2204,2187,2188,2189,2205,2190,2206,2191,2192,2193,2194,2195,2196,2197,2198,2199,2200,2201,2207,2202,2208,2209,2210,2211],"class_list":{"0":"post-2620","1":"product","2":"type-product","3":"status-publish","4":"has-post-thumbnail","6":"product_cat-uncategorized","7":"product_tag-african-gray-parrot-for-sale","8":"product_tag-african-grey-breeders","9":"product_tag-african-grey-congo-parrots-for-sale","10":"product_tag-african-grey-for-sale","11":"product_tag-african-grey-for-sale-nc","12":"product_tag-african-grey-parrot-baby","13":"product_tag-african-grey-parrot-care","14":"product_tag-african-grey-parrot-for-sale","15":"product_tag-african-grey-parrot-for-sale-near-me","16":"product_tag-african-grey-parrot-for-sale-ny","17":"product_tag-african-grey-parrot-intelligence","18":"product_tag-african-grey-parrot-pet-for-sale","19":"product_tag-african-grey-parrot-price","20":"product_tag-african-grey-red-tail-for-sale","21":"product_tag-african-grey-red-tail-parrot-for-sale","22":"product_tag-african-grey-timneh-babies-for-sale","23":"product_tag-african-grey-timneh-for-sale-near-me","24":"product_tag-african-parrot-for-sale","25":"product_tag-african-red-tail-parrot-for-sale","26":"product_tag-baby-congo-african-grey-parrots-for-sale","27":"product_tag-baby-timneh-african-grey-parrot-for-sale","28":"product_tag-buy-african-grey-parrots-online","29":"product_tag-buy-timneh-african-grey","30":"product_tag-cheap-african-grey-parrot-for-sale","31":"product_tag-congo-african-grey-birds-for-sale","32":"product_tag-congo-african-grey-parrot-for-sale","33":"product_tag-grey-parrot-for-sale","34":"product_tag-harrisons-bird-food","35":"product_tag-how-much-is-an-african-grey","36":"product_tag-male-congo-african-grey-parrot-for-sale","37":"product_tag-parrots-for-sale","38":"product_tag-parrots-for-sale-near-me","39":"product_tag-red-tailed-african-grey-parrots-for-sale","40":"product_tag-talking-parrots-for-sale-near-me","41":"product_tag-timneh-african-grey-babies-for-sale","42":"product_tag-timneh-african-grey-for-sale","43":"product_tag-timneh-african-grey-parrot","44":"product_tag-timneh-african-grey-parrot-babies-for-sale","45":"product_tag-timneh-african-grey-parrot-for-sale","46":"product_tag-timneh-grey-parrot-for-sale","47":"desktop-align-left","48":"tablet-align-left","49":"mobile-align-left","50":"ast-product-gallery-layout-horizontal-slider","51":"ast-product-tabs-layout-horizontal","52":"ast-qv-on-image","54":"first","55":"instock","56":"shipping-taxable","57":"product-type-simple"},"yoast_head":"<!-- This site is optimized with the Yoast SEO Premium plugin v23.2 (Yoast SEO v26.8) - https:\/\/yoast.com\/product\/yoast-seo-premium-wordpress\/ -->\n<title>TIMNEH AFRICAN GREY FOR SALE - Tropical Wings Birds<\/title>\n<meta name=\"robots\" content=\"index, follow, max-snippet:-1, max-image-preview:large, max-video-preview:-1\" \/>\n<link rel=\"canonical\" href=\"https:\/\/tropicalwingsbirds.shop\/fr\/boutique\/timneh-gris-dafrique-a-vendre\/\" \/>\n<meta property=\"og:locale\" content=\"fr_CA\" \/>\n<meta property=\"og:type\" content=\"article\" \/>\n<meta property=\"og:title\" content=\"TIMNEH AFRICAN GREY FOR SALE\" \/>\n<meta property=\"og:description\" content=\"Timneh African grey for sale has all the great attributes of these popular birds. Though the Timneh is a less common subspecies than the African Grey Congo, it\u2019s a very intelligent and clever bird. African Greys are known to be the best talkers in the bird world. They are able to learn 200 or more words and all kinds of tricks. They also frequently imitate the sounds of their environment and including people.\" \/>\n<meta property=\"og:url\" content=\"https:\/\/tropicalwingsbirds.shop\/fr\/boutique\/timneh-gris-dafrique-a-vendre\/\" \/>\n<meta property=\"og:site_name\" content=\"Tropical Wings Birds\" \/>\n<meta property=\"article:publisher\" content=\"https:\/\/web.facebook.com\/profile.php?id=61551502767851&amp;mibextid=2JQ9oc&amp;_rdc=1&amp;_rdr\" \/>\n<meta property=\"article:modified_time\" content=\"2024-02-02T23:08:15+00:00\" \/>\n<meta property=\"og:image\" content=\"https:\/\/tropicalwingsbirds.shop\/wp-content\/uploads\/2023\/12\/Timneh-African-grey-for-sale-1.jpg\" \/>\n\t<meta property=\"og:image:width\" content=\"500\" \/>\n\t<meta property=\"og:image:height\" content=\"880\" \/>\n\t<meta property=\"og:image:type\" content=\"image\/jpeg\" \/>\n<meta name=\"twitter:card\" content=\"summary_large_image\" \/>\n<meta name=\"twitter:label1\" content=\"Price\" \/>\n\t<meta name=\"twitter:data1\" content=\"\" \/>\n\t<meta name=\"twitter:label2\" content=\"Availability\" \/>\n\t<meta name=\"twitter:data2\" content=\"In stock\" \/>\n<script type=\"application\/ld+json\" class=\"yoast-schema-graph\">{\"@context\":\"https:\/\/schema.org\",\"@graph\":[{\"@type\":\"WebPage\",\"@id\":\"https:\/\/tropicalwingsbirds.shop\/shop\/timneh-african-grey-for-sale\/\",\"url\":\"https:\/\/tropicalwingsbirds.shop\/shop\/timneh-african-grey-for-sale\/\",\"name\":\"TIMNEH AFRICAN GREY FOR SALE - Tropical Wings Birds\",\"isPartOf\":{\"@id\":\"https:\/\/tropicalwingsbirds.shop\/#website\"},\"primaryImageOfPage\":{\"@id\":\"https:\/\/tropicalwingsbirds.shop\/shop\/timneh-african-grey-for-sale\/#primaryimage\"},\"image\":{\"@id\":\"https:\/\/tropicalwingsbirds.shop\/shop\/timneh-african-grey-for-sale\/#primaryimage\"},\"thumbnailUrl\":\"https:\/\/tropicalwingsbirds.shop\/wp-content\/uploads\/2023\/12\/Timneh-African-grey-for-sale-1.jpg\",\"datePublished\":\"2023-12-07T16:36:17+00:00\",\"dateModified\":\"2024-02-02T23:08:15+00:00\",\"breadcrumb\":{\"@id\":\"https:\/\/tropicalwingsbirds.shop\/shop\/timneh-african-grey-for-sale\/#breadcrumb\"},\"inLanguage\":\"fr-CA\",\"potentialAction\":[{\"@type\":\"ReadAction\",\"target\":[\"https:\/\/tropicalwingsbirds.shop\/shop\/timneh-african-grey-for-sale\/\"]}]},{\"@type\":\"ImageObject\",\"inLanguage\":\"fr-CA\",\"@id\":\"https:\/\/tropicalwingsbirds.shop\/shop\/timneh-african-grey-for-sale\/#primaryimage\",\"url\":\"https:\/\/tropicalwingsbirds.shop\/wp-content\/uploads\/2023\/12\/Timneh-African-grey-for-sale-1.jpg\",\"contentUrl\":\"https:\/\/tropicalwingsbirds.shop\/wp-content\/uploads\/2023\/12\/Timneh-African-grey-for-sale-1.jpg\",\"width\":500,\"height\":880},{\"@type\":\"BreadcrumbList\",\"@id\":\"https:\/\/tropicalwingsbirds.shop\/shop\/timneh-african-grey-for-sale\/#breadcrumb\",\"itemListElement\":[{\"@type\":\"ListItem\",\"position\":1,\"name\":\"Home\",\"item\":\"https:\/\/tropicalwingsbirds.shop\/\"},{\"@type\":\"ListItem\",\"position\":2,\"name\":\"Shop\",\"item\":\"https:\/\/tropicalwingsbirds.shop\/shop\/\"},{\"@type\":\"ListItem\",\"position\":3,\"name\":\"TIMNEH AFRICAN GREY FOR SALE\"}]},{\"@type\":\"WebSite\",\"@id\":\"https:\/\/tropicalwingsbirds.shop\/#website\",\"url\":\"https:\/\/tropicalwingsbirds.shop\/\",\"name\":\"Tropical Wings Birds\",\"description\":\"Best Exotic birds breeders online\",\"publisher\":{\"@id\":\"https:\/\/tropicalwingsbirds.shop\/#organization\"},\"potentialAction\":[{\"@type\":\"SearchAction\",\"target\":{\"@type\":\"EntryPoint\",\"urlTemplate\":\"https:\/\/tropicalwingsbirds.shop\/?s={search_term_string}\"},\"query-input\":{\"@type\":\"PropertyValueSpecification\",\"valueRequired\":true,\"valueName\":\"search_term_string\"}}],\"inLanguage\":\"fr-CA\"},{\"@type\":[\"Organization\",\"Place\",\"PetStore\"],\"@id\":\"https:\/\/tropicalwingsbirds.shop\/#organization\",\"name\":\"Tropical Wings Birds Shop\",\"alternateName\":\"TPWB\",\"url\":\"https:\/\/tropicalwingsbirds.shop\/\",\"logo\":{\"@id\":\"https:\/\/tropicalwingsbirds.shop\/shop\/timneh-african-grey-for-sale\/#local-main-organization-logo\"},\"image\":{\"@id\":\"https:\/\/tropicalwingsbirds.shop\/shop\/timneh-african-grey-for-sale\/#local-main-organization-logo\"},\"sameAs\":[\"https:\/\/web.facebook.com\/profile.php?id=61551502767851&mibextid=2JQ9oc&_rdc=1&_rdr\"],\"description\":\"Tropical Wings Birds is your destination for exotic avian companionship. Our boutique aviary in United States offers a curated selection of vibrant tropical birds sourced from reputable breeders worldwide. With a focus on welfare and expertise, our dedicated team is here to guide you on your journey to finding the perfect feathered friend. Visit us today and experience the magic of avian companionship at Tropical Wings Birds.\",\"legalName\":\"Tropical Wings Birds\",\"foundingDate\":\"2019-02-14\",\"numberOfEmployees\":{\"@type\":\"QuantitativeValue\",\"minValue\":\"1\",\"maxValue\":\"10\"},\"address\":{\"@id\":\"https:\/\/tropicalwingsbirds.shop\/shop\/timneh-african-grey-for-sale\/#local-main-place-address\"},\"geo\":{\"@type\":\"GeoCoordinates\",\"latitude\":\"40.5976725\",\"longitude\":\"-122.3716346\"},\"telephone\":[\"+1 707-733-4623\",\"+1 707-733-4623\"],\"contactPoint\":{\"@type\":\"ContactPoint\",\"telephone\":\"+1 707-733-4623\",\"email\":\"sales@tropicalwingsbirds.shop\"},\"openingHoursSpecification\":{\"@type\":\"OpeningHoursSpecification\",\"dayOfWeek\":[\"Monday\",\"Tuesday\",\"Wednesday\",\"Thursday\",\"Friday\",\"Saturday\",\"Sunday\"],\"opens\":\"00:00\",\"closes\":\"23:59\"},\"email\":\"sales@tropicalwingsbirds.shop\",\"faxNumber\":\"+1 707-733-4623\",\"areaServed\":\"United states, Porto Rico, Canada, Australia\",\"priceRange\":\"$\",\"currenciesAccepted\":\"USD, CAD, AUD,\",\"paymentAccepted\":\"Zelle, Paypal, Bitcoin, Apple pay, Credit cards, Bank transfers\"},{\"@type\":\"PostalAddress\",\"@id\":\"https:\/\/tropicalwingsbirds.shop\/shop\/timneh-african-grey-for-sale\/#local-main-place-address\",\"streetAddress\":\"500 Hilltop Dr,\",\"addressLocality\":\"Redding\",\"postalCode\":\"96003\",\"addressRegion\":\"California\",\"addressCountry\":\"US\"},{\"@type\":\"ImageObject\",\"inLanguage\":\"fr-CA\",\"@id\":\"https:\/\/tropicalwingsbirds.shop\/shop\/timneh-african-grey-for-sale\/#local-main-organization-logo\",\"url\":\"https:\/\/tropicalwingsbirds.shop\/wp-content\/uploads\/2024\/01\/tropical-wings-1.webp\",\"contentUrl\":\"https:\/\/tropicalwingsbirds.shop\/wp-content\/uploads\/2024\/01\/tropical-wings-1.webp\",\"width\":500,\"height\":500,\"caption\":\"Tropical Wings Birds Shop\"}]}<\/script>\n<meta property=\"product:price:currency\" content=\"USD\" \/>\n<meta property=\"og:availability\" content=\"instock\" \/>\n<meta property=\"product:availability\" content=\"instock\" \/>\n<meta property=\"product:condition\" content=\"new\" \/>\n<meta name=\"geo.placename\" content=\"Redding\" \/>\n<meta name=\"geo.position\" content=\"40.5976725;-122.3716346\" \/>\n<meta name=\"geo.region\" content=\"United States (US)\" \/>\n<!-- \/ Yoast SEO Premium plugin. -->","yoast_head_json":{"title":"TIMNEH GRIS D&#039;AFRIQUE \u00c0 VENDRE - Tropical Wings Birds","robots":{"index":"index","follow":"follow","max-snippet":"max-snippet:-1","max-image-preview":"max-image-preview:large","max-video-preview":"max-video-preview:-1"},"canonical":"https:\/\/tropicalwingsbirds.shop\/fr\/boutique\/timneh-gris-dafrique-a-vendre\/","og_locale":"fr_CA","og_type":"article","og_title":"TIMNEH AFRICAN GREY FOR SALE","og_description":"Timneh African grey for sale has all the great attributes of these popular birds. Though the Timneh is a less common subspecies than the African Grey Congo, it\u2019s a very intelligent and clever bird. African Greys are known to be the best talkers in the bird world. They are able to learn 200 or more words and all kinds of tricks. They also frequently imitate the sounds of their environment and including people.","og_url":"https:\/\/tropicalwingsbirds.shop\/fr\/boutique\/timneh-gris-dafrique-a-vendre\/","og_site_name":"Tropical Wings Birds","article_publisher":"https:\/\/web.facebook.com\/profile.php?id=61551502767851&mibextid=2JQ9oc&_rdc=1&_rdr","article_modified_time":"2024-02-02T23:08:15+00:00","og_image":[{"width":500,"height":880,"url":"https:\/\/tropicalwingsbirds.shop\/wp-content\/uploads\/2023\/12\/Timneh-African-grey-for-sale-1.jpg","type":"image\/jpeg"}],"twitter_card":"summary_large_image","twitter_misc":{"Price":"","Availability":"In stock"},"schema":{"@context":"https:\/\/schema.org","@graph":[{"@type":"WebPage","@id":"https:\/\/tropicalwingsbirds.shop\/shop\/timneh-african-grey-for-sale\/","url":"https:\/\/tropicalwingsbirds.shop\/shop\/timneh-african-grey-for-sale\/","name":"TIMNEH GRIS D&#039;AFRIQUE \u00c0 VENDRE - Tropical Wings Birds","isPartOf":{"@id":"https:\/\/tropicalwingsbirds.shop\/#website"},"primaryImageOfPage":{"@id":"https:\/\/tropicalwingsbirds.shop\/shop\/timneh-african-grey-for-sale\/#primaryimage"},"image":{"@id":"https:\/\/tropicalwingsbirds.shop\/shop\/timneh-african-grey-for-sale\/#primaryimage"},"thumbnailUrl":"https:\/\/tropicalwingsbirds.shop\/wp-content\/uploads\/2023\/12\/Timneh-African-grey-for-sale-1.jpg","datePublished":"2023-12-07T16:36:17+00:00","dateModified":"2024-02-02T23:08:15+00:00","breadcrumb":{"@id":"https:\/\/tropicalwingsbirds.shop\/shop\/timneh-african-grey-for-sale\/#breadcrumb"},"inLanguage":"fr-CA","potentialAction":[{"@type":"ReadAction","target":["https:\/\/tropicalwingsbirds.shop\/shop\/timneh-african-grey-for-sale\/"]}]},{"@type":"ImageObject","inLanguage":"fr-CA","@id":"https:\/\/tropicalwingsbirds.shop\/shop\/timneh-african-grey-for-sale\/#primaryimage","url":"https:\/\/tropicalwingsbirds.shop\/wp-content\/uploads\/2023\/12\/Timneh-African-grey-for-sale-1.jpg","contentUrl":"https:\/\/tropicalwingsbirds.shop\/wp-content\/uploads\/2023\/12\/Timneh-African-grey-for-sale-1.jpg","width":500,"height":880},{"@type":"BreadcrumbList","@id":"https:\/\/tropicalwingsbirds.shop\/shop\/timneh-african-grey-for-sale\/#breadcrumb","itemListElement":[{"@type":"ListItem","position":1,"name":"Home","item":"https:\/\/tropicalwingsbirds.shop\/"},{"@type":"ListItem","position":2,"name":"Shop","item":"https:\/\/tropicalwingsbirds.shop\/shop\/"},{"@type":"ListItem","position":3,"name":"TIMNEH AFRICAN GREY FOR SALE"}]},{"@type":"WebSite","@id":"https:\/\/tropicalwingsbirds.shop\/#website","url":"https:\/\/tropicalwingsbirds.shop\/","name":"Oiseaux aux ailes tropicales","description":"Meilleurs \u00e9leveurs d&#039;oiseaux exotiques en ligne","publisher":{"@id":"https:\/\/tropicalwingsbirds.shop\/#organization"},"potentialAction":[{"@type":"SearchAction","target":{"@type":"EntryPoint","urlTemplate":"https:\/\/tropicalwingsbirds.shop\/?s={search_term_string}"},"query-input":{"@type":"PropertyValueSpecification","valueRequired":true,"valueName":"search_term_string"}}],"inLanguage":"fr-CA"},{"@type":["Organization","Place","PetStore"],"@id":"https:\/\/tropicalwingsbirds.shop\/#organization","name":"Tropical Wings Birds Shop","alternateName":"TPWB","url":"https:\/\/tropicalwingsbirds.shop\/","logo":{"@id":"https:\/\/tropicalwingsbirds.shop\/shop\/timneh-african-grey-for-sale\/#local-main-organization-logo"},"image":{"@id":"https:\/\/tropicalwingsbirds.shop\/shop\/timneh-african-grey-for-sale\/#local-main-organization-logo"},"sameAs":["https:\/\/web.facebook.com\/profile.php?id=61551502767851&mibextid=2JQ9oc&_rdc=1&_rdr"],"description":"Tropical Wings Birds est votre destination pour des oiseaux exotiques. Notre voli\u00e8re-boutique aux \u00c9tats-Unis propose une s\u00e9lection soign\u00e9e d&#039;oiseaux tropicaux aux couleurs vives, issus d&#039;\u00e9leveurs r\u00e9put\u00e9s du monde entier. Ax\u00e9e sur le bien-\u00eatre et l&#039;expertise, notre \u00e9quipe d\u00e9vou\u00e9e est l\u00e0 pour vous guider dans votre recherche de l&#039;ami \u00e0 plumes id\u00e9al. Rendez-nous visite d\u00e8s aujourd&#039;hui et d\u00e9couvrez la magie de la compagnie des oiseaux chez Tropical Wings Birds.","legalName":"Tropical Wings Birds","foundingDate":"2019-02-14","numberOfEmployees":{"@type":"QuantitativeValue","minValue":"1","maxValue":"10"},"address":{"@id":"https:\/\/tropicalwingsbirds.shop\/shop\/timneh-african-grey-for-sale\/#local-main-place-address"},"geo":{"@type":"GeoCoordinates","latitude":"40.5976725","longitude":"-122.3716346"},"telephone":["+1 707-733-4623","+1 707-733-4623"],"contactPoint":{"@type":"ContactPoint","telephone":"+1 707-733-4623","email":"sales@tropicalwingsbirds.shop"},"openingHoursSpecification":{"@type":"OpeningHoursSpecification","dayOfWeek":["Monday","Tuesday","Wednesday","Thursday","Friday","Saturday","Sunday"],"opens":"00:00","closes":"23:59"},"email":"sales@tropicalwingsbirds.shop","faxNumber":"+1 707-733-4623","areaServed":"United states, Porto Rico, Canada, Australia","priceRange":"$","currenciesAccepted":"USD, CAD, AUD,","paymentAccepted":"Zelle, Paypal, Bitcoin, Apple pay, Credit cards, Bank transfers"},{"@type":"PostalAddress","@id":"https:\/\/tropicalwingsbirds.shop\/shop\/timneh-african-grey-for-sale\/#local-main-place-address","streetAddress":"500 Hilltop Dr,","addressLocality":"Redding","postalCode":"96003","addressRegion":"California","addressCountry":"US"},{"@type":"ImageObject","inLanguage":"fr-CA","@id":"https:\/\/tropicalwingsbirds.shop\/shop\/timneh-african-grey-for-sale\/#local-main-organization-logo","url":"https:\/\/tropicalwingsbirds.shop\/wp-content\/uploads\/2024\/01\/tropical-wings-1.webp","contentUrl":"https:\/\/tropicalwingsbirds.shop\/wp-content\/uploads\/2024\/01\/tropical-wings-1.webp","width":500,"height":500,"caption":"Tropical Wings Birds Shop"}]},"product_price_currency":"USD","og_availability":"instock","product_availability":"instock","product_condition":"new","geo.placename":"Redding","geo.position":{"lat":"40.5976725","long":"-122.3716346"},"geo.region":"United States (US)"},"_links":{"self":[{"href":"https:\/\/tropicalwingsbirds.shop\/fr\/wp-json\/wp\/v2\/product\/2620","targetHints":{"allow":["GET"]}}],"collection":[{"href":"https:\/\/tropicalwingsbirds.shop\/fr\/wp-json\/wp\/v2\/product"}],"about":[{"href":"https:\/\/tropicalwingsbirds.shop\/fr\/wp-json\/wp\/v2\/types\/product"}],"replies":[{"embeddable":true,"href":"https:\/\/tropicalwingsbirds.shop\/fr\/wp-json\/wp\/v2\/comments?post=2620"}],"wp:featuredmedia":[{"embeddable":true,"href":"https:\/\/tropicalwingsbirds.shop\/fr\/wp-json\/wp\/v2\/media\/2658"}],"wp:attachment":[{"href":"https:\/\/tropicalwingsbirds.shop\/fr\/wp-json\/wp\/v2\/media?parent=2620"}],"wp:term":[{"taxonomy":"product_brand","embeddable":true,"href":"https:\/\/tropicalwingsbirds.shop\/fr\/wp-json\/wp\/v2\/product_brand?post=2620"},{"taxonomy":"product_cat","embeddable":true,"href":"https:\/\/tropicalwingsbirds.shop\/fr\/wp-json\/wp\/v2\/product_cat?post=2620"},{"taxonomy":"product_tag","embeddable":true,"href":"https:\/\/tropicalwingsbirds.shop\/fr\/wp-json\/wp\/v2\/product_tag?post=2620"}],"curies":[{"name":"wp","href":"https:\/\/api.w.org\/{rel}","templated":true}]}}