{"id":2622,"date":"2023-12-07T16:36:19","date_gmt":"2023-12-07T16:36:19","guid":{"rendered":"https:\/\/tropicalwingsbirds.shop\/?post_type=product&#038;p=2622"},"modified":"2024-02-02T23:06:15","modified_gmt":"2024-02-02T23:06:15","slug":"gris-africain-a-facteur-rouge-a-vendre","status":"publish","type":"product","link":"https:\/\/tropicalwingsbirds.shop\/fr\/boutique\/gris-africain-a-facteur-rouge-a-vendre\/","title":{"rendered":"RED FACTOR GRIS AFRICAIN \u00c0 VENDRE"},"content":{"rendered":"<h1>Gris d&#039;Afrique Red Factor \u00e0 vendre<\/h1>\n<p>Gris d&#039;Afrique Red Factor \u00e0 vendre. Nous vous offrons la possibilit\u00e9 de devenir l&#039;heureux propri\u00e9taire de magnifiques Gris d&#039;Afrique Red Factor ! Ils seront disponibles comme animaux de compagnie partout dans le monde. Ils sont absolument magnifiques et d\u00e9sirables ! Les Gris d&#039;Afrique Red Factor conserveront toujours leur grande intelligence et leur exceptionnelle capacit\u00e9 \u00e0 parler, tout comme leurs cousins gris sauvages.<\/p>\n<p>Nous \u00e9levons ces oiseaux depuis quatre ans maintenant. Cette technique exige un travail acharn\u00e9 et minutieux pour trouver les bons oiseaux et les pr\u00e9senter les uns aux autres. Ce processus peut parfois prendre des ann\u00e9es, car les Gris d&#039;Afrique n&#039;atteignent la maturit\u00e9 sexuelle qu&#039;\u00e0 l&#039;\u00e2ge de 5 ou 6 ans. Nous avons investi beaucoup d&#039;argent, de travail et de temps pour trouver les oiseaux porteurs du g\u00e8ne du facteur rouge et aptes \u00e0 s&#039;accoupler.<\/p>\n<p>Et surtout, il faut beaucoup de patience pour r\u00e9ussir. Nous vous proposons d\u00e9sormais le \u00ab\u00a0Gris d&#039;Afrique Facteur Rouge Mondial\u00a0\u00bb. Nous vendons \u00e9galement des couples reproducteurs Facteur Rouge et nous nous sp\u00e9cialisons dans les Congos et Timnehs Gris d&#039;Afrique porteurs d&#039;un g\u00e8ne Facteur Rouge important. Ces oiseaux exotiques sont co\u00fbteux, car l&#039;\u00e9tude et l&#039;obtention de ces oiseaux rares et exotiques demandent beaucoup de temps.<\/p>\n<p>Le gris africain Red Factor conservera toujours son haut niveau d&#039;intelligence et sa capacit\u00e9 exceptionnelle \u00e0 parler, tout comme ses cousins gris naturels de couleur sauvage.<\/p>\n<p>&nbsp;<\/p>\n<h2>Soins et alimentation du Gris d&#039;Afrique Red Factor \u00e0 vendre<\/h2>\n<p>Dans la nature, les perroquets gris d&#039;Afrique se nourrissent de graines, de noix, de fruits et de v\u00e9g\u00e9tation feuillue. Plut\u00f4t que de voler, ces oiseaux grimpent autour des arbres, ramassant leur nourriture et la tenant avec une patte pour la manger. Ils appr\u00e9cient la chair des noix de palmier \u00e0 huile et ont \u00e9t\u00e9 observ\u00e9s en train de manger des escargots. En Afrique de l&#039;Ouest, leur penchant pour les c\u00e9r\u00e9ales les rendrait dangereux et s&#039;attaqueraient aux champs de ma\u00efs.<\/p>\n<p>L&#039;alimentation de votre oiseau comprendra un m\u00e9lange de graines pour gros bec crochu, pr\u00eat \u00e0 l&#039;emploi et enrichi en vitamines. Ses besoins alimentaires incluent des sources de calcium et de vitamine A. Il consomme une vari\u00e9t\u00e9 de germes, graines, noix, fruits, l\u00e9gumes, granul\u00e9s commerciaux, ainsi que les m\u00eames aliments nutritifs que les humains. Un os de seiche ou un bloc de calcium sont une bonne source de calcium.<\/p>\n<p>Les Gris d&#039;Afrique ne doivent pas \u00eatre nourris avec une alimentation riche en graisses et en prot\u00e9ines. Une alimentation maigre est recommand\u00e9e, car des \u00e9tudes r\u00e9centes ont montr\u00e9 que des maladies cardiaques et l&#039;art\u00e9rioscl\u00e9rose surviennent chez les Gris \u00e0 la fin de l&#039;adolescence et dans la vingtaine.<\/p>\n<p>*Les l\u00e9gumes frais que vous pouvez offrir comprennent les feuilles de moutarde, les pois verts, le concombre, les jeunes feuilles de pissenlit, le ma\u00efs doux, les feuilles de betterave, les carottes, le brocoli, la laitue non trait\u00e9e, le mouron des oiseaux, les pissenlits, les aubergines, les poivrons verts, l&#039;oseille, les feuilles d&#039;\u00e9pinards, les tomates et les courgettes.<\/p>\n<p>*Les fruits que vous pouvez offrir comprennent les pommes, les p\u00eaches, les abricots, les bananes, les poires, les prunes, les raisins secs et la plupart des autres fruits.<\/p>\n<p>*L&#039;avocat et le chocolat sont consid\u00e9r\u00e9s comme toxiques pour les oiseaux et le sucre et le sel doivent \u00eatre \u00e9vit\u00e9s.<br \/>\nLa plupart des perroquets appr\u00e9cient une douche ou un bain occasionnel. La douche peut \u00eatre effectu\u00e9e \u00e0 l&#039;aide d&#039;une douchette ou d&#039;un tuyau d&#039;arrosage \u00e0 jet fin et d&#039;eau ti\u00e8de. Un bac \u00e0 bain ou un plat en c\u00e9ramique de 30 \u00e0 35 cm peut \u00eatre plac\u00e9 au fond de la cage ou fix\u00e9 \u00e0 environ 1 m du sol dans une voli\u00e8re.<\/p>\n<p>Les ailes des perroquets doivent \u00eatre taill\u00e9es pour les dissuader de s&#039;enfuir et \u00e9viter qu&#039;ils ne se perdent par une fen\u00eatre ou une porte ouverte. Veillez toutefois \u00e0 ne tailler que quelques plumes (3 \u00e0 5), car cet oiseau au corps imposant peut se blesser en cas de chute lors de courts vols. Le bec et les griffes doivent \u00eatre taill\u00e9s s&#039;ils ne sont pas us\u00e9s par l&#039;escalade et le mordillement.<\/p>","protected":false},"excerpt":{"rendered":"<h1>Gris d&#039;Afrique Red Factor \u00e0 vendre<\/h1>\n<p>Gris d&#039;Afrique Red Factor \u00e0 vendre. Nous vous offrons la possibilit\u00e9 de devenir l&#039;heureux propri\u00e9taire de magnifiques Gris d&#039;Afrique Red Factor ! Ils seront disponibles comme animaux de compagnie partout dans le monde. Ils sont absolument magnifiques et d\u00e9sirables ! Les Gris d&#039;Afrique Red Factor conserveront toujours leur grande intelligence et leur exceptionnelle capacit\u00e9 \u00e0 parler, tout comme leurs cousins gris sauvages.<\/p>\n<p>&nbsp;<\/p>","protected":false},"featured_media":2665,"comment_status":"closed","ping_status":"closed","template":"","meta":{"site-sidebar-layout":"default","site-content-layout":"","ast-site-content-layout":"default","site-content-style":"default","site-sidebar-style":"default","ast-global-header-display":"","ast-banner-title-visibility":"","ast-main-header-display":"","ast-hfb-above-header-display":"","ast-hfb-below-header-display":"","ast-hfb-mobile-header-display":"","site-post-title":"","ast-breadcrumbs-content":"","ast-featured-img":"","footer-sml-layout":"","theme-transparent-header-meta":"default","adv-header-id-meta":"","stick-header-meta":"default","header-above-stick-meta":"","header-main-stick-meta":"","header-below-stick-meta":"","astra-migrate-meta-layouts":"set","ast-page-background-enabled":"default","ast-page-background-meta":{"desktop":{"background-color":"var(--ast-global-color-4)","background-image":"","background-repeat":"repeat","background-position":"center center","background-size":"auto","background-attachment":"scroll","background-type":"","background-media":"","overlay-type":"","overlay-color":"","overlay-opacity":"","overlay-gradient":""},"tablet":{"background-color":"","background-image":"","background-repeat":"repeat","background-position":"center center","background-size":"auto","background-attachment":"scroll","background-type":"","background-media":"","overlay-type":"","overlay-color":"","overlay-opacity":"","overlay-gradient":""},"mobile":{"background-color":"","background-image":"","background-repeat":"repeat","background-position":"center center","background-size":"auto","background-attachment":"scroll","background-type":"","background-media":"","overlay-type":"","overlay-color":"","overlay-opacity":"","overlay-gradient":""}},"ast-content-background-meta":{"desktop":{"background-color":"var(--ast-global-color-5)","background-image":"","background-repeat":"repeat","background-position":"center center","background-size":"auto","background-attachment":"scroll","background-type":"","background-media":"","overlay-type":"","overlay-color":"","overlay-opacity":"","overlay-gradient":""},"tablet":{"background-color":"var(--ast-global-color-5)","background-image":"","background-repeat":"repeat","background-position":"center center","background-size":"auto","background-attachment":"scroll","background-type":"","background-media":"","overlay-type":"","overlay-color":"","overlay-opacity":"","overlay-gradient":""},"mobile":{"background-color":"var(--ast-global-color-5)","background-image":"","background-repeat":"repeat","background-position":"center center","background-size":"auto","background-attachment":"scroll","background-type":"","background-media":"","overlay-type":"","overlay-color":"","overlay-opacity":"","overlay-gradient":""}}},"product_brand":[],"product_cat":[15],"product_tag":[2176,2177,2178,2179,2180,2181,381,384,386,2182,392,2183,2184,2185,2186,2187,2188,2189,2190,2191,2192,2193,2194,2195,2196,2197,2198,2199,2212,2213,2214,2215,2216,2217,2200,2201,2202],"class_list":{"0":"post-2622","1":"product","2":"type-product","3":"status-publish","4":"has-post-thumbnail","6":"product_cat-uncategorized","7":"product_tag-african-gray-parrot-for-sale","8":"product_tag-african-grey-breeders","9":"product_tag-african-grey-congo-parrots-for-sale","10":"product_tag-african-grey-for-sale","11":"product_tag-african-grey-for-sale-nc","12":"product_tag-african-grey-parrot-baby","13":"product_tag-african-grey-parrot-care","14":"product_tag-african-grey-parrot-for-sale","15":"product_tag-african-grey-parrot-for-sale-near-me","16":"product_tag-african-grey-parrot-for-sale-ny","17":"product_tag-african-grey-parrot-intelligence","18":"product_tag-african-grey-parrot-pet-for-sale","19":"product_tag-african-grey-parrot-price","20":"product_tag-african-grey-red-tail-for-sale","21":"product_tag-african-grey-red-tail-parrot-for-sale","22":"product_tag-african-parrot-for-sale","23":"product_tag-african-red-tail-parrot-for-sale","24":"product_tag-baby-congo-african-grey-parrots-for-sale","25":"product_tag-buy-african-grey-parrots-online","26":"product_tag-cheap-african-grey-parrot-for-sale","27":"product_tag-congo-african-grey-birds-for-sale","28":"product_tag-congo-african-grey-parrot-for-sale","29":"product_tag-grey-parrot-for-sale","30":"product_tag-harrisons-bird-food","31":"product_tag-how-much-is-an-african-grey","32":"product_tag-male-congo-african-grey-parrot-for-sale","33":"product_tag-parrots-for-sale","34":"product_tag-parrots-for-sale-near-me","35":"product_tag-rare-red-factor-african-grey","36":"product_tag-red-african-grey-for-sale-south-africa","37":"product_tag-red-factor-african-grey","38":"product_tag-red-factor-african-grey-babies-for-sale","39":"product_tag-red-factor-african-grey-for-sale","40":"product_tag-red-factor-grey-parrot","41":"product_tag-red-tailed-african-grey-parrots-for-sale","42":"product_tag-talking-parrots-for-sale-near-me","43":"product_tag-timneh-african-grey-for-sale","44":"desktop-align-left","45":"tablet-align-left","46":"mobile-align-left","47":"ast-product-gallery-layout-horizontal-slider","48":"ast-product-tabs-layout-horizontal","49":"ast-qv-on-image","51":"first","52":"instock","53":"shipping-taxable","54":"product-type-simple"},"yoast_head":"<!-- This site is optimized with the Yoast SEO Premium plugin v23.2 (Yoast SEO v26.8) - https:\/\/yoast.com\/product\/yoast-seo-premium-wordpress\/ -->\n<title>RED FACTOR AFRICAN GREY FOR SALE - Tropical Wings Birds<\/title>\n<meta name=\"robots\" content=\"index, follow, max-snippet:-1, max-image-preview:large, max-video-preview:-1\" \/>\n<link rel=\"canonical\" href=\"https:\/\/tropicalwingsbirds.shop\/fr\/boutique\/gris-africain-a-facteur-rouge-a-vendre\/\" \/>\n<meta property=\"og:locale\" content=\"fr_CA\" \/>\n<meta property=\"og:type\" content=\"article\" \/>\n<meta property=\"og:title\" content=\"RED FACTOR AFRICAN GREY FOR SALE\" \/>\n<meta property=\"og:description\" content=\"Red Factor African Grey For Sale Red Factor African Grey For Sale, we have made it possible for you to be a Proud Owner of the Beautiful Red Factor African Grey\u2019s! They will be available as pets to people all over the world. They\u2019re certainly beautiful and desirable! The Red Factor African Grey will retain always retain their high level of intelligence and exceptional ability to talk just like their natural wild-colored Grey cousins.  &nbsp;\" \/>\n<meta property=\"og:url\" content=\"https:\/\/tropicalwingsbirds.shop\/fr\/boutique\/gris-africain-a-facteur-rouge-a-vendre\/\" \/>\n<meta property=\"og:site_name\" content=\"Tropical Wings Birds\" \/>\n<meta property=\"article:publisher\" content=\"https:\/\/web.facebook.com\/profile.php?id=61551502767851&amp;mibextid=2JQ9oc&amp;_rdc=1&amp;_rdr\" \/>\n<meta property=\"article:modified_time\" content=\"2024-02-02T23:06:15+00:00\" \/>\n<meta property=\"og:image\" content=\"https:\/\/tropicalwingsbirds.shop\/wp-content\/uploads\/2023\/12\/Red-Factor-African-Grey-For-Sale3-1.jpg\" \/>\n\t<meta property=\"og:image:width\" content=\"351\" \/>\n\t<meta property=\"og:image:height\" content=\"307\" \/>\n\t<meta property=\"og:image:type\" content=\"image\/jpeg\" \/>\n<meta name=\"twitter:card\" content=\"summary_large_image\" \/>\n<meta name=\"twitter:label1\" content=\"Price\" \/>\n\t<meta name=\"twitter:data1\" content=\"\" \/>\n\t<meta name=\"twitter:label2\" content=\"Availability\" \/>\n\t<meta name=\"twitter:data2\" content=\"In stock\" \/>\n<script type=\"application\/ld+json\" class=\"yoast-schema-graph\">{\"@context\":\"https:\/\/schema.org\",\"@graph\":[{\"@type\":\"WebPage\",\"@id\":\"https:\/\/tropicalwingsbirds.shop\/shop\/red-factor-african-grey-for-sale\/\",\"url\":\"https:\/\/tropicalwingsbirds.shop\/shop\/red-factor-african-grey-for-sale\/\",\"name\":\"RED FACTOR AFRICAN GREY FOR SALE - Tropical Wings Birds\",\"isPartOf\":{\"@id\":\"https:\/\/tropicalwingsbirds.shop\/#website\"},\"primaryImageOfPage\":{\"@id\":\"https:\/\/tropicalwingsbirds.shop\/shop\/red-factor-african-grey-for-sale\/#primaryimage\"},\"image\":{\"@id\":\"https:\/\/tropicalwingsbirds.shop\/shop\/red-factor-african-grey-for-sale\/#primaryimage\"},\"thumbnailUrl\":\"https:\/\/tropicalwingsbirds.shop\/wp-content\/uploads\/2023\/12\/Red-Factor-African-Grey-For-Sale3-1.jpg\",\"datePublished\":\"2023-12-07T16:36:19+00:00\",\"dateModified\":\"2024-02-02T23:06:15+00:00\",\"breadcrumb\":{\"@id\":\"https:\/\/tropicalwingsbirds.shop\/shop\/red-factor-african-grey-for-sale\/#breadcrumb\"},\"inLanguage\":\"fr-CA\",\"potentialAction\":[{\"@type\":\"ReadAction\",\"target\":[\"https:\/\/tropicalwingsbirds.shop\/shop\/red-factor-african-grey-for-sale\/\"]}]},{\"@type\":\"ImageObject\",\"inLanguage\":\"fr-CA\",\"@id\":\"https:\/\/tropicalwingsbirds.shop\/shop\/red-factor-african-grey-for-sale\/#primaryimage\",\"url\":\"https:\/\/tropicalwingsbirds.shop\/wp-content\/uploads\/2023\/12\/Red-Factor-African-Grey-For-Sale3-1.jpg\",\"contentUrl\":\"https:\/\/tropicalwingsbirds.shop\/wp-content\/uploads\/2023\/12\/Red-Factor-African-Grey-For-Sale3-1.jpg\",\"width\":351,\"height\":307},{\"@type\":\"BreadcrumbList\",\"@id\":\"https:\/\/tropicalwingsbirds.shop\/shop\/red-factor-african-grey-for-sale\/#breadcrumb\",\"itemListElement\":[{\"@type\":\"ListItem\",\"position\":1,\"name\":\"Home\",\"item\":\"https:\/\/tropicalwingsbirds.shop\/\"},{\"@type\":\"ListItem\",\"position\":2,\"name\":\"Shop\",\"item\":\"https:\/\/tropicalwingsbirds.shop\/shop\/\"},{\"@type\":\"ListItem\",\"position\":3,\"name\":\"RED FACTOR AFRICAN GREY FOR SALE\"}]},{\"@type\":\"WebSite\",\"@id\":\"https:\/\/tropicalwingsbirds.shop\/#website\",\"url\":\"https:\/\/tropicalwingsbirds.shop\/\",\"name\":\"Tropical Wings Birds\",\"description\":\"Best Exotic birds breeders online\",\"publisher\":{\"@id\":\"https:\/\/tropicalwingsbirds.shop\/#organization\"},\"potentialAction\":[{\"@type\":\"SearchAction\",\"target\":{\"@type\":\"EntryPoint\",\"urlTemplate\":\"https:\/\/tropicalwingsbirds.shop\/?s={search_term_string}\"},\"query-input\":{\"@type\":\"PropertyValueSpecification\",\"valueRequired\":true,\"valueName\":\"search_term_string\"}}],\"inLanguage\":\"fr-CA\"},{\"@type\":[\"Organization\",\"Place\",\"PetStore\"],\"@id\":\"https:\/\/tropicalwingsbirds.shop\/#organization\",\"name\":\"Tropical Wings Birds Shop\",\"alternateName\":\"TPWB\",\"url\":\"https:\/\/tropicalwingsbirds.shop\/\",\"logo\":{\"@id\":\"https:\/\/tropicalwingsbirds.shop\/shop\/red-factor-african-grey-for-sale\/#local-main-organization-logo\"},\"image\":{\"@id\":\"https:\/\/tropicalwingsbirds.shop\/shop\/red-factor-african-grey-for-sale\/#local-main-organization-logo\"},\"sameAs\":[\"https:\/\/web.facebook.com\/profile.php?id=61551502767851&mibextid=2JQ9oc&_rdc=1&_rdr\"],\"description\":\"Tropical Wings Birds is your destination for exotic avian companionship. Our boutique aviary in United States offers a curated selection of vibrant tropical birds sourced from reputable breeders worldwide. With a focus on welfare and expertise, our dedicated team is here to guide you on your journey to finding the perfect feathered friend. Visit us today and experience the magic of avian companionship at Tropical Wings Birds.\",\"legalName\":\"Tropical Wings Birds\",\"foundingDate\":\"2019-02-14\",\"numberOfEmployees\":{\"@type\":\"QuantitativeValue\",\"minValue\":\"1\",\"maxValue\":\"10\"},\"address\":{\"@id\":\"https:\/\/tropicalwingsbirds.shop\/shop\/red-factor-african-grey-for-sale\/#local-main-place-address\"},\"geo\":{\"@type\":\"GeoCoordinates\",\"latitude\":\"40.5976725\",\"longitude\":\"-122.3716346\"},\"telephone\":[\"+1 707-733-4623\",\"+1 707-733-4623\"],\"contactPoint\":{\"@type\":\"ContactPoint\",\"telephone\":\"+1 707-733-4623\",\"email\":\"sales@tropicalwingsbirds.shop\"},\"openingHoursSpecification\":{\"@type\":\"OpeningHoursSpecification\",\"dayOfWeek\":[\"Monday\",\"Tuesday\",\"Wednesday\",\"Thursday\",\"Friday\",\"Saturday\",\"Sunday\"],\"opens\":\"00:00\",\"closes\":\"23:59\"},\"email\":\"sales@tropicalwingsbirds.shop\",\"faxNumber\":\"+1 707-733-4623\",\"areaServed\":\"United states, Porto Rico, Canada, Australia\",\"priceRange\":\"$\",\"currenciesAccepted\":\"USD, CAD, AUD,\",\"paymentAccepted\":\"Zelle, Paypal, Bitcoin, Apple pay, Credit cards, Bank transfers\"},{\"@type\":\"PostalAddress\",\"@id\":\"https:\/\/tropicalwingsbirds.shop\/shop\/red-factor-african-grey-for-sale\/#local-main-place-address\",\"streetAddress\":\"500 Hilltop Dr,\",\"addressLocality\":\"Redding\",\"postalCode\":\"96003\",\"addressRegion\":\"California\",\"addressCountry\":\"US\"},{\"@type\":\"ImageObject\",\"inLanguage\":\"fr-CA\",\"@id\":\"https:\/\/tropicalwingsbirds.shop\/shop\/red-factor-african-grey-for-sale\/#local-main-organization-logo\",\"url\":\"https:\/\/tropicalwingsbirds.shop\/wp-content\/uploads\/2024\/01\/tropical-wings-1.webp\",\"contentUrl\":\"https:\/\/tropicalwingsbirds.shop\/wp-content\/uploads\/2024\/01\/tropical-wings-1.webp\",\"width\":500,\"height\":500,\"caption\":\"Tropical Wings Birds Shop\"}]}<\/script>\n<meta property=\"product:price:currency\" content=\"USD\" \/>\n<meta property=\"og:availability\" content=\"instock\" \/>\n<meta property=\"product:availability\" content=\"instock\" \/>\n<meta property=\"product:condition\" content=\"new\" \/>\n<meta name=\"geo.placename\" content=\"Redding\" \/>\n<meta name=\"geo.position\" content=\"40.5976725;-122.3716346\" \/>\n<meta name=\"geo.region\" content=\"United States (US)\" \/>\n<!-- \/ Yoast SEO Premium plugin. -->","yoast_head_json":{"title":"RED FACTOR GRIS AFRICAIN \u00c0 VENDRE - Tropical Wings Birds","robots":{"index":"index","follow":"follow","max-snippet":"max-snippet:-1","max-image-preview":"max-image-preview:large","max-video-preview":"max-video-preview:-1"},"canonical":"https:\/\/tropicalwingsbirds.shop\/fr\/boutique\/gris-africain-a-facteur-rouge-a-vendre\/","og_locale":"fr_CA","og_type":"article","og_title":"RED FACTOR AFRICAN GREY FOR SALE","og_description":"Red Factor African Grey For Sale Red Factor African Grey For Sale, we have made it possible for you to be a Proud Owner of the Beautiful Red Factor African Grey\u2019s! They will be available as pets to people all over the world. They\u2019re certainly beautiful and desirable! The Red Factor African Grey will retain always retain their high level of intelligence and exceptional ability to talk just like their natural wild-colored Grey cousins.  &nbsp;","og_url":"https:\/\/tropicalwingsbirds.shop\/fr\/boutique\/gris-africain-a-facteur-rouge-a-vendre\/","og_site_name":"Tropical Wings Birds","article_publisher":"https:\/\/web.facebook.com\/profile.php?id=61551502767851&mibextid=2JQ9oc&_rdc=1&_rdr","article_modified_time":"2024-02-02T23:06:15+00:00","og_image":[{"width":351,"height":307,"url":"https:\/\/tropicalwingsbirds.shop\/wp-content\/uploads\/2023\/12\/Red-Factor-African-Grey-For-Sale3-1.jpg","type":"image\/jpeg"}],"twitter_card":"summary_large_image","twitter_misc":{"Price":"","Availability":"In stock"},"schema":{"@context":"https:\/\/schema.org","@graph":[{"@type":"WebPage","@id":"https:\/\/tropicalwingsbirds.shop\/shop\/red-factor-african-grey-for-sale\/","url":"https:\/\/tropicalwingsbirds.shop\/shop\/red-factor-african-grey-for-sale\/","name":"RED FACTOR GRIS AFRICAIN \u00c0 VENDRE - Tropical Wings Birds","isPartOf":{"@id":"https:\/\/tropicalwingsbirds.shop\/#website"},"primaryImageOfPage":{"@id":"https:\/\/tropicalwingsbirds.shop\/shop\/red-factor-african-grey-for-sale\/#primaryimage"},"image":{"@id":"https:\/\/tropicalwingsbirds.shop\/shop\/red-factor-african-grey-for-sale\/#primaryimage"},"thumbnailUrl":"https:\/\/tropicalwingsbirds.shop\/wp-content\/uploads\/2023\/12\/Red-Factor-African-Grey-For-Sale3-1.jpg","datePublished":"2023-12-07T16:36:19+00:00","dateModified":"2024-02-02T23:06:15+00:00","breadcrumb":{"@id":"https:\/\/tropicalwingsbirds.shop\/shop\/red-factor-african-grey-for-sale\/#breadcrumb"},"inLanguage":"fr-CA","potentialAction":[{"@type":"ReadAction","target":["https:\/\/tropicalwingsbirds.shop\/shop\/red-factor-african-grey-for-sale\/"]}]},{"@type":"ImageObject","inLanguage":"fr-CA","@id":"https:\/\/tropicalwingsbirds.shop\/shop\/red-factor-african-grey-for-sale\/#primaryimage","url":"https:\/\/tropicalwingsbirds.shop\/wp-content\/uploads\/2023\/12\/Red-Factor-African-Grey-For-Sale3-1.jpg","contentUrl":"https:\/\/tropicalwingsbirds.shop\/wp-content\/uploads\/2023\/12\/Red-Factor-African-Grey-For-Sale3-1.jpg","width":351,"height":307},{"@type":"BreadcrumbList","@id":"https:\/\/tropicalwingsbirds.shop\/shop\/red-factor-african-grey-for-sale\/#breadcrumb","itemListElement":[{"@type":"ListItem","position":1,"name":"Home","item":"https:\/\/tropicalwingsbirds.shop\/"},{"@type":"ListItem","position":2,"name":"Shop","item":"https:\/\/tropicalwingsbirds.shop\/shop\/"},{"@type":"ListItem","position":3,"name":"RED FACTOR AFRICAN GREY FOR SALE"}]},{"@type":"WebSite","@id":"https:\/\/tropicalwingsbirds.shop\/#website","url":"https:\/\/tropicalwingsbirds.shop\/","name":"Oiseaux aux ailes tropicales","description":"Meilleurs \u00e9leveurs d&#039;oiseaux exotiques en ligne","publisher":{"@id":"https:\/\/tropicalwingsbirds.shop\/#organization"},"potentialAction":[{"@type":"SearchAction","target":{"@type":"EntryPoint","urlTemplate":"https:\/\/tropicalwingsbirds.shop\/?s={search_term_string}"},"query-input":{"@type":"PropertyValueSpecification","valueRequired":true,"valueName":"search_term_string"}}],"inLanguage":"fr-CA"},{"@type":["Organization","Place","PetStore"],"@id":"https:\/\/tropicalwingsbirds.shop\/#organization","name":"Tropical Wings Birds Shop","alternateName":"TPWB","url":"https:\/\/tropicalwingsbirds.shop\/","logo":{"@id":"https:\/\/tropicalwingsbirds.shop\/shop\/red-factor-african-grey-for-sale\/#local-main-organization-logo"},"image":{"@id":"https:\/\/tropicalwingsbirds.shop\/shop\/red-factor-african-grey-for-sale\/#local-main-organization-logo"},"sameAs":["https:\/\/web.facebook.com\/profile.php?id=61551502767851&mibextid=2JQ9oc&_rdc=1&_rdr"],"description":"Tropical Wings Birds est votre destination pour des oiseaux exotiques. Notre voli\u00e8re-boutique aux \u00c9tats-Unis propose une s\u00e9lection soign\u00e9e d&#039;oiseaux tropicaux aux couleurs vives, issus d&#039;\u00e9leveurs r\u00e9put\u00e9s du monde entier. Ax\u00e9e sur le bien-\u00eatre et l&#039;expertise, notre \u00e9quipe d\u00e9vou\u00e9e est l\u00e0 pour vous guider dans votre recherche de l&#039;ami \u00e0 plumes id\u00e9al. Rendez-nous visite d\u00e8s aujourd&#039;hui et d\u00e9couvrez la magie de la compagnie des oiseaux chez Tropical Wings Birds.","legalName":"Tropical Wings Birds","foundingDate":"2019-02-14","numberOfEmployees":{"@type":"QuantitativeValue","minValue":"1","maxValue":"10"},"address":{"@id":"https:\/\/tropicalwingsbirds.shop\/shop\/red-factor-african-grey-for-sale\/#local-main-place-address"},"geo":{"@type":"GeoCoordinates","latitude":"40.5976725","longitude":"-122.3716346"},"telephone":["+1 707-733-4623","+1 707-733-4623"],"contactPoint":{"@type":"ContactPoint","telephone":"+1 707-733-4623","email":"sales@tropicalwingsbirds.shop"},"openingHoursSpecification":{"@type":"OpeningHoursSpecification","dayOfWeek":["Monday","Tuesday","Wednesday","Thursday","Friday","Saturday","Sunday"],"opens":"00:00","closes":"23:59"},"email":"sales@tropicalwingsbirds.shop","faxNumber":"+1 707-733-4623","areaServed":"United states, Porto Rico, Canada, Australia","priceRange":"$","currenciesAccepted":"USD, CAD, AUD,","paymentAccepted":"Zelle, Paypal, Bitcoin, Apple pay, Credit cards, Bank transfers"},{"@type":"PostalAddress","@id":"https:\/\/tropicalwingsbirds.shop\/shop\/red-factor-african-grey-for-sale\/#local-main-place-address","streetAddress":"500 Hilltop Dr,","addressLocality":"Redding","postalCode":"96003","addressRegion":"California","addressCountry":"US"},{"@type":"ImageObject","inLanguage":"fr-CA","@id":"https:\/\/tropicalwingsbirds.shop\/shop\/red-factor-african-grey-for-sale\/#local-main-organization-logo","url":"https:\/\/tropicalwingsbirds.shop\/wp-content\/uploads\/2024\/01\/tropical-wings-1.webp","contentUrl":"https:\/\/tropicalwingsbirds.shop\/wp-content\/uploads\/2024\/01\/tropical-wings-1.webp","width":500,"height":500,"caption":"Tropical Wings Birds Shop"}]},"product_price_currency":"USD","og_availability":"instock","product_availability":"instock","product_condition":"new","geo.placename":"Redding","geo.position":{"lat":"40.5976725","long":"-122.3716346"},"geo.region":"United States (US)"},"_links":{"self":[{"href":"https:\/\/tropicalwingsbirds.shop\/fr\/wp-json\/wp\/v2\/product\/2622","targetHints":{"allow":["GET"]}}],"collection":[{"href":"https:\/\/tropicalwingsbirds.shop\/fr\/wp-json\/wp\/v2\/product"}],"about":[{"href":"https:\/\/tropicalwingsbirds.shop\/fr\/wp-json\/wp\/v2\/types\/product"}],"replies":[{"embeddable":true,"href":"https:\/\/tropicalwingsbirds.shop\/fr\/wp-json\/wp\/v2\/comments?post=2622"}],"wp:featuredmedia":[{"embeddable":true,"href":"https:\/\/tropicalwingsbirds.shop\/fr\/wp-json\/wp\/v2\/media\/2665"}],"wp:attachment":[{"href":"https:\/\/tropicalwingsbirds.shop\/fr\/wp-json\/wp\/v2\/media?parent=2622"}],"wp:term":[{"taxonomy":"product_brand","embeddable":true,"href":"https:\/\/tropicalwingsbirds.shop\/fr\/wp-json\/wp\/v2\/product_brand?post=2622"},{"taxonomy":"product_cat","embeddable":true,"href":"https:\/\/tropicalwingsbirds.shop\/fr\/wp-json\/wp\/v2\/product_cat?post=2622"},{"taxonomy":"product_tag","embeddable":true,"href":"https:\/\/tropicalwingsbirds.shop\/fr\/wp-json\/wp\/v2\/product_tag?post=2622"}],"curies":[{"name":"wp","href":"https:\/\/api.w.org\/{rel}","templated":true}]}}