{"id":539,"date":"2023-12-03T14:04:59","date_gmt":"2023-12-03T14:04:59","guid":{"rendered":"https:\/\/tropicalwingsbirds.shop\/?post_type=product&#038;p=539"},"modified":"2023-12-03T14:05:13","modified_gmt":"2023-12-03T14:05:13","slug":"bebe-cacatoes-parapluie-eleve-a-la-main","status":"publish","type":"product","link":"https:\/\/tropicalwingsbirds.shop\/fr\/boutique\/bebe-cacatoes-parapluie-eleve-a-la-main\/","title":{"rendered":"Cacato\u00e8s parapluie \u00e9lev\u00e9 \u00e0 la main pour b\u00e9b\u00e9"},"content":{"rendered":"<div class=\"product-section\">\n<div class=\"row\">\n<div class=\"large-10 col pb-0 mb-0\">\n<div class=\"panel entry-content\">\n<h6>Macaw Parrot Shop n&#039;\u00e9l\u00e8ve pas et ne vend pas seulement des cacato\u00e8s parapluie (Cacatua alba), mais assure la s\u00e9curit\u00e9 et l&#039;adoption de nos oiseaux dans une famille aimante et attentionn\u00e9e.<\/h6>\n<p>Le cacato\u00e8s \u00e0 parapluie (Cacatua alba) est l&#039;une des plus grandes esp\u00e8ces de cacato\u00e8s. Il mesure environ 46 cm de long et p\u00e8se environ 400 g pour les petites femelles et jusqu&#039;\u00e0 800 g pour les grands m\u00e2les. Le cacato\u00e8s blanc m\u00e2le a g\u00e9n\u00e9ralement une t\u00eate plus large et un bec plus grand que la femelle. Ses yeux sont bruns ou noirs et son bec est gris fonc\u00e9. \u00c0 maturit\u00e9, certaines femelles peuvent avoir l&#039;iris rouge\u00e2tre\/brun, tandis que celui du m\u00e2le adulte est brun fonc\u00e9 ou noir.<\/p>\n<p>Les plumes du cacato\u00e8s blanc sont majoritairement blanches. Cependant, les surfaces sup\u00e9rieure et inf\u00e9rieure de la moiti\u00e9 int\u00e9rieure du bord de fuite des grandes plumes des ailes sont jaunes. La couleur jaune du dessous des ailes est particuli\u00e8rement visible. Cela s&#039;explique par le fait que la partie jaune de la surface sup\u00e9rieure de la plume est recouverte. Elle est recouverte par le blanc de la plume imm\u00e9diatement m\u00e9diane (plus pr\u00e8s du corps) et au-dessus. Achetez le cacato\u00e8s parapluie en ligne. De m\u00eame, les zones des grandes plumes de la queue sont recouvertes par d&#039;autres plumes de la queue. De plus, les zones int\u00e9rieures des grandes plumes de la huppe sont jaunes. De courtes plumes blanches poussent sur le haut des pattes et les recouvrent \u00e9troitement. Les plumes de cette esp\u00e8ce et d&#039;autres produisent une poudre semblable au talc qui se d\u00e9pose facilement sur les v\u00eatements.<\/p>\n<p><strong>Cacato\u00e8s blanc<\/strong><\/p>\n<p>En commun avec d&#039;autres\u00a0<a href=\"https:\/\/macawparrotshop.com\/\">cacato\u00e8s<\/a>\u00a0\u00c0 vendre et pour les perroquets, le cacato\u00e8s blanc poss\u00e8de des pattes zygodactyles, dont deux doigts sont dirig\u00e9s vers l&#039;avant et deux vers l&#039;arri\u00e8re. Ces pattes lui permettent de saisir des objets d&#039;un pied tout en se tenant debout sur l&#039;autre, pour se nourrir et manipuler.<\/p>\n<p>L&#039;esp\u00e9rance de vie maximale du cacato\u00e8s blanc est peu document\u00e9e. Quelques zoos rapportent une esp\u00e9rance de vie de 40 \u00e0 60 ans en captivit\u00e9. Des t\u00e9moignages anecdotiques sugg\u00e8rent qu&#039;il peut vivre plus longtemps. Son esp\u00e9rance de vie \u00e0 l&#039;\u00e9tat sauvage est inconnue, mais on estime qu&#039;elle est jusqu&#039;\u00e0 dix ans inf\u00e9rieure. Nous proposons toujours des cacato\u00e8s parapluie \u00e0 la vente, ainsi que d&#039;autres esp\u00e8ces de perroquets.<\/p>\n<p><strong>Macaw Parrot Shop propose l&#039;Amazone \u00e0 t\u00eate jaune double \u00e0 adopter. L&#039;Amazone \u00e0 t\u00eate jaune double est un animal de compagnie depuis des si\u00e8cles et est tr\u00e8s appr\u00e9ci\u00e9e comme oiseau de compagnie. Nos b\u00e9b\u00e9s sont des oiseaux tr\u00e8s intelligents et imaginatifs. Ils recherchent la compagnie de leurs ma\u00eetres et ont parfois tendance \u00e0 devenir agressifs s&#039;ils sont laiss\u00e9s seuls pendant de longues p\u00e9riodes. De plus, un oiseau sans surveillance a tendance \u00e0 m\u00e2chouiller les meubles de la maison.<br \/> <\/strong><\/p>\n<\/p><\/div>\n<\/p><\/div>\n<\/p><\/div>\n<\/p><\/div>","protected":false},"excerpt":{"rendered":"<pre><strong>La boutique Macaw Parrot vend des perroquets cacato\u00e8s parapluie \u00e9lev\u00e9s \u00e0 la main, des b\u00e9b\u00e9s cacato\u00e8s aux cacato\u00e8s adultes. Le cacato\u00e8s blanc, \u00e9galement connu sous le nom de cacato\u00e8s parapluie, est un cacato\u00e8s enti\u00e8rement blanc de taille moyenne, end\u00e9mique de la for\u00eat tropicale humide des \u00eeles d&#039;Indon\u00e9sie. Lorsqu&#039;il est surpris, il \u00e9tend une grande et frappante cr\u00eate de t\u00eate, qui a une forme semi-circulaire. Esp\u00e9rance de vie : 40 \u00e0 60 ans (en captivit\u00e9) Poids : 500 \u00e0 630 g Encyclop\u00e9die de la vie R\u00e8gne : Animalia Nom scientifique : Cacatua alba Longueur : 46 cm Sexe : M\u00e2le \/ Femelle \u00c2ge : 4-9 mois Taille : Petite (Sevr\u00e9e - Peut manger seule) Sant\u00e9 : 100% garanti Le prix varie selon l&#039;\u00e2ge. Nous proposons \u00e0 partir de $750 USD pour les oiseaux de 4 \u00e0 9 mois. Pour les oiseaux adultes ; Oiseau seul : \u00e0 partir de $1900 USD (\u00e0 partir de 28 mois) Couple : \u00e0 partir de $4900 USD (\u00e0 partir de 28 mois)\r  <\/strong><\/pre>","protected":false},"featured_media":561,"comment_status":"closed","ping_status":"closed","template":"","meta":{"site-sidebar-layout":"default","site-content-layout":"","ast-site-content-layout":"default","site-content-style":"default","site-sidebar-style":"default","ast-global-header-display":"","ast-banner-title-visibility":"","ast-main-header-display":"","ast-hfb-above-header-display":"","ast-hfb-below-header-display":"","ast-hfb-mobile-header-display":"","site-post-title":"","ast-breadcrumbs-content":"","ast-featured-img":"","footer-sml-layout":"","theme-transparent-header-meta":"","adv-header-id-meta":"","stick-header-meta":"","header-above-stick-meta":"","header-main-stick-meta":"","header-below-stick-meta":"","astra-migrate-meta-layouts":"default","ast-page-background-enabled":"default","ast-page-background-meta":{"desktop":{"background-color":"var(--ast-global-color-4)","background-image":"","background-repeat":"repeat","background-position":"center center","background-size":"auto","background-attachment":"scroll","background-type":"","background-media":"","overlay-type":"","overlay-color":"","overlay-opacity":"","overlay-gradient":""},"tablet":{"background-color":"","background-image":"","background-repeat":"repeat","background-position":"center center","background-size":"auto","background-attachment":"scroll","background-type":"","background-media":"","overlay-type":"","overlay-color":"","overlay-opacity":"","overlay-gradient":""},"mobile":{"background-color":"","background-image":"","background-repeat":"repeat","background-position":"center center","background-size":"auto","background-attachment":"scroll","background-type":"","background-media":"","overlay-type":"","overlay-color":"","overlay-opacity":"","overlay-gradient":""}},"ast-content-background-meta":{"desktop":{"background-color":"var(--ast-global-color-5)","background-image":"","background-repeat":"repeat","background-position":"center center","background-size":"auto","background-attachment":"scroll","background-type":"","background-media":"","overlay-type":"","overlay-color":"","overlay-opacity":"","overlay-gradient":""},"tablet":{"background-color":"var(--ast-global-color-5)","background-image":"","background-repeat":"repeat","background-position":"center center","background-size":"auto","background-attachment":"scroll","background-type":"","background-media":"","overlay-type":"","overlay-color":"","overlay-opacity":"","overlay-gradient":""},"mobile":{"background-color":"var(--ast-global-color-5)","background-image":"","background-repeat":"repeat","background-position":"center center","background-size":"auto","background-attachment":"scroll","background-type":"","background-media":"","overlay-type":"","overlay-color":"","overlay-opacity":"","overlay-gradient":""}}},"product_brand":[],"product_cat":[70,52],"product_tag":[53],"class_list":{"0":"post-539","1":"product","2":"type-product","3":"status-publish","4":"has-post-thumbnail","6":"product_cat-cockatoo-parrot","7":"product_cat-parrot-birds","8":"product_tag-buy-parrots-online","9":"desktop-align-left","10":"tablet-align-left","11":"mobile-align-left","12":"ast-product-gallery-layout-horizontal-slider","13":"ast-product-gallery-with-no-image","14":"ast-product-tabs-layout-horizontal","15":"ast-qv-on-image","17":"first","18":"instock","19":"shipping-taxable","20":"product-type-simple"},"yoast_head":"<!-- This site is optimized with the Yoast SEO Premium plugin v23.2 (Yoast SEO v26.8) - https:\/\/yoast.com\/product\/yoast-seo-premium-wordpress\/ -->\n<title>Baby Hand Reared Umbrella Cockatoo - Tropical Wings Birds<\/title>\n<meta name=\"robots\" content=\"index, follow, max-snippet:-1, max-image-preview:large, max-video-preview:-1\" \/>\n<link rel=\"canonical\" href=\"https:\/\/tropicalwingsbirds.shop\/fr\/boutique\/bebe-cacatoes-parapluie-eleve-a-la-main\/\" \/>\n<meta property=\"og:locale\" content=\"fr_CA\" \/>\n<meta property=\"og:type\" content=\"article\" \/>\n<meta property=\"og:title\" content=\"Baby Hand Reared Umbrella Cockatoo\" \/>\n<meta property=\"og:description\" content=\"Macaw Parrot shop sells hand reared umbrella Cockatoo parrots from baby cockatoo birds to adult cockatoo parrots.  The white cockatoo, also known as the Umbrella cockatoo, is a medium-sized all-white cockatoo endemic to tropical rain forest on islands of Indonesia.  When surprised, it extends a large and striking head crest, which has a semicircular shape.  Lifespan: 40 \u2013 60 years (In captivity) Mass: 500 \u2013 630 g  Encyclopedia of Life  Kingdom: Animalia  Scientific name: Cacatua alba  Length: 46 cm  Sex : Male \/ Female  Age : 4-9 months Size : Small (Weaned \u2013 Can eat by themselves)  Health : 100% guaranteed  Price varies with age. We offer from $750 USD for birds of 4 to 9 months.  For adult birds;  Single bird: from $1900 USD (From 28 months old) Pair : from $4900 USD (From 28 months old)\" \/>\n<meta property=\"og:url\" content=\"https:\/\/tropicalwingsbirds.shop\/fr\/boutique\/bebe-cacatoes-parapluie-eleve-a-la-main\/\" \/>\n<meta property=\"og:site_name\" content=\"Tropical Wings Birds\" \/>\n<meta property=\"article:publisher\" content=\"https:\/\/web.facebook.com\/profile.php?id=61551502767851&amp;mibextid=2JQ9oc&amp;_rdc=1&amp;_rdr\" \/>\n<meta property=\"article:modified_time\" content=\"2023-12-03T14:05:13+00:00\" \/>\n<meta property=\"og:image\" content=\"https:\/\/tropicalwingsbirds.shop\/wp-content\/uploads\/2023\/12\/F11888099_935095036532341_7699096161972081772_n.jpg\" \/>\n\t<meta property=\"og:image:width\" content=\"500\" \/>\n\t<meta property=\"og:image:height\" content=\"500\" \/>\n\t<meta property=\"og:image:type\" content=\"image\/jpeg\" \/>\n<meta name=\"twitter:card\" content=\"summary_large_image\" \/>\n<meta name=\"twitter:label1\" content=\"Price\" \/>\n\t<meta name=\"twitter:data1\" content=\"\" \/>\n\t<meta name=\"twitter:label2\" content=\"Availability\" \/>\n\t<meta name=\"twitter:data2\" content=\"In stock\" \/>\n<script type=\"application\/ld+json\" class=\"yoast-schema-graph\">{\"@context\":\"https:\/\/schema.org\",\"@graph\":[{\"@type\":\"WebPage\",\"@id\":\"https:\/\/tropicalwingsbirds.shop\/shop\/baby-hand-reared-umbrella-cockatoo\/\",\"url\":\"https:\/\/tropicalwingsbirds.shop\/shop\/baby-hand-reared-umbrella-cockatoo\/\",\"name\":\"Baby Hand Reared Umbrella Cockatoo - Tropical Wings Birds\",\"isPartOf\":{\"@id\":\"https:\/\/tropicalwingsbirds.shop\/#website\"},\"primaryImageOfPage\":{\"@id\":\"https:\/\/tropicalwingsbirds.shop\/shop\/baby-hand-reared-umbrella-cockatoo\/#primaryimage\"},\"image\":{\"@id\":\"https:\/\/tropicalwingsbirds.shop\/shop\/baby-hand-reared-umbrella-cockatoo\/#primaryimage\"},\"thumbnailUrl\":\"https:\/\/tropicalwingsbirds.shop\/wp-content\/uploads\/2023\/12\/F11888099_935095036532341_7699096161972081772_n.jpg\",\"datePublished\":\"2023-12-03T14:04:59+00:00\",\"dateModified\":\"2023-12-03T14:05:13+00:00\",\"breadcrumb\":{\"@id\":\"https:\/\/tropicalwingsbirds.shop\/shop\/baby-hand-reared-umbrella-cockatoo\/#breadcrumb\"},\"inLanguage\":\"fr-CA\",\"potentialAction\":[{\"@type\":\"ReadAction\",\"target\":[\"https:\/\/tropicalwingsbirds.shop\/shop\/baby-hand-reared-umbrella-cockatoo\/\"]}]},{\"@type\":\"ImageObject\",\"inLanguage\":\"fr-CA\",\"@id\":\"https:\/\/tropicalwingsbirds.shop\/shop\/baby-hand-reared-umbrella-cockatoo\/#primaryimage\",\"url\":\"https:\/\/tropicalwingsbirds.shop\/wp-content\/uploads\/2023\/12\/F11888099_935095036532341_7699096161972081772_n.jpg\",\"contentUrl\":\"https:\/\/tropicalwingsbirds.shop\/wp-content\/uploads\/2023\/12\/F11888099_935095036532341_7699096161972081772_n.jpg\",\"width\":500,\"height\":500},{\"@type\":\"BreadcrumbList\",\"@id\":\"https:\/\/tropicalwingsbirds.shop\/shop\/baby-hand-reared-umbrella-cockatoo\/#breadcrumb\",\"itemListElement\":[{\"@type\":\"ListItem\",\"position\":1,\"name\":\"Home\",\"item\":\"https:\/\/tropicalwingsbirds.shop\/\"},{\"@type\":\"ListItem\",\"position\":2,\"name\":\"Shop\",\"item\":\"https:\/\/tropicalwingsbirds.shop\/shop\/\"},{\"@type\":\"ListItem\",\"position\":3,\"name\":\"Baby Hand Reared Umbrella Cockatoo\"}]},{\"@type\":\"WebSite\",\"@id\":\"https:\/\/tropicalwingsbirds.shop\/#website\",\"url\":\"https:\/\/tropicalwingsbirds.shop\/\",\"name\":\"Tropical Wings Birds\",\"description\":\"Best Exotic birds breeders online\",\"publisher\":{\"@id\":\"https:\/\/tropicalwingsbirds.shop\/#organization\"},\"potentialAction\":[{\"@type\":\"SearchAction\",\"target\":{\"@type\":\"EntryPoint\",\"urlTemplate\":\"https:\/\/tropicalwingsbirds.shop\/?s={search_term_string}\"},\"query-input\":{\"@type\":\"PropertyValueSpecification\",\"valueRequired\":true,\"valueName\":\"search_term_string\"}}],\"inLanguage\":\"fr-CA\"},{\"@type\":[\"Organization\",\"Place\",\"PetStore\"],\"@id\":\"https:\/\/tropicalwingsbirds.shop\/#organization\",\"name\":\"Tropical Wings Birds Shop\",\"alternateName\":\"TPWB\",\"url\":\"https:\/\/tropicalwingsbirds.shop\/\",\"logo\":{\"@id\":\"https:\/\/tropicalwingsbirds.shop\/shop\/baby-hand-reared-umbrella-cockatoo\/#local-main-organization-logo\"},\"image\":{\"@id\":\"https:\/\/tropicalwingsbirds.shop\/shop\/baby-hand-reared-umbrella-cockatoo\/#local-main-organization-logo\"},\"sameAs\":[\"https:\/\/web.facebook.com\/profile.php?id=61551502767851&mibextid=2JQ9oc&_rdc=1&_rdr\"],\"description\":\"Tropical Wings Birds is your destination for exotic avian companionship. Our boutique aviary in United States offers a curated selection of vibrant tropical birds sourced from reputable breeders worldwide. With a focus on welfare and expertise, our dedicated team is here to guide you on your journey to finding the perfect feathered friend. Visit us today and experience the magic of avian companionship at Tropical Wings Birds.\",\"legalName\":\"Tropical Wings Birds\",\"foundingDate\":\"2019-02-14\",\"numberOfEmployees\":{\"@type\":\"QuantitativeValue\",\"minValue\":\"1\",\"maxValue\":\"10\"},\"address\":{\"@id\":\"https:\/\/tropicalwingsbirds.shop\/shop\/baby-hand-reared-umbrella-cockatoo\/#local-main-place-address\"},\"geo\":{\"@type\":\"GeoCoordinates\",\"latitude\":\"40.5976725\",\"longitude\":\"-122.3716346\"},\"telephone\":[\"+1 707-733-4623\",\"+1 707-733-4623\"],\"contactPoint\":{\"@type\":\"ContactPoint\",\"telephone\":\"+1 707-733-4623\",\"email\":\"sales@tropicalwingsbirds.shop\"},\"openingHoursSpecification\":{\"@type\":\"OpeningHoursSpecification\",\"dayOfWeek\":[\"Monday\",\"Tuesday\",\"Wednesday\",\"Thursday\",\"Friday\",\"Saturday\",\"Sunday\"],\"opens\":\"00:00\",\"closes\":\"23:59\"},\"email\":\"sales@tropicalwingsbirds.shop\",\"faxNumber\":\"+1 707-733-4623\",\"areaServed\":\"United states, Porto Rico, Canada, Australia\",\"priceRange\":\"$\",\"currenciesAccepted\":\"USD, CAD, AUD,\",\"paymentAccepted\":\"Zelle, Paypal, Bitcoin, Apple pay, Credit cards, Bank transfers\"},{\"@type\":\"PostalAddress\",\"@id\":\"https:\/\/tropicalwingsbirds.shop\/shop\/baby-hand-reared-umbrella-cockatoo\/#local-main-place-address\",\"streetAddress\":\"500 Hilltop Dr,\",\"addressLocality\":\"Redding\",\"postalCode\":\"96003\",\"addressRegion\":\"California\",\"addressCountry\":\"US\"},{\"@type\":\"ImageObject\",\"inLanguage\":\"fr-CA\",\"@id\":\"https:\/\/tropicalwingsbirds.shop\/shop\/baby-hand-reared-umbrella-cockatoo\/#local-main-organization-logo\",\"url\":\"https:\/\/tropicalwingsbirds.shop\/wp-content\/uploads\/2024\/01\/tropical-wings-1.webp\",\"contentUrl\":\"https:\/\/tropicalwingsbirds.shop\/wp-content\/uploads\/2024\/01\/tropical-wings-1.webp\",\"width\":500,\"height\":500,\"caption\":\"Tropical Wings Birds Shop\"}]}<\/script>\n<meta property=\"product:price:currency\" content=\"USD\" \/>\n<meta property=\"og:availability\" content=\"instock\" \/>\n<meta property=\"product:availability\" content=\"instock\" \/>\n<meta property=\"product:condition\" content=\"new\" \/>\n<meta name=\"geo.placename\" content=\"Redding\" \/>\n<meta name=\"geo.position\" content=\"40.5976725;-122.3716346\" \/>\n<meta name=\"geo.region\" content=\"United States (US)\" \/>\n<!-- \/ Yoast SEO Premium plugin. -->","yoast_head_json":{"title":"Cacato\u00e8s parapluie \u00e9lev\u00e9 \u00e0 la main - Oiseaux tropicaux","robots":{"index":"index","follow":"follow","max-snippet":"max-snippet:-1","max-image-preview":"max-image-preview:large","max-video-preview":"max-video-preview:-1"},"canonical":"https:\/\/tropicalwingsbirds.shop\/fr\/boutique\/bebe-cacatoes-parapluie-eleve-a-la-main\/","og_locale":"fr_CA","og_type":"article","og_title":"Baby Hand Reared Umbrella Cockatoo","og_description":"Macaw Parrot shop sells hand reared umbrella Cockatoo parrots from baby cockatoo birds to adult cockatoo parrots.  The white cockatoo, also known as the Umbrella cockatoo, is a medium-sized all-white cockatoo endemic to tropical rain forest on islands of Indonesia.  When surprised, it extends a large and striking head crest, which has a semicircular shape.  Lifespan: 40 \u2013 60 years (In captivity) Mass: 500 \u2013 630 g  Encyclopedia of Life  Kingdom: Animalia  Scientific name: Cacatua alba  Length: 46 cm  Sex : Male \/ Female  Age : 4-9 months Size : Small (Weaned \u2013 Can eat by themselves)  Health : 100% guaranteed  Price varies with age. We offer from $750 USD for birds of 4 to 9 months.  For adult birds;  Single bird: from $1900 USD (From 28 months old) Pair : from $4900 USD (From 28 months old)","og_url":"https:\/\/tropicalwingsbirds.shop\/fr\/boutique\/bebe-cacatoes-parapluie-eleve-a-la-main\/","og_site_name":"Tropical Wings Birds","article_publisher":"https:\/\/web.facebook.com\/profile.php?id=61551502767851&mibextid=2JQ9oc&_rdc=1&_rdr","article_modified_time":"2023-12-03T14:05:13+00:00","og_image":[{"width":500,"height":500,"url":"https:\/\/tropicalwingsbirds.shop\/wp-content\/uploads\/2023\/12\/F11888099_935095036532341_7699096161972081772_n.jpg","type":"image\/jpeg"}],"twitter_card":"summary_large_image","twitter_misc":{"Price":"","Availability":"In stock"},"schema":{"@context":"https:\/\/schema.org","@graph":[{"@type":"WebPage","@id":"https:\/\/tropicalwingsbirds.shop\/shop\/baby-hand-reared-umbrella-cockatoo\/","url":"https:\/\/tropicalwingsbirds.shop\/shop\/baby-hand-reared-umbrella-cockatoo\/","name":"Cacato\u00e8s parapluie \u00e9lev\u00e9 \u00e0 la main - Oiseaux tropicaux","isPartOf":{"@id":"https:\/\/tropicalwingsbirds.shop\/#website"},"primaryImageOfPage":{"@id":"https:\/\/tropicalwingsbirds.shop\/shop\/baby-hand-reared-umbrella-cockatoo\/#primaryimage"},"image":{"@id":"https:\/\/tropicalwingsbirds.shop\/shop\/baby-hand-reared-umbrella-cockatoo\/#primaryimage"},"thumbnailUrl":"https:\/\/tropicalwingsbirds.shop\/wp-content\/uploads\/2023\/12\/F11888099_935095036532341_7699096161972081772_n.jpg","datePublished":"2023-12-03T14:04:59+00:00","dateModified":"2023-12-03T14:05:13+00:00","breadcrumb":{"@id":"https:\/\/tropicalwingsbirds.shop\/shop\/baby-hand-reared-umbrella-cockatoo\/#breadcrumb"},"inLanguage":"fr-CA","potentialAction":[{"@type":"ReadAction","target":["https:\/\/tropicalwingsbirds.shop\/shop\/baby-hand-reared-umbrella-cockatoo\/"]}]},{"@type":"ImageObject","inLanguage":"fr-CA","@id":"https:\/\/tropicalwingsbirds.shop\/shop\/baby-hand-reared-umbrella-cockatoo\/#primaryimage","url":"https:\/\/tropicalwingsbirds.shop\/wp-content\/uploads\/2023\/12\/F11888099_935095036532341_7699096161972081772_n.jpg","contentUrl":"https:\/\/tropicalwingsbirds.shop\/wp-content\/uploads\/2023\/12\/F11888099_935095036532341_7699096161972081772_n.jpg","width":500,"height":500},{"@type":"BreadcrumbList","@id":"https:\/\/tropicalwingsbirds.shop\/shop\/baby-hand-reared-umbrella-cockatoo\/#breadcrumb","itemListElement":[{"@type":"ListItem","position":1,"name":"Home","item":"https:\/\/tropicalwingsbirds.shop\/"},{"@type":"ListItem","position":2,"name":"Shop","item":"https:\/\/tropicalwingsbirds.shop\/shop\/"},{"@type":"ListItem","position":3,"name":"Baby Hand Reared Umbrella Cockatoo"}]},{"@type":"WebSite","@id":"https:\/\/tropicalwingsbirds.shop\/#website","url":"https:\/\/tropicalwingsbirds.shop\/","name":"Oiseaux aux ailes tropicales","description":"Meilleurs \u00e9leveurs d&#039;oiseaux exotiques en ligne","publisher":{"@id":"https:\/\/tropicalwingsbirds.shop\/#organization"},"potentialAction":[{"@type":"SearchAction","target":{"@type":"EntryPoint","urlTemplate":"https:\/\/tropicalwingsbirds.shop\/?s={search_term_string}"},"query-input":{"@type":"PropertyValueSpecification","valueRequired":true,"valueName":"search_term_string"}}],"inLanguage":"fr-CA"},{"@type":["Organization","Place","PetStore"],"@id":"https:\/\/tropicalwingsbirds.shop\/#organization","name":"Tropical Wings Birds Shop","alternateName":"TPWB","url":"https:\/\/tropicalwingsbirds.shop\/","logo":{"@id":"https:\/\/tropicalwingsbirds.shop\/shop\/baby-hand-reared-umbrella-cockatoo\/#local-main-organization-logo"},"image":{"@id":"https:\/\/tropicalwingsbirds.shop\/shop\/baby-hand-reared-umbrella-cockatoo\/#local-main-organization-logo"},"sameAs":["https:\/\/web.facebook.com\/profile.php?id=61551502767851&mibextid=2JQ9oc&_rdc=1&_rdr"],"description":"Tropical Wings Birds est votre destination pour des oiseaux exotiques. Notre voli\u00e8re-boutique aux \u00c9tats-Unis propose une s\u00e9lection soign\u00e9e d&#039;oiseaux tropicaux aux couleurs vives, issus d&#039;\u00e9leveurs r\u00e9put\u00e9s du monde entier. Ax\u00e9e sur le bien-\u00eatre et l&#039;expertise, notre \u00e9quipe d\u00e9vou\u00e9e est l\u00e0 pour vous guider dans votre recherche de l&#039;ami \u00e0 plumes id\u00e9al. Rendez-nous visite d\u00e8s aujourd&#039;hui et d\u00e9couvrez la magie de la compagnie des oiseaux chez Tropical Wings Birds.","legalName":"Tropical Wings Birds","foundingDate":"2019-02-14","numberOfEmployees":{"@type":"QuantitativeValue","minValue":"1","maxValue":"10"},"address":{"@id":"https:\/\/tropicalwingsbirds.shop\/shop\/baby-hand-reared-umbrella-cockatoo\/#local-main-place-address"},"geo":{"@type":"GeoCoordinates","latitude":"40.5976725","longitude":"-122.3716346"},"telephone":["+1 707-733-4623","+1 707-733-4623"],"contactPoint":{"@type":"ContactPoint","telephone":"+1 707-733-4623","email":"sales@tropicalwingsbirds.shop"},"openingHoursSpecification":{"@type":"OpeningHoursSpecification","dayOfWeek":["Monday","Tuesday","Wednesday","Thursday","Friday","Saturday","Sunday"],"opens":"00:00","closes":"23:59"},"email":"sales@tropicalwingsbirds.shop","faxNumber":"+1 707-733-4623","areaServed":"United states, Porto Rico, Canada, Australia","priceRange":"$","currenciesAccepted":"USD, CAD, AUD,","paymentAccepted":"Zelle, Paypal, Bitcoin, Apple pay, Credit cards, Bank transfers"},{"@type":"PostalAddress","@id":"https:\/\/tropicalwingsbirds.shop\/shop\/baby-hand-reared-umbrella-cockatoo\/#local-main-place-address","streetAddress":"500 Hilltop Dr,","addressLocality":"Redding","postalCode":"96003","addressRegion":"California","addressCountry":"US"},{"@type":"ImageObject","inLanguage":"fr-CA","@id":"https:\/\/tropicalwingsbirds.shop\/shop\/baby-hand-reared-umbrella-cockatoo\/#local-main-organization-logo","url":"https:\/\/tropicalwingsbirds.shop\/wp-content\/uploads\/2024\/01\/tropical-wings-1.webp","contentUrl":"https:\/\/tropicalwingsbirds.shop\/wp-content\/uploads\/2024\/01\/tropical-wings-1.webp","width":500,"height":500,"caption":"Tropical Wings Birds Shop"}]},"product_price_currency":"USD","og_availability":"instock","product_availability":"instock","product_condition":"new","geo.placename":"Redding","geo.position":{"lat":"40.5976725","long":"-122.3716346"},"geo.region":"United States (US)"},"jetpack_sharing_enabled":true,"_links":{"self":[{"href":"https:\/\/tropicalwingsbirds.shop\/fr\/wp-json\/wp\/v2\/product\/539","targetHints":{"allow":["GET"]}}],"collection":[{"href":"https:\/\/tropicalwingsbirds.shop\/fr\/wp-json\/wp\/v2\/product"}],"about":[{"href":"https:\/\/tropicalwingsbirds.shop\/fr\/wp-json\/wp\/v2\/types\/product"}],"replies":[{"embeddable":true,"href":"https:\/\/tropicalwingsbirds.shop\/fr\/wp-json\/wp\/v2\/comments?post=539"}],"wp:featuredmedia":[{"embeddable":true,"href":"https:\/\/tropicalwingsbirds.shop\/fr\/wp-json\/wp\/v2\/media\/561"}],"wp:attachment":[{"href":"https:\/\/tropicalwingsbirds.shop\/fr\/wp-json\/wp\/v2\/media?parent=539"}],"wp:term":[{"taxonomy":"product_brand","embeddable":true,"href":"https:\/\/tropicalwingsbirds.shop\/fr\/wp-json\/wp\/v2\/product_brand?post=539"},{"taxonomy":"product_cat","embeddable":true,"href":"https:\/\/tropicalwingsbirds.shop\/fr\/wp-json\/wp\/v2\/product_cat?post=539"},{"taxonomy":"product_tag","embeddable":true,"href":"https:\/\/tropicalwingsbirds.shop\/fr\/wp-json\/wp\/v2\/product_tag?post=539"}],"curies":[{"name":"wp","href":"https:\/\/api.w.org\/{rel}","templated":true}]}}