{"id":544,"date":"2023-12-03T14:05:00","date_gmt":"2023-12-03T14:05:00","guid":{"rendered":"https:\/\/tropicalwingsbirds.shop\/?post_type=product&#038;p=544"},"modified":"2026-04-17T22:03:29","modified_gmt":"2026-04-17T22:03:29","slug":"green-winged-macaw","status":"publish","type":"product","link":"https:\/\/tropicalwingsbirds.shop\/fr\/boutique\/green-winged-macaw\/","title":{"rendered":"Ara \u00e0 ailes vertes"},"content":{"rendered":"<div class=\"product-section\">\n<div class=\"row\">\n<div class=\"large-10 col pb-0 mb-0\">\n<div class=\"panel entry-content\">\n<p>The\u00a0Green Winged Macaw is a large bird. It is of the genus ara and belongs to the order of\u00a0<a href=\"https:\/\/macawparrotshop.com\">perroquets<\/a>.\u00a0 The Green-winged Macaw sometimes loses tiny red feathers around the face. Typical of an ara is the strong and large bill. Its strong toes are grey. Gender can\u2019t be told easily because females and males don\u2019t differ in their appearance.<\/p>\n<p>The green-winged macaw is a large parrot covered with mostly red plumage. Buy Green Winged Macaw Online. The wing and tail feathers are blue and green, hence its name. This macaw has a white naked face, striped with small red feathers. Buy\u00a0Green-winged Macaw\u00a0Online.<\/p>\n<h3>Caract\u00e9ristiques;<\/h3>\n<p>Taille Environ 65\u201392,5 cm (26\u201337 po) ; envergure 102\u2013122,5 cm (41\u201349 po).<br \/> Poids Environ 1250\u20131700 g (43,8\u201359,5 oz).<br \/> R\u00e9gime alimentaire Se nourrit de graines, de fruits, de noix, de baies, de feuilles, de sels et de min\u00e9raux des berges des rivi\u00e8res.<br \/> Incubation Environ 28 jours.<br \/> Taille de la couv\u00e9e Jusqu&#039;\u00e0 3 \u0153ufs.<br \/> Dur\u00e9e de l&#039;oisillon : 90 \u00e0 100 jours.<br \/> Maturit\u00e9 sexuelle 3\u20134 ans.<br \/> Dur\u00e9e de vie Jusqu\u2019\u00e0 60\u201380 ans.<br \/> Aire de r\u00e9partition Largement distribu\u00e9e dans toute l&#039;Am\u00e9rique du Sud.<br \/> Habitat On le trouve dans les for\u00eats tropicales humides, les savanes et les mangroves.<\/p>\n<h3>Ailes;<\/h3>\n<p>The\u00a0Red and Green Macaw achieves a wingspan up to 125 centimeters and a weight of up to 1700 grams and a total body length of up to 100 centimeters. Aside from the Hyacinth Macaw, it is the biggest species of the macaw family. Young Red and Green Macaws differ from adults. In contrast to old individuals, their iris is brown, not yellow and the lower beak isn\u2019t black but grey. Buy Green Winged Macaw Online.<\/p>\n<p>Les aras \u00e0 ailes vertes sont souvent confondus avec les aras rouges\u00a0; l&#039;aile verte a des plumes faciales et des plumes vertes au lieu de jaunes. Les aras \u00e0 ailes vertes sont plus lourds que les aras bleus et or et les aras rouges. Les aras \u00e0 ailes vertes s&#039;entendent bien avec la plupart des autres aras de leur taille\u00a0; il est donc acceptable de garder deux aras ensemble, mais il faut \u00e9viter que des oiseaux d&#039;esp\u00e8ces diff\u00e9rentes se reproduisent.<\/p>\n<h2>Temp\u00e9rament de l&#039;ara \u00e0 ailes vertes<\/h2>\n<div>\u00c9tant l&#039;une des plus grandes esp\u00e8ces de perroquets, leur bec est incroyablement puissant. Bien qu&#039;ils soient parmi les plus doux, les aras \u00e0 ailes vertes pr\u00e9sentant des troubles du comportement peuvent repr\u00e9senter un risque de morsure pour les familles avec de jeunes enfants (et des petits doigts). La plupart des esp\u00e8ces de perroquets d\u00e9velopperont des troubles du comportement s&#039;ils ne re\u00e7oivent pas suffisamment d&#039;attention de votre part ou de leur entourage.<\/div>\n<div><\/div>\n<div>Les aras \u00e0 ailes vertes sont dociles et affectueux, g\u00e9n\u00e9ralement calmes et d\u00e9contract\u00e9s. Ils sont amicaux et n\u00e9cessitent quelques heures d&#039;interaction quotidienne avec vous. Ces oiseaux sont brillants\u00a0; ils peuvent apprendre \u00e0 parler et \u00e0 faire des tours.<\/div>\n<h2>Prendre soin des aras \u00e0 ailes vertes<\/h2>\n<div>Dans la nature, les aras \u00e0 ailes vertes vivent en groupes de six \u00e0 huit oiseaux\u00a0; ils sont tr\u00e8s sociables. Ils sont tr\u00e8s r\u00e9ceptifs au dressage et, de par leur nature sociable, ils doivent b\u00e9n\u00e9ficier d&#039;une attention et d&#039;un temps de complicit\u00e9 ad\u00e9quats. Un ara qui s&#039;ennuie est un ara destructeur.<\/div>\n<div><\/div>\n<div>Pr\u00e9voyez de passer beaucoup de temps \u00e0 socialiser avec votre oiseau. En accueillant un ara \u00e0 ailes vertes chez vous, vous devenez de fait son \u00ab groupe \u00bb et devez l&#039;inclure dans les activit\u00e9s familiales.<\/div>\n<div><\/div>\n<div>Un grand ara comme l&#039;ara \u00e0 ailes vertes a besoin d&#039;une cage spacieuse\u00a0: 75\u00a0cm sur 90\u00a0cm au minimum. L&#039;ara \u00e0 ailes vertes est un oiseau un peu plus silencieux que certains autres grands aras, mais il n&#039;en demeure pas moins une esp\u00e8ce bruyante.<\/div>\n<div><\/div>\n<div>Installez un perchoir solide dans la cage et pr\u00e9voyez de le remplacer r\u00e9guli\u00e8rement s&#039;il est endommag\u00e9. Les gamelles de nourriture, d&#039;eau et de friandises doivent \u00eatre plac\u00e9es au-dessus du perchoir, sur le c\u00f4t\u00e9 de la cage. Des branches \u00e0 l&#039;int\u00e9rieur de l&#039;enclos permettront \u00e0 l&#039;oiseau de grimper. Pr\u00e9voyez divers jouets \u00e0 m\u00e2cher et \u00e0 jouer. Un parc de jeu au sommet de la cage est une bonne id\u00e9e.<\/div>\n<\/p><\/div>\n<\/p><\/div>\n<\/p><\/div>\n<\/p><\/div>","protected":false},"excerpt":{"rendered":"<pre><strong>Green winged macaw parrot baby ready for rehoming. We have baby parrots available now and ready for adoption.<\/strong>\r <strong>Sexe : M\u00e2le \/ Femelle \u00c2ge : 4-9 mois <\/strong>\r <strong>Taille : Petite (sevr\u00e9e \u2013 Peut manger seule) <\/strong>\r <strong>Sant\u00e9 : 100% garanti\r  <\/strong>\r <strong>Price varies with age.\u00a0 We offer from $1900 to 3000 USD for birds of 06 to 13 months.<\/strong>\r      <\/pre>","protected":false},"featured_media":564,"comment_status":"closed","ping_status":"closed","template":"","meta":{"site-sidebar-layout":"","site-content-layout":"","ast-site-content-layout":"","site-content-style":"","site-sidebar-style":"","ast-global-header-display":"","ast-banner-title-visibility":"","ast-main-header-display":"","ast-hfb-above-header-display":"","ast-hfb-below-header-display":"","ast-hfb-mobile-header-display":"","site-post-title":"","ast-breadcrumbs-content":"","ast-featured-img":"","footer-sml-layout":"","theme-transparent-header-meta":"","adv-header-id-meta":"","stick-header-meta":"","header-above-stick-meta":"","header-main-stick-meta":"","header-below-stick-meta":"","astra-migrate-meta-layouts":"","ast-page-background-enabled":"default","ast-page-background-meta":{"desktop":{"background-color":"var(--ast-global-color-4)","background-image":"","background-repeat":"repeat","background-position":"center center","background-size":"auto","background-attachment":"scroll","background-type":"","background-media":"","overlay-type":"","overlay-color":"","overlay-opacity":"","overlay-gradient":""},"tablet":{"background-color":"","background-image":"","background-repeat":"repeat","background-position":"center center","background-size":"auto","background-attachment":"scroll","background-type":"","background-media":"","overlay-type":"","overlay-color":"","overlay-opacity":"","overlay-gradient":""},"mobile":{"background-color":"","background-image":"","background-repeat":"repeat","background-position":"center center","background-size":"auto","background-attachment":"scroll","background-type":"","background-media":"","overlay-type":"","overlay-color":"","overlay-opacity":"","overlay-gradient":""}},"ast-content-background-meta":{"desktop":{"background-color":"var(--ast-global-color-5)","background-image":"","background-repeat":"repeat","background-position":"center center","background-size":"auto","background-attachment":"scroll","background-type":"","background-media":"","overlay-type":"","overlay-color":"","overlay-opacity":"","overlay-gradient":""},"tablet":{"background-color":"var(--ast-global-color-5)","background-image":"","background-repeat":"repeat","background-position":"center center","background-size":"auto","background-attachment":"scroll","background-type":"","background-media":"","overlay-type":"","overlay-color":"","overlay-opacity":"","overlay-gradient":""},"mobile":{"background-color":"var(--ast-global-color-5)","background-image":"","background-repeat":"repeat","background-position":"center center","background-size":"auto","background-attachment":"scroll","background-type":"","background-media":"","overlay-type":"","overlay-color":"","overlay-opacity":"","overlay-gradient":""}}},"product_brand":[],"product_cat":[156],"product_tag":[53],"class_list":{"0":"post-544","1":"product","2":"type-product","3":"status-publish","4":"has-post-thumbnail","6":"product_cat-parrots","7":"product_tag-buy-parrots-online","8":"desktop-align-left","9":"tablet-align-left","10":"mobile-align-left","11":"ast-product-gallery-layout-horizontal-slider","12":"ast-product-gallery-with-no-image","13":"ast-product-tabs-layout-horizontal","14":"ast-qv-on-image","16":"first","17":"instock","18":"shipping-taxable","19":"product-type-simple"},"yoast_head":"<!-- This site is optimized with the Yoast SEO Premium plugin v23.2 (Yoast SEO v26.8) - https:\/\/yoast.com\/product\/yoast-seo-premium-wordpress\/ -->\n<title>Green winged macaw for Sale | Tropical Wings Birds<\/title>\n<meta name=\"description\" content=\"Buy a green winged macaw from a trusted breeder. Hand-fed, health-certified, closed-leg-ringed with full documentation. Worldwide shipping available.\" \/>\n<meta name=\"robots\" content=\"index, follow, max-snippet:-1, max-image-preview:large, max-video-preview:-1\" \/>\n<link rel=\"canonical\" href=\"https:\/\/tropicalwingsbirds.shop\/fr\/boutique\/green-winged-macaw\/\" \/>\n<meta property=\"og:locale\" content=\"fr_CA\" \/>\n<meta property=\"og:type\" content=\"article\" \/>\n<meta property=\"og:title\" content=\"Green winged macaw\" \/>\n<meta property=\"og:description\" content=\"Buy a green winged macaw from a trusted breeder. Hand-fed, health-certified, closed-leg-ringed with full documentation. Worldwide shipping available.\" \/>\n<meta property=\"og:url\" content=\"https:\/\/tropicalwingsbirds.shop\/fr\/boutique\/green-winged-macaw\/\" \/>\n<meta property=\"og:site_name\" content=\"Tropical Wings Birds\" \/>\n<meta property=\"article:publisher\" content=\"https:\/\/web.facebook.com\/profile.php?id=61551502767851&amp;mibextid=2JQ9oc&amp;_rdc=1&amp;_rdr\" \/>\n<meta property=\"article:modified_time\" content=\"2026-04-17T22:03:29+00:00\" \/>\n<meta property=\"og:image\" content=\"https:\/\/tropicalwingsbirds.shop\/wp-content\/uploads\/2023\/12\/24332189_301010620419410_1006768762570932224_n-2.jpg\" \/>\n\t<meta property=\"og:image:width\" content=\"1080\" \/>\n\t<meta property=\"og:image:height\" content=\"1350\" \/>\n\t<meta property=\"og:image:type\" content=\"image\/jpeg\" \/>\n<meta name=\"twitter:card\" content=\"summary_large_image\" \/>\n<meta name=\"twitter:label1\" content=\"Price\" \/>\n\t<meta name=\"twitter:data1\" content=\"\" \/>\n\t<meta name=\"twitter:label2\" content=\"Availability\" \/>\n\t<meta name=\"twitter:data2\" content=\"In stock\" \/>\n<script type=\"application\/ld+json\" class=\"yoast-schema-graph\">{\"@context\":\"https:\/\/schema.org\",\"@graph\":[{\"@type\":\"WebPage\",\"@id\":\"https:\/\/tropicalwingsbirds.shop\/shop\/green-winged-macaw\/\",\"url\":\"https:\/\/tropicalwingsbirds.shop\/shop\/green-winged-macaw\/\",\"name\":\"Green winged macaw for Sale | Tropical Wings Birds\",\"isPartOf\":{\"@id\":\"https:\/\/tropicalwingsbirds.shop\/#website\"},\"primaryImageOfPage\":{\"@id\":\"https:\/\/tropicalwingsbirds.shop\/shop\/green-winged-macaw\/#primaryimage\"},\"image\":{\"@id\":\"https:\/\/tropicalwingsbirds.shop\/shop\/green-winged-macaw\/#primaryimage\"},\"thumbnailUrl\":\"https:\/\/tropicalwingsbirds.shop\/wp-content\/uploads\/2023\/12\/24332189_301010620419410_1006768762570932224_n-2.jpg\",\"datePublished\":\"2023-12-03T14:05:00+00:00\",\"dateModified\":\"2026-04-17T22:03:29+00:00\",\"description\":\"Buy a green winged macaw from a trusted breeder. Hand-fed, health-certified, closed-leg-ringed with full documentation. Worldwide shipping available.\",\"breadcrumb\":{\"@id\":\"https:\/\/tropicalwingsbirds.shop\/shop\/green-winged-macaw\/#breadcrumb\"},\"inLanguage\":\"fr-CA\",\"potentialAction\":[{\"@type\":\"ReadAction\",\"target\":[\"https:\/\/tropicalwingsbirds.shop\/shop\/green-winged-macaw\/\"]}]},{\"@type\":\"ImageObject\",\"inLanguage\":\"fr-CA\",\"@id\":\"https:\/\/tropicalwingsbirds.shop\/shop\/green-winged-macaw\/#primaryimage\",\"url\":\"https:\/\/tropicalwingsbirds.shop\/wp-content\/uploads\/2023\/12\/24332189_301010620419410_1006768762570932224_n-2.jpg\",\"contentUrl\":\"https:\/\/tropicalwingsbirds.shop\/wp-content\/uploads\/2023\/12\/24332189_301010620419410_1006768762570932224_n-2.jpg\",\"width\":1080,\"height\":1350},{\"@type\":\"BreadcrumbList\",\"@id\":\"https:\/\/tropicalwingsbirds.shop\/shop\/green-winged-macaw\/#breadcrumb\",\"itemListElement\":[{\"@type\":\"ListItem\",\"position\":1,\"name\":\"Home\",\"item\":\"https:\/\/tropicalwingsbirds.shop\/\"},{\"@type\":\"ListItem\",\"position\":2,\"name\":\"Shop\",\"item\":\"https:\/\/tropicalwingsbirds.shop\/shop\/\"},{\"@type\":\"ListItem\",\"position\":3,\"name\":\"Green winged macaw\"}]},{\"@type\":\"WebSite\",\"@id\":\"https:\/\/tropicalwingsbirds.shop\/#website\",\"url\":\"https:\/\/tropicalwingsbirds.shop\/\",\"name\":\"Tropical Wings Birds\",\"description\":\"Best Exotic birds breeders online\",\"publisher\":{\"@id\":\"https:\/\/tropicalwingsbirds.shop\/#organization\"},\"potentialAction\":[{\"@type\":\"SearchAction\",\"target\":{\"@type\":\"EntryPoint\",\"urlTemplate\":\"https:\/\/tropicalwingsbirds.shop\/?s={search_term_string}\"},\"query-input\":{\"@type\":\"PropertyValueSpecification\",\"valueRequired\":true,\"valueName\":\"search_term_string\"}}],\"inLanguage\":\"fr-CA\"},{\"@type\":[\"Organization\",\"Place\",\"PetStore\"],\"@id\":\"https:\/\/tropicalwingsbirds.shop\/#organization\",\"name\":\"Tropical Wings Birds Shop\",\"alternateName\":\"TPWB\",\"url\":\"https:\/\/tropicalwingsbirds.shop\/\",\"logo\":{\"@id\":\"https:\/\/tropicalwingsbirds.shop\/shop\/green-winged-macaw\/#local-main-organization-logo\"},\"image\":{\"@id\":\"https:\/\/tropicalwingsbirds.shop\/shop\/green-winged-macaw\/#local-main-organization-logo\"},\"sameAs\":[\"https:\/\/web.facebook.com\/profile.php?id=61551502767851&mibextid=2JQ9oc&_rdc=1&_rdr\"],\"description\":\"Tropical Wings Birds is your destination for exotic avian companionship. Our boutique aviary in United States offers a curated selection of vibrant tropical birds sourced from reputable breeders worldwide. With a focus on welfare and expertise, our dedicated team is here to guide you on your journey to finding the perfect feathered friend. Visit us today and experience the magic of avian companionship at Tropical Wings Birds.\",\"legalName\":\"Tropical Wings Birds\",\"foundingDate\":\"2019-02-14\",\"numberOfEmployees\":{\"@type\":\"QuantitativeValue\",\"minValue\":\"1\",\"maxValue\":\"10\"},\"address\":{\"@id\":\"https:\/\/tropicalwingsbirds.shop\/shop\/green-winged-macaw\/#local-main-place-address\"},\"geo\":{\"@type\":\"GeoCoordinates\",\"latitude\":\"40.5976725\",\"longitude\":\"-122.3716346\"},\"telephone\":[\"+1 707-733-4623\",\"+1 707-733-4623\"],\"contactPoint\":{\"@type\":\"ContactPoint\",\"telephone\":\"+1 707-733-4623\",\"email\":\"sales@tropicalwingsbirds.shop\"},\"openingHoursSpecification\":{\"@type\":\"OpeningHoursSpecification\",\"dayOfWeek\":[\"Monday\",\"Tuesday\",\"Wednesday\",\"Thursday\",\"Friday\",\"Saturday\",\"Sunday\"],\"opens\":\"00:00\",\"closes\":\"23:59\"},\"email\":\"sales@tropicalwingsbirds.shop\",\"faxNumber\":\"+1 707-733-4623\",\"areaServed\":\"United states, Porto Rico, Canada, Australia\",\"priceRange\":\"$\",\"currenciesAccepted\":\"USD, CAD, AUD,\",\"paymentAccepted\":\"Zelle, Paypal, Bitcoin, Apple pay, Credit cards, Bank transfers\"},{\"@type\":\"PostalAddress\",\"@id\":\"https:\/\/tropicalwingsbirds.shop\/shop\/green-winged-macaw\/#local-main-place-address\",\"streetAddress\":\"500 Hilltop Dr,\",\"addressLocality\":\"Redding\",\"postalCode\":\"96003\",\"addressRegion\":\"California\",\"addressCountry\":\"US\"},{\"@type\":\"ImageObject\",\"inLanguage\":\"fr-CA\",\"@id\":\"https:\/\/tropicalwingsbirds.shop\/shop\/green-winged-macaw\/#local-main-organization-logo\",\"url\":\"https:\/\/tropicalwingsbirds.shop\/wp-content\/uploads\/2024\/01\/tropical-wings-1.webp\",\"contentUrl\":\"https:\/\/tropicalwingsbirds.shop\/wp-content\/uploads\/2024\/01\/tropical-wings-1.webp\",\"width\":500,\"height\":500,\"caption\":\"Tropical Wings Birds Shop\"}]}<\/script>\n<meta property=\"product:price:currency\" content=\"USD\" \/>\n<meta property=\"og:availability\" content=\"instock\" \/>\n<meta property=\"product:availability\" content=\"instock\" \/>\n<meta property=\"product:condition\" content=\"new\" \/>\n<meta name=\"geo.placename\" content=\"Redding\" \/>\n<meta name=\"geo.position\" content=\"40.5976725;-122.3716346\" \/>\n<meta name=\"geo.region\" content=\"United States (US)\" \/>\n<!-- \/ Yoast SEO Premium plugin. -->","yoast_head_json":{"title":"Green winged macaw for Sale | Tropical Wings Birds","description":"Buy a green winged macaw from a trusted breeder. Hand-fed, health-certified, closed-leg-ringed with full documentation. Worldwide shipping available.","robots":{"index":"index","follow":"follow","max-snippet":"max-snippet:-1","max-image-preview":"max-image-preview:large","max-video-preview":"max-video-preview:-1"},"canonical":"https:\/\/tropicalwingsbirds.shop\/fr\/boutique\/green-winged-macaw\/","og_locale":"fr_CA","og_type":"article","og_title":"Green winged macaw","og_description":"Buy a green winged macaw from a trusted breeder. Hand-fed, health-certified, closed-leg-ringed with full documentation. Worldwide shipping available.","og_url":"https:\/\/tropicalwingsbirds.shop\/fr\/boutique\/green-winged-macaw\/","og_site_name":"Tropical Wings Birds","article_publisher":"https:\/\/web.facebook.com\/profile.php?id=61551502767851&mibextid=2JQ9oc&_rdc=1&_rdr","article_modified_time":"2026-04-17T22:03:29+00:00","og_image":[{"width":1080,"height":1350,"url":"https:\/\/tropicalwingsbirds.shop\/wp-content\/uploads\/2023\/12\/24332189_301010620419410_1006768762570932224_n-2.jpg","type":"image\/jpeg"}],"twitter_card":"summary_large_image","twitter_misc":{"Price":"","Availability":"In stock"},"schema":{"@context":"https:\/\/schema.org","@graph":[{"@type":"WebPage","@id":"https:\/\/tropicalwingsbirds.shop\/shop\/green-winged-macaw\/","url":"https:\/\/tropicalwingsbirds.shop\/shop\/green-winged-macaw\/","name":"Green winged macaw for Sale | Tropical Wings Birds","isPartOf":{"@id":"https:\/\/tropicalwingsbirds.shop\/#website"},"primaryImageOfPage":{"@id":"https:\/\/tropicalwingsbirds.shop\/shop\/green-winged-macaw\/#primaryimage"},"image":{"@id":"https:\/\/tropicalwingsbirds.shop\/shop\/green-winged-macaw\/#primaryimage"},"thumbnailUrl":"https:\/\/tropicalwingsbirds.shop\/wp-content\/uploads\/2023\/12\/24332189_301010620419410_1006768762570932224_n-2.jpg","datePublished":"2023-12-03T14:05:00+00:00","dateModified":"2026-04-17T22:03:29+00:00","description":"Buy a green winged macaw from a trusted breeder. Hand-fed, health-certified, closed-leg-ringed with full documentation. Worldwide shipping available.","breadcrumb":{"@id":"https:\/\/tropicalwingsbirds.shop\/shop\/green-winged-macaw\/#breadcrumb"},"inLanguage":"fr-CA","potentialAction":[{"@type":"ReadAction","target":["https:\/\/tropicalwingsbirds.shop\/shop\/green-winged-macaw\/"]}]},{"@type":"ImageObject","inLanguage":"fr-CA","@id":"https:\/\/tropicalwingsbirds.shop\/shop\/green-winged-macaw\/#primaryimage","url":"https:\/\/tropicalwingsbirds.shop\/wp-content\/uploads\/2023\/12\/24332189_301010620419410_1006768762570932224_n-2.jpg","contentUrl":"https:\/\/tropicalwingsbirds.shop\/wp-content\/uploads\/2023\/12\/24332189_301010620419410_1006768762570932224_n-2.jpg","width":1080,"height":1350},{"@type":"BreadcrumbList","@id":"https:\/\/tropicalwingsbirds.shop\/shop\/green-winged-macaw\/#breadcrumb","itemListElement":[{"@type":"ListItem","position":1,"name":"Home","item":"https:\/\/tropicalwingsbirds.shop\/"},{"@type":"ListItem","position":2,"name":"Shop","item":"https:\/\/tropicalwingsbirds.shop\/shop\/"},{"@type":"ListItem","position":3,"name":"Green winged macaw"}]},{"@type":"WebSite","@id":"https:\/\/tropicalwingsbirds.shop\/#website","url":"https:\/\/tropicalwingsbirds.shop\/","name":"Oiseaux aux ailes tropicales","description":"Meilleurs \u00e9leveurs d&#039;oiseaux exotiques en ligne","publisher":{"@id":"https:\/\/tropicalwingsbirds.shop\/#organization"},"potentialAction":[{"@type":"SearchAction","target":{"@type":"EntryPoint","urlTemplate":"https:\/\/tropicalwingsbirds.shop\/?s={search_term_string}"},"query-input":{"@type":"PropertyValueSpecification","valueRequired":true,"valueName":"search_term_string"}}],"inLanguage":"fr-CA"},{"@type":["Organization","Place","PetStore"],"@id":"https:\/\/tropicalwingsbirds.shop\/#organization","name":"Tropical Wings Birds Shop","alternateName":"TPWB","url":"https:\/\/tropicalwingsbirds.shop\/","logo":{"@id":"https:\/\/tropicalwingsbirds.shop\/shop\/green-winged-macaw\/#local-main-organization-logo"},"image":{"@id":"https:\/\/tropicalwingsbirds.shop\/shop\/green-winged-macaw\/#local-main-organization-logo"},"sameAs":["https:\/\/web.facebook.com\/profile.php?id=61551502767851&mibextid=2JQ9oc&_rdc=1&_rdr"],"description":"Tropical Wings Birds est votre destination pour des oiseaux exotiques. Notre voli\u00e8re-boutique aux \u00c9tats-Unis propose une s\u00e9lection soign\u00e9e d&#039;oiseaux tropicaux aux couleurs vives, issus d&#039;\u00e9leveurs r\u00e9put\u00e9s du monde entier. Ax\u00e9e sur le bien-\u00eatre et l&#039;expertise, notre \u00e9quipe d\u00e9vou\u00e9e est l\u00e0 pour vous guider dans votre recherche de l&#039;ami \u00e0 plumes id\u00e9al. Rendez-nous visite d\u00e8s aujourd&#039;hui et d\u00e9couvrez la magie de la compagnie des oiseaux chez Tropical Wings Birds.","legalName":"Tropical Wings Birds","foundingDate":"2019-02-14","numberOfEmployees":{"@type":"QuantitativeValue","minValue":"1","maxValue":"10"},"address":{"@id":"https:\/\/tropicalwingsbirds.shop\/shop\/green-winged-macaw\/#local-main-place-address"},"geo":{"@type":"GeoCoordinates","latitude":"40.5976725","longitude":"-122.3716346"},"telephone":["+1 707-733-4623","+1 707-733-4623"],"contactPoint":{"@type":"ContactPoint","telephone":"+1 707-733-4623","email":"sales@tropicalwingsbirds.shop"},"openingHoursSpecification":{"@type":"OpeningHoursSpecification","dayOfWeek":["Monday","Tuesday","Wednesday","Thursday","Friday","Saturday","Sunday"],"opens":"00:00","closes":"23:59"},"email":"sales@tropicalwingsbirds.shop","faxNumber":"+1 707-733-4623","areaServed":"United states, Porto Rico, Canada, Australia","priceRange":"$","currenciesAccepted":"USD, CAD, AUD,","paymentAccepted":"Zelle, Paypal, Bitcoin, Apple pay, Credit cards, Bank transfers"},{"@type":"PostalAddress","@id":"https:\/\/tropicalwingsbirds.shop\/shop\/green-winged-macaw\/#local-main-place-address","streetAddress":"500 Hilltop Dr,","addressLocality":"Redding","postalCode":"96003","addressRegion":"California","addressCountry":"US"},{"@type":"ImageObject","inLanguage":"fr-CA","@id":"https:\/\/tropicalwingsbirds.shop\/shop\/green-winged-macaw\/#local-main-organization-logo","url":"https:\/\/tropicalwingsbirds.shop\/wp-content\/uploads\/2024\/01\/tropical-wings-1.webp","contentUrl":"https:\/\/tropicalwingsbirds.shop\/wp-content\/uploads\/2024\/01\/tropical-wings-1.webp","width":500,"height":500,"caption":"Tropical Wings Birds Shop"}]},"product_price_currency":"USD","og_availability":"instock","product_availability":"instock","product_condition":"new","geo.placename":"Redding","geo.position":{"lat":"40.5976725","long":"-122.3716346"},"geo.region":"United States (US)"},"jetpack_sharing_enabled":true,"_links":{"self":[{"href":"https:\/\/tropicalwingsbirds.shop\/fr\/wp-json\/wp\/v2\/product\/544","targetHints":{"allow":["GET"]}}],"collection":[{"href":"https:\/\/tropicalwingsbirds.shop\/fr\/wp-json\/wp\/v2\/product"}],"about":[{"href":"https:\/\/tropicalwingsbirds.shop\/fr\/wp-json\/wp\/v2\/types\/product"}],"replies":[{"embeddable":true,"href":"https:\/\/tropicalwingsbirds.shop\/fr\/wp-json\/wp\/v2\/comments?post=544"}],"wp:featuredmedia":[{"embeddable":true,"href":"https:\/\/tropicalwingsbirds.shop\/fr\/wp-json\/wp\/v2\/media\/564"}],"wp:attachment":[{"href":"https:\/\/tropicalwingsbirds.shop\/fr\/wp-json\/wp\/v2\/media?parent=544"}],"wp:term":[{"taxonomy":"product_brand","embeddable":true,"href":"https:\/\/tropicalwingsbirds.shop\/fr\/wp-json\/wp\/v2\/product_brand?post=544"},{"taxonomy":"product_cat","embeddable":true,"href":"https:\/\/tropicalwingsbirds.shop\/fr\/wp-json\/wp\/v2\/product_cat?post=544"},{"taxonomy":"product_tag","embeddable":true,"href":"https:\/\/tropicalwingsbirds.shop\/fr\/wp-json\/wp\/v2\/product_tag?post=544"}],"curies":[{"name":"wp","href":"https:\/\/api.w.org\/{rel}","templated":true}]}}