{"id":575,"date":"2023-12-03T14:05:58","date_gmt":"2023-12-03T14:05:58","guid":{"rendered":"https:\/\/tropicalwingsbirds.shop\/?post_type=product&#038;p=575"},"modified":"2023-12-03T14:06:29","modified_gmt":"2023-12-03T14:06:29","slug":"acheter-des-cacatoes-a-poitrine-rose","status":"publish","type":"product","link":"https:\/\/tropicalwingsbirds.shop\/fr\/boutique\/acheter-des-cacatoes-a-poitrine-rose\/","title":{"rendered":"Acheter des cacato\u00e8s \u00e0 poitrine rose"},"content":{"rendered":"<h1 class=\"product_title entry-title\"><span style=\"font-size: 18pt;font-family: 'comic sans ms', sans-serif\">Cacato\u00e8s \u00e0 poitrine rose \u00e0 vendre<br \/> <\/span><\/h1>\n<p>Le cacato\u00e8s \u00e0 poitrine rose est \u00e9galement appel\u00e9 \u00ab\u00a0Galah\u00a0\u00bb ou \u00ab\u00a0Galah Cockatoo\u00a0\u00bb. On trouve ce perroquet dans la majeure partie de l&#039;Australie, \u00e0 l&#039;exception des zones les plus s\u00e8ches du pays. Il a tendance \u00e0 prosp\u00e9rer dans les zones habit\u00e9es, notamment pr\u00e8s des \u00e9tangs et des r\u00e9servoirs d&#039;eau. <a href=\"https:\/\/en.wikipedia.org\/wiki\/Galah\">Cacato\u00e8s \u00e0 poitrine rose<\/a>\u00a0Il peut atteindre 38 cm de long, du bec \u00e0 l&#039;extr\u00e9mit\u00e9 des plumes de la queue. Bien que son esp\u00e9rance de vie moyenne soit de 30 \u00e0 50 ans, cette esp\u00e8ce de perroquet peut vivre jusqu&#039;\u00e0 70 ans avec de bons soins.<\/p>\n<p>Ces perroquets peuvent \u00eatre consid\u00e9r\u00e9s comme des animaux de compagnie exigeant beaucoup d&#039;entretien. N\u00e9glig\u00e9 occasionnellement, le cacato\u00e8s \u00e0 poitrine rose peut devenir d\u00e9prim\u00e9 ou destructeur. Ces oiseaux aiment se regrouper en grandes bandes, souvent avec des cacato\u00e8s \u00e0 huppe jaune. Ces cr\u00e9atures sociales aiment nicher dans les cavit\u00e9s des arbres, pondant des \u0153ufs blancs qui couvent pendant environ 25 jours. Les oisillons quittent le nid environ 50 jours apr\u00e8s l&#039;\u00e9closion. Les cacato\u00e8s n&#039;ont besoin que des plus grandes cages.<\/p>\n<p>Plus vous offrez d&#039;espace \u00e0 votre compagnon \u00e0 plumes, mieux c&#039;est \u00e0 long terme. Achetez au minimum une cage d&#039;environ 90 x 70 x 120 cm. Pensez \u00e0 ajouter un support pour perroquet ou un arbre de Java pour que votre oiseau puisse grimper. Les jouets stimulants sont une bonne id\u00e9e. Achetez des puzzles pour oiseaux, des jouets \u00e0 fourrager, des jouets \u00e0 m\u00e2cher et tout ce qui peut amuser votre perroquet. Les cacato\u00e8s \u00e0 poitrine rouge sont parmi les perroquets les plus bruyants de la plan\u00e8te.<\/p>\n<h2><a href=\"https:\/\/timiesbirds.com\/product\/reared-galah-cockatoo-babies\/\">Cacato\u00e8s rosalbin<\/a><\/h2>\n<p>Ils \u00e9mettent parfois des cris stridents pour communiquer entre eux ou simplement pour s&#039;amuser. La plupart des cacato\u00e8s \u00e0 poitrine rouge (Galahs) ne sont pas tr\u00e8s c\u00e2lins, mais cette tendance peut varier d&#039;un individu \u00e0 l&#039;autre. Dans la nature, un cacato\u00e8s rosalbin peut \u00e9mettre un son assez aigu, du type \u00ab\u00a0Chet Chet\u00a0\u00bb. Il pousse un cri encore plus fort lorsqu&#039;il est menac\u00e9, lors d&#039;un combat ou pour s&#039;amuser. Ces oiseaux sont r\u00e9put\u00e9s pour leur intelligence et peuvent apprendre \u00e0 parler, voire \u00e0 imiter la voix humaine.<\/p>\n<h3>Comment prendre soin d&#039;un cacato\u00e8s \u00e0 poitrine rose<\/h3>\n<p>Le cacato\u00e8s \u00e0 poitrine rose \u00e0 vendre peut tol\u00e9rer des temp\u00e9ratures variables, mais il ne doit jamais descendre en dessous de z\u00e9ro dans son enclos. Une coupe des griffes peut \u00eatre n\u00e9cessaire, ainsi qu&#039;une taille du bec si vous ne pouvez pas vous procurer de noix de pandanus indig\u00e8nes. Ces perroquets au plumage poudreux appr\u00e9cient les bains et doivent se mouiller r\u00e9guli\u00e8rement. La mue est un processus r\u00e9gulier au cours duquel l&#039;oiseau perd une \u00e0 deux plumes \u00e0 la fois.<\/p>\n<p>L&#039;alimentation doit \u00eatre compos\u00e9e de granul\u00e9s de haute qualit\u00e9, dont au moins la moiti\u00e9 est compos\u00e9e de fruits, de noix et de l\u00e9gumes. Obtenir des noix de son environnement naturel peut \u00eatre tr\u00e8s b\u00e9n\u00e9fique pour votre oiseau et l&#039;aider \u00e0 conserver un bec en bon \u00e9tat.<\/p>","protected":false},"excerpt":{"rendered":"<p><strong><a href=\"https:\/\/timiesbirds.com\/product\/rose-breasted-cockatoos-for-sale\/\">Acheter un cacato\u00e8s \u00e0 poitrine rose<\/a> <\/strong><\/p>\n<p><span class=\"lng-d\">V\u00e9rifi\u00e9s et puc\u00e9s par notre v\u00e9t\u00e9rinaire. Certificats m\u00e9dicaux et de sant\u00e9 d\u00e9livr\u00e9s par notre v\u00e9t\u00e9rinaire. Ils sifflent, chantent et r\u00e9pondent aux commandes vocales. Il leur faudra quelques jours pour s&#039;habituer \u00e0 leur nouveau foyer et \u00e0 leur nouvel environnement.<br \/> <\/span><\/p>\n<p>Esp\u00e8ce : Cacato\u00e8s \u00e0 poitrine rose<br \/> Longueur : 76 cm-100 cm (23 po-31 po)<br \/> Poids : 0,8 kg \u00e0 2 kg (2 lb \u00e0 4,4 lb)<br \/> Bagu\u00e9 : Oui<br \/> ADN Sexe : m\u00e2le<br \/> Capacit\u00e9 de parler : Oui<\/p>\n<p><a href=\"https:\/\/timiesbirds.com\/shipping\/\">Livraison gratuite<\/a>, des jouets et une cage (<span class=\"lng-d\">36x48x77<\/span>)<\/p>","protected":false},"featured_media":623,"comment_status":"closed","ping_status":"closed","template":"","meta":{"site-sidebar-layout":"default","site-content-layout":"","ast-site-content-layout":"default","site-content-style":"default","site-sidebar-style":"default","ast-global-header-display":"","ast-banner-title-visibility":"","ast-main-header-display":"","ast-hfb-above-header-display":"","ast-hfb-below-header-display":"","ast-hfb-mobile-header-display":"","site-post-title":"","ast-breadcrumbs-content":"","ast-featured-img":"","footer-sml-layout":"","theme-transparent-header-meta":"","adv-header-id-meta":"","stick-header-meta":"","header-above-stick-meta":"","header-main-stick-meta":"","header-below-stick-meta":"","astra-migrate-meta-layouts":"default","ast-page-background-enabled":"default","ast-page-background-meta":{"desktop":{"background-color":"var(--ast-global-color-4)","background-image":"","background-repeat":"repeat","background-position":"center center","background-size":"auto","background-attachment":"scroll","background-type":"","background-media":"","overlay-type":"","overlay-color":"","overlay-opacity":"","overlay-gradient":""},"tablet":{"background-color":"","background-image":"","background-repeat":"repeat","background-position":"center center","background-size":"auto","background-attachment":"scroll","background-type":"","background-media":"","overlay-type":"","overlay-color":"","overlay-opacity":"","overlay-gradient":""},"mobile":{"background-color":"","background-image":"","background-repeat":"repeat","background-position":"center center","background-size":"auto","background-attachment":"scroll","background-type":"","background-media":"","overlay-type":"","overlay-color":"","overlay-opacity":"","overlay-gradient":""}},"ast-content-background-meta":{"desktop":{"background-color":"var(--ast-global-color-5)","background-image":"","background-repeat":"repeat","background-position":"center center","background-size":"auto","background-attachment":"scroll","background-type":"","background-media":"","overlay-type":"","overlay-color":"","overlay-opacity":"","overlay-gradient":""},"tablet":{"background-color":"var(--ast-global-color-5)","background-image":"","background-repeat":"repeat","background-position":"center center","background-size":"auto","background-attachment":"scroll","background-type":"","background-media":"","overlay-type":"","overlay-color":"","overlay-opacity":"","overlay-gradient":""},"mobile":{"background-color":"var(--ast-global-color-5)","background-image":"","background-repeat":"repeat","background-position":"center center","background-size":"auto","background-attachment":"scroll","background-type":"","background-media":"","overlay-type":"","overlay-color":"","overlay-opacity":"","overlay-gradient":""}}},"product_brand":[],"product_cat":[155,156],"product_tag":[157,158,159,160,161,162,163,164,165,166,167,168,169],"class_list":{"0":"post-575","1":"product","2":"type-product","3":"status-publish","4":"has-post-thumbnail","6":"product_cat-cockatoos","7":"product_cat-parrots","8":"product_tag-buy-crimson-breasted-cockatoo-online","9":"product_tag-buy-galah-cockatoo","10":"product_tag-buy-galah-cockatoo-online","11":"product_tag-buy-rose-breasted-cockatoo","12":"product_tag-buy-rose-breasted-cockatoo-online","13":"product_tag-buy-rose-breasted-cockatoo-usa","14":"product_tag-crimson-breasted-cockatoo","15":"product_tag-crimson-breasted-cockatoo-for-sale","16":"product_tag-crimson-breasted-cockatoo-online","17":"product_tag-galah-cockatoo-for-sale","18":"product_tag-galah-cockatoo-for-sale-online","19":"product_tag-galah-cockatoo-for-sale-usa","20":"product_tag-rose-breasted-cockatoo-for-sale-usa","21":"desktop-align-left","22":"tablet-align-left","23":"mobile-align-left","24":"ast-product-gallery-layout-horizontal-slider","25":"ast-product-tabs-layout-horizontal","26":"ast-qv-on-image","28":"first","29":"instock","30":"shipping-taxable","31":"product-type-simple"},"yoast_head":"<!-- This site is optimized with the Yoast SEO Premium plugin v23.2 (Yoast SEO v26.8) - https:\/\/yoast.com\/product\/yoast-seo-premium-wordpress\/ -->\n<title>Buy Rose Breasted Cockatoos - Tropical Wings Birds<\/title>\n<meta name=\"robots\" content=\"index, follow, max-snippet:-1, max-image-preview:large, max-video-preview:-1\" \/>\n<link rel=\"canonical\" href=\"https:\/\/tropicalwingsbirds.shop\/fr\/boutique\/acheter-des-cacatoes-a-poitrine-rose\/\" \/>\n<meta property=\"og:locale\" content=\"fr_CA\" \/>\n<meta property=\"og:type\" content=\"article\" \/>\n<meta property=\"og:title\" content=\"Buy Rose Breasted Cockatoos\" \/>\n<meta property=\"og:description\" content=\"Buy Rose-Breasted Cockatoo Vet-checked and micro-chipped Health and medical certificates from our vet. They whistle, sing, and respond to voice commands. It will take a couple of days to get used to a new home and surroundings Species: Rose Breasted\u00a0 Cockatoo Length: 76cm-100cm (23 in-31in) Weight: 0.8kg-2kg (2lbs-4.4lbs) Banded: Yes DNA Sex: male Talking Ability: Yes Free shipping, toys, and a cage (36x48x77)\" \/>\n<meta property=\"og:url\" content=\"https:\/\/tropicalwingsbirds.shop\/fr\/boutique\/acheter-des-cacatoes-a-poitrine-rose\/\" \/>\n<meta property=\"og:site_name\" content=\"Tropical Wings Birds\" \/>\n<meta property=\"article:publisher\" content=\"https:\/\/web.facebook.com\/profile.php?id=61551502767851&amp;mibextid=2JQ9oc&amp;_rdc=1&amp;_rdr\" \/>\n<meta property=\"article:modified_time\" content=\"2023-12-03T14:06:29+00:00\" \/>\n<meta property=\"og:image\" content=\"https:\/\/tropicalwingsbirds.shop\/wp-content\/uploads\/2023\/12\/WhatsApp-Image-2021-04-14-at-01.42.02.jpeg\" \/>\n\t<meta property=\"og:image:width\" content=\"952\" \/>\n\t<meta property=\"og:image:height\" content=\"1080\" \/>\n\t<meta property=\"og:image:type\" content=\"image\/jpeg\" \/>\n<meta name=\"twitter:card\" content=\"summary_large_image\" \/>\n<meta name=\"twitter:label1\" content=\"Price\" \/>\n\t<meta name=\"twitter:data1\" content=\"\" \/>\n\t<meta name=\"twitter:label2\" content=\"Availability\" \/>\n\t<meta name=\"twitter:data2\" content=\"In stock\" \/>\n<script type=\"application\/ld+json\" class=\"yoast-schema-graph\">{\"@context\":\"https:\/\/schema.org\",\"@graph\":[{\"@type\":\"WebPage\",\"@id\":\"https:\/\/tropicalwingsbirds.shop\/shop\/buy-rose-breasted-cockatoos\/\",\"url\":\"https:\/\/tropicalwingsbirds.shop\/shop\/buy-rose-breasted-cockatoos\/\",\"name\":\"Buy Rose Breasted Cockatoos - Tropical Wings Birds\",\"isPartOf\":{\"@id\":\"https:\/\/tropicalwingsbirds.shop\/#website\"},\"primaryImageOfPage\":{\"@id\":\"https:\/\/tropicalwingsbirds.shop\/shop\/buy-rose-breasted-cockatoos\/#primaryimage\"},\"image\":{\"@id\":\"https:\/\/tropicalwingsbirds.shop\/shop\/buy-rose-breasted-cockatoos\/#primaryimage\"},\"thumbnailUrl\":\"https:\/\/tropicalwingsbirds.shop\/wp-content\/uploads\/2023\/12\/WhatsApp-Image-2021-04-14-at-01.42.02.jpeg\",\"datePublished\":\"2023-12-03T14:05:58+00:00\",\"dateModified\":\"2023-12-03T14:06:29+00:00\",\"breadcrumb\":{\"@id\":\"https:\/\/tropicalwingsbirds.shop\/shop\/buy-rose-breasted-cockatoos\/#breadcrumb\"},\"inLanguage\":\"fr-CA\",\"potentialAction\":[{\"@type\":\"ReadAction\",\"target\":[\"https:\/\/tropicalwingsbirds.shop\/shop\/buy-rose-breasted-cockatoos\/\"]}]},{\"@type\":\"ImageObject\",\"inLanguage\":\"fr-CA\",\"@id\":\"https:\/\/tropicalwingsbirds.shop\/shop\/buy-rose-breasted-cockatoos\/#primaryimage\",\"url\":\"https:\/\/tropicalwingsbirds.shop\/wp-content\/uploads\/2023\/12\/WhatsApp-Image-2021-04-14-at-01.42.02.jpeg\",\"contentUrl\":\"https:\/\/tropicalwingsbirds.shop\/wp-content\/uploads\/2023\/12\/WhatsApp-Image-2021-04-14-at-01.42.02.jpeg\",\"width\":952,\"height\":1080},{\"@type\":\"BreadcrumbList\",\"@id\":\"https:\/\/tropicalwingsbirds.shop\/shop\/buy-rose-breasted-cockatoos\/#breadcrumb\",\"itemListElement\":[{\"@type\":\"ListItem\",\"position\":1,\"name\":\"Home\",\"item\":\"https:\/\/tropicalwingsbirds.shop\/\"},{\"@type\":\"ListItem\",\"position\":2,\"name\":\"Shop\",\"item\":\"https:\/\/tropicalwingsbirds.shop\/shop\/\"},{\"@type\":\"ListItem\",\"position\":3,\"name\":\"Buy Rose Breasted Cockatoos\"}]},{\"@type\":\"WebSite\",\"@id\":\"https:\/\/tropicalwingsbirds.shop\/#website\",\"url\":\"https:\/\/tropicalwingsbirds.shop\/\",\"name\":\"Tropical Wings Birds\",\"description\":\"Best Exotic birds breeders online\",\"publisher\":{\"@id\":\"https:\/\/tropicalwingsbirds.shop\/#organization\"},\"potentialAction\":[{\"@type\":\"SearchAction\",\"target\":{\"@type\":\"EntryPoint\",\"urlTemplate\":\"https:\/\/tropicalwingsbirds.shop\/?s={search_term_string}\"},\"query-input\":{\"@type\":\"PropertyValueSpecification\",\"valueRequired\":true,\"valueName\":\"search_term_string\"}}],\"inLanguage\":\"fr-CA\"},{\"@type\":[\"Organization\",\"Place\",\"PetStore\"],\"@id\":\"https:\/\/tropicalwingsbirds.shop\/#organization\",\"name\":\"Tropical Wings Birds Shop\",\"alternateName\":\"TPWB\",\"url\":\"https:\/\/tropicalwingsbirds.shop\/\",\"logo\":{\"@id\":\"https:\/\/tropicalwingsbirds.shop\/shop\/buy-rose-breasted-cockatoos\/#local-main-organization-logo\"},\"image\":{\"@id\":\"https:\/\/tropicalwingsbirds.shop\/shop\/buy-rose-breasted-cockatoos\/#local-main-organization-logo\"},\"sameAs\":[\"https:\/\/web.facebook.com\/profile.php?id=61551502767851&mibextid=2JQ9oc&_rdc=1&_rdr\"],\"description\":\"Tropical Wings Birds is your destination for exotic avian companionship. Our boutique aviary in United States offers a curated selection of vibrant tropical birds sourced from reputable breeders worldwide. With a focus on welfare and expertise, our dedicated team is here to guide you on your journey to finding the perfect feathered friend. Visit us today and experience the magic of avian companionship at Tropical Wings Birds.\",\"legalName\":\"Tropical Wings Birds\",\"foundingDate\":\"2019-02-14\",\"numberOfEmployees\":{\"@type\":\"QuantitativeValue\",\"minValue\":\"1\",\"maxValue\":\"10\"},\"address\":{\"@id\":\"https:\/\/tropicalwingsbirds.shop\/shop\/buy-rose-breasted-cockatoos\/#local-main-place-address\"},\"geo\":{\"@type\":\"GeoCoordinates\",\"latitude\":\"40.5976725\",\"longitude\":\"-122.3716346\"},\"telephone\":[\"+1 707-733-4623\",\"+1 707-733-4623\"],\"contactPoint\":{\"@type\":\"ContactPoint\",\"telephone\":\"+1 707-733-4623\",\"email\":\"sales@tropicalwingsbirds.shop\"},\"openingHoursSpecification\":{\"@type\":\"OpeningHoursSpecification\",\"dayOfWeek\":[\"Monday\",\"Tuesday\",\"Wednesday\",\"Thursday\",\"Friday\",\"Saturday\",\"Sunday\"],\"opens\":\"00:00\",\"closes\":\"23:59\"},\"email\":\"sales@tropicalwingsbirds.shop\",\"faxNumber\":\"+1 707-733-4623\",\"areaServed\":\"United states, Porto Rico, Canada, Australia\",\"priceRange\":\"$\",\"currenciesAccepted\":\"USD, CAD, AUD,\",\"paymentAccepted\":\"Zelle, Paypal, Bitcoin, Apple pay, Credit cards, Bank transfers\"},{\"@type\":\"PostalAddress\",\"@id\":\"https:\/\/tropicalwingsbirds.shop\/shop\/buy-rose-breasted-cockatoos\/#local-main-place-address\",\"streetAddress\":\"500 Hilltop Dr,\",\"addressLocality\":\"Redding\",\"postalCode\":\"96003\",\"addressRegion\":\"California\",\"addressCountry\":\"US\"},{\"@type\":\"ImageObject\",\"inLanguage\":\"fr-CA\",\"@id\":\"https:\/\/tropicalwingsbirds.shop\/shop\/buy-rose-breasted-cockatoos\/#local-main-organization-logo\",\"url\":\"https:\/\/tropicalwingsbirds.shop\/wp-content\/uploads\/2024\/01\/tropical-wings-1.webp\",\"contentUrl\":\"https:\/\/tropicalwingsbirds.shop\/wp-content\/uploads\/2024\/01\/tropical-wings-1.webp\",\"width\":500,\"height\":500,\"caption\":\"Tropical Wings Birds Shop\"}]}<\/script>\n<meta property=\"product:price:currency\" content=\"USD\" \/>\n<meta property=\"og:availability\" content=\"instock\" \/>\n<meta property=\"product:availability\" content=\"instock\" \/>\n<meta property=\"product:condition\" content=\"new\" \/>\n<meta name=\"geo.placename\" content=\"Redding\" \/>\n<meta name=\"geo.position\" content=\"40.5976725;-122.3716346\" \/>\n<meta name=\"geo.region\" content=\"United States (US)\" \/>\n<!-- \/ Yoast SEO Premium plugin. -->","yoast_head_json":{"title":"Achetez des cacato\u00e8s \u00e0 poitrine rose - Tropical Wings Birds","robots":{"index":"index","follow":"follow","max-snippet":"max-snippet:-1","max-image-preview":"max-image-preview:large","max-video-preview":"max-video-preview:-1"},"canonical":"https:\/\/tropicalwingsbirds.shop\/fr\/boutique\/acheter-des-cacatoes-a-poitrine-rose\/","og_locale":"fr_CA","og_type":"article","og_title":"Buy Rose Breasted Cockatoos","og_description":"Buy Rose-Breasted Cockatoo Vet-checked and micro-chipped Health and medical certificates from our vet. They whistle, sing, and respond to voice commands. It will take a couple of days to get used to a new home and surroundings Species: Rose Breasted\u00a0 Cockatoo Length: 76cm-100cm (23 in-31in) Weight: 0.8kg-2kg (2lbs-4.4lbs) Banded: Yes DNA Sex: male Talking Ability: Yes Free shipping, toys, and a cage (36x48x77)","og_url":"https:\/\/tropicalwingsbirds.shop\/fr\/boutique\/acheter-des-cacatoes-a-poitrine-rose\/","og_site_name":"Tropical Wings Birds","article_publisher":"https:\/\/web.facebook.com\/profile.php?id=61551502767851&mibextid=2JQ9oc&_rdc=1&_rdr","article_modified_time":"2023-12-03T14:06:29+00:00","og_image":[{"width":952,"height":1080,"url":"https:\/\/tropicalwingsbirds.shop\/wp-content\/uploads\/2023\/12\/WhatsApp-Image-2021-04-14-at-01.42.02.jpeg","type":"image\/jpeg"}],"twitter_card":"summary_large_image","twitter_misc":{"Price":"","Availability":"In stock"},"schema":{"@context":"https:\/\/schema.org","@graph":[{"@type":"WebPage","@id":"https:\/\/tropicalwingsbirds.shop\/shop\/buy-rose-breasted-cockatoos\/","url":"https:\/\/tropicalwingsbirds.shop\/shop\/buy-rose-breasted-cockatoos\/","name":"Achetez des cacato\u00e8s \u00e0 poitrine rose - Tropical Wings Birds","isPartOf":{"@id":"https:\/\/tropicalwingsbirds.shop\/#website"},"primaryImageOfPage":{"@id":"https:\/\/tropicalwingsbirds.shop\/shop\/buy-rose-breasted-cockatoos\/#primaryimage"},"image":{"@id":"https:\/\/tropicalwingsbirds.shop\/shop\/buy-rose-breasted-cockatoos\/#primaryimage"},"thumbnailUrl":"https:\/\/tropicalwingsbirds.shop\/wp-content\/uploads\/2023\/12\/WhatsApp-Image-2021-04-14-at-01.42.02.jpeg","datePublished":"2023-12-03T14:05:58+00:00","dateModified":"2023-12-03T14:06:29+00:00","breadcrumb":{"@id":"https:\/\/tropicalwingsbirds.shop\/shop\/buy-rose-breasted-cockatoos\/#breadcrumb"},"inLanguage":"fr-CA","potentialAction":[{"@type":"ReadAction","target":["https:\/\/tropicalwingsbirds.shop\/shop\/buy-rose-breasted-cockatoos\/"]}]},{"@type":"ImageObject","inLanguage":"fr-CA","@id":"https:\/\/tropicalwingsbirds.shop\/shop\/buy-rose-breasted-cockatoos\/#primaryimage","url":"https:\/\/tropicalwingsbirds.shop\/wp-content\/uploads\/2023\/12\/WhatsApp-Image-2021-04-14-at-01.42.02.jpeg","contentUrl":"https:\/\/tropicalwingsbirds.shop\/wp-content\/uploads\/2023\/12\/WhatsApp-Image-2021-04-14-at-01.42.02.jpeg","width":952,"height":1080},{"@type":"BreadcrumbList","@id":"https:\/\/tropicalwingsbirds.shop\/shop\/buy-rose-breasted-cockatoos\/#breadcrumb","itemListElement":[{"@type":"ListItem","position":1,"name":"Home","item":"https:\/\/tropicalwingsbirds.shop\/"},{"@type":"ListItem","position":2,"name":"Shop","item":"https:\/\/tropicalwingsbirds.shop\/shop\/"},{"@type":"ListItem","position":3,"name":"Buy Rose Breasted Cockatoos"}]},{"@type":"WebSite","@id":"https:\/\/tropicalwingsbirds.shop\/#website","url":"https:\/\/tropicalwingsbirds.shop\/","name":"Oiseaux aux ailes tropicales","description":"Meilleurs \u00e9leveurs d&#039;oiseaux exotiques en ligne","publisher":{"@id":"https:\/\/tropicalwingsbirds.shop\/#organization"},"potentialAction":[{"@type":"SearchAction","target":{"@type":"EntryPoint","urlTemplate":"https:\/\/tropicalwingsbirds.shop\/?s={search_term_string}"},"query-input":{"@type":"PropertyValueSpecification","valueRequired":true,"valueName":"search_term_string"}}],"inLanguage":"fr-CA"},{"@type":["Organization","Place","PetStore"],"@id":"https:\/\/tropicalwingsbirds.shop\/#organization","name":"Tropical Wings Birds Shop","alternateName":"TPWB","url":"https:\/\/tropicalwingsbirds.shop\/","logo":{"@id":"https:\/\/tropicalwingsbirds.shop\/shop\/buy-rose-breasted-cockatoos\/#local-main-organization-logo"},"image":{"@id":"https:\/\/tropicalwingsbirds.shop\/shop\/buy-rose-breasted-cockatoos\/#local-main-organization-logo"},"sameAs":["https:\/\/web.facebook.com\/profile.php?id=61551502767851&mibextid=2JQ9oc&_rdc=1&_rdr"],"description":"Tropical Wings Birds est votre destination pour des oiseaux exotiques. Notre voli\u00e8re-boutique aux \u00c9tats-Unis propose une s\u00e9lection soign\u00e9e d&#039;oiseaux tropicaux aux couleurs vives, issus d&#039;\u00e9leveurs r\u00e9put\u00e9s du monde entier. Ax\u00e9e sur le bien-\u00eatre et l&#039;expertise, notre \u00e9quipe d\u00e9vou\u00e9e est l\u00e0 pour vous guider dans votre recherche de l&#039;ami \u00e0 plumes id\u00e9al. Rendez-nous visite d\u00e8s aujourd&#039;hui et d\u00e9couvrez la magie de la compagnie des oiseaux chez Tropical Wings Birds.","legalName":"Tropical Wings Birds","foundingDate":"2019-02-14","numberOfEmployees":{"@type":"QuantitativeValue","minValue":"1","maxValue":"10"},"address":{"@id":"https:\/\/tropicalwingsbirds.shop\/shop\/buy-rose-breasted-cockatoos\/#local-main-place-address"},"geo":{"@type":"GeoCoordinates","latitude":"40.5976725","longitude":"-122.3716346"},"telephone":["+1 707-733-4623","+1 707-733-4623"],"contactPoint":{"@type":"ContactPoint","telephone":"+1 707-733-4623","email":"sales@tropicalwingsbirds.shop"},"openingHoursSpecification":{"@type":"OpeningHoursSpecification","dayOfWeek":["Monday","Tuesday","Wednesday","Thursday","Friday","Saturday","Sunday"],"opens":"00:00","closes":"23:59"},"email":"sales@tropicalwingsbirds.shop","faxNumber":"+1 707-733-4623","areaServed":"United states, Porto Rico, Canada, Australia","priceRange":"$","currenciesAccepted":"USD, CAD, AUD,","paymentAccepted":"Zelle, Paypal, Bitcoin, Apple pay, Credit cards, Bank transfers"},{"@type":"PostalAddress","@id":"https:\/\/tropicalwingsbirds.shop\/shop\/buy-rose-breasted-cockatoos\/#local-main-place-address","streetAddress":"500 Hilltop Dr,","addressLocality":"Redding","postalCode":"96003","addressRegion":"California","addressCountry":"US"},{"@type":"ImageObject","inLanguage":"fr-CA","@id":"https:\/\/tropicalwingsbirds.shop\/shop\/buy-rose-breasted-cockatoos\/#local-main-organization-logo","url":"https:\/\/tropicalwingsbirds.shop\/wp-content\/uploads\/2024\/01\/tropical-wings-1.webp","contentUrl":"https:\/\/tropicalwingsbirds.shop\/wp-content\/uploads\/2024\/01\/tropical-wings-1.webp","width":500,"height":500,"caption":"Tropical Wings Birds Shop"}]},"product_price_currency":"USD","og_availability":"instock","product_availability":"instock","product_condition":"new","geo.placename":"Redding","geo.position":{"lat":"40.5976725","long":"-122.3716346"},"geo.region":"United States (US)"},"_links":{"self":[{"href":"https:\/\/tropicalwingsbirds.shop\/fr\/wp-json\/wp\/v2\/product\/575","targetHints":{"allow":["GET"]}}],"collection":[{"href":"https:\/\/tropicalwingsbirds.shop\/fr\/wp-json\/wp\/v2\/product"}],"about":[{"href":"https:\/\/tropicalwingsbirds.shop\/fr\/wp-json\/wp\/v2\/types\/product"}],"replies":[{"embeddable":true,"href":"https:\/\/tropicalwingsbirds.shop\/fr\/wp-json\/wp\/v2\/comments?post=575"}],"wp:featuredmedia":[{"embeddable":true,"href":"https:\/\/tropicalwingsbirds.shop\/fr\/wp-json\/wp\/v2\/media\/623"}],"wp:attachment":[{"href":"https:\/\/tropicalwingsbirds.shop\/fr\/wp-json\/wp\/v2\/media?parent=575"}],"wp:term":[{"taxonomy":"product_brand","embeddable":true,"href":"https:\/\/tropicalwingsbirds.shop\/fr\/wp-json\/wp\/v2\/product_brand?post=575"},{"taxonomy":"product_cat","embeddable":true,"href":"https:\/\/tropicalwingsbirds.shop\/fr\/wp-json\/wp\/v2\/product_cat?post=575"},{"taxonomy":"product_tag","embeddable":true,"href":"https:\/\/tropicalwingsbirds.shop\/fr\/wp-json\/wp\/v2\/product_tag?post=575"}],"curies":[{"name":"wp","href":"https:\/\/api.w.org\/{rel}","templated":true}]}}