{"id":581,"date":"2023-12-03T14:05:59","date_gmt":"2023-12-03T14:05:59","guid":{"rendered":"https:\/\/tropicalwingsbirds.shop\/?post_type=product&#038;p=581"},"modified":"2023-12-03T14:06:58","modified_gmt":"2023-12-03T14:06:58","slug":"amazone-a-front-bleu-a-vendre","status":"publish","type":"product","link":"https:\/\/tropicalwingsbirds.shop\/fr\/boutique\/amazone-a-front-bleu-a-vendre\/","title":{"rendered":"Amazone \u00e0 front bleu \u00e0 vendre"},"content":{"rendered":"<div class=\"product-description rte\">\n<div id=\"tab-description\" class=\"woocommerce-Tabs-panel woocommerce-Tabs-panel--description panel entry-content wc-tab\" role=\"tabpanel\" aria-labelledby=\"tab-title-description\">\n<h1 class=\"product_title entry-title\">Amazone \u00e0 front bleu \u00e0 vendre<\/h1>\n<p>L&#039;Amazone \u00e0 front bleu, est \u00e9galement connue sous le nom de<a href=\"https:\/\/timiesbirds.com\/product\/blue-front-amazons-for-sale\/\"> <span class=\"ILfuVd NA6bn c3biWd\"><span class=\"hgKElc\"><b>amazone \u00e0 front turquoise<\/b> <\/span><\/span><\/a>Ils sont d&#039;une affection supr\u00eame, intelligents, ob\u00e9issants et doux. Ils se consid\u00e8rent vraiment comme des \u00ab petites personnes \u00bb ! Amazone \u00e0 front bleu \u00e0 vendre.<\/p>\n<p>Cet Amazone est un oiseau principalement vert, mais son nom vient d&#039;une tache jaune vif qui se d\u00e9veloppe sur sa nuque. L&#039;Amazone \u00e0 front bleu ressemble beaucoup \u00e0 plusieurs autres esp\u00e8ces d&#039;Amazones qui d\u00e9veloppent \u00e9galement des marques jaunes. L&#039;une de ces Amazones tr\u00e8s populaires est l&#039;Amazone \u00e0 front bleu. <a href=\"https:\/\/timiesbirds.com\/product\/double-head-amazon-for-sale\/\">Amazone \u00e0 double t\u00eate jaune<\/a> Amazona oratrix. Sa t\u00eate enti\u00e8re, et non seulement sa nuque, devient jaune. Un autre exemple est <a href=\"https:\/\/timiesbirds.com\/product\/yellow-naped-amazon-for-sale\/\">Amazone \u00e0 nuque jaune<\/a> <a href=\"https:\/\/en.wikipedia.org\/wiki\/Yellow-naped_amazon\">Amazona ochrocepha<\/a> qui d\u00e9veloppe une tache jaune sur la couronne.<\/p>\n<p>Lorsqu&#039;ils sont jeunes, il est difficile de distinguer ces Amazones \u00e0 marques jaunes. Ces marques jaunes se d\u00e9veloppent avec l&#039;\u00e2ge, sur une p\u00e9riode d&#039;environ quatre ans. Outre la couleur, ces perroquets pr\u00e9sentent d&#039;autres diff\u00e9rences, notamment par leur taille, leur temp\u00e9rament et leur capacit\u00e9 \u00e0 parler. Il est important de savoir \u00e0 quel Amazone vous vous adressez pour savoir \u00e0 quoi vous attendre.<\/p>\n<p>L&#039;Amazone \u00e0 front bleu est consid\u00e9r\u00e9e comme un excellent oiseau polyvalent. C&#039;est un animal de compagnie tr\u00e8s appr\u00e9ci\u00e9 et un excellent parleur. Outre son intelligence, ce qui la rend facile \u00e0 apprivoiser et \u00e0 dresser, elle est tr\u00e8s amusante et affectueuse. Ce perroquet de compagnie est tr\u00e8s sociable et appr\u00e9cie la compagnie des humains comme celle des autres oiseaux. Il tisse des liens tr\u00e8s forts avec son ma\u00eetre, devenant rapidement ami et faisant preuve d&#039;une confiance absolue. C&#039;est \u00e9galement un oiseau robuste et robuste qui s&#039;adapte aussi bien \u00e0 la vie en cage qu&#039;en voli\u00e8re.<\/p>\n<p>&nbsp;<\/p>\n<h2>Soins et alimentation de l&#039;amazone \u00e0 front bleu \u00e0 vendre<\/h2>\n<p>Dans la nature, le r\u00e9gime alimentaire de l&#039;Amazone \u00e0 front bleu se compose de fruits, de plantes, de graines et de noix, et probablement de prot\u00e9ines. Un oiseau de compagnie appr\u00e9ciera une alimentation vari\u00e9e, comprenant un m\u00e9lange de graines de qualit\u00e9 ou des granul\u00e9s, ainsi que de nombreux fruits et l\u00e9gumes frais. Les granul\u00e9s sont efficaces s&#039;ils sont administr\u00e9s d\u00e8s le plus jeune \u00e2ge.<\/p>\n<p>On peut leur proposer une nourriture humaine riche et nutritive, et ils appr\u00e9cient le poulet. Ils aiment manger \u00e0 table et appr\u00e9cient les repas en famille. L&#039;avocat et le chocolat sont toxiques pour tous les perroquets. Ils vous feront savoir quand l&#039;heure du d\u00eener approche.<\/p>\n<h3>Comportements sociaux<\/h3>\n<p>Les amazones \u00e0 front bleu sont magnifiques jeunes, mais ont tendance \u00e0 devenir mordantes, voire carr\u00e9ment agressives, en vieillissant, surtout les m\u00e2les, bien que chaque oiseau varie. Elles sont connues pour leurs changements de temp\u00e9rament et attaquent violemment leurs propri\u00e9taires. Les femelles ont tendance \u00e0 rester plus douces\u00a0; il est donc conseill\u00e9 d&#039;envisager une femelle lors de votre achat. Ce n&#039;est peut-\u00eatre pas un oiseau pour les enfants, car une morsure de bec d&#039;une amazone \u00e0 nuque jaune est redoutable. Mais ne vous laissez pas d\u00e9courager\u00a0: elles ont un potentiel animal de compagnie exceptionnel et sont un choix populaire pour de nombreuses raisons. Si vous remarquez un changement de temp\u00e9rament, prenez simplement des pr\u00e9cautions pour ne pas vous blesser, ni pour blesser l&#039;oiseau.<\/p>\n<p>Cet Amazone appr\u00e9cie les interactions humaines et celles avec les autres oiseaux. Dans la nature, ce sont des oiseaux tr\u00e8s sociables qui vivent en groupes. On les observe soit en couples, soit en bandes, allant de petits groupes \u00e0 des groupes de plusieurs centaines d&#039;oiseaux. Ils forment \u00e9galement des couples permanents lorsqu&#039;ils atteignent la maturit\u00e9 sexuelle.<\/p>\n<p>Si vous recherchez un oiseau calme, un<a href=\"https:\/\/mozillabirdsfarm.com\/product-category\/amazon-parrots\/\"> perroquet d&#039;Amazonie<\/a> Ce n&#039;est pas pour vous. C&#039;est un oiseau tr\u00e8s sociable qui appr\u00e9cie la compagnie humaine et adore jouer. Il apprendra des tours et appr\u00e9ciera les interactions et les jeux. L&#039;Amazone \u00e0 front bleu vous offrira de nombreux moments de plaisir et de fous rires.<\/p>\n<p>&nbsp;<\/p>\n<h3>Manipulation\/Formation<\/h3>\n<p>L&#039;amazone \u00e0 front bleu s&#039;adapte rapidement et s&#039;habitue rapidement \u00e0 un nouvel environnement et \u00e0 son gardien. Elle est alors pr\u00eate \u00e0 commencer le dressage. En g\u00e9n\u00e9ral, il faut laisser quelques jours \u00e0 un nouveau venu pour s&#039;habituer \u00e0 vous, \u00e0 votre voix et \u00e0 sa cage avant d&#039;essayer de le manipuler. Un b\u00e9b\u00e9 nourri \u00e0 la main ne n\u00e9cessite pas beaucoup d&#039;apprivoisement et peut souvent \u00eatre manipul\u00e9 imm\u00e9diatement, car il est habitu\u00e9 \u00e0 l&#039;attention humaine.<\/p>\n<\/p><\/div>\n<p><a href=\"https:\/\/timiesbirds.com\/product\/blue-front-amazons-for-sale\/\">Achetez Blue Front sur Amazon en ligne<\/a> <\/div>","protected":false},"excerpt":{"rendered":"<p>Ces cr\u00e9atures \u00e0 plumes adorent grimper et mordre. Il est donc conseill\u00e9 aux propri\u00e9taires d&#039;Amazones de fournir \u00e0 leurs animaux de nombreux jouets, notamment des marches et des cordes pour se balancer. Pr\u00e9voyez quelques jouets \u00e0 mordre suppl\u00e9mentaires pour remplacer ceux qui sont trop us\u00e9s, et votre oiseau ne manquera pas de jouets pour s&#039;amuser lorsque vous \u00eates absent. Une alimentation \u00e9quilibr\u00e9e comprend des granul\u00e9s de qualit\u00e9, un m\u00e9lange de graines de qualit\u00e9 et des portions quotidiennes de produits du sol, croustillants et sans danger pour les oiseaux.<\/p>","protected":false},"featured_media":643,"comment_status":"closed","ping_status":"closed","template":"","meta":{"site-sidebar-layout":"default","site-content-layout":"","ast-site-content-layout":"default","site-content-style":"default","site-sidebar-style":"default","ast-global-header-display":"","ast-banner-title-visibility":"","ast-main-header-display":"","ast-hfb-above-header-display":"","ast-hfb-below-header-display":"","ast-hfb-mobile-header-display":"","site-post-title":"","ast-breadcrumbs-content":"","ast-featured-img":"","footer-sml-layout":"","theme-transparent-header-meta":"","adv-header-id-meta":"","stick-header-meta":"","header-above-stick-meta":"","header-main-stick-meta":"","header-below-stick-meta":"","astra-migrate-meta-layouts":"default","ast-page-background-enabled":"default","ast-page-background-meta":{"desktop":{"background-color":"var(--ast-global-color-4)","background-image":"","background-repeat":"repeat","background-position":"center center","background-size":"auto","background-attachment":"scroll","background-type":"","background-media":"","overlay-type":"","overlay-color":"","overlay-opacity":"","overlay-gradient":""},"tablet":{"background-color":"","background-image":"","background-repeat":"repeat","background-position":"center center","background-size":"auto","background-attachment":"scroll","background-type":"","background-media":"","overlay-type":"","overlay-color":"","overlay-opacity":"","overlay-gradient":""},"mobile":{"background-color":"","background-image":"","background-repeat":"repeat","background-position":"center center","background-size":"auto","background-attachment":"scroll","background-type":"","background-media":"","overlay-type":"","overlay-color":"","overlay-opacity":"","overlay-gradient":""}},"ast-content-background-meta":{"desktop":{"background-color":"var(--ast-global-color-5)","background-image":"","background-repeat":"repeat","background-position":"center center","background-size":"auto","background-attachment":"scroll","background-type":"","background-media":"","overlay-type":"","overlay-color":"","overlay-opacity":"","overlay-gradient":""},"tablet":{"background-color":"var(--ast-global-color-5)","background-image":"","background-repeat":"repeat","background-position":"center center","background-size":"auto","background-attachment":"scroll","background-type":"","background-media":"","overlay-type":"","overlay-color":"","overlay-opacity":"","overlay-gradient":""},"mobile":{"background-color":"var(--ast-global-color-5)","background-image":"","background-repeat":"repeat","background-position":"center center","background-size":"auto","background-attachment":"scroll","background-type":"","background-media":"","overlay-type":"","overlay-color":"","overlay-opacity":"","overlay-gradient":""}}},"product_brand":[],"product_cat":[156],"product_tag":[202,203,204,205,206],"class_list":{"0":"post-581","1":"product","2":"type-product","3":"status-publish","4":"has-post-thumbnail","6":"product_cat-parrots","7":"product_tag-blue-front-amazons","8":"product_tag-blue-front-amazons-for-sale","9":"product_tag-blue-front-amazons-online","10":"product_tag-buy-blue-front-amazons","11":"product_tag-buy-blue-front-amazons-online","12":"desktop-align-left","13":"tablet-align-left","14":"mobile-align-left","15":"ast-product-gallery-layout-horizontal-slider","16":"ast-product-tabs-layout-horizontal","17":"ast-qv-on-image","19":"first","20":"instock","21":"shipping-taxable","22":"product-type-simple"},"yoast_head":"<!-- This site is optimized with the Yoast SEO Premium plugin v23.2 (Yoast SEO v26.8) - https:\/\/yoast.com\/product\/yoast-seo-premium-wordpress\/ -->\n<title>Blue Fronted Amazon for Sale - Tropical Wings Birds<\/title>\n<meta name=\"robots\" content=\"index, follow, max-snippet:-1, max-image-preview:large, max-video-preview:-1\" \/>\n<link rel=\"canonical\" href=\"https:\/\/tropicalwingsbirds.shop\/fr\/boutique\/amazone-a-front-bleu-a-vendre\/\" \/>\n<meta property=\"og:locale\" content=\"fr_CA\" \/>\n<meta property=\"og:type\" content=\"article\" \/>\n<meta property=\"og:title\" content=\"Blue Fronted Amazon for Sale\" \/>\n<meta property=\"og:description\" content=\"These feathered creatures love to climb and bite, so it&#8217;s suggested that Amazon parrot proprietors furnish their pets with a lot of toys, including steps and ropes to swing on. Keep a couple of additional bite toys prepared to supplant any that turn out to be excessively worn and your flying creature won&#8217;t come up short on toys to engage himself with when you&#8217;re nowhere to be found. A sound eating regimen should comprise of great pellets, a quality seed blend, and day by day servings of crisp, winged animal safe products of the soil.\" \/>\n<meta property=\"og:url\" content=\"https:\/\/tropicalwingsbirds.shop\/fr\/boutique\/amazone-a-front-bleu-a-vendre\/\" \/>\n<meta property=\"og:site_name\" content=\"Tropical Wings Birds\" \/>\n<meta property=\"article:publisher\" content=\"https:\/\/web.facebook.com\/profile.php?id=61551502767851&amp;mibextid=2JQ9oc&amp;_rdc=1&amp;_rdr\" \/>\n<meta property=\"article:modified_time\" content=\"2023-12-03T14:06:58+00:00\" \/>\n<meta property=\"og:image\" content=\"https:\/\/tropicalwingsbirds.shop\/wp-content\/uploads\/2023\/12\/WhatsApp-Image-2021-04-19-at-3.41.52-AM.jpeg\" \/>\n\t<meta property=\"og:image:width\" content=\"1080\" \/>\n\t<meta property=\"og:image:height\" content=\"1211\" \/>\n\t<meta property=\"og:image:type\" content=\"image\/jpeg\" \/>\n<meta name=\"twitter:card\" content=\"summary_large_image\" \/>\n<meta name=\"twitter:label1\" content=\"Price\" \/>\n\t<meta name=\"twitter:data1\" content=\"\" \/>\n\t<meta name=\"twitter:label2\" content=\"Availability\" \/>\n\t<meta name=\"twitter:data2\" content=\"In stock\" \/>\n<script type=\"application\/ld+json\" class=\"yoast-schema-graph\">{\"@context\":\"https:\/\/schema.org\",\"@graph\":[{\"@type\":\"WebPage\",\"@id\":\"https:\/\/tropicalwingsbirds.shop\/shop\/blue-fronted-amazon-for-sale\/\",\"url\":\"https:\/\/tropicalwingsbirds.shop\/shop\/blue-fronted-amazon-for-sale\/\",\"name\":\"Blue Fronted Amazon for Sale - Tropical Wings Birds\",\"isPartOf\":{\"@id\":\"https:\/\/tropicalwingsbirds.shop\/#website\"},\"primaryImageOfPage\":{\"@id\":\"https:\/\/tropicalwingsbirds.shop\/shop\/blue-fronted-amazon-for-sale\/#primaryimage\"},\"image\":{\"@id\":\"https:\/\/tropicalwingsbirds.shop\/shop\/blue-fronted-amazon-for-sale\/#primaryimage\"},\"thumbnailUrl\":\"https:\/\/tropicalwingsbirds.shop\/wp-content\/uploads\/2023\/12\/WhatsApp-Image-2021-04-19-at-3.41.52-AM.jpeg\",\"datePublished\":\"2023-12-03T14:05:59+00:00\",\"dateModified\":\"2023-12-03T14:06:58+00:00\",\"breadcrumb\":{\"@id\":\"https:\/\/tropicalwingsbirds.shop\/shop\/blue-fronted-amazon-for-sale\/#breadcrumb\"},\"inLanguage\":\"fr-CA\",\"potentialAction\":[{\"@type\":\"ReadAction\",\"target\":[\"https:\/\/tropicalwingsbirds.shop\/shop\/blue-fronted-amazon-for-sale\/\"]}]},{\"@type\":\"ImageObject\",\"inLanguage\":\"fr-CA\",\"@id\":\"https:\/\/tropicalwingsbirds.shop\/shop\/blue-fronted-amazon-for-sale\/#primaryimage\",\"url\":\"https:\/\/tropicalwingsbirds.shop\/wp-content\/uploads\/2023\/12\/WhatsApp-Image-2021-04-19-at-3.41.52-AM.jpeg\",\"contentUrl\":\"https:\/\/tropicalwingsbirds.shop\/wp-content\/uploads\/2023\/12\/WhatsApp-Image-2021-04-19-at-3.41.52-AM.jpeg\",\"width\":1080,\"height\":1211},{\"@type\":\"BreadcrumbList\",\"@id\":\"https:\/\/tropicalwingsbirds.shop\/shop\/blue-fronted-amazon-for-sale\/#breadcrumb\",\"itemListElement\":[{\"@type\":\"ListItem\",\"position\":1,\"name\":\"Home\",\"item\":\"https:\/\/tropicalwingsbirds.shop\/\"},{\"@type\":\"ListItem\",\"position\":2,\"name\":\"Shop\",\"item\":\"https:\/\/tropicalwingsbirds.shop\/shop\/\"},{\"@type\":\"ListItem\",\"position\":3,\"name\":\"Blue Fronted Amazon for Sale\"}]},{\"@type\":\"WebSite\",\"@id\":\"https:\/\/tropicalwingsbirds.shop\/#website\",\"url\":\"https:\/\/tropicalwingsbirds.shop\/\",\"name\":\"Tropical Wings Birds\",\"description\":\"Best Exotic birds breeders online\",\"publisher\":{\"@id\":\"https:\/\/tropicalwingsbirds.shop\/#organization\"},\"potentialAction\":[{\"@type\":\"SearchAction\",\"target\":{\"@type\":\"EntryPoint\",\"urlTemplate\":\"https:\/\/tropicalwingsbirds.shop\/?s={search_term_string}\"},\"query-input\":{\"@type\":\"PropertyValueSpecification\",\"valueRequired\":true,\"valueName\":\"search_term_string\"}}],\"inLanguage\":\"fr-CA\"},{\"@type\":[\"Organization\",\"Place\",\"PetStore\"],\"@id\":\"https:\/\/tropicalwingsbirds.shop\/#organization\",\"name\":\"Tropical Wings Birds Shop\",\"alternateName\":\"TPWB\",\"url\":\"https:\/\/tropicalwingsbirds.shop\/\",\"logo\":{\"@id\":\"https:\/\/tropicalwingsbirds.shop\/shop\/blue-fronted-amazon-for-sale\/#local-main-organization-logo\"},\"image\":{\"@id\":\"https:\/\/tropicalwingsbirds.shop\/shop\/blue-fronted-amazon-for-sale\/#local-main-organization-logo\"},\"sameAs\":[\"https:\/\/web.facebook.com\/profile.php?id=61551502767851&mibextid=2JQ9oc&_rdc=1&_rdr\"],\"description\":\"Tropical Wings Birds is your destination for exotic avian companionship. Our boutique aviary in United States offers a curated selection of vibrant tropical birds sourced from reputable breeders worldwide. With a focus on welfare and expertise, our dedicated team is here to guide you on your journey to finding the perfect feathered friend. Visit us today and experience the magic of avian companionship at Tropical Wings Birds.\",\"legalName\":\"Tropical Wings Birds\",\"foundingDate\":\"2019-02-14\",\"numberOfEmployees\":{\"@type\":\"QuantitativeValue\",\"minValue\":\"1\",\"maxValue\":\"10\"},\"address\":{\"@id\":\"https:\/\/tropicalwingsbirds.shop\/shop\/blue-fronted-amazon-for-sale\/#local-main-place-address\"},\"geo\":{\"@type\":\"GeoCoordinates\",\"latitude\":\"40.5976725\",\"longitude\":\"-122.3716346\"},\"telephone\":[\"+1 707-733-4623\",\"+1 707-733-4623\"],\"contactPoint\":{\"@type\":\"ContactPoint\",\"telephone\":\"+1 707-733-4623\",\"email\":\"sales@tropicalwingsbirds.shop\"},\"openingHoursSpecification\":{\"@type\":\"OpeningHoursSpecification\",\"dayOfWeek\":[\"Monday\",\"Tuesday\",\"Wednesday\",\"Thursday\",\"Friday\",\"Saturday\",\"Sunday\"],\"opens\":\"00:00\",\"closes\":\"23:59\"},\"email\":\"sales@tropicalwingsbirds.shop\",\"faxNumber\":\"+1 707-733-4623\",\"areaServed\":\"United states, Porto Rico, Canada, Australia\",\"priceRange\":\"$\",\"currenciesAccepted\":\"USD, CAD, AUD,\",\"paymentAccepted\":\"Zelle, Paypal, Bitcoin, Apple pay, Credit cards, Bank transfers\"},{\"@type\":\"PostalAddress\",\"@id\":\"https:\/\/tropicalwingsbirds.shop\/shop\/blue-fronted-amazon-for-sale\/#local-main-place-address\",\"streetAddress\":\"500 Hilltop Dr,\",\"addressLocality\":\"Redding\",\"postalCode\":\"96003\",\"addressRegion\":\"California\",\"addressCountry\":\"US\"},{\"@type\":\"ImageObject\",\"inLanguage\":\"fr-CA\",\"@id\":\"https:\/\/tropicalwingsbirds.shop\/shop\/blue-fronted-amazon-for-sale\/#local-main-organization-logo\",\"url\":\"https:\/\/tropicalwingsbirds.shop\/wp-content\/uploads\/2024\/01\/tropical-wings-1.webp\",\"contentUrl\":\"https:\/\/tropicalwingsbirds.shop\/wp-content\/uploads\/2024\/01\/tropical-wings-1.webp\",\"width\":500,\"height\":500,\"caption\":\"Tropical Wings Birds Shop\"}]}<\/script>\n<meta property=\"product:price:currency\" content=\"USD\" \/>\n<meta property=\"og:availability\" content=\"instock\" \/>\n<meta property=\"product:availability\" content=\"instock\" \/>\n<meta property=\"product:condition\" content=\"new\" \/>\n<meta name=\"geo.placename\" content=\"Redding\" \/>\n<meta name=\"geo.position\" content=\"40.5976725;-122.3716346\" \/>\n<meta name=\"geo.region\" content=\"United States (US)\" \/>\n<!-- \/ Yoast SEO Premium plugin. -->","yoast_head_json":{"title":"Amazone \u00e0 front bleu \u00e0 vendre \u2013 Tropical Wings Birds","robots":{"index":"index","follow":"follow","max-snippet":"max-snippet:-1","max-image-preview":"max-image-preview:large","max-video-preview":"max-video-preview:-1"},"canonical":"https:\/\/tropicalwingsbirds.shop\/fr\/boutique\/amazone-a-front-bleu-a-vendre\/","og_locale":"fr_CA","og_type":"article","og_title":"Blue Fronted Amazon for Sale","og_description":"These feathered creatures love to climb and bite, so it&#8217;s suggested that Amazon parrot proprietors furnish their pets with a lot of toys, including steps and ropes to swing on. Keep a couple of additional bite toys prepared to supplant any that turn out to be excessively worn and your flying creature won&#8217;t come up short on toys to engage himself with when you&#8217;re nowhere to be found. A sound eating regimen should comprise of great pellets, a quality seed blend, and day by day servings of crisp, winged animal safe products of the soil.","og_url":"https:\/\/tropicalwingsbirds.shop\/fr\/boutique\/amazone-a-front-bleu-a-vendre\/","og_site_name":"Tropical Wings Birds","article_publisher":"https:\/\/web.facebook.com\/profile.php?id=61551502767851&mibextid=2JQ9oc&_rdc=1&_rdr","article_modified_time":"2023-12-03T14:06:58+00:00","og_image":[{"width":1080,"height":1211,"url":"https:\/\/tropicalwingsbirds.shop\/wp-content\/uploads\/2023\/12\/WhatsApp-Image-2021-04-19-at-3.41.52-AM.jpeg","type":"image\/jpeg"}],"twitter_card":"summary_large_image","twitter_misc":{"Price":"","Availability":"In stock"},"schema":{"@context":"https:\/\/schema.org","@graph":[{"@type":"WebPage","@id":"https:\/\/tropicalwingsbirds.shop\/shop\/blue-fronted-amazon-for-sale\/","url":"https:\/\/tropicalwingsbirds.shop\/shop\/blue-fronted-amazon-for-sale\/","name":"Amazone \u00e0 front bleu \u00e0 vendre \u2013 Tropical Wings Birds","isPartOf":{"@id":"https:\/\/tropicalwingsbirds.shop\/#website"},"primaryImageOfPage":{"@id":"https:\/\/tropicalwingsbirds.shop\/shop\/blue-fronted-amazon-for-sale\/#primaryimage"},"image":{"@id":"https:\/\/tropicalwingsbirds.shop\/shop\/blue-fronted-amazon-for-sale\/#primaryimage"},"thumbnailUrl":"https:\/\/tropicalwingsbirds.shop\/wp-content\/uploads\/2023\/12\/WhatsApp-Image-2021-04-19-at-3.41.52-AM.jpeg","datePublished":"2023-12-03T14:05:59+00:00","dateModified":"2023-12-03T14:06:58+00:00","breadcrumb":{"@id":"https:\/\/tropicalwingsbirds.shop\/shop\/blue-fronted-amazon-for-sale\/#breadcrumb"},"inLanguage":"fr-CA","potentialAction":[{"@type":"ReadAction","target":["https:\/\/tropicalwingsbirds.shop\/shop\/blue-fronted-amazon-for-sale\/"]}]},{"@type":"ImageObject","inLanguage":"fr-CA","@id":"https:\/\/tropicalwingsbirds.shop\/shop\/blue-fronted-amazon-for-sale\/#primaryimage","url":"https:\/\/tropicalwingsbirds.shop\/wp-content\/uploads\/2023\/12\/WhatsApp-Image-2021-04-19-at-3.41.52-AM.jpeg","contentUrl":"https:\/\/tropicalwingsbirds.shop\/wp-content\/uploads\/2023\/12\/WhatsApp-Image-2021-04-19-at-3.41.52-AM.jpeg","width":1080,"height":1211},{"@type":"BreadcrumbList","@id":"https:\/\/tropicalwingsbirds.shop\/shop\/blue-fronted-amazon-for-sale\/#breadcrumb","itemListElement":[{"@type":"ListItem","position":1,"name":"Home","item":"https:\/\/tropicalwingsbirds.shop\/"},{"@type":"ListItem","position":2,"name":"Shop","item":"https:\/\/tropicalwingsbirds.shop\/shop\/"},{"@type":"ListItem","position":3,"name":"Blue Fronted Amazon for Sale"}]},{"@type":"WebSite","@id":"https:\/\/tropicalwingsbirds.shop\/#website","url":"https:\/\/tropicalwingsbirds.shop\/","name":"Oiseaux aux ailes tropicales","description":"Meilleurs \u00e9leveurs d&#039;oiseaux exotiques en ligne","publisher":{"@id":"https:\/\/tropicalwingsbirds.shop\/#organization"},"potentialAction":[{"@type":"SearchAction","target":{"@type":"EntryPoint","urlTemplate":"https:\/\/tropicalwingsbirds.shop\/?s={search_term_string}"},"query-input":{"@type":"PropertyValueSpecification","valueRequired":true,"valueName":"search_term_string"}}],"inLanguage":"fr-CA"},{"@type":["Organization","Place","PetStore"],"@id":"https:\/\/tropicalwingsbirds.shop\/#organization","name":"Tropical Wings Birds Shop","alternateName":"TPWB","url":"https:\/\/tropicalwingsbirds.shop\/","logo":{"@id":"https:\/\/tropicalwingsbirds.shop\/shop\/blue-fronted-amazon-for-sale\/#local-main-organization-logo"},"image":{"@id":"https:\/\/tropicalwingsbirds.shop\/shop\/blue-fronted-amazon-for-sale\/#local-main-organization-logo"},"sameAs":["https:\/\/web.facebook.com\/profile.php?id=61551502767851&mibextid=2JQ9oc&_rdc=1&_rdr"],"description":"Tropical Wings Birds est votre destination pour des oiseaux exotiques. Notre voli\u00e8re-boutique aux \u00c9tats-Unis propose une s\u00e9lection soign\u00e9e d&#039;oiseaux tropicaux aux couleurs vives, issus d&#039;\u00e9leveurs r\u00e9put\u00e9s du monde entier. Ax\u00e9e sur le bien-\u00eatre et l&#039;expertise, notre \u00e9quipe d\u00e9vou\u00e9e est l\u00e0 pour vous guider dans votre recherche de l&#039;ami \u00e0 plumes id\u00e9al. Rendez-nous visite d\u00e8s aujourd&#039;hui et d\u00e9couvrez la magie de la compagnie des oiseaux chez Tropical Wings Birds.","legalName":"Tropical Wings Birds","foundingDate":"2019-02-14","numberOfEmployees":{"@type":"QuantitativeValue","minValue":"1","maxValue":"10"},"address":{"@id":"https:\/\/tropicalwingsbirds.shop\/shop\/blue-fronted-amazon-for-sale\/#local-main-place-address"},"geo":{"@type":"GeoCoordinates","latitude":"40.5976725","longitude":"-122.3716346"},"telephone":["+1 707-733-4623","+1 707-733-4623"],"contactPoint":{"@type":"ContactPoint","telephone":"+1 707-733-4623","email":"sales@tropicalwingsbirds.shop"},"openingHoursSpecification":{"@type":"OpeningHoursSpecification","dayOfWeek":["Monday","Tuesday","Wednesday","Thursday","Friday","Saturday","Sunday"],"opens":"00:00","closes":"23:59"},"email":"sales@tropicalwingsbirds.shop","faxNumber":"+1 707-733-4623","areaServed":"United states, Porto Rico, Canada, Australia","priceRange":"$","currenciesAccepted":"USD, CAD, AUD,","paymentAccepted":"Zelle, Paypal, Bitcoin, Apple pay, Credit cards, Bank transfers"},{"@type":"PostalAddress","@id":"https:\/\/tropicalwingsbirds.shop\/shop\/blue-fronted-amazon-for-sale\/#local-main-place-address","streetAddress":"500 Hilltop Dr,","addressLocality":"Redding","postalCode":"96003","addressRegion":"California","addressCountry":"US"},{"@type":"ImageObject","inLanguage":"fr-CA","@id":"https:\/\/tropicalwingsbirds.shop\/shop\/blue-fronted-amazon-for-sale\/#local-main-organization-logo","url":"https:\/\/tropicalwingsbirds.shop\/wp-content\/uploads\/2024\/01\/tropical-wings-1.webp","contentUrl":"https:\/\/tropicalwingsbirds.shop\/wp-content\/uploads\/2024\/01\/tropical-wings-1.webp","width":500,"height":500,"caption":"Tropical Wings Birds Shop"}]},"product_price_currency":"USD","og_availability":"instock","product_availability":"instock","product_condition":"new","geo.placename":"Redding","geo.position":{"lat":"40.5976725","long":"-122.3716346"},"geo.region":"United States (US)"},"_links":{"self":[{"href":"https:\/\/tropicalwingsbirds.shop\/fr\/wp-json\/wp\/v2\/product\/581","targetHints":{"allow":["GET"]}}],"collection":[{"href":"https:\/\/tropicalwingsbirds.shop\/fr\/wp-json\/wp\/v2\/product"}],"about":[{"href":"https:\/\/tropicalwingsbirds.shop\/fr\/wp-json\/wp\/v2\/types\/product"}],"replies":[{"embeddable":true,"href":"https:\/\/tropicalwingsbirds.shop\/fr\/wp-json\/wp\/v2\/comments?post=581"}],"wp:featuredmedia":[{"embeddable":true,"href":"https:\/\/tropicalwingsbirds.shop\/fr\/wp-json\/wp\/v2\/media\/643"}],"wp:attachment":[{"href":"https:\/\/tropicalwingsbirds.shop\/fr\/wp-json\/wp\/v2\/media?parent=581"}],"wp:term":[{"taxonomy":"product_brand","embeddable":true,"href":"https:\/\/tropicalwingsbirds.shop\/fr\/wp-json\/wp\/v2\/product_brand?post=581"},{"taxonomy":"product_cat","embeddable":true,"href":"https:\/\/tropicalwingsbirds.shop\/fr\/wp-json\/wp\/v2\/product_cat?post=581"},{"taxonomy":"product_tag","embeddable":true,"href":"https:\/\/tropicalwingsbirds.shop\/fr\/wp-json\/wp\/v2\/product_tag?post=581"}],"curies":[{"name":"wp","href":"https:\/\/api.w.org\/{rel}","templated":true}]}}