{"id":1427,"date":"2023-12-07T14:11:10","date_gmt":"2023-12-07T14:11:10","guid":{"rendered":"https:\/\/tropicalwingsbirds.shop\/?post_type=product&#038;p=1427"},"modified":"2026-04-17T22:04:02","modified_gmt":"2026-04-17T22:04:02","slug":"achetez-en-ligne-des-incubateurs-a-oeufs-avec-retourneur-automatique-pour-oeufs-a-couver-et-mire-oeufs","status":"publish","type":"product","link":"https:\/\/tropicalwingsbirds.shop\/fr_fr\/boutique\/achetez-en-ligne-des-incubateurs-a-oeufs-avec-retourneur-automatique-pour-oeufs-a-couver-et-mire-oeufs\/","title":{"rendered":"Achetez en ligne des incubateurs \u00e0 \u0153ufs avec retourneur automatique pour l&#039;\u00e9closion des \u0153ufs avec mire-\u0153ufs."},"content":{"rendered":"<p>param\u00e8tres de l&#039;incubateur<br \/> Tension de fonctionnement : AC95~125V \/ 50Hz<br \/> Puissance : &lt; 41 W<br \/> Dimensions : (L x l x H) 32 cm x 21 cm x 12,5 cm<br \/> Points forts de la conception des incubateurs Triocottage<br \/> 1, Incubateur d&#039;\u0153ufs de poule avec mire-\u0153ufs gratuit, facile \u00e0 utiliser, un seul clic<br \/> 2, Les incubateurs pour l&#039;\u00e9closion des \u0153ufs avec retourneur automatique sont enti\u00e8rement sans intervention, mais vous pouvez \u00e9galement appuyer manuellement sur le bouton LED et le maintenir enfonc\u00e9 pendant 3 secondes pour d\u00e9marrer le travail du retourneur une fois<br \/> 3, La plaque chauffante de grande surface et le ventilateur turbo int\u00e9gr\u00e9 permettent de r\u00e9partir la chaleur uniform\u00e9ment. Le ch\u00e2ssis principal est durable, r\u00e9sistant \u00e0 l&#039;usure et a une longue dur\u00e9e de vie.<br \/> 4, L&#039;\u00e9vier \u00e9tag\u00e9 maintient l&#039;humidit\u00e9 parfaite dans l&#039;incubateur d&#039;\u0153ufs, peut contr\u00f4ler efficacement l&#039;humidit\u00e9, vous pouvez \u00e9galement augmenter ou diminuer le nombre d&#039;\u00e9viers utilis\u00e9s en fonction de l&#039;humidit\u00e9 ambiante<br \/> 5. La couche isolante PS sur mesure pour incubateurs peut stabiliser la temp\u00e9rature pour l&#039;\u00e9closion des \u0153ufs, \u00e9conomiser de l&#039;\u00e9nergie et am\u00e9liorer le taux d&#039;\u00e9closion<br \/> Champ d&#039;application<br \/> Le petit incubateur num\u00e9rique Triocottage s&#039;adapte parfaitement. Id\u00e9al pour apprendre et profiter du processus d&#039;incubation, dans les salles de classe et m\u00eame dans les laboratoires scientifiques.<br \/> L&#039;incubateur d&#039;\u0153ufs automatique est parfait pour un petit \u00e9leveur de poulets de jardin, le mini mod\u00e8le ne prend pas de place.<br \/> Le mini incubateur convient \u00e0 tous les \u0153ufs d&#039;oiseaux et de volailles, par exemple : 3 \u00e0 6 \u0153ufs d&#039;oie ; 18 \u00e0 21 \u0153ufs de pigeon ; 12 \u00e0 15 \u0153ufs de poule ; 24 \u00e0 28 \u0153ufs de caille, \u0153ufs de quakers ou de perroquets ; \u0153ufs d&#039;aras ; \u0153ufs de soyeux, d&#039;ins\u00e9parables ; \u0153ufs de pintade ; si vous souhaitez faire des \u0153ufs plus gros comme ceux de dinde ou des \u0153ufs plus petits comme ceux de caille ou des \u0153ufs de poule de taille Jumbo, ce n&#039;est pas un probl\u00e8me.<br \/> Apr\u00e8s-vente<br \/> Dans les 90 jours suivant la livraison, s&#039;il y a un dysfonctionnement qui ne peut pas fonctionner, veuillez contacter la bo\u00eete aux lettres apr\u00e8s-vente et nous \u00e9changerons l&#039;incubateur gratuitement.<br \/> En cas de probl\u00e8me dans un d\u00e9lai d&#039;un an \u00e0 compter de la livraison, veuillez contacter l&#039;adresse e-mail du service apr\u00e8s-vente et nous vous enverrons gratuitement les accessoires de l&#039;incubateur.<\/p>","protected":false},"excerpt":{"rendered":"<p>incubator parameters Working voltage: AC95~125V \/ 50Hz Power: &lt;41W Dimensions: (L x W x H)32 cm x 21 cm x 12.5 cm Triocottage incubators design highlights 1, Chicken egg incubator with free egg candler, easy to use, only one click 2, The incubators for hatching eggs with automatic turner is completely hands-off however you can [&hellip;]<\/p>\n","protected":false},"featured_media":1461,"comment_status":"closed","ping_status":"closed","template":"","meta":{"site-sidebar-layout":"","site-content-layout":"","ast-site-content-layout":"","site-content-style":"","site-sidebar-style":"","ast-global-header-display":"","ast-banner-title-visibility":"","ast-main-header-display":"","ast-hfb-above-header-display":"","ast-hfb-below-header-display":"","ast-hfb-mobile-header-display":"","site-post-title":"","ast-breadcrumbs-content":"","ast-featured-img":"","footer-sml-layout":"","theme-transparent-header-meta":"","adv-header-id-meta":"","stick-header-meta":"","header-above-stick-meta":"","header-main-stick-meta":"","header-below-stick-meta":"","astra-migrate-meta-layouts":"","ast-page-background-enabled":"default","ast-page-background-meta":{"desktop":{"background-color":"var(--ast-global-color-4)","background-image":"","background-repeat":"repeat","background-position":"center center","background-size":"auto","background-attachment":"scroll","background-type":"","background-media":"","overlay-type":"","overlay-color":"","overlay-opacity":"","overlay-gradient":""},"tablet":{"background-color":"","background-image":"","background-repeat":"repeat","background-position":"center center","background-size":"auto","background-attachment":"scroll","background-type":"","background-media":"","overlay-type":"","overlay-color":"","overlay-opacity":"","overlay-gradient":""},"mobile":{"background-color":"","background-image":"","background-repeat":"repeat","background-position":"center center","background-size":"auto","background-attachment":"scroll","background-type":"","background-media":"","overlay-type":"","overlay-color":"","overlay-opacity":"","overlay-gradient":""}},"ast-content-background-meta":{"desktop":{"background-color":"var(--ast-global-color-5)","background-image":"","background-repeat":"repeat","background-position":"center center","background-size":"auto","background-attachment":"scroll","background-type":"","background-media":"","overlay-type":"","overlay-color":"","overlay-opacity":"","overlay-gradient":""},"tablet":{"background-color":"var(--ast-global-color-5)","background-image":"","background-repeat":"repeat","background-position":"center center","background-size":"auto","background-attachment":"scroll","background-type":"","background-media":"","overlay-type":"","overlay-color":"","overlay-opacity":"","overlay-gradient":""},"mobile":{"background-color":"var(--ast-global-color-5)","background-image":"","background-repeat":"repeat","background-position":"center center","background-size":"auto","background-attachment":"scroll","background-type":"","background-media":"","overlay-type":"","overlay-color":"","overlay-opacity":"","overlay-gradient":""}}},"product_brand":[],"product_cat":[485],"product_tag":[],"class_list":{"0":"post-1427","1":"product","2":"type-product","3":"status-publish","4":"has-post-thumbnail","6":"product_cat-incubators-brooders","7":"desktop-align-left","8":"tablet-align-left","9":"mobile-align-left","10":"ast-product-gallery-layout-horizontal-slider","11":"ast-product-gallery-with-no-image","12":"ast-product-tabs-layout-horizontal","13":"ast-qv-on-image","15":"first","16":"instock","17":"shipping-taxable","18":"product-type-simple"},"yoast_head":"<!-- This site is optimized with the Yoast SEO Premium plugin v23.2 (Yoast SEO v26.8) - https:\/\/yoast.com\/product\/yoast-seo-premium-wordpress\/ -->\n<title>Egg Incubators with Automatic Egg Turning | Tropical Wings<\/title>\n<meta name=\"description\" content=\"Buy egg incubators with automatic egg turning turner for hatching eggs with egg candler online \u2014 candled, fertile eggs from proven breeding pairs with...\" \/>\n<meta name=\"robots\" content=\"index, follow, max-snippet:-1, max-image-preview:large, max-video-preview:-1\" \/>\n<link rel=\"canonical\" href=\"https:\/\/tropicalwingsbirds.shop\/fr_fr\/boutique\/achetez-en-ligne-des-incubateurs-a-oeufs-avec-retourneur-automatique-pour-oeufs-a-couver-et-mire-oeufs\/\" \/>\n<meta property=\"og:locale\" content=\"fr_FR\" \/>\n<meta property=\"og:type\" content=\"article\" \/>\n<meta property=\"og:title\" content=\"Buy Egg Incubators with Automatic Egg Turning Turner for Hatching Eggs with Egg Candler Online\" \/>\n<meta property=\"og:description\" content=\"Buy egg incubators with automatic egg turning turner for hatching eggs with egg candler online \u2014 candled, fertile eggs from proven breeding pairs with...\" \/>\n<meta property=\"og:url\" content=\"https:\/\/tropicalwingsbirds.shop\/fr_fr\/boutique\/achetez-en-ligne-des-incubateurs-a-oeufs-avec-retourneur-automatique-pour-oeufs-a-couver-et-mire-oeufs\/\" \/>\n<meta property=\"og:site_name\" content=\"Tropical Wings Birds\" \/>\n<meta property=\"article:publisher\" content=\"https:\/\/web.facebook.com\/profile.php?id=61551502767851&amp;mibextid=2JQ9oc&amp;_rdc=1&amp;_rdr\" \/>\n<meta property=\"article:modified_time\" content=\"2026-04-17T22:04:02+00:00\" \/>\n<meta property=\"og:image\" content=\"https:\/\/tropicalwingsbirds.shop\/wp-content\/uploads\/2023\/12\/Egg-Incubators-with-Automatic-Egg-Turning-Turner-for-Hatching-Eggs-with-Egg-Candler.jpg\" \/>\n\t<meta property=\"og:image:width\" content=\"600\" \/>\n\t<meta property=\"og:image:height\" content=\"600\" \/>\n\t<meta property=\"og:image:type\" content=\"image\/jpeg\" \/>\n<meta name=\"twitter:card\" content=\"summary_large_image\" \/>\n<meta name=\"twitter:label1\" content=\"Prix\" \/>\n\t<meta name=\"twitter:data1\" content=\"\" \/>\n\t<meta name=\"twitter:label2\" content=\"Disponibilit\u00e9\" \/>\n\t<meta name=\"twitter:data2\" content=\"En stock\" \/>\n<script type=\"application\/ld+json\" class=\"yoast-schema-graph\">{\"@context\":\"https:\/\/schema.org\",\"@graph\":[{\"@type\":\"WebPage\",\"@id\":\"https:\/\/tropicalwingsbirds.shop\/shop\/buy-egg-incubators-with-automatic-egg-turning-turner-for-hatching-eggs-with-egg-candler-online\/\",\"url\":\"https:\/\/tropicalwingsbirds.shop\/shop\/buy-egg-incubators-with-automatic-egg-turning-turner-for-hatching-eggs-with-egg-candler-online\/\",\"name\":\"Egg Incubators with Automatic Egg Turning | Tropical Wings\",\"isPartOf\":{\"@id\":\"https:\/\/tropicalwingsbirds.shop\/#website\"},\"primaryImageOfPage\":{\"@id\":\"https:\/\/tropicalwingsbirds.shop\/shop\/buy-egg-incubators-with-automatic-egg-turning-turner-for-hatching-eggs-with-egg-candler-online\/#primaryimage\"},\"image\":{\"@id\":\"https:\/\/tropicalwingsbirds.shop\/shop\/buy-egg-incubators-with-automatic-egg-turning-turner-for-hatching-eggs-with-egg-candler-online\/#primaryimage\"},\"thumbnailUrl\":\"https:\/\/tropicalwingsbirds.shop\/wp-content\/uploads\/2023\/12\/Egg-Incubators-with-Automatic-Egg-Turning-Turner-for-Hatching-Eggs-with-Egg-Candler.jpg\",\"datePublished\":\"2023-12-07T14:11:10+00:00\",\"dateModified\":\"2026-04-17T22:04:02+00:00\",\"description\":\"Buy egg incubators with automatic egg turning turner for hatching eggs with egg candler online \u2014 candled, fertile eggs from proven breeding pairs with...\",\"breadcrumb\":{\"@id\":\"https:\/\/tropicalwingsbirds.shop\/shop\/buy-egg-incubators-with-automatic-egg-turning-turner-for-hatching-eggs-with-egg-candler-online\/#breadcrumb\"},\"inLanguage\":\"fr-FR\",\"potentialAction\":[{\"@type\":\"ReadAction\",\"target\":[\"https:\/\/tropicalwingsbirds.shop\/shop\/buy-egg-incubators-with-automatic-egg-turning-turner-for-hatching-eggs-with-egg-candler-online\/\"]}]},{\"@type\":\"ImageObject\",\"inLanguage\":\"fr-FR\",\"@id\":\"https:\/\/tropicalwingsbirds.shop\/shop\/buy-egg-incubators-with-automatic-egg-turning-turner-for-hatching-eggs-with-egg-candler-online\/#primaryimage\",\"url\":\"https:\/\/tropicalwingsbirds.shop\/wp-content\/uploads\/2023\/12\/Egg-Incubators-with-Automatic-Egg-Turning-Turner-for-Hatching-Eggs-with-Egg-Candler.jpg\",\"contentUrl\":\"https:\/\/tropicalwingsbirds.shop\/wp-content\/uploads\/2023\/12\/Egg-Incubators-with-Automatic-Egg-Turning-Turner-for-Hatching-Eggs-with-Egg-Candler.jpg\",\"width\":600,\"height\":600},{\"@type\":\"BreadcrumbList\",\"@id\":\"https:\/\/tropicalwingsbirds.shop\/shop\/buy-egg-incubators-with-automatic-egg-turning-turner-for-hatching-eggs-with-egg-candler-online\/#breadcrumb\",\"itemListElement\":[{\"@type\":\"ListItem\",\"position\":1,\"name\":\"Home\",\"item\":\"https:\/\/tropicalwingsbirds.shop\/\"},{\"@type\":\"ListItem\",\"position\":2,\"name\":\"Shop\",\"item\":\"https:\/\/tropicalwingsbirds.shop\/shop\/\"},{\"@type\":\"ListItem\",\"position\":3,\"name\":\"Buy Egg Incubators with Automatic Egg Turning Turner for Hatching Eggs with Egg Candler Online\"}]},{\"@type\":\"WebSite\",\"@id\":\"https:\/\/tropicalwingsbirds.shop\/#website\",\"url\":\"https:\/\/tropicalwingsbirds.shop\/\",\"name\":\"Tropical Wings Birds\",\"description\":\"Best Exotic birds breeders online\",\"publisher\":{\"@id\":\"https:\/\/tropicalwingsbirds.shop\/#organization\"},\"potentialAction\":[{\"@type\":\"SearchAction\",\"target\":{\"@type\":\"EntryPoint\",\"urlTemplate\":\"https:\/\/tropicalwingsbirds.shop\/?s={search_term_string}\"},\"query-input\":{\"@type\":\"PropertyValueSpecification\",\"valueRequired\":true,\"valueName\":\"search_term_string\"}}],\"inLanguage\":\"fr-FR\"},{\"@type\":[\"Organization\",\"Place\",\"PetStore\"],\"@id\":\"https:\/\/tropicalwingsbirds.shop\/#organization\",\"name\":\"Tropical Wings Birds Shop\",\"alternateName\":\"TPWB\",\"url\":\"https:\/\/tropicalwingsbirds.shop\/\",\"logo\":{\"@id\":\"https:\/\/tropicalwingsbirds.shop\/shop\/buy-egg-incubators-with-automatic-egg-turning-turner-for-hatching-eggs-with-egg-candler-online\/#local-main-organization-logo\"},\"image\":{\"@id\":\"https:\/\/tropicalwingsbirds.shop\/shop\/buy-egg-incubators-with-automatic-egg-turning-turner-for-hatching-eggs-with-egg-candler-online\/#local-main-organization-logo\"},\"sameAs\":[\"https:\/\/web.facebook.com\/profile.php?id=61551502767851&mibextid=2JQ9oc&_rdc=1&_rdr\"],\"description\":\"Tropical Wings Birds is your destination for exotic avian companionship. Our boutique aviary in United States offers a curated selection of vibrant tropical birds sourced from reputable breeders worldwide. With a focus on welfare and expertise, our dedicated team is here to guide you on your journey to finding the perfect feathered friend. Visit us today and experience the magic of avian companionship at Tropical Wings Birds.\",\"legalName\":\"Tropical Wings Birds\",\"foundingDate\":\"2019-02-14\",\"numberOfEmployees\":{\"@type\":\"QuantitativeValue\",\"minValue\":\"1\",\"maxValue\":\"10\"},\"address\":{\"@id\":\"https:\/\/tropicalwingsbirds.shop\/shop\/buy-egg-incubators-with-automatic-egg-turning-turner-for-hatching-eggs-with-egg-candler-online\/#local-main-place-address\"},\"geo\":{\"@type\":\"GeoCoordinates\",\"latitude\":\"40.5976725\",\"longitude\":\"-122.3716346\"},\"telephone\":[\"+1 707-733-4623\",\"+1 707-733-4623\"],\"contactPoint\":{\"@type\":\"ContactPoint\",\"telephone\":\"+1 707-733-4623\",\"email\":\"sales@tropicalwingsbirds.shop\"},\"openingHoursSpecification\":{\"@type\":\"OpeningHoursSpecification\",\"dayOfWeek\":[\"Monday\",\"Tuesday\",\"Wednesday\",\"Thursday\",\"Friday\",\"Saturday\",\"Sunday\"],\"opens\":\"00:00\",\"closes\":\"23:59\"},\"email\":\"sales@tropicalwingsbirds.shop\",\"faxNumber\":\"+1 707-733-4623\",\"areaServed\":\"United states, Porto Rico, Canada, Australia\",\"priceRange\":\"$\",\"currenciesAccepted\":\"USD, CAD, AUD,\",\"paymentAccepted\":\"Zelle, Paypal, Bitcoin, Apple pay, Credit cards, Bank transfers\"},{\"@type\":\"PostalAddress\",\"@id\":\"https:\/\/tropicalwingsbirds.shop\/shop\/buy-egg-incubators-with-automatic-egg-turning-turner-for-hatching-eggs-with-egg-candler-online\/#local-main-place-address\",\"streetAddress\":\"500 Hilltop Dr,\",\"addressLocality\":\"Redding\",\"postalCode\":\"96003\",\"addressRegion\":\"California\",\"addressCountry\":\"US\"},{\"@type\":\"ImageObject\",\"inLanguage\":\"fr-FR\",\"@id\":\"https:\/\/tropicalwingsbirds.shop\/shop\/buy-egg-incubators-with-automatic-egg-turning-turner-for-hatching-eggs-with-egg-candler-online\/#local-main-organization-logo\",\"url\":\"https:\/\/tropicalwingsbirds.shop\/wp-content\/uploads\/2024\/01\/tropical-wings-1.webp\",\"contentUrl\":\"https:\/\/tropicalwingsbirds.shop\/wp-content\/uploads\/2024\/01\/tropical-wings-1.webp\",\"width\":500,\"height\":500,\"caption\":\"Tropical Wings Birds Shop\"}]}<\/script>\n<meta property=\"product:price:currency\" content=\"USD\" \/>\n<meta property=\"og:availability\" content=\"instock\" \/>\n<meta property=\"product:availability\" content=\"instock\" \/>\n<meta property=\"product:condition\" content=\"new\" \/>\n<meta name=\"geo.placename\" content=\"Redding\" \/>\n<meta name=\"geo.position\" content=\"40.5976725;-122.3716346\" \/>\n<meta name=\"geo.region\" content=\"\u00c9tats-Unis d\u2019Am\u00e9rique\" \/>\n<!-- \/ Yoast SEO Premium plugin. -->","yoast_head_json":{"title":"Egg Incubators with Automatic Egg Turning | Tropical Wings","description":"Buy egg incubators with automatic egg turning turner for hatching eggs with egg candler online \u2014 candled, fertile eggs from proven breeding pairs with...","robots":{"index":"index","follow":"follow","max-snippet":"max-snippet:-1","max-image-preview":"max-image-preview:large","max-video-preview":"max-video-preview:-1"},"canonical":"https:\/\/tropicalwingsbirds.shop\/fr_fr\/boutique\/achetez-en-ligne-des-incubateurs-a-oeufs-avec-retourneur-automatique-pour-oeufs-a-couver-et-mire-oeufs\/","og_locale":"fr_FR","og_type":"article","og_title":"Buy Egg Incubators with Automatic Egg Turning Turner for Hatching Eggs with Egg Candler Online","og_description":"Buy egg incubators with automatic egg turning turner for hatching eggs with egg candler online \u2014 candled, fertile eggs from proven breeding pairs with...","og_url":"https:\/\/tropicalwingsbirds.shop\/fr_fr\/boutique\/achetez-en-ligne-des-incubateurs-a-oeufs-avec-retourneur-automatique-pour-oeufs-a-couver-et-mire-oeufs\/","og_site_name":"Tropical Wings Birds","article_publisher":"https:\/\/web.facebook.com\/profile.php?id=61551502767851&mibextid=2JQ9oc&_rdc=1&_rdr","article_modified_time":"2026-04-17T22:04:02+00:00","og_image":[{"width":600,"height":600,"url":"https:\/\/tropicalwingsbirds.shop\/wp-content\/uploads\/2023\/12\/Egg-Incubators-with-Automatic-Egg-Turning-Turner-for-Hatching-Eggs-with-Egg-Candler.jpg","type":"image\/jpeg"}],"twitter_card":"summary_large_image","twitter_misc":{"Prix":"","Disponibilit\u00e9":"En stock"},"schema":{"@context":"https:\/\/schema.org","@graph":[{"@type":"WebPage","@id":"https:\/\/tropicalwingsbirds.shop\/shop\/buy-egg-incubators-with-automatic-egg-turning-turner-for-hatching-eggs-with-egg-candler-online\/","url":"https:\/\/tropicalwingsbirds.shop\/shop\/buy-egg-incubators-with-automatic-egg-turning-turner-for-hatching-eggs-with-egg-candler-online\/","name":"Egg Incubators with Automatic Egg Turning | Tropical Wings","isPartOf":{"@id":"https:\/\/tropicalwingsbirds.shop\/#website"},"primaryImageOfPage":{"@id":"https:\/\/tropicalwingsbirds.shop\/shop\/buy-egg-incubators-with-automatic-egg-turning-turner-for-hatching-eggs-with-egg-candler-online\/#primaryimage"},"image":{"@id":"https:\/\/tropicalwingsbirds.shop\/shop\/buy-egg-incubators-with-automatic-egg-turning-turner-for-hatching-eggs-with-egg-candler-online\/#primaryimage"},"thumbnailUrl":"https:\/\/tropicalwingsbirds.shop\/wp-content\/uploads\/2023\/12\/Egg-Incubators-with-Automatic-Egg-Turning-Turner-for-Hatching-Eggs-with-Egg-Candler.jpg","datePublished":"2023-12-07T14:11:10+00:00","dateModified":"2026-04-17T22:04:02+00:00","description":"Buy egg incubators with automatic egg turning turner for hatching eggs with egg candler online \u2014 candled, fertile eggs from proven breeding pairs with...","breadcrumb":{"@id":"https:\/\/tropicalwingsbirds.shop\/shop\/buy-egg-incubators-with-automatic-egg-turning-turner-for-hatching-eggs-with-egg-candler-online\/#breadcrumb"},"inLanguage":"fr-FR","potentialAction":[{"@type":"ReadAction","target":["https:\/\/tropicalwingsbirds.shop\/shop\/buy-egg-incubators-with-automatic-egg-turning-turner-for-hatching-eggs-with-egg-candler-online\/"]}]},{"@type":"ImageObject","inLanguage":"fr-FR","@id":"https:\/\/tropicalwingsbirds.shop\/shop\/buy-egg-incubators-with-automatic-egg-turning-turner-for-hatching-eggs-with-egg-candler-online\/#primaryimage","url":"https:\/\/tropicalwingsbirds.shop\/wp-content\/uploads\/2023\/12\/Egg-Incubators-with-Automatic-Egg-Turning-Turner-for-Hatching-Eggs-with-Egg-Candler.jpg","contentUrl":"https:\/\/tropicalwingsbirds.shop\/wp-content\/uploads\/2023\/12\/Egg-Incubators-with-Automatic-Egg-Turning-Turner-for-Hatching-Eggs-with-Egg-Candler.jpg","width":600,"height":600},{"@type":"BreadcrumbList","@id":"https:\/\/tropicalwingsbirds.shop\/shop\/buy-egg-incubators-with-automatic-egg-turning-turner-for-hatching-eggs-with-egg-candler-online\/#breadcrumb","itemListElement":[{"@type":"ListItem","position":1,"name":"Home","item":"https:\/\/tropicalwingsbirds.shop\/"},{"@type":"ListItem","position":2,"name":"Shop","item":"https:\/\/tropicalwingsbirds.shop\/shop\/"},{"@type":"ListItem","position":3,"name":"Buy Egg Incubators with Automatic Egg Turning Turner for Hatching Eggs with Egg Candler Online"}]},{"@type":"WebSite","@id":"https:\/\/tropicalwingsbirds.shop\/#website","url":"https:\/\/tropicalwingsbirds.shop\/","name":"Oiseaux aux ailes tropicales","description":"Meilleurs \u00e9leveurs d&#039;oiseaux exotiques en ligne","publisher":{"@id":"https:\/\/tropicalwingsbirds.shop\/#organization"},"potentialAction":[{"@type":"SearchAction","target":{"@type":"EntryPoint","urlTemplate":"https:\/\/tropicalwingsbirds.shop\/?s={search_term_string}"},"query-input":{"@type":"PropertyValueSpecification","valueRequired":true,"valueName":"search_term_string"}}],"inLanguage":"fr-FR"},{"@type":["Organization","Place","PetStore"],"@id":"https:\/\/tropicalwingsbirds.shop\/#organization","name":"Tropical Wings Birds Shop","alternateName":"TPWB","url":"https:\/\/tropicalwingsbirds.shop\/","logo":{"@id":"https:\/\/tropicalwingsbirds.shop\/shop\/buy-egg-incubators-with-automatic-egg-turning-turner-for-hatching-eggs-with-egg-candler-online\/#local-main-organization-logo"},"image":{"@id":"https:\/\/tropicalwingsbirds.shop\/shop\/buy-egg-incubators-with-automatic-egg-turning-turner-for-hatching-eggs-with-egg-candler-online\/#local-main-organization-logo"},"sameAs":["https:\/\/web.facebook.com\/profile.php?id=61551502767851&mibextid=2JQ9oc&_rdc=1&_rdr"],"description":"Tropical Wings Birds est votre destination pour des oiseaux exotiques. Notre voli\u00e8re-boutique aux \u00c9tats-Unis propose une s\u00e9lection soign\u00e9e d&#039;oiseaux tropicaux aux couleurs vives, issus d&#039;\u00e9leveurs r\u00e9put\u00e9s du monde entier. Ax\u00e9e sur le bien-\u00eatre et l&#039;expertise, notre \u00e9quipe d\u00e9vou\u00e9e est l\u00e0 pour vous guider dans votre recherche de l&#039;ami \u00e0 plumes id\u00e9al. Rendez-nous visite d\u00e8s aujourd&#039;hui et d\u00e9couvrez la magie de la compagnie des oiseaux chez Tropical Wings Birds.","legalName":"Tropical Wings Birds","foundingDate":"2019-02-14","numberOfEmployees":{"@type":"QuantitativeValue","minValue":"1","maxValue":"10"},"address":{"@id":"https:\/\/tropicalwingsbirds.shop\/shop\/buy-egg-incubators-with-automatic-egg-turning-turner-for-hatching-eggs-with-egg-candler-online\/#local-main-place-address"},"geo":{"@type":"GeoCoordinates","latitude":"40.5976725","longitude":"-122.3716346"},"telephone":["+1 707-733-4623","+1 707-733-4623"],"contactPoint":{"@type":"ContactPoint","telephone":"+1 707-733-4623","email":"sales@tropicalwingsbirds.shop"},"openingHoursSpecification":{"@type":"OpeningHoursSpecification","dayOfWeek":["Monday","Tuesday","Wednesday","Thursday","Friday","Saturday","Sunday"],"opens":"00:00","closes":"23:59"},"email":"sales@tropicalwingsbirds.shop","faxNumber":"+1 707-733-4623","areaServed":"United states, Porto Rico, Canada, Australia","priceRange":"$","currenciesAccepted":"USD, CAD, AUD,","paymentAccepted":"Zelle, Paypal, Bitcoin, Apple pay, Credit cards, Bank transfers"},{"@type":"PostalAddress","@id":"https:\/\/tropicalwingsbirds.shop\/shop\/buy-egg-incubators-with-automatic-egg-turning-turner-for-hatching-eggs-with-egg-candler-online\/#local-main-place-address","streetAddress":"500 Hilltop Dr,","addressLocality":"Redding","postalCode":"96003","addressRegion":"California","addressCountry":"US"},{"@type":"ImageObject","inLanguage":"fr-FR","@id":"https:\/\/tropicalwingsbirds.shop\/shop\/buy-egg-incubators-with-automatic-egg-turning-turner-for-hatching-eggs-with-egg-candler-online\/#local-main-organization-logo","url":"https:\/\/tropicalwingsbirds.shop\/wp-content\/uploads\/2024\/01\/tropical-wings-1.webp","contentUrl":"https:\/\/tropicalwingsbirds.shop\/wp-content\/uploads\/2024\/01\/tropical-wings-1.webp","width":500,"height":500,"caption":"Tropical Wings Birds Shop"}]},"product_price_currency":"USD","og_availability":"instock","product_availability":"instock","product_condition":"new","geo.placename":"Redding","geo.position":{"lat":"40.5976725","long":"-122.3716346"},"geo.region":"\u00c9tats-Unis d\u2019Am\u00e9rique"},"jetpack_sharing_enabled":true,"_links":{"self":[{"href":"https:\/\/tropicalwingsbirds.shop\/fr_fr\/wp-json\/wp\/v2\/product\/1427","targetHints":{"allow":["GET"]}}],"collection":[{"href":"https:\/\/tropicalwingsbirds.shop\/fr_fr\/wp-json\/wp\/v2\/product"}],"about":[{"href":"https:\/\/tropicalwingsbirds.shop\/fr_fr\/wp-json\/wp\/v2\/types\/product"}],"replies":[{"embeddable":true,"href":"https:\/\/tropicalwingsbirds.shop\/fr_fr\/wp-json\/wp\/v2\/comments?post=1427"}],"wp:featuredmedia":[{"embeddable":true,"href":"https:\/\/tropicalwingsbirds.shop\/fr_fr\/wp-json\/wp\/v2\/media\/1461"}],"wp:attachment":[{"href":"https:\/\/tropicalwingsbirds.shop\/fr_fr\/wp-json\/wp\/v2\/media?parent=1427"}],"wp:term":[{"taxonomy":"product_brand","embeddable":true,"href":"https:\/\/tropicalwingsbirds.shop\/fr_fr\/wp-json\/wp\/v2\/product_brand?post=1427"},{"taxonomy":"product_cat","embeddable":true,"href":"https:\/\/tropicalwingsbirds.shop\/fr_fr\/wp-json\/wp\/v2\/product_cat?post=1427"},{"taxonomy":"product_tag","embeddable":true,"href":"https:\/\/tropicalwingsbirds.shop\/fr_fr\/wp-json\/wp\/v2\/product_tag?post=1427"}],"curies":[{"name":"wp","href":"https:\/\/api.w.org\/{rel}","templated":true}]}}