{"id":1786,"date":"2023-12-07T14:25:07","date_gmt":"2023-12-07T14:25:07","guid":{"rendered":"https:\/\/tropicalwingsbirds.shop\/?post_type=product&#038;p=1786"},"modified":"2023-12-07T14:28:10","modified_gmt":"2023-12-07T14:28:10","slug":"acheter-une-paire-daras-a-ailes-vertes-eprouvee-en-ligne","status":"publish","type":"product","link":"https:\/\/tropicalwingsbirds.shop\/fr_fr\/boutique\/acheter-une-paire-daras-a-ailes-vertes-eprouvee-en-ligne\/","title":{"rendered":"Achetez une paire \u00e9prouv\u00e9e \u2013 Ara \u00e0 ailes vertes en ligne"},"content":{"rendered":"<p>Couple \u00e9prouv\u00e9 d\u2019aras \u00e0 ailes vertes \u2013 Encore jeune et produisant deux \u00e0 trois couv\u00e9es par an.<\/p>\n<h3>INFORMATIONS SUR LE PRODUIT<\/h3>\n<p>Il s&#039;agit d&#039;une paire \u00e9prouv\u00e9e d&#039;aras \u00e0 ailes vertes.<\/p>\n<p>Nous recommandons une cage carr\u00e9e d&#039;au moins 1,20 m x 2,40 m pour ces oiseaux. Nous recommandons \u00e9galement de leur donner des Roudy Bush Nibles.<\/p>","protected":false},"excerpt":{"rendered":"<p>Couple d&#039;aras \u00e0 ailes vertes \u00e9prouv\u00e9 \u2013 Encore jeune, il produit deux \u00e0 trois couv\u00e9es par an. INFO PRODUIT\u00a0: Il s&#039;agit d&#039;un couple d&#039;aras \u00e0 ailes vertes \u00e9prouv\u00e9. Nous recommandons une cage carr\u00e9e d&#039;au moins 1,20 m x 2,40 m pour ces oiseaux. Nous recommandons \u00e9galement de leur donner des Roudy Bush Nibles.<\/p>","protected":false},"featured_media":1839,"comment_status":"closed","ping_status":"closed","template":"","meta":{"site-sidebar-layout":"default","site-content-layout":"","ast-site-content-layout":"default","site-content-style":"default","site-sidebar-style":"default","ast-global-header-display":"","ast-banner-title-visibility":"","ast-main-header-display":"","ast-hfb-above-header-display":"","ast-hfb-below-header-display":"","ast-hfb-mobile-header-display":"","site-post-title":"","ast-breadcrumbs-content":"","ast-featured-img":"","footer-sml-layout":"","theme-transparent-header-meta":"","adv-header-id-meta":"","stick-header-meta":"","header-above-stick-meta":"","header-main-stick-meta":"","header-below-stick-meta":"","astra-migrate-meta-layouts":"default","ast-page-background-enabled":"default","ast-page-background-meta":{"desktop":{"background-color":"var(--ast-global-color-4)","background-image":"","background-repeat":"repeat","background-position":"center center","background-size":"auto","background-attachment":"scroll","background-type":"","background-media":"","overlay-type":"","overlay-color":"","overlay-opacity":"","overlay-gradient":""},"tablet":{"background-color":"","background-image":"","background-repeat":"repeat","background-position":"center center","background-size":"auto","background-attachment":"scroll","background-type":"","background-media":"","overlay-type":"","overlay-color":"","overlay-opacity":"","overlay-gradient":""},"mobile":{"background-color":"","background-image":"","background-repeat":"repeat","background-position":"center center","background-size":"auto","background-attachment":"scroll","background-type":"","background-media":"","overlay-type":"","overlay-color":"","overlay-opacity":"","overlay-gradient":""}},"ast-content-background-meta":{"desktop":{"background-color":"var(--ast-global-color-5)","background-image":"","background-repeat":"repeat","background-position":"center center","background-size":"auto","background-attachment":"scroll","background-type":"","background-media":"","overlay-type":"","overlay-color":"","overlay-opacity":"","overlay-gradient":""},"tablet":{"background-color":"var(--ast-global-color-5)","background-image":"","background-repeat":"repeat","background-position":"center center","background-size":"auto","background-attachment":"scroll","background-type":"","background-media":"","overlay-type":"","overlay-color":"","overlay-opacity":"","overlay-gradient":""},"mobile":{"background-color":"var(--ast-global-color-5)","background-image":"","background-repeat":"repeat","background-position":"center center","background-size":"auto","background-attachment":"scroll","background-type":"","background-media":"","overlay-type":"","overlay-color":"","overlay-opacity":"","overlay-gradient":""}}},"product_brand":[],"product_cat":[15],"product_tag":[],"class_list":{"0":"post-1786","1":"product","2":"type-product","3":"status-publish","4":"has-post-thumbnail","6":"product_cat-uncategorized","7":"desktop-align-left","8":"tablet-align-left","9":"mobile-align-left","10":"ast-product-gallery-layout-horizontal-slider","11":"ast-product-gallery-with-no-image","12":"ast-product-tabs-layout-horizontal","13":"ast-qv-on-image","15":"first","16":"instock","17":"shipping-taxable","18":"product-type-simple"},"yoast_head":"<!-- This site is optimized with the Yoast SEO Premium plugin v23.2 (Yoast SEO v26.8) - https:\/\/yoast.com\/product\/yoast-seo-premium-wordpress\/ -->\n<title>Buy Proven Pair \u2013 Green Wing Macaw Online - Tropical Wings Birds<\/title>\n<meta name=\"robots\" content=\"index, follow, max-snippet:-1, max-image-preview:large, max-video-preview:-1\" \/>\n<link rel=\"canonical\" href=\"https:\/\/tropicalwingsbirds.shop\/fr_fr\/boutique\/acheter-une-paire-daras-a-ailes-vertes-eprouvee-en-ligne\/\" \/>\n<meta property=\"og:locale\" content=\"fr_FR\" \/>\n<meta property=\"og:type\" content=\"article\" \/>\n<meta property=\"og:title\" content=\"Buy Proven Pair \u2013 Green Wing Macaw Online\" \/>\n<meta property=\"og:description\" content=\"Proven Pair of\u00a0 Green Wing Macaw \u2013 Still young and producing two to three clutches a year. PRODUCT INFO This is a Proven Pair of Green Wing Macaw. We recommend at least an 4 x 8 ft square cage for these birds.\u00a0We also\u00a0recommend feeding them Roudy Bush Nibles.\" \/>\n<meta property=\"og:url\" content=\"https:\/\/tropicalwingsbirds.shop\/fr_fr\/boutique\/acheter-une-paire-daras-a-ailes-vertes-eprouvee-en-ligne\/\" \/>\n<meta property=\"og:site_name\" content=\"Tropical Wings Birds\" \/>\n<meta property=\"article:publisher\" content=\"https:\/\/web.facebook.com\/profile.php?id=61551502767851&amp;mibextid=2JQ9oc&amp;_rdc=1&amp;_rdr\" \/>\n<meta property=\"article:modified_time\" content=\"2023-12-07T14:28:10+00:00\" \/>\n<meta property=\"og:image\" content=\"https:\/\/tropicalwingsbirds.shop\/wp-content\/uploads\/2023\/12\/MacawGreenWing.jpg\" \/>\n\t<meta property=\"og:image:width\" content=\"500\" \/>\n\t<meta property=\"og:image:height\" content=\"685\" \/>\n\t<meta property=\"og:image:type\" content=\"image\/jpeg\" \/>\n<meta name=\"twitter:card\" content=\"summary_large_image\" \/>\n<meta name=\"twitter:label1\" content=\"Prix\" \/>\n\t<meta name=\"twitter:data1\" content=\"\" \/>\n\t<meta name=\"twitter:label2\" content=\"Disponibilit\u00e9\" \/>\n\t<meta name=\"twitter:data2\" content=\"En stock\" \/>\n<script type=\"application\/ld+json\" class=\"yoast-schema-graph\">{\"@context\":\"https:\/\/schema.org\",\"@graph\":[{\"@type\":\"WebPage\",\"@id\":\"https:\/\/tropicalwingsbirds.shop\/shop\/buy-proven-pair-green-wing-macaw-online\/\",\"url\":\"https:\/\/tropicalwingsbirds.shop\/shop\/buy-proven-pair-green-wing-macaw-online\/\",\"name\":\"Buy Proven Pair \u2013 Green Wing Macaw Online - Tropical Wings Birds\",\"isPartOf\":{\"@id\":\"https:\/\/tropicalwingsbirds.shop\/#website\"},\"primaryImageOfPage\":{\"@id\":\"https:\/\/tropicalwingsbirds.shop\/shop\/buy-proven-pair-green-wing-macaw-online\/#primaryimage\"},\"image\":{\"@id\":\"https:\/\/tropicalwingsbirds.shop\/shop\/buy-proven-pair-green-wing-macaw-online\/#primaryimage\"},\"thumbnailUrl\":\"https:\/\/tropicalwingsbirds.shop\/wp-content\/uploads\/2023\/12\/MacawGreenWing.jpg\",\"datePublished\":\"2023-12-07T14:25:07+00:00\",\"dateModified\":\"2023-12-07T14:28:10+00:00\",\"breadcrumb\":{\"@id\":\"https:\/\/tropicalwingsbirds.shop\/shop\/buy-proven-pair-green-wing-macaw-online\/#breadcrumb\"},\"inLanguage\":\"fr-FR\",\"potentialAction\":[{\"@type\":\"ReadAction\",\"target\":[\"https:\/\/tropicalwingsbirds.shop\/shop\/buy-proven-pair-green-wing-macaw-online\/\"]}]},{\"@type\":\"ImageObject\",\"inLanguage\":\"fr-FR\",\"@id\":\"https:\/\/tropicalwingsbirds.shop\/shop\/buy-proven-pair-green-wing-macaw-online\/#primaryimage\",\"url\":\"https:\/\/tropicalwingsbirds.shop\/wp-content\/uploads\/2023\/12\/MacawGreenWing.jpg\",\"contentUrl\":\"https:\/\/tropicalwingsbirds.shop\/wp-content\/uploads\/2023\/12\/MacawGreenWing.jpg\",\"width\":500,\"height\":685},{\"@type\":\"BreadcrumbList\",\"@id\":\"https:\/\/tropicalwingsbirds.shop\/shop\/buy-proven-pair-green-wing-macaw-online\/#breadcrumb\",\"itemListElement\":[{\"@type\":\"ListItem\",\"position\":1,\"name\":\"Home\",\"item\":\"https:\/\/tropicalwingsbirds.shop\/\"},{\"@type\":\"ListItem\",\"position\":2,\"name\":\"Shop\",\"item\":\"https:\/\/tropicalwingsbirds.shop\/shop\/\"},{\"@type\":\"ListItem\",\"position\":3,\"name\":\"Buy Proven Pair \u2013 Green Wing Macaw Online\"}]},{\"@type\":\"WebSite\",\"@id\":\"https:\/\/tropicalwingsbirds.shop\/#website\",\"url\":\"https:\/\/tropicalwingsbirds.shop\/\",\"name\":\"Tropical Wings Birds\",\"description\":\"Best Exotic birds breeders online\",\"publisher\":{\"@id\":\"https:\/\/tropicalwingsbirds.shop\/#organization\"},\"potentialAction\":[{\"@type\":\"SearchAction\",\"target\":{\"@type\":\"EntryPoint\",\"urlTemplate\":\"https:\/\/tropicalwingsbirds.shop\/?s={search_term_string}\"},\"query-input\":{\"@type\":\"PropertyValueSpecification\",\"valueRequired\":true,\"valueName\":\"search_term_string\"}}],\"inLanguage\":\"fr-FR\"},{\"@type\":[\"Organization\",\"Place\",\"PetStore\"],\"@id\":\"https:\/\/tropicalwingsbirds.shop\/#organization\",\"name\":\"Tropical Wings Birds Shop\",\"alternateName\":\"TPWB\",\"url\":\"https:\/\/tropicalwingsbirds.shop\/\",\"logo\":{\"@id\":\"https:\/\/tropicalwingsbirds.shop\/shop\/buy-proven-pair-green-wing-macaw-online\/#local-main-organization-logo\"},\"image\":{\"@id\":\"https:\/\/tropicalwingsbirds.shop\/shop\/buy-proven-pair-green-wing-macaw-online\/#local-main-organization-logo\"},\"sameAs\":[\"https:\/\/web.facebook.com\/profile.php?id=61551502767851&mibextid=2JQ9oc&_rdc=1&_rdr\"],\"description\":\"Tropical Wings Birds is your destination for exotic avian companionship. Our boutique aviary in United States offers a curated selection of vibrant tropical birds sourced from reputable breeders worldwide. With a focus on welfare and expertise, our dedicated team is here to guide you on your journey to finding the perfect feathered friend. Visit us today and experience the magic of avian companionship at Tropical Wings Birds.\",\"legalName\":\"Tropical Wings Birds\",\"foundingDate\":\"2019-02-14\",\"numberOfEmployees\":{\"@type\":\"QuantitativeValue\",\"minValue\":\"1\",\"maxValue\":\"10\"},\"address\":{\"@id\":\"https:\/\/tropicalwingsbirds.shop\/shop\/buy-proven-pair-green-wing-macaw-online\/#local-main-place-address\"},\"geo\":{\"@type\":\"GeoCoordinates\",\"latitude\":\"40.5976725\",\"longitude\":\"-122.3716346\"},\"telephone\":[\"+1 707-733-4623\",\"+1 707-733-4623\"],\"contactPoint\":{\"@type\":\"ContactPoint\",\"telephone\":\"+1 707-733-4623\",\"email\":\"sales@tropicalwingsbirds.shop\"},\"openingHoursSpecification\":{\"@type\":\"OpeningHoursSpecification\",\"dayOfWeek\":[\"Monday\",\"Tuesday\",\"Wednesday\",\"Thursday\",\"Friday\",\"Saturday\",\"Sunday\"],\"opens\":\"00:00\",\"closes\":\"23:59\"},\"email\":\"sales@tropicalwingsbirds.shop\",\"faxNumber\":\"+1 707-733-4623\",\"areaServed\":\"United states, Porto Rico, Canada, Australia\",\"priceRange\":\"$\",\"currenciesAccepted\":\"USD, CAD, AUD,\",\"paymentAccepted\":\"Zelle, Paypal, Bitcoin, Apple pay, Credit cards, Bank transfers\"},{\"@type\":\"PostalAddress\",\"@id\":\"https:\/\/tropicalwingsbirds.shop\/shop\/buy-proven-pair-green-wing-macaw-online\/#local-main-place-address\",\"streetAddress\":\"500 Hilltop Dr,\",\"addressLocality\":\"Redding\",\"postalCode\":\"96003\",\"addressRegion\":\"California\",\"addressCountry\":\"US\"},{\"@type\":\"ImageObject\",\"inLanguage\":\"fr-FR\",\"@id\":\"https:\/\/tropicalwingsbirds.shop\/shop\/buy-proven-pair-green-wing-macaw-online\/#local-main-organization-logo\",\"url\":\"https:\/\/tropicalwingsbirds.shop\/wp-content\/uploads\/2024\/01\/tropical-wings-1.webp\",\"contentUrl\":\"https:\/\/tropicalwingsbirds.shop\/wp-content\/uploads\/2024\/01\/tropical-wings-1.webp\",\"width\":500,\"height\":500,\"caption\":\"Tropical Wings Birds Shop\"}]}<\/script>\n<meta property=\"product:price:currency\" content=\"USD\" \/>\n<meta property=\"og:availability\" content=\"instock\" \/>\n<meta property=\"product:availability\" content=\"instock\" \/>\n<meta property=\"product:condition\" content=\"new\" \/>\n<meta name=\"geo.placename\" content=\"Redding\" \/>\n<meta name=\"geo.position\" content=\"40.5976725;-122.3716346\" \/>\n<meta name=\"geo.region\" content=\"\u00c9tats-Unis d\u2019Am\u00e9rique\" \/>\n<!-- \/ Yoast SEO Premium plugin. -->","yoast_head_json":{"title":"Achetez une paire d&#039;aras \u00e0 ailes vertes en ligne - Tropical Wings Birds","robots":{"index":"index","follow":"follow","max-snippet":"max-snippet:-1","max-image-preview":"max-image-preview:large","max-video-preview":"max-video-preview:-1"},"canonical":"https:\/\/tropicalwingsbirds.shop\/fr_fr\/boutique\/acheter-une-paire-daras-a-ailes-vertes-eprouvee-en-ligne\/","og_locale":"fr_FR","og_type":"article","og_title":"Buy Proven Pair \u2013 Green Wing Macaw Online","og_description":"Proven Pair of\u00a0 Green Wing Macaw \u2013 Still young and producing two to three clutches a year. PRODUCT INFO This is a Proven Pair of Green Wing Macaw. We recommend at least an 4 x 8 ft square cage for these birds.\u00a0We also\u00a0recommend feeding them Roudy Bush Nibles.","og_url":"https:\/\/tropicalwingsbirds.shop\/fr_fr\/boutique\/acheter-une-paire-daras-a-ailes-vertes-eprouvee-en-ligne\/","og_site_name":"Tropical Wings Birds","article_publisher":"https:\/\/web.facebook.com\/profile.php?id=61551502767851&mibextid=2JQ9oc&_rdc=1&_rdr","article_modified_time":"2023-12-07T14:28:10+00:00","og_image":[{"width":500,"height":685,"url":"https:\/\/tropicalwingsbirds.shop\/wp-content\/uploads\/2023\/12\/MacawGreenWing.jpg","type":"image\/jpeg"}],"twitter_card":"summary_large_image","twitter_misc":{"Prix":"","Disponibilit\u00e9":"En stock"},"schema":{"@context":"https:\/\/schema.org","@graph":[{"@type":"WebPage","@id":"https:\/\/tropicalwingsbirds.shop\/shop\/buy-proven-pair-green-wing-macaw-online\/","url":"https:\/\/tropicalwingsbirds.shop\/shop\/buy-proven-pair-green-wing-macaw-online\/","name":"Achetez une paire d&#039;aras \u00e0 ailes vertes en ligne - Tropical Wings Birds","isPartOf":{"@id":"https:\/\/tropicalwingsbirds.shop\/#website"},"primaryImageOfPage":{"@id":"https:\/\/tropicalwingsbirds.shop\/shop\/buy-proven-pair-green-wing-macaw-online\/#primaryimage"},"image":{"@id":"https:\/\/tropicalwingsbirds.shop\/shop\/buy-proven-pair-green-wing-macaw-online\/#primaryimage"},"thumbnailUrl":"https:\/\/tropicalwingsbirds.shop\/wp-content\/uploads\/2023\/12\/MacawGreenWing.jpg","datePublished":"2023-12-07T14:25:07+00:00","dateModified":"2023-12-07T14:28:10+00:00","breadcrumb":{"@id":"https:\/\/tropicalwingsbirds.shop\/shop\/buy-proven-pair-green-wing-macaw-online\/#breadcrumb"},"inLanguage":"fr-FR","potentialAction":[{"@type":"ReadAction","target":["https:\/\/tropicalwingsbirds.shop\/shop\/buy-proven-pair-green-wing-macaw-online\/"]}]},{"@type":"ImageObject","inLanguage":"fr-FR","@id":"https:\/\/tropicalwingsbirds.shop\/shop\/buy-proven-pair-green-wing-macaw-online\/#primaryimage","url":"https:\/\/tropicalwingsbirds.shop\/wp-content\/uploads\/2023\/12\/MacawGreenWing.jpg","contentUrl":"https:\/\/tropicalwingsbirds.shop\/wp-content\/uploads\/2023\/12\/MacawGreenWing.jpg","width":500,"height":685},{"@type":"BreadcrumbList","@id":"https:\/\/tropicalwingsbirds.shop\/shop\/buy-proven-pair-green-wing-macaw-online\/#breadcrumb","itemListElement":[{"@type":"ListItem","position":1,"name":"Home","item":"https:\/\/tropicalwingsbirds.shop\/"},{"@type":"ListItem","position":2,"name":"Shop","item":"https:\/\/tropicalwingsbirds.shop\/shop\/"},{"@type":"ListItem","position":3,"name":"Buy Proven Pair \u2013 Green Wing Macaw Online"}]},{"@type":"WebSite","@id":"https:\/\/tropicalwingsbirds.shop\/#website","url":"https:\/\/tropicalwingsbirds.shop\/","name":"Oiseaux aux ailes tropicales","description":"Meilleurs \u00e9leveurs d&#039;oiseaux exotiques en ligne","publisher":{"@id":"https:\/\/tropicalwingsbirds.shop\/#organization"},"potentialAction":[{"@type":"SearchAction","target":{"@type":"EntryPoint","urlTemplate":"https:\/\/tropicalwingsbirds.shop\/?s={search_term_string}"},"query-input":{"@type":"PropertyValueSpecification","valueRequired":true,"valueName":"search_term_string"}}],"inLanguage":"fr-FR"},{"@type":["Organization","Place","PetStore"],"@id":"https:\/\/tropicalwingsbirds.shop\/#organization","name":"Tropical Wings Birds Shop","alternateName":"TPWB","url":"https:\/\/tropicalwingsbirds.shop\/","logo":{"@id":"https:\/\/tropicalwingsbirds.shop\/shop\/buy-proven-pair-green-wing-macaw-online\/#local-main-organization-logo"},"image":{"@id":"https:\/\/tropicalwingsbirds.shop\/shop\/buy-proven-pair-green-wing-macaw-online\/#local-main-organization-logo"},"sameAs":["https:\/\/web.facebook.com\/profile.php?id=61551502767851&mibextid=2JQ9oc&_rdc=1&_rdr"],"description":"Tropical Wings Birds est votre destination pour des oiseaux exotiques. Notre voli\u00e8re-boutique aux \u00c9tats-Unis propose une s\u00e9lection soign\u00e9e d&#039;oiseaux tropicaux aux couleurs vives, issus d&#039;\u00e9leveurs r\u00e9put\u00e9s du monde entier. Ax\u00e9e sur le bien-\u00eatre et l&#039;expertise, notre \u00e9quipe d\u00e9vou\u00e9e est l\u00e0 pour vous guider dans votre recherche de l&#039;ami \u00e0 plumes id\u00e9al. Rendez-nous visite d\u00e8s aujourd&#039;hui et d\u00e9couvrez la magie de la compagnie des oiseaux chez Tropical Wings Birds.","legalName":"Tropical Wings Birds","foundingDate":"2019-02-14","numberOfEmployees":{"@type":"QuantitativeValue","minValue":"1","maxValue":"10"},"address":{"@id":"https:\/\/tropicalwingsbirds.shop\/shop\/buy-proven-pair-green-wing-macaw-online\/#local-main-place-address"},"geo":{"@type":"GeoCoordinates","latitude":"40.5976725","longitude":"-122.3716346"},"telephone":["+1 707-733-4623","+1 707-733-4623"],"contactPoint":{"@type":"ContactPoint","telephone":"+1 707-733-4623","email":"sales@tropicalwingsbirds.shop"},"openingHoursSpecification":{"@type":"OpeningHoursSpecification","dayOfWeek":["Monday","Tuesday","Wednesday","Thursday","Friday","Saturday","Sunday"],"opens":"00:00","closes":"23:59"},"email":"sales@tropicalwingsbirds.shop","faxNumber":"+1 707-733-4623","areaServed":"United states, Porto Rico, Canada, Australia","priceRange":"$","currenciesAccepted":"USD, CAD, AUD,","paymentAccepted":"Zelle, Paypal, Bitcoin, Apple pay, Credit cards, Bank transfers"},{"@type":"PostalAddress","@id":"https:\/\/tropicalwingsbirds.shop\/shop\/buy-proven-pair-green-wing-macaw-online\/#local-main-place-address","streetAddress":"500 Hilltop Dr,","addressLocality":"Redding","postalCode":"96003","addressRegion":"California","addressCountry":"US"},{"@type":"ImageObject","inLanguage":"fr-FR","@id":"https:\/\/tropicalwingsbirds.shop\/shop\/buy-proven-pair-green-wing-macaw-online\/#local-main-organization-logo","url":"https:\/\/tropicalwingsbirds.shop\/wp-content\/uploads\/2024\/01\/tropical-wings-1.webp","contentUrl":"https:\/\/tropicalwingsbirds.shop\/wp-content\/uploads\/2024\/01\/tropical-wings-1.webp","width":500,"height":500,"caption":"Tropical Wings Birds Shop"}]},"product_price_currency":"USD","og_availability":"instock","product_availability":"instock","product_condition":"new","geo.placename":"Redding","geo.position":{"lat":"40.5976725","long":"-122.3716346"},"geo.region":"\u00c9tats-Unis d\u2019Am\u00e9rique"},"_links":{"self":[{"href":"https:\/\/tropicalwingsbirds.shop\/fr_fr\/wp-json\/wp\/v2\/product\/1786","targetHints":{"allow":["GET"]}}],"collection":[{"href":"https:\/\/tropicalwingsbirds.shop\/fr_fr\/wp-json\/wp\/v2\/product"}],"about":[{"href":"https:\/\/tropicalwingsbirds.shop\/fr_fr\/wp-json\/wp\/v2\/types\/product"}],"replies":[{"embeddable":true,"href":"https:\/\/tropicalwingsbirds.shop\/fr_fr\/wp-json\/wp\/v2\/comments?post=1786"}],"wp:featuredmedia":[{"embeddable":true,"href":"https:\/\/tropicalwingsbirds.shop\/fr_fr\/wp-json\/wp\/v2\/media\/1839"}],"wp:attachment":[{"href":"https:\/\/tropicalwingsbirds.shop\/fr_fr\/wp-json\/wp\/v2\/media?parent=1786"}],"wp:term":[{"taxonomy":"product_brand","embeddable":true,"href":"https:\/\/tropicalwingsbirds.shop\/fr_fr\/wp-json\/wp\/v2\/product_brand?post=1786"},{"taxonomy":"product_cat","embeddable":true,"href":"https:\/\/tropicalwingsbirds.shop\/fr_fr\/wp-json\/wp\/v2\/product_cat?post=1786"},{"taxonomy":"product_tag","embeddable":true,"href":"https:\/\/tropicalwingsbirds.shop\/fr_fr\/wp-json\/wp\/v2\/product_tag?post=1786"}],"curies":[{"name":"wp","href":"https:\/\/api.w.org\/{rel}","templated":true}]}}