{"id":2590,"date":"2023-12-07T16:33:57","date_gmt":"2023-12-07T16:33:57","guid":{"rendered":"https:\/\/tropicalwingsbirds.shop\/?post_type=product&#038;p=2590"},"modified":"2026-04-17T22:05:46","modified_gmt":"2026-04-17T22:05:46","slug":"acheter-du-red-factor-canary-en-ligne","status":"publish","type":"product","link":"https:\/\/tropicalwingsbirds.shop\/fr_fr\/boutique\/acheter-du-red-factor-canary-en-ligne\/","title":{"rendered":"Achetez Red Factor Canary en ligne"},"content":{"rendered":"<h2>Achetez Red Factor Canary en ligne<\/h2>\n<p>&nbsp;<\/p>\n<p>Achetez un canari Red Factor en ligne. Le canari domestique est une forme domestiqu\u00e9e du canari sauvage, un petit oiseau chanteur de la famille des pinsons originaire des \u00eeles Macron\u00e9sie. Les canaris ont \u00e9t\u00e9 \u00e9lev\u00e9s en captivit\u00e9 pour la premi\u00e8re fois au XVIIe si\u00e8cle. Ils ont \u00e9t\u00e9 introduits en Europe par des marins espagnols. Cet oiseau est devenu cher et tr\u00e8s appr\u00e9ci\u00e9 \u00e0 la cour des rois d&#039;Espagne et d&#039;Angleterre. Le canari Red Factor est un exemple de canari de couleur, ou de canari \u00e9lev\u00e9 et appr\u00e9ci\u00e9 pour sa couleur, plut\u00f4t que pour son chant, bien que ce dernier soit \u00e9galement magnifique ! \u00ab Red Factor \u00bb fait r\u00e9f\u00e9rence au g\u00e8ne responsable de la couleur rouge, allant de l&#039;orange p\u00e2le au rouge vif, en passant par le rouge bronze. Le canari Red Factor a \u00e9t\u00e9 d\u00e9velopp\u00e9 par le Dr Hans Duncker (un \u00e9leveur allemand) au d\u00e9but des ann\u00e9es 1900 en croisant un tarin rouge m\u00e2le avec un canari jaune. Certains pensent que le canari jaune \u00e9tait un rollier allemand, tandis que d&#039;autres pensent que son anc\u00eatre est un canari des fronti\u00e8res. Les canaris Red Factor \u00e0 vendre ajouteront certainement des couleurs vibrantes \u00e0 votre voli\u00e8re.<\/p>\n<p><strong>Variations de couleurs :\u00a0<\/strong>Les canaris Red Factor peuvent varier de couleur, du rose p\u00e2le au rouge orang\u00e9, en passant par un rouge bronze profond. Toutes les nuances sont agr\u00e9ables \u00e0 l&#039;\u0153il. Achetez des canaris Red Factor en ligne.<\/p>\n<p><strong>G\u00e9ographie:\u00a0<\/strong>Les \u00eeles Canaries<\/p>\n<p><strong>Chant \/ Appel :\u00a0<\/strong>Cliquez pour entendre le Red Factor Canary<\/p>\n<p><strong>Taille \/ Poids :\u00a0<\/strong>4,7 pouces<\/p>\n<p><strong>Dur\u00e9e de vie:\u00a0<\/strong>7-12 ans<\/p>\n<p><strong>Sexage :\u00a0<\/strong>Monomorphe \u2013 visuellement difficile \u00e0 sexer<\/p>\n<p><strong>Temp\u00e9rament:\u00a0<\/strong>Les canaris Red Factor sont actifs et pleins de vie, appr\u00e9ci\u00e9s aussi bien par ceux qui souhaitent poss\u00e9der un canari de compagnie que par ceux qui se sp\u00e9cialisent dans les expositions. Ce petit oiseau charmant et divertissant est robuste et tr\u00e8s facile \u00e0 entretenir.<\/p>\n<p><strong>Reproduction:\u00a0<\/strong>Pas facile \u00e0 \u00e9lever, il faudra donc un gardien plus exp\u00e9riment\u00e9 \u00e0 cet effet.<\/p>\n<p><strong>R\u00e9gime:\u00a0<\/strong>Alpiste, m\u00e9lange australien Goldenfeast, p\u00e2t\u00e9e aux \u0153ufs s\u00e9ch\u00e9e Red Factor, os de seiche, gravier min\u00e9ral et millet<\/p>\n<p>Test ADN<\/p>\n<p>Si aucune option de sexe n&#039;est propos\u00e9e pour un oiseau sur notre site web, cette esp\u00e8ce est \u00ab\u00a0monomorphe\u00a0\u00bb. Nous ne pouvons donc pas d\u00e9terminer le sexe sans effectuer de test ADN. Un test ADN co\u00fbte $149\u00a0$ de plus par oiseau pour garantir le sexe souhait\u00e9. Le d\u00e9lai de livraison estim\u00e9 peut \u00eatre allong\u00e9 de 3 \u00e0 6\u00a0semaines pour obtenir les r\u00e9sultats. Consultez notre FAQ pour plus d&#039;informations.<\/p>\n<p>&nbsp;<\/p>","protected":false},"excerpt":{"rendered":"<p>Achetez un canari Red Factor en ligne. Le canari domestique est une forme domestiqu\u00e9e du canari sauvage, un petit oiseau chanteur de la famille des pinsons originaire des \u00eeles Macron\u00e9sie. Les canaris ont \u00e9t\u00e9 \u00e9lev\u00e9s en captivit\u00e9 pour la premi\u00e8re fois au XVIIe si\u00e8cle. Ils ont \u00e9t\u00e9 introduits en Europe par des marins espagnols. Cet oiseau est devenu cher et tr\u00e8s appr\u00e9ci\u00e9 \u00e0 la cour des rois d&#039;Espagne et d&#039;Angleterre. Le canari Red Factor est un exemple de canari de couleur, ou de canari \u00e9lev\u00e9 et appr\u00e9ci\u00e9 pour sa couleur, plut\u00f4t que pour son chant, bien que ce dernier soit \u00e9galement magnifique ! \u00ab Red Factor \u00bb fait r\u00e9f\u00e9rence au g\u00e8ne responsable de la couleur rouge, allant de l&#039;orange p\u00e2le au rouge vif, en passant par le rouge bronze. Le canari Red Factor a \u00e9t\u00e9 d\u00e9velopp\u00e9 par le Dr Hans Duncker (un \u00e9leveur allemand) au d\u00e9but des ann\u00e9es 1900 en croisant un tarin rouge m\u00e2le avec un canari jaune. Certains pensent que le canari jaune \u00e9tait un rollier allemand, tandis que d&#039;autres pensent que son anc\u00eatre est un canari des fronti\u00e8res. Les canaris Red Factor \u00e0 vendre ajouteront certainement des couleurs vibrantes \u00e0 votre voli\u00e8re.<\/p>","protected":false},"featured_media":2647,"comment_status":"closed","ping_status":"closed","template":"","meta":{"site-sidebar-layout":"default","site-content-layout":"","ast-site-content-layout":"default","site-content-style":"default","site-sidebar-style":"default","ast-global-header-display":"","ast-banner-title-visibility":"","ast-main-header-display":"","ast-hfb-above-header-display":"","ast-hfb-below-header-display":"","ast-hfb-mobile-header-display":"","site-post-title":"","ast-breadcrumbs-content":"","ast-featured-img":"","footer-sml-layout":"","theme-transparent-header-meta":"default","adv-header-id-meta":"","stick-header-meta":"default","header-above-stick-meta":"","header-main-stick-meta":"","header-below-stick-meta":"","astra-migrate-meta-layouts":"set","ast-page-background-enabled":"default","ast-page-background-meta":{"desktop":{"background-color":"var(--ast-global-color-4)","background-image":"","background-repeat":"repeat","background-position":"center center","background-size":"auto","background-attachment":"scroll","background-type":"","background-media":"","overlay-type":"","overlay-color":"","overlay-opacity":"","overlay-gradient":""},"tablet":{"background-color":"","background-image":"","background-repeat":"repeat","background-position":"center center","background-size":"auto","background-attachment":"scroll","background-type":"","background-media":"","overlay-type":"","overlay-color":"","overlay-opacity":"","overlay-gradient":""},"mobile":{"background-color":"","background-image":"","background-repeat":"repeat","background-position":"center center","background-size":"auto","background-attachment":"scroll","background-type":"","background-media":"","overlay-type":"","overlay-color":"","overlay-opacity":"","overlay-gradient":""}},"ast-content-background-meta":{"desktop":{"background-color":"var(--ast-global-color-5)","background-image":"","background-repeat":"repeat","background-position":"center center","background-size":"auto","background-attachment":"scroll","background-type":"","background-media":"","overlay-type":"","overlay-color":"","overlay-opacity":"","overlay-gradient":""},"tablet":{"background-color":"var(--ast-global-color-5)","background-image":"","background-repeat":"repeat","background-position":"center center","background-size":"auto","background-attachment":"scroll","background-type":"","background-media":"","overlay-type":"","overlay-color":"","overlay-opacity":"","overlay-gradient":""},"mobile":{"background-color":"var(--ast-global-color-5)","background-image":"","background-repeat":"repeat","background-position":"center center","background-size":"auto","background-attachment":"scroll","background-type":"","background-media":"","overlay-type":"","overlay-color":"","overlay-opacity":"","overlay-gradient":""}}},"product_brand":[],"product_cat":[2284],"product_tag":[2128,363,2129,2130,2131,2132,2133,2134,2135,2136,2137,2138,2139,2140,2141,2142,2143,2144,2145,2146,2147,2148,2149,2150,2151,2152,2153,2154,2155,2156,2157,2158,2159,2160,2161,2162],"class_list":{"0":"post-2590","1":"product","2":"type-product","3":"status-publish","4":"has-post-thumbnail","6":"product_cat-canaries-2","7":"product_tag-american-singer-canaries-for-sale","8":"product_tag-birds-for-sale","9":"product_tag-blue-canaries-for-sale","10":"product_tag-blue-canary-bird","11":"product_tag-buy-canary-birds-for-sale","12":"product_tag-buy-red-factor-canary","13":"product_tag-canaries-for-sale","14":"product_tag-canaries-for-sale-in-florida","15":"product_tag-canaries-for-sale-in-ohio","16":"product_tag-canaries-for-sale-near-me","17":"product_tag-canaries-for-sale-ny","18":"product_tag-canarios-for-sale","19":"product_tag-canary-bird-price","20":"product_tag-canary-bird-red","21":"product_tag-canary-bird-singing","22":"product_tag-canary-breeders","23":"product_tag-canary-for-sale","24":"product_tag-canary-for-sale-near-me","25":"product_tag-canary-for-sale-online","26":"product_tag-canary-price","27":"product_tag-colour-feeding-red-factor-canaries","28":"product_tag-exotic-birds-for-sale","29":"product_tag-fancy-canary-bird","30":"product_tag-female-canary-for-sale","31":"product_tag-green-canaries","32":"product_tag-male-canary-for-sale","33":"product_tag-orange-canary-for-sale","34":"product_tag-pet-birds","35":"product_tag-red-canary-bird-for-sale","36":"product_tag-red-factor-canary","37":"product_tag-red-factor-canary-for-sale","38":"product_tag-red-factor-canary-for-sale-in-california","39":"product_tag-red-factor-canary-for-sale-near-me","40":"product_tag-singing-canaries-for-sale","41":"product_tag-singing-canaries-for-sale-near-me","42":"product_tag-yellow-canary-birds-for-sale","43":"desktop-align-left","44":"tablet-align-left","45":"mobile-align-left","46":"ast-product-gallery-layout-horizontal-slider","47":"ast-product-tabs-layout-horizontal","48":"ast-qv-on-image","50":"first","51":"instock","52":"shipping-taxable","53":"product-type-simple"},"yoast_head":"<!-- This site is optimized with the Yoast SEO Premium plugin v23.2 (Yoast SEO v26.8) - https:\/\/yoast.com\/product\/yoast-seo-premium-wordpress\/ -->\n<title>Red Factor Canary for Sale | Tropical Wings Birds<\/title>\n<meta name=\"description\" content=\"Buy a red factor canary from a trusted breeder. Hand-fed, health-certified, closed-leg-ringed with full documentation. Worldwide shipping available.\" \/>\n<meta name=\"robots\" content=\"index, follow, max-snippet:-1, max-image-preview:large, max-video-preview:-1\" \/>\n<link rel=\"canonical\" href=\"https:\/\/tropicalwingsbirds.shop\/fr_fr\/boutique\/acheter-du-red-factor-canary-en-ligne\/\" \/>\n<meta property=\"og:locale\" content=\"fr_FR\" \/>\n<meta property=\"og:type\" content=\"article\" \/>\n<meta property=\"og:title\" content=\"Buy Red Factor Canary Online\" \/>\n<meta property=\"og:description\" content=\"Buy a red factor canary from a trusted breeder. Hand-fed, health-certified, closed-leg-ringed with full documentation. Worldwide shipping available.\" \/>\n<meta property=\"og:url\" content=\"https:\/\/tropicalwingsbirds.shop\/fr_fr\/boutique\/acheter-du-red-factor-canary-en-ligne\/\" \/>\n<meta property=\"og:site_name\" content=\"Tropical Wings Birds\" \/>\n<meta property=\"article:publisher\" content=\"https:\/\/web.facebook.com\/profile.php?id=61551502767851&amp;mibextid=2JQ9oc&amp;_rdc=1&amp;_rdr\" \/>\n<meta property=\"article:modified_time\" content=\"2026-04-17T22:05:46+00:00\" \/>\n<meta property=\"og:image\" content=\"https:\/\/tropicalwingsbirds.shop\/wp-content\/uploads\/2023\/12\/Red_Factor_Canaries_-_the_finch_farm_co__82203.1611532697.jpg\" \/>\n\t<meta property=\"og:image:width\" content=\"791\" \/>\n\t<meta property=\"og:image:height\" content=\"1024\" \/>\n\t<meta property=\"og:image:type\" content=\"image\/jpeg\" \/>\n<meta name=\"twitter:card\" content=\"summary_large_image\" \/>\n<meta name=\"twitter:label1\" content=\"Prix\" \/>\n\t<meta name=\"twitter:data1\" content=\"\" \/>\n\t<meta name=\"twitter:label2\" content=\"Disponibilit\u00e9\" \/>\n\t<meta name=\"twitter:data2\" content=\"En stock\" \/>\n<script type=\"application\/ld+json\" class=\"yoast-schema-graph\">{\"@context\":\"https:\/\/schema.org\",\"@graph\":[{\"@type\":\"WebPage\",\"@id\":\"https:\/\/tropicalwingsbirds.shop\/shop\/buy-red-factor-canary-online\/\",\"url\":\"https:\/\/tropicalwingsbirds.shop\/shop\/buy-red-factor-canary-online\/\",\"name\":\"Red Factor Canary for Sale | Tropical Wings Birds\",\"isPartOf\":{\"@id\":\"https:\/\/tropicalwingsbirds.shop\/#website\"},\"primaryImageOfPage\":{\"@id\":\"https:\/\/tropicalwingsbirds.shop\/shop\/buy-red-factor-canary-online\/#primaryimage\"},\"image\":{\"@id\":\"https:\/\/tropicalwingsbirds.shop\/shop\/buy-red-factor-canary-online\/#primaryimage\"},\"thumbnailUrl\":\"https:\/\/tropicalwingsbirds.shop\/wp-content\/uploads\/2023\/12\/Red_Factor_Canaries_-_the_finch_farm_co__82203.1611532697.jpg\",\"datePublished\":\"2023-12-07T16:33:57+00:00\",\"dateModified\":\"2026-04-17T22:05:46+00:00\",\"description\":\"Buy a red factor canary from a trusted breeder. Hand-fed, health-certified, closed-leg-ringed with full documentation. Worldwide shipping available.\",\"breadcrumb\":{\"@id\":\"https:\/\/tropicalwingsbirds.shop\/shop\/buy-red-factor-canary-online\/#breadcrumb\"},\"inLanguage\":\"fr-FR\",\"potentialAction\":[{\"@type\":\"ReadAction\",\"target\":[\"https:\/\/tropicalwingsbirds.shop\/shop\/buy-red-factor-canary-online\/\"]}]},{\"@type\":\"ImageObject\",\"inLanguage\":\"fr-FR\",\"@id\":\"https:\/\/tropicalwingsbirds.shop\/shop\/buy-red-factor-canary-online\/#primaryimage\",\"url\":\"https:\/\/tropicalwingsbirds.shop\/wp-content\/uploads\/2023\/12\/Red_Factor_Canaries_-_the_finch_farm_co__82203.1611532697.jpg\",\"contentUrl\":\"https:\/\/tropicalwingsbirds.shop\/wp-content\/uploads\/2023\/12\/Red_Factor_Canaries_-_the_finch_farm_co__82203.1611532697.jpg\",\"width\":791,\"height\":1024},{\"@type\":\"BreadcrumbList\",\"@id\":\"https:\/\/tropicalwingsbirds.shop\/shop\/buy-red-factor-canary-online\/#breadcrumb\",\"itemListElement\":[{\"@type\":\"ListItem\",\"position\":1,\"name\":\"Home\",\"item\":\"https:\/\/tropicalwingsbirds.shop\/\"},{\"@type\":\"ListItem\",\"position\":2,\"name\":\"Shop\",\"item\":\"https:\/\/tropicalwingsbirds.shop\/shop\/\"},{\"@type\":\"ListItem\",\"position\":3,\"name\":\"Buy Red Factor Canary Online\"}]},{\"@type\":\"WebSite\",\"@id\":\"https:\/\/tropicalwingsbirds.shop\/#website\",\"url\":\"https:\/\/tropicalwingsbirds.shop\/\",\"name\":\"Tropical Wings Birds\",\"description\":\"Best Exotic birds breeders online\",\"publisher\":{\"@id\":\"https:\/\/tropicalwingsbirds.shop\/#organization\"},\"potentialAction\":[{\"@type\":\"SearchAction\",\"target\":{\"@type\":\"EntryPoint\",\"urlTemplate\":\"https:\/\/tropicalwingsbirds.shop\/?s={search_term_string}\"},\"query-input\":{\"@type\":\"PropertyValueSpecification\",\"valueRequired\":true,\"valueName\":\"search_term_string\"}}],\"inLanguage\":\"fr-FR\"},{\"@type\":[\"Organization\",\"Place\",\"PetStore\"],\"@id\":\"https:\/\/tropicalwingsbirds.shop\/#organization\",\"name\":\"Tropical Wings Birds Shop\",\"alternateName\":\"TPWB\",\"url\":\"https:\/\/tropicalwingsbirds.shop\/\",\"logo\":{\"@id\":\"https:\/\/tropicalwingsbirds.shop\/shop\/buy-red-factor-canary-online\/#local-main-organization-logo\"},\"image\":{\"@id\":\"https:\/\/tropicalwingsbirds.shop\/shop\/buy-red-factor-canary-online\/#local-main-organization-logo\"},\"sameAs\":[\"https:\/\/web.facebook.com\/profile.php?id=61551502767851&mibextid=2JQ9oc&_rdc=1&_rdr\"],\"description\":\"Tropical Wings Birds is your destination for exotic avian companionship. Our boutique aviary in United States offers a curated selection of vibrant tropical birds sourced from reputable breeders worldwide. With a focus on welfare and expertise, our dedicated team is here to guide you on your journey to finding the perfect feathered friend. Visit us today and experience the magic of avian companionship at Tropical Wings Birds.\",\"legalName\":\"Tropical Wings Birds\",\"foundingDate\":\"2019-02-14\",\"numberOfEmployees\":{\"@type\":\"QuantitativeValue\",\"minValue\":\"1\",\"maxValue\":\"10\"},\"address\":{\"@id\":\"https:\/\/tropicalwingsbirds.shop\/shop\/buy-red-factor-canary-online\/#local-main-place-address\"},\"geo\":{\"@type\":\"GeoCoordinates\",\"latitude\":\"40.5976725\",\"longitude\":\"-122.3716346\"},\"telephone\":[\"+1 707-733-4623\",\"+1 707-733-4623\"],\"contactPoint\":{\"@type\":\"ContactPoint\",\"telephone\":\"+1 707-733-4623\",\"email\":\"sales@tropicalwingsbirds.shop\"},\"openingHoursSpecification\":{\"@type\":\"OpeningHoursSpecification\",\"dayOfWeek\":[\"Monday\",\"Tuesday\",\"Wednesday\",\"Thursday\",\"Friday\",\"Saturday\",\"Sunday\"],\"opens\":\"00:00\",\"closes\":\"23:59\"},\"email\":\"sales@tropicalwingsbirds.shop\",\"faxNumber\":\"+1 707-733-4623\",\"areaServed\":\"United states, Porto Rico, Canada, Australia\",\"priceRange\":\"$\",\"currenciesAccepted\":\"USD, CAD, AUD,\",\"paymentAccepted\":\"Zelle, Paypal, Bitcoin, Apple pay, Credit cards, Bank transfers\"},{\"@type\":\"PostalAddress\",\"@id\":\"https:\/\/tropicalwingsbirds.shop\/shop\/buy-red-factor-canary-online\/#local-main-place-address\",\"streetAddress\":\"500 Hilltop Dr,\",\"addressLocality\":\"Redding\",\"postalCode\":\"96003\",\"addressRegion\":\"California\",\"addressCountry\":\"US\"},{\"@type\":\"ImageObject\",\"inLanguage\":\"fr-FR\",\"@id\":\"https:\/\/tropicalwingsbirds.shop\/shop\/buy-red-factor-canary-online\/#local-main-organization-logo\",\"url\":\"https:\/\/tropicalwingsbirds.shop\/wp-content\/uploads\/2024\/01\/tropical-wings-1.webp\",\"contentUrl\":\"https:\/\/tropicalwingsbirds.shop\/wp-content\/uploads\/2024\/01\/tropical-wings-1.webp\",\"width\":500,\"height\":500,\"caption\":\"Tropical Wings Birds Shop\"}]}<\/script>\n<meta property=\"product:price:currency\" content=\"USD\" \/>\n<meta property=\"og:availability\" content=\"instock\" \/>\n<meta property=\"product:availability\" content=\"instock\" \/>\n<meta property=\"product:condition\" content=\"new\" \/>\n<meta name=\"geo.placename\" content=\"Redding\" \/>\n<meta name=\"geo.position\" content=\"40.5976725;-122.3716346\" \/>\n<meta name=\"geo.region\" content=\"\u00c9tats-Unis d\u2019Am\u00e9rique\" \/>\n<!-- \/ Yoast SEO Premium plugin. -->","yoast_head_json":{"title":"Red Factor Canary for Sale | Tropical Wings Birds","description":"Buy a red factor canary from a trusted breeder. Hand-fed, health-certified, closed-leg-ringed with full documentation. Worldwide shipping available.","robots":{"index":"index","follow":"follow","max-snippet":"max-snippet:-1","max-image-preview":"max-image-preview:large","max-video-preview":"max-video-preview:-1"},"canonical":"https:\/\/tropicalwingsbirds.shop\/fr_fr\/boutique\/acheter-du-red-factor-canary-en-ligne\/","og_locale":"fr_FR","og_type":"article","og_title":"Buy Red Factor Canary Online","og_description":"Buy a red factor canary from a trusted breeder. Hand-fed, health-certified, closed-leg-ringed with full documentation. Worldwide shipping available.","og_url":"https:\/\/tropicalwingsbirds.shop\/fr_fr\/boutique\/acheter-du-red-factor-canary-en-ligne\/","og_site_name":"Tropical Wings Birds","article_publisher":"https:\/\/web.facebook.com\/profile.php?id=61551502767851&mibextid=2JQ9oc&_rdc=1&_rdr","article_modified_time":"2026-04-17T22:05:46+00:00","og_image":[{"width":791,"height":1024,"url":"https:\/\/tropicalwingsbirds.shop\/wp-content\/uploads\/2023\/12\/Red_Factor_Canaries_-_the_finch_farm_co__82203.1611532697.jpg","type":"image\/jpeg"}],"twitter_card":"summary_large_image","twitter_misc":{"Prix":"","Disponibilit\u00e9":"En stock"},"schema":{"@context":"https:\/\/schema.org","@graph":[{"@type":"WebPage","@id":"https:\/\/tropicalwingsbirds.shop\/shop\/buy-red-factor-canary-online\/","url":"https:\/\/tropicalwingsbirds.shop\/shop\/buy-red-factor-canary-online\/","name":"Red Factor Canary for Sale | Tropical Wings Birds","isPartOf":{"@id":"https:\/\/tropicalwingsbirds.shop\/#website"},"primaryImageOfPage":{"@id":"https:\/\/tropicalwingsbirds.shop\/shop\/buy-red-factor-canary-online\/#primaryimage"},"image":{"@id":"https:\/\/tropicalwingsbirds.shop\/shop\/buy-red-factor-canary-online\/#primaryimage"},"thumbnailUrl":"https:\/\/tropicalwingsbirds.shop\/wp-content\/uploads\/2023\/12\/Red_Factor_Canaries_-_the_finch_farm_co__82203.1611532697.jpg","datePublished":"2023-12-07T16:33:57+00:00","dateModified":"2026-04-17T22:05:46+00:00","description":"Buy a red factor canary from a trusted breeder. Hand-fed, health-certified, closed-leg-ringed with full documentation. Worldwide shipping available.","breadcrumb":{"@id":"https:\/\/tropicalwingsbirds.shop\/shop\/buy-red-factor-canary-online\/#breadcrumb"},"inLanguage":"fr-FR","potentialAction":[{"@type":"ReadAction","target":["https:\/\/tropicalwingsbirds.shop\/shop\/buy-red-factor-canary-online\/"]}]},{"@type":"ImageObject","inLanguage":"fr-FR","@id":"https:\/\/tropicalwingsbirds.shop\/shop\/buy-red-factor-canary-online\/#primaryimage","url":"https:\/\/tropicalwingsbirds.shop\/wp-content\/uploads\/2023\/12\/Red_Factor_Canaries_-_the_finch_farm_co__82203.1611532697.jpg","contentUrl":"https:\/\/tropicalwingsbirds.shop\/wp-content\/uploads\/2023\/12\/Red_Factor_Canaries_-_the_finch_farm_co__82203.1611532697.jpg","width":791,"height":1024},{"@type":"BreadcrumbList","@id":"https:\/\/tropicalwingsbirds.shop\/shop\/buy-red-factor-canary-online\/#breadcrumb","itemListElement":[{"@type":"ListItem","position":1,"name":"Home","item":"https:\/\/tropicalwingsbirds.shop\/"},{"@type":"ListItem","position":2,"name":"Shop","item":"https:\/\/tropicalwingsbirds.shop\/shop\/"},{"@type":"ListItem","position":3,"name":"Buy Red Factor Canary Online"}]},{"@type":"WebSite","@id":"https:\/\/tropicalwingsbirds.shop\/#website","url":"https:\/\/tropicalwingsbirds.shop\/","name":"Oiseaux aux ailes tropicales","description":"Meilleurs \u00e9leveurs d&#039;oiseaux exotiques en ligne","publisher":{"@id":"https:\/\/tropicalwingsbirds.shop\/#organization"},"potentialAction":[{"@type":"SearchAction","target":{"@type":"EntryPoint","urlTemplate":"https:\/\/tropicalwingsbirds.shop\/?s={search_term_string}"},"query-input":{"@type":"PropertyValueSpecification","valueRequired":true,"valueName":"search_term_string"}}],"inLanguage":"fr-FR"},{"@type":["Organization","Place","PetStore"],"@id":"https:\/\/tropicalwingsbirds.shop\/#organization","name":"Tropical Wings Birds Shop","alternateName":"TPWB","url":"https:\/\/tropicalwingsbirds.shop\/","logo":{"@id":"https:\/\/tropicalwingsbirds.shop\/shop\/buy-red-factor-canary-online\/#local-main-organization-logo"},"image":{"@id":"https:\/\/tropicalwingsbirds.shop\/shop\/buy-red-factor-canary-online\/#local-main-organization-logo"},"sameAs":["https:\/\/web.facebook.com\/profile.php?id=61551502767851&mibextid=2JQ9oc&_rdc=1&_rdr"],"description":"Tropical Wings Birds est votre destination pour des oiseaux exotiques. Notre voli\u00e8re-boutique aux \u00c9tats-Unis propose une s\u00e9lection soign\u00e9e d&#039;oiseaux tropicaux aux couleurs vives, issus d&#039;\u00e9leveurs r\u00e9put\u00e9s du monde entier. Ax\u00e9e sur le bien-\u00eatre et l&#039;expertise, notre \u00e9quipe d\u00e9vou\u00e9e est l\u00e0 pour vous guider dans votre recherche de l&#039;ami \u00e0 plumes id\u00e9al. Rendez-nous visite d\u00e8s aujourd&#039;hui et d\u00e9couvrez la magie de la compagnie des oiseaux chez Tropical Wings Birds.","legalName":"Tropical Wings Birds","foundingDate":"2019-02-14","numberOfEmployees":{"@type":"QuantitativeValue","minValue":"1","maxValue":"10"},"address":{"@id":"https:\/\/tropicalwingsbirds.shop\/shop\/buy-red-factor-canary-online\/#local-main-place-address"},"geo":{"@type":"GeoCoordinates","latitude":"40.5976725","longitude":"-122.3716346"},"telephone":["+1 707-733-4623","+1 707-733-4623"],"contactPoint":{"@type":"ContactPoint","telephone":"+1 707-733-4623","email":"sales@tropicalwingsbirds.shop"},"openingHoursSpecification":{"@type":"OpeningHoursSpecification","dayOfWeek":["Monday","Tuesday","Wednesday","Thursday","Friday","Saturday","Sunday"],"opens":"00:00","closes":"23:59"},"email":"sales@tropicalwingsbirds.shop","faxNumber":"+1 707-733-4623","areaServed":"United states, Porto Rico, Canada, Australia","priceRange":"$","currenciesAccepted":"USD, CAD, AUD,","paymentAccepted":"Zelle, Paypal, Bitcoin, Apple pay, Credit cards, Bank transfers"},{"@type":"PostalAddress","@id":"https:\/\/tropicalwingsbirds.shop\/shop\/buy-red-factor-canary-online\/#local-main-place-address","streetAddress":"500 Hilltop Dr,","addressLocality":"Redding","postalCode":"96003","addressRegion":"California","addressCountry":"US"},{"@type":"ImageObject","inLanguage":"fr-FR","@id":"https:\/\/tropicalwingsbirds.shop\/shop\/buy-red-factor-canary-online\/#local-main-organization-logo","url":"https:\/\/tropicalwingsbirds.shop\/wp-content\/uploads\/2024\/01\/tropical-wings-1.webp","contentUrl":"https:\/\/tropicalwingsbirds.shop\/wp-content\/uploads\/2024\/01\/tropical-wings-1.webp","width":500,"height":500,"caption":"Tropical Wings Birds Shop"}]},"product_price_currency":"USD","og_availability":"instock","product_availability":"instock","product_condition":"new","geo.placename":"Redding","geo.position":{"lat":"40.5976725","long":"-122.3716346"},"geo.region":"\u00c9tats-Unis d\u2019Am\u00e9rique"},"jetpack_sharing_enabled":true,"_links":{"self":[{"href":"https:\/\/tropicalwingsbirds.shop\/fr_fr\/wp-json\/wp\/v2\/product\/2590","targetHints":{"allow":["GET"]}}],"collection":[{"href":"https:\/\/tropicalwingsbirds.shop\/fr_fr\/wp-json\/wp\/v2\/product"}],"about":[{"href":"https:\/\/tropicalwingsbirds.shop\/fr_fr\/wp-json\/wp\/v2\/types\/product"}],"replies":[{"embeddable":true,"href":"https:\/\/tropicalwingsbirds.shop\/fr_fr\/wp-json\/wp\/v2\/comments?post=2590"}],"wp:featuredmedia":[{"embeddable":true,"href":"https:\/\/tropicalwingsbirds.shop\/fr_fr\/wp-json\/wp\/v2\/media\/2647"}],"wp:attachment":[{"href":"https:\/\/tropicalwingsbirds.shop\/fr_fr\/wp-json\/wp\/v2\/media?parent=2590"}],"wp:term":[{"taxonomy":"product_brand","embeddable":true,"href":"https:\/\/tropicalwingsbirds.shop\/fr_fr\/wp-json\/wp\/v2\/product_brand?post=2590"},{"taxonomy":"product_cat","embeddable":true,"href":"https:\/\/tropicalwingsbirds.shop\/fr_fr\/wp-json\/wp\/v2\/product_cat?post=2590"},{"taxonomy":"product_tag","embeddable":true,"href":"https:\/\/tropicalwingsbirds.shop\/fr_fr\/wp-json\/wp\/v2\/product_tag?post=2590"}],"curies":[{"name":"wp","href":"https:\/\/api.w.org\/{rel}","templated":true}]}}