{"id":537,"date":"2023-12-03T14:04:59","date_gmt":"2023-12-03T14:04:59","guid":{"rendered":"https:\/\/tropicalwingsbirds.shop\/?post_type=product&#038;p=537"},"modified":"2023-12-03T14:05:12","modified_gmt":"2023-12-03T14:05:12","slug":"bebe-magnifique-amazone-a-front-bleu","status":"publish","type":"product","link":"https:\/\/tropicalwingsbirds.shop\/fr_fr\/boutique\/bebe-magnifique-amazone-a-front-bleu\/","title":{"rendered":"Magnifique b\u00e9b\u00e9 amazone \u00e0 front bleu"},"content":{"rendered":"<div class=\"product-section\">\n<div class=\"row\">\n<div class=\"large-10 col pb-0 mb-0\">\n<div class=\"panel entry-content\">\n<h2>Amazone \u00e0 front bleu \u00e0 vendre<\/h2>\n<p>Bavard et charmant, l&#039;amazone \u00e0 front turquoise est un oiseau de compagnie tr\u00e8s appr\u00e9ci\u00e9.\u00a0<a href=\"https:\/\/macawparrotshop.com\">oiseau<\/a>\u00c0 maturit\u00e9, l&#039;Amazone \u00e0 front turquoise mesure g\u00e9n\u00e9ralement entre 38 et 43 cm du bec \u00e0 l&#039;extr\u00e9mit\u00e9 de la queue, ce qui en fait l&#039;une des plus grandes vari\u00e9t\u00e9s de perroquets. Comme son nom l&#039;indique, sa t\u00eate est jaune et le reste de son corps est vert perroquet.<\/p>\n<p>Les amazones \u00e0 front turquoise peuvent vivre plus de 60 ans, ce qui en fait de bons compagnons pour de longues ann\u00e9es. Mais avant d&#039;en acqu\u00e9rir un, renseignez-vous un peu sur lui pour vous assurer qu&#039;il vous convient. Les amazones \u00e0 front turquoise ont une personnalit\u00e9 forte et vive et peuvent \u00eatre tr\u00e8s sociables, tant avec les humains qu&#039;avec les oiseaux.<\/p>\n<p>Flashy, intelligents et d\u00e9bordants de joie de vivre, ces perroquets s&#039;\u00e9panouissent dans une famille au mode de vie actif. Ils apprennent facilement des tours et divers ordres et r\u00e9pondent volontiers aux f\u00e9licitations ou aux friandises. Dr\u00f4les et audacieux, les amazones \u00e0 front turquoise sont rarement timides. Ils peuvent cependant \u00eatre t\u00eatus et ont besoin d&#039;un propri\u00e9taire capable d&#039;accepter leur forte personnalit\u00e9.<\/p>\n<h2>Soins et alimentation d&#039;une Amazone \u00e0 front bleu<\/h2>\n<div>\n<p>Dans la nature, le r\u00e9gime alimentaire des perroquets \u00e0 front bleu se compose de fruits, de plantes, de graines et de noix, et probablement de prot\u00e9ines. Un oiseau de compagnie appr\u00e9ciera une alimentation vari\u00e9e, comprenant un m\u00e9lange de graines de qualit\u00e9 ou des granul\u00e9s, ainsi que beaucoup de fruits et l\u00e9gumes frais. On peut lui proposer une nourriture humaine riche et nutritive, et il appr\u00e9cie le poulet.<\/p>\n<p>L&#039;avocat et le chocolat sont toxiques pour tous les perroquets. Ils aiment manger \u00e0 table et en famille. Ils vous pr\u00e9viendront quand l&#039;heure du d\u00eener est arriv\u00e9e. Des granul\u00e9s sp\u00e9cialement formul\u00e9s constituent un aliment id\u00e9al et devraient id\u00e9alement repr\u00e9senter environ 75 \u00e0 80 % de l&#039;alimentation de l&#039;oiseau. Les fruits, les l\u00e9gumes et les verdures devraient repr\u00e9senter environ 20 \u00e0 25 % de l&#039;alimentation quotidienne.<\/p>\n<p>Les graines et les noix sont des aliments riches en mati\u00e8res grasses que vous pouvez offrir occasionnellement en guise de friandises. Commencez par donner \u00e0 votre oiseau 250 ml de m\u00e9lange pour perroquets \u00e0 base de granul\u00e9s et 125 ml de fruits et l\u00e9gumes par jour, puis ajustez la dose en fonction de son app\u00e9tit.<\/p>\n<\/p><\/div>\n<div>\n<h2>Apprendre \u00e0 imiter<\/h2>\n<div>Contrairement aux perroquets gris, par exemple, les amazones \u00e0 front bleu peuvent commencer \u00e0 imiter d\u00e8s leur plus jeune \u00e2ge. Commencez par des phrases simples comme \u00ab\u00a0Allez\u00a0!\u00a0\u00bb. Dites \u00ab\u00a0Au revoir\u00a0\u00bb seulement lorsque vous sortez et l&#039;amazone comprendra rapidement sa signification. L&#039;amazone \u00e0 front bleu peut devenir l&#039;un des imitateurs les plus talentueux du monde des perroquets.<\/div>\n<\/p><\/div>\n<h2>Cages<\/h2>\n<div>Une Amazone \u00e0 front bleu \u00e0 vendre ne sera pas heureuse dans une petite cage. Un enfermement serr\u00e9 peut engendrer un comportement agressif. Achetez la plus grande cage possible ou construisez-en une rectangulaire en grillage soud\u00e9 de 12 g. Assurez-vous que sa conception permette l&#039;entretien des pots de nourriture et d&#039;eau (quatre au total) sans avoir \u00e0 y toucher. Les m\u00e2les adultes en p\u00e9riode de reproduction peuvent \u00eatre dangereux.<\/div>\n<h2>R\u00e9gime<\/h2>\n<div>Les fruits, les l\u00e9gumes et les l\u00e9gumineuses cuites ou tremp\u00e9es (haricots et pois) doivent repr\u00e9senter au moins 40% de l&#039;alimentation. Le reste doit \u00eatre constitu\u00e9 d&#039;un m\u00e9lange de graines de bonne qualit\u00e9 (avec une quantit\u00e9 limit\u00e9e de tournesol et, de pr\u00e9f\u00e9rence, les arachides retir\u00e9es pour les oiseaux sauvages) ou \u00e9ventuellement de granul\u00e9s sans colorants ni ar\u00f4mes artificiels.<\/div>\n<div>\n<h2>Entra\u00eenement<\/h2>\n<p>Il est tr\u00e8s important d&#039;apprendre les ordres de base tels que \u00ab\u00a0Monte\u00a0!\u00a0\u00bb, \u00ab\u00a0Descends\u00a0!\u00a0\u00bb et \u00ab\u00a0Envole-toi\u00a0!\u00a0\u00bb d\u00e8s le plus jeune \u00e2ge\u00a0; le plus t\u00f4t sera le mieux. Les chiens \u00e0 front bleu peuvent avoir une forte volont\u00e9\u00a0! Ces instructions doivent \u00eatre renforc\u00e9es quotidiennement.<\/p>\n<\/p><\/div>\n<\/p><\/div>\n<\/p><\/div>\n<\/p><\/div>\n<\/p><\/div>","protected":false},"excerpt":{"rendered":"<pre><strong>L&#039;amazone \u00e0 front bleu (amazone \u00e0 front turquoise) est un animal de compagnie depuis des si\u00e8cles et est tr\u00e8s appr\u00e9ci\u00e9 comme oiseau de compagnie. Nos petits sont des oiseaux tr\u00e8s intelligents et imaginatifs. Ils recherchent la compagnie de leurs ma\u00eetres et ont parfois tendance \u00e0 devenir agressifs s&#039;ils sont laiss\u00e9s seuls trop longtemps. De plus, un oiseau sans surveillance a tendance \u00e0 m\u00e2chouiller les meubles de la maison.<\/strong>\r <strong>Sexe : M\u00e2le \/ Femelle \u00c2ge : 4-9 mois\u00a0 <\/strong>\r <strong>Taille : Petite (sevr\u00e9e \u2013 Peut manger seule) <\/strong>\r <strong>Sant\u00e9 : 100% garanti \r <\/strong><strong>Le prix varie selon l&#039;\u00e2ge. Nous proposons des tarifs allant de 1\u00a0TP4T1\u00a0200 \u00e0 1\u00a0TP4T1\u00a0800 USD pour les oiseaux de 6 \u00e0 12 mois.<\/strong><\/pre>","protected":false},"featured_media":559,"comment_status":"closed","ping_status":"closed","template":"","meta":{"site-sidebar-layout":"default","site-content-layout":"","ast-site-content-layout":"default","site-content-style":"default","site-sidebar-style":"default","ast-global-header-display":"","ast-banner-title-visibility":"","ast-main-header-display":"","ast-hfb-above-header-display":"","ast-hfb-below-header-display":"","ast-hfb-mobile-header-display":"","site-post-title":"","ast-breadcrumbs-content":"","ast-featured-img":"","footer-sml-layout":"","theme-transparent-header-meta":"","adv-header-id-meta":"","stick-header-meta":"","header-above-stick-meta":"","header-main-stick-meta":"","header-below-stick-meta":"","astra-migrate-meta-layouts":"default","ast-page-background-enabled":"default","ast-page-background-meta":{"desktop":{"background-color":"var(--ast-global-color-4)","background-image":"","background-repeat":"repeat","background-position":"center center","background-size":"auto","background-attachment":"scroll","background-type":"","background-media":"","overlay-type":"","overlay-color":"","overlay-opacity":"","overlay-gradient":""},"tablet":{"background-color":"","background-image":"","background-repeat":"repeat","background-position":"center center","background-size":"auto","background-attachment":"scroll","background-type":"","background-media":"","overlay-type":"","overlay-color":"","overlay-opacity":"","overlay-gradient":""},"mobile":{"background-color":"","background-image":"","background-repeat":"repeat","background-position":"center center","background-size":"auto","background-attachment":"scroll","background-type":"","background-media":"","overlay-type":"","overlay-color":"","overlay-opacity":"","overlay-gradient":""}},"ast-content-background-meta":{"desktop":{"background-color":"var(--ast-global-color-5)","background-image":"","background-repeat":"repeat","background-position":"center center","background-size":"auto","background-attachment":"scroll","background-type":"","background-media":"","overlay-type":"","overlay-color":"","overlay-opacity":"","overlay-gradient":""},"tablet":{"background-color":"var(--ast-global-color-5)","background-image":"","background-repeat":"repeat","background-position":"center center","background-size":"auto","background-attachment":"scroll","background-type":"","background-media":"","overlay-type":"","overlay-color":"","overlay-opacity":"","overlay-gradient":""},"mobile":{"background-color":"var(--ast-global-color-5)","background-image":"","background-repeat":"repeat","background-position":"center center","background-size":"auto","background-attachment":"scroll","background-type":"","background-media":"","overlay-type":"","overlay-color":"","overlay-opacity":"","overlay-gradient":""}}},"product_brand":[],"product_cat":[42,52],"product_tag":[53],"class_list":{"0":"post-537","1":"product","2":"type-product","3":"status-publish","4":"has-post-thumbnail","6":"product_cat-amazon-parrot-for-sale","7":"product_cat-parrot-birds","8":"product_tag-buy-parrots-online","9":"desktop-align-left","10":"tablet-align-left","11":"mobile-align-left","12":"ast-product-gallery-layout-horizontal-slider","13":"ast-product-gallery-with-no-image","14":"ast-product-tabs-layout-horizontal","15":"ast-qv-on-image","17":"first","18":"instock","19":"shipping-taxable","20":"product-type-simple"},"yoast_head":"<!-- This site is optimized with the Yoast SEO Premium plugin v23.2 (Yoast SEO v26.8) - https:\/\/yoast.com\/product\/yoast-seo-premium-wordpress\/ -->\n<title>Baby Gorgeous Blue Fronted Amazon - Tropical Wings Birds<\/title>\n<meta name=\"robots\" content=\"index, follow, max-snippet:-1, max-image-preview:large, max-video-preview:-1\" \/>\n<link rel=\"canonical\" href=\"https:\/\/tropicalwingsbirds.shop\/fr_fr\/boutique\/bebe-magnifique-amazone-a-front-bleu\/\" \/>\n<meta property=\"og:locale\" content=\"fr_FR\" \/>\n<meta property=\"og:type\" content=\"article\" \/>\n<meta property=\"og:title\" content=\"Baby Gorgeous Blue Fronted Amazon\" \/>\n<meta property=\"og:description\" content=\"Blue Fronted amazon parrot (Turquoise-fronted amazon parrot) has been kept as pets for centuries and is highly regarded as a companion bird. Our babies are a very intelligent and imaginative bird. They long for the company of their owners and sometimes tend to become aggressive if it is left alone for extended periods. Also, an unattended bird has a tendency to chew on the household furniture. Sex : Male \/ Female Age : 4-9 months\u00a0  Size : Small (Weaned \u2013 Can eat by themselves)  Health : 100% guaranteed  Price varies with age.\u00a0 We offer from $1200 to $1800 USD for birds of 06 to 12 months.\" \/>\n<meta property=\"og:url\" content=\"https:\/\/tropicalwingsbirds.shop\/fr_fr\/boutique\/bebe-magnifique-amazone-a-front-bleu\/\" \/>\n<meta property=\"og:site_name\" content=\"Tropical Wings Birds\" \/>\n<meta property=\"article:publisher\" content=\"https:\/\/web.facebook.com\/profile.php?id=61551502767851&amp;mibextid=2JQ9oc&amp;_rdc=1&amp;_rdr\" \/>\n<meta property=\"article:modified_time\" content=\"2023-12-03T14:05:12+00:00\" \/>\n<meta property=\"og:image\" content=\"https:\/\/tropicalwingsbirds.shop\/wp-content\/uploads\/2023\/12\/20080517435440.jpg\" \/>\n\t<meta property=\"og:image:width\" content=\"500\" \/>\n\t<meta property=\"og:image:height\" content=\"500\" \/>\n\t<meta property=\"og:image:type\" content=\"image\/jpeg\" \/>\n<meta name=\"twitter:card\" content=\"summary_large_image\" \/>\n<meta name=\"twitter:label1\" content=\"Prix\" \/>\n\t<meta name=\"twitter:data1\" content=\"\" \/>\n\t<meta name=\"twitter:label2\" content=\"Disponibilit\u00e9\" \/>\n\t<meta name=\"twitter:data2\" content=\"En stock\" \/>\n<script type=\"application\/ld+json\" class=\"yoast-schema-graph\">{\"@context\":\"https:\/\/schema.org\",\"@graph\":[{\"@type\":\"WebPage\",\"@id\":\"https:\/\/tropicalwingsbirds.shop\/shop\/baby-gorgeous-blue-fronted-amazon\/\",\"url\":\"https:\/\/tropicalwingsbirds.shop\/shop\/baby-gorgeous-blue-fronted-amazon\/\",\"name\":\"Baby Gorgeous Blue Fronted Amazon - Tropical Wings Birds\",\"isPartOf\":{\"@id\":\"https:\/\/tropicalwingsbirds.shop\/#website\"},\"primaryImageOfPage\":{\"@id\":\"https:\/\/tropicalwingsbirds.shop\/shop\/baby-gorgeous-blue-fronted-amazon\/#primaryimage\"},\"image\":{\"@id\":\"https:\/\/tropicalwingsbirds.shop\/shop\/baby-gorgeous-blue-fronted-amazon\/#primaryimage\"},\"thumbnailUrl\":\"https:\/\/tropicalwingsbirds.shop\/wp-content\/uploads\/2023\/12\/20080517435440.jpg\",\"datePublished\":\"2023-12-03T14:04:59+00:00\",\"dateModified\":\"2023-12-03T14:05:12+00:00\",\"breadcrumb\":{\"@id\":\"https:\/\/tropicalwingsbirds.shop\/shop\/baby-gorgeous-blue-fronted-amazon\/#breadcrumb\"},\"inLanguage\":\"fr-FR\",\"potentialAction\":[{\"@type\":\"ReadAction\",\"target\":[\"https:\/\/tropicalwingsbirds.shop\/shop\/baby-gorgeous-blue-fronted-amazon\/\"]}]},{\"@type\":\"ImageObject\",\"inLanguage\":\"fr-FR\",\"@id\":\"https:\/\/tropicalwingsbirds.shop\/shop\/baby-gorgeous-blue-fronted-amazon\/#primaryimage\",\"url\":\"https:\/\/tropicalwingsbirds.shop\/wp-content\/uploads\/2023\/12\/20080517435440.jpg\",\"contentUrl\":\"https:\/\/tropicalwingsbirds.shop\/wp-content\/uploads\/2023\/12\/20080517435440.jpg\",\"width\":500,\"height\":500},{\"@type\":\"BreadcrumbList\",\"@id\":\"https:\/\/tropicalwingsbirds.shop\/shop\/baby-gorgeous-blue-fronted-amazon\/#breadcrumb\",\"itemListElement\":[{\"@type\":\"ListItem\",\"position\":1,\"name\":\"Home\",\"item\":\"https:\/\/tropicalwingsbirds.shop\/\"},{\"@type\":\"ListItem\",\"position\":2,\"name\":\"Shop\",\"item\":\"https:\/\/tropicalwingsbirds.shop\/shop\/\"},{\"@type\":\"ListItem\",\"position\":3,\"name\":\"Baby Gorgeous Blue Fronted Amazon\"}]},{\"@type\":\"WebSite\",\"@id\":\"https:\/\/tropicalwingsbirds.shop\/#website\",\"url\":\"https:\/\/tropicalwingsbirds.shop\/\",\"name\":\"Tropical Wings Birds\",\"description\":\"Best Exotic birds breeders online\",\"publisher\":{\"@id\":\"https:\/\/tropicalwingsbirds.shop\/#organization\"},\"potentialAction\":[{\"@type\":\"SearchAction\",\"target\":{\"@type\":\"EntryPoint\",\"urlTemplate\":\"https:\/\/tropicalwingsbirds.shop\/?s={search_term_string}\"},\"query-input\":{\"@type\":\"PropertyValueSpecification\",\"valueRequired\":true,\"valueName\":\"search_term_string\"}}],\"inLanguage\":\"fr-FR\"},{\"@type\":[\"Organization\",\"Place\",\"PetStore\"],\"@id\":\"https:\/\/tropicalwingsbirds.shop\/#organization\",\"name\":\"Tropical Wings Birds Shop\",\"alternateName\":\"TPWB\",\"url\":\"https:\/\/tropicalwingsbirds.shop\/\",\"logo\":{\"@id\":\"https:\/\/tropicalwingsbirds.shop\/shop\/baby-gorgeous-blue-fronted-amazon\/#local-main-organization-logo\"},\"image\":{\"@id\":\"https:\/\/tropicalwingsbirds.shop\/shop\/baby-gorgeous-blue-fronted-amazon\/#local-main-organization-logo\"},\"sameAs\":[\"https:\/\/web.facebook.com\/profile.php?id=61551502767851&mibextid=2JQ9oc&_rdc=1&_rdr\"],\"description\":\"Tropical Wings Birds is your destination for exotic avian companionship. Our boutique aviary in United States offers a curated selection of vibrant tropical birds sourced from reputable breeders worldwide. With a focus on welfare and expertise, our dedicated team is here to guide you on your journey to finding the perfect feathered friend. Visit us today and experience the magic of avian companionship at Tropical Wings Birds.\",\"legalName\":\"Tropical Wings Birds\",\"foundingDate\":\"2019-02-14\",\"numberOfEmployees\":{\"@type\":\"QuantitativeValue\",\"minValue\":\"1\",\"maxValue\":\"10\"},\"address\":{\"@id\":\"https:\/\/tropicalwingsbirds.shop\/shop\/baby-gorgeous-blue-fronted-amazon\/#local-main-place-address\"},\"geo\":{\"@type\":\"GeoCoordinates\",\"latitude\":\"40.5976725\",\"longitude\":\"-122.3716346\"},\"telephone\":[\"+1 707-733-4623\",\"+1 707-733-4623\"],\"contactPoint\":{\"@type\":\"ContactPoint\",\"telephone\":\"+1 707-733-4623\",\"email\":\"sales@tropicalwingsbirds.shop\"},\"openingHoursSpecification\":{\"@type\":\"OpeningHoursSpecification\",\"dayOfWeek\":[\"Monday\",\"Tuesday\",\"Wednesday\",\"Thursday\",\"Friday\",\"Saturday\",\"Sunday\"],\"opens\":\"00:00\",\"closes\":\"23:59\"},\"email\":\"sales@tropicalwingsbirds.shop\",\"faxNumber\":\"+1 707-733-4623\",\"areaServed\":\"United states, Porto Rico, Canada, Australia\",\"priceRange\":\"$\",\"currenciesAccepted\":\"USD, CAD, AUD,\",\"paymentAccepted\":\"Zelle, Paypal, Bitcoin, Apple pay, Credit cards, Bank transfers\"},{\"@type\":\"PostalAddress\",\"@id\":\"https:\/\/tropicalwingsbirds.shop\/shop\/baby-gorgeous-blue-fronted-amazon\/#local-main-place-address\",\"streetAddress\":\"500 Hilltop Dr,\",\"addressLocality\":\"Redding\",\"postalCode\":\"96003\",\"addressRegion\":\"California\",\"addressCountry\":\"US\"},{\"@type\":\"ImageObject\",\"inLanguage\":\"fr-FR\",\"@id\":\"https:\/\/tropicalwingsbirds.shop\/shop\/baby-gorgeous-blue-fronted-amazon\/#local-main-organization-logo\",\"url\":\"https:\/\/tropicalwingsbirds.shop\/wp-content\/uploads\/2024\/01\/tropical-wings-1.webp\",\"contentUrl\":\"https:\/\/tropicalwingsbirds.shop\/wp-content\/uploads\/2024\/01\/tropical-wings-1.webp\",\"width\":500,\"height\":500,\"caption\":\"Tropical Wings Birds Shop\"}]}<\/script>\n<meta property=\"product:price:currency\" content=\"USD\" \/>\n<meta property=\"og:availability\" content=\"instock\" \/>\n<meta property=\"product:availability\" content=\"instock\" \/>\n<meta property=\"product:condition\" content=\"new\" \/>\n<meta name=\"geo.placename\" content=\"Redding\" \/>\n<meta name=\"geo.position\" content=\"40.5976725;-122.3716346\" \/>\n<meta name=\"geo.region\" content=\"\u00c9tats-Unis d\u2019Am\u00e9rique\" \/>\n<!-- \/ Yoast SEO Premium plugin. -->","yoast_head_json":{"title":"Magnifique b\u00e9b\u00e9 amazone \u00e0 front bleu \u2013 Oiseaux tropicaux","robots":{"index":"index","follow":"follow","max-snippet":"max-snippet:-1","max-image-preview":"max-image-preview:large","max-video-preview":"max-video-preview:-1"},"canonical":"https:\/\/tropicalwingsbirds.shop\/fr_fr\/boutique\/bebe-magnifique-amazone-a-front-bleu\/","og_locale":"fr_FR","og_type":"article","og_title":"Baby Gorgeous Blue Fronted Amazon","og_description":"Blue Fronted amazon parrot (Turquoise-fronted amazon parrot) has been kept as pets for centuries and is highly regarded as a companion bird. Our babies are a very intelligent and imaginative bird. They long for the company of their owners and sometimes tend to become aggressive if it is left alone for extended periods. Also, an unattended bird has a tendency to chew on the household furniture. Sex : Male \/ Female Age : 4-9 months\u00a0  Size : Small (Weaned \u2013 Can eat by themselves)  Health : 100% guaranteed  Price varies with age.\u00a0 We offer from $1200 to $1800 USD for birds of 06 to 12 months.","og_url":"https:\/\/tropicalwingsbirds.shop\/fr_fr\/boutique\/bebe-magnifique-amazone-a-front-bleu\/","og_site_name":"Tropical Wings Birds","article_publisher":"https:\/\/web.facebook.com\/profile.php?id=61551502767851&mibextid=2JQ9oc&_rdc=1&_rdr","article_modified_time":"2023-12-03T14:05:12+00:00","og_image":[{"width":500,"height":500,"url":"https:\/\/tropicalwingsbirds.shop\/wp-content\/uploads\/2023\/12\/20080517435440.jpg","type":"image\/jpeg"}],"twitter_card":"summary_large_image","twitter_misc":{"Prix":"","Disponibilit\u00e9":"En stock"},"schema":{"@context":"https:\/\/schema.org","@graph":[{"@type":"WebPage","@id":"https:\/\/tropicalwingsbirds.shop\/shop\/baby-gorgeous-blue-fronted-amazon\/","url":"https:\/\/tropicalwingsbirds.shop\/shop\/baby-gorgeous-blue-fronted-amazon\/","name":"Magnifique b\u00e9b\u00e9 amazone \u00e0 front bleu \u2013 Oiseaux tropicaux","isPartOf":{"@id":"https:\/\/tropicalwingsbirds.shop\/#website"},"primaryImageOfPage":{"@id":"https:\/\/tropicalwingsbirds.shop\/shop\/baby-gorgeous-blue-fronted-amazon\/#primaryimage"},"image":{"@id":"https:\/\/tropicalwingsbirds.shop\/shop\/baby-gorgeous-blue-fronted-amazon\/#primaryimage"},"thumbnailUrl":"https:\/\/tropicalwingsbirds.shop\/wp-content\/uploads\/2023\/12\/20080517435440.jpg","datePublished":"2023-12-03T14:04:59+00:00","dateModified":"2023-12-03T14:05:12+00:00","breadcrumb":{"@id":"https:\/\/tropicalwingsbirds.shop\/shop\/baby-gorgeous-blue-fronted-amazon\/#breadcrumb"},"inLanguage":"fr-FR","potentialAction":[{"@type":"ReadAction","target":["https:\/\/tropicalwingsbirds.shop\/shop\/baby-gorgeous-blue-fronted-amazon\/"]}]},{"@type":"ImageObject","inLanguage":"fr-FR","@id":"https:\/\/tropicalwingsbirds.shop\/shop\/baby-gorgeous-blue-fronted-amazon\/#primaryimage","url":"https:\/\/tropicalwingsbirds.shop\/wp-content\/uploads\/2023\/12\/20080517435440.jpg","contentUrl":"https:\/\/tropicalwingsbirds.shop\/wp-content\/uploads\/2023\/12\/20080517435440.jpg","width":500,"height":500},{"@type":"BreadcrumbList","@id":"https:\/\/tropicalwingsbirds.shop\/shop\/baby-gorgeous-blue-fronted-amazon\/#breadcrumb","itemListElement":[{"@type":"ListItem","position":1,"name":"Home","item":"https:\/\/tropicalwingsbirds.shop\/"},{"@type":"ListItem","position":2,"name":"Shop","item":"https:\/\/tropicalwingsbirds.shop\/shop\/"},{"@type":"ListItem","position":3,"name":"Baby Gorgeous Blue Fronted Amazon"}]},{"@type":"WebSite","@id":"https:\/\/tropicalwingsbirds.shop\/#website","url":"https:\/\/tropicalwingsbirds.shop\/","name":"Oiseaux aux ailes tropicales","description":"Meilleurs \u00e9leveurs d&#039;oiseaux exotiques en ligne","publisher":{"@id":"https:\/\/tropicalwingsbirds.shop\/#organization"},"potentialAction":[{"@type":"SearchAction","target":{"@type":"EntryPoint","urlTemplate":"https:\/\/tropicalwingsbirds.shop\/?s={search_term_string}"},"query-input":{"@type":"PropertyValueSpecification","valueRequired":true,"valueName":"search_term_string"}}],"inLanguage":"fr-FR"},{"@type":["Organization","Place","PetStore"],"@id":"https:\/\/tropicalwingsbirds.shop\/#organization","name":"Tropical Wings Birds Shop","alternateName":"TPWB","url":"https:\/\/tropicalwingsbirds.shop\/","logo":{"@id":"https:\/\/tropicalwingsbirds.shop\/shop\/baby-gorgeous-blue-fronted-amazon\/#local-main-organization-logo"},"image":{"@id":"https:\/\/tropicalwingsbirds.shop\/shop\/baby-gorgeous-blue-fronted-amazon\/#local-main-organization-logo"},"sameAs":["https:\/\/web.facebook.com\/profile.php?id=61551502767851&mibextid=2JQ9oc&_rdc=1&_rdr"],"description":"Tropical Wings Birds est votre destination pour des oiseaux exotiques. Notre voli\u00e8re-boutique aux \u00c9tats-Unis propose une s\u00e9lection soign\u00e9e d&#039;oiseaux tropicaux aux couleurs vives, issus d&#039;\u00e9leveurs r\u00e9put\u00e9s du monde entier. Ax\u00e9e sur le bien-\u00eatre et l&#039;expertise, notre \u00e9quipe d\u00e9vou\u00e9e est l\u00e0 pour vous guider dans votre recherche de l&#039;ami \u00e0 plumes id\u00e9al. Rendez-nous visite d\u00e8s aujourd&#039;hui et d\u00e9couvrez la magie de la compagnie des oiseaux chez Tropical Wings Birds.","legalName":"Tropical Wings Birds","foundingDate":"2019-02-14","numberOfEmployees":{"@type":"QuantitativeValue","minValue":"1","maxValue":"10"},"address":{"@id":"https:\/\/tropicalwingsbirds.shop\/shop\/baby-gorgeous-blue-fronted-amazon\/#local-main-place-address"},"geo":{"@type":"GeoCoordinates","latitude":"40.5976725","longitude":"-122.3716346"},"telephone":["+1 707-733-4623","+1 707-733-4623"],"contactPoint":{"@type":"ContactPoint","telephone":"+1 707-733-4623","email":"sales@tropicalwingsbirds.shop"},"openingHoursSpecification":{"@type":"OpeningHoursSpecification","dayOfWeek":["Monday","Tuesday","Wednesday","Thursday","Friday","Saturday","Sunday"],"opens":"00:00","closes":"23:59"},"email":"sales@tropicalwingsbirds.shop","faxNumber":"+1 707-733-4623","areaServed":"United states, Porto Rico, Canada, Australia","priceRange":"$","currenciesAccepted":"USD, CAD, AUD,","paymentAccepted":"Zelle, Paypal, Bitcoin, Apple pay, Credit cards, Bank transfers"},{"@type":"PostalAddress","@id":"https:\/\/tropicalwingsbirds.shop\/shop\/baby-gorgeous-blue-fronted-amazon\/#local-main-place-address","streetAddress":"500 Hilltop Dr,","addressLocality":"Redding","postalCode":"96003","addressRegion":"California","addressCountry":"US"},{"@type":"ImageObject","inLanguage":"fr-FR","@id":"https:\/\/tropicalwingsbirds.shop\/shop\/baby-gorgeous-blue-fronted-amazon\/#local-main-organization-logo","url":"https:\/\/tropicalwingsbirds.shop\/wp-content\/uploads\/2024\/01\/tropical-wings-1.webp","contentUrl":"https:\/\/tropicalwingsbirds.shop\/wp-content\/uploads\/2024\/01\/tropical-wings-1.webp","width":500,"height":500,"caption":"Tropical Wings Birds Shop"}]},"product_price_currency":"USD","og_availability":"instock","product_availability":"instock","product_condition":"new","geo.placename":"Redding","geo.position":{"lat":"40.5976725","long":"-122.3716346"},"geo.region":"\u00c9tats-Unis d\u2019Am\u00e9rique"},"jetpack_sharing_enabled":true,"_links":{"self":[{"href":"https:\/\/tropicalwingsbirds.shop\/fr_fr\/wp-json\/wp\/v2\/product\/537","targetHints":{"allow":["GET"]}}],"collection":[{"href":"https:\/\/tropicalwingsbirds.shop\/fr_fr\/wp-json\/wp\/v2\/product"}],"about":[{"href":"https:\/\/tropicalwingsbirds.shop\/fr_fr\/wp-json\/wp\/v2\/types\/product"}],"replies":[{"embeddable":true,"href":"https:\/\/tropicalwingsbirds.shop\/fr_fr\/wp-json\/wp\/v2\/comments?post=537"}],"wp:featuredmedia":[{"embeddable":true,"href":"https:\/\/tropicalwingsbirds.shop\/fr_fr\/wp-json\/wp\/v2\/media\/559"}],"wp:attachment":[{"href":"https:\/\/tropicalwingsbirds.shop\/fr_fr\/wp-json\/wp\/v2\/media?parent=537"}],"wp:term":[{"taxonomy":"product_brand","embeddable":true,"href":"https:\/\/tropicalwingsbirds.shop\/fr_fr\/wp-json\/wp\/v2\/product_brand?post=537"},{"taxonomy":"product_cat","embeddable":true,"href":"https:\/\/tropicalwingsbirds.shop\/fr_fr\/wp-json\/wp\/v2\/product_cat?post=537"},{"taxonomy":"product_tag","embeddable":true,"href":"https:\/\/tropicalwingsbirds.shop\/fr_fr\/wp-json\/wp\/v2\/product_tag?post=537"}],"curies":[{"name":"wp","href":"https:\/\/api.w.org\/{rel}","templated":true}]}}