{"id":574,"date":"2023-12-03T14:05:58","date_gmt":"2023-12-03T14:05:58","guid":{"rendered":"https:\/\/tropicalwingsbirds.shop\/?post_type=product&#038;p=574"},"modified":"2026-04-17T22:03:32","modified_gmt":"2026-04-17T22:03:32","slug":"collier-indien-a-vendre","status":"publish","type":"product","link":"https:\/\/tropicalwingsbirds.shop\/fr_fr\/boutique\/collier-indien-a-vendre\/","title":{"rendered":"Collier indien \u00e0 vendre"},"content":{"rendered":"<h1>Collier indien \u00e0 vendre<\/h1>\n<p>La perruche \u00e0 collier, aussi appel\u00e9e perruche \u00e0 collier, est un perroquet de taille moyenne du genre Psittacula. Perruche \u00e0 collier indienne \u00e0 vendre.<\/p>\n<p>La couleur normale du m\u00e2le \u00e0 collier indien \u00e0 vendre est d&#039;un vert g\u00e9n\u00e9ral, avec le bas de l&#039;abdomen plus clair et l&#039;arri\u00e8re de la t\u00eate bleut\u00e9. Un anneau noir traverse le menton et longe la joue. Il se fond ensuite dans un collier rose avec une touche de bleu sur la nuque. Les rectrices centrales sont bleut\u00e9es, termin\u00e9es par un vert-jaune, et les rectrices externes sont vertes. La mandibule sup\u00e9rieure du bec est rouge-orang\u00e9 et la mandibule inf\u00e9rieure est noire. L&#039;\u00e9levage domestique permet d&#039;obtenir une grande vari\u00e9t\u00e9 de variations de couleur, ou mutations.<br \/> La femelle et le m\u00e2le immature n&#039;ont ni anneau noir, ni collier rose, ni teinte bleue \u00e0 l&#039;arri\u00e8re de la t\u00eate. Les jeunes acqui\u00e8rent leur plumage adulte apr\u00e8s leur deuxi\u00e8me mue compl\u00e8te, vers l&#039;\u00e2ge de 3 ans. Ces oiseaux atteignent une longueur de 40 cm.<\/p>\n<p>&nbsp;<\/p>\n<h2>Soins et alimentation<\/h2>\n<p>De la nourriture fra\u00eeche et de l\u2019eau doivent \u00eatre fournies quotidiennement.<br \/> Dans la nature, les perruches \u00e0 collier indiennes \u00e0 vendre se nourrissent de graines, de baies, de fruits, de noix, de fleurs et de nectar. En plus de ces aliments, vous pouvez leur proposer des l\u00e9gumes et des granul\u00e9s commerciaux. Elles appr\u00e9cient \u00e9galement les m\u00eames aliments nutritifs que les humains, notamment le poulet cuit. Les haricots, le riz et les c\u00e9r\u00e9ales cuits sont \u00e9galement appr\u00e9ci\u00e9s, mais les aliments mous comme ceux-ci se g\u00e2tent en environ 4 heures. Un peu de millet de temps en temps est une bonne r\u00e9compense.<\/p>\n<p>Si vous remarquez un comportement agressif, il est pr\u00e9f\u00e9rable d&#039;\u00e9viter de le gronder, car l&#039;oiseau peut d\u00e9velopper une peur permanente des humains. La meilleure fa\u00e7on de g\u00e9rer cet oiseau est d&#039;ignorer les mauvais comportements et d&#039;utiliser le renforcement positif pour les bons.<\/p>\n<p>La cage de cet oiseau doit \u00eatre plus grande que pr\u00e9vu. Elle doit pouvoir accueillir sa longue queue et lui permettre de sautiller et de jouer en votre absence. Assurez-vous que l&#039;espacement des barreaux pour un perruche \u00e0 collier indien ne soit pas trop grand pour qu&#039;il puisse s&#039;y coincer ou s&#039;\u00e9chapper\u00a0; l&#039;espacement id\u00e9al est de 1,25 \u00e0 1,60\u00a0cm.<\/p>\n<h3>Entretien du Ringneck indien<\/h3>\n<p>L&#039;entretien de base de la cage comprend le nettoyage quotidien des gamelles d&#039;eau et de nourriture. Il est conseill\u00e9 de laver tous les perchoirs et les jouets sales une fois par semaine, et de laver le sol environ toutes les deux semaines. Un nettoyage et une d\u00e9sinfection complets de la voli\u00e8re doivent \u00eatre effectu\u00e9s chaque ann\u00e9e, en rempla\u00e7ant tout ce qui a besoin d&#039;\u00eatre rafra\u00eechi, comme les vieux perchoirs, les jouets et les jouets.<\/p>\n<h4>Comportements sociaux<\/h4>\n<p>Dans la nature, ces oiseaux vivent en groupes et sont tr\u00e8s sociables. D&#039;un naturel agr\u00e9able, ils peuvent toutefois d\u00e9velopper une tendance \u00e0 crier si on les taquine.<\/p>\n<p><a href=\"https:\/\/mozillabirdsfarm.com\/product-category\/cockatiels-parrots\/\">Perruches \u00e0 collier indiennes<\/a> Ils peuvent \u00eatre des animaux de compagnie doux et dociles, mais ne le resteront pas s&#039;ils sont n\u00e9glig\u00e9s. Jouant avec eux quotidiennement, ces oiseaux peuvent \u00eatre des compagnons affectueux et fid\u00e8les. S&#039;ils sont n\u00e9glig\u00e9s, vous risquez de vous retrouver avec un mordeur. Ce ne sont peut-\u00eatre pas les oiseaux les plus adapt\u00e9s aux enfants, car les perruches \u00e0 collier ont tendance \u00e0 \u00eatre sensibles au bruit, y compris aux frayeurs nocturnes (elles se d\u00e9battent dans la cage la nuit comme si elles \u00e9taient effray\u00e9es). <a href=\"https:\/\/timiesbirds.com\/product\/indian-ringneck-for-sale\/\">Perruche \u00e0 collier \u00e0 vendre<\/a> Ce ne sont pas des oiseaux timides et ils s&#039;\u00e9panouiront mieux avec un propri\u00e9taire qui appr\u00e9cie un compagnon extraverti qui n&#039;a pas peur d&#039;exiger ce qu&#039;il veut !<\/p>\n<h5>Manipulation\/Formation<\/h5>\n<p>La perruche \u00e0 collier indienne est intelligente\u00a0! En plus d&#039;apprendre \u00e0 parler, elle est r\u00e9put\u00e9e pour son talent \u00e0 apprendre des tours. Certaines ont appris \u00e0 enfiler des perles sur une corde, \u00e0 faire tournoyer des b\u00e2tons autour de leur t\u00eate, \u00e0 sonner une cloche et \u00e0 ramasser des objets.<\/p>\n<p><a href=\"https:\/\/timiesbirds.com\/product\/indian-ringneck-for-sale\/\">ACHETER DU RINGNECK INDIEN EN LIGNE<\/a><\/p>","protected":false},"excerpt":{"rendered":"<p>Nous vendons des perroquets \u00e0 collier m\u00e2les et femelles \u00e2g\u00e9s de 3 \u00e0 11 mois. Ils ont subi des tests ADN et un examen de sant\u00e9 complet, avec un certificat v\u00e9t\u00e9rinaire. Ils sont adorables et tr\u00e8s amicaux. Ils adorent \u00eatre pris dans les bras, caress\u00e9s et grimpent partout. \u00c9lev\u00e9s \u00e0 la main d\u00e8s leur plus jeune \u00e2ge, ils sont donc tr\u00e8s amicaux et dociles envers tout le monde, y compris les enfants.<\/p>\n<p>-Couleurs disponibles <em><span style=\"font-family: georgia, palatino, serif\"><strong>Vert, jaune, gris, blanc, voile et bleu\u00a0<\/strong><\/span><\/em> ( <span style=\"font-family: georgia, palatino, serif\"><em>(Notez votre pr\u00e9f\u00e9rence de couleur lors de votre commande)<\/em> <\/span><\/p>","protected":false},"featured_media":612,"comment_status":"closed","ping_status":"closed","template":"","meta":{"site-sidebar-layout":"","site-content-layout":"","ast-site-content-layout":"","site-content-style":"","site-sidebar-style":"","ast-global-header-display":"","ast-banner-title-visibility":"","ast-main-header-display":"","ast-hfb-above-header-display":"","ast-hfb-below-header-display":"","ast-hfb-mobile-header-display":"","site-post-title":"","ast-breadcrumbs-content":"","ast-featured-img":"","footer-sml-layout":"","theme-transparent-header-meta":"","adv-header-id-meta":"","stick-header-meta":"","header-above-stick-meta":"","header-main-stick-meta":"","header-below-stick-meta":"","astra-migrate-meta-layouts":"","ast-page-background-enabled":"default","ast-page-background-meta":{"desktop":{"background-color":"var(--ast-global-color-4)","background-image":"","background-repeat":"repeat","background-position":"center center","background-size":"auto","background-attachment":"scroll","background-type":"","background-media":"","overlay-type":"","overlay-color":"","overlay-opacity":"","overlay-gradient":""},"tablet":{"background-color":"","background-image":"","background-repeat":"repeat","background-position":"center center","background-size":"auto","background-attachment":"scroll","background-type":"","background-media":"","overlay-type":"","overlay-color":"","overlay-opacity":"","overlay-gradient":""},"mobile":{"background-color":"","background-image":"","background-repeat":"repeat","background-position":"center center","background-size":"auto","background-attachment":"scroll","background-type":"","background-media":"","overlay-type":"","overlay-color":"","overlay-opacity":"","overlay-gradient":""}},"ast-content-background-meta":{"desktop":{"background-color":"var(--ast-global-color-5)","background-image":"","background-repeat":"repeat","background-position":"center center","background-size":"auto","background-attachment":"scroll","background-type":"","background-media":"","overlay-type":"","overlay-color":"","overlay-opacity":"","overlay-gradient":""},"tablet":{"background-color":"var(--ast-global-color-5)","background-image":"","background-repeat":"repeat","background-position":"center center","background-size":"auto","background-attachment":"scroll","background-type":"","background-media":"","overlay-type":"","overlay-color":"","overlay-opacity":"","overlay-gradient":""},"mobile":{"background-color":"var(--ast-global-color-5)","background-image":"","background-repeat":"repeat","background-position":"center center","background-size":"auto","background-attachment":"scroll","background-type":"","background-media":"","overlay-type":"","overlay-color":"","overlay-opacity":"","overlay-gradient":""}}},"product_brand":[],"product_cat":[2301],"product_tag":[129,130,131,132,133,134,135,136,137,138,139,140,141,142,143,144,145,146,147,148,149,150,151,152,153,154],"class_list":{"0":"post-574","1":"product","2":"type-product","3":"status-publish","4":"has-post-thumbnail","6":"product_cat-indian-ring-neck-2","7":"product_tag-can-indian-ringnecks-eat-eggs","8":"product_tag-how-long-for-indian-ringneck-eggs-to-hatch","9":"product_tag-how-to-tell-if-indian-ringneck-eggs-are-fertile","10":"product_tag-indian-ringneck-for-sale","11":"product_tag-indian-ringneck-for-sale-adoption-near-me","12":"product_tag-indian-ringneck-for-sale-arizona","13":"product_tag-indian-ringneck-for-sale-az","14":"product_tag-indian-ringneck-for-sale-bay-area","15":"product_tag-indian-ringneck-for-sale-cheap","16":"product_tag-indian-ringneck-for-sale-chicago","17":"product_tag-indian-ringneck-for-sale-craigslist","18":"product_tag-indian-ringneck-for-sale-dallas","19":"product_tag-indian-ringneck-for-sale-florida","20":"product_tag-indian-ringneck-for-sale-ga","21":"product_tag-indian-ringneck-for-sale-hawaii","22":"product_tag-indian-ringneck-for-sale-indiana","23":"product_tag-indian-ringneck-for-sale-miami","24":"product_tag-indian-ringneck-for-sale-michigan","25":"product_tag-indian-ringneck-for-sale-mn","26":"product_tag-indian-ringneck-for-sale-nc","27":"product_tag-indian-ringneck-for-sale-ohio","28":"product_tag-indian-ringneck-for-sale-tampa","29":"product_tag-indian-ringneck-for-sale-texas","30":"product_tag-indian-ringneck-parrot-for-sale-in-malaysia","31":"product_tag-indian-ringneck-parrot-for-sale-in-uae","32":"product_tag-indian-ringneck-parrot-for-sale-uk","33":"desktop-align-left","34":"tablet-align-left","35":"mobile-align-left","36":"ast-product-gallery-layout-horizontal-slider","37":"ast-product-tabs-layout-horizontal","38":"ast-qv-on-image","40":"first","41":"instock","42":"shipping-taxable","43":"product-type-simple"},"yoast_head":"<!-- This site is optimized with the Yoast SEO Premium plugin v23.2 (Yoast SEO v26.8) - https:\/\/yoast.com\/product\/yoast-seo-premium-wordpress\/ -->\n<title>Indian Ringneck for Sale | Tropical Wings Birds<\/title>\n<meta name=\"description\" content=\"Buy a indian ringneck from a trusted breeder. Hand-fed, health-certified, closed-leg-ringed with full documentation. Worldwide shipping available.\" \/>\n<meta name=\"robots\" content=\"index, follow, max-snippet:-1, max-image-preview:large, max-video-preview:-1\" \/>\n<link rel=\"canonical\" href=\"https:\/\/tropicalwingsbirds.shop\/fr_fr\/boutique\/collier-indien-a-vendre\/\" \/>\n<meta property=\"og:locale\" content=\"fr_FR\" \/>\n<meta property=\"og:type\" content=\"article\" \/>\n<meta property=\"og:title\" content=\"Indian Ringneck for sale\" \/>\n<meta property=\"og:description\" content=\"Buy a indian ringneck from a trusted breeder. Hand-fed, health-certified, closed-leg-ringed with full documentation. Worldwide shipping available.\" \/>\n<meta property=\"og:url\" content=\"https:\/\/tropicalwingsbirds.shop\/fr_fr\/boutique\/collier-indien-a-vendre\/\" \/>\n<meta property=\"og:site_name\" content=\"Tropical Wings Birds\" \/>\n<meta property=\"article:publisher\" content=\"https:\/\/web.facebook.com\/profile.php?id=61551502767851&amp;mibextid=2JQ9oc&amp;_rdc=1&amp;_rdr\" \/>\n<meta property=\"article:modified_time\" content=\"2026-04-17T22:03:32+00:00\" \/>\n<meta property=\"og:image\" content=\"https:\/\/tropicalwingsbirds.shop\/wp-content\/uploads\/2023\/12\/WhatsApp-Image-2021-09-17-at-13.34.44.jpeg\" \/>\n\t<meta property=\"og:image:width\" content=\"1024\" \/>\n\t<meta property=\"og:image:height\" content=\"1024\" \/>\n\t<meta property=\"og:image:type\" content=\"image\/jpeg\" \/>\n<meta name=\"twitter:card\" content=\"summary_large_image\" \/>\n<meta name=\"twitter:label1\" content=\"Prix\" \/>\n\t<meta name=\"twitter:data1\" content=\"\" \/>\n\t<meta name=\"twitter:label2\" content=\"Disponibilit\u00e9\" \/>\n\t<meta name=\"twitter:data2\" content=\"En stock\" \/>\n<script type=\"application\/ld+json\" class=\"yoast-schema-graph\">{\"@context\":\"https:\/\/schema.org\",\"@graph\":[{\"@type\":\"WebPage\",\"@id\":\"https:\/\/tropicalwingsbirds.shop\/shop\/indian-ringneck-for-sale\/\",\"url\":\"https:\/\/tropicalwingsbirds.shop\/shop\/indian-ringneck-for-sale\/\",\"name\":\"Indian Ringneck for Sale | Tropical Wings Birds\",\"isPartOf\":{\"@id\":\"https:\/\/tropicalwingsbirds.shop\/#website\"},\"primaryImageOfPage\":{\"@id\":\"https:\/\/tropicalwingsbirds.shop\/shop\/indian-ringneck-for-sale\/#primaryimage\"},\"image\":{\"@id\":\"https:\/\/tropicalwingsbirds.shop\/shop\/indian-ringneck-for-sale\/#primaryimage\"},\"thumbnailUrl\":\"https:\/\/tropicalwingsbirds.shop\/wp-content\/uploads\/2023\/12\/WhatsApp-Image-2021-09-17-at-13.34.44.jpeg\",\"datePublished\":\"2023-12-03T14:05:58+00:00\",\"dateModified\":\"2026-04-17T22:03:32+00:00\",\"description\":\"Buy a indian ringneck from a trusted breeder. Hand-fed, health-certified, closed-leg-ringed with full documentation. Worldwide shipping available.\",\"breadcrumb\":{\"@id\":\"https:\/\/tropicalwingsbirds.shop\/shop\/indian-ringneck-for-sale\/#breadcrumb\"},\"inLanguage\":\"fr-FR\",\"potentialAction\":[{\"@type\":\"ReadAction\",\"target\":[\"https:\/\/tropicalwingsbirds.shop\/shop\/indian-ringneck-for-sale\/\"]}]},{\"@type\":\"ImageObject\",\"inLanguage\":\"fr-FR\",\"@id\":\"https:\/\/tropicalwingsbirds.shop\/shop\/indian-ringneck-for-sale\/#primaryimage\",\"url\":\"https:\/\/tropicalwingsbirds.shop\/wp-content\/uploads\/2023\/12\/WhatsApp-Image-2021-09-17-at-13.34.44.jpeg\",\"contentUrl\":\"https:\/\/tropicalwingsbirds.shop\/wp-content\/uploads\/2023\/12\/WhatsApp-Image-2021-09-17-at-13.34.44.jpeg\",\"width\":1024,\"height\":1024},{\"@type\":\"BreadcrumbList\",\"@id\":\"https:\/\/tropicalwingsbirds.shop\/shop\/indian-ringneck-for-sale\/#breadcrumb\",\"itemListElement\":[{\"@type\":\"ListItem\",\"position\":1,\"name\":\"Home\",\"item\":\"https:\/\/tropicalwingsbirds.shop\/\"},{\"@type\":\"ListItem\",\"position\":2,\"name\":\"Shop\",\"item\":\"https:\/\/tropicalwingsbirds.shop\/shop\/\"},{\"@type\":\"ListItem\",\"position\":3,\"name\":\"Indian Ringneck for sale\"}]},{\"@type\":\"WebSite\",\"@id\":\"https:\/\/tropicalwingsbirds.shop\/#website\",\"url\":\"https:\/\/tropicalwingsbirds.shop\/\",\"name\":\"Tropical Wings Birds\",\"description\":\"Best Exotic birds breeders online\",\"publisher\":{\"@id\":\"https:\/\/tropicalwingsbirds.shop\/#organization\"},\"potentialAction\":[{\"@type\":\"SearchAction\",\"target\":{\"@type\":\"EntryPoint\",\"urlTemplate\":\"https:\/\/tropicalwingsbirds.shop\/?s={search_term_string}\"},\"query-input\":{\"@type\":\"PropertyValueSpecification\",\"valueRequired\":true,\"valueName\":\"search_term_string\"}}],\"inLanguage\":\"fr-FR\"},{\"@type\":[\"Organization\",\"Place\",\"PetStore\"],\"@id\":\"https:\/\/tropicalwingsbirds.shop\/#organization\",\"name\":\"Tropical Wings Birds Shop\",\"alternateName\":\"TPWB\",\"url\":\"https:\/\/tropicalwingsbirds.shop\/\",\"logo\":{\"@id\":\"https:\/\/tropicalwingsbirds.shop\/shop\/indian-ringneck-for-sale\/#local-main-organization-logo\"},\"image\":{\"@id\":\"https:\/\/tropicalwingsbirds.shop\/shop\/indian-ringneck-for-sale\/#local-main-organization-logo\"},\"sameAs\":[\"https:\/\/web.facebook.com\/profile.php?id=61551502767851&mibextid=2JQ9oc&_rdc=1&_rdr\"],\"description\":\"Tropical Wings Birds is your destination for exotic avian companionship. Our boutique aviary in United States offers a curated selection of vibrant tropical birds sourced from reputable breeders worldwide. With a focus on welfare and expertise, our dedicated team is here to guide you on your journey to finding the perfect feathered friend. Visit us today and experience the magic of avian companionship at Tropical Wings Birds.\",\"legalName\":\"Tropical Wings Birds\",\"foundingDate\":\"2019-02-14\",\"numberOfEmployees\":{\"@type\":\"QuantitativeValue\",\"minValue\":\"1\",\"maxValue\":\"10\"},\"address\":{\"@id\":\"https:\/\/tropicalwingsbirds.shop\/shop\/indian-ringneck-for-sale\/#local-main-place-address\"},\"geo\":{\"@type\":\"GeoCoordinates\",\"latitude\":\"40.5976725\",\"longitude\":\"-122.3716346\"},\"telephone\":[\"+1 707-733-4623\",\"+1 707-733-4623\"],\"contactPoint\":{\"@type\":\"ContactPoint\",\"telephone\":\"+1 707-733-4623\",\"email\":\"sales@tropicalwingsbirds.shop\"},\"openingHoursSpecification\":{\"@type\":\"OpeningHoursSpecification\",\"dayOfWeek\":[\"Monday\",\"Tuesday\",\"Wednesday\",\"Thursday\",\"Friday\",\"Saturday\",\"Sunday\"],\"opens\":\"00:00\",\"closes\":\"23:59\"},\"email\":\"sales@tropicalwingsbirds.shop\",\"faxNumber\":\"+1 707-733-4623\",\"areaServed\":\"United states, Porto Rico, Canada, Australia\",\"priceRange\":\"$\",\"currenciesAccepted\":\"USD, CAD, AUD,\",\"paymentAccepted\":\"Zelle, Paypal, Bitcoin, Apple pay, Credit cards, Bank transfers\"},{\"@type\":\"PostalAddress\",\"@id\":\"https:\/\/tropicalwingsbirds.shop\/shop\/indian-ringneck-for-sale\/#local-main-place-address\",\"streetAddress\":\"500 Hilltop Dr,\",\"addressLocality\":\"Redding\",\"postalCode\":\"96003\",\"addressRegion\":\"California\",\"addressCountry\":\"US\"},{\"@type\":\"ImageObject\",\"inLanguage\":\"fr-FR\",\"@id\":\"https:\/\/tropicalwingsbirds.shop\/shop\/indian-ringneck-for-sale\/#local-main-organization-logo\",\"url\":\"https:\/\/tropicalwingsbirds.shop\/wp-content\/uploads\/2024\/01\/tropical-wings-1.webp\",\"contentUrl\":\"https:\/\/tropicalwingsbirds.shop\/wp-content\/uploads\/2024\/01\/tropical-wings-1.webp\",\"width\":500,\"height\":500,\"caption\":\"Tropical Wings Birds Shop\"}]}<\/script>\n<meta property=\"product:price:currency\" content=\"USD\" \/>\n<meta property=\"og:availability\" content=\"instock\" \/>\n<meta property=\"product:availability\" content=\"instock\" \/>\n<meta property=\"product:condition\" content=\"new\" \/>\n<meta name=\"geo.placename\" content=\"Redding\" \/>\n<meta name=\"geo.position\" content=\"40.5976725;-122.3716346\" \/>\n<meta name=\"geo.region\" content=\"\u00c9tats-Unis d\u2019Am\u00e9rique\" \/>\n<!-- \/ Yoast SEO Premium plugin. -->","yoast_head_json":{"title":"Indian Ringneck for Sale | Tropical Wings Birds","description":"Buy a indian ringneck from a trusted breeder. Hand-fed, health-certified, closed-leg-ringed with full documentation. Worldwide shipping available.","robots":{"index":"index","follow":"follow","max-snippet":"max-snippet:-1","max-image-preview":"max-image-preview:large","max-video-preview":"max-video-preview:-1"},"canonical":"https:\/\/tropicalwingsbirds.shop\/fr_fr\/boutique\/collier-indien-a-vendre\/","og_locale":"fr_FR","og_type":"article","og_title":"Indian Ringneck for sale","og_description":"Buy a indian ringneck from a trusted breeder. Hand-fed, health-certified, closed-leg-ringed with full documentation. Worldwide shipping available.","og_url":"https:\/\/tropicalwingsbirds.shop\/fr_fr\/boutique\/collier-indien-a-vendre\/","og_site_name":"Tropical Wings Birds","article_publisher":"https:\/\/web.facebook.com\/profile.php?id=61551502767851&mibextid=2JQ9oc&_rdc=1&_rdr","article_modified_time":"2026-04-17T22:03:32+00:00","og_image":[{"width":1024,"height":1024,"url":"https:\/\/tropicalwingsbirds.shop\/wp-content\/uploads\/2023\/12\/WhatsApp-Image-2021-09-17-at-13.34.44.jpeg","type":"image\/jpeg"}],"twitter_card":"summary_large_image","twitter_misc":{"Prix":"","Disponibilit\u00e9":"En stock"},"schema":{"@context":"https:\/\/schema.org","@graph":[{"@type":"WebPage","@id":"https:\/\/tropicalwingsbirds.shop\/shop\/indian-ringneck-for-sale\/","url":"https:\/\/tropicalwingsbirds.shop\/shop\/indian-ringneck-for-sale\/","name":"Indian Ringneck for Sale | Tropical Wings Birds","isPartOf":{"@id":"https:\/\/tropicalwingsbirds.shop\/#website"},"primaryImageOfPage":{"@id":"https:\/\/tropicalwingsbirds.shop\/shop\/indian-ringneck-for-sale\/#primaryimage"},"image":{"@id":"https:\/\/tropicalwingsbirds.shop\/shop\/indian-ringneck-for-sale\/#primaryimage"},"thumbnailUrl":"https:\/\/tropicalwingsbirds.shop\/wp-content\/uploads\/2023\/12\/WhatsApp-Image-2021-09-17-at-13.34.44.jpeg","datePublished":"2023-12-03T14:05:58+00:00","dateModified":"2026-04-17T22:03:32+00:00","description":"Buy a indian ringneck from a trusted breeder. Hand-fed, health-certified, closed-leg-ringed with full documentation. Worldwide shipping available.","breadcrumb":{"@id":"https:\/\/tropicalwingsbirds.shop\/shop\/indian-ringneck-for-sale\/#breadcrumb"},"inLanguage":"fr-FR","potentialAction":[{"@type":"ReadAction","target":["https:\/\/tropicalwingsbirds.shop\/shop\/indian-ringneck-for-sale\/"]}]},{"@type":"ImageObject","inLanguage":"fr-FR","@id":"https:\/\/tropicalwingsbirds.shop\/shop\/indian-ringneck-for-sale\/#primaryimage","url":"https:\/\/tropicalwingsbirds.shop\/wp-content\/uploads\/2023\/12\/WhatsApp-Image-2021-09-17-at-13.34.44.jpeg","contentUrl":"https:\/\/tropicalwingsbirds.shop\/wp-content\/uploads\/2023\/12\/WhatsApp-Image-2021-09-17-at-13.34.44.jpeg","width":1024,"height":1024},{"@type":"BreadcrumbList","@id":"https:\/\/tropicalwingsbirds.shop\/shop\/indian-ringneck-for-sale\/#breadcrumb","itemListElement":[{"@type":"ListItem","position":1,"name":"Home","item":"https:\/\/tropicalwingsbirds.shop\/"},{"@type":"ListItem","position":2,"name":"Shop","item":"https:\/\/tropicalwingsbirds.shop\/shop\/"},{"@type":"ListItem","position":3,"name":"Indian Ringneck for sale"}]},{"@type":"WebSite","@id":"https:\/\/tropicalwingsbirds.shop\/#website","url":"https:\/\/tropicalwingsbirds.shop\/","name":"Oiseaux aux ailes tropicales","description":"Meilleurs \u00e9leveurs d&#039;oiseaux exotiques en ligne","publisher":{"@id":"https:\/\/tropicalwingsbirds.shop\/#organization"},"potentialAction":[{"@type":"SearchAction","target":{"@type":"EntryPoint","urlTemplate":"https:\/\/tropicalwingsbirds.shop\/?s={search_term_string}"},"query-input":{"@type":"PropertyValueSpecification","valueRequired":true,"valueName":"search_term_string"}}],"inLanguage":"fr-FR"},{"@type":["Organization","Place","PetStore"],"@id":"https:\/\/tropicalwingsbirds.shop\/#organization","name":"Tropical Wings Birds Shop","alternateName":"TPWB","url":"https:\/\/tropicalwingsbirds.shop\/","logo":{"@id":"https:\/\/tropicalwingsbirds.shop\/shop\/indian-ringneck-for-sale\/#local-main-organization-logo"},"image":{"@id":"https:\/\/tropicalwingsbirds.shop\/shop\/indian-ringneck-for-sale\/#local-main-organization-logo"},"sameAs":["https:\/\/web.facebook.com\/profile.php?id=61551502767851&mibextid=2JQ9oc&_rdc=1&_rdr"],"description":"Tropical Wings Birds est votre destination pour des oiseaux exotiques. Notre voli\u00e8re-boutique aux \u00c9tats-Unis propose une s\u00e9lection soign\u00e9e d&#039;oiseaux tropicaux aux couleurs vives, issus d&#039;\u00e9leveurs r\u00e9put\u00e9s du monde entier. Ax\u00e9e sur le bien-\u00eatre et l&#039;expertise, notre \u00e9quipe d\u00e9vou\u00e9e est l\u00e0 pour vous guider dans votre recherche de l&#039;ami \u00e0 plumes id\u00e9al. Rendez-nous visite d\u00e8s aujourd&#039;hui et d\u00e9couvrez la magie de la compagnie des oiseaux chez Tropical Wings Birds.","legalName":"Tropical Wings Birds","foundingDate":"2019-02-14","numberOfEmployees":{"@type":"QuantitativeValue","minValue":"1","maxValue":"10"},"address":{"@id":"https:\/\/tropicalwingsbirds.shop\/shop\/indian-ringneck-for-sale\/#local-main-place-address"},"geo":{"@type":"GeoCoordinates","latitude":"40.5976725","longitude":"-122.3716346"},"telephone":["+1 707-733-4623","+1 707-733-4623"],"contactPoint":{"@type":"ContactPoint","telephone":"+1 707-733-4623","email":"sales@tropicalwingsbirds.shop"},"openingHoursSpecification":{"@type":"OpeningHoursSpecification","dayOfWeek":["Monday","Tuesday","Wednesday","Thursday","Friday","Saturday","Sunday"],"opens":"00:00","closes":"23:59"},"email":"sales@tropicalwingsbirds.shop","faxNumber":"+1 707-733-4623","areaServed":"United states, Porto Rico, Canada, Australia","priceRange":"$","currenciesAccepted":"USD, CAD, AUD,","paymentAccepted":"Zelle, Paypal, Bitcoin, Apple pay, Credit cards, Bank transfers"},{"@type":"PostalAddress","@id":"https:\/\/tropicalwingsbirds.shop\/shop\/indian-ringneck-for-sale\/#local-main-place-address","streetAddress":"500 Hilltop Dr,","addressLocality":"Redding","postalCode":"96003","addressRegion":"California","addressCountry":"US"},{"@type":"ImageObject","inLanguage":"fr-FR","@id":"https:\/\/tropicalwingsbirds.shop\/shop\/indian-ringneck-for-sale\/#local-main-organization-logo","url":"https:\/\/tropicalwingsbirds.shop\/wp-content\/uploads\/2024\/01\/tropical-wings-1.webp","contentUrl":"https:\/\/tropicalwingsbirds.shop\/wp-content\/uploads\/2024\/01\/tropical-wings-1.webp","width":500,"height":500,"caption":"Tropical Wings Birds Shop"}]},"product_price_currency":"USD","og_availability":"instock","product_availability":"instock","product_condition":"new","geo.placename":"Redding","geo.position":{"lat":"40.5976725","long":"-122.3716346"},"geo.region":"\u00c9tats-Unis d\u2019Am\u00e9rique"},"jetpack_sharing_enabled":true,"_links":{"self":[{"href":"https:\/\/tropicalwingsbirds.shop\/fr_fr\/wp-json\/wp\/v2\/product\/574","targetHints":{"allow":["GET"]}}],"collection":[{"href":"https:\/\/tropicalwingsbirds.shop\/fr_fr\/wp-json\/wp\/v2\/product"}],"about":[{"href":"https:\/\/tropicalwingsbirds.shop\/fr_fr\/wp-json\/wp\/v2\/types\/product"}],"replies":[{"embeddable":true,"href":"https:\/\/tropicalwingsbirds.shop\/fr_fr\/wp-json\/wp\/v2\/comments?post=574"}],"wp:featuredmedia":[{"embeddable":true,"href":"https:\/\/tropicalwingsbirds.shop\/fr_fr\/wp-json\/wp\/v2\/media\/612"}],"wp:attachment":[{"href":"https:\/\/tropicalwingsbirds.shop\/fr_fr\/wp-json\/wp\/v2\/media?parent=574"}],"wp:term":[{"taxonomy":"product_brand","embeddable":true,"href":"https:\/\/tropicalwingsbirds.shop\/fr_fr\/wp-json\/wp\/v2\/product_brand?post=574"},{"taxonomy":"product_cat","embeddable":true,"href":"https:\/\/tropicalwingsbirds.shop\/fr_fr\/wp-json\/wp\/v2\/product_cat?post=574"},{"taxonomy":"product_tag","embeddable":true,"href":"https:\/\/tropicalwingsbirds.shop\/fr_fr\/wp-json\/wp\/v2\/product_tag?post=574"}],"curies":[{"name":"wp","href":"https:\/\/api.w.org\/{rel}","templated":true}]}}