{"id":595,"date":"2023-12-03T14:06:00","date_gmt":"2023-12-03T14:06:00","guid":{"rendered":"https:\/\/tropicalwingsbirds.shop\/?post_type=product&#038;p=595"},"modified":"2026-04-17T22:03:34","modified_gmt":"2026-04-17T22:03:34","slug":"acheter-des-oeufs-dara-hyacinthe","status":"publish","type":"product","link":"https:\/\/tropicalwingsbirds.shop\/fr_fr\/boutique\/acheter-des-oeufs-dara-hyacinthe\/","title":{"rendered":"acheter des \u0153ufs d&#039;ara hyacinthe"},"content":{"rendered":"<p>\u0152ufs d&#039;ara hyacinthe \u00e0 vendre. Nous sommes sp\u00e9cialis\u00e9s dans l&#039;\u00e9levage d&#039;oiseaux et de perroquets et vendons des \u0153ufs de toutes esp\u00e8ces de perroquets, \u00e9clos \u00e0 la bougie, tr\u00e8s fertiles. Tous nos \u0153ufs sont collect\u00e9s dans notre voli\u00e8re sur des oiseaux en tr\u00e8s bonne sant\u00e9. Ils sont test\u00e9s \u00e0 la bougie et certifi\u00e9s 100%, ce qui garantit leur fertilit\u00e9 et leur capacit\u00e9 \u00e0 \u00e9clore des poussins en bonne sant\u00e9. Nous acceptons d\u00e9sormais les commandes de ceux qui souhaitent \u00e9lever leurs propres oisillons d\u00e8s le stade de l&#039;\u0153uf. C&#039;est un plaisir de faire \u00e9clore vos propres poussins et nous vous accompagnerons dans la r\u00e9ussite de votre incubation.<\/p>\n<p><a href=\"https:\/\/botanbirdsfarm.com\/\">Perroquets Ara hyacinthe \u00e0 vendre\u00a0<\/a><\/p>","protected":false},"excerpt":{"rendered":"<p>Vente d&#039;\u0153ufs d&#039;aras hyacinthes. Sp\u00e9cialis\u00e9s dans l&#039;\u00e9levage d&#039;oiseaux et de perroquets, nous vendons des \u0153ufs de toutes esp\u00e8ces de perroquets, tr\u00e8s fertiles et \u00e9clair\u00e9s \u00e0 la bougie. Tous nos \u0153ufs sont collect\u00e9s dans notre voli\u00e8re sur des oiseaux en tr\u00e8s bonne sant\u00e9. Ils sont test\u00e9s \u00e0 la bougie et certifi\u00e9s 100%, ce qui garantit leur fertilit\u00e9 et leur \u00e9closion.<\/p>\n<p>COMMANDE MINIMUM 5 \u0152UFS<\/p>","protected":false},"featured_media":682,"comment_status":"closed","ping_status":"closed","template":"","meta":{"site-sidebar-layout":"","site-content-layout":"","ast-site-content-layout":"","site-content-style":"","site-sidebar-style":"","ast-global-header-display":"","ast-banner-title-visibility":"","ast-main-header-display":"","ast-hfb-above-header-display":"","ast-hfb-below-header-display":"","ast-hfb-mobile-header-display":"","site-post-title":"","ast-breadcrumbs-content":"","ast-featured-img":"","footer-sml-layout":"","theme-transparent-header-meta":"","adv-header-id-meta":"","stick-header-meta":"","header-above-stick-meta":"","header-main-stick-meta":"","header-below-stick-meta":"","astra-migrate-meta-layouts":"","ast-page-background-enabled":"default","ast-page-background-meta":{"desktop":{"background-color":"var(--ast-global-color-4)","background-image":"","background-repeat":"repeat","background-position":"center center","background-size":"auto","background-attachment":"scroll","background-type":"","background-media":"","overlay-type":"","overlay-color":"","overlay-opacity":"","overlay-gradient":""},"tablet":{"background-color":"","background-image":"","background-repeat":"repeat","background-position":"center center","background-size":"auto","background-attachment":"scroll","background-type":"","background-media":"","overlay-type":"","overlay-color":"","overlay-opacity":"","overlay-gradient":""},"mobile":{"background-color":"","background-image":"","background-repeat":"repeat","background-position":"center center","background-size":"auto","background-attachment":"scroll","background-type":"","background-media":"","overlay-type":"","overlay-color":"","overlay-opacity":"","overlay-gradient":""}},"ast-content-background-meta":{"desktop":{"background-color":"var(--ast-global-color-5)","background-image":"","background-repeat":"repeat","background-position":"center center","background-size":"auto","background-attachment":"scroll","background-type":"","background-media":"","overlay-type":"","overlay-color":"","overlay-opacity":"","overlay-gradient":""},"tablet":{"background-color":"var(--ast-global-color-5)","background-image":"","background-repeat":"repeat","background-position":"center center","background-size":"auto","background-attachment":"scroll","background-type":"","background-media":"","overlay-type":"","overlay-color":"","overlay-opacity":"","overlay-gradient":""},"mobile":{"background-color":"var(--ast-global-color-5)","background-image":"","background-repeat":"repeat","background-position":"center center","background-size":"auto","background-attachment":"scroll","background-type":"","background-media":"","overlay-type":"","overlay-color":"","overlay-opacity":"","overlay-gradient":""}}},"product_brand":[],"product_cat":[2303],"product_tag":[],"class_list":{"0":"post-595","1":"product","2":"type-product","3":"status-publish","4":"has-post-thumbnail","6":"product_cat-parrot-eggs-2","7":"desktop-align-left","8":"tablet-align-left","9":"mobile-align-left","10":"ast-product-gallery-layout-horizontal-slider","11":"ast-product-gallery-with-no-image","12":"ast-product-tabs-layout-horizontal","13":"ast-qv-on-image","15":"first","16":"instock","17":"shipping-taxable","18":"product-type-simple"},"yoast_head":"<!-- This site is optimized with the Yoast SEO Premium plugin v23.2 (Yoast SEO v26.8) - https:\/\/yoast.com\/product\/yoast-seo-premium-wordpress\/ -->\n<title>hyacinth macaw eggs for Sale | Tropical Wings Birds<\/title>\n<meta name=\"description\" content=\"Buy hyacinth macaw eggs online \u2014 candled, fertile eggs from proven breeding pairs with full documentation. Worldwide shipping to compliant destinations.\" \/>\n<meta name=\"robots\" content=\"index, follow, max-snippet:-1, max-image-preview:large, max-video-preview:-1\" \/>\n<link rel=\"canonical\" href=\"https:\/\/tropicalwingsbirds.shop\/fr_fr\/boutique\/acheter-des-oeufs-dara-hyacinthe\/\" \/>\n<meta property=\"og:locale\" content=\"fr_FR\" \/>\n<meta property=\"og:type\" content=\"article\" \/>\n<meta property=\"og:title\" content=\"buy hyacinth macaw eggs\" \/>\n<meta property=\"og:description\" content=\"Buy hyacinth macaw eggs online \u2014 candled, fertile eggs from proven breeding pairs with full documentation. Worldwide shipping to compliant destinations.\" \/>\n<meta property=\"og:url\" content=\"https:\/\/tropicalwingsbirds.shop\/fr_fr\/boutique\/acheter-des-oeufs-dara-hyacinthe\/\" \/>\n<meta property=\"og:site_name\" content=\"Tropical Wings Birds\" \/>\n<meta property=\"article:publisher\" content=\"https:\/\/web.facebook.com\/profile.php?id=61551502767851&amp;mibextid=2JQ9oc&amp;_rdc=1&amp;_rdr\" \/>\n<meta property=\"article:modified_time\" content=\"2026-04-17T22:03:34+00:00\" \/>\n<meta property=\"og:image\" content=\"https:\/\/tropicalwingsbirds.shop\/wp-content\/uploads\/2023\/12\/Hyacinth-macaw-Eggs-1.jpg\" \/>\n\t<meta property=\"og:image:width\" content=\"300\" \/>\n\t<meta property=\"og:image:height\" content=\"271\" \/>\n\t<meta property=\"og:image:type\" content=\"image\/jpeg\" \/>\n<meta name=\"twitter:card\" content=\"summary_large_image\" \/>\n<meta name=\"twitter:label1\" content=\"Prix\" \/>\n\t<meta name=\"twitter:data1\" content=\"\" \/>\n\t<meta name=\"twitter:label2\" content=\"Disponibilit\u00e9\" \/>\n\t<meta name=\"twitter:data2\" content=\"En stock\" \/>\n<script type=\"application\/ld+json\" class=\"yoast-schema-graph\">{\"@context\":\"https:\/\/schema.org\",\"@graph\":[{\"@type\":\"WebPage\",\"@id\":\"https:\/\/tropicalwingsbirds.shop\/shop\/buy-hyacinth-macaw-eggs\/\",\"url\":\"https:\/\/tropicalwingsbirds.shop\/shop\/buy-hyacinth-macaw-eggs\/\",\"name\":\"hyacinth macaw eggs for Sale | Tropical Wings Birds\",\"isPartOf\":{\"@id\":\"https:\/\/tropicalwingsbirds.shop\/#website\"},\"primaryImageOfPage\":{\"@id\":\"https:\/\/tropicalwingsbirds.shop\/shop\/buy-hyacinth-macaw-eggs\/#primaryimage\"},\"image\":{\"@id\":\"https:\/\/tropicalwingsbirds.shop\/shop\/buy-hyacinth-macaw-eggs\/#primaryimage\"},\"thumbnailUrl\":\"https:\/\/tropicalwingsbirds.shop\/wp-content\/uploads\/2023\/12\/Hyacinth-macaw-Eggs-1.jpg\",\"datePublished\":\"2023-12-03T14:06:00+00:00\",\"dateModified\":\"2026-04-17T22:03:34+00:00\",\"description\":\"Buy hyacinth macaw eggs online \u2014 candled, fertile eggs from proven breeding pairs with full documentation. Worldwide shipping to compliant destinations.\",\"breadcrumb\":{\"@id\":\"https:\/\/tropicalwingsbirds.shop\/shop\/buy-hyacinth-macaw-eggs\/#breadcrumb\"},\"inLanguage\":\"fr-FR\",\"potentialAction\":[{\"@type\":\"ReadAction\",\"target\":[\"https:\/\/tropicalwingsbirds.shop\/shop\/buy-hyacinth-macaw-eggs\/\"]}]},{\"@type\":\"ImageObject\",\"inLanguage\":\"fr-FR\",\"@id\":\"https:\/\/tropicalwingsbirds.shop\/shop\/buy-hyacinth-macaw-eggs\/#primaryimage\",\"url\":\"https:\/\/tropicalwingsbirds.shop\/wp-content\/uploads\/2023\/12\/Hyacinth-macaw-Eggs-1.jpg\",\"contentUrl\":\"https:\/\/tropicalwingsbirds.shop\/wp-content\/uploads\/2023\/12\/Hyacinth-macaw-Eggs-1.jpg\",\"width\":300,\"height\":271},{\"@type\":\"BreadcrumbList\",\"@id\":\"https:\/\/tropicalwingsbirds.shop\/shop\/buy-hyacinth-macaw-eggs\/#breadcrumb\",\"itemListElement\":[{\"@type\":\"ListItem\",\"position\":1,\"name\":\"Home\",\"item\":\"https:\/\/tropicalwingsbirds.shop\/\"},{\"@type\":\"ListItem\",\"position\":2,\"name\":\"Shop\",\"item\":\"https:\/\/tropicalwingsbirds.shop\/shop\/\"},{\"@type\":\"ListItem\",\"position\":3,\"name\":\"buy hyacinth macaw eggs\"}]},{\"@type\":\"WebSite\",\"@id\":\"https:\/\/tropicalwingsbirds.shop\/#website\",\"url\":\"https:\/\/tropicalwingsbirds.shop\/\",\"name\":\"Tropical Wings Birds\",\"description\":\"Best Exotic birds breeders online\",\"publisher\":{\"@id\":\"https:\/\/tropicalwingsbirds.shop\/#organization\"},\"potentialAction\":[{\"@type\":\"SearchAction\",\"target\":{\"@type\":\"EntryPoint\",\"urlTemplate\":\"https:\/\/tropicalwingsbirds.shop\/?s={search_term_string}\"},\"query-input\":{\"@type\":\"PropertyValueSpecification\",\"valueRequired\":true,\"valueName\":\"search_term_string\"}}],\"inLanguage\":\"fr-FR\"},{\"@type\":[\"Organization\",\"Place\",\"PetStore\"],\"@id\":\"https:\/\/tropicalwingsbirds.shop\/#organization\",\"name\":\"Tropical Wings Birds Shop\",\"alternateName\":\"TPWB\",\"url\":\"https:\/\/tropicalwingsbirds.shop\/\",\"logo\":{\"@id\":\"https:\/\/tropicalwingsbirds.shop\/shop\/buy-hyacinth-macaw-eggs\/#local-main-organization-logo\"},\"image\":{\"@id\":\"https:\/\/tropicalwingsbirds.shop\/shop\/buy-hyacinth-macaw-eggs\/#local-main-organization-logo\"},\"sameAs\":[\"https:\/\/web.facebook.com\/profile.php?id=61551502767851&mibextid=2JQ9oc&_rdc=1&_rdr\"],\"description\":\"Tropical Wings Birds is your destination for exotic avian companionship. Our boutique aviary in United States offers a curated selection of vibrant tropical birds sourced from reputable breeders worldwide. With a focus on welfare and expertise, our dedicated team is here to guide you on your journey to finding the perfect feathered friend. Visit us today and experience the magic of avian companionship at Tropical Wings Birds.\",\"legalName\":\"Tropical Wings Birds\",\"foundingDate\":\"2019-02-14\",\"numberOfEmployees\":{\"@type\":\"QuantitativeValue\",\"minValue\":\"1\",\"maxValue\":\"10\"},\"address\":{\"@id\":\"https:\/\/tropicalwingsbirds.shop\/shop\/buy-hyacinth-macaw-eggs\/#local-main-place-address\"},\"geo\":{\"@type\":\"GeoCoordinates\",\"latitude\":\"40.5976725\",\"longitude\":\"-122.3716346\"},\"telephone\":[\"+1 707-733-4623\",\"+1 707-733-4623\"],\"contactPoint\":{\"@type\":\"ContactPoint\",\"telephone\":\"+1 707-733-4623\",\"email\":\"sales@tropicalwingsbirds.shop\"},\"openingHoursSpecification\":{\"@type\":\"OpeningHoursSpecification\",\"dayOfWeek\":[\"Monday\",\"Tuesday\",\"Wednesday\",\"Thursday\",\"Friday\",\"Saturday\",\"Sunday\"],\"opens\":\"00:00\",\"closes\":\"23:59\"},\"email\":\"sales@tropicalwingsbirds.shop\",\"faxNumber\":\"+1 707-733-4623\",\"areaServed\":\"United states, Porto Rico, Canada, Australia\",\"priceRange\":\"$\",\"currenciesAccepted\":\"USD, CAD, AUD,\",\"paymentAccepted\":\"Zelle, Paypal, Bitcoin, Apple pay, Credit cards, Bank transfers\"},{\"@type\":\"PostalAddress\",\"@id\":\"https:\/\/tropicalwingsbirds.shop\/shop\/buy-hyacinth-macaw-eggs\/#local-main-place-address\",\"streetAddress\":\"500 Hilltop Dr,\",\"addressLocality\":\"Redding\",\"postalCode\":\"96003\",\"addressRegion\":\"California\",\"addressCountry\":\"US\"},{\"@type\":\"ImageObject\",\"inLanguage\":\"fr-FR\",\"@id\":\"https:\/\/tropicalwingsbirds.shop\/shop\/buy-hyacinth-macaw-eggs\/#local-main-organization-logo\",\"url\":\"https:\/\/tropicalwingsbirds.shop\/wp-content\/uploads\/2024\/01\/tropical-wings-1.webp\",\"contentUrl\":\"https:\/\/tropicalwingsbirds.shop\/wp-content\/uploads\/2024\/01\/tropical-wings-1.webp\",\"width\":500,\"height\":500,\"caption\":\"Tropical Wings Birds Shop\"}]}<\/script>\n<meta property=\"product:price:currency\" content=\"USD\" \/>\n<meta property=\"og:availability\" content=\"instock\" \/>\n<meta property=\"product:availability\" content=\"instock\" \/>\n<meta property=\"product:condition\" content=\"new\" \/>\n<meta name=\"geo.placename\" content=\"Redding\" \/>\n<meta name=\"geo.position\" content=\"40.5976725;-122.3716346\" \/>\n<meta name=\"geo.region\" content=\"\u00c9tats-Unis d\u2019Am\u00e9rique\" \/>\n<!-- \/ Yoast SEO Premium plugin. -->","yoast_head_json":{"title":"hyacinth macaw eggs for Sale | Tropical Wings Birds","description":"Buy hyacinth macaw eggs online \u2014 candled, fertile eggs from proven breeding pairs with full documentation. Worldwide shipping to compliant destinations.","robots":{"index":"index","follow":"follow","max-snippet":"max-snippet:-1","max-image-preview":"max-image-preview:large","max-video-preview":"max-video-preview:-1"},"canonical":"https:\/\/tropicalwingsbirds.shop\/fr_fr\/boutique\/acheter-des-oeufs-dara-hyacinthe\/","og_locale":"fr_FR","og_type":"article","og_title":"buy hyacinth macaw eggs","og_description":"Buy hyacinth macaw eggs online \u2014 candled, fertile eggs from proven breeding pairs with full documentation. Worldwide shipping to compliant destinations.","og_url":"https:\/\/tropicalwingsbirds.shop\/fr_fr\/boutique\/acheter-des-oeufs-dara-hyacinthe\/","og_site_name":"Tropical Wings Birds","article_publisher":"https:\/\/web.facebook.com\/profile.php?id=61551502767851&mibextid=2JQ9oc&_rdc=1&_rdr","article_modified_time":"2026-04-17T22:03:34+00:00","og_image":[{"width":300,"height":271,"url":"https:\/\/tropicalwingsbirds.shop\/wp-content\/uploads\/2023\/12\/Hyacinth-macaw-Eggs-1.jpg","type":"image\/jpeg"}],"twitter_card":"summary_large_image","twitter_misc":{"Prix":"","Disponibilit\u00e9":"En stock"},"schema":{"@context":"https:\/\/schema.org","@graph":[{"@type":"WebPage","@id":"https:\/\/tropicalwingsbirds.shop\/shop\/buy-hyacinth-macaw-eggs\/","url":"https:\/\/tropicalwingsbirds.shop\/shop\/buy-hyacinth-macaw-eggs\/","name":"hyacinth macaw eggs for Sale | Tropical Wings Birds","isPartOf":{"@id":"https:\/\/tropicalwingsbirds.shop\/#website"},"primaryImageOfPage":{"@id":"https:\/\/tropicalwingsbirds.shop\/shop\/buy-hyacinth-macaw-eggs\/#primaryimage"},"image":{"@id":"https:\/\/tropicalwingsbirds.shop\/shop\/buy-hyacinth-macaw-eggs\/#primaryimage"},"thumbnailUrl":"https:\/\/tropicalwingsbirds.shop\/wp-content\/uploads\/2023\/12\/Hyacinth-macaw-Eggs-1.jpg","datePublished":"2023-12-03T14:06:00+00:00","dateModified":"2026-04-17T22:03:34+00:00","description":"Buy hyacinth macaw eggs online \u2014 candled, fertile eggs from proven breeding pairs with full documentation. Worldwide shipping to compliant destinations.","breadcrumb":{"@id":"https:\/\/tropicalwingsbirds.shop\/shop\/buy-hyacinth-macaw-eggs\/#breadcrumb"},"inLanguage":"fr-FR","potentialAction":[{"@type":"ReadAction","target":["https:\/\/tropicalwingsbirds.shop\/shop\/buy-hyacinth-macaw-eggs\/"]}]},{"@type":"ImageObject","inLanguage":"fr-FR","@id":"https:\/\/tropicalwingsbirds.shop\/shop\/buy-hyacinth-macaw-eggs\/#primaryimage","url":"https:\/\/tropicalwingsbirds.shop\/wp-content\/uploads\/2023\/12\/Hyacinth-macaw-Eggs-1.jpg","contentUrl":"https:\/\/tropicalwingsbirds.shop\/wp-content\/uploads\/2023\/12\/Hyacinth-macaw-Eggs-1.jpg","width":300,"height":271},{"@type":"BreadcrumbList","@id":"https:\/\/tropicalwingsbirds.shop\/shop\/buy-hyacinth-macaw-eggs\/#breadcrumb","itemListElement":[{"@type":"ListItem","position":1,"name":"Home","item":"https:\/\/tropicalwingsbirds.shop\/"},{"@type":"ListItem","position":2,"name":"Shop","item":"https:\/\/tropicalwingsbirds.shop\/shop\/"},{"@type":"ListItem","position":3,"name":"buy hyacinth macaw eggs"}]},{"@type":"WebSite","@id":"https:\/\/tropicalwingsbirds.shop\/#website","url":"https:\/\/tropicalwingsbirds.shop\/","name":"Oiseaux aux ailes tropicales","description":"Meilleurs \u00e9leveurs d&#039;oiseaux exotiques en ligne","publisher":{"@id":"https:\/\/tropicalwingsbirds.shop\/#organization"},"potentialAction":[{"@type":"SearchAction","target":{"@type":"EntryPoint","urlTemplate":"https:\/\/tropicalwingsbirds.shop\/?s={search_term_string}"},"query-input":{"@type":"PropertyValueSpecification","valueRequired":true,"valueName":"search_term_string"}}],"inLanguage":"fr-FR"},{"@type":["Organization","Place","PetStore"],"@id":"https:\/\/tropicalwingsbirds.shop\/#organization","name":"Tropical Wings Birds Shop","alternateName":"TPWB","url":"https:\/\/tropicalwingsbirds.shop\/","logo":{"@id":"https:\/\/tropicalwingsbirds.shop\/shop\/buy-hyacinth-macaw-eggs\/#local-main-organization-logo"},"image":{"@id":"https:\/\/tropicalwingsbirds.shop\/shop\/buy-hyacinth-macaw-eggs\/#local-main-organization-logo"},"sameAs":["https:\/\/web.facebook.com\/profile.php?id=61551502767851&mibextid=2JQ9oc&_rdc=1&_rdr"],"description":"Tropical Wings Birds est votre destination pour des oiseaux exotiques. Notre voli\u00e8re-boutique aux \u00c9tats-Unis propose une s\u00e9lection soign\u00e9e d&#039;oiseaux tropicaux aux couleurs vives, issus d&#039;\u00e9leveurs r\u00e9put\u00e9s du monde entier. Ax\u00e9e sur le bien-\u00eatre et l&#039;expertise, notre \u00e9quipe d\u00e9vou\u00e9e est l\u00e0 pour vous guider dans votre recherche de l&#039;ami \u00e0 plumes id\u00e9al. Rendez-nous visite d\u00e8s aujourd&#039;hui et d\u00e9couvrez la magie de la compagnie des oiseaux chez Tropical Wings Birds.","legalName":"Tropical Wings Birds","foundingDate":"2019-02-14","numberOfEmployees":{"@type":"QuantitativeValue","minValue":"1","maxValue":"10"},"address":{"@id":"https:\/\/tropicalwingsbirds.shop\/shop\/buy-hyacinth-macaw-eggs\/#local-main-place-address"},"geo":{"@type":"GeoCoordinates","latitude":"40.5976725","longitude":"-122.3716346"},"telephone":["+1 707-733-4623","+1 707-733-4623"],"contactPoint":{"@type":"ContactPoint","telephone":"+1 707-733-4623","email":"sales@tropicalwingsbirds.shop"},"openingHoursSpecification":{"@type":"OpeningHoursSpecification","dayOfWeek":["Monday","Tuesday","Wednesday","Thursday","Friday","Saturday","Sunday"],"opens":"00:00","closes":"23:59"},"email":"sales@tropicalwingsbirds.shop","faxNumber":"+1 707-733-4623","areaServed":"United states, Porto Rico, Canada, Australia","priceRange":"$","currenciesAccepted":"USD, CAD, AUD,","paymentAccepted":"Zelle, Paypal, Bitcoin, Apple pay, Credit cards, Bank transfers"},{"@type":"PostalAddress","@id":"https:\/\/tropicalwingsbirds.shop\/shop\/buy-hyacinth-macaw-eggs\/#local-main-place-address","streetAddress":"500 Hilltop Dr,","addressLocality":"Redding","postalCode":"96003","addressRegion":"California","addressCountry":"US"},{"@type":"ImageObject","inLanguage":"fr-FR","@id":"https:\/\/tropicalwingsbirds.shop\/shop\/buy-hyacinth-macaw-eggs\/#local-main-organization-logo","url":"https:\/\/tropicalwingsbirds.shop\/wp-content\/uploads\/2024\/01\/tropical-wings-1.webp","contentUrl":"https:\/\/tropicalwingsbirds.shop\/wp-content\/uploads\/2024\/01\/tropical-wings-1.webp","width":500,"height":500,"caption":"Tropical Wings Birds Shop"}]},"product_price_currency":"USD","og_availability":"instock","product_availability":"instock","product_condition":"new","geo.placename":"Redding","geo.position":{"lat":"40.5976725","long":"-122.3716346"},"geo.region":"\u00c9tats-Unis d\u2019Am\u00e9rique"},"jetpack_sharing_enabled":true,"_links":{"self":[{"href":"https:\/\/tropicalwingsbirds.shop\/fr_fr\/wp-json\/wp\/v2\/product\/595","targetHints":{"allow":["GET"]}}],"collection":[{"href":"https:\/\/tropicalwingsbirds.shop\/fr_fr\/wp-json\/wp\/v2\/product"}],"about":[{"href":"https:\/\/tropicalwingsbirds.shop\/fr_fr\/wp-json\/wp\/v2\/types\/product"}],"replies":[{"embeddable":true,"href":"https:\/\/tropicalwingsbirds.shop\/fr_fr\/wp-json\/wp\/v2\/comments?post=595"}],"wp:featuredmedia":[{"embeddable":true,"href":"https:\/\/tropicalwingsbirds.shop\/fr_fr\/wp-json\/wp\/v2\/media\/682"}],"wp:attachment":[{"href":"https:\/\/tropicalwingsbirds.shop\/fr_fr\/wp-json\/wp\/v2\/media?parent=595"}],"wp:term":[{"taxonomy":"product_brand","embeddable":true,"href":"https:\/\/tropicalwingsbirds.shop\/fr_fr\/wp-json\/wp\/v2\/product_brand?post=595"},{"taxonomy":"product_cat","embeddable":true,"href":"https:\/\/tropicalwingsbirds.shop\/fr_fr\/wp-json\/wp\/v2\/product_cat?post=595"},{"taxonomy":"product_tag","embeddable":true,"href":"https:\/\/tropicalwingsbirds.shop\/fr_fr\/wp-json\/wp\/v2\/product_tag?post=595"}],"curies":[{"name":"wp","href":"https:\/\/api.w.org\/{rel}","templated":true}]}}