{"id":1714,"date":"2023-12-07T14:22:34","date_gmt":"2023-12-07T14:22:34","guid":{"rendered":"https:\/\/tropicalwingsbirds.shop\/?post_type=product&#038;p=1714"},"modified":"2023-12-07T14:24:12","modified_gmt":"2023-12-07T14:24:12","slug":"acquista-online-una-piccola-gabbia-per-uccelli-in-ferro-battuto-blu","status":"publish","type":"product","link":"https:\/\/tropicalwingsbirds.shop\/it\/negozio\/acquista-online-una-piccola-gabbia-per-uccelli-in-ferro-battuto-blu\/","title":{"rendered":"Acquista online la piccola gabbia per uccelli in ferro battuto blu"},"content":{"rendered":"<p>La gabbia per uccelli Select Cage Series Play Top \u00e8 dotata di un recinto superiore che offre al tuo uccello ore di divertimento e movimento. Questa gabbia \u00e8 progettata per calopsiti e pappagalli ed \u00e8 costruita negli Stati Uniti. Le gabbie della serie Select offrono una lavorazione di qualit\u00e0 a un prezzo eccellente! Questa gabbia per uccelli \u00e8 dotata di un recinto con apertura superiore. La robusta serratura a pulsante \u00e8 pi\u00f9 difficile (se non impossibile) da aprire per un uccello rispetto a un semplice chiavistello. Tutte le gabbie Select includono 2 posatoi in legno massello, 4 tazze in acciaio inossidabile, una griglia estraibile e un supporto con ruote. Le tre finiture metalliche - Verde giada, Rosso granato e Blu cobalto - hanno una doppia scala superiore e solide porte a tazza.<\/p>\n<p>&nbsp;<\/p>\n<p><strong>Caratteristiche del prodotto:<br \/> <\/strong>\u25cf Dimensioni della gabbia: 18\u2033 L x 18\u2033 W x 31,5\u2033 H<br \/> \u25cf Altezza complessiva con supporto: 57\u2033<br \/> \u25cf Spaziatura dei fili di 3\/4\u2033<br \/> \u25cf Filo calibro 9 e 12<br \/> \u25cf Costruzione in ferro battuto con finitura verniciata a polvere<br \/> \u25cf Le gabbie senza piombo e zinco sono atossiche e sicure per gli uccelli. Recinto superiore per il gioco.<br \/> \u25cf Protezioni per semi con angoli arrotondati per aiutare a contenere lo sporco<br \/> \u25cf 4 tazze in acciaio inossidabile<br \/> \u25cf 2 posatoi in legno<br \/> \u25cf Griglia inferiore estraibile<br \/> \u25cf Cassetto superiore e inferiore estraibile per una facile pulizia<br \/> \u25cf Cassetto superiore e inferiore estraibile per una facile pulizia<br \/> \u25cf La base del supporto della gabbia \u00e8 dotata di ruote in gomma resistenti e durevoli che facilitano il rotolamento<br \/> \u25cf La rotella in gomma non si rompe come una ruota in plastica<br \/> \u25cf Non lascia segni su piastrelle o pavimenti in legno<br \/> \u25cf Si arrotola dolcemente sul tappeto<br \/> \u25cf Costruito negli Stati Uniti<br \/> \u25cf La clip della griglia \u00e8 un&#039;altra caratteristica di sicurezza: si aggancia sopra la maniglia della griglia inferiore estraibile per bloccarla in posizione. Questo impedisce agli uccelli pi\u00f9 grandi e aggressivi di scalciare o spingere fuori la griglia e tentare di scappare attraverso l&#039;apertura.<\/p>","protected":false},"excerpt":{"rendered":"<p>The Select Cage Series Play Top Bird Cage features a cage top playpen that provides your bird hours of enjoyment and exercise. This cage is designed for cockatiels to parrots and is built in the U.S.A. The Select Series cages offer quality craftsmanship at an excellent value! This birdcage features a top-opening playpen Heavy-duty push [&hellip;]<\/p>","protected":false},"featured_media":1744,"comment_status":"closed","ping_status":"closed","template":"","meta":{"site-sidebar-layout":"default","site-content-layout":"","ast-site-content-layout":"default","site-content-style":"default","site-sidebar-style":"default","ast-global-header-display":"","ast-banner-title-visibility":"","ast-main-header-display":"","ast-hfb-above-header-display":"","ast-hfb-below-header-display":"","ast-hfb-mobile-header-display":"","site-post-title":"","ast-breadcrumbs-content":"","ast-featured-img":"","footer-sml-layout":"","theme-transparent-header-meta":"","adv-header-id-meta":"","stick-header-meta":"","header-above-stick-meta":"","header-main-stick-meta":"","header-below-stick-meta":"","astra-migrate-meta-layouts":"default","ast-page-background-enabled":"default","ast-page-background-meta":{"desktop":{"background-color":"var(--ast-global-color-4)","background-image":"","background-repeat":"repeat","background-position":"center center","background-size":"auto","background-attachment":"scroll","background-type":"","background-media":"","overlay-type":"","overlay-color":"","overlay-opacity":"","overlay-gradient":""},"tablet":{"background-color":"","background-image":"","background-repeat":"repeat","background-position":"center center","background-size":"auto","background-attachment":"scroll","background-type":"","background-media":"","overlay-type":"","overlay-color":"","overlay-opacity":"","overlay-gradient":""},"mobile":{"background-color":"","background-image":"","background-repeat":"repeat","background-position":"center center","background-size":"auto","background-attachment":"scroll","background-type":"","background-media":"","overlay-type":"","overlay-color":"","overlay-opacity":"","overlay-gradient":""}},"ast-content-background-meta":{"desktop":{"background-color":"var(--ast-global-color-5)","background-image":"","background-repeat":"repeat","background-position":"center center","background-size":"auto","background-attachment":"scroll","background-type":"","background-media":"","overlay-type":"","overlay-color":"","overlay-opacity":"","overlay-gradient":""},"tablet":{"background-color":"var(--ast-global-color-5)","background-image":"","background-repeat":"repeat","background-position":"center center","background-size":"auto","background-attachment":"scroll","background-type":"","background-media":"","overlay-type":"","overlay-color":"","overlay-opacity":"","overlay-gradient":""},"mobile":{"background-color":"var(--ast-global-color-5)","background-image":"","background-repeat":"repeat","background-position":"center center","background-size":"auto","background-attachment":"scroll","background-type":"","background-media":"","overlay-type":"","overlay-color":"","overlay-opacity":"","overlay-gradient":""}}},"product_brand":[],"product_cat":[484],"product_tag":[],"class_list":{"0":"post-1714","1":"product","2":"type-product","3":"status-publish","4":"has-post-thumbnail","6":"product_cat-cages","7":"desktop-align-left","8":"tablet-align-left","9":"mobile-align-left","10":"ast-product-gallery-layout-horizontal-slider","11":"ast-product-single-variable","12":"ast-product-tabs-layout-horizontal","13":"ast-qv-on-image","15":"first","16":"instock","17":"shipping-taxable","18":"product-type-variable"},"yoast_head":"<!-- This site is optimized with the Yoast SEO Premium plugin v23.2 (Yoast SEO v26.8) - https:\/\/yoast.com\/product\/yoast-seo-premium-wordpress\/ -->\n<title>Buy Small Wrought Iron Select Bird Cage in Blue Online - Tropical Wings Birds<\/title>\n<meta name=\"robots\" content=\"index, follow, max-snippet:-1, max-image-preview:large, max-video-preview:-1\" \/>\n<link rel=\"canonical\" href=\"https:\/\/tropicalwingsbirds.shop\/it\/negozio\/acquista-online-una-piccola-gabbia-per-uccelli-in-ferro-battuto-blu\/\" \/>\n<meta property=\"og:locale\" content=\"it_IT\" \/>\n<meta property=\"og:type\" content=\"article\" \/>\n<meta property=\"og:title\" content=\"Buy Small Wrought Iron Select Bird Cage in Blue Online\" \/>\n<meta property=\"og:description\" content=\"The Select Cage Series Play Top Bird Cage features a cage top playpen that provides your bird hours of enjoyment and exercise. This cage is designed for cockatiels to parrots and is built in the U.S.A. The Select Series cages offer quality craftsmanship at an excellent value! This birdcage features a top-opening playpen Heavy-duty push [&hellip;]\" \/>\n<meta property=\"og:url\" content=\"https:\/\/tropicalwingsbirds.shop\/it\/negozio\/acquista-online-una-piccola-gabbia-per-uccelli-in-ferro-battuto-blu\/\" \/>\n<meta property=\"og:site_name\" content=\"Tropical Wings Birds\" \/>\n<meta property=\"article:publisher\" content=\"https:\/\/web.facebook.com\/profile.php?id=61551502767851&amp;mibextid=2JQ9oc&amp;_rdc=1&amp;_rdr\" \/>\n<meta property=\"article:modified_time\" content=\"2023-12-07T14:24:12+00:00\" \/>\n<meta property=\"og:image\" content=\"https:\/\/tropicalwingsbirds.shop\/wp-content\/uploads\/2023\/12\/PP-3151BLUE.jpg\" \/>\n\t<meta property=\"og:image:width\" content=\"600\" \/>\n\t<meta property=\"og:image:height\" content=\"600\" \/>\n\t<meta property=\"og:image:type\" content=\"image\/jpeg\" \/>\n<meta name=\"twitter:card\" content=\"summary_large_image\" \/>\n<meta name=\"twitter:label1\" content=\"Disponibilit\u00e0\" \/>\n\t<meta name=\"twitter:data1\" content=\"In stock\" \/>\n<script type=\"application\/ld+json\" class=\"yoast-schema-graph\">{\"@context\":\"https:\/\/schema.org\",\"@graph\":[{\"@type\":\"WebPage\",\"@id\":\"https:\/\/tropicalwingsbirds.shop\/shop\/buy-small-wrought-iron-select-bird-cage-in-blue-online\/\",\"url\":\"https:\/\/tropicalwingsbirds.shop\/shop\/buy-small-wrought-iron-select-bird-cage-in-blue-online\/\",\"name\":\"Buy Small Wrought Iron Select Bird Cage in Blue Online - Tropical Wings Birds\",\"isPartOf\":{\"@id\":\"https:\/\/tropicalwingsbirds.shop\/#website\"},\"primaryImageOfPage\":{\"@id\":\"https:\/\/tropicalwingsbirds.shop\/shop\/buy-small-wrought-iron-select-bird-cage-in-blue-online\/#primaryimage\"},\"image\":{\"@id\":\"https:\/\/tropicalwingsbirds.shop\/shop\/buy-small-wrought-iron-select-bird-cage-in-blue-online\/#primaryimage\"},\"thumbnailUrl\":\"https:\/\/tropicalwingsbirds.shop\/wp-content\/uploads\/2023\/12\/PP-3151BLUE.jpg\",\"datePublished\":\"2023-12-07T14:22:34+00:00\",\"dateModified\":\"2023-12-07T14:24:12+00:00\",\"breadcrumb\":{\"@id\":\"https:\/\/tropicalwingsbirds.shop\/shop\/buy-small-wrought-iron-select-bird-cage-in-blue-online\/#breadcrumb\"},\"inLanguage\":\"it-IT\",\"potentialAction\":[{\"@type\":\"ReadAction\",\"target\":[\"https:\/\/tropicalwingsbirds.shop\/shop\/buy-small-wrought-iron-select-bird-cage-in-blue-online\/\"]}]},{\"@type\":\"ImageObject\",\"inLanguage\":\"it-IT\",\"@id\":\"https:\/\/tropicalwingsbirds.shop\/shop\/buy-small-wrought-iron-select-bird-cage-in-blue-online\/#primaryimage\",\"url\":\"https:\/\/tropicalwingsbirds.shop\/wp-content\/uploads\/2023\/12\/PP-3151BLUE.jpg\",\"contentUrl\":\"https:\/\/tropicalwingsbirds.shop\/wp-content\/uploads\/2023\/12\/PP-3151BLUE.jpg\",\"width\":600,\"height\":600},{\"@type\":\"BreadcrumbList\",\"@id\":\"https:\/\/tropicalwingsbirds.shop\/shop\/buy-small-wrought-iron-select-bird-cage-in-blue-online\/#breadcrumb\",\"itemListElement\":[{\"@type\":\"ListItem\",\"position\":1,\"name\":\"Home\",\"item\":\"https:\/\/tropicalwingsbirds.shop\/\"},{\"@type\":\"ListItem\",\"position\":2,\"name\":\"Shop\",\"item\":\"https:\/\/tropicalwingsbirds.shop\/shop\/\"},{\"@type\":\"ListItem\",\"position\":3,\"name\":\"Buy Small Wrought Iron Select Bird Cage in Blue Online\"}]},{\"@type\":\"WebSite\",\"@id\":\"https:\/\/tropicalwingsbirds.shop\/#website\",\"url\":\"https:\/\/tropicalwingsbirds.shop\/\",\"name\":\"Tropical Wings Birds\",\"description\":\"Best Exotic birds breeders online\",\"publisher\":{\"@id\":\"https:\/\/tropicalwingsbirds.shop\/#organization\"},\"potentialAction\":[{\"@type\":\"SearchAction\",\"target\":{\"@type\":\"EntryPoint\",\"urlTemplate\":\"https:\/\/tropicalwingsbirds.shop\/?s={search_term_string}\"},\"query-input\":{\"@type\":\"PropertyValueSpecification\",\"valueRequired\":true,\"valueName\":\"search_term_string\"}}],\"inLanguage\":\"it-IT\"},{\"@type\":[\"Organization\",\"Place\",\"PetStore\"],\"@id\":\"https:\/\/tropicalwingsbirds.shop\/#organization\",\"name\":\"Tropical Wings Birds Shop\",\"alternateName\":\"TPWB\",\"url\":\"https:\/\/tropicalwingsbirds.shop\/\",\"logo\":{\"@id\":\"https:\/\/tropicalwingsbirds.shop\/shop\/buy-small-wrought-iron-select-bird-cage-in-blue-online\/#local-main-organization-logo\"},\"image\":{\"@id\":\"https:\/\/tropicalwingsbirds.shop\/shop\/buy-small-wrought-iron-select-bird-cage-in-blue-online\/#local-main-organization-logo\"},\"sameAs\":[\"https:\/\/web.facebook.com\/profile.php?id=61551502767851&mibextid=2JQ9oc&_rdc=1&_rdr\"],\"description\":\"Tropical Wings Birds is your destination for exotic avian companionship. Our boutique aviary in United States offers a curated selection of vibrant tropical birds sourced from reputable breeders worldwide. With a focus on welfare and expertise, our dedicated team is here to guide you on your journey to finding the perfect feathered friend. Visit us today and experience the magic of avian companionship at Tropical Wings Birds.\",\"legalName\":\"Tropical Wings Birds\",\"foundingDate\":\"2019-02-14\",\"numberOfEmployees\":{\"@type\":\"QuantitativeValue\",\"minValue\":\"1\",\"maxValue\":\"10\"},\"address\":{\"@id\":\"https:\/\/tropicalwingsbirds.shop\/shop\/buy-small-wrought-iron-select-bird-cage-in-blue-online\/#local-main-place-address\"},\"geo\":{\"@type\":\"GeoCoordinates\",\"latitude\":\"40.5976725\",\"longitude\":\"-122.3716346\"},\"telephone\":[\"+1 707-733-4623\",\"+1 707-733-4623\"],\"contactPoint\":{\"@type\":\"ContactPoint\",\"telephone\":\"+1 707-733-4623\",\"email\":\"sales@tropicalwingsbirds.shop\"},\"openingHoursSpecification\":{\"@type\":\"OpeningHoursSpecification\",\"dayOfWeek\":[\"Monday\",\"Tuesday\",\"Wednesday\",\"Thursday\",\"Friday\",\"Saturday\",\"Sunday\"],\"opens\":\"00:00\",\"closes\":\"23:59\"},\"email\":\"sales@tropicalwingsbirds.shop\",\"faxNumber\":\"+1 707-733-4623\",\"areaServed\":\"United states, Porto Rico, Canada, Australia\",\"priceRange\":\"$\",\"currenciesAccepted\":\"USD, CAD, AUD,\",\"paymentAccepted\":\"Zelle, Paypal, Bitcoin, Apple pay, Credit cards, Bank transfers\"},{\"@type\":\"PostalAddress\",\"@id\":\"https:\/\/tropicalwingsbirds.shop\/shop\/buy-small-wrought-iron-select-bird-cage-in-blue-online\/#local-main-place-address\",\"streetAddress\":\"500 Hilltop Dr,\",\"addressLocality\":\"Redding\",\"postalCode\":\"96003\",\"addressRegion\":\"California\",\"addressCountry\":\"US\"},{\"@type\":\"ImageObject\",\"inLanguage\":\"it-IT\",\"@id\":\"https:\/\/tropicalwingsbirds.shop\/shop\/buy-small-wrought-iron-select-bird-cage-in-blue-online\/#local-main-organization-logo\",\"url\":\"https:\/\/tropicalwingsbirds.shop\/wp-content\/uploads\/2024\/01\/tropical-wings-1.webp\",\"contentUrl\":\"https:\/\/tropicalwingsbirds.shop\/wp-content\/uploads\/2024\/01\/tropical-wings-1.webp\",\"width\":500,\"height\":500,\"caption\":\"Tropical Wings Birds Shop\"}]}<\/script>\n<meta property=\"og:availability\" content=\"instock\" \/>\n<meta property=\"product:availability\" content=\"instock\" \/>\n<meta property=\"product:condition\" content=\"new\" \/>\n<meta name=\"geo.placename\" content=\"Redding\" \/>\n<meta name=\"geo.position\" content=\"40.5976725;-122.3716346\" \/>\n<meta name=\"geo.region\" content=\"United States (US)\" \/>\n<!-- \/ Yoast SEO Premium plugin. -->","yoast_head_json":{"title":"Acquista online la piccola gabbia per uccelli in ferro battuto blu - Tropical Wings Birds","robots":{"index":"index","follow":"follow","max-snippet":"max-snippet:-1","max-image-preview":"max-image-preview:large","max-video-preview":"max-video-preview:-1"},"canonical":"https:\/\/tropicalwingsbirds.shop\/it\/negozio\/acquista-online-una-piccola-gabbia-per-uccelli-in-ferro-battuto-blu\/","og_locale":"it_IT","og_type":"article","og_title":"Buy Small Wrought Iron Select Bird Cage in Blue Online","og_description":"The Select Cage Series Play Top Bird Cage features a cage top playpen that provides your bird hours of enjoyment and exercise. This cage is designed for cockatiels to parrots and is built in the U.S.A. The Select Series cages offer quality craftsmanship at an excellent value! This birdcage features a top-opening playpen Heavy-duty push [&hellip;]","og_url":"https:\/\/tropicalwingsbirds.shop\/it\/negozio\/acquista-online-una-piccola-gabbia-per-uccelli-in-ferro-battuto-blu\/","og_site_name":"Tropical Wings Birds","article_publisher":"https:\/\/web.facebook.com\/profile.php?id=61551502767851&mibextid=2JQ9oc&_rdc=1&_rdr","article_modified_time":"2023-12-07T14:24:12+00:00","og_image":[{"width":600,"height":600,"url":"https:\/\/tropicalwingsbirds.shop\/wp-content\/uploads\/2023\/12\/PP-3151BLUE.jpg","type":"image\/jpeg"}],"twitter_card":"summary_large_image","twitter_misc":{"Disponibilit\u00e0":"In stock"},"schema":{"@context":"https:\/\/schema.org","@graph":[{"@type":"WebPage","@id":"https:\/\/tropicalwingsbirds.shop\/shop\/buy-small-wrought-iron-select-bird-cage-in-blue-online\/","url":"https:\/\/tropicalwingsbirds.shop\/shop\/buy-small-wrought-iron-select-bird-cage-in-blue-online\/","name":"Acquista online la piccola gabbia per uccelli in ferro battuto blu - Tropical Wings Birds","isPartOf":{"@id":"https:\/\/tropicalwingsbirds.shop\/#website"},"primaryImageOfPage":{"@id":"https:\/\/tropicalwingsbirds.shop\/shop\/buy-small-wrought-iron-select-bird-cage-in-blue-online\/#primaryimage"},"image":{"@id":"https:\/\/tropicalwingsbirds.shop\/shop\/buy-small-wrought-iron-select-bird-cage-in-blue-online\/#primaryimage"},"thumbnailUrl":"https:\/\/tropicalwingsbirds.shop\/wp-content\/uploads\/2023\/12\/PP-3151BLUE.jpg","datePublished":"2023-12-07T14:22:34+00:00","dateModified":"2023-12-07T14:24:12+00:00","breadcrumb":{"@id":"https:\/\/tropicalwingsbirds.shop\/shop\/buy-small-wrought-iron-select-bird-cage-in-blue-online\/#breadcrumb"},"inLanguage":"it-IT","potentialAction":[{"@type":"ReadAction","target":["https:\/\/tropicalwingsbirds.shop\/shop\/buy-small-wrought-iron-select-bird-cage-in-blue-online\/"]}]},{"@type":"ImageObject","inLanguage":"it-IT","@id":"https:\/\/tropicalwingsbirds.shop\/shop\/buy-small-wrought-iron-select-bird-cage-in-blue-online\/#primaryimage","url":"https:\/\/tropicalwingsbirds.shop\/wp-content\/uploads\/2023\/12\/PP-3151BLUE.jpg","contentUrl":"https:\/\/tropicalwingsbirds.shop\/wp-content\/uploads\/2023\/12\/PP-3151BLUE.jpg","width":600,"height":600},{"@type":"BreadcrumbList","@id":"https:\/\/tropicalwingsbirds.shop\/shop\/buy-small-wrought-iron-select-bird-cage-in-blue-online\/#breadcrumb","itemListElement":[{"@type":"ListItem","position":1,"name":"Home","item":"https:\/\/tropicalwingsbirds.shop\/"},{"@type":"ListItem","position":2,"name":"Shop","item":"https:\/\/tropicalwingsbirds.shop\/shop\/"},{"@type":"ListItem","position":3,"name":"Buy Small Wrought Iron Select Bird Cage in Blue Online"}]},{"@type":"WebSite","@id":"https:\/\/tropicalwingsbirds.shop\/#website","url":"https:\/\/tropicalwingsbirds.shop\/","name":"Uccelli dalle ali tropicali","description":"I migliori allevatori di uccelli esotici online","publisher":{"@id":"https:\/\/tropicalwingsbirds.shop\/#organization"},"potentialAction":[{"@type":"SearchAction","target":{"@type":"EntryPoint","urlTemplate":"https:\/\/tropicalwingsbirds.shop\/?s={search_term_string}"},"query-input":{"@type":"PropertyValueSpecification","valueRequired":true,"valueName":"search_term_string"}}],"inLanguage":"it-IT"},{"@type":["Organization","Place","PetStore"],"@id":"https:\/\/tropicalwingsbirds.shop\/#organization","name":"Tropical Wings Birds Shop","alternateName":"TPWB","url":"https:\/\/tropicalwingsbirds.shop\/","logo":{"@id":"https:\/\/tropicalwingsbirds.shop\/shop\/buy-small-wrought-iron-select-bird-cage-in-blue-online\/#local-main-organization-logo"},"image":{"@id":"https:\/\/tropicalwingsbirds.shop\/shop\/buy-small-wrought-iron-select-bird-cage-in-blue-online\/#local-main-organization-logo"},"sameAs":["https:\/\/web.facebook.com\/profile.php?id=61551502767851&mibextid=2JQ9oc&_rdc=1&_rdr"],"description":"Tropical Wings Birds \u00e8 la tua destinazione per la compagnia di uccelli esotici. La nostra voliera boutique negli Stati Uniti offre una selezione accurata di vivaci uccelli tropicali provenienti da rinomati allevatori di tutto il mondo. Con un&#039;attenzione particolare al benessere e alla competenza, il nostro team dedicato \u00e8 qui per guidarti nel tuo viaggio alla ricerca del perfetto amico pennuto. Visitaci oggi stesso e vivi la magia della compagnia di uccelli da Tropical Wings Birds.","legalName":"Tropical Wings Birds","foundingDate":"2019-02-14","numberOfEmployees":{"@type":"QuantitativeValue","minValue":"1","maxValue":"10"},"address":{"@id":"https:\/\/tropicalwingsbirds.shop\/shop\/buy-small-wrought-iron-select-bird-cage-in-blue-online\/#local-main-place-address"},"geo":{"@type":"GeoCoordinates","latitude":"40.5976725","longitude":"-122.3716346"},"telephone":["+1 707-733-4623","+1 707-733-4623"],"contactPoint":{"@type":"ContactPoint","telephone":"+1 707-733-4623","email":"sales@tropicalwingsbirds.shop"},"openingHoursSpecification":{"@type":"OpeningHoursSpecification","dayOfWeek":["Monday","Tuesday","Wednesday","Thursday","Friday","Saturday","Sunday"],"opens":"00:00","closes":"23:59"},"email":"sales@tropicalwingsbirds.shop","faxNumber":"+1 707-733-4623","areaServed":"United states, Porto Rico, Canada, Australia","priceRange":"$","currenciesAccepted":"USD, CAD, AUD,","paymentAccepted":"Zelle, Paypal, Bitcoin, Apple pay, Credit cards, Bank transfers"},{"@type":"PostalAddress","@id":"https:\/\/tropicalwingsbirds.shop\/shop\/buy-small-wrought-iron-select-bird-cage-in-blue-online\/#local-main-place-address","streetAddress":"500 Hilltop Dr,","addressLocality":"Redding","postalCode":"96003","addressRegion":"California","addressCountry":"US"},{"@type":"ImageObject","inLanguage":"it-IT","@id":"https:\/\/tropicalwingsbirds.shop\/shop\/buy-small-wrought-iron-select-bird-cage-in-blue-online\/#local-main-organization-logo","url":"https:\/\/tropicalwingsbirds.shop\/wp-content\/uploads\/2024\/01\/tropical-wings-1.webp","contentUrl":"https:\/\/tropicalwingsbirds.shop\/wp-content\/uploads\/2024\/01\/tropical-wings-1.webp","width":500,"height":500,"caption":"Tropical Wings Birds Shop"}]},"og_availability":"instock","product_availability":"instock","product_condition":"new","geo.placename":"Redding","geo.position":{"lat":"40.5976725","long":"-122.3716346"},"geo.region":"United States (US)"},"_links":{"self":[{"href":"https:\/\/tropicalwingsbirds.shop\/it\/wp-json\/wp\/v2\/product\/1714","targetHints":{"allow":["GET"]}}],"collection":[{"href":"https:\/\/tropicalwingsbirds.shop\/it\/wp-json\/wp\/v2\/product"}],"about":[{"href":"https:\/\/tropicalwingsbirds.shop\/it\/wp-json\/wp\/v2\/types\/product"}],"replies":[{"embeddable":true,"href":"https:\/\/tropicalwingsbirds.shop\/it\/wp-json\/wp\/v2\/comments?post=1714"}],"wp:featuredmedia":[{"embeddable":true,"href":"https:\/\/tropicalwingsbirds.shop\/it\/wp-json\/wp\/v2\/media\/1744"}],"wp:attachment":[{"href":"https:\/\/tropicalwingsbirds.shop\/it\/wp-json\/wp\/v2\/media?parent=1714"}],"wp:term":[{"taxonomy":"product_brand","embeddable":true,"href":"https:\/\/tropicalwingsbirds.shop\/it\/wp-json\/wp\/v2\/product_brand?post=1714"},{"taxonomy":"product_cat","embeddable":true,"href":"https:\/\/tropicalwingsbirds.shop\/it\/wp-json\/wp\/v2\/product_cat?post=1714"},{"taxonomy":"product_tag","embeddable":true,"href":"https:\/\/tropicalwingsbirds.shop\/it\/wp-json\/wp\/v2\/product_tag?post=1714"}],"curies":[{"name":"wp","href":"https:\/\/api.w.org\/{rel}","templated":true}]}}