{"id":1767,"date":"2023-12-07T14:24:18","date_gmt":"2023-12-07T14:24:18","guid":{"rendered":"https:\/\/tropicalwingsbirds.shop\/?post_type=product&#038;p=1767"},"modified":"2023-12-07T14:26:35","modified_gmt":"2023-12-07T14:26:35","slug":"buy-shaheen-falcon-for-sale-online","status":"publish","type":"product","link":"https:\/\/tropicalwingsbirds.shop\/it\/negozio\/buy-shaheen-falcon-for-sale-online\/","title":{"rendered":"Acquista Shaheen Falcon in vendita online"},"content":{"rendered":"<p>Il Falco peregrinus peregrinator (Falco peregrinus peregrinator) \u00e8 una sottospecie stanziale del falco pellegrino, diffusa principalmente nel subcontinente indiano. Altri nomi comuni per la sottospecie includono &quot;shaheen nero&quot; e &quot;falco pellegrino indiano&quot;. Questa specie fu chiamata &quot;shaheen nero&quot; dai falconieri per distinguerla dal vero &quot;shaheen&quot; della letteratura persiana. Studiosi di lingua persiana e l&#039;ornitologo russo Georgi Petrovich Dementiev hanno notato che il nome &quot;shaheen&quot; nella letteratura persiana si riferiva in realt\u00e0 al Falco peregrinus babylonicus.<\/p>\n<p>Il Falco Pellegrino o Falco Shaheen \u00e8 un uccello possente e vigile con spalle larghe, testa e nuca nere e vistose striature baffute; gola e petto sono bianchi e il resto delle parti \u00e8 ferruginoso. La femmina \u00e8 pi\u00f9 grande, vive solitaria o in coppia su scogliere, pinnacoli rocciosi, sopra fortezze collinari, ecc.<\/p>\n<p>Rispetto al Falco Sacro, lo Shaheen \u00e8 molto esigente nelle sue esigenze. Lo Shaheen non sopporta i rigori del deserto. Le sue piume si spezzano facilmente e perdono rapidamente lucentezza e splendore nel clima caldo. Ha bisogno di un&#039;alimentazione attenta, basata su cibo naturale, e non riesce a mantenersi in forma con la carne rossa, che \u00e8 ottima per il Falco Sacro.<\/p>","protected":false},"excerpt":{"rendered":"<p>For Sale (Falco peregrinus peregrinator) is a non-migratory subspecies of the peregrine found mainly in the Indian subcontinent. Other common names for the subspecies include the black shaheen and Indian peregrine falcon. This species was termed the black shaheen by falconers to separate it from the true shaheen of Persian literature. Scholars of Persian and [&hellip;]<\/p>","protected":false},"featured_media":1813,"comment_status":"closed","ping_status":"closed","template":"","meta":{"site-sidebar-layout":"default","site-content-layout":"","ast-site-content-layout":"default","site-content-style":"default","site-sidebar-style":"default","ast-global-header-display":"","ast-banner-title-visibility":"","ast-main-header-display":"","ast-hfb-above-header-display":"","ast-hfb-below-header-display":"","ast-hfb-mobile-header-display":"","site-post-title":"","ast-breadcrumbs-content":"","ast-featured-img":"","footer-sml-layout":"","theme-transparent-header-meta":"","adv-header-id-meta":"","stick-header-meta":"","header-above-stick-meta":"","header-main-stick-meta":"","header-below-stick-meta":"","astra-migrate-meta-layouts":"default","ast-page-background-enabled":"default","ast-page-background-meta":{"desktop":{"background-color":"var(--ast-global-color-4)","background-image":"","background-repeat":"repeat","background-position":"center center","background-size":"auto","background-attachment":"scroll","background-type":"","background-media":"","overlay-type":"","overlay-color":"","overlay-opacity":"","overlay-gradient":""},"tablet":{"background-color":"","background-image":"","background-repeat":"repeat","background-position":"center center","background-size":"auto","background-attachment":"scroll","background-type":"","background-media":"","overlay-type":"","overlay-color":"","overlay-opacity":"","overlay-gradient":""},"mobile":{"background-color":"","background-image":"","background-repeat":"repeat","background-position":"center center","background-size":"auto","background-attachment":"scroll","background-type":"","background-media":"","overlay-type":"","overlay-color":"","overlay-opacity":"","overlay-gradient":""}},"ast-content-background-meta":{"desktop":{"background-color":"var(--ast-global-color-5)","background-image":"","background-repeat":"repeat","background-position":"center center","background-size":"auto","background-attachment":"scroll","background-type":"","background-media":"","overlay-type":"","overlay-color":"","overlay-opacity":"","overlay-gradient":""},"tablet":{"background-color":"var(--ast-global-color-5)","background-image":"","background-repeat":"repeat","background-position":"center center","background-size":"auto","background-attachment":"scroll","background-type":"","background-media":"","overlay-type":"","overlay-color":"","overlay-opacity":"","overlay-gradient":""},"mobile":{"background-color":"var(--ast-global-color-5)","background-image":"","background-repeat":"repeat","background-position":"center center","background-size":"auto","background-attachment":"scroll","background-type":"","background-media":"","overlay-type":"","overlay-color":"","overlay-opacity":"","overlay-gradient":""}}},"product_brand":[],"product_cat":[820],"product_tag":[1733,1734,1735,1736,1737,1652,1738,1739,1740,1741,1742,1743,1744,1745,1746,1747,1748,1749,1750,1751,1752,1753,1754,1755,1756,1757,1758,1759,1760,1761,1762,1763,1764,1765,1766,1767,1768,1769,1770,1771,1772,1773,1774,1775,1776,1777,1778,1779,1780,1781,1782,1783,1784,1785,1786,1787,1788,1789,1790,1791,1792,1793,1794,1795,1796,1797,1798,1799,1800,1801,1802,1803,1804,1805,1806,1807,1808,1809,1810,1811,1812,1813,1814,1815,1816,1817,1818,1819,1820,1821,1822,1823,1824,1825,1826,1827,1828,1829,1830,1831,1832,1833],"class_list":{"0":"post-1767","1":"product","2":"type-product","3":"status-publish","4":"has-post-thumbnail","6":"product_cat-falcon","7":"product_tag-black-shaheen-falcon","8":"product_tag-characteristics-of-shaheen-falcon","9":"product_tag-definition-of-shaheen-falcon","10":"product_tag-english-name-shaheen-falcon","11":"product_tag-falcon-predator","12":"product_tag-falcons-prey","13":"product_tag-peregrine-falcon-acadia-national-park","14":"product_tag-peregrine-falcon-adaptations","15":"product_tag-peregrine-falcon-alba","16":"product_tag-peregrine-falcon-alberta","17":"product_tag-peregrine-falcon-and-b2-bomber","18":"product_tag-peregrine-falcon-appearance","19":"product_tag-peregrine-falcon-arizona","20":"product_tag-peregrine-falcon-attack","21":"product_tag-peregrine-falcon-australia","22":"product_tag-peregrine-falcon-australia-webcam","23":"product_tag-peregrine-falcon-b2-bomber","24":"product_tag-peregrine-falcon-baby","25":"product_tag-peregrine-falcon-behavior","26":"product_tag-peregrine-falcon-berkeley","27":"product_tag-peregrine-falcon-bird","28":"product_tag-peregrine-falcon-book","29":"product_tag-peregrine-falcon-california","30":"product_tag-peregrine-falcon-call","31":"product_tag-peregrine-falcon-call-uk","32":"product_tag-peregrine-falcon-cam","33":"product_tag-peregrine-falcon-chicago","34":"product_tag-peregrine-falcon-chicks","35":"product_tag-peregrine-falcon-collins-street","36":"product_tag-peregrine-falcon-derby","37":"product_tag-peregrine-falcon-diet","38":"product_tag-peregrine-falcon-distribution","39":"product_tag-peregrine-falcon-dive","40":"product_tag-peregrine-falcon-dive-bomb","41":"product_tag-peregrine-falcon-dive-speed","42":"product_tag-peregrine-falcon-diving-for-prey","43":"product_tag-peregrine-falcon-documentary","44":"product_tag-peregrine-falcon-drawing","45":"product_tag-peregrine-falcon-earthquake","46":"product_tag-peregrine-falcon-eat","47":"product_tag-peregrine-falcon-eating-pigeon","48":"product_tag-peregrine-falcon-ebird","49":"product_tag-peregrine-falcon-edmonton","50":"product_tag-peregrine-falcon-ely-cathedral","51":"product_tag-peregrine-falcon-endangered","52":"product_tag-peregrine-falcon-extinction","53":"product_tag-peregrine-falcon-eyesight","54":"product_tag-peregrine-falcon-eyesight-distance","55":"product_tag-peregrine-falcon-facts","56":"product_tag-peregrine-falcon-feather","57":"product_tag-peregrine-falcon-florida","58":"product_tag-peregrine-falcon-flying","59":"product_tag-peregrine-falcon-flying-speed","60":"product_tag-peregrine-falcon-food","61":"product_tag-peregrine-falcon-for-sale","62":"product_tag-peregrine-falcon-fun-facts","63":"product_tag-peregrine-falcon-g-force","64":"product_tag-peregrine-falcon-genus","65":"product_tag-peregrine-falcon-georgia","66":"product_tag-peregrine-falcon-gestation-period","67":"product_tag-peregrine-falcon-gif","68":"product_tag-peregrine-falcon-glasgow","69":"product_tag-peregrine-falcon-going-200-mph","70":"product_tag-peregrine-falcon-grip-strength","71":"product_tag-peregrine-falcon-gun-club","72":"product_tag-red-naped-shaheen-falcon","73":"product_tag-shaheen-bird-size","74":"product_tag-shaheen-falcon-age","75":"product_tag-shaheen-falcon-background","76":"product_tag-shaheen-falcon-bangalore","77":"product_tag-shaheen-falcon-bird","78":"product_tag-shaheen-falcon-call","79":"product_tag-shaheen-falcon-class","80":"product_tag-shaheen-falcon-college","81":"product_tag-shaheen-falcon-diet","82":"product_tag-shaheen-falcon-facts","83":"product_tag-shaheen-falcon-food","84":"product_tag-shaheen-falcon-for","85":"product_tag-shaheen-falcon-for-sale","86":"product_tag-shaheen-falcon-for-sale-in-pakistan","87":"product_tag-shaheen-falcon-found-in","88":"product_tag-shaheen-falcon-group-of-institutions","89":"product_tag-shaheen-falcon-hunting","90":"product_tag-shaheen-falcon-in-bengali","91":"product_tag-shaheen-falcon-price","92":"product_tag-shaheen-falcon-price-in-india","93":"product_tag-shaheen-falcon-price-in-pakistan","94":"product_tag-shaheen-falcon-pu-college","95":"product_tag-shaheen-falcon-pu-college-bangalore","96":"product_tag-shaheen-falcon-pu-college-bidar","97":"product_tag-shaheen-falcon-pu-college-mangalore","98":"product_tag-shaheen-falcon-pu-college-mysore","99":"product_tag-shaheen-falcon-pu-college-queens-road","100":"product_tag-shaheen-falcon-pu-college-reviews","101":"product_tag-shaheen-falcon-pu-college-rt-nagar","102":"product_tag-shaheen-falcon-pu-college-vijayanagar","103":"product_tag-shaheen-falcon-size","104":"product_tag-shaheen-falcon-speed","105":"product_tag-shaheen-falcon-vs-peregrine","106":"product_tag-shaheens-falcon-pu-college-jayanagar","107":"product_tag-where-are-shaheen-falcon-from","108":"product_tag-wing-predators-falcon","109":"desktop-align-left","110":"tablet-align-left","111":"mobile-align-left","112":"ast-product-gallery-layout-horizontal-slider","113":"ast-product-tabs-layout-horizontal","114":"ast-qv-on-image","116":"first","117":"instock","118":"shipping-taxable","119":"product-type-simple"},"yoast_head":"<!-- This site is optimized with the Yoast SEO Premium plugin v23.2 (Yoast SEO v26.8) - https:\/\/yoast.com\/product\/yoast-seo-premium-wordpress\/ -->\n<title>Buy Shaheen Falcon For Sale Online - Tropical Wings Birds<\/title>\n<meta name=\"robots\" content=\"index, follow, max-snippet:-1, max-image-preview:large, max-video-preview:-1\" \/>\n<link rel=\"canonical\" href=\"https:\/\/tropicalwingsbirds.shop\/it\/negozio\/buy-shaheen-falcon-for-sale-online\/\" \/>\n<meta property=\"og:locale\" content=\"it_IT\" \/>\n<meta property=\"og:type\" content=\"article\" \/>\n<meta property=\"og:title\" content=\"Buy Shaheen Falcon For Sale Online\" \/>\n<meta property=\"og:description\" content=\"For Sale (Falco peregrinus peregrinator) is a non-migratory subspecies of the peregrine found mainly in the Indian subcontinent. Other common names for the subspecies include the black shaheen and Indian peregrine falcon. This species was termed the black shaheen by falconers to separate it from the true shaheen of Persian literature. Scholars of Persian and [&hellip;]\" \/>\n<meta property=\"og:url\" content=\"https:\/\/tropicalwingsbirds.shop\/it\/negozio\/buy-shaheen-falcon-for-sale-online\/\" \/>\n<meta property=\"og:site_name\" content=\"Tropical Wings Birds\" \/>\n<meta property=\"article:publisher\" content=\"https:\/\/web.facebook.com\/profile.php?id=61551502767851&amp;mibextid=2JQ9oc&amp;_rdc=1&amp;_rdr\" \/>\n<meta property=\"article:modified_time\" content=\"2023-12-07T14:26:35+00:00\" \/>\n<meta property=\"og:image\" content=\"https:\/\/tropicalwingsbirds.shop\/wp-content\/uploads\/2023\/12\/k7.jpg\" \/>\n\t<meta property=\"og:image:width\" content=\"510\" \/>\n\t<meta property=\"og:image:height\" content=\"638\" \/>\n\t<meta property=\"og:image:type\" content=\"image\/jpeg\" \/>\n<meta name=\"twitter:card\" content=\"summary_large_image\" \/>\n<meta name=\"twitter:label1\" content=\"Prezzo\" \/>\n\t<meta name=\"twitter:data1\" content=\"\" \/>\n\t<meta name=\"twitter:label2\" content=\"Disponibilit\u00e0\" \/>\n\t<meta name=\"twitter:data2\" content=\"In stock\" \/>\n<script type=\"application\/ld+json\" class=\"yoast-schema-graph\">{\"@context\":\"https:\/\/schema.org\",\"@graph\":[{\"@type\":\"WebPage\",\"@id\":\"https:\/\/tropicalwingsbirds.shop\/shop\/buy-shaheen-falcon-for-sale-online\/\",\"url\":\"https:\/\/tropicalwingsbirds.shop\/shop\/buy-shaheen-falcon-for-sale-online\/\",\"name\":\"Buy Shaheen Falcon For Sale Online - Tropical Wings Birds\",\"isPartOf\":{\"@id\":\"https:\/\/tropicalwingsbirds.shop\/#website\"},\"primaryImageOfPage\":{\"@id\":\"https:\/\/tropicalwingsbirds.shop\/shop\/buy-shaheen-falcon-for-sale-online\/#primaryimage\"},\"image\":{\"@id\":\"https:\/\/tropicalwingsbirds.shop\/shop\/buy-shaheen-falcon-for-sale-online\/#primaryimage\"},\"thumbnailUrl\":\"https:\/\/tropicalwingsbirds.shop\/wp-content\/uploads\/2023\/12\/k7.jpg\",\"datePublished\":\"2023-12-07T14:24:18+00:00\",\"dateModified\":\"2023-12-07T14:26:35+00:00\",\"breadcrumb\":{\"@id\":\"https:\/\/tropicalwingsbirds.shop\/shop\/buy-shaheen-falcon-for-sale-online\/#breadcrumb\"},\"inLanguage\":\"it-IT\",\"potentialAction\":[{\"@type\":\"ReadAction\",\"target\":[\"https:\/\/tropicalwingsbirds.shop\/shop\/buy-shaheen-falcon-for-sale-online\/\"]}]},{\"@type\":\"ImageObject\",\"inLanguage\":\"it-IT\",\"@id\":\"https:\/\/tropicalwingsbirds.shop\/shop\/buy-shaheen-falcon-for-sale-online\/#primaryimage\",\"url\":\"https:\/\/tropicalwingsbirds.shop\/wp-content\/uploads\/2023\/12\/k7.jpg\",\"contentUrl\":\"https:\/\/tropicalwingsbirds.shop\/wp-content\/uploads\/2023\/12\/k7.jpg\",\"width\":510,\"height\":638},{\"@type\":\"BreadcrumbList\",\"@id\":\"https:\/\/tropicalwingsbirds.shop\/shop\/buy-shaheen-falcon-for-sale-online\/#breadcrumb\",\"itemListElement\":[{\"@type\":\"ListItem\",\"position\":1,\"name\":\"Home\",\"item\":\"https:\/\/tropicalwingsbirds.shop\/\"},{\"@type\":\"ListItem\",\"position\":2,\"name\":\"Shop\",\"item\":\"https:\/\/tropicalwingsbirds.shop\/shop\/\"},{\"@type\":\"ListItem\",\"position\":3,\"name\":\"Buy Shaheen Falcon For Sale Online\"}]},{\"@type\":\"WebSite\",\"@id\":\"https:\/\/tropicalwingsbirds.shop\/#website\",\"url\":\"https:\/\/tropicalwingsbirds.shop\/\",\"name\":\"Tropical Wings Birds\",\"description\":\"Best Exotic birds breeders online\",\"publisher\":{\"@id\":\"https:\/\/tropicalwingsbirds.shop\/#organization\"},\"potentialAction\":[{\"@type\":\"SearchAction\",\"target\":{\"@type\":\"EntryPoint\",\"urlTemplate\":\"https:\/\/tropicalwingsbirds.shop\/?s={search_term_string}\"},\"query-input\":{\"@type\":\"PropertyValueSpecification\",\"valueRequired\":true,\"valueName\":\"search_term_string\"}}],\"inLanguage\":\"it-IT\"},{\"@type\":[\"Organization\",\"Place\",\"PetStore\"],\"@id\":\"https:\/\/tropicalwingsbirds.shop\/#organization\",\"name\":\"Tropical Wings Birds Shop\",\"alternateName\":\"TPWB\",\"url\":\"https:\/\/tropicalwingsbirds.shop\/\",\"logo\":{\"@id\":\"https:\/\/tropicalwingsbirds.shop\/shop\/buy-shaheen-falcon-for-sale-online\/#local-main-organization-logo\"},\"image\":{\"@id\":\"https:\/\/tropicalwingsbirds.shop\/shop\/buy-shaheen-falcon-for-sale-online\/#local-main-organization-logo\"},\"sameAs\":[\"https:\/\/web.facebook.com\/profile.php?id=61551502767851&mibextid=2JQ9oc&_rdc=1&_rdr\"],\"description\":\"Tropical Wings Birds is your destination for exotic avian companionship. Our boutique aviary in United States offers a curated selection of vibrant tropical birds sourced from reputable breeders worldwide. With a focus on welfare and expertise, our dedicated team is here to guide you on your journey to finding the perfect feathered friend. Visit us today and experience the magic of avian companionship at Tropical Wings Birds.\",\"legalName\":\"Tropical Wings Birds\",\"foundingDate\":\"2019-02-14\",\"numberOfEmployees\":{\"@type\":\"QuantitativeValue\",\"minValue\":\"1\",\"maxValue\":\"10\"},\"address\":{\"@id\":\"https:\/\/tropicalwingsbirds.shop\/shop\/buy-shaheen-falcon-for-sale-online\/#local-main-place-address\"},\"geo\":{\"@type\":\"GeoCoordinates\",\"latitude\":\"40.5976725\",\"longitude\":\"-122.3716346\"},\"telephone\":[\"+1 707-733-4623\",\"+1 707-733-4623\"],\"contactPoint\":{\"@type\":\"ContactPoint\",\"telephone\":\"+1 707-733-4623\",\"email\":\"sales@tropicalwingsbirds.shop\"},\"openingHoursSpecification\":{\"@type\":\"OpeningHoursSpecification\",\"dayOfWeek\":[\"Monday\",\"Tuesday\",\"Wednesday\",\"Thursday\",\"Friday\",\"Saturday\",\"Sunday\"],\"opens\":\"00:00\",\"closes\":\"23:59\"},\"email\":\"sales@tropicalwingsbirds.shop\",\"faxNumber\":\"+1 707-733-4623\",\"areaServed\":\"United states, Porto Rico, Canada, Australia\",\"priceRange\":\"$\",\"currenciesAccepted\":\"USD, CAD, AUD,\",\"paymentAccepted\":\"Zelle, Paypal, Bitcoin, Apple pay, Credit cards, Bank transfers\"},{\"@type\":\"PostalAddress\",\"@id\":\"https:\/\/tropicalwingsbirds.shop\/shop\/buy-shaheen-falcon-for-sale-online\/#local-main-place-address\",\"streetAddress\":\"500 Hilltop Dr,\",\"addressLocality\":\"Redding\",\"postalCode\":\"96003\",\"addressRegion\":\"California\",\"addressCountry\":\"US\"},{\"@type\":\"ImageObject\",\"inLanguage\":\"it-IT\",\"@id\":\"https:\/\/tropicalwingsbirds.shop\/shop\/buy-shaheen-falcon-for-sale-online\/#local-main-organization-logo\",\"url\":\"https:\/\/tropicalwingsbirds.shop\/wp-content\/uploads\/2024\/01\/tropical-wings-1.webp\",\"contentUrl\":\"https:\/\/tropicalwingsbirds.shop\/wp-content\/uploads\/2024\/01\/tropical-wings-1.webp\",\"width\":500,\"height\":500,\"caption\":\"Tropical Wings Birds Shop\"}]}<\/script>\n<meta property=\"product:price:currency\" content=\"USD\" \/>\n<meta property=\"og:availability\" content=\"instock\" \/>\n<meta property=\"product:availability\" content=\"instock\" \/>\n<meta property=\"product:condition\" content=\"new\" \/>\n<meta name=\"geo.placename\" content=\"Redding\" \/>\n<meta name=\"geo.position\" content=\"40.5976725;-122.3716346\" \/>\n<meta name=\"geo.region\" content=\"United States (US)\" \/>\n<!-- \/ Yoast SEO Premium plugin. -->","yoast_head_json":{"title":"Buy Shaheen Falcon For Sale Online - Tropical Wings Birds","robots":{"index":"index","follow":"follow","max-snippet":"max-snippet:-1","max-image-preview":"max-image-preview:large","max-video-preview":"max-video-preview:-1"},"canonical":"https:\/\/tropicalwingsbirds.shop\/it\/negozio\/buy-shaheen-falcon-for-sale-online\/","og_locale":"it_IT","og_type":"article","og_title":"Buy Shaheen Falcon For Sale Online","og_description":"For Sale (Falco peregrinus peregrinator) is a non-migratory subspecies of the peregrine found mainly in the Indian subcontinent. Other common names for the subspecies include the black shaheen and Indian peregrine falcon. This species was termed the black shaheen by falconers to separate it from the true shaheen of Persian literature. Scholars of Persian and [&hellip;]","og_url":"https:\/\/tropicalwingsbirds.shop\/it\/negozio\/buy-shaheen-falcon-for-sale-online\/","og_site_name":"Tropical Wings Birds","article_publisher":"https:\/\/web.facebook.com\/profile.php?id=61551502767851&mibextid=2JQ9oc&_rdc=1&_rdr","article_modified_time":"2023-12-07T14:26:35+00:00","og_image":[{"width":510,"height":638,"url":"https:\/\/tropicalwingsbirds.shop\/wp-content\/uploads\/2023\/12\/k7.jpg","type":"image\/jpeg"}],"twitter_card":"summary_large_image","twitter_misc":{"Prezzo":"","Disponibilit\u00e0":"In stock"},"schema":{"@context":"https:\/\/schema.org","@graph":[{"@type":"WebPage","@id":"https:\/\/tropicalwingsbirds.shop\/shop\/buy-shaheen-falcon-for-sale-online\/","url":"https:\/\/tropicalwingsbirds.shop\/shop\/buy-shaheen-falcon-for-sale-online\/","name":"Buy Shaheen Falcon For Sale Online - Tropical Wings Birds","isPartOf":{"@id":"https:\/\/tropicalwingsbirds.shop\/#website"},"primaryImageOfPage":{"@id":"https:\/\/tropicalwingsbirds.shop\/shop\/buy-shaheen-falcon-for-sale-online\/#primaryimage"},"image":{"@id":"https:\/\/tropicalwingsbirds.shop\/shop\/buy-shaheen-falcon-for-sale-online\/#primaryimage"},"thumbnailUrl":"https:\/\/tropicalwingsbirds.shop\/wp-content\/uploads\/2023\/12\/k7.jpg","datePublished":"2023-12-07T14:24:18+00:00","dateModified":"2023-12-07T14:26:35+00:00","breadcrumb":{"@id":"https:\/\/tropicalwingsbirds.shop\/shop\/buy-shaheen-falcon-for-sale-online\/#breadcrumb"},"inLanguage":"it-IT","potentialAction":[{"@type":"ReadAction","target":["https:\/\/tropicalwingsbirds.shop\/shop\/buy-shaheen-falcon-for-sale-online\/"]}]},{"@type":"ImageObject","inLanguage":"it-IT","@id":"https:\/\/tropicalwingsbirds.shop\/shop\/buy-shaheen-falcon-for-sale-online\/#primaryimage","url":"https:\/\/tropicalwingsbirds.shop\/wp-content\/uploads\/2023\/12\/k7.jpg","contentUrl":"https:\/\/tropicalwingsbirds.shop\/wp-content\/uploads\/2023\/12\/k7.jpg","width":510,"height":638},{"@type":"BreadcrumbList","@id":"https:\/\/tropicalwingsbirds.shop\/shop\/buy-shaheen-falcon-for-sale-online\/#breadcrumb","itemListElement":[{"@type":"ListItem","position":1,"name":"Home","item":"https:\/\/tropicalwingsbirds.shop\/"},{"@type":"ListItem","position":2,"name":"Shop","item":"https:\/\/tropicalwingsbirds.shop\/shop\/"},{"@type":"ListItem","position":3,"name":"Buy Shaheen Falcon For Sale Online"}]},{"@type":"WebSite","@id":"https:\/\/tropicalwingsbirds.shop\/#website","url":"https:\/\/tropicalwingsbirds.shop\/","name":"Uccelli dalle ali tropicali","description":"I migliori allevatori di uccelli esotici online","publisher":{"@id":"https:\/\/tropicalwingsbirds.shop\/#organization"},"potentialAction":[{"@type":"SearchAction","target":{"@type":"EntryPoint","urlTemplate":"https:\/\/tropicalwingsbirds.shop\/?s={search_term_string}"},"query-input":{"@type":"PropertyValueSpecification","valueRequired":true,"valueName":"search_term_string"}}],"inLanguage":"it-IT"},{"@type":["Organization","Place","PetStore"],"@id":"https:\/\/tropicalwingsbirds.shop\/#organization","name":"Tropical Wings Birds Shop","alternateName":"TPWB","url":"https:\/\/tropicalwingsbirds.shop\/","logo":{"@id":"https:\/\/tropicalwingsbirds.shop\/shop\/buy-shaheen-falcon-for-sale-online\/#local-main-organization-logo"},"image":{"@id":"https:\/\/tropicalwingsbirds.shop\/shop\/buy-shaheen-falcon-for-sale-online\/#local-main-organization-logo"},"sameAs":["https:\/\/web.facebook.com\/profile.php?id=61551502767851&mibextid=2JQ9oc&_rdc=1&_rdr"],"description":"Tropical Wings Birds \u00e8 la tua destinazione per la compagnia di uccelli esotici. La nostra voliera boutique negli Stati Uniti offre una selezione accurata di vivaci uccelli tropicali provenienti da rinomati allevatori di tutto il mondo. Con un&#039;attenzione particolare al benessere e alla competenza, il nostro team dedicato \u00e8 qui per guidarti nel tuo viaggio alla ricerca del perfetto amico pennuto. Visitaci oggi stesso e vivi la magia della compagnia di uccelli da Tropical Wings Birds.","legalName":"Tropical Wings Birds","foundingDate":"2019-02-14","numberOfEmployees":{"@type":"QuantitativeValue","minValue":"1","maxValue":"10"},"address":{"@id":"https:\/\/tropicalwingsbirds.shop\/shop\/buy-shaheen-falcon-for-sale-online\/#local-main-place-address"},"geo":{"@type":"GeoCoordinates","latitude":"40.5976725","longitude":"-122.3716346"},"telephone":["+1 707-733-4623","+1 707-733-4623"],"contactPoint":{"@type":"ContactPoint","telephone":"+1 707-733-4623","email":"sales@tropicalwingsbirds.shop"},"openingHoursSpecification":{"@type":"OpeningHoursSpecification","dayOfWeek":["Monday","Tuesday","Wednesday","Thursday","Friday","Saturday","Sunday"],"opens":"00:00","closes":"23:59"},"email":"sales@tropicalwingsbirds.shop","faxNumber":"+1 707-733-4623","areaServed":"United states, Porto Rico, Canada, Australia","priceRange":"$","currenciesAccepted":"USD, CAD, AUD,","paymentAccepted":"Zelle, Paypal, Bitcoin, Apple pay, Credit cards, Bank transfers"},{"@type":"PostalAddress","@id":"https:\/\/tropicalwingsbirds.shop\/shop\/buy-shaheen-falcon-for-sale-online\/#local-main-place-address","streetAddress":"500 Hilltop Dr,","addressLocality":"Redding","postalCode":"96003","addressRegion":"California","addressCountry":"US"},{"@type":"ImageObject","inLanguage":"it-IT","@id":"https:\/\/tropicalwingsbirds.shop\/shop\/buy-shaheen-falcon-for-sale-online\/#local-main-organization-logo","url":"https:\/\/tropicalwingsbirds.shop\/wp-content\/uploads\/2024\/01\/tropical-wings-1.webp","contentUrl":"https:\/\/tropicalwingsbirds.shop\/wp-content\/uploads\/2024\/01\/tropical-wings-1.webp","width":500,"height":500,"caption":"Tropical Wings Birds Shop"}]},"product_price_currency":"USD","og_availability":"instock","product_availability":"instock","product_condition":"new","geo.placename":"Redding","geo.position":{"lat":"40.5976725","long":"-122.3716346"},"geo.region":"United States (US)"},"_links":{"self":[{"href":"https:\/\/tropicalwingsbirds.shop\/it\/wp-json\/wp\/v2\/product\/1767","targetHints":{"allow":["GET"]}}],"collection":[{"href":"https:\/\/tropicalwingsbirds.shop\/it\/wp-json\/wp\/v2\/product"}],"about":[{"href":"https:\/\/tropicalwingsbirds.shop\/it\/wp-json\/wp\/v2\/types\/product"}],"replies":[{"embeddable":true,"href":"https:\/\/tropicalwingsbirds.shop\/it\/wp-json\/wp\/v2\/comments?post=1767"}],"wp:featuredmedia":[{"embeddable":true,"href":"https:\/\/tropicalwingsbirds.shop\/it\/wp-json\/wp\/v2\/media\/1813"}],"wp:attachment":[{"href":"https:\/\/tropicalwingsbirds.shop\/it\/wp-json\/wp\/v2\/media?parent=1767"}],"wp:term":[{"taxonomy":"product_brand","embeddable":true,"href":"https:\/\/tropicalwingsbirds.shop\/it\/wp-json\/wp\/v2\/product_brand?post=1767"},{"taxonomy":"product_cat","embeddable":true,"href":"https:\/\/tropicalwingsbirds.shop\/it\/wp-json\/wp\/v2\/product_cat?post=1767"},{"taxonomy":"product_tag","embeddable":true,"href":"https:\/\/tropicalwingsbirds.shop\/it\/wp-json\/wp\/v2\/product_tag?post=1767"}],"curies":[{"name":"wp","href":"https:\/\/api.w.org\/{rel}","templated":true}]}}