{"id":572,"date":"2023-12-03T14:05:58","date_gmt":"2023-12-03T14:05:58","guid":{"rendered":"https:\/\/tropicalwingsbirds.shop\/?post_type=product&#038;p=572"},"modified":"2023-12-03T14:06:15","modified_gmt":"2023-12-03T14:06:15","slug":"caicco-dal-ventre-bianco-in-vendita","status":"publish","type":"product","link":"https:\/\/tropicalwingsbirds.shop\/it\/negozio\/caicco-dal-ventre-bianco-in-vendita\/","title":{"rendered":"\u00a0Caicco dal ventre bianco in vendita"},"content":{"rendered":"<p><strong>\u00a0Caicco dal ventre bianco in vendita <\/strong><\/p>\n<p>I caicchi sono specie di pappagalli del genere Porites. Sono relativamente piccoli e tozzi, con una coda corta e quadrata e colori molto vivaci. Il loro peso tipico \u00e8 di 150-170 grammi. Si distinguono due specie: il caicco testascura e il caicco ventrebianco. Alleviamo <a href=\"https:\/\/timiesbirds.com\/product\/black-headed-caique-for-sale\/\">Caicchi dalla testa nera in vendita<\/a> e Caicchi dal ventre bianco. Questo ci consente di istruire i futuri proprietari di Caicchi in merito alla migliore cura, attenzione e socializzazione possibili per il loro nuovo animale domestico. Caicco dal ventre bianco in vendita<\/p>\n<h2>Cura e alimentazione di\u00a0<strong> Caicco dal ventre bianco<br \/> <\/strong><\/h2>\n<p>\u00c8 necessario fornire quotidianamente cibo fresco e acqua.<br \/> In natura, il Caicco dal ventre bianco in vendita si nutre di una variet\u00e0 di semi, bacche, frutta, noci, fiori e nettare. Oltre a questi alimenti, \u00e8 possibile somministrare al caicco verdure e pellet commerciali. Apprezzano anche gli stessi alimenti nutrienti che mangiamo noi umani, tra cui pollo cotto. Anche fagioli, riso e cereali cotti sono apprezzati, ma cibi morbidi come questi si deteriorano in circa 4 ore. Un po&#039; di miglio \u00e8 una piacevole ricompensa.<\/p>\n<p><strong>Carattere e comportamento<br \/> <\/strong><\/p>\n<p>I caicchi stanno rapidamente diventando una delle specie pi\u00f9 attraenti per i proprietari e gli allevatori di animali domestici. Il caicco \u00e8 un animale piumato estremamente dinamico e ad alta vitalit\u00e0, con limitate <a href=\"https:\/\/mozillabirdsfarm.com\/speech-sound\/\">capacit\u00e0 di parlare<\/a>Un caicco nutrito a mano \u00e8 un animale domestico premuroso e un parente.<\/p>\n<p>Ogni cucciolo di Caicco allevato presso l&#039;Aviary viene sessato tramite DNA a circa 4-5 settimane di et\u00e0 e vi verr\u00e0 consegnato con un certificato dei risultati del test del DNA. Questo \u00e8 fondamentale per alcuni proprietari di animali domestici nella scelta di un nome &quot;adatto all&#039;orientamento sessuale&quot; o per scegliere un alleato per un <a href=\"https:\/\/timiesbirds.com\/product\/black-headed-caique-for-sale\/\">Caicco dalla testa nera in vendita<\/a> da ora in poi nella loro casa.<\/p>\n<p><a href=\"https:\/\/timiesbirds.com\/product\/white-bellied-caique-for-sale\/\">ACQUISTA ONLINE IL CAIQUE DAL VENTRE BIANCO<\/a><\/p>","protected":false},"excerpt":{"rendered":"<p>Disponiamo di splendidi caicchi. Noti come i pagliacci degli uccelli da compagnia, i caicchi sono amati dagli appassionati di uccelli per la loro natura socievole e la capacit\u00e0 di far ridere con le loro bizzarre buffonate. I caicchi sono sempre &quot;in movimento&quot; e amano giocare con i giocattoli.<\/p>\n<p>Lunghezza: 9-10 pollici<br \/> Peso: 150\u2013170 grammi<br \/> Fasciato: S\u00ec<br \/> Capacit\u00e0 di parlare: S\u00ec<\/p>","protected":false},"featured_media":607,"comment_status":"closed","ping_status":"closed","template":"","meta":{"site-sidebar-layout":"default","site-content-layout":"","ast-site-content-layout":"default","site-content-style":"default","site-sidebar-style":"default","ast-global-header-display":"","ast-banner-title-visibility":"","ast-main-header-display":"","ast-hfb-above-header-display":"","ast-hfb-below-header-display":"","ast-hfb-mobile-header-display":"","site-post-title":"","ast-breadcrumbs-content":"","ast-featured-img":"","footer-sml-layout":"","theme-transparent-header-meta":"","adv-header-id-meta":"","stick-header-meta":"","header-above-stick-meta":"","header-main-stick-meta":"","header-below-stick-meta":"","astra-migrate-meta-layouts":"default","ast-page-background-enabled":"default","ast-page-background-meta":{"desktop":{"background-color":"var(--ast-global-color-4)","background-image":"","background-repeat":"repeat","background-position":"center center","background-size":"auto","background-attachment":"scroll","background-type":"","background-media":"","overlay-type":"","overlay-color":"","overlay-opacity":"","overlay-gradient":""},"tablet":{"background-color":"","background-image":"","background-repeat":"repeat","background-position":"center center","background-size":"auto","background-attachment":"scroll","background-type":"","background-media":"","overlay-type":"","overlay-color":"","overlay-opacity":"","overlay-gradient":""},"mobile":{"background-color":"","background-image":"","background-repeat":"repeat","background-position":"center center","background-size":"auto","background-attachment":"scroll","background-type":"","background-media":"","overlay-type":"","overlay-color":"","overlay-opacity":"","overlay-gradient":""}},"ast-content-background-meta":{"desktop":{"background-color":"var(--ast-global-color-5)","background-image":"","background-repeat":"repeat","background-position":"center center","background-size":"auto","background-attachment":"scroll","background-type":"","background-media":"","overlay-type":"","overlay-color":"","overlay-opacity":"","overlay-gradient":""},"tablet":{"background-color":"var(--ast-global-color-5)","background-image":"","background-repeat":"repeat","background-position":"center center","background-size":"auto","background-attachment":"scroll","background-type":"","background-media":"","overlay-type":"","overlay-color":"","overlay-opacity":"","overlay-gradient":""},"mobile":{"background-color":"var(--ast-global-color-5)","background-image":"","background-repeat":"repeat","background-position":"center center","background-size":"auto","background-attachment":"scroll","background-type":"","background-media":"","overlay-type":"","overlay-color":"","overlay-opacity":"","overlay-gradient":""}}},"product_brand":[],"product_cat":[15],"product_tag":[114,115,116,117,118,119,120,121,122,123,124,125,126,127,128],"class_list":{"0":"post-572","1":"product","2":"type-product","3":"status-publish","4":"has-post-thumbnail","6":"product_cat-uncategorized","7":"product_tag-babyparrot","8":"product_tag-birdlovers","9":"product_tag-buy-caique-bird","10":"product_tag-buy-caique-online","11":"product_tag-buy-caique-parrot","12":"product_tag-caique-bird-for-sale","13":"product_tag-caique-breeders-near-me","14":"product_tag-caique-parrots-as-pets","15":"product_tag-caiquesparrots","16":"product_tag-ilovebirds","17":"product_tag-macaws","18":"product_tag-parrotlovers","19":"product_tag-parrots","20":"product_tag-pets","21":"product_tag-wildlife","22":"desktop-align-left","23":"tablet-align-left","24":"mobile-align-left","25":"ast-product-gallery-layout-horizontal-slider","26":"ast-product-tabs-layout-horizontal","27":"ast-qv-on-image","29":"first","30":"instock","31":"shipping-taxable","32":"product-type-simple"},"yoast_head":"<!-- This site is optimized with the Yoast SEO Premium plugin v23.2 (Yoast SEO v26.8) - https:\/\/yoast.com\/product\/yoast-seo-premium-wordpress\/ -->\n<title>\u00a0White bellied Caique for sale - Tropical Wings Birds<\/title>\n<meta name=\"robots\" content=\"index, follow, max-snippet:-1, max-image-preview:large, max-video-preview:-1\" \/>\n<link rel=\"canonical\" href=\"https:\/\/tropicalwingsbirds.shop\/it\/negozio\/caicco-dal-ventre-bianco-in-vendita\/\" \/>\n<meta property=\"og:locale\" content=\"it_IT\" \/>\n<meta property=\"og:type\" content=\"article\" \/>\n<meta property=\"og:title\" content=\"\u00a0White bellied Caique for sale\" \/>\n<meta property=\"og:description\" content=\"We have beautiful Caiques available. Well known as the clown of companion birds, caiques are loved by bird fanciers for their outgoing nature and ability to make people laugh with their playful antics. Caiques are always \u201con the go\u201d and love to play with toys. Length: 9-10 inches Weight: 150\u2013170 grams Banded: Yes Talking Ability: Yes\" \/>\n<meta property=\"og:url\" content=\"https:\/\/tropicalwingsbirds.shop\/it\/negozio\/caicco-dal-ventre-bianco-in-vendita\/\" \/>\n<meta property=\"og:site_name\" content=\"Tropical Wings Birds\" \/>\n<meta property=\"article:publisher\" content=\"https:\/\/web.facebook.com\/profile.php?id=61551502767851&amp;mibextid=2JQ9oc&amp;_rdc=1&amp;_rdr\" \/>\n<meta property=\"article:modified_time\" content=\"2023-12-03T14:06:15+00:00\" \/>\n<meta property=\"og:image\" content=\"https:\/\/tropicalwingsbirds.shop\/wp-content\/uploads\/2023\/12\/WhatsApp-Image-2021-04-23-at-17.12.38.jpeg\" \/>\n\t<meta property=\"og:image:width\" content=\"1080\" \/>\n\t<meta property=\"og:image:height\" content=\"1080\" \/>\n\t<meta property=\"og:image:type\" content=\"image\/jpeg\" \/>\n<meta name=\"twitter:card\" content=\"summary_large_image\" \/>\n<meta name=\"twitter:label1\" content=\"Prezzo\" \/>\n\t<meta name=\"twitter:data1\" content=\"\" \/>\n\t<meta name=\"twitter:label2\" content=\"Disponibilit\u00e0\" \/>\n\t<meta name=\"twitter:data2\" content=\"In stock\" \/>\n<script type=\"application\/ld+json\" class=\"yoast-schema-graph\">{\"@context\":\"https:\/\/schema.org\",\"@graph\":[{\"@type\":\"WebPage\",\"@id\":\"https:\/\/tropicalwingsbirds.shop\/shop\/white-bellied-caique-for-sale\/\",\"url\":\"https:\/\/tropicalwingsbirds.shop\/shop\/white-bellied-caique-for-sale\/\",\"name\":\"\u00a0White bellied Caique for sale - Tropical Wings Birds\",\"isPartOf\":{\"@id\":\"https:\/\/tropicalwingsbirds.shop\/#website\"},\"primaryImageOfPage\":{\"@id\":\"https:\/\/tropicalwingsbirds.shop\/shop\/white-bellied-caique-for-sale\/#primaryimage\"},\"image\":{\"@id\":\"https:\/\/tropicalwingsbirds.shop\/shop\/white-bellied-caique-for-sale\/#primaryimage\"},\"thumbnailUrl\":\"https:\/\/tropicalwingsbirds.shop\/wp-content\/uploads\/2023\/12\/WhatsApp-Image-2021-04-23-at-17.12.38.jpeg\",\"datePublished\":\"2023-12-03T14:05:58+00:00\",\"dateModified\":\"2023-12-03T14:06:15+00:00\",\"breadcrumb\":{\"@id\":\"https:\/\/tropicalwingsbirds.shop\/shop\/white-bellied-caique-for-sale\/#breadcrumb\"},\"inLanguage\":\"it-IT\",\"potentialAction\":[{\"@type\":\"ReadAction\",\"target\":[\"https:\/\/tropicalwingsbirds.shop\/shop\/white-bellied-caique-for-sale\/\"]}]},{\"@type\":\"ImageObject\",\"inLanguage\":\"it-IT\",\"@id\":\"https:\/\/tropicalwingsbirds.shop\/shop\/white-bellied-caique-for-sale\/#primaryimage\",\"url\":\"https:\/\/tropicalwingsbirds.shop\/wp-content\/uploads\/2023\/12\/WhatsApp-Image-2021-04-23-at-17.12.38.jpeg\",\"contentUrl\":\"https:\/\/tropicalwingsbirds.shop\/wp-content\/uploads\/2023\/12\/WhatsApp-Image-2021-04-23-at-17.12.38.jpeg\",\"width\":1080,\"height\":1080},{\"@type\":\"BreadcrumbList\",\"@id\":\"https:\/\/tropicalwingsbirds.shop\/shop\/white-bellied-caique-for-sale\/#breadcrumb\",\"itemListElement\":[{\"@type\":\"ListItem\",\"position\":1,\"name\":\"Home\",\"item\":\"https:\/\/tropicalwingsbirds.shop\/\"},{\"@type\":\"ListItem\",\"position\":2,\"name\":\"Shop\",\"item\":\"https:\/\/tropicalwingsbirds.shop\/shop\/\"},{\"@type\":\"ListItem\",\"position\":3,\"name\":\"\u00a0White bellied Caique for sale\"}]},{\"@type\":\"WebSite\",\"@id\":\"https:\/\/tropicalwingsbirds.shop\/#website\",\"url\":\"https:\/\/tropicalwingsbirds.shop\/\",\"name\":\"Tropical Wings Birds\",\"description\":\"Best Exotic birds breeders online\",\"publisher\":{\"@id\":\"https:\/\/tropicalwingsbirds.shop\/#organization\"},\"potentialAction\":[{\"@type\":\"SearchAction\",\"target\":{\"@type\":\"EntryPoint\",\"urlTemplate\":\"https:\/\/tropicalwingsbirds.shop\/?s={search_term_string}\"},\"query-input\":{\"@type\":\"PropertyValueSpecification\",\"valueRequired\":true,\"valueName\":\"search_term_string\"}}],\"inLanguage\":\"it-IT\"},{\"@type\":[\"Organization\",\"Place\",\"PetStore\"],\"@id\":\"https:\/\/tropicalwingsbirds.shop\/#organization\",\"name\":\"Tropical Wings Birds Shop\",\"alternateName\":\"TPWB\",\"url\":\"https:\/\/tropicalwingsbirds.shop\/\",\"logo\":{\"@id\":\"https:\/\/tropicalwingsbirds.shop\/shop\/white-bellied-caique-for-sale\/#local-main-organization-logo\"},\"image\":{\"@id\":\"https:\/\/tropicalwingsbirds.shop\/shop\/white-bellied-caique-for-sale\/#local-main-organization-logo\"},\"sameAs\":[\"https:\/\/web.facebook.com\/profile.php?id=61551502767851&mibextid=2JQ9oc&_rdc=1&_rdr\"],\"description\":\"Tropical Wings Birds is your destination for exotic avian companionship. Our boutique aviary in United States offers a curated selection of vibrant tropical birds sourced from reputable breeders worldwide. With a focus on welfare and expertise, our dedicated team is here to guide you on your journey to finding the perfect feathered friend. Visit us today and experience the magic of avian companionship at Tropical Wings Birds.\",\"legalName\":\"Tropical Wings Birds\",\"foundingDate\":\"2019-02-14\",\"numberOfEmployees\":{\"@type\":\"QuantitativeValue\",\"minValue\":\"1\",\"maxValue\":\"10\"},\"address\":{\"@id\":\"https:\/\/tropicalwingsbirds.shop\/shop\/white-bellied-caique-for-sale\/#local-main-place-address\"},\"geo\":{\"@type\":\"GeoCoordinates\",\"latitude\":\"40.5976725\",\"longitude\":\"-122.3716346\"},\"telephone\":[\"+1 707-733-4623\",\"+1 707-733-4623\"],\"contactPoint\":{\"@type\":\"ContactPoint\",\"telephone\":\"+1 707-733-4623\",\"email\":\"sales@tropicalwingsbirds.shop\"},\"openingHoursSpecification\":{\"@type\":\"OpeningHoursSpecification\",\"dayOfWeek\":[\"Monday\",\"Tuesday\",\"Wednesday\",\"Thursday\",\"Friday\",\"Saturday\",\"Sunday\"],\"opens\":\"00:00\",\"closes\":\"23:59\"},\"email\":\"sales@tropicalwingsbirds.shop\",\"faxNumber\":\"+1 707-733-4623\",\"areaServed\":\"United states, Porto Rico, Canada, Australia\",\"priceRange\":\"$\",\"currenciesAccepted\":\"USD, CAD, AUD,\",\"paymentAccepted\":\"Zelle, Paypal, Bitcoin, Apple pay, Credit cards, Bank transfers\"},{\"@type\":\"PostalAddress\",\"@id\":\"https:\/\/tropicalwingsbirds.shop\/shop\/white-bellied-caique-for-sale\/#local-main-place-address\",\"streetAddress\":\"500 Hilltop Dr,\",\"addressLocality\":\"Redding\",\"postalCode\":\"96003\",\"addressRegion\":\"California\",\"addressCountry\":\"US\"},{\"@type\":\"ImageObject\",\"inLanguage\":\"it-IT\",\"@id\":\"https:\/\/tropicalwingsbirds.shop\/shop\/white-bellied-caique-for-sale\/#local-main-organization-logo\",\"url\":\"https:\/\/tropicalwingsbirds.shop\/wp-content\/uploads\/2024\/01\/tropical-wings-1.webp\",\"contentUrl\":\"https:\/\/tropicalwingsbirds.shop\/wp-content\/uploads\/2024\/01\/tropical-wings-1.webp\",\"width\":500,\"height\":500,\"caption\":\"Tropical Wings Birds Shop\"}]}<\/script>\n<meta property=\"product:price:currency\" content=\"USD\" \/>\n<meta property=\"og:availability\" content=\"instock\" \/>\n<meta property=\"product:availability\" content=\"instock\" \/>\n<meta property=\"product:condition\" content=\"new\" \/>\n<meta name=\"geo.placename\" content=\"Redding\" \/>\n<meta name=\"geo.position\" content=\"40.5976725;-122.3716346\" \/>\n<meta name=\"geo.region\" content=\"United States (US)\" \/>\n<!-- \/ Yoast SEO Premium plugin. -->","yoast_head_json":{"title":"\u00a0Caicco dal ventre bianco in vendita - Tropical Wings Birds","robots":{"index":"index","follow":"follow","max-snippet":"max-snippet:-1","max-image-preview":"max-image-preview:large","max-video-preview":"max-video-preview:-1"},"canonical":"https:\/\/tropicalwingsbirds.shop\/it\/negozio\/caicco-dal-ventre-bianco-in-vendita\/","og_locale":"it_IT","og_type":"article","og_title":"\u00a0White bellied Caique for sale","og_description":"We have beautiful Caiques available. Well known as the clown of companion birds, caiques are loved by bird fanciers for their outgoing nature and ability to make people laugh with their playful antics. Caiques are always \u201con the go\u201d and love to play with toys. Length: 9-10 inches Weight: 150\u2013170 grams Banded: Yes Talking Ability: Yes","og_url":"https:\/\/tropicalwingsbirds.shop\/it\/negozio\/caicco-dal-ventre-bianco-in-vendita\/","og_site_name":"Tropical Wings Birds","article_publisher":"https:\/\/web.facebook.com\/profile.php?id=61551502767851&mibextid=2JQ9oc&_rdc=1&_rdr","article_modified_time":"2023-12-03T14:06:15+00:00","og_image":[{"width":1080,"height":1080,"url":"https:\/\/tropicalwingsbirds.shop\/wp-content\/uploads\/2023\/12\/WhatsApp-Image-2021-04-23-at-17.12.38.jpeg","type":"image\/jpeg"}],"twitter_card":"summary_large_image","twitter_misc":{"Prezzo":"","Disponibilit\u00e0":"In stock"},"schema":{"@context":"https:\/\/schema.org","@graph":[{"@type":"WebPage","@id":"https:\/\/tropicalwingsbirds.shop\/shop\/white-bellied-caique-for-sale\/","url":"https:\/\/tropicalwingsbirds.shop\/shop\/white-bellied-caique-for-sale\/","name":"\u00a0Caicco dal ventre bianco in vendita - Tropical Wings Birds","isPartOf":{"@id":"https:\/\/tropicalwingsbirds.shop\/#website"},"primaryImageOfPage":{"@id":"https:\/\/tropicalwingsbirds.shop\/shop\/white-bellied-caique-for-sale\/#primaryimage"},"image":{"@id":"https:\/\/tropicalwingsbirds.shop\/shop\/white-bellied-caique-for-sale\/#primaryimage"},"thumbnailUrl":"https:\/\/tropicalwingsbirds.shop\/wp-content\/uploads\/2023\/12\/WhatsApp-Image-2021-04-23-at-17.12.38.jpeg","datePublished":"2023-12-03T14:05:58+00:00","dateModified":"2023-12-03T14:06:15+00:00","breadcrumb":{"@id":"https:\/\/tropicalwingsbirds.shop\/shop\/white-bellied-caique-for-sale\/#breadcrumb"},"inLanguage":"it-IT","potentialAction":[{"@type":"ReadAction","target":["https:\/\/tropicalwingsbirds.shop\/shop\/white-bellied-caique-for-sale\/"]}]},{"@type":"ImageObject","inLanguage":"it-IT","@id":"https:\/\/tropicalwingsbirds.shop\/shop\/white-bellied-caique-for-sale\/#primaryimage","url":"https:\/\/tropicalwingsbirds.shop\/wp-content\/uploads\/2023\/12\/WhatsApp-Image-2021-04-23-at-17.12.38.jpeg","contentUrl":"https:\/\/tropicalwingsbirds.shop\/wp-content\/uploads\/2023\/12\/WhatsApp-Image-2021-04-23-at-17.12.38.jpeg","width":1080,"height":1080},{"@type":"BreadcrumbList","@id":"https:\/\/tropicalwingsbirds.shop\/shop\/white-bellied-caique-for-sale\/#breadcrumb","itemListElement":[{"@type":"ListItem","position":1,"name":"Home","item":"https:\/\/tropicalwingsbirds.shop\/"},{"@type":"ListItem","position":2,"name":"Shop","item":"https:\/\/tropicalwingsbirds.shop\/shop\/"},{"@type":"ListItem","position":3,"name":"\u00a0White bellied Caique for sale"}]},{"@type":"WebSite","@id":"https:\/\/tropicalwingsbirds.shop\/#website","url":"https:\/\/tropicalwingsbirds.shop\/","name":"Uccelli dalle ali tropicali","description":"I migliori allevatori di uccelli esotici online","publisher":{"@id":"https:\/\/tropicalwingsbirds.shop\/#organization"},"potentialAction":[{"@type":"SearchAction","target":{"@type":"EntryPoint","urlTemplate":"https:\/\/tropicalwingsbirds.shop\/?s={search_term_string}"},"query-input":{"@type":"PropertyValueSpecification","valueRequired":true,"valueName":"search_term_string"}}],"inLanguage":"it-IT"},{"@type":["Organization","Place","PetStore"],"@id":"https:\/\/tropicalwingsbirds.shop\/#organization","name":"Tropical Wings Birds Shop","alternateName":"TPWB","url":"https:\/\/tropicalwingsbirds.shop\/","logo":{"@id":"https:\/\/tropicalwingsbirds.shop\/shop\/white-bellied-caique-for-sale\/#local-main-organization-logo"},"image":{"@id":"https:\/\/tropicalwingsbirds.shop\/shop\/white-bellied-caique-for-sale\/#local-main-organization-logo"},"sameAs":["https:\/\/web.facebook.com\/profile.php?id=61551502767851&mibextid=2JQ9oc&_rdc=1&_rdr"],"description":"Tropical Wings Birds \u00e8 la tua destinazione per la compagnia di uccelli esotici. La nostra voliera boutique negli Stati Uniti offre una selezione accurata di vivaci uccelli tropicali provenienti da rinomati allevatori di tutto il mondo. Con un&#039;attenzione particolare al benessere e alla competenza, il nostro team dedicato \u00e8 qui per guidarti nel tuo viaggio alla ricerca del perfetto amico pennuto. Visitaci oggi stesso e vivi la magia della compagnia di uccelli da Tropical Wings Birds.","legalName":"Tropical Wings Birds","foundingDate":"2019-02-14","numberOfEmployees":{"@type":"QuantitativeValue","minValue":"1","maxValue":"10"},"address":{"@id":"https:\/\/tropicalwingsbirds.shop\/shop\/white-bellied-caique-for-sale\/#local-main-place-address"},"geo":{"@type":"GeoCoordinates","latitude":"40.5976725","longitude":"-122.3716346"},"telephone":["+1 707-733-4623","+1 707-733-4623"],"contactPoint":{"@type":"ContactPoint","telephone":"+1 707-733-4623","email":"sales@tropicalwingsbirds.shop"},"openingHoursSpecification":{"@type":"OpeningHoursSpecification","dayOfWeek":["Monday","Tuesday","Wednesday","Thursday","Friday","Saturday","Sunday"],"opens":"00:00","closes":"23:59"},"email":"sales@tropicalwingsbirds.shop","faxNumber":"+1 707-733-4623","areaServed":"United states, Porto Rico, Canada, Australia","priceRange":"$","currenciesAccepted":"USD, CAD, AUD,","paymentAccepted":"Zelle, Paypal, Bitcoin, Apple pay, Credit cards, Bank transfers"},{"@type":"PostalAddress","@id":"https:\/\/tropicalwingsbirds.shop\/shop\/white-bellied-caique-for-sale\/#local-main-place-address","streetAddress":"500 Hilltop Dr,","addressLocality":"Redding","postalCode":"96003","addressRegion":"California","addressCountry":"US"},{"@type":"ImageObject","inLanguage":"it-IT","@id":"https:\/\/tropicalwingsbirds.shop\/shop\/white-bellied-caique-for-sale\/#local-main-organization-logo","url":"https:\/\/tropicalwingsbirds.shop\/wp-content\/uploads\/2024\/01\/tropical-wings-1.webp","contentUrl":"https:\/\/tropicalwingsbirds.shop\/wp-content\/uploads\/2024\/01\/tropical-wings-1.webp","width":500,"height":500,"caption":"Tropical Wings Birds Shop"}]},"product_price_currency":"USD","og_availability":"instock","product_availability":"instock","product_condition":"new","geo.placename":"Redding","geo.position":{"lat":"40.5976725","long":"-122.3716346"},"geo.region":"United States (US)"},"_links":{"self":[{"href":"https:\/\/tropicalwingsbirds.shop\/it\/wp-json\/wp\/v2\/product\/572","targetHints":{"allow":["GET"]}}],"collection":[{"href":"https:\/\/tropicalwingsbirds.shop\/it\/wp-json\/wp\/v2\/product"}],"about":[{"href":"https:\/\/tropicalwingsbirds.shop\/it\/wp-json\/wp\/v2\/types\/product"}],"replies":[{"embeddable":true,"href":"https:\/\/tropicalwingsbirds.shop\/it\/wp-json\/wp\/v2\/comments?post=572"}],"wp:featuredmedia":[{"embeddable":true,"href":"https:\/\/tropicalwingsbirds.shop\/it\/wp-json\/wp\/v2\/media\/607"}],"wp:attachment":[{"href":"https:\/\/tropicalwingsbirds.shop\/it\/wp-json\/wp\/v2\/media?parent=572"}],"wp:term":[{"taxonomy":"product_brand","embeddable":true,"href":"https:\/\/tropicalwingsbirds.shop\/it\/wp-json\/wp\/v2\/product_brand?post=572"},{"taxonomy":"product_cat","embeddable":true,"href":"https:\/\/tropicalwingsbirds.shop\/it\/wp-json\/wp\/v2\/product_cat?post=572"},{"taxonomy":"product_tag","embeddable":true,"href":"https:\/\/tropicalwingsbirds.shop\/it\/wp-json\/wp\/v2\/product_tag?post=572"}],"curies":[{"name":"wp","href":"https:\/\/api.w.org\/{rel}","templated":true}]}}