{"id":622,"date":"2023-12-03T14:06:25","date_gmt":"2023-12-03T14:06:25","guid":{"rendered":"https:\/\/tropicalwingsbirds.shop\/?post_type=product&#038;p=622"},"modified":"2023-12-03T14:08:23","modified_gmt":"2023-12-03T14:08:23","slug":"pappagallo-cenerino-africano","status":"publish","type":"product","link":"https:\/\/tropicalwingsbirds.shop\/it\/negozio\/pappagallo-cenerino-africano\/","title":{"rendered":"Pappagallo cenerino africano"},"content":{"rendered":"<p><span style=\"font-size: 14pt;font-family: 'comic sans ms', sans-serif\">Pappagallo cenerino africano in vendita<\/span><\/p>\n<p><span style=\"font-family: verdana, geneva, sans-serif\">Il pappagallo cenerino africano<i>sono\u00a0<\/i> Uno degli uccelli parlanti\/imitatori pi\u00f9 talentuosi del pianeta, il che gli conferisce una certa reputazione tra gli appassionati di uccelli. Non solo gli allevatori di uccelli amano questo uccello intelligente, ma \u00e8 anche una delle specie pi\u00f9 riconoscibili anche per i neofiti: tutti conoscono il pappagallo cenerino africano in vendita. Questo pappagallo \u00e8 una delle specie di psittacidi pi\u00f9 antiche allevate dall&#039;uomo, con testimonianze che risalgono ai tempi biblici. La bellezza discreta e un atteggiamento intelligente e pratico sono ci\u00f2 che mantiene questo pappagallo al culmine della popolarit\u00e0. <a href=\"https:\/\/timiesbirds.com\/african-grey\/\">Acquista online il pappagallo cenerino africano<\/a><br \/> <\/span><\/p>\n<p><span style=\"font-family: verdana, geneva, sans-serif\">A prima vista, il pappagallo cenerino \u00e8 un uccello di medie dimensioni, dall&#039;aspetto grigio polveroso, quasi simile a un piccione; tuttavia, un&#039;indagine pi\u00f9 approfondita rivela una coda rosso brillante, intelligenti occhi arancioni e uno splendido motivo smerlato sul piumaggio.<\/span><\/p>\n<h2 class=\"species-sub\"><span style=\"font-family: 'comic sans ms', sans-serif\">Regione nativa \/ Habitat naturale<\/span><\/h2>\n<figure id=\"attachment_5617\" class=\"wp-caption alignright\"><figcaption id=\"caption-attachment-5617\" class=\"wp-caption-text\"><\/figcaption><\/figure>\n<p><span style=\"font-family: verdana, geneva, sans-serif\">I pappagalli cenerini vivono generalmente nelle savane, nelle mangrovie costiere, nei boschi e ai margini delle radure forestali dell&#039;Africa occidentale e centrale. La loro dieta in natura consiste principalmente di noci di palma, semi, frutti e materiale fogliare. <a href=\"https:\/\/mozillabirdsfarm.com\/care-feeding\/\">Visita il link Ulteriori informazioni sulla cura e l&#039;alimentazione dei pappagalli cenerini africani in vendita<\/a><br \/> <\/span><\/p>\n<h2 class=\"species-sub\"><span style=\"font-family: 'comic sans ms', sans-serif\">Personalit\u00e0 e comportamento<\/span><\/h2>\n<p><span style=\"font-family: verdana, geneva, sans-serif\">La maggior parte degli allevatori di uccelli ritiene che solo un appassionato di uccelli esperto dovrebbe tenere un pappagallo cenerino. Sono pappagalli complessi, molto sensibili e non poco esigenti. Sono anche affascinanti e brillanti, ma questa combinazione di sensibilit\u00e0 e intelligenza pu\u00f2 portare a problemi comportamentali. A quanto pare, il TAG ha un atteggiamento pi\u00f9 robusto e forse \u00e8 pi\u00f9 adatto a famiglie con un gran via vai di persone. Il CAGE preferisce un po&#039; meno caos.<\/span><\/p>\n<div id=\"4\"><\/div>\n<h2 class=\"species-sub\"><span style=\"font-family: 'comic sans ms', sans-serif\">Discorso e suono<\/span><\/h2>\n<p><span style=\"font-family: verdana, geneva, sans-serif\">Gran parte del fascino del pappagallo cenerino deriva dalla sua capacit\u00e0 di parlare. \u00c8 tra i migliori parlanti della famiglia dei pappagalli, in grado di ripetere parole e frasi dopo averle sentite solo una o due volte. Questo uccello raggiunge la piena capacit\u00e0 di parlare intorno all&#039;anno di et\u00e0, e la maggior parte degli individui diventa capace di imitare molto prima.<\/span><\/p>\n<h2 class=\"species-sub\"><span style=\"font-family: verdana, geneva, sans-serif\">Salute e condizioni comuni<\/span><\/h2>\n<p><span style=\"font-family: verdana, geneva, sans-serif\">I pappagalli cenerini sono particolarmente suscettibili allo strappamento delle piume, alla carenza di calcio, alla carenza di vitamina A e vitamina D, alle infezioni respiratorie, alla psittacosi, alle malattie del becco e delle piume. <\/span><a href=\"https:\/\/timiesbirds.com\/health-guarantee\/\">Garanzia di salute<\/a><\/p>\n<p><span style=\"font-family: verdana, geneva, sans-serif\">\u00a0<\/span><\/p>\n<p><span style=\"font-family: verdana, geneva, sans-serif\">\u00a0<\/span><\/p>","protected":false},"excerpt":{"rendered":"<div class=\"woocommerce-product-details__short-description\">\n<p>Addomesticato, giovane, parlante\u00a0<strong>Pappagallo grigio africano del Congo<\/strong> In vendita. Disponibili da 2 a 10 mesi, maschi e femmine. Emettono suoni divertenti e parlano. La loro dieta consiste in germogli, verdure, frutta, semi e pellet. Dovrebbero sempre avere accesso a molte altalene e giocattoli. Verranno forniti giocattoli gratuiti e un manuale su come allevare un pappagallo cenerino.<\/p>\n<p>&nbsp;<\/p>\n<ul class=\"meta-data list-unstyled\">\n<li>\n<dl class=\"row\">\n<dt class=\"col-xs-5\">Specie: pappagallo cenerino<\/dt>\n<\/dl>\n<\/li>\n<li>\n<dl class=\"row\">\n<dt class=\"col-xs-5\">Sesso:\u00a0\u00a0<strong>Maschio \/ Femmina<\/strong><\/dt>\n<\/dl>\n<\/li>\n<li>\n<dl class=\"row\">\n<dt class=\"col-xs-5\">Et\u00e0: 2<strong>-9 mesi<\/strong><\/dt>\n<\/dl>\n<\/li>\n<li>\n<dl class=\"row\">\n<dt class=\"col-xs-5\">Misurare:\u00a0 <strong>Piccoli (svezzati \u2013 possono mangiare da soli)<\/strong><\/dt>\n<\/dl>\n<\/li>\n<li><strong>Salute: 100% garantito<\/strong>\n<dl class=\"row\"><\/dl>\n<dl class=\"row\">\n<dt class=\"col-xs-5\">Spedizione: <strong>Incluso nel prezzo<\/strong><\/dt>\n<\/dl>\n<dl class=\"row\">\n<dt class=\"col-xs-5\"><\/dt>\n<\/dl>\n<\/li>\n<\/ul><\/div>\n<p>&nbsp;<\/p>\n<p>&nbsp;<\/p>\n<p>&nbsp;<\/p>\n<p>&nbsp;<\/p>","protected":false},"featured_media":724,"comment_status":"closed","ping_status":"closed","template":"","meta":{"site-sidebar-layout":"default","site-content-layout":"","ast-site-content-layout":"default","site-content-style":"default","site-sidebar-style":"default","ast-global-header-display":"","ast-banner-title-visibility":"","ast-main-header-display":"","ast-hfb-above-header-display":"","ast-hfb-below-header-display":"","ast-hfb-mobile-header-display":"","site-post-title":"","ast-breadcrumbs-content":"","ast-featured-img":"","footer-sml-layout":"","theme-transparent-header-meta":"","adv-header-id-meta":"","stick-header-meta":"","header-above-stick-meta":"","header-main-stick-meta":"","header-below-stick-meta":"","astra-migrate-meta-layouts":"default","ast-page-background-enabled":"default","ast-page-background-meta":{"desktop":{"background-color":"var(--ast-global-color-4)","background-image":"","background-repeat":"repeat","background-position":"center center","background-size":"auto","background-attachment":"scroll","background-type":"","background-media":"","overlay-type":"","overlay-color":"","overlay-opacity":"","overlay-gradient":""},"tablet":{"background-color":"","background-image":"","background-repeat":"repeat","background-position":"center center","background-size":"auto","background-attachment":"scroll","background-type":"","background-media":"","overlay-type":"","overlay-color":"","overlay-opacity":"","overlay-gradient":""},"mobile":{"background-color":"","background-image":"","background-repeat":"repeat","background-position":"center center","background-size":"auto","background-attachment":"scroll","background-type":"","background-media":"","overlay-type":"","overlay-color":"","overlay-opacity":"","overlay-gradient":""}},"ast-content-background-meta":{"desktop":{"background-color":"var(--ast-global-color-5)","background-image":"","background-repeat":"repeat","background-position":"center center","background-size":"auto","background-attachment":"scroll","background-type":"","background-media":"","overlay-type":"","overlay-color":"","overlay-opacity":"","overlay-gradient":""},"tablet":{"background-color":"var(--ast-global-color-5)","background-image":"","background-repeat":"repeat","background-position":"center center","background-size":"auto","background-attachment":"scroll","background-type":"","background-media":"","overlay-type":"","overlay-color":"","overlay-opacity":"","overlay-gradient":""},"mobile":{"background-color":"var(--ast-global-color-5)","background-image":"","background-repeat":"repeat","background-position":"center center","background-size":"auto","background-attachment":"scroll","background-type":"","background-media":"","overlay-type":"","overlay-color":"","overlay-opacity":"","overlay-gradient":""}}},"product_brand":[],"product_cat":[156],"product_tag":[381,382,383,384,385,386,387,388,389,390,391,392,393,394,395,396],"class_list":{"0":"post-622","1":"product","2":"type-product","3":"status-publish","4":"has-post-thumbnail","6":"product_cat-parrots","7":"product_tag-african-grey-parrot-care","8":"product_tag-african-grey-parrot-diet","9":"product_tag-african-grey-parrot-facts","10":"product_tag-african-grey-parrot-for-sale","11":"product_tag-african-grey-parrot-for-sale-kuwait","12":"product_tag-african-grey-parrot-for-sale-near-me","13":"product_tag-african-grey-parrot-for-sale-oman","14":"product_tag-african-grey-parrot-for-sale-thialand","15":"product_tag-african-grey-parrot-for-sale-uae","16":"product_tag-african-grey-parrot-for-sale-uk","17":"product_tag-african-grey-parrot-for-sale-usa","18":"product_tag-african-grey-parrot-intelligence","19":"product_tag-african-grey-parrot-lifespan","20":"product_tag-african-grey-parrot-talking","21":"product_tag-african-grey-parrot-talking-for-sale","22":"product_tag-african-grey-parrots-for-sale","23":"desktop-align-left","24":"tablet-align-left","25":"mobile-align-left","26":"ast-product-gallery-layout-horizontal-slider","27":"ast-product-tabs-layout-horizontal","28":"ast-qv-on-image","30":"first","31":"instock","32":"shipping-taxable","33":"product-type-simple"},"yoast_head":"<!-- This site is optimized with the Yoast SEO Premium plugin v23.2 (Yoast SEO v26.8) - https:\/\/yoast.com\/product\/yoast-seo-premium-wordpress\/ -->\n<title>African Grey Parrot - Tropical Wings Birds<\/title>\n<meta name=\"robots\" content=\"index, follow, max-snippet:-1, max-image-preview:large, max-video-preview:-1\" \/>\n<link rel=\"canonical\" href=\"https:\/\/tropicalwingsbirds.shop\/it\/negozio\/pappagallo-cenerino-africano\/\" \/>\n<meta property=\"og:locale\" content=\"it_IT\" \/>\n<meta property=\"og:type\" content=\"article\" \/>\n<meta property=\"og:title\" content=\"African Grey Parrot\" \/>\n<meta property=\"og:description\" content=\"Tame, young, talking\u00a0Baby African Grey Congo Parrot for sale. 2 to 10 old months Available,\u00a0 male and female.\u00a0 They make some entertaining sounds and talking. Their diet consists of sprouts, veggies, fruits, seeds, and pellets. They should always have access to lots of swings and toys. They will come with free toys and a manual\u00a0 About African grey \u00a0\/ raise a baby parrot. &nbsp;  Species: African Grey   Sex :\u00a0\u00a0Male \/ Female   Age :\u00a0 2-9 months   Size:\u00a0 Small (Weaned \u2013 Can eat by themselves)  Health: 100% guaranteed  Shipping: Inclusive in Price    &nbsp; &nbsp; &nbsp; &nbsp;\" \/>\n<meta property=\"og:url\" content=\"https:\/\/tropicalwingsbirds.shop\/it\/negozio\/pappagallo-cenerino-africano\/\" \/>\n<meta property=\"og:site_name\" content=\"Tropical Wings Birds\" \/>\n<meta property=\"article:publisher\" content=\"https:\/\/web.facebook.com\/profile.php?id=61551502767851&amp;mibextid=2JQ9oc&amp;_rdc=1&amp;_rdr\" \/>\n<meta property=\"article:modified_time\" content=\"2023-12-03T14:08:23+00:00\" \/>\n<meta property=\"og:image\" content=\"https:\/\/tropicalwingsbirds.shop\/wp-content\/uploads\/2023\/12\/WhatsApp-Image-2021-04-10-at-05.45.40.jpeg\" \/>\n\t<meta property=\"og:image:width\" content=\"1080\" \/>\n\t<meta property=\"og:image:height\" content=\"1080\" \/>\n\t<meta property=\"og:image:type\" content=\"image\/jpeg\" \/>\n<meta name=\"twitter:card\" content=\"summary_large_image\" \/>\n<meta name=\"twitter:label1\" content=\"Prezzo\" \/>\n\t<meta name=\"twitter:data1\" content=\"\" \/>\n\t<meta name=\"twitter:label2\" content=\"Disponibilit\u00e0\" \/>\n\t<meta name=\"twitter:data2\" content=\"In stock\" \/>\n<script type=\"application\/ld+json\" class=\"yoast-schema-graph\">{\"@context\":\"https:\/\/schema.org\",\"@graph\":[{\"@type\":\"WebPage\",\"@id\":\"https:\/\/tropicalwingsbirds.shop\/shop\/african-grey-parrot\/\",\"url\":\"https:\/\/tropicalwingsbirds.shop\/shop\/african-grey-parrot\/\",\"name\":\"African Grey Parrot - Tropical Wings Birds\",\"isPartOf\":{\"@id\":\"https:\/\/tropicalwingsbirds.shop\/#website\"},\"primaryImageOfPage\":{\"@id\":\"https:\/\/tropicalwingsbirds.shop\/shop\/african-grey-parrot\/#primaryimage\"},\"image\":{\"@id\":\"https:\/\/tropicalwingsbirds.shop\/shop\/african-grey-parrot\/#primaryimage\"},\"thumbnailUrl\":\"https:\/\/tropicalwingsbirds.shop\/wp-content\/uploads\/2023\/12\/WhatsApp-Image-2021-04-10-at-05.45.40.jpeg\",\"datePublished\":\"2023-12-03T14:06:25+00:00\",\"dateModified\":\"2023-12-03T14:08:23+00:00\",\"breadcrumb\":{\"@id\":\"https:\/\/tropicalwingsbirds.shop\/shop\/african-grey-parrot\/#breadcrumb\"},\"inLanguage\":\"it-IT\",\"potentialAction\":[{\"@type\":\"ReadAction\",\"target\":[\"https:\/\/tropicalwingsbirds.shop\/shop\/african-grey-parrot\/\"]}]},{\"@type\":\"ImageObject\",\"inLanguage\":\"it-IT\",\"@id\":\"https:\/\/tropicalwingsbirds.shop\/shop\/african-grey-parrot\/#primaryimage\",\"url\":\"https:\/\/tropicalwingsbirds.shop\/wp-content\/uploads\/2023\/12\/WhatsApp-Image-2021-04-10-at-05.45.40.jpeg\",\"contentUrl\":\"https:\/\/tropicalwingsbirds.shop\/wp-content\/uploads\/2023\/12\/WhatsApp-Image-2021-04-10-at-05.45.40.jpeg\",\"width\":1080,\"height\":1080},{\"@type\":\"BreadcrumbList\",\"@id\":\"https:\/\/tropicalwingsbirds.shop\/shop\/african-grey-parrot\/#breadcrumb\",\"itemListElement\":[{\"@type\":\"ListItem\",\"position\":1,\"name\":\"Home\",\"item\":\"https:\/\/tropicalwingsbirds.shop\/\"},{\"@type\":\"ListItem\",\"position\":2,\"name\":\"Shop\",\"item\":\"https:\/\/tropicalwingsbirds.shop\/shop\/\"},{\"@type\":\"ListItem\",\"position\":3,\"name\":\"African Grey Parrot\"}]},{\"@type\":\"WebSite\",\"@id\":\"https:\/\/tropicalwingsbirds.shop\/#website\",\"url\":\"https:\/\/tropicalwingsbirds.shop\/\",\"name\":\"Tropical Wings Birds\",\"description\":\"Best Exotic birds breeders online\",\"publisher\":{\"@id\":\"https:\/\/tropicalwingsbirds.shop\/#organization\"},\"potentialAction\":[{\"@type\":\"SearchAction\",\"target\":{\"@type\":\"EntryPoint\",\"urlTemplate\":\"https:\/\/tropicalwingsbirds.shop\/?s={search_term_string}\"},\"query-input\":{\"@type\":\"PropertyValueSpecification\",\"valueRequired\":true,\"valueName\":\"search_term_string\"}}],\"inLanguage\":\"it-IT\"},{\"@type\":[\"Organization\",\"Place\",\"PetStore\"],\"@id\":\"https:\/\/tropicalwingsbirds.shop\/#organization\",\"name\":\"Tropical Wings Birds Shop\",\"alternateName\":\"TPWB\",\"url\":\"https:\/\/tropicalwingsbirds.shop\/\",\"logo\":{\"@id\":\"https:\/\/tropicalwingsbirds.shop\/shop\/african-grey-parrot\/#local-main-organization-logo\"},\"image\":{\"@id\":\"https:\/\/tropicalwingsbirds.shop\/shop\/african-grey-parrot\/#local-main-organization-logo\"},\"sameAs\":[\"https:\/\/web.facebook.com\/profile.php?id=61551502767851&mibextid=2JQ9oc&_rdc=1&_rdr\"],\"description\":\"Tropical Wings Birds is your destination for exotic avian companionship. Our boutique aviary in United States offers a curated selection of vibrant tropical birds sourced from reputable breeders worldwide. With a focus on welfare and expertise, our dedicated team is here to guide you on your journey to finding the perfect feathered friend. Visit us today and experience the magic of avian companionship at Tropical Wings Birds.\",\"legalName\":\"Tropical Wings Birds\",\"foundingDate\":\"2019-02-14\",\"numberOfEmployees\":{\"@type\":\"QuantitativeValue\",\"minValue\":\"1\",\"maxValue\":\"10\"},\"address\":{\"@id\":\"https:\/\/tropicalwingsbirds.shop\/shop\/african-grey-parrot\/#local-main-place-address\"},\"geo\":{\"@type\":\"GeoCoordinates\",\"latitude\":\"40.5976725\",\"longitude\":\"-122.3716346\"},\"telephone\":[\"+1 707-733-4623\",\"+1 707-733-4623\"],\"contactPoint\":{\"@type\":\"ContactPoint\",\"telephone\":\"+1 707-733-4623\",\"email\":\"sales@tropicalwingsbirds.shop\"},\"openingHoursSpecification\":{\"@type\":\"OpeningHoursSpecification\",\"dayOfWeek\":[\"Monday\",\"Tuesday\",\"Wednesday\",\"Thursday\",\"Friday\",\"Saturday\",\"Sunday\"],\"opens\":\"00:00\",\"closes\":\"23:59\"},\"email\":\"sales@tropicalwingsbirds.shop\",\"faxNumber\":\"+1 707-733-4623\",\"areaServed\":\"United states, Porto Rico, Canada, Australia\",\"priceRange\":\"$\",\"currenciesAccepted\":\"USD, CAD, AUD,\",\"paymentAccepted\":\"Zelle, Paypal, Bitcoin, Apple pay, Credit cards, Bank transfers\"},{\"@type\":\"PostalAddress\",\"@id\":\"https:\/\/tropicalwingsbirds.shop\/shop\/african-grey-parrot\/#local-main-place-address\",\"streetAddress\":\"500 Hilltop Dr,\",\"addressLocality\":\"Redding\",\"postalCode\":\"96003\",\"addressRegion\":\"California\",\"addressCountry\":\"US\"},{\"@type\":\"ImageObject\",\"inLanguage\":\"it-IT\",\"@id\":\"https:\/\/tropicalwingsbirds.shop\/shop\/african-grey-parrot\/#local-main-organization-logo\",\"url\":\"https:\/\/tropicalwingsbirds.shop\/wp-content\/uploads\/2024\/01\/tropical-wings-1.webp\",\"contentUrl\":\"https:\/\/tropicalwingsbirds.shop\/wp-content\/uploads\/2024\/01\/tropical-wings-1.webp\",\"width\":500,\"height\":500,\"caption\":\"Tropical Wings Birds Shop\"}]}<\/script>\n<meta property=\"product:price:currency\" content=\"USD\" \/>\n<meta property=\"og:availability\" content=\"instock\" \/>\n<meta property=\"product:availability\" content=\"instock\" \/>\n<meta property=\"product:condition\" content=\"new\" \/>\n<meta name=\"geo.placename\" content=\"Redding\" \/>\n<meta name=\"geo.position\" content=\"40.5976725;-122.3716346\" \/>\n<meta name=\"geo.region\" content=\"United States (US)\" \/>\n<!-- \/ Yoast SEO Premium plugin. -->","yoast_head_json":{"title":"Pappagallo cenerino africano - Uccelli dalle ali tropicali","robots":{"index":"index","follow":"follow","max-snippet":"max-snippet:-1","max-image-preview":"max-image-preview:large","max-video-preview":"max-video-preview:-1"},"canonical":"https:\/\/tropicalwingsbirds.shop\/it\/negozio\/pappagallo-cenerino-africano\/","og_locale":"it_IT","og_type":"article","og_title":"African Grey Parrot","og_description":"Tame, young, talking\u00a0Baby African Grey Congo Parrot for sale. 2 to 10 old months Available,\u00a0 male and female.\u00a0 They make some entertaining sounds and talking. Their diet consists of sprouts, veggies, fruits, seeds, and pellets. They should always have access to lots of swings and toys. They will come with free toys and a manual\u00a0 About African grey \u00a0\/ raise a baby parrot. &nbsp;  Species: African Grey   Sex :\u00a0\u00a0Male \/ Female   Age :\u00a0 2-9 months   Size:\u00a0 Small (Weaned \u2013 Can eat by themselves)  Health: 100% guaranteed  Shipping: Inclusive in Price    &nbsp; &nbsp; &nbsp; &nbsp;","og_url":"https:\/\/tropicalwingsbirds.shop\/it\/negozio\/pappagallo-cenerino-africano\/","og_site_name":"Tropical Wings Birds","article_publisher":"https:\/\/web.facebook.com\/profile.php?id=61551502767851&mibextid=2JQ9oc&_rdc=1&_rdr","article_modified_time":"2023-12-03T14:08:23+00:00","og_image":[{"width":1080,"height":1080,"url":"https:\/\/tropicalwingsbirds.shop\/wp-content\/uploads\/2023\/12\/WhatsApp-Image-2021-04-10-at-05.45.40.jpeg","type":"image\/jpeg"}],"twitter_card":"summary_large_image","twitter_misc":{"Prezzo":"","Disponibilit\u00e0":"In stock"},"schema":{"@context":"https:\/\/schema.org","@graph":[{"@type":"WebPage","@id":"https:\/\/tropicalwingsbirds.shop\/shop\/african-grey-parrot\/","url":"https:\/\/tropicalwingsbirds.shop\/shop\/african-grey-parrot\/","name":"Pappagallo cenerino africano - Uccelli dalle ali tropicali","isPartOf":{"@id":"https:\/\/tropicalwingsbirds.shop\/#website"},"primaryImageOfPage":{"@id":"https:\/\/tropicalwingsbirds.shop\/shop\/african-grey-parrot\/#primaryimage"},"image":{"@id":"https:\/\/tropicalwingsbirds.shop\/shop\/african-grey-parrot\/#primaryimage"},"thumbnailUrl":"https:\/\/tropicalwingsbirds.shop\/wp-content\/uploads\/2023\/12\/WhatsApp-Image-2021-04-10-at-05.45.40.jpeg","datePublished":"2023-12-03T14:06:25+00:00","dateModified":"2023-12-03T14:08:23+00:00","breadcrumb":{"@id":"https:\/\/tropicalwingsbirds.shop\/shop\/african-grey-parrot\/#breadcrumb"},"inLanguage":"it-IT","potentialAction":[{"@type":"ReadAction","target":["https:\/\/tropicalwingsbirds.shop\/shop\/african-grey-parrot\/"]}]},{"@type":"ImageObject","inLanguage":"it-IT","@id":"https:\/\/tropicalwingsbirds.shop\/shop\/african-grey-parrot\/#primaryimage","url":"https:\/\/tropicalwingsbirds.shop\/wp-content\/uploads\/2023\/12\/WhatsApp-Image-2021-04-10-at-05.45.40.jpeg","contentUrl":"https:\/\/tropicalwingsbirds.shop\/wp-content\/uploads\/2023\/12\/WhatsApp-Image-2021-04-10-at-05.45.40.jpeg","width":1080,"height":1080},{"@type":"BreadcrumbList","@id":"https:\/\/tropicalwingsbirds.shop\/shop\/african-grey-parrot\/#breadcrumb","itemListElement":[{"@type":"ListItem","position":1,"name":"Home","item":"https:\/\/tropicalwingsbirds.shop\/"},{"@type":"ListItem","position":2,"name":"Shop","item":"https:\/\/tropicalwingsbirds.shop\/shop\/"},{"@type":"ListItem","position":3,"name":"African Grey Parrot"}]},{"@type":"WebSite","@id":"https:\/\/tropicalwingsbirds.shop\/#website","url":"https:\/\/tropicalwingsbirds.shop\/","name":"Uccelli dalle ali tropicali","description":"I migliori allevatori di uccelli esotici online","publisher":{"@id":"https:\/\/tropicalwingsbirds.shop\/#organization"},"potentialAction":[{"@type":"SearchAction","target":{"@type":"EntryPoint","urlTemplate":"https:\/\/tropicalwingsbirds.shop\/?s={search_term_string}"},"query-input":{"@type":"PropertyValueSpecification","valueRequired":true,"valueName":"search_term_string"}}],"inLanguage":"it-IT"},{"@type":["Organization","Place","PetStore"],"@id":"https:\/\/tropicalwingsbirds.shop\/#organization","name":"Tropical Wings Birds Shop","alternateName":"TPWB","url":"https:\/\/tropicalwingsbirds.shop\/","logo":{"@id":"https:\/\/tropicalwingsbirds.shop\/shop\/african-grey-parrot\/#local-main-organization-logo"},"image":{"@id":"https:\/\/tropicalwingsbirds.shop\/shop\/african-grey-parrot\/#local-main-organization-logo"},"sameAs":["https:\/\/web.facebook.com\/profile.php?id=61551502767851&mibextid=2JQ9oc&_rdc=1&_rdr"],"description":"Tropical Wings Birds \u00e8 la tua destinazione per la compagnia di uccelli esotici. La nostra voliera boutique negli Stati Uniti offre una selezione accurata di vivaci uccelli tropicali provenienti da rinomati allevatori di tutto il mondo. Con un&#039;attenzione particolare al benessere e alla competenza, il nostro team dedicato \u00e8 qui per guidarti nel tuo viaggio alla ricerca del perfetto amico pennuto. Visitaci oggi stesso e vivi la magia della compagnia di uccelli da Tropical Wings Birds.","legalName":"Tropical Wings Birds","foundingDate":"2019-02-14","numberOfEmployees":{"@type":"QuantitativeValue","minValue":"1","maxValue":"10"},"address":{"@id":"https:\/\/tropicalwingsbirds.shop\/shop\/african-grey-parrot\/#local-main-place-address"},"geo":{"@type":"GeoCoordinates","latitude":"40.5976725","longitude":"-122.3716346"},"telephone":["+1 707-733-4623","+1 707-733-4623"],"contactPoint":{"@type":"ContactPoint","telephone":"+1 707-733-4623","email":"sales@tropicalwingsbirds.shop"},"openingHoursSpecification":{"@type":"OpeningHoursSpecification","dayOfWeek":["Monday","Tuesday","Wednesday","Thursday","Friday","Saturday","Sunday"],"opens":"00:00","closes":"23:59"},"email":"sales@tropicalwingsbirds.shop","faxNumber":"+1 707-733-4623","areaServed":"United states, Porto Rico, Canada, Australia","priceRange":"$","currenciesAccepted":"USD, CAD, AUD,","paymentAccepted":"Zelle, Paypal, Bitcoin, Apple pay, Credit cards, Bank transfers"},{"@type":"PostalAddress","@id":"https:\/\/tropicalwingsbirds.shop\/shop\/african-grey-parrot\/#local-main-place-address","streetAddress":"500 Hilltop Dr,","addressLocality":"Redding","postalCode":"96003","addressRegion":"California","addressCountry":"US"},{"@type":"ImageObject","inLanguage":"it-IT","@id":"https:\/\/tropicalwingsbirds.shop\/shop\/african-grey-parrot\/#local-main-organization-logo","url":"https:\/\/tropicalwingsbirds.shop\/wp-content\/uploads\/2024\/01\/tropical-wings-1.webp","contentUrl":"https:\/\/tropicalwingsbirds.shop\/wp-content\/uploads\/2024\/01\/tropical-wings-1.webp","width":500,"height":500,"caption":"Tropical Wings Birds Shop"}]},"product_price_currency":"USD","og_availability":"instock","product_availability":"instock","product_condition":"new","geo.placename":"Redding","geo.position":{"lat":"40.5976725","long":"-122.3716346"},"geo.region":"United States (US)"},"_links":{"self":[{"href":"https:\/\/tropicalwingsbirds.shop\/it\/wp-json\/wp\/v2\/product\/622","targetHints":{"allow":["GET"]}}],"collection":[{"href":"https:\/\/tropicalwingsbirds.shop\/it\/wp-json\/wp\/v2\/product"}],"about":[{"href":"https:\/\/tropicalwingsbirds.shop\/it\/wp-json\/wp\/v2\/types\/product"}],"replies":[{"embeddable":true,"href":"https:\/\/tropicalwingsbirds.shop\/it\/wp-json\/wp\/v2\/comments?post=622"}],"wp:featuredmedia":[{"embeddable":true,"href":"https:\/\/tropicalwingsbirds.shop\/it\/wp-json\/wp\/v2\/media\/724"}],"wp:attachment":[{"href":"https:\/\/tropicalwingsbirds.shop\/it\/wp-json\/wp\/v2\/media?parent=622"}],"wp:term":[{"taxonomy":"product_brand","embeddable":true,"href":"https:\/\/tropicalwingsbirds.shop\/it\/wp-json\/wp\/v2\/product_brand?post=622"},{"taxonomy":"product_cat","embeddable":true,"href":"https:\/\/tropicalwingsbirds.shop\/it\/wp-json\/wp\/v2\/product_cat?post=622"},{"taxonomy":"product_tag","embeddable":true,"href":"https:\/\/tropicalwingsbirds.shop\/it\/wp-json\/wp\/v2\/product_tag?post=622"}],"curies":[{"name":"wp","href":"https:\/\/api.w.org\/{rel}","templated":true}]}}