{"id":863,"date":"2023-12-03T14:27:29","date_gmt":"2023-12-03T14:27:29","guid":{"rendered":"https:\/\/tropicalwingsbirds.shop\/?post_type=product&#038;p=863"},"modified":"2023-12-03T14:37:27","modified_gmt":"2023-12-03T14:37:27","slug":"pappagalli-allevatori-di-ara-giacinto","status":"publish","type":"product","link":"https:\/\/tropicalwingsbirds.shop\/it\/negozio\/pappagalli-allevatori-di-ara-giacinto\/","title":{"rendered":"Pappagalli allevatori di Ara giacinto"},"content":{"rendered":"<h1>Pappagalli allevatori di Ara Giacinto in vendita online in Europa<\/h1>\n<p>Pappagalli allevatori di Ara giacinto, il <a href=\"https:\/\/birdmanspetsource.com\/product-category\/macaw-parrots\/hyacinth-macaw\/\">giacinto<\/a> L&#039;ara giacinto, nota anche come ara giacinto o ara blu, \u00e8 il pi\u00f9 grande uccello della famiglia delle ara e il pi\u00f9 grande tra i pappagalli volanti. Cucciolo di ara giacinto in vendita online a basso costo.<\/p>\n<p>Una delle caratteristiche pi\u00f9 notevoli dell&#039;ara giacinto \u00e8 lo splendido colore blu cobalto su tutto il corpo, con un anello giallo brillante intorno all&#039;occhio e lo stesso giallo alla base e agli angoli del becco. Ecco perch\u00e9 viene spesso chiamato &quot;ara blu&quot;. Questi uccelli domestici sono bellissimi! Anche l&#039;ara scarlatta \u00e8 vistosa ed \u00e8 una specie di pappagallo molto popolare! Si trova in America Centrale e Meridionale, in Brasile.<\/p>\n<p>Originario degli habitat boschivi semi-aperti, delle praterie e delle zone umide tropicali del Sud America centrale e orientale, il giacinto sopravvive oggi in tre popolazioni principali in Brasile: la regione del Pantanal, la regione del Cerrado (entroterra orientale) e la parte orientale del bacino amazzonico. Tuttavia, esistono popolazioni pi\u00f9 piccole sparse in tutto il Sud America.<\/p>\n<p>Loro\u00a0<strong><a href=\"https:\/\/www.wideopenpets.com\/everything-need-know-hyacinth-macaw\/\" target=\"_blank\" rel=\"noopener noreferrer\">popolarit\u00e0<\/a><\/strong>\u00a0La mancanza di animali domestici, unita al lento sviluppo e alla massiccia perdita di habitat, ha minacciato la popolazione selvatica del giacinto. Sono in corso iniziative di conservazione per aiutare la specie, tra cui quelle del World Wildlife Fund, del Minnesota Zoo e di BioBrasil, e del Progetto Ara Giacinto brasiliano nello stato del Mato Grosso do Sul. Inoltre, la specie \u00e8 ora protetta dalla legge in Bolivia e Brasile.<\/p>\n<h2>Comportamento<\/h2>\n<p>I giacinti sono noti per essere uccelli relativamente equilibrati. Noti aneddoticamente come &quot;giganti gentili&quot;, questi pappagalli possono essere ottimi animali domestici per i proprietari di uccelli pi\u00f9 esperti. Le are giacinto sono uccelli intelligenti e hanno dimostrato una certa predisposizione per le specie limitate.\u00a0<strong><a href=\"http:\/\/www.wideopenpets.com\/study-documents-tool-use-parrots\/\" target=\"_blank\" rel=\"noopener noreferrer\">uso degli strumenti<\/a><\/strong>\u00a0Sia in cattivit\u00e0 che in natura. Possono anche imparare a parlare, ma non sono tra i migliori parlatori del mondo.<\/p>\n<p>dieta dell&#039;ara giacinto, fatti sull&#039;ara giacinto, ara giacinto in vendita, durata della vita dell&#039;ara giacinto, ara giacinto come animale domestico, pappagalli ara giacinto, dimensioni dell&#039;ara giacinto, predatori dell&#039;ara giacinto, ara giacinto gratis in una buona casa, ara giacinto in vendita a basso costo, ara giacinto in adozione, ara giacinto viola in vendita, cucciolo di ara giacinto in vendita, cuccioli di ara giacinto in vendita a basso costo, ara in vendita vicino a me, ara giacinto in vendita in Colorado, ara giacinto in vendita in India, ara giacinto in vendita nel New Jersey, ara giacinto in vendita in Ohio, ara giacinto in vendita nel Regno Unito, ara giacinto in vendita \u2013 hoobly, ara giacinto per vendita craigslist, ara giacinto in vendita in Texas, ara giacinto in vendita in Florida, ara giacinto in vendita a New York, ara giacinto in vendita in Europa, ara giacinto in vendita in Asia, ara giacinto in vendita in Canada, pappagallo ara in vendita, ara giacinto blu in vendita, acquisto ara giacinto online, coppia riproduttiva di ara giacinto in vendita, ara giacinto in adozione, ara in vendita in India, quanto costa un&#039;ara giacinto, ara blu in vendita, ara canina in vendita<\/p>","protected":false},"excerpt":{"rendered":"<p>Lunghezza: 76 cm-100 cm (30 pollici-39 pollici)<br \/> Peso: 0,9 kg-2 kg (2 libbre-4,4 libbre)<br \/> Fasciato: S\u00ec<br \/> Sesso del DNA: Maschi\/Femmine<br \/> Capacit\u00e0 di parlare: S\u00ec<\/p>","protected":false},"featured_media":984,"comment_status":"closed","ping_status":"closed","template":"","meta":{"site-sidebar-layout":"default","site-content-layout":"","ast-site-content-layout":"default","site-content-style":"default","site-sidebar-style":"default","ast-global-header-display":"","ast-banner-title-visibility":"","ast-main-header-display":"","ast-hfb-above-header-display":"","ast-hfb-below-header-display":"","ast-hfb-mobile-header-display":"","site-post-title":"","ast-breadcrumbs-content":"","ast-featured-img":"","footer-sml-layout":"","theme-transparent-header-meta":"","adv-header-id-meta":"","stick-header-meta":"","header-above-stick-meta":"","header-main-stick-meta":"","header-below-stick-meta":"","astra-migrate-meta-layouts":"default","ast-page-background-enabled":"default","ast-page-background-meta":{"desktop":{"background-color":"var(--ast-global-color-4)","background-image":"","background-repeat":"repeat","background-position":"center center","background-size":"auto","background-attachment":"scroll","background-type":"","background-media":"","overlay-type":"","overlay-color":"","overlay-opacity":"","overlay-gradient":""},"tablet":{"background-color":"","background-image":"","background-repeat":"repeat","background-position":"center center","background-size":"auto","background-attachment":"scroll","background-type":"","background-media":"","overlay-type":"","overlay-color":"","overlay-opacity":"","overlay-gradient":""},"mobile":{"background-color":"","background-image":"","background-repeat":"repeat","background-position":"center center","background-size":"auto","background-attachment":"scroll","background-type":"","background-media":"","overlay-type":"","overlay-color":"","overlay-opacity":"","overlay-gradient":""}},"ast-content-background-meta":{"desktop":{"background-color":"var(--ast-global-color-5)","background-image":"","background-repeat":"repeat","background-position":"center center","background-size":"auto","background-attachment":"scroll","background-type":"","background-media":"","overlay-type":"","overlay-color":"","overlay-opacity":"","overlay-gradient":""},"tablet":{"background-color":"var(--ast-global-color-5)","background-image":"","background-repeat":"repeat","background-position":"center center","background-size":"auto","background-attachment":"scroll","background-type":"","background-media":"","overlay-type":"","overlay-color":"","overlay-opacity":"","overlay-gradient":""},"mobile":{"background-color":"var(--ast-global-color-5)","background-image":"","background-repeat":"repeat","background-position":"center center","background-size":"auto","background-attachment":"scroll","background-type":"","background-media":"","overlay-type":"","overlay-color":"","overlay-opacity":"","overlay-gradient":""}}},"product_brand":[],"product_cat":[446],"product_tag":[418],"class_list":{"0":"post-863","1":"product","2":"type-product","3":"status-publish","4":"has-post-thumbnail","6":"product_cat-hyacinth-macaw","7":"product_tag-talking-ability","8":"desktop-align-left","9":"tablet-align-left","10":"mobile-align-left","11":"ast-product-gallery-layout-horizontal-slider","12":"ast-product-tabs-layout-horizontal","13":"ast-qv-on-image","15":"first","16":"instock","17":"shipping-taxable","18":"product-type-simple"},"yoast_head":"<!-- This site is optimized with the Yoast SEO Premium plugin v23.2 (Yoast SEO v26.8) - https:\/\/yoast.com\/product\/yoast-seo-premium-wordpress\/ -->\n<title>Hyacinth Macaw Breeder Parrots - Tropical Wings Birds<\/title>\n<meta name=\"robots\" content=\"index, follow, max-snippet:-1, max-image-preview:large, max-video-preview:-1\" \/>\n<link rel=\"canonical\" href=\"https:\/\/tropicalwingsbirds.shop\/it\/negozio\/pappagalli-allevatori-di-ara-giacinto\/\" \/>\n<meta property=\"og:locale\" content=\"it_IT\" \/>\n<meta property=\"og:type\" content=\"article\" \/>\n<meta property=\"og:title\" content=\"Hyacinth Macaw Breeder Parrots\" \/>\n<meta property=\"og:description\" content=\"Length:76cm-100cm (30in-39in) Weight:0.9kg-2kg (2lbs-4.4lbs) Banded: Yes DNA Sex: Males\/Females Talking ABility: Yes\" \/>\n<meta property=\"og:url\" content=\"https:\/\/tropicalwingsbirds.shop\/it\/negozio\/pappagalli-allevatori-di-ara-giacinto\/\" \/>\n<meta property=\"og:site_name\" content=\"Tropical Wings Birds\" \/>\n<meta property=\"article:publisher\" content=\"https:\/\/web.facebook.com\/profile.php?id=61551502767851&amp;mibextid=2JQ9oc&amp;_rdc=1&amp;_rdr\" \/>\n<meta property=\"article:modified_time\" content=\"2023-12-03T14:37:27+00:00\" \/>\n<meta property=\"og:image\" content=\"https:\/\/tropicalwingsbirds.shop\/wp-content\/uploads\/2023\/12\/F12106449_435118576698204_1092399380901808527_n-min.jpg\" \/>\n\t<meta property=\"og:image:width\" content=\"720\" \/>\n\t<meta property=\"og:image:height\" content=\"960\" \/>\n\t<meta property=\"og:image:type\" content=\"image\/jpeg\" \/>\n<meta name=\"twitter:card\" content=\"summary_large_image\" \/>\n<meta name=\"twitter:label1\" content=\"Prezzo\" \/>\n\t<meta name=\"twitter:data1\" content=\"\" \/>\n\t<meta name=\"twitter:label2\" content=\"Disponibilit\u00e0\" \/>\n\t<meta name=\"twitter:data2\" content=\"In stock\" \/>\n<script type=\"application\/ld+json\" class=\"yoast-schema-graph\">{\"@context\":\"https:\/\/schema.org\",\"@graph\":[{\"@type\":\"WebPage\",\"@id\":\"https:\/\/tropicalwingsbirds.shop\/shop\/hyacinth-macaw-breeder-parrots\/\",\"url\":\"https:\/\/tropicalwingsbirds.shop\/shop\/hyacinth-macaw-breeder-parrots\/\",\"name\":\"Hyacinth Macaw Breeder Parrots - Tropical Wings Birds\",\"isPartOf\":{\"@id\":\"https:\/\/tropicalwingsbirds.shop\/#website\"},\"primaryImageOfPage\":{\"@id\":\"https:\/\/tropicalwingsbirds.shop\/shop\/hyacinth-macaw-breeder-parrots\/#primaryimage\"},\"image\":{\"@id\":\"https:\/\/tropicalwingsbirds.shop\/shop\/hyacinth-macaw-breeder-parrots\/#primaryimage\"},\"thumbnailUrl\":\"https:\/\/tropicalwingsbirds.shop\/wp-content\/uploads\/2023\/12\/F12106449_435118576698204_1092399380901808527_n-min.jpg\",\"datePublished\":\"2023-12-03T14:27:29+00:00\",\"dateModified\":\"2023-12-03T14:37:27+00:00\",\"breadcrumb\":{\"@id\":\"https:\/\/tropicalwingsbirds.shop\/shop\/hyacinth-macaw-breeder-parrots\/#breadcrumb\"},\"inLanguage\":\"it-IT\",\"potentialAction\":[{\"@type\":\"ReadAction\",\"target\":[\"https:\/\/tropicalwingsbirds.shop\/shop\/hyacinth-macaw-breeder-parrots\/\"]}]},{\"@type\":\"ImageObject\",\"inLanguage\":\"it-IT\",\"@id\":\"https:\/\/tropicalwingsbirds.shop\/shop\/hyacinth-macaw-breeder-parrots\/#primaryimage\",\"url\":\"https:\/\/tropicalwingsbirds.shop\/wp-content\/uploads\/2023\/12\/F12106449_435118576698204_1092399380901808527_n-min.jpg\",\"contentUrl\":\"https:\/\/tropicalwingsbirds.shop\/wp-content\/uploads\/2023\/12\/F12106449_435118576698204_1092399380901808527_n-min.jpg\",\"width\":720,\"height\":960},{\"@type\":\"BreadcrumbList\",\"@id\":\"https:\/\/tropicalwingsbirds.shop\/shop\/hyacinth-macaw-breeder-parrots\/#breadcrumb\",\"itemListElement\":[{\"@type\":\"ListItem\",\"position\":1,\"name\":\"Home\",\"item\":\"https:\/\/tropicalwingsbirds.shop\/\"},{\"@type\":\"ListItem\",\"position\":2,\"name\":\"Shop\",\"item\":\"https:\/\/tropicalwingsbirds.shop\/shop\/\"},{\"@type\":\"ListItem\",\"position\":3,\"name\":\"Hyacinth Macaw Breeder Parrots\"}]},{\"@type\":\"WebSite\",\"@id\":\"https:\/\/tropicalwingsbirds.shop\/#website\",\"url\":\"https:\/\/tropicalwingsbirds.shop\/\",\"name\":\"Tropical Wings Birds\",\"description\":\"Best Exotic birds breeders online\",\"publisher\":{\"@id\":\"https:\/\/tropicalwingsbirds.shop\/#organization\"},\"potentialAction\":[{\"@type\":\"SearchAction\",\"target\":{\"@type\":\"EntryPoint\",\"urlTemplate\":\"https:\/\/tropicalwingsbirds.shop\/?s={search_term_string}\"},\"query-input\":{\"@type\":\"PropertyValueSpecification\",\"valueRequired\":true,\"valueName\":\"search_term_string\"}}],\"inLanguage\":\"it-IT\"},{\"@type\":[\"Organization\",\"Place\",\"PetStore\"],\"@id\":\"https:\/\/tropicalwingsbirds.shop\/#organization\",\"name\":\"Tropical Wings Birds Shop\",\"alternateName\":\"TPWB\",\"url\":\"https:\/\/tropicalwingsbirds.shop\/\",\"logo\":{\"@id\":\"https:\/\/tropicalwingsbirds.shop\/shop\/hyacinth-macaw-breeder-parrots\/#local-main-organization-logo\"},\"image\":{\"@id\":\"https:\/\/tropicalwingsbirds.shop\/shop\/hyacinth-macaw-breeder-parrots\/#local-main-organization-logo\"},\"sameAs\":[\"https:\/\/web.facebook.com\/profile.php?id=61551502767851&mibextid=2JQ9oc&_rdc=1&_rdr\"],\"description\":\"Tropical Wings Birds is your destination for exotic avian companionship. Our boutique aviary in United States offers a curated selection of vibrant tropical birds sourced from reputable breeders worldwide. With a focus on welfare and expertise, our dedicated team is here to guide you on your journey to finding the perfect feathered friend. Visit us today and experience the magic of avian companionship at Tropical Wings Birds.\",\"legalName\":\"Tropical Wings Birds\",\"foundingDate\":\"2019-02-14\",\"numberOfEmployees\":{\"@type\":\"QuantitativeValue\",\"minValue\":\"1\",\"maxValue\":\"10\"},\"address\":{\"@id\":\"https:\/\/tropicalwingsbirds.shop\/shop\/hyacinth-macaw-breeder-parrots\/#local-main-place-address\"},\"geo\":{\"@type\":\"GeoCoordinates\",\"latitude\":\"40.5976725\",\"longitude\":\"-122.3716346\"},\"telephone\":[\"+1 707-733-4623\",\"+1 707-733-4623\"],\"contactPoint\":{\"@type\":\"ContactPoint\",\"telephone\":\"+1 707-733-4623\",\"email\":\"sales@tropicalwingsbirds.shop\"},\"openingHoursSpecification\":{\"@type\":\"OpeningHoursSpecification\",\"dayOfWeek\":[\"Monday\",\"Tuesday\",\"Wednesday\",\"Thursday\",\"Friday\",\"Saturday\",\"Sunday\"],\"opens\":\"00:00\",\"closes\":\"23:59\"},\"email\":\"sales@tropicalwingsbirds.shop\",\"faxNumber\":\"+1 707-733-4623\",\"areaServed\":\"United states, Porto Rico, Canada, Australia\",\"priceRange\":\"$\",\"currenciesAccepted\":\"USD, CAD, AUD,\",\"paymentAccepted\":\"Zelle, Paypal, Bitcoin, Apple pay, Credit cards, Bank transfers\"},{\"@type\":\"PostalAddress\",\"@id\":\"https:\/\/tropicalwingsbirds.shop\/shop\/hyacinth-macaw-breeder-parrots\/#local-main-place-address\",\"streetAddress\":\"500 Hilltop Dr,\",\"addressLocality\":\"Redding\",\"postalCode\":\"96003\",\"addressRegion\":\"California\",\"addressCountry\":\"US\"},{\"@type\":\"ImageObject\",\"inLanguage\":\"it-IT\",\"@id\":\"https:\/\/tropicalwingsbirds.shop\/shop\/hyacinth-macaw-breeder-parrots\/#local-main-organization-logo\",\"url\":\"https:\/\/tropicalwingsbirds.shop\/wp-content\/uploads\/2024\/01\/tropical-wings-1.webp\",\"contentUrl\":\"https:\/\/tropicalwingsbirds.shop\/wp-content\/uploads\/2024\/01\/tropical-wings-1.webp\",\"width\":500,\"height\":500,\"caption\":\"Tropical Wings Birds Shop\"}]}<\/script>\n<meta property=\"product:price:currency\" content=\"USD\" \/>\n<meta property=\"og:availability\" content=\"instock\" \/>\n<meta property=\"product:availability\" content=\"instock\" \/>\n<meta property=\"product:condition\" content=\"new\" \/>\n<meta name=\"geo.placename\" content=\"Redding\" \/>\n<meta name=\"geo.position\" content=\"40.5976725;-122.3716346\" \/>\n<meta name=\"geo.region\" content=\"United States (US)\" \/>\n<!-- \/ Yoast SEO Premium plugin. -->","yoast_head_json":{"title":"Pappagalli allevatori di Ara giacinto - Tropical Wings Birds","robots":{"index":"index","follow":"follow","max-snippet":"max-snippet:-1","max-image-preview":"max-image-preview:large","max-video-preview":"max-video-preview:-1"},"canonical":"https:\/\/tropicalwingsbirds.shop\/it\/negozio\/pappagalli-allevatori-di-ara-giacinto\/","og_locale":"it_IT","og_type":"article","og_title":"Hyacinth Macaw Breeder Parrots","og_description":"Length:76cm-100cm (30in-39in) Weight:0.9kg-2kg (2lbs-4.4lbs) Banded: Yes DNA Sex: Males\/Females Talking ABility: Yes","og_url":"https:\/\/tropicalwingsbirds.shop\/it\/negozio\/pappagalli-allevatori-di-ara-giacinto\/","og_site_name":"Tropical Wings Birds","article_publisher":"https:\/\/web.facebook.com\/profile.php?id=61551502767851&mibextid=2JQ9oc&_rdc=1&_rdr","article_modified_time":"2023-12-03T14:37:27+00:00","og_image":[{"width":720,"height":960,"url":"https:\/\/tropicalwingsbirds.shop\/wp-content\/uploads\/2023\/12\/F12106449_435118576698204_1092399380901808527_n-min.jpg","type":"image\/jpeg"}],"twitter_card":"summary_large_image","twitter_misc":{"Prezzo":"","Disponibilit\u00e0":"In stock"},"schema":{"@context":"https:\/\/schema.org","@graph":[{"@type":"WebPage","@id":"https:\/\/tropicalwingsbirds.shop\/shop\/hyacinth-macaw-breeder-parrots\/","url":"https:\/\/tropicalwingsbirds.shop\/shop\/hyacinth-macaw-breeder-parrots\/","name":"Pappagalli allevatori di Ara giacinto - Tropical Wings Birds","isPartOf":{"@id":"https:\/\/tropicalwingsbirds.shop\/#website"},"primaryImageOfPage":{"@id":"https:\/\/tropicalwingsbirds.shop\/shop\/hyacinth-macaw-breeder-parrots\/#primaryimage"},"image":{"@id":"https:\/\/tropicalwingsbirds.shop\/shop\/hyacinth-macaw-breeder-parrots\/#primaryimage"},"thumbnailUrl":"https:\/\/tropicalwingsbirds.shop\/wp-content\/uploads\/2023\/12\/F12106449_435118576698204_1092399380901808527_n-min.jpg","datePublished":"2023-12-03T14:27:29+00:00","dateModified":"2023-12-03T14:37:27+00:00","breadcrumb":{"@id":"https:\/\/tropicalwingsbirds.shop\/shop\/hyacinth-macaw-breeder-parrots\/#breadcrumb"},"inLanguage":"it-IT","potentialAction":[{"@type":"ReadAction","target":["https:\/\/tropicalwingsbirds.shop\/shop\/hyacinth-macaw-breeder-parrots\/"]}]},{"@type":"ImageObject","inLanguage":"it-IT","@id":"https:\/\/tropicalwingsbirds.shop\/shop\/hyacinth-macaw-breeder-parrots\/#primaryimage","url":"https:\/\/tropicalwingsbirds.shop\/wp-content\/uploads\/2023\/12\/F12106449_435118576698204_1092399380901808527_n-min.jpg","contentUrl":"https:\/\/tropicalwingsbirds.shop\/wp-content\/uploads\/2023\/12\/F12106449_435118576698204_1092399380901808527_n-min.jpg","width":720,"height":960},{"@type":"BreadcrumbList","@id":"https:\/\/tropicalwingsbirds.shop\/shop\/hyacinth-macaw-breeder-parrots\/#breadcrumb","itemListElement":[{"@type":"ListItem","position":1,"name":"Home","item":"https:\/\/tropicalwingsbirds.shop\/"},{"@type":"ListItem","position":2,"name":"Shop","item":"https:\/\/tropicalwingsbirds.shop\/shop\/"},{"@type":"ListItem","position":3,"name":"Hyacinth Macaw Breeder Parrots"}]},{"@type":"WebSite","@id":"https:\/\/tropicalwingsbirds.shop\/#website","url":"https:\/\/tropicalwingsbirds.shop\/","name":"Uccelli dalle ali tropicali","description":"I migliori allevatori di uccelli esotici online","publisher":{"@id":"https:\/\/tropicalwingsbirds.shop\/#organization"},"potentialAction":[{"@type":"SearchAction","target":{"@type":"EntryPoint","urlTemplate":"https:\/\/tropicalwingsbirds.shop\/?s={search_term_string}"},"query-input":{"@type":"PropertyValueSpecification","valueRequired":true,"valueName":"search_term_string"}}],"inLanguage":"it-IT"},{"@type":["Organization","Place","PetStore"],"@id":"https:\/\/tropicalwingsbirds.shop\/#organization","name":"Tropical Wings Birds Shop","alternateName":"TPWB","url":"https:\/\/tropicalwingsbirds.shop\/","logo":{"@id":"https:\/\/tropicalwingsbirds.shop\/shop\/hyacinth-macaw-breeder-parrots\/#local-main-organization-logo"},"image":{"@id":"https:\/\/tropicalwingsbirds.shop\/shop\/hyacinth-macaw-breeder-parrots\/#local-main-organization-logo"},"sameAs":["https:\/\/web.facebook.com\/profile.php?id=61551502767851&mibextid=2JQ9oc&_rdc=1&_rdr"],"description":"Tropical Wings Birds \u00e8 la tua destinazione per la compagnia di uccelli esotici. La nostra voliera boutique negli Stati Uniti offre una selezione accurata di vivaci uccelli tropicali provenienti da rinomati allevatori di tutto il mondo. Con un&#039;attenzione particolare al benessere e alla competenza, il nostro team dedicato \u00e8 qui per guidarti nel tuo viaggio alla ricerca del perfetto amico pennuto. Visitaci oggi stesso e vivi la magia della compagnia di uccelli da Tropical Wings Birds.","legalName":"Tropical Wings Birds","foundingDate":"2019-02-14","numberOfEmployees":{"@type":"QuantitativeValue","minValue":"1","maxValue":"10"},"address":{"@id":"https:\/\/tropicalwingsbirds.shop\/shop\/hyacinth-macaw-breeder-parrots\/#local-main-place-address"},"geo":{"@type":"GeoCoordinates","latitude":"40.5976725","longitude":"-122.3716346"},"telephone":["+1 707-733-4623","+1 707-733-4623"],"contactPoint":{"@type":"ContactPoint","telephone":"+1 707-733-4623","email":"sales@tropicalwingsbirds.shop"},"openingHoursSpecification":{"@type":"OpeningHoursSpecification","dayOfWeek":["Monday","Tuesday","Wednesday","Thursday","Friday","Saturday","Sunday"],"opens":"00:00","closes":"23:59"},"email":"sales@tropicalwingsbirds.shop","faxNumber":"+1 707-733-4623","areaServed":"United states, Porto Rico, Canada, Australia","priceRange":"$","currenciesAccepted":"USD, CAD, AUD,","paymentAccepted":"Zelle, Paypal, Bitcoin, Apple pay, Credit cards, Bank transfers"},{"@type":"PostalAddress","@id":"https:\/\/tropicalwingsbirds.shop\/shop\/hyacinth-macaw-breeder-parrots\/#local-main-place-address","streetAddress":"500 Hilltop Dr,","addressLocality":"Redding","postalCode":"96003","addressRegion":"California","addressCountry":"US"},{"@type":"ImageObject","inLanguage":"it-IT","@id":"https:\/\/tropicalwingsbirds.shop\/shop\/hyacinth-macaw-breeder-parrots\/#local-main-organization-logo","url":"https:\/\/tropicalwingsbirds.shop\/wp-content\/uploads\/2024\/01\/tropical-wings-1.webp","contentUrl":"https:\/\/tropicalwingsbirds.shop\/wp-content\/uploads\/2024\/01\/tropical-wings-1.webp","width":500,"height":500,"caption":"Tropical Wings Birds Shop"}]},"product_price_currency":"USD","og_availability":"instock","product_availability":"instock","product_condition":"new","geo.placename":"Redding","geo.position":{"lat":"40.5976725","long":"-122.3716346"},"geo.region":"United States (US)"},"_links":{"self":[{"href":"https:\/\/tropicalwingsbirds.shop\/it\/wp-json\/wp\/v2\/product\/863","targetHints":{"allow":["GET"]}}],"collection":[{"href":"https:\/\/tropicalwingsbirds.shop\/it\/wp-json\/wp\/v2\/product"}],"about":[{"href":"https:\/\/tropicalwingsbirds.shop\/it\/wp-json\/wp\/v2\/types\/product"}],"replies":[{"embeddable":true,"href":"https:\/\/tropicalwingsbirds.shop\/it\/wp-json\/wp\/v2\/comments?post=863"}],"wp:featuredmedia":[{"embeddable":true,"href":"https:\/\/tropicalwingsbirds.shop\/it\/wp-json\/wp\/v2\/media\/984"}],"wp:attachment":[{"href":"https:\/\/tropicalwingsbirds.shop\/it\/wp-json\/wp\/v2\/media?parent=863"}],"wp:term":[{"taxonomy":"product_brand","embeddable":true,"href":"https:\/\/tropicalwingsbirds.shop\/it\/wp-json\/wp\/v2\/product_brand?post=863"},{"taxonomy":"product_cat","embeddable":true,"href":"https:\/\/tropicalwingsbirds.shop\/it\/wp-json\/wp\/v2\/product_cat?post=863"},{"taxonomy":"product_tag","embeddable":true,"href":"https:\/\/tropicalwingsbirds.shop\/it\/wp-json\/wp\/v2\/product_tag?post=863"}],"curies":[{"name":"wp","href":"https:\/\/api.w.org\/{rel}","templated":true}]}}