{"id":945,"date":"2023-12-03T14:33:47","date_gmt":"2023-12-03T14:33:47","guid":{"rendered":"https:\/\/tropicalwingsbirds.shop\/?post_type=product&#038;p=945"},"modified":"2023-12-03T14:42:14","modified_gmt":"2023-12-03T14:42:14","slug":"torch-lutino-macaw-price","status":"publish","type":"product","link":"https:\/\/tropicalwingsbirds.shop\/it\/negozio\/torch-lutino-macaw-price\/","title":{"rendered":"Prezzo Ara Lutino Torcia"},"content":{"rendered":"<h1>Torch Lutino Macaw Price &#8211; Golden Macaw price Europe<\/h1>\n<p>Torch Lutino Macaw Price, These <a href=\"https:\/\/birdmanspetsource.com\/product-category\/cockatoo-parrots\/\">pappagalli<\/a> sono specie rare di <a href=\"https:\/\/en.wikipedia.org\/wiki\/List_of_macaws\">are<\/a>. These goldens macaws for sale online originated from a normal colored pair of blue and gold macaws raised from chicks. The goldens were a surprise after breeding the pair for 4 years, having normal colored babies. We&#8217;ve consistently been experimenting with the goldens and are able to breed a true golden line &#8211; golden to golden. We&#8217;ve been hand raising both male and female golden Macaws, it appears that this is a recessive gene that just happened to get the right match. And there you have it, these beautiful goldens. Torch Lutino Macaw Price in Europe.<\/p>\n<p>Questi bellissimi Lutino o Ara dorati in vendita sono resistenti quanto i normali Ara colorati. Li alleviamo insieme ai loro simili. Alcuni inverni sono piuttosto freddi e gli Ara non sembrano preoccuparsi delle basse temperature o della neve. Forniamo lampade riscaldanti per le temperature estreme e possono sempre ripararsi dal vento o dalla pioggia. Si schiudono nello stesso lasso di tempo, crescono alla stessa velocit\u00e0 e sono identici in tutto, tranne che nel colore. Non sembrano notare le differenze di colore, in entrambi i casi.<\/p>\n<h2><strong>E per quanto riguarda il temperamento generale e le condizioni di salute?<\/strong><\/h2>\n<p>Tendono a strapparsi le piume se sono stressati o annoiati! Non c&#039;\u00e8 niente di peggio di un uccello che si strappa le piume, come ho visto fare alle nostre galline. Una dieta equilibrata \u00e8 molto importante e puoi discutere le esigenze nutrizionali con il tuo veterinario. La cosa migliore di questi uccelli \u00e8 la loro personalit\u00e0. Questi uccelli hanno personalit\u00e0 enormi e tutti i proprietari di ara non possono immaginare la loro vita senza questi uccelli. Alcuni dicono che sono amichevoli come alcuni cani.<\/p>\n<p class=\"p1\">Gold macaws or Lutino Macaws are native to South America and Central America, where they inhabit forests and woodlands. Their range includes Venezuela south to Peru, Brazil, Bolivia, and Paraguay, as well as parts of Panama. Don&#8217;t forget that these birds have loud vocalizations and there isn&#8217;t much you can do about a screeching macaw. You&#8217;ll want to consult with an aviary vet about their nutritional requirements and what fresh fruits and veggies are appropriate. Also, some might refer to them as Ara araraunas which is their scientific name. Torch Lutino Macaw Price in Europe<\/p>\n<p>opaline macaw, albino macaw, macaw for sale, Macaw Mutations, Lutino Birds, Blue And Gold Macaw Mutations, Lutino Blue And Gold Macaw, Lutino Macaw For Sale, Cinnamon Blue And Gold Macaw, albino lutino macaw, lutino macaw price, golden macaw, rare macaw mutations, golden albino macaw for sale<\/p>","protected":false},"excerpt":{"rendered":"<p>Lunghezza: 76 cm-100 cm (30 pollici-39 pollici)<br \/> Peso: 0,9 kg-2 kg (2 libbre-4,4 libbre)<br \/> Fasciato: S\u00ec<br \/> Sesso del DNA: Maschi\/Femmine<br \/> Capacit\u00e0 di parlare: S\u00ec<\/p>","protected":false},"featured_media":1034,"comment_status":"closed","ping_status":"closed","template":"","meta":{"site-sidebar-layout":"default","site-content-layout":"","ast-site-content-layout":"default","site-content-style":"default","site-sidebar-style":"default","ast-global-header-display":"","ast-banner-title-visibility":"","ast-main-header-display":"","ast-hfb-above-header-display":"","ast-hfb-below-header-display":"","ast-hfb-mobile-header-display":"","site-post-title":"","ast-breadcrumbs-content":"","ast-featured-img":"","footer-sml-layout":"","theme-transparent-header-meta":"","adv-header-id-meta":"","stick-header-meta":"","header-above-stick-meta":"","header-main-stick-meta":"","header-below-stick-meta":"","astra-migrate-meta-layouts":"default","ast-page-background-enabled":"default","ast-page-background-meta":{"desktop":{"background-color":"var(--ast-global-color-4)","background-image":"","background-repeat":"repeat","background-position":"center center","background-size":"auto","background-attachment":"scroll","background-type":"","background-media":"","overlay-type":"","overlay-color":"","overlay-opacity":"","overlay-gradient":""},"tablet":{"background-color":"","background-image":"","background-repeat":"repeat","background-position":"center center","background-size":"auto","background-attachment":"scroll","background-type":"","background-media":"","overlay-type":"","overlay-color":"","overlay-opacity":"","overlay-gradient":""},"mobile":{"background-color":"","background-image":"","background-repeat":"repeat","background-position":"center center","background-size":"auto","background-attachment":"scroll","background-type":"","background-media":"","overlay-type":"","overlay-color":"","overlay-opacity":"","overlay-gradient":""}},"ast-content-background-meta":{"desktop":{"background-color":"var(--ast-global-color-5)","background-image":"","background-repeat":"repeat","background-position":"center center","background-size":"auto","background-attachment":"scroll","background-type":"","background-media":"","overlay-type":"","overlay-color":"","overlay-opacity":"","overlay-gradient":""},"tablet":{"background-color":"var(--ast-global-color-5)","background-image":"","background-repeat":"repeat","background-position":"center center","background-size":"auto","background-attachment":"scroll","background-type":"","background-media":"","overlay-type":"","overlay-color":"","overlay-opacity":"","overlay-gradient":""},"mobile":{"background-color":"var(--ast-global-color-5)","background-image":"","background-repeat":"repeat","background-position":"center center","background-size":"auto","background-attachment":"scroll","background-type":"","background-media":"","overlay-type":"","overlay-color":"","overlay-opacity":"","overlay-gradient":""}}},"product_brand":[],"product_cat":[455],"product_tag":[418],"class_list":{"0":"post-945","1":"product","2":"type-product","3":"status-publish","4":"has-post-thumbnail","6":"product_cat-torch-lutino-macaw","7":"product_tag-talking-ability","8":"desktop-align-left","9":"tablet-align-left","10":"mobile-align-left","11":"ast-product-gallery-layout-horizontal-slider","12":"ast-product-tabs-layout-horizontal","13":"ast-qv-on-image","15":"first","16":"instock","17":"shipping-taxable","18":"product-type-simple"},"yoast_head":"<!-- This site is optimized with the Yoast SEO Premium plugin v23.2 (Yoast SEO v26.8) - https:\/\/yoast.com\/product\/yoast-seo-premium-wordpress\/ -->\n<title>Torch Lutino Macaw Price - Tropical Wings Birds<\/title>\n<meta name=\"robots\" content=\"index, follow, max-snippet:-1, max-image-preview:large, max-video-preview:-1\" \/>\n<link rel=\"canonical\" href=\"https:\/\/tropicalwingsbirds.shop\/it\/negozio\/torch-lutino-macaw-price\/\" \/>\n<meta property=\"og:locale\" content=\"it_IT\" \/>\n<meta property=\"og:type\" content=\"article\" \/>\n<meta property=\"og:title\" content=\"Torch Lutino Macaw Price\" \/>\n<meta property=\"og:description\" content=\"Length:76cm-100cm (30in-39in) Weight:0.9kg-2kg (2lbs-4.4lbs) Banded: Yes DNA Sex: Males\/Females Talking ABility: Yes\" \/>\n<meta property=\"og:url\" content=\"https:\/\/tropicalwingsbirds.shop\/it\/negozio\/torch-lutino-macaw-price\/\" \/>\n<meta property=\"og:site_name\" content=\"Tropical Wings Birds\" \/>\n<meta property=\"article:publisher\" content=\"https:\/\/web.facebook.com\/profile.php?id=61551502767851&amp;mibextid=2JQ9oc&amp;_rdc=1&amp;_rdr\" \/>\n<meta property=\"article:modified_time\" content=\"2023-12-03T14:42:14+00:00\" \/>\n<meta property=\"og:image\" content=\"https:\/\/tropicalwingsbirds.shop\/wp-content\/uploads\/2023\/12\/12932621_1056727371064608_1904663322675853716_n.jpg\" \/>\n\t<meta property=\"og:image:width\" content=\"540\" \/>\n\t<meta property=\"og:image:height\" content=\"960\" \/>\n\t<meta property=\"og:image:type\" content=\"image\/jpeg\" \/>\n<meta name=\"twitter:card\" content=\"summary_large_image\" \/>\n<meta name=\"twitter:label1\" content=\"Prezzo\" \/>\n\t<meta name=\"twitter:data1\" content=\"\" \/>\n\t<meta name=\"twitter:label2\" content=\"Disponibilit\u00e0\" \/>\n\t<meta name=\"twitter:data2\" content=\"In stock\" \/>\n<script type=\"application\/ld+json\" class=\"yoast-schema-graph\">{\"@context\":\"https:\/\/schema.org\",\"@graph\":[{\"@type\":\"WebPage\",\"@id\":\"https:\/\/tropicalwingsbirds.shop\/shop\/torch-lutino-macaw-price\/\",\"url\":\"https:\/\/tropicalwingsbirds.shop\/shop\/torch-lutino-macaw-price\/\",\"name\":\"Torch Lutino Macaw Price - Tropical Wings Birds\",\"isPartOf\":{\"@id\":\"https:\/\/tropicalwingsbirds.shop\/#website\"},\"primaryImageOfPage\":{\"@id\":\"https:\/\/tropicalwingsbirds.shop\/shop\/torch-lutino-macaw-price\/#primaryimage\"},\"image\":{\"@id\":\"https:\/\/tropicalwingsbirds.shop\/shop\/torch-lutino-macaw-price\/#primaryimage\"},\"thumbnailUrl\":\"https:\/\/tropicalwingsbirds.shop\/wp-content\/uploads\/2023\/12\/12932621_1056727371064608_1904663322675853716_n.jpg\",\"datePublished\":\"2023-12-03T14:33:47+00:00\",\"dateModified\":\"2023-12-03T14:42:14+00:00\",\"breadcrumb\":{\"@id\":\"https:\/\/tropicalwingsbirds.shop\/shop\/torch-lutino-macaw-price\/#breadcrumb\"},\"inLanguage\":\"it-IT\",\"potentialAction\":[{\"@type\":\"ReadAction\",\"target\":[\"https:\/\/tropicalwingsbirds.shop\/shop\/torch-lutino-macaw-price\/\"]}]},{\"@type\":\"ImageObject\",\"inLanguage\":\"it-IT\",\"@id\":\"https:\/\/tropicalwingsbirds.shop\/shop\/torch-lutino-macaw-price\/#primaryimage\",\"url\":\"https:\/\/tropicalwingsbirds.shop\/wp-content\/uploads\/2023\/12\/12932621_1056727371064608_1904663322675853716_n.jpg\",\"contentUrl\":\"https:\/\/tropicalwingsbirds.shop\/wp-content\/uploads\/2023\/12\/12932621_1056727371064608_1904663322675853716_n.jpg\",\"width\":540,\"height\":960},{\"@type\":\"BreadcrumbList\",\"@id\":\"https:\/\/tropicalwingsbirds.shop\/shop\/torch-lutino-macaw-price\/#breadcrumb\",\"itemListElement\":[{\"@type\":\"ListItem\",\"position\":1,\"name\":\"Home\",\"item\":\"https:\/\/tropicalwingsbirds.shop\/\"},{\"@type\":\"ListItem\",\"position\":2,\"name\":\"Shop\",\"item\":\"https:\/\/tropicalwingsbirds.shop\/shop\/\"},{\"@type\":\"ListItem\",\"position\":3,\"name\":\"Torch Lutino Macaw Price\"}]},{\"@type\":\"WebSite\",\"@id\":\"https:\/\/tropicalwingsbirds.shop\/#website\",\"url\":\"https:\/\/tropicalwingsbirds.shop\/\",\"name\":\"Tropical Wings Birds\",\"description\":\"Best Exotic birds breeders online\",\"publisher\":{\"@id\":\"https:\/\/tropicalwingsbirds.shop\/#organization\"},\"potentialAction\":[{\"@type\":\"SearchAction\",\"target\":{\"@type\":\"EntryPoint\",\"urlTemplate\":\"https:\/\/tropicalwingsbirds.shop\/?s={search_term_string}\"},\"query-input\":{\"@type\":\"PropertyValueSpecification\",\"valueRequired\":true,\"valueName\":\"search_term_string\"}}],\"inLanguage\":\"it-IT\"},{\"@type\":[\"Organization\",\"Place\",\"PetStore\"],\"@id\":\"https:\/\/tropicalwingsbirds.shop\/#organization\",\"name\":\"Tropical Wings Birds Shop\",\"alternateName\":\"TPWB\",\"url\":\"https:\/\/tropicalwingsbirds.shop\/\",\"logo\":{\"@id\":\"https:\/\/tropicalwingsbirds.shop\/shop\/torch-lutino-macaw-price\/#local-main-organization-logo\"},\"image\":{\"@id\":\"https:\/\/tropicalwingsbirds.shop\/shop\/torch-lutino-macaw-price\/#local-main-organization-logo\"},\"sameAs\":[\"https:\/\/web.facebook.com\/profile.php?id=61551502767851&mibextid=2JQ9oc&_rdc=1&_rdr\"],\"description\":\"Tropical Wings Birds is your destination for exotic avian companionship. Our boutique aviary in United States offers a curated selection of vibrant tropical birds sourced from reputable breeders worldwide. With a focus on welfare and expertise, our dedicated team is here to guide you on your journey to finding the perfect feathered friend. Visit us today and experience the magic of avian companionship at Tropical Wings Birds.\",\"legalName\":\"Tropical Wings Birds\",\"foundingDate\":\"2019-02-14\",\"numberOfEmployees\":{\"@type\":\"QuantitativeValue\",\"minValue\":\"1\",\"maxValue\":\"10\"},\"address\":{\"@id\":\"https:\/\/tropicalwingsbirds.shop\/shop\/torch-lutino-macaw-price\/#local-main-place-address\"},\"geo\":{\"@type\":\"GeoCoordinates\",\"latitude\":\"40.5976725\",\"longitude\":\"-122.3716346\"},\"telephone\":[\"+1 707-733-4623\",\"+1 707-733-4623\"],\"contactPoint\":{\"@type\":\"ContactPoint\",\"telephone\":\"+1 707-733-4623\",\"email\":\"sales@tropicalwingsbirds.shop\"},\"openingHoursSpecification\":{\"@type\":\"OpeningHoursSpecification\",\"dayOfWeek\":[\"Monday\",\"Tuesday\",\"Wednesday\",\"Thursday\",\"Friday\",\"Saturday\",\"Sunday\"],\"opens\":\"00:00\",\"closes\":\"23:59\"},\"email\":\"sales@tropicalwingsbirds.shop\",\"faxNumber\":\"+1 707-733-4623\",\"areaServed\":\"United states, Porto Rico, Canada, Australia\",\"priceRange\":\"$\",\"currenciesAccepted\":\"USD, CAD, AUD,\",\"paymentAccepted\":\"Zelle, Paypal, Bitcoin, Apple pay, Credit cards, Bank transfers\"},{\"@type\":\"PostalAddress\",\"@id\":\"https:\/\/tropicalwingsbirds.shop\/shop\/torch-lutino-macaw-price\/#local-main-place-address\",\"streetAddress\":\"500 Hilltop Dr,\",\"addressLocality\":\"Redding\",\"postalCode\":\"96003\",\"addressRegion\":\"California\",\"addressCountry\":\"US\"},{\"@type\":\"ImageObject\",\"inLanguage\":\"it-IT\",\"@id\":\"https:\/\/tropicalwingsbirds.shop\/shop\/torch-lutino-macaw-price\/#local-main-organization-logo\",\"url\":\"https:\/\/tropicalwingsbirds.shop\/wp-content\/uploads\/2024\/01\/tropical-wings-1.webp\",\"contentUrl\":\"https:\/\/tropicalwingsbirds.shop\/wp-content\/uploads\/2024\/01\/tropical-wings-1.webp\",\"width\":500,\"height\":500,\"caption\":\"Tropical Wings Birds Shop\"}]}<\/script>\n<meta property=\"product:price:currency\" content=\"USD\" \/>\n<meta property=\"og:availability\" content=\"instock\" \/>\n<meta property=\"product:availability\" content=\"instock\" \/>\n<meta property=\"product:condition\" content=\"new\" \/>\n<meta name=\"geo.placename\" content=\"Redding\" \/>\n<meta name=\"geo.position\" content=\"40.5976725;-122.3716346\" \/>\n<meta name=\"geo.region\" content=\"United States (US)\" \/>\n<!-- \/ Yoast SEO Premium plugin. -->","yoast_head_json":{"title":"Torch Lutino Macaw Price - Tropical Wings Birds","robots":{"index":"index","follow":"follow","max-snippet":"max-snippet:-1","max-image-preview":"max-image-preview:large","max-video-preview":"max-video-preview:-1"},"canonical":"https:\/\/tropicalwingsbirds.shop\/it\/negozio\/torch-lutino-macaw-price\/","og_locale":"it_IT","og_type":"article","og_title":"Torch Lutino Macaw Price","og_description":"Length:76cm-100cm (30in-39in) Weight:0.9kg-2kg (2lbs-4.4lbs) Banded: Yes DNA Sex: Males\/Females Talking ABility: Yes","og_url":"https:\/\/tropicalwingsbirds.shop\/it\/negozio\/torch-lutino-macaw-price\/","og_site_name":"Tropical Wings Birds","article_publisher":"https:\/\/web.facebook.com\/profile.php?id=61551502767851&mibextid=2JQ9oc&_rdc=1&_rdr","article_modified_time":"2023-12-03T14:42:14+00:00","og_image":[{"width":540,"height":960,"url":"https:\/\/tropicalwingsbirds.shop\/wp-content\/uploads\/2023\/12\/12932621_1056727371064608_1904663322675853716_n.jpg","type":"image\/jpeg"}],"twitter_card":"summary_large_image","twitter_misc":{"Prezzo":"","Disponibilit\u00e0":"In stock"},"schema":{"@context":"https:\/\/schema.org","@graph":[{"@type":"WebPage","@id":"https:\/\/tropicalwingsbirds.shop\/shop\/torch-lutino-macaw-price\/","url":"https:\/\/tropicalwingsbirds.shop\/shop\/torch-lutino-macaw-price\/","name":"Torch Lutino Macaw Price - Tropical Wings Birds","isPartOf":{"@id":"https:\/\/tropicalwingsbirds.shop\/#website"},"primaryImageOfPage":{"@id":"https:\/\/tropicalwingsbirds.shop\/shop\/torch-lutino-macaw-price\/#primaryimage"},"image":{"@id":"https:\/\/tropicalwingsbirds.shop\/shop\/torch-lutino-macaw-price\/#primaryimage"},"thumbnailUrl":"https:\/\/tropicalwingsbirds.shop\/wp-content\/uploads\/2023\/12\/12932621_1056727371064608_1904663322675853716_n.jpg","datePublished":"2023-12-03T14:33:47+00:00","dateModified":"2023-12-03T14:42:14+00:00","breadcrumb":{"@id":"https:\/\/tropicalwingsbirds.shop\/shop\/torch-lutino-macaw-price\/#breadcrumb"},"inLanguage":"it-IT","potentialAction":[{"@type":"ReadAction","target":["https:\/\/tropicalwingsbirds.shop\/shop\/torch-lutino-macaw-price\/"]}]},{"@type":"ImageObject","inLanguage":"it-IT","@id":"https:\/\/tropicalwingsbirds.shop\/shop\/torch-lutino-macaw-price\/#primaryimage","url":"https:\/\/tropicalwingsbirds.shop\/wp-content\/uploads\/2023\/12\/12932621_1056727371064608_1904663322675853716_n.jpg","contentUrl":"https:\/\/tropicalwingsbirds.shop\/wp-content\/uploads\/2023\/12\/12932621_1056727371064608_1904663322675853716_n.jpg","width":540,"height":960},{"@type":"BreadcrumbList","@id":"https:\/\/tropicalwingsbirds.shop\/shop\/torch-lutino-macaw-price\/#breadcrumb","itemListElement":[{"@type":"ListItem","position":1,"name":"Home","item":"https:\/\/tropicalwingsbirds.shop\/"},{"@type":"ListItem","position":2,"name":"Shop","item":"https:\/\/tropicalwingsbirds.shop\/shop\/"},{"@type":"ListItem","position":3,"name":"Torch Lutino Macaw Price"}]},{"@type":"WebSite","@id":"https:\/\/tropicalwingsbirds.shop\/#website","url":"https:\/\/tropicalwingsbirds.shop\/","name":"Uccelli dalle ali tropicali","description":"I migliori allevatori di uccelli esotici online","publisher":{"@id":"https:\/\/tropicalwingsbirds.shop\/#organization"},"potentialAction":[{"@type":"SearchAction","target":{"@type":"EntryPoint","urlTemplate":"https:\/\/tropicalwingsbirds.shop\/?s={search_term_string}"},"query-input":{"@type":"PropertyValueSpecification","valueRequired":true,"valueName":"search_term_string"}}],"inLanguage":"it-IT"},{"@type":["Organization","Place","PetStore"],"@id":"https:\/\/tropicalwingsbirds.shop\/#organization","name":"Tropical Wings Birds Shop","alternateName":"TPWB","url":"https:\/\/tropicalwingsbirds.shop\/","logo":{"@id":"https:\/\/tropicalwingsbirds.shop\/shop\/torch-lutino-macaw-price\/#local-main-organization-logo"},"image":{"@id":"https:\/\/tropicalwingsbirds.shop\/shop\/torch-lutino-macaw-price\/#local-main-organization-logo"},"sameAs":["https:\/\/web.facebook.com\/profile.php?id=61551502767851&mibextid=2JQ9oc&_rdc=1&_rdr"],"description":"Tropical Wings Birds \u00e8 la tua destinazione per la compagnia di uccelli esotici. La nostra voliera boutique negli Stati Uniti offre una selezione accurata di vivaci uccelli tropicali provenienti da rinomati allevatori di tutto il mondo. Con un&#039;attenzione particolare al benessere e alla competenza, il nostro team dedicato \u00e8 qui per guidarti nel tuo viaggio alla ricerca del perfetto amico pennuto. Visitaci oggi stesso e vivi la magia della compagnia di uccelli da Tropical Wings Birds.","legalName":"Tropical Wings Birds","foundingDate":"2019-02-14","numberOfEmployees":{"@type":"QuantitativeValue","minValue":"1","maxValue":"10"},"address":{"@id":"https:\/\/tropicalwingsbirds.shop\/shop\/torch-lutino-macaw-price\/#local-main-place-address"},"geo":{"@type":"GeoCoordinates","latitude":"40.5976725","longitude":"-122.3716346"},"telephone":["+1 707-733-4623","+1 707-733-4623"],"contactPoint":{"@type":"ContactPoint","telephone":"+1 707-733-4623","email":"sales@tropicalwingsbirds.shop"},"openingHoursSpecification":{"@type":"OpeningHoursSpecification","dayOfWeek":["Monday","Tuesday","Wednesday","Thursday","Friday","Saturday","Sunday"],"opens":"00:00","closes":"23:59"},"email":"sales@tropicalwingsbirds.shop","faxNumber":"+1 707-733-4623","areaServed":"United states, Porto Rico, Canada, Australia","priceRange":"$","currenciesAccepted":"USD, CAD, AUD,","paymentAccepted":"Zelle, Paypal, Bitcoin, Apple pay, Credit cards, Bank transfers"},{"@type":"PostalAddress","@id":"https:\/\/tropicalwingsbirds.shop\/shop\/torch-lutino-macaw-price\/#local-main-place-address","streetAddress":"500 Hilltop Dr,","addressLocality":"Redding","postalCode":"96003","addressRegion":"California","addressCountry":"US"},{"@type":"ImageObject","inLanguage":"it-IT","@id":"https:\/\/tropicalwingsbirds.shop\/shop\/torch-lutino-macaw-price\/#local-main-organization-logo","url":"https:\/\/tropicalwingsbirds.shop\/wp-content\/uploads\/2024\/01\/tropical-wings-1.webp","contentUrl":"https:\/\/tropicalwingsbirds.shop\/wp-content\/uploads\/2024\/01\/tropical-wings-1.webp","width":500,"height":500,"caption":"Tropical Wings Birds Shop"}]},"product_price_currency":"USD","og_availability":"instock","product_availability":"instock","product_condition":"new","geo.placename":"Redding","geo.position":{"lat":"40.5976725","long":"-122.3716346"},"geo.region":"United States (US)"},"_links":{"self":[{"href":"https:\/\/tropicalwingsbirds.shop\/it\/wp-json\/wp\/v2\/product\/945","targetHints":{"allow":["GET"]}}],"collection":[{"href":"https:\/\/tropicalwingsbirds.shop\/it\/wp-json\/wp\/v2\/product"}],"about":[{"href":"https:\/\/tropicalwingsbirds.shop\/it\/wp-json\/wp\/v2\/types\/product"}],"replies":[{"embeddable":true,"href":"https:\/\/tropicalwingsbirds.shop\/it\/wp-json\/wp\/v2\/comments?post=945"}],"wp:featuredmedia":[{"embeddable":true,"href":"https:\/\/tropicalwingsbirds.shop\/it\/wp-json\/wp\/v2\/media\/1034"}],"wp:attachment":[{"href":"https:\/\/tropicalwingsbirds.shop\/it\/wp-json\/wp\/v2\/media?parent=945"}],"wp:term":[{"taxonomy":"product_brand","embeddable":true,"href":"https:\/\/tropicalwingsbirds.shop\/it\/wp-json\/wp\/v2\/product_brand?post=945"},{"taxonomy":"product_cat","embeddable":true,"href":"https:\/\/tropicalwingsbirds.shop\/it\/wp-json\/wp\/v2\/product_cat?post=945"},{"taxonomy":"product_tag","embeddable":true,"href":"https:\/\/tropicalwingsbirds.shop\/it\/wp-json\/wp\/v2\/product_tag?post=945"}],"curies":[{"name":"wp","href":"https:\/\/api.w.org\/{rel}","templated":true}]}}