{"id":2087,"date":"2023-12-07T14:41:35","date_gmt":"2023-12-07T14:41:35","guid":{"rendered":"https:\/\/tropicalwingsbirds.shop\/?post_type=product&#038;p=2087"},"modified":"2026-04-17T22:05:21","modified_gmt":"2026-04-17T22:05:21","slug":"comprar-coruja-orelhuda-online","status":"publish","type":"product","link":"https:\/\/tropicalwingsbirds.shop\/pt\/comprar\/comprar-coruja-orelhuda-online\/","title":{"rendered":"Compre coruja orelhuda online"},"content":{"rendered":"<p class=\"\">A coruja-orelhuda \u00e9 uma coruja de m\u00e9dio porte, menor que um pombo-torcaz. Muitas vezes, parece longa e fina, com penas na cabe\u00e7a (conhecidas como tufos de orelha, embora n\u00e3o sejam orelhas) que levanta quando se assusta. \u00c9 marrom-amarelada com listras marrom-escuras e olhos laranja-escuros.<\/p>\n<p class=\"\">Reproduz-se escassamente em todo o Reino Unido, com menos aves no sudoeste e no Pa\u00eds de Gales. As aves do norte migram para o sul, incluindo aves da Europa que v\u00eam passar o inverno no Reino Unido, enquanto as aves do sul s\u00e3o residentes e se deslocam apenas curtas dist\u00e2ncias para encontrar alimento.<\/p>","protected":false},"excerpt":{"rendered":"<p>The long-eared owl is a medium-sized owl, smaller in size than a woodpigeon. It often looks long and thin, with head feathers (known as ear tufts, even though they are not ears) which it raises when alarmed. It is buff-brown with darker brown streaks and deep orange eyes. It breeds thinly across the UK with [&hellip;]<\/p>\n","protected":false},"featured_media":2141,"comment_status":"closed","ping_status":"closed","template":"","meta":{"site-sidebar-layout":"","site-content-layout":"","ast-site-content-layout":"","site-content-style":"","site-sidebar-style":"","ast-global-header-display":"","ast-banner-title-visibility":"","ast-main-header-display":"","ast-hfb-above-header-display":"","ast-hfb-below-header-display":"","ast-hfb-mobile-header-display":"","site-post-title":"","ast-breadcrumbs-content":"","ast-featured-img":"","footer-sml-layout":"","theme-transparent-header-meta":"","adv-header-id-meta":"","stick-header-meta":"","header-above-stick-meta":"","header-main-stick-meta":"","header-below-stick-meta":"","astra-migrate-meta-layouts":"","ast-page-background-enabled":"default","ast-page-background-meta":{"desktop":{"background-color":"var(--ast-global-color-4)","background-image":"","background-repeat":"repeat","background-position":"center center","background-size":"auto","background-attachment":"scroll","background-type":"","background-media":"","overlay-type":"","overlay-color":"","overlay-opacity":"","overlay-gradient":""},"tablet":{"background-color":"","background-image":"","background-repeat":"repeat","background-position":"center center","background-size":"auto","background-attachment":"scroll","background-type":"","background-media":"","overlay-type":"","overlay-color":"","overlay-opacity":"","overlay-gradient":""},"mobile":{"background-color":"","background-image":"","background-repeat":"repeat","background-position":"center center","background-size":"auto","background-attachment":"scroll","background-type":"","background-media":"","overlay-type":"","overlay-color":"","overlay-opacity":"","overlay-gradient":""}},"ast-content-background-meta":{"desktop":{"background-color":"var(--ast-global-color-5)","background-image":"","background-repeat":"repeat","background-position":"center center","background-size":"auto","background-attachment":"scroll","background-type":"","background-media":"","overlay-type":"","overlay-color":"","overlay-opacity":"","overlay-gradient":""},"tablet":{"background-color":"var(--ast-global-color-5)","background-image":"","background-repeat":"repeat","background-position":"center center","background-size":"auto","background-attachment":"scroll","background-type":"","background-media":"","overlay-type":"","overlay-color":"","overlay-opacity":"","overlay-gradient":""},"mobile":{"background-color":"var(--ast-global-color-5)","background-image":"","background-repeat":"repeat","background-position":"center center","background-size":"auto","background-attachment":"scroll","background-type":"","background-media":"","overlay-type":"","overlay-color":"","overlay-opacity":"","overlay-gradient":""}}},"product_brand":[],"product_cat":[2111],"product_tag":[],"class_list":{"0":"post-2087","1":"product","2":"type-product","3":"status-publish","4":"has-post-thumbnail","6":"product_cat-owl","7":"desktop-align-left","8":"tablet-align-left","9":"mobile-align-left","10":"ast-product-gallery-layout-horizontal-slider","11":"ast-product-gallery-with-no-image","12":"ast-product-single-variable","13":"ast-product-tabs-layout-horizontal","14":"ast-qv-on-image","16":"first","17":"instock","18":"shipping-taxable","19":"product-type-variable"},"yoast_head":"<!-- This site is optimized with the Yoast SEO Premium plugin v23.2 (Yoast SEO v26.8) - https:\/\/yoast.com\/product\/yoast-seo-premium-wordpress\/ -->\n<title>Long Eared Owl for Sale | Tropical Wings Birds<\/title>\n<meta name=\"description\" content=\"Buy a long eared owl from a trusted breeder. Hand-fed, health-certified, closed-leg-ringed with full documentation. Worldwide shipping available.\" \/>\n<meta name=\"robots\" content=\"index, follow, max-snippet:-1, max-image-preview:large, max-video-preview:-1\" \/>\n<link rel=\"canonical\" href=\"https:\/\/tropicalwingsbirds.shop\/pt\/comprar\/comprar-coruja-orelhuda-online\/\" \/>\n<meta property=\"og:locale\" content=\"pt_PT\" \/>\n<meta property=\"og:type\" content=\"article\" \/>\n<meta property=\"og:title\" content=\"Buy Long Eared Owl Online\" \/>\n<meta property=\"og:description\" content=\"Buy a long eared owl from a trusted breeder. Hand-fed, health-certified, closed-leg-ringed with full documentation. Worldwide shipping available.\" \/>\n<meta property=\"og:url\" content=\"https:\/\/tropicalwingsbirds.shop\/pt\/comprar\/comprar-coruja-orelhuda-online\/\" \/>\n<meta property=\"og:site_name\" content=\"Tropical Wings Birds\" \/>\n<meta property=\"article:publisher\" content=\"https:\/\/web.facebook.com\/profile.php?id=61551502767851&amp;mibextid=2JQ9oc&amp;_rdc=1&amp;_rdr\" \/>\n<meta property=\"article:modified_time\" content=\"2026-04-17T22:05:21+00:00\" \/>\n<meta property=\"og:image\" content=\"https:\/\/tropicalwingsbirds.shop\/wp-content\/uploads\/2023\/12\/longEaredOwls.jpg\" \/>\n\t<meta property=\"og:image:width\" content=\"750\" \/>\n\t<meta property=\"og:image:height\" content=\"852\" \/>\n\t<meta property=\"og:image:type\" content=\"image\/jpeg\" \/>\n<meta name=\"twitter:card\" content=\"summary_large_image\" \/>\n<meta name=\"twitter:label1\" content=\"Disponibilidade\" \/>\n\t<meta name=\"twitter:data1\" content=\"Em stock\" \/>\n<script type=\"application\/ld+json\" class=\"yoast-schema-graph\">{\"@context\":\"https:\/\/schema.org\",\"@graph\":[{\"@type\":\"WebPage\",\"@id\":\"https:\/\/tropicalwingsbirds.shop\/shop\/buy-long-eared-owl-online\/\",\"url\":\"https:\/\/tropicalwingsbirds.shop\/shop\/buy-long-eared-owl-online\/\",\"name\":\"Long Eared Owl for Sale | Tropical Wings Birds\",\"isPartOf\":{\"@id\":\"https:\/\/tropicalwingsbirds.shop\/#website\"},\"primaryImageOfPage\":{\"@id\":\"https:\/\/tropicalwingsbirds.shop\/shop\/buy-long-eared-owl-online\/#primaryimage\"},\"image\":{\"@id\":\"https:\/\/tropicalwingsbirds.shop\/shop\/buy-long-eared-owl-online\/#primaryimage\"},\"thumbnailUrl\":\"https:\/\/tropicalwingsbirds.shop\/wp-content\/uploads\/2023\/12\/longEaredOwls.jpg\",\"datePublished\":\"2023-12-07T14:41:35+00:00\",\"dateModified\":\"2026-04-17T22:05:21+00:00\",\"description\":\"Buy a long eared owl from a trusted breeder. Hand-fed, health-certified, closed-leg-ringed with full documentation. Worldwide shipping available.\",\"breadcrumb\":{\"@id\":\"https:\/\/tropicalwingsbirds.shop\/shop\/buy-long-eared-owl-online\/#breadcrumb\"},\"inLanguage\":\"pt-PT\",\"potentialAction\":[{\"@type\":\"ReadAction\",\"target\":[\"https:\/\/tropicalwingsbirds.shop\/shop\/buy-long-eared-owl-online\/\"]}]},{\"@type\":\"ImageObject\",\"inLanguage\":\"pt-PT\",\"@id\":\"https:\/\/tropicalwingsbirds.shop\/shop\/buy-long-eared-owl-online\/#primaryimage\",\"url\":\"https:\/\/tropicalwingsbirds.shop\/wp-content\/uploads\/2023\/12\/longEaredOwls.jpg\",\"contentUrl\":\"https:\/\/tropicalwingsbirds.shop\/wp-content\/uploads\/2023\/12\/longEaredOwls.jpg\",\"width\":750,\"height\":852},{\"@type\":\"BreadcrumbList\",\"@id\":\"https:\/\/tropicalwingsbirds.shop\/shop\/buy-long-eared-owl-online\/#breadcrumb\",\"itemListElement\":[{\"@type\":\"ListItem\",\"position\":1,\"name\":\"Home\",\"item\":\"https:\/\/tropicalwingsbirds.shop\/\"},{\"@type\":\"ListItem\",\"position\":2,\"name\":\"Shop\",\"item\":\"https:\/\/tropicalwingsbirds.shop\/shop\/\"},{\"@type\":\"ListItem\",\"position\":3,\"name\":\"Buy Long Eared Owl Online\"}]},{\"@type\":\"WebSite\",\"@id\":\"https:\/\/tropicalwingsbirds.shop\/#website\",\"url\":\"https:\/\/tropicalwingsbirds.shop\/\",\"name\":\"Tropical Wings Birds\",\"description\":\"Best Exotic birds breeders online\",\"publisher\":{\"@id\":\"https:\/\/tropicalwingsbirds.shop\/#organization\"},\"potentialAction\":[{\"@type\":\"SearchAction\",\"target\":{\"@type\":\"EntryPoint\",\"urlTemplate\":\"https:\/\/tropicalwingsbirds.shop\/?s={search_term_string}\"},\"query-input\":{\"@type\":\"PropertyValueSpecification\",\"valueRequired\":true,\"valueName\":\"search_term_string\"}}],\"inLanguage\":\"pt-PT\"},{\"@type\":[\"Organization\",\"Place\",\"PetStore\"],\"@id\":\"https:\/\/tropicalwingsbirds.shop\/#organization\",\"name\":\"Tropical Wings Birds Shop\",\"alternateName\":\"TPWB\",\"url\":\"https:\/\/tropicalwingsbirds.shop\/\",\"logo\":{\"@id\":\"https:\/\/tropicalwingsbirds.shop\/shop\/buy-long-eared-owl-online\/#local-main-organization-logo\"},\"image\":{\"@id\":\"https:\/\/tropicalwingsbirds.shop\/shop\/buy-long-eared-owl-online\/#local-main-organization-logo\"},\"sameAs\":[\"https:\/\/web.facebook.com\/profile.php?id=61551502767851&mibextid=2JQ9oc&_rdc=1&_rdr\"],\"description\":\"Tropical Wings Birds is your destination for exotic avian companionship. Our boutique aviary in United States offers a curated selection of vibrant tropical birds sourced from reputable breeders worldwide. With a focus on welfare and expertise, our dedicated team is here to guide you on your journey to finding the perfect feathered friend. Visit us today and experience the magic of avian companionship at Tropical Wings Birds.\",\"legalName\":\"Tropical Wings Birds\",\"foundingDate\":\"2019-02-14\",\"numberOfEmployees\":{\"@type\":\"QuantitativeValue\",\"minValue\":\"1\",\"maxValue\":\"10\"},\"address\":{\"@id\":\"https:\/\/tropicalwingsbirds.shop\/shop\/buy-long-eared-owl-online\/#local-main-place-address\"},\"geo\":{\"@type\":\"GeoCoordinates\",\"latitude\":\"40.5976725\",\"longitude\":\"-122.3716346\"},\"telephone\":[\"+1 707-733-4623\",\"+1 707-733-4623\"],\"contactPoint\":{\"@type\":\"ContactPoint\",\"telephone\":\"+1 707-733-4623\",\"email\":\"sales@tropicalwingsbirds.shop\"},\"openingHoursSpecification\":{\"@type\":\"OpeningHoursSpecification\",\"dayOfWeek\":[\"Monday\",\"Tuesday\",\"Wednesday\",\"Thursday\",\"Friday\",\"Saturday\",\"Sunday\"],\"opens\":\"00:00\",\"closes\":\"23:59\"},\"email\":\"sales@tropicalwingsbirds.shop\",\"faxNumber\":\"+1 707-733-4623\",\"areaServed\":\"United states, Porto Rico, Canada, Australia\",\"priceRange\":\"$\",\"currenciesAccepted\":\"USD, CAD, AUD,\",\"paymentAccepted\":\"Zelle, Paypal, Bitcoin, Apple pay, Credit cards, Bank transfers\"},{\"@type\":\"PostalAddress\",\"@id\":\"https:\/\/tropicalwingsbirds.shop\/shop\/buy-long-eared-owl-online\/#local-main-place-address\",\"streetAddress\":\"500 Hilltop Dr,\",\"addressLocality\":\"Redding\",\"postalCode\":\"96003\",\"addressRegion\":\"California\",\"addressCountry\":\"US\"},{\"@type\":\"ImageObject\",\"inLanguage\":\"pt-PT\",\"@id\":\"https:\/\/tropicalwingsbirds.shop\/shop\/buy-long-eared-owl-online\/#local-main-organization-logo\",\"url\":\"https:\/\/tropicalwingsbirds.shop\/wp-content\/uploads\/2024\/01\/tropical-wings-1.webp\",\"contentUrl\":\"https:\/\/tropicalwingsbirds.shop\/wp-content\/uploads\/2024\/01\/tropical-wings-1.webp\",\"width\":500,\"height\":500,\"caption\":\"Tropical Wings Birds Shop\"}]}<\/script>\n<meta property=\"og:availability\" content=\"instock\" \/>\n<meta property=\"product:availability\" content=\"instock\" \/>\n<meta property=\"product:condition\" content=\"new\" \/>\n<meta name=\"geo.placename\" content=\"Redding\" \/>\n<meta name=\"geo.position\" content=\"40.5976725;-122.3716346\" \/>\n<meta name=\"geo.region\" content=\"Estados Unidos\" \/>\n<!-- \/ Yoast SEO Premium plugin. -->","yoast_head_json":{"title":"Long Eared Owl for Sale | Tropical Wings Birds","description":"Buy a long eared owl from a trusted breeder. Hand-fed, health-certified, closed-leg-ringed with full documentation. Worldwide shipping available.","robots":{"index":"index","follow":"follow","max-snippet":"max-snippet:-1","max-image-preview":"max-image-preview:large","max-video-preview":"max-video-preview:-1"},"canonical":"https:\/\/tropicalwingsbirds.shop\/pt\/comprar\/comprar-coruja-orelhuda-online\/","og_locale":"pt_PT","og_type":"article","og_title":"Buy Long Eared Owl Online","og_description":"Buy a long eared owl from a trusted breeder. Hand-fed, health-certified, closed-leg-ringed with full documentation. Worldwide shipping available.","og_url":"https:\/\/tropicalwingsbirds.shop\/pt\/comprar\/comprar-coruja-orelhuda-online\/","og_site_name":"Tropical Wings Birds","article_publisher":"https:\/\/web.facebook.com\/profile.php?id=61551502767851&mibextid=2JQ9oc&_rdc=1&_rdr","article_modified_time":"2026-04-17T22:05:21+00:00","og_image":[{"width":750,"height":852,"url":"https:\/\/tropicalwingsbirds.shop\/wp-content\/uploads\/2023\/12\/longEaredOwls.jpg","type":"image\/jpeg"}],"twitter_card":"summary_large_image","twitter_misc":{"Disponibilidade":"Em stock"},"schema":{"@context":"https:\/\/schema.org","@graph":[{"@type":"WebPage","@id":"https:\/\/tropicalwingsbirds.shop\/shop\/buy-long-eared-owl-online\/","url":"https:\/\/tropicalwingsbirds.shop\/shop\/buy-long-eared-owl-online\/","name":"Long Eared Owl for Sale | Tropical Wings Birds","isPartOf":{"@id":"https:\/\/tropicalwingsbirds.shop\/#website"},"primaryImageOfPage":{"@id":"https:\/\/tropicalwingsbirds.shop\/shop\/buy-long-eared-owl-online\/#primaryimage"},"image":{"@id":"https:\/\/tropicalwingsbirds.shop\/shop\/buy-long-eared-owl-online\/#primaryimage"},"thumbnailUrl":"https:\/\/tropicalwingsbirds.shop\/wp-content\/uploads\/2023\/12\/longEaredOwls.jpg","datePublished":"2023-12-07T14:41:35+00:00","dateModified":"2026-04-17T22:05:21+00:00","description":"Buy a long eared owl from a trusted breeder. Hand-fed, health-certified, closed-leg-ringed with full documentation. Worldwide shipping available.","breadcrumb":{"@id":"https:\/\/tropicalwingsbirds.shop\/shop\/buy-long-eared-owl-online\/#breadcrumb"},"inLanguage":"pt-PT","potentialAction":[{"@type":"ReadAction","target":["https:\/\/tropicalwingsbirds.shop\/shop\/buy-long-eared-owl-online\/"]}]},{"@type":"ImageObject","inLanguage":"pt-PT","@id":"https:\/\/tropicalwingsbirds.shop\/shop\/buy-long-eared-owl-online\/#primaryimage","url":"https:\/\/tropicalwingsbirds.shop\/wp-content\/uploads\/2023\/12\/longEaredOwls.jpg","contentUrl":"https:\/\/tropicalwingsbirds.shop\/wp-content\/uploads\/2023\/12\/longEaredOwls.jpg","width":750,"height":852},{"@type":"BreadcrumbList","@id":"https:\/\/tropicalwingsbirds.shop\/shop\/buy-long-eared-owl-online\/#breadcrumb","itemListElement":[{"@type":"ListItem","position":1,"name":"Home","item":"https:\/\/tropicalwingsbirds.shop\/"},{"@type":"ListItem","position":2,"name":"Shop","item":"https:\/\/tropicalwingsbirds.shop\/shop\/"},{"@type":"ListItem","position":3,"name":"Buy Long Eared Owl Online"}]},{"@type":"WebSite","@id":"https:\/\/tropicalwingsbirds.shop\/#website","url":"https:\/\/tropicalwingsbirds.shop\/","name":"P\u00e1ssaros Asas Tropicais","description":"Melhores criadores de p\u00e1ssaros ex\u00f3ticos online","publisher":{"@id":"https:\/\/tropicalwingsbirds.shop\/#organization"},"potentialAction":[{"@type":"SearchAction","target":{"@type":"EntryPoint","urlTemplate":"https:\/\/tropicalwingsbirds.shop\/?s={search_term_string}"},"query-input":{"@type":"PropertyValueSpecification","valueRequired":true,"valueName":"search_term_string"}}],"inLanguage":"pt-PT"},{"@type":["Organization","Place","PetStore"],"@id":"https:\/\/tropicalwingsbirds.shop\/#organization","name":"Tropical Wings Birds Shop","alternateName":"TPWB","url":"https:\/\/tropicalwingsbirds.shop\/","logo":{"@id":"https:\/\/tropicalwingsbirds.shop\/shop\/buy-long-eared-owl-online\/#local-main-organization-logo"},"image":{"@id":"https:\/\/tropicalwingsbirds.shop\/shop\/buy-long-eared-owl-online\/#local-main-organization-logo"},"sameAs":["https:\/\/web.facebook.com\/profile.php?id=61551502767851&mibextid=2JQ9oc&_rdc=1&_rdr"],"description":"A Tropical Wings Birds \u00e9 o seu destino para a companhia de aves ex\u00f3ticas. Nosso avi\u00e1rio boutique nos Estados Unidos oferece uma sele\u00e7\u00e3o criteriosa de aves tropicais vibrantes, provenientes de criadores renomados em todo o mundo. Com foco em bem-estar e expertise, nossa equipe dedicada est\u00e1 aqui para gui\u00e1-lo em sua jornada para encontrar o amigo emplumado perfeito. Visite-nos hoje mesmo e vivencie a magia da companhia de aves na Tropical Wings Birds.","legalName":"Tropical Wings Birds","foundingDate":"2019-02-14","numberOfEmployees":{"@type":"QuantitativeValue","minValue":"1","maxValue":"10"},"address":{"@id":"https:\/\/tropicalwingsbirds.shop\/shop\/buy-long-eared-owl-online\/#local-main-place-address"},"geo":{"@type":"GeoCoordinates","latitude":"40.5976725","longitude":"-122.3716346"},"telephone":["+1 707-733-4623","+1 707-733-4623"],"contactPoint":{"@type":"ContactPoint","telephone":"+1 707-733-4623","email":"sales@tropicalwingsbirds.shop"},"openingHoursSpecification":{"@type":"OpeningHoursSpecification","dayOfWeek":["Monday","Tuesday","Wednesday","Thursday","Friday","Saturday","Sunday"],"opens":"00:00","closes":"23:59"},"email":"sales@tropicalwingsbirds.shop","faxNumber":"+1 707-733-4623","areaServed":"United states, Porto Rico, Canada, Australia","priceRange":"$","currenciesAccepted":"USD, CAD, AUD,","paymentAccepted":"Zelle, Paypal, Bitcoin, Apple pay, Credit cards, Bank transfers"},{"@type":"PostalAddress","@id":"https:\/\/tropicalwingsbirds.shop\/shop\/buy-long-eared-owl-online\/#local-main-place-address","streetAddress":"500 Hilltop Dr,","addressLocality":"Redding","postalCode":"96003","addressRegion":"California","addressCountry":"US"},{"@type":"ImageObject","inLanguage":"pt-PT","@id":"https:\/\/tropicalwingsbirds.shop\/shop\/buy-long-eared-owl-online\/#local-main-organization-logo","url":"https:\/\/tropicalwingsbirds.shop\/wp-content\/uploads\/2024\/01\/tropical-wings-1.webp","contentUrl":"https:\/\/tropicalwingsbirds.shop\/wp-content\/uploads\/2024\/01\/tropical-wings-1.webp","width":500,"height":500,"caption":"Tropical Wings Birds Shop"}]},"og_availability":"instock","product_availability":"instock","product_condition":"new","geo.placename":"Redding","geo.position":{"lat":"40.5976725","long":"-122.3716346"},"geo.region":"Estados Unidos"},"jetpack_sharing_enabled":true,"_links":{"self":[{"href":"https:\/\/tropicalwingsbirds.shop\/pt\/wp-json\/wp\/v2\/product\/2087","targetHints":{"allow":["GET"]}}],"collection":[{"href":"https:\/\/tropicalwingsbirds.shop\/pt\/wp-json\/wp\/v2\/product"}],"about":[{"href":"https:\/\/tropicalwingsbirds.shop\/pt\/wp-json\/wp\/v2\/types\/product"}],"replies":[{"embeddable":true,"href":"https:\/\/tropicalwingsbirds.shop\/pt\/wp-json\/wp\/v2\/comments?post=2087"}],"wp:featuredmedia":[{"embeddable":true,"href":"https:\/\/tropicalwingsbirds.shop\/pt\/wp-json\/wp\/v2\/media\/2141"}],"wp:attachment":[{"href":"https:\/\/tropicalwingsbirds.shop\/pt\/wp-json\/wp\/v2\/media?parent=2087"}],"wp:term":[{"taxonomy":"product_brand","embeddable":true,"href":"https:\/\/tropicalwingsbirds.shop\/pt\/wp-json\/wp\/v2\/product_brand?post=2087"},{"taxonomy":"product_cat","embeddable":true,"href":"https:\/\/tropicalwingsbirds.shop\/pt\/wp-json\/wp\/v2\/product_cat?post=2087"},{"taxonomy":"product_tag","embeddable":true,"href":"https:\/\/tropicalwingsbirds.shop\/pt\/wp-json\/wp\/v2\/product_tag?post=2087"}],"curies":[{"name":"wp","href":"https:\/\/api.w.org\/{rel}","templated":true}]}}