{"id":2587,"date":"2023-12-07T16:33:55","date_gmt":"2023-12-07T16:33:55","guid":{"rendered":"https:\/\/tropicalwingsbirds.shop\/?post_type=product&#038;p=2587"},"modified":"2026-04-17T22:05:46","modified_gmt":"2026-04-17T22:05:46","slug":"buy-mosaic-canary-online","status":"publish","type":"product","link":"https:\/\/tropicalwingsbirds.shop\/pt\/comprar\/buy-mosaic-canary-online\/","title":{"rendered":"Compre Mosaic Canary Online"},"content":{"rendered":"<h2><a href=\"https:\/\/buyexoticbirdsforsale.com\/product\/buy-mosaic-canary-online\/\">Compre Mosaic Canary Online<\/a><\/h2>\n<p>&nbsp;<\/p>\n<p>Buy Mosaic Canary Online. Mosaic Canary companion pets were first exhibited in 1946 in the Netherlands. Mosaic is a term to describe color variations and mosaic canaries come in a variety of colors including shades of red, red-brown, yellow, and yellow opal. If you are looking to buy a companion pet canary that is bred for color variations, this is the canary for you. Socially, mosaic canaries do very well by themselves. Pet mosaic canaries are adorable and are sure to bring a smile to anyone&#8217;s face! DNA testing is available to ensure gender if desired for these Mosaic canaries for sale.<\/p>\n<p><strong>Geografia:<\/strong>\u00a0Mosaic Canaries are small\u00a0songbirds in the finch family and originate from the Macaronesian Islands, including the Canary Islands.<\/p>\n<p><strong>Tamanho<\/strong>: 6 inches tall<\/p>\n<p><strong>Can\u00e7\u00e3o:<\/strong>\u00a0sweet song<\/p>\n<p><strong>Reprodu\u00e7\u00e3o:<\/strong>\u00a0Breeding happens several times a year with 3-5 eggs per clutch. Young birds usually leave the nest within 2-3 weeks after hatching.<\/p>\n<p><strong>Dieta:<\/strong> Our special Finch Farm\u00a0Canary Seed,\u00a0Australian Blend Goldenfeast,\u00a0greens, and our nutritious\u00a0Dried egg food.<\/p>\n<p>Teste de DNA<\/p>\n<p>Se n\u00e3o houver op\u00e7\u00e3o de g\u00eanero para uma ave listada em nosso site, essa esp\u00e9cie espec\u00edfica \u00e9 &quot;monom\u00f3rfica&quot;, o que significa que n\u00e3o podemos determinar o g\u00eanero sem adquirir um teste de DNA. O teste de DNA custa $149 por ave para garantir o g\u00eanero desejado. O teste de DNA pode adicionar de 3 a 6 semanas ao prazo estimado de entrega para permitir os resultados de g\u00eanero. Consulte nossas Perguntas Frequentes para mais informa\u00e7\u00f5es.<\/p>\n<p>&nbsp;<\/p>\n<p>&nbsp;<\/p>\n<p>&nbsp;<\/p>\n<p>***********************************************************************************************************************<\/p>\n<p>&nbsp;<\/p>\n<p>&nbsp;<\/p>\n<p>&nbsp;<\/p>\n<p>&nbsp;<\/p>\n<p>&nbsp;<\/p>\n<p>&nbsp;<\/p>\n<p>&nbsp;<\/p>\n<p>&nbsp;<\/p>\n<p>&nbsp;<\/p>\n<p>&nbsp;<\/p>\n<p>&nbsp;<\/p>\n<p>&nbsp;<\/p>\n<p><a href=\"https:\/\/rchemicalsonline.com\/\">produtos qu\u00edmicos de pesquisa de alta qualidade online<\/a>, <a href=\"http:\/\/buycannabinoidssales.com\/\">comprar canabinoides sint\u00e9ticos para venda<\/a>, <a href=\"https:\/\/cashousenow.com\/\">comprar dinheiro falso online<\/a>, <a href=\"https:\/\/sherrymon.com\/\">comprar maconha medicinal online<\/a>, <a href=\"http:\/\/pharmaceuticalpills.com\/\">comprar p\u00edlulas farmac\u00eauticas online<\/a>, <a href=\"https:\/\/healthsteroids.com\/\">Compre ester\u00f3ides anabolizantes online<\/a>, <a href=\"https:\/\/groupzexmon.com\/\">melhores fornecedores de produtos qu\u00edmicos de pesquisa online,<\/a> <a href=\"https:\/\/novanaelites.com\/a4-copy-paper-manufacturers\/\">Papel para c\u00f3pia A4 branco neve<\/a>, <a href=\"https:\/\/buychineseteaonline.com\/\">comprar ch\u00e1 chin\u00eas online<\/a>, <a href=\"https:\/\/akihomesonline.com\/\">produtos qu\u00edmicos de pesquisa leg\u00edtimos online<\/a>, <a href=\"http:\/\/buycounterfeitmoneyforsale.com\/\">comprar dinheiro falsificado indetect\u00e1vel online<\/a>, <a href=\"https:\/\/bestchemsupplies.com\/\">melhores produtos qu\u00edmicos de pesquisa online nos EUA<\/a>, <a href=\"https:\/\/bestbreedersusa.com\/\">Notas falsas de alta qualidade para venda<\/a>, <a href=\"https:\/\/www.cheapmacawsonline.com\/\">Compre araras para venda online<\/a>, <a href=\"https:\/\/darknetshop.net\/\">Loja Darknet Online<\/a>, <a href=\"http:\/\/buygunforsale.com\/\">comprar arma para vender<\/a>, <a href=\"https:\/\/buyhorseforsale.com\/\">comprar cavalo para vender<\/a>, <a href=\"https:\/\/equinehorseforsale.com\/\">Cavalos equinos \u00e0 venda<\/a>, <a href=\"https:\/\/buyexotickittensforsale.com\/\">comprar gatinhos ex\u00f3ticos para venda<\/a>, <a href=\"https:\/\/puregblonline.com\/\">gbl puro online<\/a>, <a href=\"https:\/\/darknetbills.com\/\">notas falsas na darknet online<\/a>, <a href=\"https:\/\/monisherry.com\/\">comprar cannabis | erva | rc<\/a>, <a href=\"https:\/\/buymonkeysforsale.com\/\">comprar macacos para vender<\/a>, <a href=\"https:\/\/strongchems.org\/\">produtos qu\u00edmicos canabinoides fortes<\/a>, <a href=\"https:\/\/swiftpups.com\/\">comprar cacatua online<\/a>, <a href=\"https:\/\/celebritypetsfeed.com\/\">comprar eutilona online<\/a>,<a href=\"https:\/\/novanwoods.com\/\">comprar pellets de madeira online<\/a>,<\/p>","protected":false},"excerpt":{"rendered":"<p>Buy Mosaic Canary Online. Mosaic Canary companion pets were first exhibited in 1946 in the Netherlands. Mosaic is a term to describe color variations and mosaic canaries come in a variety of colors including shades of red, red-brown, yellow, and yellow opal. If you are looking to buy a companion pet canary that is bred for color variations, this is the canary for you. Socially, mosaic canaries do very well by themselves. Pet mosaic canaries are adorable and are sure to bring a smile to anyone&#8217;s face! DNA testing is available to ensure gender if desired for these Mosaic canaries for sale.<\/p>","protected":false},"featured_media":2644,"comment_status":"closed","ping_status":"closed","template":"","meta":{"site-sidebar-layout":"","site-content-layout":"","ast-site-content-layout":"","site-content-style":"","site-sidebar-style":"","ast-global-header-display":"","ast-banner-title-visibility":"","ast-main-header-display":"","ast-hfb-above-header-display":"","ast-hfb-below-header-display":"","ast-hfb-mobile-header-display":"","site-post-title":"","ast-breadcrumbs-content":"","ast-featured-img":"","footer-sml-layout":"","theme-transparent-header-meta":"","adv-header-id-meta":"","stick-header-meta":"","header-above-stick-meta":"","header-main-stick-meta":"","header-below-stick-meta":"","astra-migrate-meta-layouts":"","ast-page-background-enabled":"default","ast-page-background-meta":{"desktop":{"background-color":"var(--ast-global-color-4)","background-image":"","background-repeat":"repeat","background-position":"center center","background-size":"auto","background-attachment":"scroll","background-type":"","background-media":"","overlay-type":"","overlay-color":"","overlay-opacity":"","overlay-gradient":""},"tablet":{"background-color":"","background-image":"","background-repeat":"repeat","background-position":"center center","background-size":"auto","background-attachment":"scroll","background-type":"","background-media":"","overlay-type":"","overlay-color":"","overlay-opacity":"","overlay-gradient":""},"mobile":{"background-color":"","background-image":"","background-repeat":"repeat","background-position":"center center","background-size":"auto","background-attachment":"scroll","background-type":"","background-media":"","overlay-type":"","overlay-color":"","overlay-opacity":"","overlay-gradient":""}},"ast-content-background-meta":{"desktop":{"background-color":"var(--ast-global-color-5)","background-image":"","background-repeat":"repeat","background-position":"center center","background-size":"auto","background-attachment":"scroll","background-type":"","background-media":"","overlay-type":"","overlay-color":"","overlay-opacity":"","overlay-gradient":""},"tablet":{"background-color":"var(--ast-global-color-5)","background-image":"","background-repeat":"repeat","background-position":"center center","background-size":"auto","background-attachment":"scroll","background-type":"","background-media":"","overlay-type":"","overlay-color":"","overlay-opacity":"","overlay-gradient":""},"mobile":{"background-color":"var(--ast-global-color-5)","background-image":"","background-repeat":"repeat","background-position":"center center","background-size":"auto","background-attachment":"scroll","background-type":"","background-media":"","overlay-type":"","overlay-color":"","overlay-opacity":"","overlay-gradient":""}}},"product_brand":[],"product_cat":[2109],"product_tag":[2128,363,2129,2130,2131,2132,2133,2134,2135,2136,2137,2138,2139,2140,2141,2142,2143,2144,2145,2146,2147,2148,2149,2150,2151,2152,2153,2154,2155,2156,2157,2158,2159,2160,2161,2162],"class_list":{"0":"post-2587","1":"product","2":"type-product","3":"status-publish","4":"has-post-thumbnail","6":"product_cat-canaries","7":"product_tag-american-singer-canaries-for-sale","8":"product_tag-birds-for-sale","9":"product_tag-blue-canaries-for-sale","10":"product_tag-blue-canary-bird","11":"product_tag-buy-canary-birds-for-sale","12":"product_tag-buy-red-factor-canary","13":"product_tag-canaries-for-sale","14":"product_tag-canaries-for-sale-in-florida","15":"product_tag-canaries-for-sale-in-ohio","16":"product_tag-canaries-for-sale-near-me","17":"product_tag-canaries-for-sale-ny","18":"product_tag-canarios-for-sale","19":"product_tag-canary-bird-price","20":"product_tag-canary-bird-red","21":"product_tag-canary-bird-singing","22":"product_tag-canary-breeders","23":"product_tag-canary-for-sale","24":"product_tag-canary-for-sale-near-me","25":"product_tag-canary-for-sale-online","26":"product_tag-canary-price","27":"product_tag-colour-feeding-red-factor-canaries","28":"product_tag-exotic-birds-for-sale","29":"product_tag-fancy-canary-bird","30":"product_tag-female-canary-for-sale","31":"product_tag-green-canaries","32":"product_tag-male-canary-for-sale","33":"product_tag-orange-canary-for-sale","34":"product_tag-pet-birds","35":"product_tag-red-canary-bird-for-sale","36":"product_tag-red-factor-canary","37":"product_tag-red-factor-canary-for-sale","38":"product_tag-red-factor-canary-for-sale-in-california","39":"product_tag-red-factor-canary-for-sale-near-me","40":"product_tag-singing-canaries-for-sale","41":"product_tag-singing-canaries-for-sale-near-me","42":"product_tag-yellow-canary-birds-for-sale","43":"desktop-align-left","44":"tablet-align-left","45":"mobile-align-left","46":"ast-product-gallery-layout-horizontal-slider","47":"ast-product-gallery-with-no-image","48":"ast-product-tabs-layout-horizontal","49":"ast-qv-on-image","51":"first","52":"instock","53":"shipping-taxable","54":"product-type-simple"},"yoast_head":"<!-- This site is optimized with the Yoast SEO Premium plugin v23.2 (Yoast SEO v26.8) - https:\/\/yoast.com\/product\/yoast-seo-premium-wordpress\/ -->\n<title>Mosaic Canary for Sale | Tropical Wings Birds<\/title>\n<meta name=\"description\" content=\"Buy a mosaic canary from a trusted breeder. Hand-fed, health-certified, closed-leg-ringed with full documentation. Worldwide shipping available.\" \/>\n<meta name=\"robots\" content=\"index, follow, max-snippet:-1, max-image-preview:large, max-video-preview:-1\" \/>\n<link rel=\"canonical\" href=\"https:\/\/tropicalwingsbirds.shop\/pt\/comprar\/buy-mosaic-canary-online\/\" \/>\n<meta property=\"og:locale\" content=\"pt_PT\" \/>\n<meta property=\"og:type\" content=\"article\" \/>\n<meta property=\"og:title\" content=\"Buy Mosaic Canary Online\" \/>\n<meta property=\"og:description\" content=\"Buy a mosaic canary from a trusted breeder. Hand-fed, health-certified, closed-leg-ringed with full documentation. Worldwide shipping available.\" \/>\n<meta property=\"og:url\" content=\"https:\/\/tropicalwingsbirds.shop\/pt\/comprar\/buy-mosaic-canary-online\/\" \/>\n<meta property=\"og:site_name\" content=\"Tropical Wings Birds\" \/>\n<meta property=\"article:publisher\" content=\"https:\/\/web.facebook.com\/profile.php?id=61551502767851&amp;mibextid=2JQ9oc&amp;_rdc=1&amp;_rdr\" \/>\n<meta property=\"article:modified_time\" content=\"2026-04-17T22:05:46+00:00\" \/>\n<meta property=\"og:image\" content=\"https:\/\/tropicalwingsbirds.shop\/wp-content\/uploads\/2023\/12\/Red_Mosaic_Canary__77748.1571174358.jpg\" \/>\n\t<meta property=\"og:image:width\" content=\"1024\" \/>\n\t<meta property=\"og:image:height\" content=\"718\" \/>\n\t<meta property=\"og:image:type\" content=\"image\/jpeg\" \/>\n<meta name=\"twitter:card\" content=\"summary_large_image\" \/>\n<meta name=\"twitter:label1\" content=\"pre\u00e7o\" \/>\n\t<meta name=\"twitter:data1\" content=\"\" \/>\n\t<meta name=\"twitter:label2\" content=\"Disponibilidade\" \/>\n\t<meta name=\"twitter:data2\" content=\"Em stock\" \/>\n<script type=\"application\/ld+json\" class=\"yoast-schema-graph\">{\"@context\":\"https:\/\/schema.org\",\"@graph\":[{\"@type\":\"WebPage\",\"@id\":\"https:\/\/tropicalwingsbirds.shop\/shop\/buy-mosaic-canary-online\/\",\"url\":\"https:\/\/tropicalwingsbirds.shop\/shop\/buy-mosaic-canary-online\/\",\"name\":\"Mosaic Canary for Sale | Tropical Wings Birds\",\"isPartOf\":{\"@id\":\"https:\/\/tropicalwingsbirds.shop\/#website\"},\"primaryImageOfPage\":{\"@id\":\"https:\/\/tropicalwingsbirds.shop\/shop\/buy-mosaic-canary-online\/#primaryimage\"},\"image\":{\"@id\":\"https:\/\/tropicalwingsbirds.shop\/shop\/buy-mosaic-canary-online\/#primaryimage\"},\"thumbnailUrl\":\"https:\/\/tropicalwingsbirds.shop\/wp-content\/uploads\/2023\/12\/Red_Mosaic_Canary__77748.1571174358.jpg\",\"datePublished\":\"2023-12-07T16:33:55+00:00\",\"dateModified\":\"2026-04-17T22:05:46+00:00\",\"description\":\"Buy a mosaic canary from a trusted breeder. Hand-fed, health-certified, closed-leg-ringed with full documentation. Worldwide shipping available.\",\"breadcrumb\":{\"@id\":\"https:\/\/tropicalwingsbirds.shop\/shop\/buy-mosaic-canary-online\/#breadcrumb\"},\"inLanguage\":\"pt-PT\",\"potentialAction\":[{\"@type\":\"ReadAction\",\"target\":[\"https:\/\/tropicalwingsbirds.shop\/shop\/buy-mosaic-canary-online\/\"]}]},{\"@type\":\"ImageObject\",\"inLanguage\":\"pt-PT\",\"@id\":\"https:\/\/tropicalwingsbirds.shop\/shop\/buy-mosaic-canary-online\/#primaryimage\",\"url\":\"https:\/\/tropicalwingsbirds.shop\/wp-content\/uploads\/2023\/12\/Red_Mosaic_Canary__77748.1571174358.jpg\",\"contentUrl\":\"https:\/\/tropicalwingsbirds.shop\/wp-content\/uploads\/2023\/12\/Red_Mosaic_Canary__77748.1571174358.jpg\",\"width\":1024,\"height\":718},{\"@type\":\"BreadcrumbList\",\"@id\":\"https:\/\/tropicalwingsbirds.shop\/shop\/buy-mosaic-canary-online\/#breadcrumb\",\"itemListElement\":[{\"@type\":\"ListItem\",\"position\":1,\"name\":\"Home\",\"item\":\"https:\/\/tropicalwingsbirds.shop\/\"},{\"@type\":\"ListItem\",\"position\":2,\"name\":\"Shop\",\"item\":\"https:\/\/tropicalwingsbirds.shop\/shop\/\"},{\"@type\":\"ListItem\",\"position\":3,\"name\":\"Buy Mosaic Canary Online\"}]},{\"@type\":\"WebSite\",\"@id\":\"https:\/\/tropicalwingsbirds.shop\/#website\",\"url\":\"https:\/\/tropicalwingsbirds.shop\/\",\"name\":\"Tropical Wings Birds\",\"description\":\"Best Exotic birds breeders online\",\"publisher\":{\"@id\":\"https:\/\/tropicalwingsbirds.shop\/#organization\"},\"potentialAction\":[{\"@type\":\"SearchAction\",\"target\":{\"@type\":\"EntryPoint\",\"urlTemplate\":\"https:\/\/tropicalwingsbirds.shop\/?s={search_term_string}\"},\"query-input\":{\"@type\":\"PropertyValueSpecification\",\"valueRequired\":true,\"valueName\":\"search_term_string\"}}],\"inLanguage\":\"pt-PT\"},{\"@type\":[\"Organization\",\"Place\",\"PetStore\"],\"@id\":\"https:\/\/tropicalwingsbirds.shop\/#organization\",\"name\":\"Tropical Wings Birds Shop\",\"alternateName\":\"TPWB\",\"url\":\"https:\/\/tropicalwingsbirds.shop\/\",\"logo\":{\"@id\":\"https:\/\/tropicalwingsbirds.shop\/shop\/buy-mosaic-canary-online\/#local-main-organization-logo\"},\"image\":{\"@id\":\"https:\/\/tropicalwingsbirds.shop\/shop\/buy-mosaic-canary-online\/#local-main-organization-logo\"},\"sameAs\":[\"https:\/\/web.facebook.com\/profile.php?id=61551502767851&mibextid=2JQ9oc&_rdc=1&_rdr\"],\"description\":\"Tropical Wings Birds is your destination for exotic avian companionship. Our boutique aviary in United States offers a curated selection of vibrant tropical birds sourced from reputable breeders worldwide. With a focus on welfare and expertise, our dedicated team is here to guide you on your journey to finding the perfect feathered friend. Visit us today and experience the magic of avian companionship at Tropical Wings Birds.\",\"legalName\":\"Tropical Wings Birds\",\"foundingDate\":\"2019-02-14\",\"numberOfEmployees\":{\"@type\":\"QuantitativeValue\",\"minValue\":\"1\",\"maxValue\":\"10\"},\"address\":{\"@id\":\"https:\/\/tropicalwingsbirds.shop\/shop\/buy-mosaic-canary-online\/#local-main-place-address\"},\"geo\":{\"@type\":\"GeoCoordinates\",\"latitude\":\"40.5976725\",\"longitude\":\"-122.3716346\"},\"telephone\":[\"+1 707-733-4623\",\"+1 707-733-4623\"],\"contactPoint\":{\"@type\":\"ContactPoint\",\"telephone\":\"+1 707-733-4623\",\"email\":\"sales@tropicalwingsbirds.shop\"},\"openingHoursSpecification\":{\"@type\":\"OpeningHoursSpecification\",\"dayOfWeek\":[\"Monday\",\"Tuesday\",\"Wednesday\",\"Thursday\",\"Friday\",\"Saturday\",\"Sunday\"],\"opens\":\"00:00\",\"closes\":\"23:59\"},\"email\":\"sales@tropicalwingsbirds.shop\",\"faxNumber\":\"+1 707-733-4623\",\"areaServed\":\"United states, Porto Rico, Canada, Australia\",\"priceRange\":\"$\",\"currenciesAccepted\":\"USD, CAD, AUD,\",\"paymentAccepted\":\"Zelle, Paypal, Bitcoin, Apple pay, Credit cards, Bank transfers\"},{\"@type\":\"PostalAddress\",\"@id\":\"https:\/\/tropicalwingsbirds.shop\/shop\/buy-mosaic-canary-online\/#local-main-place-address\",\"streetAddress\":\"500 Hilltop Dr,\",\"addressLocality\":\"Redding\",\"postalCode\":\"96003\",\"addressRegion\":\"California\",\"addressCountry\":\"US\"},{\"@type\":\"ImageObject\",\"inLanguage\":\"pt-PT\",\"@id\":\"https:\/\/tropicalwingsbirds.shop\/shop\/buy-mosaic-canary-online\/#local-main-organization-logo\",\"url\":\"https:\/\/tropicalwingsbirds.shop\/wp-content\/uploads\/2024\/01\/tropical-wings-1.webp\",\"contentUrl\":\"https:\/\/tropicalwingsbirds.shop\/wp-content\/uploads\/2024\/01\/tropical-wings-1.webp\",\"width\":500,\"height\":500,\"caption\":\"Tropical Wings Birds Shop\"}]}<\/script>\n<meta property=\"product:price:currency\" content=\"USD\" \/>\n<meta property=\"og:availability\" content=\"instock\" \/>\n<meta property=\"product:availability\" content=\"instock\" \/>\n<meta property=\"product:condition\" content=\"new\" \/>\n<meta name=\"geo.placename\" content=\"Redding\" \/>\n<meta name=\"geo.position\" content=\"40.5976725;-122.3716346\" \/>\n<meta name=\"geo.region\" content=\"Estados Unidos\" \/>\n<!-- \/ Yoast SEO Premium plugin. -->","yoast_head_json":{"title":"Mosaic Canary for Sale | Tropical Wings Birds","description":"Buy a mosaic canary from a trusted breeder. Hand-fed, health-certified, closed-leg-ringed with full documentation. Worldwide shipping available.","robots":{"index":"index","follow":"follow","max-snippet":"max-snippet:-1","max-image-preview":"max-image-preview:large","max-video-preview":"max-video-preview:-1"},"canonical":"https:\/\/tropicalwingsbirds.shop\/pt\/comprar\/buy-mosaic-canary-online\/","og_locale":"pt_PT","og_type":"article","og_title":"Buy Mosaic Canary Online","og_description":"Buy a mosaic canary from a trusted breeder. Hand-fed, health-certified, closed-leg-ringed with full documentation. Worldwide shipping available.","og_url":"https:\/\/tropicalwingsbirds.shop\/pt\/comprar\/buy-mosaic-canary-online\/","og_site_name":"Tropical Wings Birds","article_publisher":"https:\/\/web.facebook.com\/profile.php?id=61551502767851&mibextid=2JQ9oc&_rdc=1&_rdr","article_modified_time":"2026-04-17T22:05:46+00:00","og_image":[{"width":1024,"height":718,"url":"https:\/\/tropicalwingsbirds.shop\/wp-content\/uploads\/2023\/12\/Red_Mosaic_Canary__77748.1571174358.jpg","type":"image\/jpeg"}],"twitter_card":"summary_large_image","twitter_misc":{"pre\u00e7o":"","Disponibilidade":"Em stock"},"schema":{"@context":"https:\/\/schema.org","@graph":[{"@type":"WebPage","@id":"https:\/\/tropicalwingsbirds.shop\/shop\/buy-mosaic-canary-online\/","url":"https:\/\/tropicalwingsbirds.shop\/shop\/buy-mosaic-canary-online\/","name":"Mosaic Canary for Sale | Tropical Wings Birds","isPartOf":{"@id":"https:\/\/tropicalwingsbirds.shop\/#website"},"primaryImageOfPage":{"@id":"https:\/\/tropicalwingsbirds.shop\/shop\/buy-mosaic-canary-online\/#primaryimage"},"image":{"@id":"https:\/\/tropicalwingsbirds.shop\/shop\/buy-mosaic-canary-online\/#primaryimage"},"thumbnailUrl":"https:\/\/tropicalwingsbirds.shop\/wp-content\/uploads\/2023\/12\/Red_Mosaic_Canary__77748.1571174358.jpg","datePublished":"2023-12-07T16:33:55+00:00","dateModified":"2026-04-17T22:05:46+00:00","description":"Buy a mosaic canary from a trusted breeder. Hand-fed, health-certified, closed-leg-ringed with full documentation. Worldwide shipping available.","breadcrumb":{"@id":"https:\/\/tropicalwingsbirds.shop\/shop\/buy-mosaic-canary-online\/#breadcrumb"},"inLanguage":"pt-PT","potentialAction":[{"@type":"ReadAction","target":["https:\/\/tropicalwingsbirds.shop\/shop\/buy-mosaic-canary-online\/"]}]},{"@type":"ImageObject","inLanguage":"pt-PT","@id":"https:\/\/tropicalwingsbirds.shop\/shop\/buy-mosaic-canary-online\/#primaryimage","url":"https:\/\/tropicalwingsbirds.shop\/wp-content\/uploads\/2023\/12\/Red_Mosaic_Canary__77748.1571174358.jpg","contentUrl":"https:\/\/tropicalwingsbirds.shop\/wp-content\/uploads\/2023\/12\/Red_Mosaic_Canary__77748.1571174358.jpg","width":1024,"height":718},{"@type":"BreadcrumbList","@id":"https:\/\/tropicalwingsbirds.shop\/shop\/buy-mosaic-canary-online\/#breadcrumb","itemListElement":[{"@type":"ListItem","position":1,"name":"Home","item":"https:\/\/tropicalwingsbirds.shop\/"},{"@type":"ListItem","position":2,"name":"Shop","item":"https:\/\/tropicalwingsbirds.shop\/shop\/"},{"@type":"ListItem","position":3,"name":"Buy Mosaic Canary Online"}]},{"@type":"WebSite","@id":"https:\/\/tropicalwingsbirds.shop\/#website","url":"https:\/\/tropicalwingsbirds.shop\/","name":"P\u00e1ssaros Asas Tropicais","description":"Melhores criadores de p\u00e1ssaros ex\u00f3ticos online","publisher":{"@id":"https:\/\/tropicalwingsbirds.shop\/#organization"},"potentialAction":[{"@type":"SearchAction","target":{"@type":"EntryPoint","urlTemplate":"https:\/\/tropicalwingsbirds.shop\/?s={search_term_string}"},"query-input":{"@type":"PropertyValueSpecification","valueRequired":true,"valueName":"search_term_string"}}],"inLanguage":"pt-PT"},{"@type":["Organization","Place","PetStore"],"@id":"https:\/\/tropicalwingsbirds.shop\/#organization","name":"Tropical Wings Birds Shop","alternateName":"TPWB","url":"https:\/\/tropicalwingsbirds.shop\/","logo":{"@id":"https:\/\/tropicalwingsbirds.shop\/shop\/buy-mosaic-canary-online\/#local-main-organization-logo"},"image":{"@id":"https:\/\/tropicalwingsbirds.shop\/shop\/buy-mosaic-canary-online\/#local-main-organization-logo"},"sameAs":["https:\/\/web.facebook.com\/profile.php?id=61551502767851&mibextid=2JQ9oc&_rdc=1&_rdr"],"description":"A Tropical Wings Birds \u00e9 o seu destino para a companhia de aves ex\u00f3ticas. Nosso avi\u00e1rio boutique nos Estados Unidos oferece uma sele\u00e7\u00e3o criteriosa de aves tropicais vibrantes, provenientes de criadores renomados em todo o mundo. Com foco em bem-estar e expertise, nossa equipe dedicada est\u00e1 aqui para gui\u00e1-lo em sua jornada para encontrar o amigo emplumado perfeito. Visite-nos hoje mesmo e vivencie a magia da companhia de aves na Tropical Wings Birds.","legalName":"Tropical Wings Birds","foundingDate":"2019-02-14","numberOfEmployees":{"@type":"QuantitativeValue","minValue":"1","maxValue":"10"},"address":{"@id":"https:\/\/tropicalwingsbirds.shop\/shop\/buy-mosaic-canary-online\/#local-main-place-address"},"geo":{"@type":"GeoCoordinates","latitude":"40.5976725","longitude":"-122.3716346"},"telephone":["+1 707-733-4623","+1 707-733-4623"],"contactPoint":{"@type":"ContactPoint","telephone":"+1 707-733-4623","email":"sales@tropicalwingsbirds.shop"},"openingHoursSpecification":{"@type":"OpeningHoursSpecification","dayOfWeek":["Monday","Tuesday","Wednesday","Thursday","Friday","Saturday","Sunday"],"opens":"00:00","closes":"23:59"},"email":"sales@tropicalwingsbirds.shop","faxNumber":"+1 707-733-4623","areaServed":"United states, Porto Rico, Canada, Australia","priceRange":"$","currenciesAccepted":"USD, CAD, AUD,","paymentAccepted":"Zelle, Paypal, Bitcoin, Apple pay, Credit cards, Bank transfers"},{"@type":"PostalAddress","@id":"https:\/\/tropicalwingsbirds.shop\/shop\/buy-mosaic-canary-online\/#local-main-place-address","streetAddress":"500 Hilltop Dr,","addressLocality":"Redding","postalCode":"96003","addressRegion":"California","addressCountry":"US"},{"@type":"ImageObject","inLanguage":"pt-PT","@id":"https:\/\/tropicalwingsbirds.shop\/shop\/buy-mosaic-canary-online\/#local-main-organization-logo","url":"https:\/\/tropicalwingsbirds.shop\/wp-content\/uploads\/2024\/01\/tropical-wings-1.webp","contentUrl":"https:\/\/tropicalwingsbirds.shop\/wp-content\/uploads\/2024\/01\/tropical-wings-1.webp","width":500,"height":500,"caption":"Tropical Wings Birds Shop"}]},"product_price_currency":"USD","og_availability":"instock","product_availability":"instock","product_condition":"new","geo.placename":"Redding","geo.position":{"lat":"40.5976725","long":"-122.3716346"},"geo.region":"Estados Unidos"},"jetpack_sharing_enabled":true,"_links":{"self":[{"href":"https:\/\/tropicalwingsbirds.shop\/pt\/wp-json\/wp\/v2\/product\/2587","targetHints":{"allow":["GET"]}}],"collection":[{"href":"https:\/\/tropicalwingsbirds.shop\/pt\/wp-json\/wp\/v2\/product"}],"about":[{"href":"https:\/\/tropicalwingsbirds.shop\/pt\/wp-json\/wp\/v2\/types\/product"}],"replies":[{"embeddable":true,"href":"https:\/\/tropicalwingsbirds.shop\/pt\/wp-json\/wp\/v2\/comments?post=2587"}],"wp:featuredmedia":[{"embeddable":true,"href":"https:\/\/tropicalwingsbirds.shop\/pt\/wp-json\/wp\/v2\/media\/2644"}],"wp:attachment":[{"href":"https:\/\/tropicalwingsbirds.shop\/pt\/wp-json\/wp\/v2\/media?parent=2587"}],"wp:term":[{"taxonomy":"product_brand","embeddable":true,"href":"https:\/\/tropicalwingsbirds.shop\/pt\/wp-json\/wp\/v2\/product_brand?post=2587"},{"taxonomy":"product_cat","embeddable":true,"href":"https:\/\/tropicalwingsbirds.shop\/pt\/wp-json\/wp\/v2\/product_cat?post=2587"},{"taxonomy":"product_tag","embeddable":true,"href":"https:\/\/tropicalwingsbirds.shop\/pt\/wp-json\/wp\/v2\/product_tag?post=2587"}],"curies":[{"name":"wp","href":"https:\/\/api.w.org\/{rel}","templated":true}]}}