{"id":2600,"date":"2023-12-07T16:34:32","date_gmt":"2023-12-07T16:34:32","guid":{"rendered":"https:\/\/tropicalwingsbirds.shop\/?post_type=product&#038;p=2600"},"modified":"2024-02-03T06:16:59","modified_gmt":"2024-02-03T06:16:59","slug":"comprar-canario-amarelo-online","status":"publish","type":"product","link":"https:\/\/tropicalwingsbirds.shop\/pt\/comprar\/comprar-canario-amarelo-online\/","title":{"rendered":"Compre Yellow Canary Online"},"content":{"rendered":"<h2>Compre Yellow Canary Online<\/h2>\n<p><span style=\"font-size: 16px;\">Compre Can\u00e1rio Amarelo Online. Ao longo dos s\u00e9culos, os can\u00e1rios amarelos t\u00eam sido p\u00e1ssaros populares entre os amantes de p\u00e1ssaros. Eles t\u00eam belas penas amarelas, s\u00e3o \u00f3timos cantores e s\u00e3o naturalmente amig\u00e1veis \u2013 e \u00e9 por isso que tamb\u00e9m s\u00e3o \u00f3timos animais de estima\u00e7\u00e3o. Quem n\u00e3o se sentiria tentado a ter um can\u00e1rio amarelo de estima\u00e7\u00e3o? Seus dias de t\u00e9dio acabariam assim que voc\u00ea os ouvisse cantar. Seu canto harmonioso e melodioso o manteria entretido. Cuidar de um can\u00e1rio de estima\u00e7\u00e3o certamente lhe traria alegria imensur\u00e1vel, companheirismo incompar\u00e1vel e muita satisfa\u00e7\u00e3o.<\/span><\/p>\n<p><strong>Geografia:\u00a0<\/strong>Os can\u00e1rios-amarelos (Serinus flaviventrisare) s\u00e3o reprodutores residentes em grande parte das regi\u00f5es oeste e central da \u00c1frica Austral e foram introduzidos nas ilhas de Ascens\u00e3o e Santa Helena. Estas pequenas aves canoras da fam\u00edlia dos tentilh\u00f5es s\u00e3o origin\u00e1rias das Ilhas Macaron\u00e9sias, incluindo as Ilhas Can\u00e1rias.<\/p>\n<p><strong>Can\u00e7\u00e3o \/ Chamada:\u00a0<\/strong>Embora as can\u00e1rias f\u00eameas tamb\u00e9m sejam capazes de cantar (mas n\u00e3o com tanta frequ\u00eancia), os can\u00e1rios machos s\u00e3o, sem d\u00favida, os melhores cantores. Clique para ouvir o Can\u00e1rio Amarelo<\/p>\n<p><strong>Tamanho \/ Peso:\u00a0<\/strong>13 cm (5,1\u2033)<\/p>\n<p><strong>Sexagem:\u00a0<\/strong>Monom\u00f3rfico (visualmente dif\u00edcil de sexar). Testes de DNA est\u00e3o dispon\u00edveis para garantir o sexo desejado.<\/p>\n<p><strong>Temperamento:\u00a0<\/strong>Um can\u00e1rio-amarelo \u00e9 um animal de estima\u00e7\u00e3o divertido para a fam\u00edlia certa. Embora essas aves sejam coloridas e ativas e os machos sejam agradavelmente vocais, eles n\u00e3o s\u00e3o animais de estima\u00e7\u00e3o &quot;pr\u00e1ticos&quot;. Eles s\u00e3o muito pequenos, r\u00e1pidos e nervosos para serem manuseados. No entanto, se voc\u00ea gosta de observar p\u00e1ssaros e ouvir seus sons interessantes, um can\u00e1rio \u00e9 provavelmente o animal de estima\u00e7\u00e3o perfeito para voc\u00ea. Os can\u00e1rios s\u00e3o os &quot;lobos solit\u00e1rios&quot; do mundo das aves; eles realmente preferem ficar sozinhos. Os can\u00e1rios-amarelos s\u00e3o extremamente territoriais, especialmente os machos, e brigam e at\u00e9 machucam outras aves em seus territ\u00f3rios. Mesmo pares macho\/f\u00eamea brigam fora da \u00e9poca de reprodu\u00e7\u00e3o. Gaiolas desempenham um papel importante na sa\u00fade do seu animal de estima\u00e7\u00e3o. Quanto aos can\u00e1rios, eles precisam de uma gaiola bem grande, pois adoram voar. Ter uma gaiola grande tamb\u00e9m manteria sua sa\u00fade sob controle, pois voar \u00e9 equivalente a se exercitar.<\/p>\n<p><strong>Reprodu\u00e7\u00e3o:\u00a0<\/strong>A reprodu\u00e7\u00e3o de can\u00e1rios requer planejamento pr\u00e9vio, equipamentos especializados, alimenta\u00e7\u00e3o espec\u00edfica e sorte. Criar essas aves da maneira correta \u00e9 importante porque garante um ambiente sem estresse para elas, al\u00e9m de uma maior chance de gerar descendentes.<\/p>\n<p><strong>Vida \u00fatil:\u00a0<\/strong>Um can\u00e1rio de estima\u00e7\u00e3o pode viver aproximadamente 15 anos. A expectativa de vida de um can\u00e1rio depende do seu g\u00eanero, do n\u00edvel de cuidado, da atividade reprodutiva e das pr\u00e1ticas b\u00e1sicas de seguran\u00e7a. Can\u00e1rios machos tendem a viver mais do que as f\u00eameas. Can\u00e1rios f\u00eameas usados para reprodu\u00e7\u00e3o regular geralmente vivem apenas cerca de seis anos.<strong>\u00a0<\/strong><\/p>\n<p><strong>Dieta:<\/strong><strong>\u00a0<\/strong>Mix de sementes de alpiste, mistura australiana Goldenfeast e pimentas jalape\u00f1o tamb\u00e9m promovem uma circula\u00e7\u00e3o sangu\u00ednea saud\u00e1vel e mant\u00eam o peso do seu p\u00e1ssaro de estima\u00e7\u00e3o sob controle, pois s\u00e3o ricas em vitaminas A e C. Tamb\u00e9m verduras como espinafre, couve, br\u00f3colis, pepino, ab\u00f3bora, etc. Eles tamb\u00e9m comem laranjas, bananas, ma\u00e7\u00e3s, milho, morangos e muitas outras frutas.<\/p>\n<p>Teste de DNA<\/p>\n<p>Se n\u00e3o houver op\u00e7\u00e3o de g\u00eanero para uma ave listada em nosso site, essa esp\u00e9cie espec\u00edfica \u00e9 &quot;monom\u00f3rfica&quot;, o que significa que n\u00e3o podemos determinar o g\u00eanero sem adquirir um teste de DNA. O teste de DNA custa $149 por ave para garantir o g\u00eanero desejado. O teste de DNA pode adicionar de 3 a 6 semanas ao prazo estimado de entrega para permitir os resultados de g\u00eanero. Consulte nossas Perguntas Frequentes para mais informa\u00e7\u00f5es.<\/p>","protected":false},"excerpt":{"rendered":"<p>Compre Can\u00e1rio Amarelo Online. Ao longo dos s\u00e9culos, os can\u00e1rios amarelos t\u00eam sido p\u00e1ssaros populares entre os amantes de p\u00e1ssaros. Eles t\u00eam belas penas amarelas, s\u00e3o \u00f3timos cantores e s\u00e3o naturalmente amig\u00e1veis \u2013 e \u00e9 por isso que tamb\u00e9m s\u00e3o \u00f3timos animais de estima\u00e7\u00e3o. Quem n\u00e3o se sentiria tentado a ter um can\u00e1rio amarelo de estima\u00e7\u00e3o? Seus dias de t\u00e9dio acabariam assim que voc\u00ea os ouvisse cantar. Seu canto harmonioso e melodioso o manteria entretido. Cuidar de um can\u00e1rio de estima\u00e7\u00e3o certamente lhe traria alegria imensur\u00e1vel, companheirismo incompar\u00e1vel e muita satisfa\u00e7\u00e3o.<\/p>","protected":false},"featured_media":2654,"comment_status":"closed","ping_status":"closed","template":"","meta":{"site-sidebar-layout":"default","site-content-layout":"","ast-site-content-layout":"default","site-content-style":"default","site-sidebar-style":"default","ast-global-header-display":"","ast-banner-title-visibility":"","ast-main-header-display":"","ast-hfb-above-header-display":"","ast-hfb-below-header-display":"","ast-hfb-mobile-header-display":"","site-post-title":"","ast-breadcrumbs-content":"","ast-featured-img":"","footer-sml-layout":"","theme-transparent-header-meta":"default","adv-header-id-meta":"","stick-header-meta":"default","header-above-stick-meta":"","header-main-stick-meta":"","header-below-stick-meta":"","astra-migrate-meta-layouts":"set","ast-page-background-enabled":"default","ast-page-background-meta":{"desktop":{"background-color":"var(--ast-global-color-4)","background-image":"","background-repeat":"repeat","background-position":"center center","background-size":"auto","background-attachment":"scroll","background-type":"","background-media":"","overlay-type":"","overlay-color":"","overlay-opacity":"","overlay-gradient":""},"tablet":{"background-color":"","background-image":"","background-repeat":"repeat","background-position":"center center","background-size":"auto","background-attachment":"scroll","background-type":"","background-media":"","overlay-type":"","overlay-color":"","overlay-opacity":"","overlay-gradient":""},"mobile":{"background-color":"","background-image":"","background-repeat":"repeat","background-position":"center center","background-size":"auto","background-attachment":"scroll","background-type":"","background-media":"","overlay-type":"","overlay-color":"","overlay-opacity":"","overlay-gradient":""}},"ast-content-background-meta":{"desktop":{"background-color":"var(--ast-global-color-5)","background-image":"","background-repeat":"repeat","background-position":"center center","background-size":"auto","background-attachment":"scroll","background-type":"","background-media":"","overlay-type":"","overlay-color":"","overlay-opacity":"","overlay-gradient":""},"tablet":{"background-color":"var(--ast-global-color-5)","background-image":"","background-repeat":"repeat","background-position":"center center","background-size":"auto","background-attachment":"scroll","background-type":"","background-media":"","overlay-type":"","overlay-color":"","overlay-opacity":"","overlay-gradient":""},"mobile":{"background-color":"var(--ast-global-color-5)","background-image":"","background-repeat":"repeat","background-position":"center center","background-size":"auto","background-attachment":"scroll","background-type":"","background-media":"","overlay-type":"","overlay-color":"","overlay-opacity":"","overlay-gradient":""}}},"product_brand":[],"product_cat":[37],"product_tag":[2128,363,2129,2130,2131,2132,2133,2134,2135,2136,2137,2138,2139,2140,2141,2142,2143,2144,2145,2146,2147,2148,2149,2150,2151,2152,2153,2154,2155,2156,2157,2158,2159,2160,2161,2162],"class_list":{"0":"post-2600","1":"product","2":"type-product","3":"status-publish","4":"has-post-thumbnail","6":"product_cat-canary","7":"product_tag-american-singer-canaries-for-sale","8":"product_tag-birds-for-sale","9":"product_tag-blue-canaries-for-sale","10":"product_tag-blue-canary-bird","11":"product_tag-buy-canary-birds-for-sale","12":"product_tag-buy-red-factor-canary","13":"product_tag-canaries-for-sale","14":"product_tag-canaries-for-sale-in-florida","15":"product_tag-canaries-for-sale-in-ohio","16":"product_tag-canaries-for-sale-near-me","17":"product_tag-canaries-for-sale-ny","18":"product_tag-canarios-for-sale","19":"product_tag-canary-bird-price","20":"product_tag-canary-bird-red","21":"product_tag-canary-bird-singing","22":"product_tag-canary-breeders","23":"product_tag-canary-for-sale","24":"product_tag-canary-for-sale-near-me","25":"product_tag-canary-for-sale-online","26":"product_tag-canary-price","27":"product_tag-colour-feeding-red-factor-canaries","28":"product_tag-exotic-birds-for-sale","29":"product_tag-fancy-canary-bird","30":"product_tag-female-canary-for-sale","31":"product_tag-green-canaries","32":"product_tag-male-canary-for-sale","33":"product_tag-orange-canary-for-sale","34":"product_tag-pet-birds","35":"product_tag-red-canary-bird-for-sale","36":"product_tag-red-factor-canary","37":"product_tag-red-factor-canary-for-sale","38":"product_tag-red-factor-canary-for-sale-in-california","39":"product_tag-red-factor-canary-for-sale-near-me","40":"product_tag-singing-canaries-for-sale","41":"product_tag-singing-canaries-for-sale-near-me","42":"product_tag-yellow-canary-birds-for-sale","43":"desktop-align-left","44":"tablet-align-left","45":"mobile-align-left","46":"ast-product-gallery-layout-horizontal-slider","47":"ast-product-gallery-with-no-image","48":"ast-product-tabs-layout-horizontal","49":"ast-qv-on-image","51":"first","52":"instock","53":"shipping-taxable","54":"product-type-simple"},"yoast_head":"<!-- This site is optimized with the Yoast SEO Premium plugin v23.2 (Yoast SEO v26.8) - https:\/\/yoast.com\/product\/yoast-seo-premium-wordpress\/ -->\n<title>Buy Yellow Canary Online - Tropical Wings Birds<\/title>\n<meta name=\"robots\" content=\"index, follow, max-snippet:-1, max-image-preview:large, max-video-preview:-1\" \/>\n<link rel=\"canonical\" href=\"https:\/\/tropicalwingsbirds.shop\/pt\/comprar\/comprar-canario-amarelo-online\/\" \/>\n<meta property=\"og:locale\" content=\"pt_PT\" \/>\n<meta property=\"og:type\" content=\"article\" \/>\n<meta property=\"og:title\" content=\"Buy Yellow Canary Online\" \/>\n<meta property=\"og:description\" content=\"Buy Yellow Canary Online. Over the centuries, Yellow canaries have been popular birds among bird enthusiasts. They have attractive yellow feathers, are great singers, and are naturally friendly \u2013 which are the very reasons why they are also great to keep as pets. Who wouldn\u2019t be enticed to keep a pet yellow canary? Your boring days would be gone as soon as you hear them sing. Their harmonious and melodious singing would keep you entertained. Caring for a pet canary would definitely bring you immeasurable joy, unparalleled companionship, and lots of satisfaction.\" \/>\n<meta property=\"og:url\" content=\"https:\/\/tropicalwingsbirds.shop\/pt\/comprar\/comprar-canario-amarelo-online\/\" \/>\n<meta property=\"og:site_name\" content=\"Tropical Wings Birds\" \/>\n<meta property=\"article:publisher\" content=\"https:\/\/web.facebook.com\/profile.php?id=61551502767851&amp;mibextid=2JQ9oc&amp;_rdc=1&amp;_rdr\" \/>\n<meta property=\"article:modified_time\" content=\"2024-02-03T06:16:59+00:00\" \/>\n<meta property=\"og:image\" content=\"https:\/\/tropicalwingsbirds.shop\/wp-content\/uploads\/2023\/12\/Yellow_Canary__23894.1447512404.500.659__31405.1565733433.jpg\" \/>\n\t<meta property=\"og:image:width\" content=\"664\" \/>\n\t<meta property=\"og:image:height\" content=\"1024\" \/>\n\t<meta property=\"og:image:type\" content=\"image\/jpeg\" \/>\n<meta name=\"twitter:card\" content=\"summary_large_image\" \/>\n<meta name=\"twitter:label1\" content=\"pre\u00e7o\" \/>\n\t<meta name=\"twitter:data1\" content=\"\" \/>\n\t<meta name=\"twitter:label2\" content=\"Disponibilidade\" \/>\n\t<meta name=\"twitter:data2\" content=\"Em stock\" \/>\n<script type=\"application\/ld+json\" class=\"yoast-schema-graph\">{\"@context\":\"https:\/\/schema.org\",\"@graph\":[{\"@type\":\"WebPage\",\"@id\":\"https:\/\/tropicalwingsbirds.shop\/shop\/buy-yellow-canary-online\/\",\"url\":\"https:\/\/tropicalwingsbirds.shop\/shop\/buy-yellow-canary-online\/\",\"name\":\"Buy Yellow Canary Online - Tropical Wings Birds\",\"isPartOf\":{\"@id\":\"https:\/\/tropicalwingsbirds.shop\/#website\"},\"primaryImageOfPage\":{\"@id\":\"https:\/\/tropicalwingsbirds.shop\/shop\/buy-yellow-canary-online\/#primaryimage\"},\"image\":{\"@id\":\"https:\/\/tropicalwingsbirds.shop\/shop\/buy-yellow-canary-online\/#primaryimage\"},\"thumbnailUrl\":\"https:\/\/tropicalwingsbirds.shop\/wp-content\/uploads\/2023\/12\/Yellow_Canary__23894.1447512404.500.659__31405.1565733433.jpg\",\"datePublished\":\"2023-12-07T16:34:32+00:00\",\"dateModified\":\"2024-02-03T06:16:59+00:00\",\"breadcrumb\":{\"@id\":\"https:\/\/tropicalwingsbirds.shop\/shop\/buy-yellow-canary-online\/#breadcrumb\"},\"inLanguage\":\"pt-PT\",\"potentialAction\":[{\"@type\":\"ReadAction\",\"target\":[\"https:\/\/tropicalwingsbirds.shop\/shop\/buy-yellow-canary-online\/\"]}]},{\"@type\":\"ImageObject\",\"inLanguage\":\"pt-PT\",\"@id\":\"https:\/\/tropicalwingsbirds.shop\/shop\/buy-yellow-canary-online\/#primaryimage\",\"url\":\"https:\/\/tropicalwingsbirds.shop\/wp-content\/uploads\/2023\/12\/Yellow_Canary__23894.1447512404.500.659__31405.1565733433.jpg\",\"contentUrl\":\"https:\/\/tropicalwingsbirds.shop\/wp-content\/uploads\/2023\/12\/Yellow_Canary__23894.1447512404.500.659__31405.1565733433.jpg\",\"width\":664,\"height\":1024},{\"@type\":\"BreadcrumbList\",\"@id\":\"https:\/\/tropicalwingsbirds.shop\/shop\/buy-yellow-canary-online\/#breadcrumb\",\"itemListElement\":[{\"@type\":\"ListItem\",\"position\":1,\"name\":\"Home\",\"item\":\"https:\/\/tropicalwingsbirds.shop\/\"},{\"@type\":\"ListItem\",\"position\":2,\"name\":\"Shop\",\"item\":\"https:\/\/tropicalwingsbirds.shop\/shop\/\"},{\"@type\":\"ListItem\",\"position\":3,\"name\":\"Buy Yellow Canary Online\"}]},{\"@type\":\"WebSite\",\"@id\":\"https:\/\/tropicalwingsbirds.shop\/#website\",\"url\":\"https:\/\/tropicalwingsbirds.shop\/\",\"name\":\"Tropical Wings Birds\",\"description\":\"Best Exotic birds breeders online\",\"publisher\":{\"@id\":\"https:\/\/tropicalwingsbirds.shop\/#organization\"},\"potentialAction\":[{\"@type\":\"SearchAction\",\"target\":{\"@type\":\"EntryPoint\",\"urlTemplate\":\"https:\/\/tropicalwingsbirds.shop\/?s={search_term_string}\"},\"query-input\":{\"@type\":\"PropertyValueSpecification\",\"valueRequired\":true,\"valueName\":\"search_term_string\"}}],\"inLanguage\":\"pt-PT\"},{\"@type\":[\"Organization\",\"Place\",\"PetStore\"],\"@id\":\"https:\/\/tropicalwingsbirds.shop\/#organization\",\"name\":\"Tropical Wings Birds Shop\",\"alternateName\":\"TPWB\",\"url\":\"https:\/\/tropicalwingsbirds.shop\/\",\"logo\":{\"@id\":\"https:\/\/tropicalwingsbirds.shop\/shop\/buy-yellow-canary-online\/#local-main-organization-logo\"},\"image\":{\"@id\":\"https:\/\/tropicalwingsbirds.shop\/shop\/buy-yellow-canary-online\/#local-main-organization-logo\"},\"sameAs\":[\"https:\/\/web.facebook.com\/profile.php?id=61551502767851&mibextid=2JQ9oc&_rdc=1&_rdr\"],\"description\":\"Tropical Wings Birds is your destination for exotic avian companionship. Our boutique aviary in United States offers a curated selection of vibrant tropical birds sourced from reputable breeders worldwide. With a focus on welfare and expertise, our dedicated team is here to guide you on your journey to finding the perfect feathered friend. Visit us today and experience the magic of avian companionship at Tropical Wings Birds.\",\"legalName\":\"Tropical Wings Birds\",\"foundingDate\":\"2019-02-14\",\"numberOfEmployees\":{\"@type\":\"QuantitativeValue\",\"minValue\":\"1\",\"maxValue\":\"10\"},\"address\":{\"@id\":\"https:\/\/tropicalwingsbirds.shop\/shop\/buy-yellow-canary-online\/#local-main-place-address\"},\"geo\":{\"@type\":\"GeoCoordinates\",\"latitude\":\"40.5976725\",\"longitude\":\"-122.3716346\"},\"telephone\":[\"+1 707-733-4623\",\"+1 707-733-4623\"],\"contactPoint\":{\"@type\":\"ContactPoint\",\"telephone\":\"+1 707-733-4623\",\"email\":\"sales@tropicalwingsbirds.shop\"},\"openingHoursSpecification\":{\"@type\":\"OpeningHoursSpecification\",\"dayOfWeek\":[\"Monday\",\"Tuesday\",\"Wednesday\",\"Thursday\",\"Friday\",\"Saturday\",\"Sunday\"],\"opens\":\"00:00\",\"closes\":\"23:59\"},\"email\":\"sales@tropicalwingsbirds.shop\",\"faxNumber\":\"+1 707-733-4623\",\"areaServed\":\"United states, Porto Rico, Canada, Australia\",\"priceRange\":\"$\",\"currenciesAccepted\":\"USD, CAD, AUD,\",\"paymentAccepted\":\"Zelle, Paypal, Bitcoin, Apple pay, Credit cards, Bank transfers\"},{\"@type\":\"PostalAddress\",\"@id\":\"https:\/\/tropicalwingsbirds.shop\/shop\/buy-yellow-canary-online\/#local-main-place-address\",\"streetAddress\":\"500 Hilltop Dr,\",\"addressLocality\":\"Redding\",\"postalCode\":\"96003\",\"addressRegion\":\"California\",\"addressCountry\":\"US\"},{\"@type\":\"ImageObject\",\"inLanguage\":\"pt-PT\",\"@id\":\"https:\/\/tropicalwingsbirds.shop\/shop\/buy-yellow-canary-online\/#local-main-organization-logo\",\"url\":\"https:\/\/tropicalwingsbirds.shop\/wp-content\/uploads\/2024\/01\/tropical-wings-1.webp\",\"contentUrl\":\"https:\/\/tropicalwingsbirds.shop\/wp-content\/uploads\/2024\/01\/tropical-wings-1.webp\",\"width\":500,\"height\":500,\"caption\":\"Tropical Wings Birds Shop\"}]}<\/script>\n<meta property=\"product:price:currency\" content=\"USD\" \/>\n<meta property=\"og:availability\" content=\"instock\" \/>\n<meta property=\"product:availability\" content=\"instock\" \/>\n<meta property=\"product:condition\" content=\"new\" \/>\n<meta name=\"geo.placename\" content=\"Redding\" \/>\n<meta name=\"geo.position\" content=\"40.5976725;-122.3716346\" \/>\n<meta name=\"geo.region\" content=\"Estados Unidos\" \/>\n<!-- \/ Yoast SEO Premium plugin. -->","yoast_head_json":{"title":"Compre Yellow Canary Online - Tropical Wings Birds","robots":{"index":"index","follow":"follow","max-snippet":"max-snippet:-1","max-image-preview":"max-image-preview:large","max-video-preview":"max-video-preview:-1"},"canonical":"https:\/\/tropicalwingsbirds.shop\/pt\/comprar\/comprar-canario-amarelo-online\/","og_locale":"pt_PT","og_type":"article","og_title":"Buy Yellow Canary Online","og_description":"Buy Yellow Canary Online. Over the centuries, Yellow canaries have been popular birds among bird enthusiasts. They have attractive yellow feathers, are great singers, and are naturally friendly \u2013 which are the very reasons why they are also great to keep as pets. Who wouldn\u2019t be enticed to keep a pet yellow canary? Your boring days would be gone as soon as you hear them sing. Their harmonious and melodious singing would keep you entertained. Caring for a pet canary would definitely bring you immeasurable joy, unparalleled companionship, and lots of satisfaction.","og_url":"https:\/\/tropicalwingsbirds.shop\/pt\/comprar\/comprar-canario-amarelo-online\/","og_site_name":"Tropical Wings Birds","article_publisher":"https:\/\/web.facebook.com\/profile.php?id=61551502767851&mibextid=2JQ9oc&_rdc=1&_rdr","article_modified_time":"2024-02-03T06:16:59+00:00","og_image":[{"width":664,"height":1024,"url":"https:\/\/tropicalwingsbirds.shop\/wp-content\/uploads\/2023\/12\/Yellow_Canary__23894.1447512404.500.659__31405.1565733433.jpg","type":"image\/jpeg"}],"twitter_card":"summary_large_image","twitter_misc":{"pre\u00e7o":"","Disponibilidade":"Em stock"},"schema":{"@context":"https:\/\/schema.org","@graph":[{"@type":"WebPage","@id":"https:\/\/tropicalwingsbirds.shop\/shop\/buy-yellow-canary-online\/","url":"https:\/\/tropicalwingsbirds.shop\/shop\/buy-yellow-canary-online\/","name":"Compre Yellow Canary Online - Tropical Wings Birds","isPartOf":{"@id":"https:\/\/tropicalwingsbirds.shop\/#website"},"primaryImageOfPage":{"@id":"https:\/\/tropicalwingsbirds.shop\/shop\/buy-yellow-canary-online\/#primaryimage"},"image":{"@id":"https:\/\/tropicalwingsbirds.shop\/shop\/buy-yellow-canary-online\/#primaryimage"},"thumbnailUrl":"https:\/\/tropicalwingsbirds.shop\/wp-content\/uploads\/2023\/12\/Yellow_Canary__23894.1447512404.500.659__31405.1565733433.jpg","datePublished":"2023-12-07T16:34:32+00:00","dateModified":"2024-02-03T06:16:59+00:00","breadcrumb":{"@id":"https:\/\/tropicalwingsbirds.shop\/shop\/buy-yellow-canary-online\/#breadcrumb"},"inLanguage":"pt-PT","potentialAction":[{"@type":"ReadAction","target":["https:\/\/tropicalwingsbirds.shop\/shop\/buy-yellow-canary-online\/"]}]},{"@type":"ImageObject","inLanguage":"pt-PT","@id":"https:\/\/tropicalwingsbirds.shop\/shop\/buy-yellow-canary-online\/#primaryimage","url":"https:\/\/tropicalwingsbirds.shop\/wp-content\/uploads\/2023\/12\/Yellow_Canary__23894.1447512404.500.659__31405.1565733433.jpg","contentUrl":"https:\/\/tropicalwingsbirds.shop\/wp-content\/uploads\/2023\/12\/Yellow_Canary__23894.1447512404.500.659__31405.1565733433.jpg","width":664,"height":1024},{"@type":"BreadcrumbList","@id":"https:\/\/tropicalwingsbirds.shop\/shop\/buy-yellow-canary-online\/#breadcrumb","itemListElement":[{"@type":"ListItem","position":1,"name":"Home","item":"https:\/\/tropicalwingsbirds.shop\/"},{"@type":"ListItem","position":2,"name":"Shop","item":"https:\/\/tropicalwingsbirds.shop\/shop\/"},{"@type":"ListItem","position":3,"name":"Buy Yellow Canary Online"}]},{"@type":"WebSite","@id":"https:\/\/tropicalwingsbirds.shop\/#website","url":"https:\/\/tropicalwingsbirds.shop\/","name":"P\u00e1ssaros Asas Tropicais","description":"Melhores criadores de p\u00e1ssaros ex\u00f3ticos online","publisher":{"@id":"https:\/\/tropicalwingsbirds.shop\/#organization"},"potentialAction":[{"@type":"SearchAction","target":{"@type":"EntryPoint","urlTemplate":"https:\/\/tropicalwingsbirds.shop\/?s={search_term_string}"},"query-input":{"@type":"PropertyValueSpecification","valueRequired":true,"valueName":"search_term_string"}}],"inLanguage":"pt-PT"},{"@type":["Organization","Place","PetStore"],"@id":"https:\/\/tropicalwingsbirds.shop\/#organization","name":"Tropical Wings Birds Shop","alternateName":"TPWB","url":"https:\/\/tropicalwingsbirds.shop\/","logo":{"@id":"https:\/\/tropicalwingsbirds.shop\/shop\/buy-yellow-canary-online\/#local-main-organization-logo"},"image":{"@id":"https:\/\/tropicalwingsbirds.shop\/shop\/buy-yellow-canary-online\/#local-main-organization-logo"},"sameAs":["https:\/\/web.facebook.com\/profile.php?id=61551502767851&mibextid=2JQ9oc&_rdc=1&_rdr"],"description":"A Tropical Wings Birds \u00e9 o seu destino para a companhia de aves ex\u00f3ticas. Nosso avi\u00e1rio boutique nos Estados Unidos oferece uma sele\u00e7\u00e3o criteriosa de aves tropicais vibrantes, provenientes de criadores renomados em todo o mundo. Com foco em bem-estar e expertise, nossa equipe dedicada est\u00e1 aqui para gui\u00e1-lo em sua jornada para encontrar o amigo emplumado perfeito. Visite-nos hoje mesmo e vivencie a magia da companhia de aves na Tropical Wings Birds.","legalName":"Tropical Wings Birds","foundingDate":"2019-02-14","numberOfEmployees":{"@type":"QuantitativeValue","minValue":"1","maxValue":"10"},"address":{"@id":"https:\/\/tropicalwingsbirds.shop\/shop\/buy-yellow-canary-online\/#local-main-place-address"},"geo":{"@type":"GeoCoordinates","latitude":"40.5976725","longitude":"-122.3716346"},"telephone":["+1 707-733-4623","+1 707-733-4623"],"contactPoint":{"@type":"ContactPoint","telephone":"+1 707-733-4623","email":"sales@tropicalwingsbirds.shop"},"openingHoursSpecification":{"@type":"OpeningHoursSpecification","dayOfWeek":["Monday","Tuesday","Wednesday","Thursday","Friday","Saturday","Sunday"],"opens":"00:00","closes":"23:59"},"email":"sales@tropicalwingsbirds.shop","faxNumber":"+1 707-733-4623","areaServed":"United states, Porto Rico, Canada, Australia","priceRange":"$","currenciesAccepted":"USD, CAD, AUD,","paymentAccepted":"Zelle, Paypal, Bitcoin, Apple pay, Credit cards, Bank transfers"},{"@type":"PostalAddress","@id":"https:\/\/tropicalwingsbirds.shop\/shop\/buy-yellow-canary-online\/#local-main-place-address","streetAddress":"500 Hilltop Dr,","addressLocality":"Redding","postalCode":"96003","addressRegion":"California","addressCountry":"US"},{"@type":"ImageObject","inLanguage":"pt-PT","@id":"https:\/\/tropicalwingsbirds.shop\/shop\/buy-yellow-canary-online\/#local-main-organization-logo","url":"https:\/\/tropicalwingsbirds.shop\/wp-content\/uploads\/2024\/01\/tropical-wings-1.webp","contentUrl":"https:\/\/tropicalwingsbirds.shop\/wp-content\/uploads\/2024\/01\/tropical-wings-1.webp","width":500,"height":500,"caption":"Tropical Wings Birds Shop"}]},"product_price_currency":"USD","og_availability":"instock","product_availability":"instock","product_condition":"new","geo.placename":"Redding","geo.position":{"lat":"40.5976725","long":"-122.3716346"},"geo.region":"Estados Unidos"},"_links":{"self":[{"href":"https:\/\/tropicalwingsbirds.shop\/pt\/wp-json\/wp\/v2\/product\/2600","targetHints":{"allow":["GET"]}}],"collection":[{"href":"https:\/\/tropicalwingsbirds.shop\/pt\/wp-json\/wp\/v2\/product"}],"about":[{"href":"https:\/\/tropicalwingsbirds.shop\/pt\/wp-json\/wp\/v2\/types\/product"}],"replies":[{"embeddable":true,"href":"https:\/\/tropicalwingsbirds.shop\/pt\/wp-json\/wp\/v2\/comments?post=2600"}],"wp:featuredmedia":[{"embeddable":true,"href":"https:\/\/tropicalwingsbirds.shop\/pt\/wp-json\/wp\/v2\/media\/2654"}],"wp:attachment":[{"href":"https:\/\/tropicalwingsbirds.shop\/pt\/wp-json\/wp\/v2\/media?parent=2600"}],"wp:term":[{"taxonomy":"product_brand","embeddable":true,"href":"https:\/\/tropicalwingsbirds.shop\/pt\/wp-json\/wp\/v2\/product_brand?post=2600"},{"taxonomy":"product_cat","embeddable":true,"href":"https:\/\/tropicalwingsbirds.shop\/pt\/wp-json\/wp\/v2\/product_cat?post=2600"},{"taxonomy":"product_tag","embeddable":true,"href":"https:\/\/tropicalwingsbirds.shop\/pt\/wp-json\/wp\/v2\/product_tag?post=2600"}],"curies":[{"name":"wp","href":"https:\/\/api.w.org\/{rel}","templated":true}]}}