{"id":2620,"date":"2023-12-07T16:36:17","date_gmt":"2023-12-07T16:36:17","guid":{"rendered":"https:\/\/tropicalwingsbirds.shop\/?post_type=product&#038;p=2620"},"modified":"2024-02-02T23:08:15","modified_gmt":"2024-02-02T23:08:15","slug":"timneh-african-grey-for-sale","status":"publish","type":"product","link":"https:\/\/tropicalwingsbirds.shop\/pt\/comprar\/timneh-african-grey-for-sale\/","title":{"rendered":"TIMNEH AFRICAN GREY \u00c0 VENDA"},"content":{"rendered":"<h1>Timneh African grey for sale<\/h1>\n<p>Timneh African grey for sale has all the great attributes of these popular birds. Though the Timneh is a less common subspecies than the African Grey Congo, it\u2019s a very intelligent and clever bird. African Greys are known to be the best talkers in the bird world. They are able to learn 200 or more words and all kinds of tricks. They also frequently imitate the sounds of their environment and include people.<\/p>\n<p>Many ornithologists have studied the African Grey Parrots for years. They have determined that cognitive ability in these birds is classed alongside that of the most intelligent animal species, even a human toddler. Dr. Irene Pepperberg and her grey, Alex, have made major strides in the studies of this parrot and its ability to speak, recognize shapes and colors, and have an understanding of numbers.<\/p>\n<p>The Timneh African Grey Parrot has the ability to reproduce any noise it hears in the home. It can sound just like a dog, a spouse, or anyone else that interests him. Some examples are rather funny, like getting you to answer the phone when no one has called. Or get you to go to the door and open it for your children, and your children have not arrived home from school yet. One Timneh African Grey would love to watch the Ninja Turtles on television. One day some friends came over to visit. Upon entering the door \u201cBilly\u201d stated quite clearly, \u201cdrop your drawers, I have a pistol\u201d. Everyone, struck completely dumb, just looked at each other and then went into fits of laughter. Timneh African grey for sale<\/p>\n<h2>Social Behaviors of Timneh African grey for sale<\/h2>\n<p>The Timneh African Grey is its own bird. It has a different look and a different personality than the Congo. The Timneh is not as \u201cking-like\u201d and demanding as the Congo. But like the Congo, the Timneh is a little shy, yet far more outgoing than its counterpart. Timnehs will tolerate more commotion, doors banging and the general noises going on around him. Being a more relaxed parrot than its cousin it is easier to have around.<\/p>\n<p>African Greys have a strong pair bond in the wild and it carries over to captivity. Timneh will prefer a singular individual, and often someone of the opposite sex. He will tolerate others in the family but stay attached to pretty much just one person. The Timneh can be silly and likes to play and frequently considers its human one big personal toy.<\/p>\n<p>Timnehs have all the good qualities of their popular African Grey Congo counterpart. It has taken a while, but the African Grey Timneh is now getting more recognition. It has established itself as an excellent speaker with the perfect tone quality required by its humans to be understood, and can precisely mimic sounds in its environment.<\/p>\n<p>The African Grey Timneh is equivalent in intelligence and ability to that of its Congo counterpart, yet with unique strengths of its own. Timnehs can learn to speak earlier than Congos and are generally less nervous. In coloring, they are a slightly darker gray and have a maroon tail rather than red. They are also a bit smaller and less expensive but make an equally fine companion. Being a more laid-back version of African Grey, some keepers actually prefer this more relaxed parrot to its cousin.<\/p>","protected":false},"excerpt":{"rendered":"<p>Timneh African grey for sale has all the great attributes of these popular birds. Though the Timneh is a less common subspecies than the African Grey Congo, it\u2019s a very intelligent and clever bird. African Greys are known to be the best talkers in the bird world. They are able to learn 200 or more words and all kinds of tricks. They also frequently imitate the sounds of their environment and including people.<\/p>","protected":false},"featured_media":2658,"comment_status":"closed","ping_status":"closed","template":"","meta":{"site-sidebar-layout":"default","site-content-layout":"","ast-site-content-layout":"default","site-content-style":"default","site-sidebar-style":"default","ast-global-header-display":"","ast-banner-title-visibility":"","ast-main-header-display":"","ast-hfb-above-header-display":"","ast-hfb-below-header-display":"","ast-hfb-mobile-header-display":"","site-post-title":"","ast-breadcrumbs-content":"","ast-featured-img":"","footer-sml-layout":"","theme-transparent-header-meta":"default","adv-header-id-meta":"","stick-header-meta":"default","header-above-stick-meta":"","header-main-stick-meta":"","header-below-stick-meta":"","astra-migrate-meta-layouts":"set","ast-page-background-enabled":"default","ast-page-background-meta":{"desktop":{"background-color":"var(--ast-global-color-4)","background-image":"","background-repeat":"repeat","background-position":"center center","background-size":"auto","background-attachment":"scroll","background-type":"","background-media":"","overlay-type":"","overlay-color":"","overlay-opacity":"","overlay-gradient":""},"tablet":{"background-color":"","background-image":"","background-repeat":"repeat","background-position":"center center","background-size":"auto","background-attachment":"scroll","background-type":"","background-media":"","overlay-type":"","overlay-color":"","overlay-opacity":"","overlay-gradient":""},"mobile":{"background-color":"","background-image":"","background-repeat":"repeat","background-position":"center center","background-size":"auto","background-attachment":"scroll","background-type":"","background-media":"","overlay-type":"","overlay-color":"","overlay-opacity":"","overlay-gradient":""}},"ast-content-background-meta":{"desktop":{"background-color":"var(--ast-global-color-5)","background-image":"","background-repeat":"repeat","background-position":"center center","background-size":"auto","background-attachment":"scroll","background-type":"","background-media":"","overlay-type":"","overlay-color":"","overlay-opacity":"","overlay-gradient":""},"tablet":{"background-color":"var(--ast-global-color-5)","background-image":"","background-repeat":"repeat","background-position":"center center","background-size":"auto","background-attachment":"scroll","background-type":"","background-media":"","overlay-type":"","overlay-color":"","overlay-opacity":"","overlay-gradient":""},"mobile":{"background-color":"var(--ast-global-color-5)","background-image":"","background-repeat":"repeat","background-position":"center center","background-size":"auto","background-attachment":"scroll","background-type":"","background-media":"","overlay-type":"","overlay-color":"","overlay-opacity":"","overlay-gradient":""}}},"product_brand":[],"product_cat":[15],"product_tag":[2176,2177,2178,2179,2180,2181,381,384,386,2182,392,2183,2184,2185,2186,2203,2204,2187,2188,2189,2205,2190,2206,2191,2192,2193,2194,2195,2196,2197,2198,2199,2200,2201,2207,2202,2208,2209,2210,2211],"class_list":{"0":"post-2620","1":"product","2":"type-product","3":"status-publish","4":"has-post-thumbnail","6":"product_cat-uncategorized","7":"product_tag-african-gray-parrot-for-sale","8":"product_tag-african-grey-breeders","9":"product_tag-african-grey-congo-parrots-for-sale","10":"product_tag-african-grey-for-sale","11":"product_tag-african-grey-for-sale-nc","12":"product_tag-african-grey-parrot-baby","13":"product_tag-african-grey-parrot-care","14":"product_tag-african-grey-parrot-for-sale","15":"product_tag-african-grey-parrot-for-sale-near-me","16":"product_tag-african-grey-parrot-for-sale-ny","17":"product_tag-african-grey-parrot-intelligence","18":"product_tag-african-grey-parrot-pet-for-sale","19":"product_tag-african-grey-parrot-price","20":"product_tag-african-grey-red-tail-for-sale","21":"product_tag-african-grey-red-tail-parrot-for-sale","22":"product_tag-african-grey-timneh-babies-for-sale","23":"product_tag-african-grey-timneh-for-sale-near-me","24":"product_tag-african-parrot-for-sale","25":"product_tag-african-red-tail-parrot-for-sale","26":"product_tag-baby-congo-african-grey-parrots-for-sale","27":"product_tag-baby-timneh-african-grey-parrot-for-sale","28":"product_tag-buy-african-grey-parrots-online","29":"product_tag-buy-timneh-african-grey","30":"product_tag-cheap-african-grey-parrot-for-sale","31":"product_tag-congo-african-grey-birds-for-sale","32":"product_tag-congo-african-grey-parrot-for-sale","33":"product_tag-grey-parrot-for-sale","34":"product_tag-harrisons-bird-food","35":"product_tag-how-much-is-an-african-grey","36":"product_tag-male-congo-african-grey-parrot-for-sale","37":"product_tag-parrots-for-sale","38":"product_tag-parrots-for-sale-near-me","39":"product_tag-red-tailed-african-grey-parrots-for-sale","40":"product_tag-talking-parrots-for-sale-near-me","41":"product_tag-timneh-african-grey-babies-for-sale","42":"product_tag-timneh-african-grey-for-sale","43":"product_tag-timneh-african-grey-parrot","44":"product_tag-timneh-african-grey-parrot-babies-for-sale","45":"product_tag-timneh-african-grey-parrot-for-sale","46":"product_tag-timneh-grey-parrot-for-sale","47":"desktop-align-left","48":"tablet-align-left","49":"mobile-align-left","50":"ast-product-gallery-layout-horizontal-slider","51":"ast-product-tabs-layout-horizontal","52":"ast-qv-on-image","54":"first","55":"instock","56":"shipping-taxable","57":"product-type-simple"},"yoast_head":"<!-- This site is optimized with the Yoast SEO Premium plugin v23.2 (Yoast SEO v26.8) - https:\/\/yoast.com\/product\/yoast-seo-premium-wordpress\/ -->\n<title>TIMNEH AFRICAN GREY FOR SALE - Tropical Wings Birds<\/title>\n<meta name=\"robots\" content=\"index, follow, max-snippet:-1, max-image-preview:large, max-video-preview:-1\" \/>\n<link rel=\"canonical\" href=\"https:\/\/tropicalwingsbirds.shop\/pt\/comprar\/timneh-african-grey-for-sale\/\" \/>\n<meta property=\"og:locale\" content=\"pt_PT\" \/>\n<meta property=\"og:type\" content=\"article\" \/>\n<meta property=\"og:title\" content=\"TIMNEH AFRICAN GREY FOR SALE\" \/>\n<meta property=\"og:description\" content=\"Timneh African grey for sale has all the great attributes of these popular birds. Though the Timneh is a less common subspecies than the African Grey Congo, it\u2019s a very intelligent and clever bird. African Greys are known to be the best talkers in the bird world. They are able to learn 200 or more words and all kinds of tricks. They also frequently imitate the sounds of their environment and including people.\" \/>\n<meta property=\"og:url\" content=\"https:\/\/tropicalwingsbirds.shop\/pt\/comprar\/timneh-african-grey-for-sale\/\" \/>\n<meta property=\"og:site_name\" content=\"Tropical Wings Birds\" \/>\n<meta property=\"article:publisher\" content=\"https:\/\/web.facebook.com\/profile.php?id=61551502767851&amp;mibextid=2JQ9oc&amp;_rdc=1&amp;_rdr\" \/>\n<meta property=\"article:modified_time\" content=\"2024-02-02T23:08:15+00:00\" \/>\n<meta property=\"og:image\" content=\"https:\/\/tropicalwingsbirds.shop\/wp-content\/uploads\/2023\/12\/Timneh-African-grey-for-sale-1.jpg\" \/>\n\t<meta property=\"og:image:width\" content=\"500\" \/>\n\t<meta property=\"og:image:height\" content=\"880\" \/>\n\t<meta property=\"og:image:type\" content=\"image\/jpeg\" \/>\n<meta name=\"twitter:card\" content=\"summary_large_image\" \/>\n<meta name=\"twitter:label1\" content=\"pre\u00e7o\" \/>\n\t<meta name=\"twitter:data1\" content=\"\" \/>\n\t<meta name=\"twitter:label2\" content=\"Disponibilidade\" \/>\n\t<meta name=\"twitter:data2\" content=\"Em stock\" \/>\n<script type=\"application\/ld+json\" class=\"yoast-schema-graph\">{\"@context\":\"https:\/\/schema.org\",\"@graph\":[{\"@type\":\"WebPage\",\"@id\":\"https:\/\/tropicalwingsbirds.shop\/shop\/timneh-african-grey-for-sale\/\",\"url\":\"https:\/\/tropicalwingsbirds.shop\/shop\/timneh-african-grey-for-sale\/\",\"name\":\"TIMNEH AFRICAN GREY FOR SALE - Tropical Wings Birds\",\"isPartOf\":{\"@id\":\"https:\/\/tropicalwingsbirds.shop\/#website\"},\"primaryImageOfPage\":{\"@id\":\"https:\/\/tropicalwingsbirds.shop\/shop\/timneh-african-grey-for-sale\/#primaryimage\"},\"image\":{\"@id\":\"https:\/\/tropicalwingsbirds.shop\/shop\/timneh-african-grey-for-sale\/#primaryimage\"},\"thumbnailUrl\":\"https:\/\/tropicalwingsbirds.shop\/wp-content\/uploads\/2023\/12\/Timneh-African-grey-for-sale-1.jpg\",\"datePublished\":\"2023-12-07T16:36:17+00:00\",\"dateModified\":\"2024-02-02T23:08:15+00:00\",\"breadcrumb\":{\"@id\":\"https:\/\/tropicalwingsbirds.shop\/shop\/timneh-african-grey-for-sale\/#breadcrumb\"},\"inLanguage\":\"pt-PT\",\"potentialAction\":[{\"@type\":\"ReadAction\",\"target\":[\"https:\/\/tropicalwingsbirds.shop\/shop\/timneh-african-grey-for-sale\/\"]}]},{\"@type\":\"ImageObject\",\"inLanguage\":\"pt-PT\",\"@id\":\"https:\/\/tropicalwingsbirds.shop\/shop\/timneh-african-grey-for-sale\/#primaryimage\",\"url\":\"https:\/\/tropicalwingsbirds.shop\/wp-content\/uploads\/2023\/12\/Timneh-African-grey-for-sale-1.jpg\",\"contentUrl\":\"https:\/\/tropicalwingsbirds.shop\/wp-content\/uploads\/2023\/12\/Timneh-African-grey-for-sale-1.jpg\",\"width\":500,\"height\":880},{\"@type\":\"BreadcrumbList\",\"@id\":\"https:\/\/tropicalwingsbirds.shop\/shop\/timneh-african-grey-for-sale\/#breadcrumb\",\"itemListElement\":[{\"@type\":\"ListItem\",\"position\":1,\"name\":\"Home\",\"item\":\"https:\/\/tropicalwingsbirds.shop\/\"},{\"@type\":\"ListItem\",\"position\":2,\"name\":\"Shop\",\"item\":\"https:\/\/tropicalwingsbirds.shop\/shop\/\"},{\"@type\":\"ListItem\",\"position\":3,\"name\":\"TIMNEH AFRICAN GREY FOR SALE\"}]},{\"@type\":\"WebSite\",\"@id\":\"https:\/\/tropicalwingsbirds.shop\/#website\",\"url\":\"https:\/\/tropicalwingsbirds.shop\/\",\"name\":\"Tropical Wings Birds\",\"description\":\"Best Exotic birds breeders online\",\"publisher\":{\"@id\":\"https:\/\/tropicalwingsbirds.shop\/#organization\"},\"potentialAction\":[{\"@type\":\"SearchAction\",\"target\":{\"@type\":\"EntryPoint\",\"urlTemplate\":\"https:\/\/tropicalwingsbirds.shop\/?s={search_term_string}\"},\"query-input\":{\"@type\":\"PropertyValueSpecification\",\"valueRequired\":true,\"valueName\":\"search_term_string\"}}],\"inLanguage\":\"pt-PT\"},{\"@type\":[\"Organization\",\"Place\",\"PetStore\"],\"@id\":\"https:\/\/tropicalwingsbirds.shop\/#organization\",\"name\":\"Tropical Wings Birds Shop\",\"alternateName\":\"TPWB\",\"url\":\"https:\/\/tropicalwingsbirds.shop\/\",\"logo\":{\"@id\":\"https:\/\/tropicalwingsbirds.shop\/shop\/timneh-african-grey-for-sale\/#local-main-organization-logo\"},\"image\":{\"@id\":\"https:\/\/tropicalwingsbirds.shop\/shop\/timneh-african-grey-for-sale\/#local-main-organization-logo\"},\"sameAs\":[\"https:\/\/web.facebook.com\/profile.php?id=61551502767851&mibextid=2JQ9oc&_rdc=1&_rdr\"],\"description\":\"Tropical Wings Birds is your destination for exotic avian companionship. Our boutique aviary in United States offers a curated selection of vibrant tropical birds sourced from reputable breeders worldwide. With a focus on welfare and expertise, our dedicated team is here to guide you on your journey to finding the perfect feathered friend. Visit us today and experience the magic of avian companionship at Tropical Wings Birds.\",\"legalName\":\"Tropical Wings Birds\",\"foundingDate\":\"2019-02-14\",\"numberOfEmployees\":{\"@type\":\"QuantitativeValue\",\"minValue\":\"1\",\"maxValue\":\"10\"},\"address\":{\"@id\":\"https:\/\/tropicalwingsbirds.shop\/shop\/timneh-african-grey-for-sale\/#local-main-place-address\"},\"geo\":{\"@type\":\"GeoCoordinates\",\"latitude\":\"40.5976725\",\"longitude\":\"-122.3716346\"},\"telephone\":[\"+1 707-733-4623\",\"+1 707-733-4623\"],\"contactPoint\":{\"@type\":\"ContactPoint\",\"telephone\":\"+1 707-733-4623\",\"email\":\"sales@tropicalwingsbirds.shop\"},\"openingHoursSpecification\":{\"@type\":\"OpeningHoursSpecification\",\"dayOfWeek\":[\"Monday\",\"Tuesday\",\"Wednesday\",\"Thursday\",\"Friday\",\"Saturday\",\"Sunday\"],\"opens\":\"00:00\",\"closes\":\"23:59\"},\"email\":\"sales@tropicalwingsbirds.shop\",\"faxNumber\":\"+1 707-733-4623\",\"areaServed\":\"United states, Porto Rico, Canada, Australia\",\"priceRange\":\"$\",\"currenciesAccepted\":\"USD, CAD, AUD,\",\"paymentAccepted\":\"Zelle, Paypal, Bitcoin, Apple pay, Credit cards, Bank transfers\"},{\"@type\":\"PostalAddress\",\"@id\":\"https:\/\/tropicalwingsbirds.shop\/shop\/timneh-african-grey-for-sale\/#local-main-place-address\",\"streetAddress\":\"500 Hilltop Dr,\",\"addressLocality\":\"Redding\",\"postalCode\":\"96003\",\"addressRegion\":\"California\",\"addressCountry\":\"US\"},{\"@type\":\"ImageObject\",\"inLanguage\":\"pt-PT\",\"@id\":\"https:\/\/tropicalwingsbirds.shop\/shop\/timneh-african-grey-for-sale\/#local-main-organization-logo\",\"url\":\"https:\/\/tropicalwingsbirds.shop\/wp-content\/uploads\/2024\/01\/tropical-wings-1.webp\",\"contentUrl\":\"https:\/\/tropicalwingsbirds.shop\/wp-content\/uploads\/2024\/01\/tropical-wings-1.webp\",\"width\":500,\"height\":500,\"caption\":\"Tropical Wings Birds Shop\"}]}<\/script>\n<meta property=\"product:price:currency\" content=\"USD\" \/>\n<meta property=\"og:availability\" content=\"instock\" \/>\n<meta property=\"product:availability\" content=\"instock\" \/>\n<meta property=\"product:condition\" content=\"new\" \/>\n<meta name=\"geo.placename\" content=\"Redding\" \/>\n<meta name=\"geo.position\" content=\"40.5976725;-122.3716346\" \/>\n<meta name=\"geo.region\" content=\"Estados Unidos\" \/>\n<!-- \/ Yoast SEO Premium plugin. -->","yoast_head_json":{"title":"TIMNEH AFRICAN GREY FOR SALE - Tropical Wings Birds","robots":{"index":"index","follow":"follow","max-snippet":"max-snippet:-1","max-image-preview":"max-image-preview:large","max-video-preview":"max-video-preview:-1"},"canonical":"https:\/\/tropicalwingsbirds.shop\/pt\/comprar\/timneh-african-grey-for-sale\/","og_locale":"pt_PT","og_type":"article","og_title":"TIMNEH AFRICAN GREY FOR SALE","og_description":"Timneh African grey for sale has all the great attributes of these popular birds. Though the Timneh is a less common subspecies than the African Grey Congo, it\u2019s a very intelligent and clever bird. African Greys are known to be the best talkers in the bird world. They are able to learn 200 or more words and all kinds of tricks. They also frequently imitate the sounds of their environment and including people.","og_url":"https:\/\/tropicalwingsbirds.shop\/pt\/comprar\/timneh-african-grey-for-sale\/","og_site_name":"Tropical Wings Birds","article_publisher":"https:\/\/web.facebook.com\/profile.php?id=61551502767851&mibextid=2JQ9oc&_rdc=1&_rdr","article_modified_time":"2024-02-02T23:08:15+00:00","og_image":[{"width":500,"height":880,"url":"https:\/\/tropicalwingsbirds.shop\/wp-content\/uploads\/2023\/12\/Timneh-African-grey-for-sale-1.jpg","type":"image\/jpeg"}],"twitter_card":"summary_large_image","twitter_misc":{"pre\u00e7o":"","Disponibilidade":"Em stock"},"schema":{"@context":"https:\/\/schema.org","@graph":[{"@type":"WebPage","@id":"https:\/\/tropicalwingsbirds.shop\/shop\/timneh-african-grey-for-sale\/","url":"https:\/\/tropicalwingsbirds.shop\/shop\/timneh-african-grey-for-sale\/","name":"TIMNEH AFRICAN GREY FOR SALE - Tropical Wings Birds","isPartOf":{"@id":"https:\/\/tropicalwingsbirds.shop\/#website"},"primaryImageOfPage":{"@id":"https:\/\/tropicalwingsbirds.shop\/shop\/timneh-african-grey-for-sale\/#primaryimage"},"image":{"@id":"https:\/\/tropicalwingsbirds.shop\/shop\/timneh-african-grey-for-sale\/#primaryimage"},"thumbnailUrl":"https:\/\/tropicalwingsbirds.shop\/wp-content\/uploads\/2023\/12\/Timneh-African-grey-for-sale-1.jpg","datePublished":"2023-12-07T16:36:17+00:00","dateModified":"2024-02-02T23:08:15+00:00","breadcrumb":{"@id":"https:\/\/tropicalwingsbirds.shop\/shop\/timneh-african-grey-for-sale\/#breadcrumb"},"inLanguage":"pt-PT","potentialAction":[{"@type":"ReadAction","target":["https:\/\/tropicalwingsbirds.shop\/shop\/timneh-african-grey-for-sale\/"]}]},{"@type":"ImageObject","inLanguage":"pt-PT","@id":"https:\/\/tropicalwingsbirds.shop\/shop\/timneh-african-grey-for-sale\/#primaryimage","url":"https:\/\/tropicalwingsbirds.shop\/wp-content\/uploads\/2023\/12\/Timneh-African-grey-for-sale-1.jpg","contentUrl":"https:\/\/tropicalwingsbirds.shop\/wp-content\/uploads\/2023\/12\/Timneh-African-grey-for-sale-1.jpg","width":500,"height":880},{"@type":"BreadcrumbList","@id":"https:\/\/tropicalwingsbirds.shop\/shop\/timneh-african-grey-for-sale\/#breadcrumb","itemListElement":[{"@type":"ListItem","position":1,"name":"Home","item":"https:\/\/tropicalwingsbirds.shop\/"},{"@type":"ListItem","position":2,"name":"Shop","item":"https:\/\/tropicalwingsbirds.shop\/shop\/"},{"@type":"ListItem","position":3,"name":"TIMNEH AFRICAN GREY FOR SALE"}]},{"@type":"WebSite","@id":"https:\/\/tropicalwingsbirds.shop\/#website","url":"https:\/\/tropicalwingsbirds.shop\/","name":"P\u00e1ssaros Asas Tropicais","description":"Melhores criadores de p\u00e1ssaros ex\u00f3ticos online","publisher":{"@id":"https:\/\/tropicalwingsbirds.shop\/#organization"},"potentialAction":[{"@type":"SearchAction","target":{"@type":"EntryPoint","urlTemplate":"https:\/\/tropicalwingsbirds.shop\/?s={search_term_string}"},"query-input":{"@type":"PropertyValueSpecification","valueRequired":true,"valueName":"search_term_string"}}],"inLanguage":"pt-PT"},{"@type":["Organization","Place","PetStore"],"@id":"https:\/\/tropicalwingsbirds.shop\/#organization","name":"Tropical Wings Birds Shop","alternateName":"TPWB","url":"https:\/\/tropicalwingsbirds.shop\/","logo":{"@id":"https:\/\/tropicalwingsbirds.shop\/shop\/timneh-african-grey-for-sale\/#local-main-organization-logo"},"image":{"@id":"https:\/\/tropicalwingsbirds.shop\/shop\/timneh-african-grey-for-sale\/#local-main-organization-logo"},"sameAs":["https:\/\/web.facebook.com\/profile.php?id=61551502767851&mibextid=2JQ9oc&_rdc=1&_rdr"],"description":"A Tropical Wings Birds \u00e9 o seu destino para a companhia de aves ex\u00f3ticas. Nosso avi\u00e1rio boutique nos Estados Unidos oferece uma sele\u00e7\u00e3o criteriosa de aves tropicais vibrantes, provenientes de criadores renomados em todo o mundo. Com foco em bem-estar e expertise, nossa equipe dedicada est\u00e1 aqui para gui\u00e1-lo em sua jornada para encontrar o amigo emplumado perfeito. Visite-nos hoje mesmo e vivencie a magia da companhia de aves na Tropical Wings Birds.","legalName":"Tropical Wings Birds","foundingDate":"2019-02-14","numberOfEmployees":{"@type":"QuantitativeValue","minValue":"1","maxValue":"10"},"address":{"@id":"https:\/\/tropicalwingsbirds.shop\/shop\/timneh-african-grey-for-sale\/#local-main-place-address"},"geo":{"@type":"GeoCoordinates","latitude":"40.5976725","longitude":"-122.3716346"},"telephone":["+1 707-733-4623","+1 707-733-4623"],"contactPoint":{"@type":"ContactPoint","telephone":"+1 707-733-4623","email":"sales@tropicalwingsbirds.shop"},"openingHoursSpecification":{"@type":"OpeningHoursSpecification","dayOfWeek":["Monday","Tuesday","Wednesday","Thursday","Friday","Saturday","Sunday"],"opens":"00:00","closes":"23:59"},"email":"sales@tropicalwingsbirds.shop","faxNumber":"+1 707-733-4623","areaServed":"United states, Porto Rico, Canada, Australia","priceRange":"$","currenciesAccepted":"USD, CAD, AUD,","paymentAccepted":"Zelle, Paypal, Bitcoin, Apple pay, Credit cards, Bank transfers"},{"@type":"PostalAddress","@id":"https:\/\/tropicalwingsbirds.shop\/shop\/timneh-african-grey-for-sale\/#local-main-place-address","streetAddress":"500 Hilltop Dr,","addressLocality":"Redding","postalCode":"96003","addressRegion":"California","addressCountry":"US"},{"@type":"ImageObject","inLanguage":"pt-PT","@id":"https:\/\/tropicalwingsbirds.shop\/shop\/timneh-african-grey-for-sale\/#local-main-organization-logo","url":"https:\/\/tropicalwingsbirds.shop\/wp-content\/uploads\/2024\/01\/tropical-wings-1.webp","contentUrl":"https:\/\/tropicalwingsbirds.shop\/wp-content\/uploads\/2024\/01\/tropical-wings-1.webp","width":500,"height":500,"caption":"Tropical Wings Birds Shop"}]},"product_price_currency":"USD","og_availability":"instock","product_availability":"instock","product_condition":"new","geo.placename":"Redding","geo.position":{"lat":"40.5976725","long":"-122.3716346"},"geo.region":"Estados Unidos"},"_links":{"self":[{"href":"https:\/\/tropicalwingsbirds.shop\/pt\/wp-json\/wp\/v2\/product\/2620","targetHints":{"allow":["GET"]}}],"collection":[{"href":"https:\/\/tropicalwingsbirds.shop\/pt\/wp-json\/wp\/v2\/product"}],"about":[{"href":"https:\/\/tropicalwingsbirds.shop\/pt\/wp-json\/wp\/v2\/types\/product"}],"replies":[{"embeddable":true,"href":"https:\/\/tropicalwingsbirds.shop\/pt\/wp-json\/wp\/v2\/comments?post=2620"}],"wp:featuredmedia":[{"embeddable":true,"href":"https:\/\/tropicalwingsbirds.shop\/pt\/wp-json\/wp\/v2\/media\/2658"}],"wp:attachment":[{"href":"https:\/\/tropicalwingsbirds.shop\/pt\/wp-json\/wp\/v2\/media?parent=2620"}],"wp:term":[{"taxonomy":"product_brand","embeddable":true,"href":"https:\/\/tropicalwingsbirds.shop\/pt\/wp-json\/wp\/v2\/product_brand?post=2620"},{"taxonomy":"product_cat","embeddable":true,"href":"https:\/\/tropicalwingsbirds.shop\/pt\/wp-json\/wp\/v2\/product_cat?post=2620"},{"taxonomy":"product_tag","embeddable":true,"href":"https:\/\/tropicalwingsbirds.shop\/pt\/wp-json\/wp\/v2\/product_tag?post=2620"}],"curies":[{"name":"wp","href":"https:\/\/api.w.org\/{rel}","templated":true}]}}