{"id":533,"date":"2023-12-03T14:04:59","date_gmt":"2023-12-03T14:04:59","guid":{"rendered":"https:\/\/tropicalwingsbirds.shop\/?post_type=product&#038;p=533"},"modified":"2026-04-17T22:03:28","modified_gmt":"2026-04-17T22:03:28","slug":"filhote-de-arara-tropical-hibrida","status":"publish","type":"product","link":"https:\/\/tropicalwingsbirds.shop\/pt\/comprar\/filhote-de-arara-tropical-hibrida\/","title":{"rendered":"Beb\u00ea h\u00edbrido de arara Tropicana"},"content":{"rendered":"<p>A loja Macaw Parrot oferece lindos filhotes h\u00edbridos de arara tropicana.<br \/> Como todos os nossos p\u00e1ssaros, eles s\u00e3o criados \u00e0 m\u00e3o desde o primeiro dia e criados em um lindo ambiente dom\u00e9stico.<br \/> Todos os nossos p\u00e1ssaros s\u00e3o ador\u00e1veis, brincalh\u00f5es e muito pr\u00f3ximos, com certificado de incuba\u00e7\u00e3o, extremamente lindos e muito inteligentes, animais de estima\u00e7\u00e3o ador\u00e1veis para a fam\u00edlia e de \u00f3timo tamanho.<br \/> Suas penas est\u00e3o em perfeito estado e suas cores s\u00e3o muito brilhantes e vibrantes.<br \/> Desde o nascimento at\u00e9 o desmame, dedicamos muito cuidado a todos os nossos beb\u00eas e tornamos todos os obst\u00e1culos f\u00e1ceis para os novos donos terem esses lindos e gentis papagaios.<br \/> Eles t\u00eam um pesco\u00e7o e uma cabe\u00e7a muito grandes.<br \/> Nossos p\u00e1ssaros s\u00e3o incr\u00edveis, adoram intera\u00e7\u00e3o humana e s\u00e3o amig\u00e1veis.<br \/> Pode brincar com outros animais e crian\u00e7as.<\/p>","protected":false},"excerpt":{"rendered":"<pre><b>A loja Macaw Parrot oferece lindos filhotes h\u00edbridos de araras Tropicana.<\/b>\r <strong>Procurando adotar um ador\u00e1vel papagaio-aranha h\u00edbrido? Uma loja de papagaios-aranha \u00e9 a sua melhor op\u00e7\u00e3o.<\/strong>\r <strong>Nossos amiguinhos s\u00e3o t\u00e3o fofos e bem cuidados, com treinamento adequado por criadores amadores e experientes.<\/strong>\r <strong>Sexo: Masculino \/ Feminino Idade: 6 a 18 meses\r <\/strong><\/pre>\n<pre><strong>O pre\u00e7o varia de acordo com a idade. Oferecemos de $1400 a 2200 USD para aves de 9 a 18 meses.<\/strong><\/pre>\n<pre><strong>\u00a0<\/strong><\/pre>","protected":false},"featured_media":556,"comment_status":"closed","ping_status":"closed","template":"","meta":{"site-sidebar-layout":"","site-content-layout":"","ast-site-content-layout":"","site-content-style":"","site-sidebar-style":"","ast-global-header-display":"","ast-banner-title-visibility":"","ast-main-header-display":"","ast-hfb-above-header-display":"","ast-hfb-below-header-display":"","ast-hfb-mobile-header-display":"","site-post-title":"","ast-breadcrumbs-content":"","ast-featured-img":"","footer-sml-layout":"","theme-transparent-header-meta":"","adv-header-id-meta":"","stick-header-meta":"","header-above-stick-meta":"","header-main-stick-meta":"","header-below-stick-meta":"","astra-migrate-meta-layouts":"","ast-page-background-enabled":"default","ast-page-background-meta":{"desktop":{"background-color":"var(--ast-global-color-4)","background-image":"","background-repeat":"repeat","background-position":"center center","background-size":"auto","background-attachment":"scroll","background-type":"","background-media":"","overlay-type":"","overlay-color":"","overlay-opacity":"","overlay-gradient":""},"tablet":{"background-color":"","background-image":"","background-repeat":"repeat","background-position":"center center","background-size":"auto","background-attachment":"scroll","background-type":"","background-media":"","overlay-type":"","overlay-color":"","overlay-opacity":"","overlay-gradient":""},"mobile":{"background-color":"","background-image":"","background-repeat":"repeat","background-position":"center center","background-size":"auto","background-attachment":"scroll","background-type":"","background-media":"","overlay-type":"","overlay-color":"","overlay-opacity":"","overlay-gradient":""}},"ast-content-background-meta":{"desktop":{"background-color":"var(--ast-global-color-5)","background-image":"","background-repeat":"repeat","background-position":"center center","background-size":"auto","background-attachment":"scroll","background-type":"","background-media":"","overlay-type":"","overlay-color":"","overlay-opacity":"","overlay-gradient":""},"tablet":{"background-color":"var(--ast-global-color-5)","background-image":"","background-repeat":"repeat","background-position":"center center","background-size":"auto","background-attachment":"scroll","background-type":"","background-media":"","overlay-type":"","overlay-color":"","overlay-opacity":"","overlay-gradient":""},"mobile":{"background-color":"var(--ast-global-color-5)","background-image":"","background-repeat":"repeat","background-position":"center center","background-size":"auto","background-attachment":"scroll","background-type":"","background-media":"","overlay-type":"","overlay-color":"","overlay-opacity":"","overlay-gradient":""}}},"product_brand":[],"product_cat":[156],"product_tag":[53,67,68,69],"class_list":{"0":"post-533","1":"product","2":"type-product","3":"status-publish","4":"has-post-thumbnail","6":"product_cat-parrots","7":"product_tag-buy-parrots-online","8":"product_tag-macaw-parrot-shop","9":"product_tag-scarlet-macaw-parrot","10":"product_tag-tropicana-macaw-parrots-for-sale","11":"desktop-align-left","12":"tablet-align-left","13":"mobile-align-left","14":"ast-product-gallery-layout-horizontal-slider","15":"ast-product-gallery-with-no-image","16":"ast-product-tabs-layout-horizontal","17":"ast-qv-on-image","19":"first","20":"instock","21":"shipping-taxable","22":"product-type-simple"},"yoast_head":"<!-- This site is optimized with the Yoast SEO Premium plugin v23.2 (Yoast SEO v26.8) - https:\/\/yoast.com\/product\/yoast-seo-premium-wordpress\/ -->\n<title>Baby Tropicana macaw hybrid for Sale | Tropical Wings Birds<\/title>\n<meta name=\"description\" content=\"Buy a baby tropicana macaw hybrid from a trusted breeder. Hand-fed, health-certified, closed-leg-ringed with full documentation. Worldwide shipping...\" \/>\n<meta name=\"robots\" content=\"index, follow, max-snippet:-1, max-image-preview:large, max-video-preview:-1\" \/>\n<link rel=\"canonical\" href=\"https:\/\/tropicalwingsbirds.shop\/pt\/comprar\/filhote-de-arara-tropical-hibrida\/\" \/>\n<meta property=\"og:locale\" content=\"pt_PT\" \/>\n<meta property=\"og:type\" content=\"article\" \/>\n<meta property=\"og:title\" content=\"Baby Tropicana macaw hybrid\" \/>\n<meta property=\"og:description\" content=\"Buy a baby tropicana macaw hybrid from a trusted breeder. Hand-fed, health-certified, closed-leg-ringed with full documentation. Worldwide shipping...\" \/>\n<meta property=\"og:url\" content=\"https:\/\/tropicalwingsbirds.shop\/pt\/comprar\/filhote-de-arara-tropical-hibrida\/\" \/>\n<meta property=\"og:site_name\" content=\"Tropical Wings Birds\" \/>\n<meta property=\"article:publisher\" content=\"https:\/\/web.facebook.com\/profile.php?id=61551502767851&amp;mibextid=2JQ9oc&amp;_rdc=1&amp;_rdr\" \/>\n<meta property=\"article:modified_time\" content=\"2026-04-17T22:03:28+00:00\" \/>\n<meta property=\"og:image\" content=\"https:\/\/tropicalwingsbirds.shop\/wp-content\/uploads\/2023\/12\/A14225492_1793323037578865_5951699574305479_n.jpg\" \/>\n\t<meta property=\"og:image:width\" content=\"500\" \/>\n\t<meta property=\"og:image:height\" content=\"500\" \/>\n\t<meta property=\"og:image:type\" content=\"image\/jpeg\" \/>\n<meta name=\"twitter:card\" content=\"summary_large_image\" \/>\n<meta name=\"twitter:label1\" content=\"pre\u00e7o\" \/>\n\t<meta name=\"twitter:data1\" content=\"\" \/>\n\t<meta name=\"twitter:label2\" content=\"Disponibilidade\" \/>\n\t<meta name=\"twitter:data2\" content=\"Em stock\" \/>\n<script type=\"application\/ld+json\" class=\"yoast-schema-graph\">{\"@context\":\"https:\/\/schema.org\",\"@graph\":[{\"@type\":\"WebPage\",\"@id\":\"https:\/\/tropicalwingsbirds.shop\/shop\/baby-tropicana-macaw-hybrid\/\",\"url\":\"https:\/\/tropicalwingsbirds.shop\/shop\/baby-tropicana-macaw-hybrid\/\",\"name\":\"Baby Tropicana macaw hybrid for Sale | Tropical Wings Birds\",\"isPartOf\":{\"@id\":\"https:\/\/tropicalwingsbirds.shop\/#website\"},\"primaryImageOfPage\":{\"@id\":\"https:\/\/tropicalwingsbirds.shop\/shop\/baby-tropicana-macaw-hybrid\/#primaryimage\"},\"image\":{\"@id\":\"https:\/\/tropicalwingsbirds.shop\/shop\/baby-tropicana-macaw-hybrid\/#primaryimage\"},\"thumbnailUrl\":\"https:\/\/tropicalwingsbirds.shop\/wp-content\/uploads\/2023\/12\/A14225492_1793323037578865_5951699574305479_n.jpg\",\"datePublished\":\"2023-12-03T14:04:59+00:00\",\"dateModified\":\"2026-04-17T22:03:28+00:00\",\"description\":\"Buy a baby tropicana macaw hybrid from a trusted breeder. Hand-fed, health-certified, closed-leg-ringed with full documentation. Worldwide shipping...\",\"breadcrumb\":{\"@id\":\"https:\/\/tropicalwingsbirds.shop\/shop\/baby-tropicana-macaw-hybrid\/#breadcrumb\"},\"inLanguage\":\"pt-PT\",\"potentialAction\":[{\"@type\":\"ReadAction\",\"target\":[\"https:\/\/tropicalwingsbirds.shop\/shop\/baby-tropicana-macaw-hybrid\/\"]}]},{\"@type\":\"ImageObject\",\"inLanguage\":\"pt-PT\",\"@id\":\"https:\/\/tropicalwingsbirds.shop\/shop\/baby-tropicana-macaw-hybrid\/#primaryimage\",\"url\":\"https:\/\/tropicalwingsbirds.shop\/wp-content\/uploads\/2023\/12\/A14225492_1793323037578865_5951699574305479_n.jpg\",\"contentUrl\":\"https:\/\/tropicalwingsbirds.shop\/wp-content\/uploads\/2023\/12\/A14225492_1793323037578865_5951699574305479_n.jpg\",\"width\":500,\"height\":500},{\"@type\":\"BreadcrumbList\",\"@id\":\"https:\/\/tropicalwingsbirds.shop\/shop\/baby-tropicana-macaw-hybrid\/#breadcrumb\",\"itemListElement\":[{\"@type\":\"ListItem\",\"position\":1,\"name\":\"Home\",\"item\":\"https:\/\/tropicalwingsbirds.shop\/\"},{\"@type\":\"ListItem\",\"position\":2,\"name\":\"Shop\",\"item\":\"https:\/\/tropicalwingsbirds.shop\/shop\/\"},{\"@type\":\"ListItem\",\"position\":3,\"name\":\"Baby Tropicana macaw hybrid\"}]},{\"@type\":\"WebSite\",\"@id\":\"https:\/\/tropicalwingsbirds.shop\/#website\",\"url\":\"https:\/\/tropicalwingsbirds.shop\/\",\"name\":\"Tropical Wings Birds\",\"description\":\"Best Exotic birds breeders online\",\"publisher\":{\"@id\":\"https:\/\/tropicalwingsbirds.shop\/#organization\"},\"potentialAction\":[{\"@type\":\"SearchAction\",\"target\":{\"@type\":\"EntryPoint\",\"urlTemplate\":\"https:\/\/tropicalwingsbirds.shop\/?s={search_term_string}\"},\"query-input\":{\"@type\":\"PropertyValueSpecification\",\"valueRequired\":true,\"valueName\":\"search_term_string\"}}],\"inLanguage\":\"pt-PT\"},{\"@type\":[\"Organization\",\"Place\",\"PetStore\"],\"@id\":\"https:\/\/tropicalwingsbirds.shop\/#organization\",\"name\":\"Tropical Wings Birds Shop\",\"alternateName\":\"TPWB\",\"url\":\"https:\/\/tropicalwingsbirds.shop\/\",\"logo\":{\"@id\":\"https:\/\/tropicalwingsbirds.shop\/shop\/baby-tropicana-macaw-hybrid\/#local-main-organization-logo\"},\"image\":{\"@id\":\"https:\/\/tropicalwingsbirds.shop\/shop\/baby-tropicana-macaw-hybrid\/#local-main-organization-logo\"},\"sameAs\":[\"https:\/\/web.facebook.com\/profile.php?id=61551502767851&mibextid=2JQ9oc&_rdc=1&_rdr\"],\"description\":\"Tropical Wings Birds is your destination for exotic avian companionship. Our boutique aviary in United States offers a curated selection of vibrant tropical birds sourced from reputable breeders worldwide. With a focus on welfare and expertise, our dedicated team is here to guide you on your journey to finding the perfect feathered friend. Visit us today and experience the magic of avian companionship at Tropical Wings Birds.\",\"legalName\":\"Tropical Wings Birds\",\"foundingDate\":\"2019-02-14\",\"numberOfEmployees\":{\"@type\":\"QuantitativeValue\",\"minValue\":\"1\",\"maxValue\":\"10\"},\"address\":{\"@id\":\"https:\/\/tropicalwingsbirds.shop\/shop\/baby-tropicana-macaw-hybrid\/#local-main-place-address\"},\"geo\":{\"@type\":\"GeoCoordinates\",\"latitude\":\"40.5976725\",\"longitude\":\"-122.3716346\"},\"telephone\":[\"+1 707-733-4623\",\"+1 707-733-4623\"],\"contactPoint\":{\"@type\":\"ContactPoint\",\"telephone\":\"+1 707-733-4623\",\"email\":\"sales@tropicalwingsbirds.shop\"},\"openingHoursSpecification\":{\"@type\":\"OpeningHoursSpecification\",\"dayOfWeek\":[\"Monday\",\"Tuesday\",\"Wednesday\",\"Thursday\",\"Friday\",\"Saturday\",\"Sunday\"],\"opens\":\"00:00\",\"closes\":\"23:59\"},\"email\":\"sales@tropicalwingsbirds.shop\",\"faxNumber\":\"+1 707-733-4623\",\"areaServed\":\"United states, Porto Rico, Canada, Australia\",\"priceRange\":\"$\",\"currenciesAccepted\":\"USD, CAD, AUD,\",\"paymentAccepted\":\"Zelle, Paypal, Bitcoin, Apple pay, Credit cards, Bank transfers\"},{\"@type\":\"PostalAddress\",\"@id\":\"https:\/\/tropicalwingsbirds.shop\/shop\/baby-tropicana-macaw-hybrid\/#local-main-place-address\",\"streetAddress\":\"500 Hilltop Dr,\",\"addressLocality\":\"Redding\",\"postalCode\":\"96003\",\"addressRegion\":\"California\",\"addressCountry\":\"US\"},{\"@type\":\"ImageObject\",\"inLanguage\":\"pt-PT\",\"@id\":\"https:\/\/tropicalwingsbirds.shop\/shop\/baby-tropicana-macaw-hybrid\/#local-main-organization-logo\",\"url\":\"https:\/\/tropicalwingsbirds.shop\/wp-content\/uploads\/2024\/01\/tropical-wings-1.webp\",\"contentUrl\":\"https:\/\/tropicalwingsbirds.shop\/wp-content\/uploads\/2024\/01\/tropical-wings-1.webp\",\"width\":500,\"height\":500,\"caption\":\"Tropical Wings Birds Shop\"}]}<\/script>\n<meta property=\"product:price:currency\" content=\"USD\" \/>\n<meta property=\"og:availability\" content=\"instock\" \/>\n<meta property=\"product:availability\" content=\"instock\" \/>\n<meta property=\"product:condition\" content=\"new\" \/>\n<meta name=\"geo.placename\" content=\"Redding\" \/>\n<meta name=\"geo.position\" content=\"40.5976725;-122.3716346\" \/>\n<meta name=\"geo.region\" content=\"Estados Unidos\" \/>\n<!-- \/ Yoast SEO Premium plugin. -->","yoast_head_json":{"title":"Baby Tropicana macaw hybrid for Sale | Tropical Wings Birds","description":"Buy a baby tropicana macaw hybrid from a trusted breeder. Hand-fed, health-certified, closed-leg-ringed with full documentation. Worldwide shipping...","robots":{"index":"index","follow":"follow","max-snippet":"max-snippet:-1","max-image-preview":"max-image-preview:large","max-video-preview":"max-video-preview:-1"},"canonical":"https:\/\/tropicalwingsbirds.shop\/pt\/comprar\/filhote-de-arara-tropical-hibrida\/","og_locale":"pt_PT","og_type":"article","og_title":"Baby Tropicana macaw hybrid","og_description":"Buy a baby tropicana macaw hybrid from a trusted breeder. Hand-fed, health-certified, closed-leg-ringed with full documentation. Worldwide shipping...","og_url":"https:\/\/tropicalwingsbirds.shop\/pt\/comprar\/filhote-de-arara-tropical-hibrida\/","og_site_name":"Tropical Wings Birds","article_publisher":"https:\/\/web.facebook.com\/profile.php?id=61551502767851&mibextid=2JQ9oc&_rdc=1&_rdr","article_modified_time":"2026-04-17T22:03:28+00:00","og_image":[{"width":500,"height":500,"url":"https:\/\/tropicalwingsbirds.shop\/wp-content\/uploads\/2023\/12\/A14225492_1793323037578865_5951699574305479_n.jpg","type":"image\/jpeg"}],"twitter_card":"summary_large_image","twitter_misc":{"pre\u00e7o":"","Disponibilidade":"Em stock"},"schema":{"@context":"https:\/\/schema.org","@graph":[{"@type":"WebPage","@id":"https:\/\/tropicalwingsbirds.shop\/shop\/baby-tropicana-macaw-hybrid\/","url":"https:\/\/tropicalwingsbirds.shop\/shop\/baby-tropicana-macaw-hybrid\/","name":"Baby Tropicana macaw hybrid for Sale | Tropical Wings Birds","isPartOf":{"@id":"https:\/\/tropicalwingsbirds.shop\/#website"},"primaryImageOfPage":{"@id":"https:\/\/tropicalwingsbirds.shop\/shop\/baby-tropicana-macaw-hybrid\/#primaryimage"},"image":{"@id":"https:\/\/tropicalwingsbirds.shop\/shop\/baby-tropicana-macaw-hybrid\/#primaryimage"},"thumbnailUrl":"https:\/\/tropicalwingsbirds.shop\/wp-content\/uploads\/2023\/12\/A14225492_1793323037578865_5951699574305479_n.jpg","datePublished":"2023-12-03T14:04:59+00:00","dateModified":"2026-04-17T22:03:28+00:00","description":"Buy a baby tropicana macaw hybrid from a trusted breeder. Hand-fed, health-certified, closed-leg-ringed with full documentation. Worldwide shipping...","breadcrumb":{"@id":"https:\/\/tropicalwingsbirds.shop\/shop\/baby-tropicana-macaw-hybrid\/#breadcrumb"},"inLanguage":"pt-PT","potentialAction":[{"@type":"ReadAction","target":["https:\/\/tropicalwingsbirds.shop\/shop\/baby-tropicana-macaw-hybrid\/"]}]},{"@type":"ImageObject","inLanguage":"pt-PT","@id":"https:\/\/tropicalwingsbirds.shop\/shop\/baby-tropicana-macaw-hybrid\/#primaryimage","url":"https:\/\/tropicalwingsbirds.shop\/wp-content\/uploads\/2023\/12\/A14225492_1793323037578865_5951699574305479_n.jpg","contentUrl":"https:\/\/tropicalwingsbirds.shop\/wp-content\/uploads\/2023\/12\/A14225492_1793323037578865_5951699574305479_n.jpg","width":500,"height":500},{"@type":"BreadcrumbList","@id":"https:\/\/tropicalwingsbirds.shop\/shop\/baby-tropicana-macaw-hybrid\/#breadcrumb","itemListElement":[{"@type":"ListItem","position":1,"name":"Home","item":"https:\/\/tropicalwingsbirds.shop\/"},{"@type":"ListItem","position":2,"name":"Shop","item":"https:\/\/tropicalwingsbirds.shop\/shop\/"},{"@type":"ListItem","position":3,"name":"Baby Tropicana macaw hybrid"}]},{"@type":"WebSite","@id":"https:\/\/tropicalwingsbirds.shop\/#website","url":"https:\/\/tropicalwingsbirds.shop\/","name":"P\u00e1ssaros Asas Tropicais","description":"Melhores criadores de p\u00e1ssaros ex\u00f3ticos online","publisher":{"@id":"https:\/\/tropicalwingsbirds.shop\/#organization"},"potentialAction":[{"@type":"SearchAction","target":{"@type":"EntryPoint","urlTemplate":"https:\/\/tropicalwingsbirds.shop\/?s={search_term_string}"},"query-input":{"@type":"PropertyValueSpecification","valueRequired":true,"valueName":"search_term_string"}}],"inLanguage":"pt-PT"},{"@type":["Organization","Place","PetStore"],"@id":"https:\/\/tropicalwingsbirds.shop\/#organization","name":"Tropical Wings Birds Shop","alternateName":"TPWB","url":"https:\/\/tropicalwingsbirds.shop\/","logo":{"@id":"https:\/\/tropicalwingsbirds.shop\/shop\/baby-tropicana-macaw-hybrid\/#local-main-organization-logo"},"image":{"@id":"https:\/\/tropicalwingsbirds.shop\/shop\/baby-tropicana-macaw-hybrid\/#local-main-organization-logo"},"sameAs":["https:\/\/web.facebook.com\/profile.php?id=61551502767851&mibextid=2JQ9oc&_rdc=1&_rdr"],"description":"A Tropical Wings Birds \u00e9 o seu destino para a companhia de aves ex\u00f3ticas. Nosso avi\u00e1rio boutique nos Estados Unidos oferece uma sele\u00e7\u00e3o criteriosa de aves tropicais vibrantes, provenientes de criadores renomados em todo o mundo. Com foco em bem-estar e expertise, nossa equipe dedicada est\u00e1 aqui para gui\u00e1-lo em sua jornada para encontrar o amigo emplumado perfeito. Visite-nos hoje mesmo e vivencie a magia da companhia de aves na Tropical Wings Birds.","legalName":"Tropical Wings Birds","foundingDate":"2019-02-14","numberOfEmployees":{"@type":"QuantitativeValue","minValue":"1","maxValue":"10"},"address":{"@id":"https:\/\/tropicalwingsbirds.shop\/shop\/baby-tropicana-macaw-hybrid\/#local-main-place-address"},"geo":{"@type":"GeoCoordinates","latitude":"40.5976725","longitude":"-122.3716346"},"telephone":["+1 707-733-4623","+1 707-733-4623"],"contactPoint":{"@type":"ContactPoint","telephone":"+1 707-733-4623","email":"sales@tropicalwingsbirds.shop"},"openingHoursSpecification":{"@type":"OpeningHoursSpecification","dayOfWeek":["Monday","Tuesday","Wednesday","Thursday","Friday","Saturday","Sunday"],"opens":"00:00","closes":"23:59"},"email":"sales@tropicalwingsbirds.shop","faxNumber":"+1 707-733-4623","areaServed":"United states, Porto Rico, Canada, Australia","priceRange":"$","currenciesAccepted":"USD, CAD, AUD,","paymentAccepted":"Zelle, Paypal, Bitcoin, Apple pay, Credit cards, Bank transfers"},{"@type":"PostalAddress","@id":"https:\/\/tropicalwingsbirds.shop\/shop\/baby-tropicana-macaw-hybrid\/#local-main-place-address","streetAddress":"500 Hilltop Dr,","addressLocality":"Redding","postalCode":"96003","addressRegion":"California","addressCountry":"US"},{"@type":"ImageObject","inLanguage":"pt-PT","@id":"https:\/\/tropicalwingsbirds.shop\/shop\/baby-tropicana-macaw-hybrid\/#local-main-organization-logo","url":"https:\/\/tropicalwingsbirds.shop\/wp-content\/uploads\/2024\/01\/tropical-wings-1.webp","contentUrl":"https:\/\/tropicalwingsbirds.shop\/wp-content\/uploads\/2024\/01\/tropical-wings-1.webp","width":500,"height":500,"caption":"Tropical Wings Birds Shop"}]},"product_price_currency":"USD","og_availability":"instock","product_availability":"instock","product_condition":"new","geo.placename":"Redding","geo.position":{"lat":"40.5976725","long":"-122.3716346"},"geo.region":"Estados Unidos"},"jetpack_sharing_enabled":true,"_links":{"self":[{"href":"https:\/\/tropicalwingsbirds.shop\/pt\/wp-json\/wp\/v2\/product\/533","targetHints":{"allow":["GET"]}}],"collection":[{"href":"https:\/\/tropicalwingsbirds.shop\/pt\/wp-json\/wp\/v2\/product"}],"about":[{"href":"https:\/\/tropicalwingsbirds.shop\/pt\/wp-json\/wp\/v2\/types\/product"}],"replies":[{"embeddable":true,"href":"https:\/\/tropicalwingsbirds.shop\/pt\/wp-json\/wp\/v2\/comments?post=533"}],"wp:featuredmedia":[{"embeddable":true,"href":"https:\/\/tropicalwingsbirds.shop\/pt\/wp-json\/wp\/v2\/media\/556"}],"wp:attachment":[{"href":"https:\/\/tropicalwingsbirds.shop\/pt\/wp-json\/wp\/v2\/media?parent=533"}],"wp:term":[{"taxonomy":"product_brand","embeddable":true,"href":"https:\/\/tropicalwingsbirds.shop\/pt\/wp-json\/wp\/v2\/product_brand?post=533"},{"taxonomy":"product_cat","embeddable":true,"href":"https:\/\/tropicalwingsbirds.shop\/pt\/wp-json\/wp\/v2\/product_cat?post=533"},{"taxonomy":"product_tag","embeddable":true,"href":"https:\/\/tropicalwingsbirds.shop\/pt\/wp-json\/wp\/v2\/product_tag?post=533"}],"curies":[{"name":"wp","href":"https:\/\/api.w.org\/{rel}","templated":true}]}}