{"id":54,"date":"2023-12-03T13:24:23","date_gmt":"2023-12-03T13:24:23","guid":{"rendered":"https:\/\/tropicalwingsbirds.shop\/?post_type=product&#038;p=54"},"modified":"2026-04-17T22:02:59","modified_gmt":"2026-04-17T22:02:59","slug":"papagaio-de-cabeca-de-falcao-de-coroa-azul","status":"publish","type":"product","link":"https:\/\/tropicalwingsbirds.shop\/pt\/comprar\/papagaio-de-cabeca-de-falcao-de-coroa-azul\/","title":{"rendered":"Azul \u2013 Papagaio-de-cabe\u00e7a-de-gavi\u00e3o-coroado"},"content":{"rendered":"<p>Os cabe\u00e7as-de-gavi\u00e3o s\u00e3o \u00f3timos animais de estima\u00e7\u00e3o, leais, curiosos, afetuosos, divertidos, brincalh\u00f5es e c\u00f4micos. No entanto, tamb\u00e9m podem ser t\u00edmidos, temperamentais e at\u00e9 mesmo irritadi\u00e7os, por isso precisam de um dono mais experiente. Podem ser bons animais de estima\u00e7\u00e3o para a fam\u00edlia, mas geralmente apenas se forem bem socializados e alimentados \u00e0 m\u00e3o.<\/p>","protected":false},"excerpt":{"rendered":"<p>Os cabe\u00e7as-de-gavi\u00e3o s\u00e3o \u00f3timos animais de estima\u00e7\u00e3o, leais, curiosos, afetuosos, divertidos, brincalh\u00f5es e c\u00f4micos. No entanto, tamb\u00e9m podem ser t\u00edmidos, temperamentais e at\u00e9 mesmo irritadi\u00e7os, por isso precisam de um dono mais experiente. Podem ser bons animais de estima\u00e7\u00e3o para a fam\u00edlia, mas geralmente apenas se forem bem socializados e alimentados \u00e0 m\u00e3o.<\/p>","protected":false},"featured_media":85,"comment_status":"closed","ping_status":"closed","template":"","meta":{"site-sidebar-layout":"","site-content-layout":"","ast-site-content-layout":"","site-content-style":"","site-sidebar-style":"","ast-global-header-display":"","ast-banner-title-visibility":"","ast-main-header-display":"","ast-hfb-above-header-display":"","ast-hfb-below-header-display":"","ast-hfb-mobile-header-display":"","site-post-title":"","ast-breadcrumbs-content":"","ast-featured-img":"","footer-sml-layout":"","ast-disable-related-posts":"","theme-transparent-header-meta":"","adv-header-id-meta":"","stick-header-meta":"","header-above-stick-meta":"","header-main-stick-meta":"","header-below-stick-meta":"","astra-migrate-meta-layouts":"","ast-page-background-enabled":"default","ast-page-background-meta":{"desktop":{"background-color":"var(--ast-global-color-4)","background-image":"","background-repeat":"repeat","background-position":"center center","background-size":"auto","background-attachment":"scroll","background-type":"","background-media":"","overlay-type":"","overlay-color":"","overlay-opacity":"","overlay-gradient":""},"tablet":{"background-color":"","background-image":"","background-repeat":"repeat","background-position":"center center","background-size":"auto","background-attachment":"scroll","background-type":"","background-media":"","overlay-type":"","overlay-color":"","overlay-opacity":"","overlay-gradient":""},"mobile":{"background-color":"","background-image":"","background-repeat":"repeat","background-position":"center center","background-size":"auto","background-attachment":"scroll","background-type":"","background-media":"","overlay-type":"","overlay-color":"","overlay-opacity":"","overlay-gradient":""}},"ast-content-background-meta":{"desktop":{"background-color":"var(--ast-global-color-5)","background-image":"","background-repeat":"repeat","background-position":"center center","background-size":"auto","background-attachment":"scroll","background-type":"","background-media":"","overlay-type":"","overlay-color":"","overlay-opacity":"","overlay-gradient":""},"tablet":{"background-color":"var(--ast-global-color-5)","background-image":"","background-repeat":"repeat","background-position":"center center","background-size":"auto","background-attachment":"scroll","background-type":"","background-media":"","overlay-type":"","overlay-color":"","overlay-opacity":"","overlay-gradient":""},"mobile":{"background-color":"var(--ast-global-color-5)","background-image":"","background-repeat":"repeat","background-position":"center center","background-size":"auto","background-attachment":"scroll","background-type":"","background-media":"","overlay-type":"","overlay-color":"","overlay-opacity":"","overlay-gradient":""}}},"product_brand":[],"product_cat":[19],"product_tag":[],"class_list":{"0":"post-54","1":"product","2":"type-product","3":"status-publish","4":"has-post-thumbnail","6":"product_cat-hawk-headed-parrot","7":"desktop-align-left","8":"tablet-align-left","9":"mobile-align-left","10":"ast-product-gallery-layout-horizontal-slider","11":"ast-product-tabs-layout-horizontal","12":"ast-qv-on-image","14":"first","15":"instock","16":"shipping-taxable","17":"product-type-simple"},"yoast_head":"<!-- This site is optimized with the Yoast SEO Premium plugin v23.2 (Yoast SEO v27.4) - https:\/\/yoast.com\/product\/yoast-seo-premium-wordpress\/ -->\n<title>Buy Blue \u2013 Crowned Hawk headed Parrot | Tropical Wings Birds<\/title>\n<meta name=\"description\" content=\"Buy a blue \u2013 crowned hawk headed parrot from a trusted breeder. Hand-fed, health-certified, closed-leg-ringed with full documentation. Worldwide...\" \/>\n<meta name=\"robots\" content=\"index, follow, max-snippet:-1, max-image-preview:large, max-video-preview:-1\" \/>\n<link rel=\"canonical\" href=\"https:\/\/tropicalwingsbirds.shop\/pt\/comprar\/papagaio-de-cabeca-de-falcao-de-coroa-azul\/\" \/>\n<meta property=\"og:locale\" content=\"pt_PT\" \/>\n<meta property=\"og:type\" content=\"article\" \/>\n<meta property=\"og:title\" content=\"Blue &#8211; Crowned Hawk headed Parrot\" \/>\n<meta property=\"og:description\" content=\"Buy a blue \u2013 crowned hawk headed parrot from a trusted breeder. Hand-fed, health-certified, closed-leg-ringed with full documentation. Worldwide...\" \/>\n<meta property=\"og:url\" content=\"https:\/\/tropicalwingsbirds.shop\/pt\/comprar\/papagaio-de-cabeca-de-falcao-de-coroa-azul\/\" \/>\n<meta property=\"og:site_name\" content=\"Tropical Wings Birds\" \/>\n<meta property=\"article:publisher\" content=\"https:\/\/web.facebook.com\/profile.php?id=61551502767851&amp;mibextid=2JQ9oc&amp;_rdc=1&amp;_rdr\" \/>\n<meta property=\"article:modified_time\" content=\"2026-04-17T22:02:59+00:00\" \/>\n<meta property=\"og:image\" content=\"https:\/\/tropicalwingsbirds.shop\/wp-content\/uploads\/2023\/12\/Hawk-Head-Parrot.jpg\" \/>\n\t<meta property=\"og:image:width\" content=\"420\" \/>\n\t<meta property=\"og:image:height\" content=\"578\" \/>\n\t<meta property=\"og:image:type\" content=\"image\/jpeg\" \/>\n<meta name=\"twitter:card\" content=\"summary_large_image\" \/>\n<meta name=\"twitter:label1\" content=\"pre\u00e7o\" \/>\n\t<meta name=\"twitter:data1\" content=\"\" \/>\n\t<meta name=\"twitter:label2\" content=\"Disponibilidade\" \/>\n\t<meta name=\"twitter:data2\" content=\"Em stock\" \/>\n<script type=\"application\/ld+json\" class=\"yoast-schema-graph\">{\"@context\":\"https:\\\/\\\/schema.org\",\"@graph\":[{\"@type\":\"WebPage\",\"@id\":\"https:\\\/\\\/tropicalwingsbirds.shop\\\/shop\\\/blue-crowned-hawk-headed-parrot\\\/\",\"url\":\"https:\\\/\\\/tropicalwingsbirds.shop\\\/shop\\\/blue-crowned-hawk-headed-parrot\\\/\",\"name\":\"Buy Blue \u2013 Crowned Hawk headed Parrot | Tropical Wings Birds\",\"isPartOf\":{\"@id\":\"https:\\\/\\\/tropicalwingsbirds.shop\\\/#website\"},\"primaryImageOfPage\":{\"@id\":\"https:\\\/\\\/tropicalwingsbirds.shop\\\/shop\\\/blue-crowned-hawk-headed-parrot\\\/#primaryimage\"},\"image\":{\"@id\":\"https:\\\/\\\/tropicalwingsbirds.shop\\\/shop\\\/blue-crowned-hawk-headed-parrot\\\/#primaryimage\"},\"thumbnailUrl\":\"https:\\\/\\\/tropicalwingsbirds.shop\\\/wp-content\\\/uploads\\\/2023\\\/12\\\/Hawk-Head-Parrot.jpg\",\"datePublished\":\"2023-12-03T13:24:23+00:00\",\"dateModified\":\"2026-04-17T22:02:59+00:00\",\"description\":\"Buy a blue \u2013 crowned hawk headed parrot from a trusted breeder. Hand-fed, health-certified, closed-leg-ringed with full documentation. Worldwide...\",\"breadcrumb\":{\"@id\":\"https:\\\/\\\/tropicalwingsbirds.shop\\\/shop\\\/blue-crowned-hawk-headed-parrot\\\/#breadcrumb\"},\"inLanguage\":\"pt-PT\",\"potentialAction\":[{\"@type\":\"ReadAction\",\"target\":[\"https:\\\/\\\/tropicalwingsbirds.shop\\\/shop\\\/blue-crowned-hawk-headed-parrot\\\/\"]}]},{\"@type\":\"ImageObject\",\"inLanguage\":\"pt-PT\",\"@id\":\"https:\\\/\\\/tropicalwingsbirds.shop\\\/shop\\\/blue-crowned-hawk-headed-parrot\\\/#primaryimage\",\"url\":\"https:\\\/\\\/tropicalwingsbirds.shop\\\/wp-content\\\/uploads\\\/2023\\\/12\\\/Hawk-Head-Parrot.jpg\",\"contentUrl\":\"https:\\\/\\\/tropicalwingsbirds.shop\\\/wp-content\\\/uploads\\\/2023\\\/12\\\/Hawk-Head-Parrot.jpg\",\"width\":420,\"height\":578},{\"@type\":\"BreadcrumbList\",\"@id\":\"https:\\\/\\\/tropicalwingsbirds.shop\\\/shop\\\/blue-crowned-hawk-headed-parrot\\\/#breadcrumb\",\"itemListElement\":[{\"@type\":\"ListItem\",\"position\":1,\"name\":\"Home\",\"item\":\"https:\\\/\\\/tropicalwingsbirds.shop\\\/\"},{\"@type\":\"ListItem\",\"position\":2,\"name\":\"Shop\",\"item\":\"https:\\\/\\\/tropicalwingsbirds.shop\\\/shop\\\/\"},{\"@type\":\"ListItem\",\"position\":3,\"name\":\"Blue &#8211; Crowned Hawk headed Parrot\"}]},{\"@type\":\"WebSite\",\"@id\":\"https:\\\/\\\/tropicalwingsbirds.shop\\\/#website\",\"url\":\"https:\\\/\\\/tropicalwingsbirds.shop\\\/\",\"name\":\"Tropical Wings Birds\",\"description\":\"Best Exotic birds breeders online\",\"publisher\":{\"@id\":\"https:\\\/\\\/tropicalwingsbirds.shop\\\/#organization\"},\"potentialAction\":[{\"@type\":\"SearchAction\",\"target\":{\"@type\":\"EntryPoint\",\"urlTemplate\":\"https:\\\/\\\/tropicalwingsbirds.shop\\\/?s={search_term_string}\"},\"query-input\":{\"@type\":\"PropertyValueSpecification\",\"valueRequired\":true,\"valueName\":\"search_term_string\"}}],\"inLanguage\":\"pt-PT\"},{\"@type\":[\"Organization\",\"Place\",\"PetStore\"],\"@id\":\"https:\\\/\\\/tropicalwingsbirds.shop\\\/#organization\",\"name\":\"Tropical Wings Birds Shop\",\"alternateName\":\"TPWB\",\"url\":\"https:\\\/\\\/tropicalwingsbirds.shop\\\/\",\"logo\":{\"@id\":\"https:\\\/\\\/tropicalwingsbirds.shop\\\/shop\\\/blue-crowned-hawk-headed-parrot\\\/#local-main-organization-logo\"},\"image\":{\"@id\":\"https:\\\/\\\/tropicalwingsbirds.shop\\\/shop\\\/blue-crowned-hawk-headed-parrot\\\/#local-main-organization-logo\"},\"sameAs\":[\"https:\\\/\\\/web.facebook.com\\\/profile.php?id=61551502767851&mibextid=2JQ9oc&_rdc=1&_rdr\"],\"description\":\"Tropical Wings Birds is your destination for exotic avian companionship. Our boutique aviary in United States offers a curated selection of vibrant tropical birds sourced from reputable breeders worldwide. With a focus on welfare and expertise, our dedicated team is here to guide you on your journey to finding the perfect feathered friend. Visit us today and experience the magic of avian companionship at Tropical Wings Birds.\",\"legalName\":\"Tropical Wings Birds\",\"foundingDate\":\"2019-02-14\",\"numberOfEmployees\":{\"@type\":\"QuantitativeValue\",\"minValue\":\"1\",\"maxValue\":\"10\"},\"address\":{\"@id\":\"https:\\\/\\\/tropicalwingsbirds.shop\\\/shop\\\/blue-crowned-hawk-headed-parrot\\\/#local-main-place-address\"},\"geo\":{\"@type\":\"GeoCoordinates\",\"latitude\":\"40.5976725\",\"longitude\":\"-122.3716346\"},\"telephone\":[\"+1 707-733-4623\",\"+1 707-733-4623\"],\"contactPoint\":{\"@type\":\"ContactPoint\",\"telephone\":\"+1 707-733-4623\",\"email\":\"sales@tropicalwingsbirds.shop\"},\"openingHoursSpecification\":{\"@type\":\"OpeningHoursSpecification\",\"dayOfWeek\":[\"Monday\",\"Tuesday\",\"Wednesday\",\"Thursday\",\"Friday\",\"Saturday\",\"Sunday\"],\"opens\":\"00:00\",\"closes\":\"23:59\"},\"email\":\"sales@tropicalwingsbirds.shop\",\"faxNumber\":\"+1 707-733-4623\",\"areaServed\":\"United states, Porto Rico, Canada, Australia\",\"priceRange\":\"$\",\"currenciesAccepted\":\"USD, CAD, AUD,\",\"paymentAccepted\":\"Zelle, Paypal, Bitcoin, Apple pay, Credit cards, Bank transfers\"},{\"@type\":\"PostalAddress\",\"@id\":\"https:\\\/\\\/tropicalwingsbirds.shop\\\/shop\\\/blue-crowned-hawk-headed-parrot\\\/#local-main-place-address\",\"streetAddress\":\"500 Hilltop Dr,\",\"addressLocality\":\"Redding\",\"postalCode\":\"96003\",\"addressRegion\":\"California\",\"addressCountry\":\"US\"},{\"@type\":\"ImageObject\",\"inLanguage\":\"pt-PT\",\"@id\":\"https:\\\/\\\/tropicalwingsbirds.shop\\\/shop\\\/blue-crowned-hawk-headed-parrot\\\/#local-main-organization-logo\",\"url\":\"https:\\\/\\\/tropicalwingsbirds.shop\\\/wp-content\\\/uploads\\\/2024\\\/01\\\/tropical-wings-1.webp\",\"contentUrl\":\"https:\\\/\\\/tropicalwingsbirds.shop\\\/wp-content\\\/uploads\\\/2024\\\/01\\\/tropical-wings-1.webp\",\"width\":500,\"height\":500,\"caption\":\"Tropical Wings Birds Shop\"}]}<\/script>\n<meta property=\"product:price:currency\" content=\"USD\" \/>\n<meta property=\"og:availability\" content=\"instock\" \/>\n<meta property=\"product:availability\" content=\"instock\" \/>\n<meta property=\"product:condition\" content=\"new\" \/>\n<meta name=\"geo.placename\" content=\"Redding\" \/>\n<meta name=\"geo.position\" content=\"40.5976725;-122.3716346\" \/>\n<meta name=\"geo.region\" content=\"Estados Unidos\" \/>\n<!-- \/ Yoast SEO Premium plugin. -->","yoast_head_json":{"title":"Buy Blue \u2013 Crowned Hawk headed Parrot | Tropical Wings Birds","description":"Buy a blue \u2013 crowned hawk headed parrot from a trusted breeder. Hand-fed, health-certified, closed-leg-ringed with full documentation. Worldwide...","robots":{"index":"index","follow":"follow","max-snippet":"max-snippet:-1","max-image-preview":"max-image-preview:large","max-video-preview":"max-video-preview:-1"},"canonical":"https:\/\/tropicalwingsbirds.shop\/pt\/comprar\/papagaio-de-cabeca-de-falcao-de-coroa-azul\/","og_locale":"pt_PT","og_type":"article","og_title":"Blue &#8211; Crowned Hawk headed Parrot","og_description":"Buy a blue \u2013 crowned hawk headed parrot from a trusted breeder. Hand-fed, health-certified, closed-leg-ringed with full documentation. Worldwide...","og_url":"https:\/\/tropicalwingsbirds.shop\/pt\/comprar\/papagaio-de-cabeca-de-falcao-de-coroa-azul\/","og_site_name":"Tropical Wings Birds","article_publisher":"https:\/\/web.facebook.com\/profile.php?id=61551502767851&mibextid=2JQ9oc&_rdc=1&_rdr","article_modified_time":"2026-04-17T22:02:59+00:00","og_image":[{"width":420,"height":578,"url":"https:\/\/tropicalwingsbirds.shop\/wp-content\/uploads\/2023\/12\/Hawk-Head-Parrot.jpg","type":"image\/jpeg"}],"twitter_card":"summary_large_image","twitter_misc":{"pre\u00e7o":"","Disponibilidade":"Em stock"},"schema":{"@context":"https:\/\/schema.org","@graph":[{"@type":"WebPage","@id":"https:\/\/tropicalwingsbirds.shop\/shop\/blue-crowned-hawk-headed-parrot\/","url":"https:\/\/tropicalwingsbirds.shop\/shop\/blue-crowned-hawk-headed-parrot\/","name":"Buy Blue \u2013 Crowned Hawk headed Parrot | Tropical Wings Birds","isPartOf":{"@id":"https:\/\/tropicalwingsbirds.shop\/#website"},"primaryImageOfPage":{"@id":"https:\/\/tropicalwingsbirds.shop\/shop\/blue-crowned-hawk-headed-parrot\/#primaryimage"},"image":{"@id":"https:\/\/tropicalwingsbirds.shop\/shop\/blue-crowned-hawk-headed-parrot\/#primaryimage"},"thumbnailUrl":"https:\/\/tropicalwingsbirds.shop\/wp-content\/uploads\/2023\/12\/Hawk-Head-Parrot.jpg","datePublished":"2023-12-03T13:24:23+00:00","dateModified":"2026-04-17T22:02:59+00:00","description":"Buy a blue \u2013 crowned hawk headed parrot from a trusted breeder. Hand-fed, health-certified, closed-leg-ringed with full documentation. Worldwide...","breadcrumb":{"@id":"https:\/\/tropicalwingsbirds.shop\/shop\/blue-crowned-hawk-headed-parrot\/#breadcrumb"},"inLanguage":"pt-PT","potentialAction":[{"@type":"ReadAction","target":["https:\/\/tropicalwingsbirds.shop\/shop\/blue-crowned-hawk-headed-parrot\/"]}]},{"@type":"ImageObject","inLanguage":"pt-PT","@id":"https:\/\/tropicalwingsbirds.shop\/shop\/blue-crowned-hawk-headed-parrot\/#primaryimage","url":"https:\/\/tropicalwingsbirds.shop\/wp-content\/uploads\/2023\/12\/Hawk-Head-Parrot.jpg","contentUrl":"https:\/\/tropicalwingsbirds.shop\/wp-content\/uploads\/2023\/12\/Hawk-Head-Parrot.jpg","width":420,"height":578},{"@type":"BreadcrumbList","@id":"https:\/\/tropicalwingsbirds.shop\/shop\/blue-crowned-hawk-headed-parrot\/#breadcrumb","itemListElement":[{"@type":"ListItem","position":1,"name":"Home","item":"https:\/\/tropicalwingsbirds.shop\/"},{"@type":"ListItem","position":2,"name":"Shop","item":"https:\/\/tropicalwingsbirds.shop\/shop\/"},{"@type":"ListItem","position":3,"name":"Blue &#8211; Crowned Hawk headed Parrot"}]},{"@type":"WebSite","@id":"https:\/\/tropicalwingsbirds.shop\/#website","url":"https:\/\/tropicalwingsbirds.shop\/","name":"P\u00e1ssaros Asas Tropicais","description":"Melhores criadores de p\u00e1ssaros ex\u00f3ticos online","publisher":{"@id":"https:\/\/tropicalwingsbirds.shop\/#organization"},"potentialAction":[{"@type":"SearchAction","target":{"@type":"EntryPoint","urlTemplate":"https:\/\/tropicalwingsbirds.shop\/?s={search_term_string}"},"query-input":{"@type":"PropertyValueSpecification","valueRequired":true,"valueName":"search_term_string"}}],"inLanguage":"pt-PT"},{"@type":["Organization","Place","PetStore"],"@id":"https:\/\/tropicalwingsbirds.shop\/#organization","name":"Tropical Wings Birds Shop","alternateName":"TPWB","url":"https:\/\/tropicalwingsbirds.shop\/","logo":{"@id":"https:\/\/tropicalwingsbirds.shop\/shop\/blue-crowned-hawk-headed-parrot\/#local-main-organization-logo"},"image":{"@id":"https:\/\/tropicalwingsbirds.shop\/shop\/blue-crowned-hawk-headed-parrot\/#local-main-organization-logo"},"sameAs":["https:\/\/web.facebook.com\/profile.php?id=61551502767851&mibextid=2JQ9oc&_rdc=1&_rdr"],"description":"A Tropical Wings Birds \u00e9 o seu destino para a companhia de aves ex\u00f3ticas. Nosso avi\u00e1rio boutique nos Estados Unidos oferece uma sele\u00e7\u00e3o criteriosa de aves tropicais vibrantes, provenientes de criadores renomados em todo o mundo. Com foco em bem-estar e expertise, nossa equipe dedicada est\u00e1 aqui para gui\u00e1-lo em sua jornada para encontrar o amigo emplumado perfeito. Visite-nos hoje mesmo e vivencie a magia da companhia de aves na Tropical Wings Birds.","legalName":"Tropical Wings Birds","foundingDate":"2019-02-14","numberOfEmployees":{"@type":"QuantitativeValue","minValue":"1","maxValue":"10"},"address":{"@id":"https:\/\/tropicalwingsbirds.shop\/shop\/blue-crowned-hawk-headed-parrot\/#local-main-place-address"},"geo":{"@type":"GeoCoordinates","latitude":"40.5976725","longitude":"-122.3716346"},"telephone":["+1 707-733-4623","+1 707-733-4623"],"contactPoint":{"@type":"ContactPoint","telephone":"+1 707-733-4623","email":"sales@tropicalwingsbirds.shop"},"openingHoursSpecification":{"@type":"OpeningHoursSpecification","dayOfWeek":["Monday","Tuesday","Wednesday","Thursday","Friday","Saturday","Sunday"],"opens":"00:00","closes":"23:59"},"email":"sales@tropicalwingsbirds.shop","faxNumber":"+1 707-733-4623","areaServed":"United states, Porto Rico, Canada, Australia","priceRange":"$","currenciesAccepted":"USD, CAD, AUD,","paymentAccepted":"Zelle, Paypal, Bitcoin, Apple pay, Credit cards, Bank transfers"},{"@type":"PostalAddress","@id":"https:\/\/tropicalwingsbirds.shop\/shop\/blue-crowned-hawk-headed-parrot\/#local-main-place-address","streetAddress":"500 Hilltop Dr,","addressLocality":"Redding","postalCode":"96003","addressRegion":"California","addressCountry":"US"},{"@type":"ImageObject","inLanguage":"pt-PT","@id":"https:\/\/tropicalwingsbirds.shop\/shop\/blue-crowned-hawk-headed-parrot\/#local-main-organization-logo","url":"https:\/\/tropicalwingsbirds.shop\/wp-content\/uploads\/2024\/01\/tropical-wings-1.webp","contentUrl":"https:\/\/tropicalwingsbirds.shop\/wp-content\/uploads\/2024\/01\/tropical-wings-1.webp","width":500,"height":500,"caption":"Tropical Wings Birds Shop"}]},"product_price_currency":"USD","og_availability":"instock","product_availability":"instock","product_condition":"new","geo.placename":"Redding","geo.position":{"lat":"40.5976725","long":"-122.3716346"},"geo.region":"Estados Unidos"},"jetpack_sharing_enabled":true,"_links":{"self":[{"href":"https:\/\/tropicalwingsbirds.shop\/pt\/wp-json\/wp\/v2\/product\/54","targetHints":{"allow":["GET"]}}],"collection":[{"href":"https:\/\/tropicalwingsbirds.shop\/pt\/wp-json\/wp\/v2\/product"}],"about":[{"href":"https:\/\/tropicalwingsbirds.shop\/pt\/wp-json\/wp\/v2\/types\/product"}],"replies":[{"embeddable":true,"href":"https:\/\/tropicalwingsbirds.shop\/pt\/wp-json\/wp\/v2\/comments?post=54"}],"wp:featuredmedia":[{"embeddable":true,"href":"https:\/\/tropicalwingsbirds.shop\/pt\/wp-json\/wp\/v2\/media\/85"}],"wp:attachment":[{"href":"https:\/\/tropicalwingsbirds.shop\/pt\/wp-json\/wp\/v2\/media?parent=54"}],"wp:term":[{"taxonomy":"product_brand","embeddable":true,"href":"https:\/\/tropicalwingsbirds.shop\/pt\/wp-json\/wp\/v2\/product_brand?post=54"},{"taxonomy":"product_cat","embeddable":true,"href":"https:\/\/tropicalwingsbirds.shop\/pt\/wp-json\/wp\/v2\/product_cat?post=54"},{"taxonomy":"product_tag","embeddable":true,"href":"https:\/\/tropicalwingsbirds.shop\/pt\/wp-json\/wp\/v2\/product_tag?post=54"}],"curies":[{"name":"wp","href":"https:\/\/api.w.org\/{rel}","templated":true}]}}