{"id":546,"date":"2023-12-03T14:05:00","date_gmt":"2023-12-03T14:05:00","guid":{"rendered":"https:\/\/tropicalwingsbirds.shop\/?post_type=product&#038;p=546"},"modified":"2026-04-17T22:03:29","modified_gmt":"2026-04-17T22:03:29","slug":"papagaio-cinza-africano-online","status":"publish","type":"product","link":"https:\/\/tropicalwingsbirds.shop\/pt\/comprar\/papagaio-cinza-africano-online\/","title":{"rendered":"Papagaio-cinzento africano online"},"content":{"rendered":"<div class=\"product-section\">\n<div class=\"row\">\n<div class=\"large-10 col pb-0 mb-0\">\n<div class=\"panel entry-content\">\n<p>A Macaw Parrot Shop oferece papagaios-cinzentos africanos para venda online e em lojas f\u00edsicas. As pessoas recorrem \u00e0 compra de papagaios-cinzentos africanos online porque o papagaio-cinzento africano, extremamente inteligente, \u00e9 frequentemente considerado o p\u00e1ssaro que melhor fala em todo o mundo. Alguns possuem um vocabul\u00e1rio de centenas de palavras diferentes. H\u00e1 at\u00e9 pesquisas que sugerem que esses papagaios conseguem usar palavras em contexto para manter conversas simples. Os papagaios-cinzentos africanos interagem com humanos, e isso j\u00e1 foi observado em muitas ocasi\u00f5es. Embora isso n\u00e3o signifique necessariamente que eles entendam o que est\u00e3o dizendo.<\/p>\n<p>Al\u00e9m disso, esse tipo de verbaliza\u00e7\u00e3o exige anos de treinamento paciente e pr\u00e1tica por parte do dono. Papagaios-cinzentos-africanos s\u00e3o companheiros muito populares. No entanto, o desmatamento e a ca\u00e7a abundante para a ave selvagem, al\u00e9m do com\u00e9rcio, deixaram ambas as esp\u00e9cies gravemente amea\u00e7adas de extin\u00e7\u00e3o. Os papagaios-cinzentos-africanos s\u00e3o uma boa escolha se voc\u00ea gosta de um animal muito curioso e inteligente.<\/p>\n<p>Eles t\u00eam muita energia e curiosidade e s\u00e3o talvez a esp\u00e9cie de p\u00e1ssaro mais inteligente que existe. Por isso, v\u00e3o exigir muita da sua aten\u00e7\u00e3o e energia. Voc\u00ea precisar\u00e1 passar bastante tempo com eles todos os dias, ent\u00e3o n\u00e3o s\u00e3o animais de estima\u00e7\u00e3o que possam ser deixados sozinhos facilmente. Eles geralmente t\u00eam entre 25 e 35 cent\u00edmetros e, portanto, s\u00e3o maiores do que um papagaio de estima\u00e7\u00e3o comum.<\/p>\n<h2 id=\"id3\"><span id=\"buying-factors\" class=\"ez-toc-section\">Quais fatores afetam o pre\u00e7o de um papagaio-cinzento africano?<\/span><\/h2>\n<p><a href=\"https:\/\/www.parrots.org\/lp\/grey-parrot-information-2\/?gclid=EAIaIQobChMI3piT9vLT6QIVjYbACh3vXglyEAAYASAAEgKslvD_BwE\"><strong>Que lindo um papagaio-cinzento africano<\/strong>\u00a0<\/a>A apar\u00eancia afetar\u00e1 significativamente o pre\u00e7o da ave. Papagaios-cinzentos africanos que parecem saud\u00e1veis e n\u00e3o apresentam manchas ou marcas e caracter\u00edsticas estranhas ser\u00e3o mais desej\u00e1veis. No entanto, atributos incomuns, mas de apar\u00eancia agrad\u00e1vel, como um rosa ou avermelhado \u00fanico, s\u00e3o muito raros e aumentar\u00e3o drasticamente o pre\u00e7o da sua ave de estima\u00e7\u00e3o.<\/p>\n<p data-slot-rendered-dynamic=\"true\">A qualidade da gen\u00e9tica de um papagaio-cinzento africano afetar\u00e1 seu pre\u00e7o. Voc\u00ea pode fazer testes de DNA se estiver preocupado com a linhagem gen\u00e9tica do seu p\u00e1ssaro. Isso pode ser uma preocupa\u00e7\u00e3o se voc\u00ea estiver considerando a cria\u00e7\u00e3o de p\u00e1ssaros de estima\u00e7\u00e3o. Al\u00e9m disso, voc\u00ea pode realizar testes para verificar se h\u00e1 doen\u00e7as no p\u00e1ssaro. Ambos os testes ter\u00e3o um custo adicional; voc\u00ea tamb\u00e9m pode querer fazer testes gen\u00e9ticos para garantir que o papagaio-cinzento africano n\u00e3o seja um mesti\u00e7o. O cruzamento geralmente \u00e9 feito entre um Timneh e um Congo.<\/p>\n<h2>Cuidando de um papagaio cinza africano<\/h2>\n<div>Os poleiros devem ser colocados na parte baixa da gaiola, especialmente para p\u00e1ssaros mais jovens, que podem n\u00e3o ser t\u00e3o firmes ao subir. Voc\u00ea precisar\u00e1 manter as unhas do seu papagaio aparadas. Esses papagaios fazem a primeira muda por volta dos 8 meses de idade e, por volta dos 11 meses, ter\u00e3o a primeira muda significativa, que ocorrer\u00e1 anualmente.<br \/> A dieta deve consistir em ra\u00e7\u00e3o de alta qualidade e muitas frutas e vegetais frescos, especialmente aqueles com altos n\u00edveis de c\u00e1lcio e vitamina A. As aves podem ser reproduzidas o ano todo e t\u00eam uma ninhada de 1 a 3 ovos.<\/div>\n<div><\/div>\n<h3 data-slot-rendered-dynamic=\"true\">Papagaio-cinzento africano \u00e0 venda online<\/h3>\n<p data-slot-rendered-dynamic=\"true\">Procurando por papagaios cinzentos africanos para vender online e como eles s\u00e3o lindos? Veja um papagaio cinzento africano em a\u00e7\u00e3o, confira o v\u00eddeo abaixo.<\/p>\n<h2>Fatos Biol\u00f3gicos<\/h2>\n<div>Papagaio Cinzento Africano (Psittacus erithacus); duas subesp\u00e9cies<\/div>\n<div>Congo: corpo maior, colora\u00e7\u00e3o cinza claro, bico totalmente preto e penas vermelhas brilhantes da cauda<\/div>\n<div>Timneh: corpo menor, colora\u00e7\u00e3o cinza-escura, metade superior do bico cor de carne e penas da cauda marrom-escuras<\/div>\n<div>Peso: 330-500 g<\/div>\n<div>Os p\u00e1ssaros jovens t\u00eam \u00edris cinza-escuras que se tornam amarelo-claras com 1 ano de idade.<\/div>\n<div>Maturidade sexual: 4-6 anos<\/div>\n<div>Vida \u00fatil m\u00e9dia: 25-30 anos<\/div>\n<div>Vida \u00fatil m\u00e1xima registrada: mais de 50 anos<\/div>\n<div>Origens: \u00c1frica Ocidental e Central<\/div>\n<h2>Dieta<\/h2>\n<div>Na Macaw Parrot Shop, alimentamos nossos papagaios cinzentos africanos com uma variedade de frutas, nozes e vegetais.<\/div>\n<div>Dietas \u00e0 base de sementes n\u00e3o s\u00e3o recomendadas, pois permitem que os p\u00e1ssaros de estima\u00e7\u00e3o selecionem uma dieta desequilibrada da que \u00e9 oferecida.<\/div>\n<div>As dietas formuladas (\u201cpellets\u201d ou \u201ccrumbles\u201d) fornecem uma nutri\u00e7\u00e3o mais completa e equilibrada, n\u00e3o permitem alimenta\u00e7\u00e3o seletiva e devem compreender cerca de 75% da dieta<\/div>\n<div>Folhas verdes escuras, vegetais e frutas podem constituir 20-25% da dieta<\/div>\n<div>As guloseimas devem ser limitadas a apenas 5% da dieta<\/div>\n<div>\u00c1gua limpa e fresca deve ser fornecida diariamente<\/div>\n<div><\/div>\n<\/p><\/div>\n<\/p><\/div>\n<\/p><\/div>\n<\/p><\/div>","protected":false},"excerpt":{"rendered":"<pre><strong>Esp\u00e9cie: Filhote de papagaio-cinzento-africano-do-congo (papagaio-cinzento-africano-do-congo)<\/strong>\r <strong>Sexo: Masculino \/ Feminino<\/strong>\r <strong>Idade: 6 a 9 meses<\/strong>\r <strong>Tamanho: Pequeno (desmamado \u2013 pode comer sozinho)<\/strong>\r <strong>O pre\u00e7o varia de acordo com a idade. Oferecemos de $1200 a 1600 USD para aves de 9 a 18 meses.<\/strong>\r   <\/pre>","protected":false},"featured_media":566,"comment_status":"closed","ping_status":"closed","template":"","meta":{"site-sidebar-layout":"","site-content-layout":"","ast-site-content-layout":"","site-content-style":"","site-sidebar-style":"","ast-global-header-display":"","ast-banner-title-visibility":"","ast-main-header-display":"","ast-hfb-above-header-display":"","ast-hfb-below-header-display":"","ast-hfb-mobile-header-display":"","site-post-title":"","ast-breadcrumbs-content":"","ast-featured-img":"","footer-sml-layout":"","theme-transparent-header-meta":"","adv-header-id-meta":"","stick-header-meta":"","header-above-stick-meta":"","header-main-stick-meta":"","header-below-stick-meta":"","astra-migrate-meta-layouts":"","ast-page-background-enabled":"default","ast-page-background-meta":{"desktop":{"background-color":"var(--ast-global-color-4)","background-image":"","background-repeat":"repeat","background-position":"center center","background-size":"auto","background-attachment":"scroll","background-type":"","background-media":"","overlay-type":"","overlay-color":"","overlay-opacity":"","overlay-gradient":""},"tablet":{"background-color":"","background-image":"","background-repeat":"repeat","background-position":"center center","background-size":"auto","background-attachment":"scroll","background-type":"","background-media":"","overlay-type":"","overlay-color":"","overlay-opacity":"","overlay-gradient":""},"mobile":{"background-color":"","background-image":"","background-repeat":"repeat","background-position":"center center","background-size":"auto","background-attachment":"scroll","background-type":"","background-media":"","overlay-type":"","overlay-color":"","overlay-opacity":"","overlay-gradient":""}},"ast-content-background-meta":{"desktop":{"background-color":"var(--ast-global-color-5)","background-image":"","background-repeat":"repeat","background-position":"center center","background-size":"auto","background-attachment":"scroll","background-type":"","background-media":"","overlay-type":"","overlay-color":"","overlay-opacity":"","overlay-gradient":""},"tablet":{"background-color":"var(--ast-global-color-5)","background-image":"","background-repeat":"repeat","background-position":"center center","background-size":"auto","background-attachment":"scroll","background-type":"","background-media":"","overlay-type":"","overlay-color":"","overlay-opacity":"","overlay-gradient":""},"mobile":{"background-color":"var(--ast-global-color-5)","background-image":"","background-repeat":"repeat","background-position":"center center","background-size":"auto","background-attachment":"scroll","background-type":"","background-media":"","overlay-type":"","overlay-color":"","overlay-opacity":"","overlay-gradient":""}}},"product_brand":[],"product_cat":[2297,156],"product_tag":[53],"class_list":{"0":"post-546","1":"product","2":"type-product","3":"status-publish","4":"has-post-thumbnail","6":"product_cat-african-grey-parrot-2","7":"product_cat-parrots","8":"product_tag-buy-parrots-online","9":"desktop-align-left","10":"tablet-align-left","11":"mobile-align-left","12":"ast-product-gallery-layout-horizontal-slider","13":"ast-product-gallery-with-no-image","14":"ast-product-tabs-layout-horizontal","15":"ast-qv-on-image","17":"first","18":"instock","19":"shipping-taxable","20":"product-type-simple"},"yoast_head":"<!-- This site is optimized with the Yoast SEO Premium plugin v23.2 (Yoast SEO v26.8) - https:\/\/yoast.com\/product\/yoast-seo-premium-wordpress\/ -->\n<title>African Grey Parrot for Sale | Tropical Wings Birds<\/title>\n<meta name=\"description\" content=\"Buy a african grey parrot from a trusted breeder. Hand-fed, health-certified, closed-leg-ringed with full documentation. Worldwide shipping available.\" \/>\n<meta name=\"robots\" content=\"index, follow, max-snippet:-1, max-image-preview:large, max-video-preview:-1\" \/>\n<link rel=\"canonical\" href=\"https:\/\/tropicalwingsbirds.shop\/pt\/comprar\/papagaio-cinza-africano-online\/\" \/>\n<meta property=\"og:locale\" content=\"pt_PT\" \/>\n<meta property=\"og:type\" content=\"article\" \/>\n<meta property=\"og:title\" content=\"African Grey Parrot Online\" \/>\n<meta property=\"og:description\" content=\"Buy a african grey parrot from a trusted breeder. Hand-fed, health-certified, closed-leg-ringed with full documentation. Worldwide shipping available.\" \/>\n<meta property=\"og:url\" content=\"https:\/\/tropicalwingsbirds.shop\/pt\/comprar\/papagaio-cinza-africano-online\/\" \/>\n<meta property=\"og:site_name\" content=\"Tropical Wings Birds\" \/>\n<meta property=\"article:publisher\" content=\"https:\/\/web.facebook.com\/profile.php?id=61551502767851&amp;mibextid=2JQ9oc&amp;_rdc=1&amp;_rdr\" \/>\n<meta property=\"article:modified_time\" content=\"2026-04-17T22:03:29+00:00\" \/>\n<meta property=\"og:image\" content=\"https:\/\/tropicalwingsbirds.shop\/wp-content\/uploads\/2023\/12\/CAM_11252020_1354-189.jpg\" \/>\n\t<meta property=\"og:image:width\" content=\"1080\" \/>\n\t<meta property=\"og:image:height\" content=\"1080\" \/>\n\t<meta property=\"og:image:type\" content=\"image\/jpeg\" \/>\n<meta name=\"twitter:card\" content=\"summary_large_image\" \/>\n<meta name=\"twitter:label1\" content=\"pre\u00e7o\" \/>\n\t<meta name=\"twitter:data1\" content=\"\" \/>\n\t<meta name=\"twitter:label2\" content=\"Disponibilidade\" \/>\n\t<meta name=\"twitter:data2\" content=\"Em stock\" \/>\n<script type=\"application\/ld+json\" class=\"yoast-schema-graph\">{\"@context\":\"https:\/\/schema.org\",\"@graph\":[{\"@type\":\"WebPage\",\"@id\":\"https:\/\/tropicalwingsbirds.shop\/shop\/african-grey-parrot-online\/\",\"url\":\"https:\/\/tropicalwingsbirds.shop\/shop\/african-grey-parrot-online\/\",\"name\":\"African Grey Parrot for Sale | Tropical Wings Birds\",\"isPartOf\":{\"@id\":\"https:\/\/tropicalwingsbirds.shop\/#website\"},\"primaryImageOfPage\":{\"@id\":\"https:\/\/tropicalwingsbirds.shop\/shop\/african-grey-parrot-online\/#primaryimage\"},\"image\":{\"@id\":\"https:\/\/tropicalwingsbirds.shop\/shop\/african-grey-parrot-online\/#primaryimage\"},\"thumbnailUrl\":\"https:\/\/tropicalwingsbirds.shop\/wp-content\/uploads\/2023\/12\/CAM_11252020_1354-189.jpg\",\"datePublished\":\"2023-12-03T14:05:00+00:00\",\"dateModified\":\"2026-04-17T22:03:29+00:00\",\"description\":\"Buy a african grey parrot from a trusted breeder. Hand-fed, health-certified, closed-leg-ringed with full documentation. Worldwide shipping available.\",\"breadcrumb\":{\"@id\":\"https:\/\/tropicalwingsbirds.shop\/shop\/african-grey-parrot-online\/#breadcrumb\"},\"inLanguage\":\"pt-PT\",\"potentialAction\":[{\"@type\":\"ReadAction\",\"target\":[\"https:\/\/tropicalwingsbirds.shop\/shop\/african-grey-parrot-online\/\"]}]},{\"@type\":\"ImageObject\",\"inLanguage\":\"pt-PT\",\"@id\":\"https:\/\/tropicalwingsbirds.shop\/shop\/african-grey-parrot-online\/#primaryimage\",\"url\":\"https:\/\/tropicalwingsbirds.shop\/wp-content\/uploads\/2023\/12\/CAM_11252020_1354-189.jpg\",\"contentUrl\":\"https:\/\/tropicalwingsbirds.shop\/wp-content\/uploads\/2023\/12\/CAM_11252020_1354-189.jpg\",\"width\":1080,\"height\":1080},{\"@type\":\"BreadcrumbList\",\"@id\":\"https:\/\/tropicalwingsbirds.shop\/shop\/african-grey-parrot-online\/#breadcrumb\",\"itemListElement\":[{\"@type\":\"ListItem\",\"position\":1,\"name\":\"Home\",\"item\":\"https:\/\/tropicalwingsbirds.shop\/\"},{\"@type\":\"ListItem\",\"position\":2,\"name\":\"Shop\",\"item\":\"https:\/\/tropicalwingsbirds.shop\/shop\/\"},{\"@type\":\"ListItem\",\"position\":3,\"name\":\"African Grey Parrot Online\"}]},{\"@type\":\"WebSite\",\"@id\":\"https:\/\/tropicalwingsbirds.shop\/#website\",\"url\":\"https:\/\/tropicalwingsbirds.shop\/\",\"name\":\"Tropical Wings Birds\",\"description\":\"Best Exotic birds breeders online\",\"publisher\":{\"@id\":\"https:\/\/tropicalwingsbirds.shop\/#organization\"},\"potentialAction\":[{\"@type\":\"SearchAction\",\"target\":{\"@type\":\"EntryPoint\",\"urlTemplate\":\"https:\/\/tropicalwingsbirds.shop\/?s={search_term_string}\"},\"query-input\":{\"@type\":\"PropertyValueSpecification\",\"valueRequired\":true,\"valueName\":\"search_term_string\"}}],\"inLanguage\":\"pt-PT\"},{\"@type\":[\"Organization\",\"Place\",\"PetStore\"],\"@id\":\"https:\/\/tropicalwingsbirds.shop\/#organization\",\"name\":\"Tropical Wings Birds Shop\",\"alternateName\":\"TPWB\",\"url\":\"https:\/\/tropicalwingsbirds.shop\/\",\"logo\":{\"@id\":\"https:\/\/tropicalwingsbirds.shop\/shop\/african-grey-parrot-online\/#local-main-organization-logo\"},\"image\":{\"@id\":\"https:\/\/tropicalwingsbirds.shop\/shop\/african-grey-parrot-online\/#local-main-organization-logo\"},\"sameAs\":[\"https:\/\/web.facebook.com\/profile.php?id=61551502767851&mibextid=2JQ9oc&_rdc=1&_rdr\"],\"description\":\"Tropical Wings Birds is your destination for exotic avian companionship. Our boutique aviary in United States offers a curated selection of vibrant tropical birds sourced from reputable breeders worldwide. With a focus on welfare and expertise, our dedicated team is here to guide you on your journey to finding the perfect feathered friend. Visit us today and experience the magic of avian companionship at Tropical Wings Birds.\",\"legalName\":\"Tropical Wings Birds\",\"foundingDate\":\"2019-02-14\",\"numberOfEmployees\":{\"@type\":\"QuantitativeValue\",\"minValue\":\"1\",\"maxValue\":\"10\"},\"address\":{\"@id\":\"https:\/\/tropicalwingsbirds.shop\/shop\/african-grey-parrot-online\/#local-main-place-address\"},\"geo\":{\"@type\":\"GeoCoordinates\",\"latitude\":\"40.5976725\",\"longitude\":\"-122.3716346\"},\"telephone\":[\"+1 707-733-4623\",\"+1 707-733-4623\"],\"contactPoint\":{\"@type\":\"ContactPoint\",\"telephone\":\"+1 707-733-4623\",\"email\":\"sales@tropicalwingsbirds.shop\"},\"openingHoursSpecification\":{\"@type\":\"OpeningHoursSpecification\",\"dayOfWeek\":[\"Monday\",\"Tuesday\",\"Wednesday\",\"Thursday\",\"Friday\",\"Saturday\",\"Sunday\"],\"opens\":\"00:00\",\"closes\":\"23:59\"},\"email\":\"sales@tropicalwingsbirds.shop\",\"faxNumber\":\"+1 707-733-4623\",\"areaServed\":\"United states, Porto Rico, Canada, Australia\",\"priceRange\":\"$\",\"currenciesAccepted\":\"USD, CAD, AUD,\",\"paymentAccepted\":\"Zelle, Paypal, Bitcoin, Apple pay, Credit cards, Bank transfers\"},{\"@type\":\"PostalAddress\",\"@id\":\"https:\/\/tropicalwingsbirds.shop\/shop\/african-grey-parrot-online\/#local-main-place-address\",\"streetAddress\":\"500 Hilltop Dr,\",\"addressLocality\":\"Redding\",\"postalCode\":\"96003\",\"addressRegion\":\"California\",\"addressCountry\":\"US\"},{\"@type\":\"ImageObject\",\"inLanguage\":\"pt-PT\",\"@id\":\"https:\/\/tropicalwingsbirds.shop\/shop\/african-grey-parrot-online\/#local-main-organization-logo\",\"url\":\"https:\/\/tropicalwingsbirds.shop\/wp-content\/uploads\/2024\/01\/tropical-wings-1.webp\",\"contentUrl\":\"https:\/\/tropicalwingsbirds.shop\/wp-content\/uploads\/2024\/01\/tropical-wings-1.webp\",\"width\":500,\"height\":500,\"caption\":\"Tropical Wings Birds Shop\"}]}<\/script>\n<meta property=\"product:price:currency\" content=\"USD\" \/>\n<meta property=\"og:availability\" content=\"instock\" \/>\n<meta property=\"product:availability\" content=\"instock\" \/>\n<meta property=\"product:condition\" content=\"new\" \/>\n<meta name=\"geo.placename\" content=\"Redding\" \/>\n<meta name=\"geo.position\" content=\"40.5976725;-122.3716346\" \/>\n<meta name=\"geo.region\" content=\"Estados Unidos\" \/>\n<!-- \/ Yoast SEO Premium plugin. -->","yoast_head_json":{"title":"African Grey Parrot for Sale | Tropical Wings Birds","description":"Buy a african grey parrot from a trusted breeder. Hand-fed, health-certified, closed-leg-ringed with full documentation. Worldwide shipping available.","robots":{"index":"index","follow":"follow","max-snippet":"max-snippet:-1","max-image-preview":"max-image-preview:large","max-video-preview":"max-video-preview:-1"},"canonical":"https:\/\/tropicalwingsbirds.shop\/pt\/comprar\/papagaio-cinza-africano-online\/","og_locale":"pt_PT","og_type":"article","og_title":"African Grey Parrot Online","og_description":"Buy a african grey parrot from a trusted breeder. Hand-fed, health-certified, closed-leg-ringed with full documentation. Worldwide shipping available.","og_url":"https:\/\/tropicalwingsbirds.shop\/pt\/comprar\/papagaio-cinza-africano-online\/","og_site_name":"Tropical Wings Birds","article_publisher":"https:\/\/web.facebook.com\/profile.php?id=61551502767851&mibextid=2JQ9oc&_rdc=1&_rdr","article_modified_time":"2026-04-17T22:03:29+00:00","og_image":[{"width":1080,"height":1080,"url":"https:\/\/tropicalwingsbirds.shop\/wp-content\/uploads\/2023\/12\/CAM_11252020_1354-189.jpg","type":"image\/jpeg"}],"twitter_card":"summary_large_image","twitter_misc":{"pre\u00e7o":"","Disponibilidade":"Em stock"},"schema":{"@context":"https:\/\/schema.org","@graph":[{"@type":"WebPage","@id":"https:\/\/tropicalwingsbirds.shop\/shop\/african-grey-parrot-online\/","url":"https:\/\/tropicalwingsbirds.shop\/shop\/african-grey-parrot-online\/","name":"African Grey Parrot for Sale | Tropical Wings Birds","isPartOf":{"@id":"https:\/\/tropicalwingsbirds.shop\/#website"},"primaryImageOfPage":{"@id":"https:\/\/tropicalwingsbirds.shop\/shop\/african-grey-parrot-online\/#primaryimage"},"image":{"@id":"https:\/\/tropicalwingsbirds.shop\/shop\/african-grey-parrot-online\/#primaryimage"},"thumbnailUrl":"https:\/\/tropicalwingsbirds.shop\/wp-content\/uploads\/2023\/12\/CAM_11252020_1354-189.jpg","datePublished":"2023-12-03T14:05:00+00:00","dateModified":"2026-04-17T22:03:29+00:00","description":"Buy a african grey parrot from a trusted breeder. Hand-fed, health-certified, closed-leg-ringed with full documentation. Worldwide shipping available.","breadcrumb":{"@id":"https:\/\/tropicalwingsbirds.shop\/shop\/african-grey-parrot-online\/#breadcrumb"},"inLanguage":"pt-PT","potentialAction":[{"@type":"ReadAction","target":["https:\/\/tropicalwingsbirds.shop\/shop\/african-grey-parrot-online\/"]}]},{"@type":"ImageObject","inLanguage":"pt-PT","@id":"https:\/\/tropicalwingsbirds.shop\/shop\/african-grey-parrot-online\/#primaryimage","url":"https:\/\/tropicalwingsbirds.shop\/wp-content\/uploads\/2023\/12\/CAM_11252020_1354-189.jpg","contentUrl":"https:\/\/tropicalwingsbirds.shop\/wp-content\/uploads\/2023\/12\/CAM_11252020_1354-189.jpg","width":1080,"height":1080},{"@type":"BreadcrumbList","@id":"https:\/\/tropicalwingsbirds.shop\/shop\/african-grey-parrot-online\/#breadcrumb","itemListElement":[{"@type":"ListItem","position":1,"name":"Home","item":"https:\/\/tropicalwingsbirds.shop\/"},{"@type":"ListItem","position":2,"name":"Shop","item":"https:\/\/tropicalwingsbirds.shop\/shop\/"},{"@type":"ListItem","position":3,"name":"African Grey Parrot Online"}]},{"@type":"WebSite","@id":"https:\/\/tropicalwingsbirds.shop\/#website","url":"https:\/\/tropicalwingsbirds.shop\/","name":"P\u00e1ssaros Asas Tropicais","description":"Melhores criadores de p\u00e1ssaros ex\u00f3ticos online","publisher":{"@id":"https:\/\/tropicalwingsbirds.shop\/#organization"},"potentialAction":[{"@type":"SearchAction","target":{"@type":"EntryPoint","urlTemplate":"https:\/\/tropicalwingsbirds.shop\/?s={search_term_string}"},"query-input":{"@type":"PropertyValueSpecification","valueRequired":true,"valueName":"search_term_string"}}],"inLanguage":"pt-PT"},{"@type":["Organization","Place","PetStore"],"@id":"https:\/\/tropicalwingsbirds.shop\/#organization","name":"Tropical Wings Birds Shop","alternateName":"TPWB","url":"https:\/\/tropicalwingsbirds.shop\/","logo":{"@id":"https:\/\/tropicalwingsbirds.shop\/shop\/african-grey-parrot-online\/#local-main-organization-logo"},"image":{"@id":"https:\/\/tropicalwingsbirds.shop\/shop\/african-grey-parrot-online\/#local-main-organization-logo"},"sameAs":["https:\/\/web.facebook.com\/profile.php?id=61551502767851&mibextid=2JQ9oc&_rdc=1&_rdr"],"description":"A Tropical Wings Birds \u00e9 o seu destino para a companhia de aves ex\u00f3ticas. Nosso avi\u00e1rio boutique nos Estados Unidos oferece uma sele\u00e7\u00e3o criteriosa de aves tropicais vibrantes, provenientes de criadores renomados em todo o mundo. Com foco em bem-estar e expertise, nossa equipe dedicada est\u00e1 aqui para gui\u00e1-lo em sua jornada para encontrar o amigo emplumado perfeito. Visite-nos hoje mesmo e vivencie a magia da companhia de aves na Tropical Wings Birds.","legalName":"Tropical Wings Birds","foundingDate":"2019-02-14","numberOfEmployees":{"@type":"QuantitativeValue","minValue":"1","maxValue":"10"},"address":{"@id":"https:\/\/tropicalwingsbirds.shop\/shop\/african-grey-parrot-online\/#local-main-place-address"},"geo":{"@type":"GeoCoordinates","latitude":"40.5976725","longitude":"-122.3716346"},"telephone":["+1 707-733-4623","+1 707-733-4623"],"contactPoint":{"@type":"ContactPoint","telephone":"+1 707-733-4623","email":"sales@tropicalwingsbirds.shop"},"openingHoursSpecification":{"@type":"OpeningHoursSpecification","dayOfWeek":["Monday","Tuesday","Wednesday","Thursday","Friday","Saturday","Sunday"],"opens":"00:00","closes":"23:59"},"email":"sales@tropicalwingsbirds.shop","faxNumber":"+1 707-733-4623","areaServed":"United states, Porto Rico, Canada, Australia","priceRange":"$","currenciesAccepted":"USD, CAD, AUD,","paymentAccepted":"Zelle, Paypal, Bitcoin, Apple pay, Credit cards, Bank transfers"},{"@type":"PostalAddress","@id":"https:\/\/tropicalwingsbirds.shop\/shop\/african-grey-parrot-online\/#local-main-place-address","streetAddress":"500 Hilltop Dr,","addressLocality":"Redding","postalCode":"96003","addressRegion":"California","addressCountry":"US"},{"@type":"ImageObject","inLanguage":"pt-PT","@id":"https:\/\/tropicalwingsbirds.shop\/shop\/african-grey-parrot-online\/#local-main-organization-logo","url":"https:\/\/tropicalwingsbirds.shop\/wp-content\/uploads\/2024\/01\/tropical-wings-1.webp","contentUrl":"https:\/\/tropicalwingsbirds.shop\/wp-content\/uploads\/2024\/01\/tropical-wings-1.webp","width":500,"height":500,"caption":"Tropical Wings Birds Shop"}]},"product_price_currency":"USD","og_availability":"instock","product_availability":"instock","product_condition":"new","geo.placename":"Redding","geo.position":{"lat":"40.5976725","long":"-122.3716346"},"geo.region":"Estados Unidos"},"jetpack_sharing_enabled":true,"_links":{"self":[{"href":"https:\/\/tropicalwingsbirds.shop\/pt\/wp-json\/wp\/v2\/product\/546","targetHints":{"allow":["GET"]}}],"collection":[{"href":"https:\/\/tropicalwingsbirds.shop\/pt\/wp-json\/wp\/v2\/product"}],"about":[{"href":"https:\/\/tropicalwingsbirds.shop\/pt\/wp-json\/wp\/v2\/types\/product"}],"replies":[{"embeddable":true,"href":"https:\/\/tropicalwingsbirds.shop\/pt\/wp-json\/wp\/v2\/comments?post=546"}],"wp:featuredmedia":[{"embeddable":true,"href":"https:\/\/tropicalwingsbirds.shop\/pt\/wp-json\/wp\/v2\/media\/566"}],"wp:attachment":[{"href":"https:\/\/tropicalwingsbirds.shop\/pt\/wp-json\/wp\/v2\/media?parent=546"}],"wp:term":[{"taxonomy":"product_brand","embeddable":true,"href":"https:\/\/tropicalwingsbirds.shop\/pt\/wp-json\/wp\/v2\/product_brand?post=546"},{"taxonomy":"product_cat","embeddable":true,"href":"https:\/\/tropicalwingsbirds.shop\/pt\/wp-json\/wp\/v2\/product_cat?post=546"},{"taxonomy":"product_tag","embeddable":true,"href":"https:\/\/tropicalwingsbirds.shop\/pt\/wp-json\/wp\/v2\/product_tag?post=546"}],"curies":[{"name":"wp","href":"https:\/\/api.w.org\/{rel}","templated":true}]}}