{"id":574,"date":"2023-12-03T14:05:58","date_gmt":"2023-12-03T14:05:58","guid":{"rendered":"https:\/\/tropicalwingsbirds.shop\/?post_type=product&#038;p=574"},"modified":"2026-04-17T22:03:32","modified_gmt":"2026-04-17T22:03:32","slug":"ringneck-indiano-a-venda","status":"publish","type":"product","link":"https:\/\/tropicalwingsbirds.shop\/pt\/comprar\/ringneck-indiano-a-venda\/","title":{"rendered":"Ringneck indiano \u00e0 venda"},"content":{"rendered":"<h1>Ringneck indiano \u00e0 venda<\/h1>\n<p>O periquito-de-colar, tamb\u00e9m conhecido como periquito-de-colar, \u00e9 um papagaio de m\u00e9dio porte do g\u00eanero Psittacula. Periquito-de-colar-indiano \u00e0 venda.<\/p>\n<p>A colora\u00e7\u00e3o normal do macho de Ringneck Indiano \u00e0 venda \u00e9 um verde geral, com a regi\u00e3o inferior do abd\u00f4men mais clara e a parte de tr\u00e1s da cabe\u00e7a com um tom azulado. Um anel preto percorre o queixo e a bochecha. Ali, ele se funde a um colar rosa com um pouco de azul na nuca. As penas centrais da cauda s\u00e3o azuladas, com pontas verde-amareladas, e as penas externas da cauda s\u00e3o verdes. A mand\u00edbula superior do bico \u00e9 vermelho-alaranjada e a inferior \u00e9 preta. Atrav\u00e9s da reprodu\u00e7\u00e3o dom\u00e9stica, h\u00e1 uma grande variedade de varia\u00e7\u00f5es de cores, ou muta\u00e7\u00f5es, dispon\u00edveis.<br \/> A f\u00eamea e o macho imaturo n\u00e3o apresentam anel preto, colar rosa ou colora\u00e7\u00e3o azulada na parte posterior da cabe\u00e7a. Os filhotes atingem a plumagem adulta ap\u00f3s a segunda muda completa, por volta dos 3 anos de idade. Essas aves crescem at\u00e9 40 cm (16 polegadas).<\/p>\n<p>&nbsp;<\/p>\n<h2>Cuidados e Alimenta\u00e7\u00e3o<\/h2>\n<p>Alimentos frescos e \u00e1gua devem ser fornecidos diariamente.<br \/> Na natureza, os periquitos-de-colar-indianos \u00e0 venda se alimentam de uma variedade de sementes, bagas, frutas, nozes, flores e n\u00e9ctar. Al\u00e9m desses alimentos, voc\u00ea pode oferecer vegetais e ra\u00e7\u00e3o comercial. Eles tamb\u00e9m apreciam os mesmos alimentos nutritivos que os humanos, incluindo frango cozido. Feij\u00e3o, arroz e gr\u00e3os cozidos tamb\u00e9m s\u00e3o apreciados, mas alimentos macios como esses estragam em cerca de 4 horas. Uma borrifada ocasional de pain\u00e7o \u00e9 um bom agrado.<\/p>\n<p>Se notar qualquer comportamento agressivo, \u00e9 melhor evitar repreend\u00ea-lo, pois o p\u00e1ssaro pode desenvolver medo de pessoas para o resto da vida. A melhor maneira de lidar com esse p\u00e1ssaro \u00e9 ignorar o mau comportamento e usar refor\u00e7o positivo para o bom comportamento.<\/p>\n<p>A gaiola para este p\u00e1ssaro precisa ser maior do que voc\u00ea imagina. Ela deve acomodar sua cauda longa e permitir que o p\u00e1ssaro pule e brinque quando voc\u00ea n\u00e3o estiver por perto. Certifique-se de que o espa\u00e7amento entre as barras para um periquito-de-colar-indiano n\u00e3o seja grande o suficiente para que ele fique preso ou escape; o tamanho ideal \u00e9 de 1,25 a 1,5 cm.<\/p>\n<h3>Manuten\u00e7\u00e3o do Ringneck Indiano<\/h3>\n<p>Os cuidados b\u00e1sicos com a gaiola incluem a limpeza di\u00e1ria dos recipientes de \u00e1gua e comida. Semanalmente, voc\u00ea deve lavar todos os poleiros e brinquedos sujos, e o piso deve ser lavado a cada duas semanas. Uma lavagem completa com mangueira e desinfec\u00e7\u00e3o do avi\u00e1rio deve ser feita anualmente, substituindo tudo o que precisar ser limpo, como recipientes, brinquedos e poleiros velhos.<\/p>\n<h4>Comportamentos Sociais<\/h4>\n<p>Na natureza, essas aves vivem em bandos e s\u00e3o muito soci\u00e1veis. Possuem um temperamento agrad\u00e1vel, mas desenvolvem o h\u00e1bito de gritar se provocadas.<\/p>\n<p><a href=\"https:\/\/mozillabirdsfarm.com\/product-category\/cockatiels-parrots\/\">Periquitos indianos de pesco\u00e7o anelado<\/a> Podem ser animais de estima\u00e7\u00e3o d\u00f3ceis e mansos, mas n\u00e3o permanecer\u00e3o assim se forem negligenciados. Se brincarem com eles todos os dias, podem ser companheiros amorosos e leais. Se negligenciados, voc\u00ea pode ter um mordedor em suas m\u00e3os. Estes podem n\u00e3o ser os melhores p\u00e1ssaros para crian\u00e7as, j\u00e1 que os ring necks tendem a ser sens\u00edveis a como\u00e7\u00f5es, incluindo sustos noturnos (bater-se na gaiola durante a noite como se estivesse assustado). <a href=\"https:\/\/timiesbirds.com\/product\/indian-ringneck-for-sale\/\">Periquito-de-colar-rosa \u00e0 venda<\/a> n\u00e3o s\u00e3o p\u00e1ssaros t\u00edmidos e se d\u00e3o melhor com um dono que aprecia um companheiro extrovertido que n\u00e3o tem medo de exigir o que quer!<\/p>\n<h5>Manuseio\/Treinamento<\/h5>\n<p>O periquito-de-colar-indiano \u00e9 inteligente! Al\u00e9m de aprender a falar, esses periquitos-de-colar-indianos s\u00e3o conhecidos por serem \u00f3timos em aprender truques. Alguns aprenderam a enfiar contas em uma corda, girar gravetos na cabe\u00e7a, tocar um sino e pegar objetos selecionados.<\/p>\n<p><a href=\"https:\/\/timiesbirds.com\/product\/indian-ringneck-for-sale\/\">COMPRE RINGNECK INDIANO ONLINE<\/a><\/p>","protected":false},"excerpt":{"rendered":"<p>Temos papagaios-de-colar machos e f\u00eameas \u00e0 venda, de 3 a 11 meses de idade. Testados quanto ao DNA, com rigorosos testes de sa\u00fade e certificado veterin\u00e1rio. S\u00e3o fofos e muito amig\u00e1veis. Adoram ser segurados, acariciados e sobem em voc\u00ea. Foram criados \u00e0 m\u00e3o desde muito jovens, por isso s\u00e3o muito amig\u00e1veis e d\u00f3ceis com todos, inclusive crian\u00e7as.<\/p>\n<p>-Cores dispon\u00edveis <em><span style=\"font-family: georgia, palatino, serif\"><strong>Verde, Amarelo, Cinza, Branco, Violeta e Azul\u00a0<\/strong><\/span><\/em> ( <span style=\"font-family: georgia, palatino, serif\"><em>Observe a prefer\u00eancia de cor ao fazer seu pedido)<\/em> <\/span><\/p>","protected":false},"featured_media":612,"comment_status":"closed","ping_status":"closed","template":"","meta":{"site-sidebar-layout":"","site-content-layout":"","ast-site-content-layout":"","site-content-style":"","site-sidebar-style":"","ast-global-header-display":"","ast-banner-title-visibility":"","ast-main-header-display":"","ast-hfb-above-header-display":"","ast-hfb-below-header-display":"","ast-hfb-mobile-header-display":"","site-post-title":"","ast-breadcrumbs-content":"","ast-featured-img":"","footer-sml-layout":"","theme-transparent-header-meta":"","adv-header-id-meta":"","stick-header-meta":"","header-above-stick-meta":"","header-main-stick-meta":"","header-below-stick-meta":"","astra-migrate-meta-layouts":"","ast-page-background-enabled":"default","ast-page-background-meta":{"desktop":{"background-color":"var(--ast-global-color-4)","background-image":"","background-repeat":"repeat","background-position":"center center","background-size":"auto","background-attachment":"scroll","background-type":"","background-media":"","overlay-type":"","overlay-color":"","overlay-opacity":"","overlay-gradient":""},"tablet":{"background-color":"","background-image":"","background-repeat":"repeat","background-position":"center center","background-size":"auto","background-attachment":"scroll","background-type":"","background-media":"","overlay-type":"","overlay-color":"","overlay-opacity":"","overlay-gradient":""},"mobile":{"background-color":"","background-image":"","background-repeat":"repeat","background-position":"center center","background-size":"auto","background-attachment":"scroll","background-type":"","background-media":"","overlay-type":"","overlay-color":"","overlay-opacity":"","overlay-gradient":""}},"ast-content-background-meta":{"desktop":{"background-color":"var(--ast-global-color-5)","background-image":"","background-repeat":"repeat","background-position":"center center","background-size":"auto","background-attachment":"scroll","background-type":"","background-media":"","overlay-type":"","overlay-color":"","overlay-opacity":"","overlay-gradient":""},"tablet":{"background-color":"var(--ast-global-color-5)","background-image":"","background-repeat":"repeat","background-position":"center center","background-size":"auto","background-attachment":"scroll","background-type":"","background-media":"","overlay-type":"","overlay-color":"","overlay-opacity":"","overlay-gradient":""},"mobile":{"background-color":"var(--ast-global-color-5)","background-image":"","background-repeat":"repeat","background-position":"center center","background-size":"auto","background-attachment":"scroll","background-type":"","background-media":"","overlay-type":"","overlay-color":"","overlay-opacity":"","overlay-gradient":""}}},"product_brand":[],"product_cat":[2301],"product_tag":[129,130,131,132,133,134,135,136,137,138,139,140,141,142,143,144,145,146,147,148,149,150,151,152,153,154],"class_list":{"0":"post-574","1":"product","2":"type-product","3":"status-publish","4":"has-post-thumbnail","6":"product_cat-indian-ring-neck-2","7":"product_tag-can-indian-ringnecks-eat-eggs","8":"product_tag-how-long-for-indian-ringneck-eggs-to-hatch","9":"product_tag-how-to-tell-if-indian-ringneck-eggs-are-fertile","10":"product_tag-indian-ringneck-for-sale","11":"product_tag-indian-ringneck-for-sale-adoption-near-me","12":"product_tag-indian-ringneck-for-sale-arizona","13":"product_tag-indian-ringneck-for-sale-az","14":"product_tag-indian-ringneck-for-sale-bay-area","15":"product_tag-indian-ringneck-for-sale-cheap","16":"product_tag-indian-ringneck-for-sale-chicago","17":"product_tag-indian-ringneck-for-sale-craigslist","18":"product_tag-indian-ringneck-for-sale-dallas","19":"product_tag-indian-ringneck-for-sale-florida","20":"product_tag-indian-ringneck-for-sale-ga","21":"product_tag-indian-ringneck-for-sale-hawaii","22":"product_tag-indian-ringneck-for-sale-indiana","23":"product_tag-indian-ringneck-for-sale-miami","24":"product_tag-indian-ringneck-for-sale-michigan","25":"product_tag-indian-ringneck-for-sale-mn","26":"product_tag-indian-ringneck-for-sale-nc","27":"product_tag-indian-ringneck-for-sale-ohio","28":"product_tag-indian-ringneck-for-sale-tampa","29":"product_tag-indian-ringneck-for-sale-texas","30":"product_tag-indian-ringneck-parrot-for-sale-in-malaysia","31":"product_tag-indian-ringneck-parrot-for-sale-in-uae","32":"product_tag-indian-ringneck-parrot-for-sale-uk","33":"desktop-align-left","34":"tablet-align-left","35":"mobile-align-left","36":"ast-product-gallery-layout-horizontal-slider","37":"ast-product-tabs-layout-horizontal","38":"ast-qv-on-image","40":"first","41":"instock","42":"shipping-taxable","43":"product-type-simple"},"yoast_head":"<!-- This site is optimized with the Yoast SEO Premium plugin v23.2 (Yoast SEO v26.8) - https:\/\/yoast.com\/product\/yoast-seo-premium-wordpress\/ -->\n<title>Indian Ringneck for Sale | Tropical Wings Birds<\/title>\n<meta name=\"description\" content=\"Buy a indian ringneck from a trusted breeder. Hand-fed, health-certified, closed-leg-ringed with full documentation. Worldwide shipping available.\" \/>\n<meta name=\"robots\" content=\"index, follow, max-snippet:-1, max-image-preview:large, max-video-preview:-1\" \/>\n<link rel=\"canonical\" href=\"https:\/\/tropicalwingsbirds.shop\/pt\/comprar\/ringneck-indiano-a-venda\/\" \/>\n<meta property=\"og:locale\" content=\"pt_PT\" \/>\n<meta property=\"og:type\" content=\"article\" \/>\n<meta property=\"og:title\" content=\"Indian Ringneck for sale\" \/>\n<meta property=\"og:description\" content=\"Buy a indian ringneck from a trusted breeder. Hand-fed, health-certified, closed-leg-ringed with full documentation. Worldwide shipping available.\" \/>\n<meta property=\"og:url\" content=\"https:\/\/tropicalwingsbirds.shop\/pt\/comprar\/ringneck-indiano-a-venda\/\" \/>\n<meta property=\"og:site_name\" content=\"Tropical Wings Birds\" \/>\n<meta property=\"article:publisher\" content=\"https:\/\/web.facebook.com\/profile.php?id=61551502767851&amp;mibextid=2JQ9oc&amp;_rdc=1&amp;_rdr\" \/>\n<meta property=\"article:modified_time\" content=\"2026-04-17T22:03:32+00:00\" \/>\n<meta property=\"og:image\" content=\"https:\/\/tropicalwingsbirds.shop\/wp-content\/uploads\/2023\/12\/WhatsApp-Image-2021-09-17-at-13.34.44.jpeg\" \/>\n\t<meta property=\"og:image:width\" content=\"1024\" \/>\n\t<meta property=\"og:image:height\" content=\"1024\" \/>\n\t<meta property=\"og:image:type\" content=\"image\/jpeg\" \/>\n<meta name=\"twitter:card\" content=\"summary_large_image\" \/>\n<meta name=\"twitter:label1\" content=\"pre\u00e7o\" \/>\n\t<meta name=\"twitter:data1\" content=\"\" \/>\n\t<meta name=\"twitter:label2\" content=\"Disponibilidade\" \/>\n\t<meta name=\"twitter:data2\" content=\"Em stock\" \/>\n<script type=\"application\/ld+json\" class=\"yoast-schema-graph\">{\"@context\":\"https:\/\/schema.org\",\"@graph\":[{\"@type\":\"WebPage\",\"@id\":\"https:\/\/tropicalwingsbirds.shop\/shop\/indian-ringneck-for-sale\/\",\"url\":\"https:\/\/tropicalwingsbirds.shop\/shop\/indian-ringneck-for-sale\/\",\"name\":\"Indian Ringneck for Sale | Tropical Wings Birds\",\"isPartOf\":{\"@id\":\"https:\/\/tropicalwingsbirds.shop\/#website\"},\"primaryImageOfPage\":{\"@id\":\"https:\/\/tropicalwingsbirds.shop\/shop\/indian-ringneck-for-sale\/#primaryimage\"},\"image\":{\"@id\":\"https:\/\/tropicalwingsbirds.shop\/shop\/indian-ringneck-for-sale\/#primaryimage\"},\"thumbnailUrl\":\"https:\/\/tropicalwingsbirds.shop\/wp-content\/uploads\/2023\/12\/WhatsApp-Image-2021-09-17-at-13.34.44.jpeg\",\"datePublished\":\"2023-12-03T14:05:58+00:00\",\"dateModified\":\"2026-04-17T22:03:32+00:00\",\"description\":\"Buy a indian ringneck from a trusted breeder. Hand-fed, health-certified, closed-leg-ringed with full documentation. Worldwide shipping available.\",\"breadcrumb\":{\"@id\":\"https:\/\/tropicalwingsbirds.shop\/shop\/indian-ringneck-for-sale\/#breadcrumb\"},\"inLanguage\":\"pt-PT\",\"potentialAction\":[{\"@type\":\"ReadAction\",\"target\":[\"https:\/\/tropicalwingsbirds.shop\/shop\/indian-ringneck-for-sale\/\"]}]},{\"@type\":\"ImageObject\",\"inLanguage\":\"pt-PT\",\"@id\":\"https:\/\/tropicalwingsbirds.shop\/shop\/indian-ringneck-for-sale\/#primaryimage\",\"url\":\"https:\/\/tropicalwingsbirds.shop\/wp-content\/uploads\/2023\/12\/WhatsApp-Image-2021-09-17-at-13.34.44.jpeg\",\"contentUrl\":\"https:\/\/tropicalwingsbirds.shop\/wp-content\/uploads\/2023\/12\/WhatsApp-Image-2021-09-17-at-13.34.44.jpeg\",\"width\":1024,\"height\":1024},{\"@type\":\"BreadcrumbList\",\"@id\":\"https:\/\/tropicalwingsbirds.shop\/shop\/indian-ringneck-for-sale\/#breadcrumb\",\"itemListElement\":[{\"@type\":\"ListItem\",\"position\":1,\"name\":\"Home\",\"item\":\"https:\/\/tropicalwingsbirds.shop\/\"},{\"@type\":\"ListItem\",\"position\":2,\"name\":\"Shop\",\"item\":\"https:\/\/tropicalwingsbirds.shop\/shop\/\"},{\"@type\":\"ListItem\",\"position\":3,\"name\":\"Indian Ringneck for sale\"}]},{\"@type\":\"WebSite\",\"@id\":\"https:\/\/tropicalwingsbirds.shop\/#website\",\"url\":\"https:\/\/tropicalwingsbirds.shop\/\",\"name\":\"Tropical Wings Birds\",\"description\":\"Best Exotic birds breeders online\",\"publisher\":{\"@id\":\"https:\/\/tropicalwingsbirds.shop\/#organization\"},\"potentialAction\":[{\"@type\":\"SearchAction\",\"target\":{\"@type\":\"EntryPoint\",\"urlTemplate\":\"https:\/\/tropicalwingsbirds.shop\/?s={search_term_string}\"},\"query-input\":{\"@type\":\"PropertyValueSpecification\",\"valueRequired\":true,\"valueName\":\"search_term_string\"}}],\"inLanguage\":\"pt-PT\"},{\"@type\":[\"Organization\",\"Place\",\"PetStore\"],\"@id\":\"https:\/\/tropicalwingsbirds.shop\/#organization\",\"name\":\"Tropical Wings Birds Shop\",\"alternateName\":\"TPWB\",\"url\":\"https:\/\/tropicalwingsbirds.shop\/\",\"logo\":{\"@id\":\"https:\/\/tropicalwingsbirds.shop\/shop\/indian-ringneck-for-sale\/#local-main-organization-logo\"},\"image\":{\"@id\":\"https:\/\/tropicalwingsbirds.shop\/shop\/indian-ringneck-for-sale\/#local-main-organization-logo\"},\"sameAs\":[\"https:\/\/web.facebook.com\/profile.php?id=61551502767851&mibextid=2JQ9oc&_rdc=1&_rdr\"],\"description\":\"Tropical Wings Birds is your destination for exotic avian companionship. Our boutique aviary in United States offers a curated selection of vibrant tropical birds sourced from reputable breeders worldwide. With a focus on welfare and expertise, our dedicated team is here to guide you on your journey to finding the perfect feathered friend. Visit us today and experience the magic of avian companionship at Tropical Wings Birds.\",\"legalName\":\"Tropical Wings Birds\",\"foundingDate\":\"2019-02-14\",\"numberOfEmployees\":{\"@type\":\"QuantitativeValue\",\"minValue\":\"1\",\"maxValue\":\"10\"},\"address\":{\"@id\":\"https:\/\/tropicalwingsbirds.shop\/shop\/indian-ringneck-for-sale\/#local-main-place-address\"},\"geo\":{\"@type\":\"GeoCoordinates\",\"latitude\":\"40.5976725\",\"longitude\":\"-122.3716346\"},\"telephone\":[\"+1 707-733-4623\",\"+1 707-733-4623\"],\"contactPoint\":{\"@type\":\"ContactPoint\",\"telephone\":\"+1 707-733-4623\",\"email\":\"sales@tropicalwingsbirds.shop\"},\"openingHoursSpecification\":{\"@type\":\"OpeningHoursSpecification\",\"dayOfWeek\":[\"Monday\",\"Tuesday\",\"Wednesday\",\"Thursday\",\"Friday\",\"Saturday\",\"Sunday\"],\"opens\":\"00:00\",\"closes\":\"23:59\"},\"email\":\"sales@tropicalwingsbirds.shop\",\"faxNumber\":\"+1 707-733-4623\",\"areaServed\":\"United states, Porto Rico, Canada, Australia\",\"priceRange\":\"$\",\"currenciesAccepted\":\"USD, CAD, AUD,\",\"paymentAccepted\":\"Zelle, Paypal, Bitcoin, Apple pay, Credit cards, Bank transfers\"},{\"@type\":\"PostalAddress\",\"@id\":\"https:\/\/tropicalwingsbirds.shop\/shop\/indian-ringneck-for-sale\/#local-main-place-address\",\"streetAddress\":\"500 Hilltop Dr,\",\"addressLocality\":\"Redding\",\"postalCode\":\"96003\",\"addressRegion\":\"California\",\"addressCountry\":\"US\"},{\"@type\":\"ImageObject\",\"inLanguage\":\"pt-PT\",\"@id\":\"https:\/\/tropicalwingsbirds.shop\/shop\/indian-ringneck-for-sale\/#local-main-organization-logo\",\"url\":\"https:\/\/tropicalwingsbirds.shop\/wp-content\/uploads\/2024\/01\/tropical-wings-1.webp\",\"contentUrl\":\"https:\/\/tropicalwingsbirds.shop\/wp-content\/uploads\/2024\/01\/tropical-wings-1.webp\",\"width\":500,\"height\":500,\"caption\":\"Tropical Wings Birds Shop\"}]}<\/script>\n<meta property=\"product:price:currency\" content=\"USD\" \/>\n<meta property=\"og:availability\" content=\"instock\" \/>\n<meta property=\"product:availability\" content=\"instock\" \/>\n<meta property=\"product:condition\" content=\"new\" \/>\n<meta name=\"geo.placename\" content=\"Redding\" \/>\n<meta name=\"geo.position\" content=\"40.5976725;-122.3716346\" \/>\n<meta name=\"geo.region\" content=\"Estados Unidos\" \/>\n<!-- \/ Yoast SEO Premium plugin. -->","yoast_head_json":{"title":"Indian Ringneck for Sale | Tropical Wings Birds","description":"Buy a indian ringneck from a trusted breeder. Hand-fed, health-certified, closed-leg-ringed with full documentation. Worldwide shipping available.","robots":{"index":"index","follow":"follow","max-snippet":"max-snippet:-1","max-image-preview":"max-image-preview:large","max-video-preview":"max-video-preview:-1"},"canonical":"https:\/\/tropicalwingsbirds.shop\/pt\/comprar\/ringneck-indiano-a-venda\/","og_locale":"pt_PT","og_type":"article","og_title":"Indian Ringneck for sale","og_description":"Buy a indian ringneck from a trusted breeder. Hand-fed, health-certified, closed-leg-ringed with full documentation. Worldwide shipping available.","og_url":"https:\/\/tropicalwingsbirds.shop\/pt\/comprar\/ringneck-indiano-a-venda\/","og_site_name":"Tropical Wings Birds","article_publisher":"https:\/\/web.facebook.com\/profile.php?id=61551502767851&mibextid=2JQ9oc&_rdc=1&_rdr","article_modified_time":"2026-04-17T22:03:32+00:00","og_image":[{"width":1024,"height":1024,"url":"https:\/\/tropicalwingsbirds.shop\/wp-content\/uploads\/2023\/12\/WhatsApp-Image-2021-09-17-at-13.34.44.jpeg","type":"image\/jpeg"}],"twitter_card":"summary_large_image","twitter_misc":{"pre\u00e7o":"","Disponibilidade":"Em stock"},"schema":{"@context":"https:\/\/schema.org","@graph":[{"@type":"WebPage","@id":"https:\/\/tropicalwingsbirds.shop\/shop\/indian-ringneck-for-sale\/","url":"https:\/\/tropicalwingsbirds.shop\/shop\/indian-ringneck-for-sale\/","name":"Indian Ringneck for Sale | Tropical Wings Birds","isPartOf":{"@id":"https:\/\/tropicalwingsbirds.shop\/#website"},"primaryImageOfPage":{"@id":"https:\/\/tropicalwingsbirds.shop\/shop\/indian-ringneck-for-sale\/#primaryimage"},"image":{"@id":"https:\/\/tropicalwingsbirds.shop\/shop\/indian-ringneck-for-sale\/#primaryimage"},"thumbnailUrl":"https:\/\/tropicalwingsbirds.shop\/wp-content\/uploads\/2023\/12\/WhatsApp-Image-2021-09-17-at-13.34.44.jpeg","datePublished":"2023-12-03T14:05:58+00:00","dateModified":"2026-04-17T22:03:32+00:00","description":"Buy a indian ringneck from a trusted breeder. Hand-fed, health-certified, closed-leg-ringed with full documentation. Worldwide shipping available.","breadcrumb":{"@id":"https:\/\/tropicalwingsbirds.shop\/shop\/indian-ringneck-for-sale\/#breadcrumb"},"inLanguage":"pt-PT","potentialAction":[{"@type":"ReadAction","target":["https:\/\/tropicalwingsbirds.shop\/shop\/indian-ringneck-for-sale\/"]}]},{"@type":"ImageObject","inLanguage":"pt-PT","@id":"https:\/\/tropicalwingsbirds.shop\/shop\/indian-ringneck-for-sale\/#primaryimage","url":"https:\/\/tropicalwingsbirds.shop\/wp-content\/uploads\/2023\/12\/WhatsApp-Image-2021-09-17-at-13.34.44.jpeg","contentUrl":"https:\/\/tropicalwingsbirds.shop\/wp-content\/uploads\/2023\/12\/WhatsApp-Image-2021-09-17-at-13.34.44.jpeg","width":1024,"height":1024},{"@type":"BreadcrumbList","@id":"https:\/\/tropicalwingsbirds.shop\/shop\/indian-ringneck-for-sale\/#breadcrumb","itemListElement":[{"@type":"ListItem","position":1,"name":"Home","item":"https:\/\/tropicalwingsbirds.shop\/"},{"@type":"ListItem","position":2,"name":"Shop","item":"https:\/\/tropicalwingsbirds.shop\/shop\/"},{"@type":"ListItem","position":3,"name":"Indian Ringneck for sale"}]},{"@type":"WebSite","@id":"https:\/\/tropicalwingsbirds.shop\/#website","url":"https:\/\/tropicalwingsbirds.shop\/","name":"P\u00e1ssaros Asas Tropicais","description":"Melhores criadores de p\u00e1ssaros ex\u00f3ticos online","publisher":{"@id":"https:\/\/tropicalwingsbirds.shop\/#organization"},"potentialAction":[{"@type":"SearchAction","target":{"@type":"EntryPoint","urlTemplate":"https:\/\/tropicalwingsbirds.shop\/?s={search_term_string}"},"query-input":{"@type":"PropertyValueSpecification","valueRequired":true,"valueName":"search_term_string"}}],"inLanguage":"pt-PT"},{"@type":["Organization","Place","PetStore"],"@id":"https:\/\/tropicalwingsbirds.shop\/#organization","name":"Tropical Wings Birds Shop","alternateName":"TPWB","url":"https:\/\/tropicalwingsbirds.shop\/","logo":{"@id":"https:\/\/tropicalwingsbirds.shop\/shop\/indian-ringneck-for-sale\/#local-main-organization-logo"},"image":{"@id":"https:\/\/tropicalwingsbirds.shop\/shop\/indian-ringneck-for-sale\/#local-main-organization-logo"},"sameAs":["https:\/\/web.facebook.com\/profile.php?id=61551502767851&mibextid=2JQ9oc&_rdc=1&_rdr"],"description":"A Tropical Wings Birds \u00e9 o seu destino para a companhia de aves ex\u00f3ticas. Nosso avi\u00e1rio boutique nos Estados Unidos oferece uma sele\u00e7\u00e3o criteriosa de aves tropicais vibrantes, provenientes de criadores renomados em todo o mundo. Com foco em bem-estar e expertise, nossa equipe dedicada est\u00e1 aqui para gui\u00e1-lo em sua jornada para encontrar o amigo emplumado perfeito. Visite-nos hoje mesmo e vivencie a magia da companhia de aves na Tropical Wings Birds.","legalName":"Tropical Wings Birds","foundingDate":"2019-02-14","numberOfEmployees":{"@type":"QuantitativeValue","minValue":"1","maxValue":"10"},"address":{"@id":"https:\/\/tropicalwingsbirds.shop\/shop\/indian-ringneck-for-sale\/#local-main-place-address"},"geo":{"@type":"GeoCoordinates","latitude":"40.5976725","longitude":"-122.3716346"},"telephone":["+1 707-733-4623","+1 707-733-4623"],"contactPoint":{"@type":"ContactPoint","telephone":"+1 707-733-4623","email":"sales@tropicalwingsbirds.shop"},"openingHoursSpecification":{"@type":"OpeningHoursSpecification","dayOfWeek":["Monday","Tuesday","Wednesday","Thursday","Friday","Saturday","Sunday"],"opens":"00:00","closes":"23:59"},"email":"sales@tropicalwingsbirds.shop","faxNumber":"+1 707-733-4623","areaServed":"United states, Porto Rico, Canada, Australia","priceRange":"$","currenciesAccepted":"USD, CAD, AUD,","paymentAccepted":"Zelle, Paypal, Bitcoin, Apple pay, Credit cards, Bank transfers"},{"@type":"PostalAddress","@id":"https:\/\/tropicalwingsbirds.shop\/shop\/indian-ringneck-for-sale\/#local-main-place-address","streetAddress":"500 Hilltop Dr,","addressLocality":"Redding","postalCode":"96003","addressRegion":"California","addressCountry":"US"},{"@type":"ImageObject","inLanguage":"pt-PT","@id":"https:\/\/tropicalwingsbirds.shop\/shop\/indian-ringneck-for-sale\/#local-main-organization-logo","url":"https:\/\/tropicalwingsbirds.shop\/wp-content\/uploads\/2024\/01\/tropical-wings-1.webp","contentUrl":"https:\/\/tropicalwingsbirds.shop\/wp-content\/uploads\/2024\/01\/tropical-wings-1.webp","width":500,"height":500,"caption":"Tropical Wings Birds Shop"}]},"product_price_currency":"USD","og_availability":"instock","product_availability":"instock","product_condition":"new","geo.placename":"Redding","geo.position":{"lat":"40.5976725","long":"-122.3716346"},"geo.region":"Estados Unidos"},"jetpack_sharing_enabled":true,"_links":{"self":[{"href":"https:\/\/tropicalwingsbirds.shop\/pt\/wp-json\/wp\/v2\/product\/574","targetHints":{"allow":["GET"]}}],"collection":[{"href":"https:\/\/tropicalwingsbirds.shop\/pt\/wp-json\/wp\/v2\/product"}],"about":[{"href":"https:\/\/tropicalwingsbirds.shop\/pt\/wp-json\/wp\/v2\/types\/product"}],"replies":[{"embeddable":true,"href":"https:\/\/tropicalwingsbirds.shop\/pt\/wp-json\/wp\/v2\/comments?post=574"}],"wp:featuredmedia":[{"embeddable":true,"href":"https:\/\/tropicalwingsbirds.shop\/pt\/wp-json\/wp\/v2\/media\/612"}],"wp:attachment":[{"href":"https:\/\/tropicalwingsbirds.shop\/pt\/wp-json\/wp\/v2\/media?parent=574"}],"wp:term":[{"taxonomy":"product_brand","embeddable":true,"href":"https:\/\/tropicalwingsbirds.shop\/pt\/wp-json\/wp\/v2\/product_brand?post=574"},{"taxonomy":"product_cat","embeddable":true,"href":"https:\/\/tropicalwingsbirds.shop\/pt\/wp-json\/wp\/v2\/product_cat?post=574"},{"taxonomy":"product_tag","embeddable":true,"href":"https:\/\/tropicalwingsbirds.shop\/pt\/wp-json\/wp\/v2\/product_tag?post=574"}],"curies":[{"name":"wp","href":"https:\/\/api.w.org\/{rel}","templated":true}]}}